{"id":68520,"date":"2025-02-05T16:22:34","date_gmt":"2025-02-05T15:22:34","guid":{"rendered":"https:\/\/www.alldayled.com\/product\/strands-siberia-xp-led-bar-dr-32\/"},"modified":"2026-01-20T14:27:14","modified_gmt":"2026-01-20T13:27:14","slug":"strands-siberia-xp-led-bar-dr-32","status":"publish","type":"product","link":"https:\/\/www.alldayled.com\/de\/produkt\/strands-siberia-xp-led-bar-dr-32\/","title":{"rendered":"Strands Siberia XP LED bar DR &#8211; 32\u2033"},"content":{"rendered":"<p><span style=\"color: #000000;\"><strong>Strands Siberia XP LED bar double row 32 Zoll, f\u00fcr 12 und 24 Volt.<\/strong><\/span><\/p>\n<p><span style=\"color: #000000;\">Du suchst die perfekte LED bar f\u00fcr dein Auto, deinen LKW, SUV, Camper oder Traktor, bist dir aber nicht sicher, welche du w\u00e4hlen sollst? Die Siberia XP LED bar DR 32\u2033 k\u00f6nnte genau die richtige Wahl sein! Diese leistungsstarke LED bar ist mit einer DUAL COLOR Standlichtfunktion ausgestattet, mit der du zwischen WEISSEM oder GELBEM Licht wechseln kannst. Egal, ob du ein Fahrzeug mit 12 oder 24 Volt f\u00e4hrst, diese LED bar passt sich m\u00fchelos an. Au\u00dferdem ist die Strands Siberia XP LED bar mit den ECE R148- und R149-Pr\u00fcfzeichen zugelassen, sodass du sie problemlos im \u00f6ffentlichen Stra\u00dfenverkehr verwenden kannst.    <\/span><\/p>\n<p><span style=\"color: #000000;\">Du bist dir sicher, dass dies die richtige Lampe f\u00fcr dich ist? Keine Sorge! Wir haben die wichtigsten Spezifikationen f\u00fcr dich aufgelistet. Die Strands Siberia XP LED bar Double Row 32\u2033 ist nicht nur mit den ECE R148- und R149-Pr\u00fcfzeichen versehen, sondern auch aus robustem Aluminium gefertigt und hat eine Polycarbonat-Linse. Das macht die LED bar sowohl langlebig als auch f\u00fcr verschiedene Fahrzeuge geeignet. Kurz gesagt, diese LED bar bietet alles, was du suchst: Top-Qualit\u00e4t, gepr\u00fcfte Leistung und eine lange Lebensdauer!     <\/span><\/p>\n<h5><span style=\"color: #000000;\"><strong>Abmessungen:<\/strong><\/span><\/h5>\n<p><span style=\"color: #000000;\">Da du sicherstellen m\u00f6chtest, dass die Lampe dort passt, wo du sie montieren m\u00f6chtest, ist es wichtig, die Abmessungen zu kennen. Die Abmessungen der Strands Siberia XP LED bar Double Row 32\u2033 sind wie folgt: <\/span><\/p>\n<ul>\n<li><span style=\"color: #000000;\">H\u00f6he: 76 mm (96,6 mm inkl. Befestigung)<\/span><\/li>\n<li><span style=\"color: #000000;\">Breite: 820,4 mm<\/span><\/li>\n<li><span style=\"color: #000000;\">Dicke: 71,6 mm<\/span><\/li>\n<\/ul>\n<p><span style=\"color: #000000;\">Achtung, die Strands Siberia XP LED-Lampe wird standardm\u00e4\u00dfig mit einem Satz Befestigungsb\u00fcgel geliefert. Mit diesen B\u00fcgeln kannst du die Lampe von der R\u00fcckseite montieren. Um dir ein deutliches Bild davon zu vermitteln, was wir meinen, empfehlen wir dir, dir kurz Abbildung 7 anzusehen.  <\/span><\/p>\n<h5><span style=\"color: #000000;\"><strong>Weitere Abmessungen: <\/strong><\/span><\/h5>\n<p><span style=\"color: #000000;\">Du m\u00f6chtest zwar eine LED bar an deinem Auto, SUV, Camper oder LKW anbringen, aber die Strands Siberia XP LED bar Double Row 32 Zoll ist nicht ganz das, was du suchst? Vielleicht, weil die L\u00e4nge nicht perfekt f\u00fcr dein Fahrzeug ist?  Kein Problem! Strands bietet diesen leistungsstarken LED-Balken in verschiedenen Gr\u00f6\u00dfen an, sodass es immer eine passende Option f\u00fcr dich gibt. Sieh dir unten die verschiedenen M\u00f6glichkeiten an. <\/span><\/p>\n<ul>\n<li><span style=\"color: #000000;\"><a style=\"color: #000000;\" href=\"https:\/\/www.alldayled.com\/de\/produkt\/strands-siberia-xp-led-bar-dr-8\/\"><strong>Siberia XP DR 8 Zoll<\/strong><\/a><\/span><\/li>\n<li><span style=\"color: #000000;\"><a style=\"color: #000000;\" href=\"https:\/\/www.alldayled.com\/de\/produkt\/strands-siberia-xp-led-bar-dr-12\/\"><strong>Siberia XP DR 12 Zoll<\/strong><\/a><\/span><\/li>\n<li><span style=\"color: #000000;\"><a style=\"color: #000000;\" href=\"https:\/\/www.alldayled.com\/de\/produkt\/strands-siberia-xp-led-bar-dr-22\/\"><strong>Siberia XP DR 22 Zoll<\/strong><\/a><\/span><\/li>\n<li><span style=\"color: #000000;\"><a style=\"color: #000000;\" href=\"https:\/\/www.alldayled.com\/de\/produkt\/strands-siberia-xp-led-bar-dr-42\/\"><strong>Siberia XP DR 42 Zoll<\/strong><\/a><\/span><\/li>\n<li><span style=\"color: #000000;\"><a style=\"color: #000000;\" href=\"https:\/\/www.alldayled.com\/de\/produkt\/strands-siberia-xp-led-bar-dr-50\/\"><strong>Siberia XP DR 50 Zoll<\/strong><\/a><\/span><\/li>\n<\/ul>\n<p><span style=\"color: #000000;\">Du hast alle Informationen gelesen, bist aber immer noch unsicher, ob dies die richtige Lampe f\u00fcr dich ist? Vielleicht entsprechen die Lichtleistung, die Wattleistung oder die Form der Strands Siberia XP LED bar Double Row 32 Zoll nicht ganz deinen W\u00fcnschen. Keine Sorge!   Sehen Sie sich hier das gesamte <a style=\"color: #000000;\" href=\"https:\/\/www.alldayled.com\/de\/marke\/product-strands-lighting-division\/\" target=\"_blank\" rel=\"noopener\">Strands<\/a>-Sortiment an und entdecken Sie, ob dort das perfekte Modell f\u00fcr Ihr Fahrzeug dabei ist.<\/span><\/p>\n","protected":false},"excerpt":{"rendered":"<p>Strands Siberia XP LED bar 32 Zoll Double Row, mit wei\u00df und gelb standlicht.<\/p>\n","protected":false},"featured_media":34248,"comment_status":"open","ping_status":"closed","template":"","meta":{"_acf_changed":false},"product_brand":[5114],"product_cat":[5386,5359],"product_tag":[9161,9162,9163,9075,9079,9077,9078,9076,9057,9074,9066,9064,9065,9165,9080],"class_list":{"0":"post-68520","1":"product","2":"type-product","3":"status-publish","4":"has-post-thumbnail","6":"product_brand-product-strands-lighting-division","7":"product_cat-led-bar","8":"product_cat-strands-siberia","9":"product_tag-led-bar","10":"product_tag-led-bar-auto","11":"product_tag-led-bar-lkw","12":"product_tag-led-scheinwerfer-auto","13":"product_tag-led-scheinwerfer-lkw","14":"product_tag-led-scheinwerfer-tonabnehmer","15":"product_tag-led-scheinwerfer-traktor","16":"product_tag-led-scheinwerfer-wohnmobil","17":"product_tag-led-arbeitsleuchte","18":"product_tag-scheinwerfer-mit-stadtlicht","19":"product_tag-strands-led-arbeitsleuchte","20":"product_tag-strands-led-beleuchtung","21":"product_tag-strands-lighting-division","22":"product_tag-strands-siberia-led-bar","23":"product_tag-strands-siberia-scheinwerfer","25":"first","26":"instock","27":"taxable","28":"shipping-taxable","29":"purchasable","30":"product-type-simple"},"acf":[],"yoast_head":"<!-- This site is optimized with the Yoast SEO Premium plugin v26.5 (Yoast SEO v27.1.1) - https:\/\/yoast.com\/product\/yoast-seo-premium-wordpress\/ -->\n<title>Siberia XP LED bar DR 32\u2033 - Strands Lighting Division - All Day Led - f\u00fcr 12&amp;24V<\/title>\n<meta name=\"description\" content=\"Strands Siberia XP LED bar DR 32\u2033 - LED bar mit Aluminiumgeh\u00e4use und IP68\/69K-Pr\u00fcfzeichen - mit ECE R148 und ECE R149-Pr\u00fcfzeichen - Strands 809428\" \/>\n<meta name=\"robots\" content=\"index, follow, max-snippet:-1, max-image-preview:large, max-video-preview:-1\" \/>\n<link rel=\"canonical\" href=\"https:\/\/www.alldayled.com\/de\/produkt\/strands-siberia-xp-led-bar-dr-32\/\" \/>\n<meta property=\"og:locale\" content=\"de_DE\" \/>\n<meta property=\"og:type\" content=\"article\" \/>\n<meta property=\"og:title\" content=\"Siberia XP LED bar DR 32\u2033 - Strands Lighting Division - All Day Led - f\u00fcr 12&amp;24V\" \/>\n<meta property=\"og:description\" content=\"Strands Siberia XP LED bar DR 32\u2033 - LED bar mit Aluminiumgeh\u00e4use und IP68\/69K-Pr\u00fcfzeichen - mit ECE R148 und ECE R149-Pr\u00fcfzeichen - Strands 809428\" \/>\n<meta property=\"og:url\" content=\"https:\/\/www.alldayled.com\/de\/produkt\/strands-siberia-xp-led-bar-dr-32\/\" \/>\n<meta property=\"og:site_name\" content=\"All Day Led\" \/>\n<meta property=\"article:publisher\" content=\"https:\/\/www.facebook.com\/alldayled\/\" \/>\n<meta property=\"article:modified_time\" content=\"2026-01-20T13:27:14+00:00\" \/>\n<meta property=\"og:image\" content=\"https:\/\/www.alldayled.com\/wp-content\/uploads\/2025\/03\/ADL809428.01-300x300.png\" \/>\n<meta name=\"twitter:label1\" content=\"Preis\" \/>\n\t<meta name=\"twitter:data1\" content=\"&euro;&nbsp;489,00\" \/>\n\t<meta name=\"twitter:label2\" content=\"Verf\u00fcgbarkeit\" \/>\n\t<meta name=\"twitter:data2\" content=\"Auf Lager\" \/>\n<script type=\"application\/ld+json\" class=\"yoast-schema-graph\">{\"@context\":\"https:\/\/schema.org\",\"@graph\":[{\"@type\":\"WebPage\",\"@id\":\"https:\/\/www.alldayled.com\/de\/produkt\/strands-siberia-xp-led-bar-dr-32\/\",\"url\":\"https:\/\/www.alldayled.com\/de\/produkt\/strands-siberia-xp-led-bar-dr-32\/\",\"name\":\"Siberia XP LED bar DR 32\u2033 - Strands Lighting Division - All Day Led - f\u00fcr 12&24V\",\"isPartOf\":{\"@id\":\"https:\/\/www.alldayled.com\/de\/#website\"},\"primaryImageOfPage\":{\"@id\":\"https:\/\/www.alldayled.com\/de\/produkt\/strands-siberia-xp-led-bar-dr-32\/#primaryimage\"},\"image\":{\"@id\":\"https:\/\/www.alldayled.com\/de\/produkt\/strands-siberia-xp-led-bar-dr-32\/#primaryimage\"},\"thumbnailUrl\":\"https:\/\/www.alldayled.com\/wp-content\/uploads\/2025\/02\/ADL809428.png\",\"datePublished\":\"2025-02-05T15:22:34+00:00\",\"dateModified\":\"2026-01-20T13:27:14+00:00\",\"description\":\"Strands Siberia XP LED bar DR 32\u2033 - LED bar mit Aluminiumgeh\u00e4use und IP68\/69K-Pr\u00fcfzeichen - mit ECE R148 und ECE R149-Pr\u00fcfzeichen - Strands 809428\",\"breadcrumb\":{\"@id\":\"https:\/\/www.alldayled.com\/de\/produkt\/strands-siberia-xp-led-bar-dr-32\/#breadcrumb\"},\"inLanguage\":\"de\",\"potentialAction\":[{\"@type\":\"ReadAction\",\"target\":[\"https:\/\/www.alldayled.com\/de\/produkt\/strands-siberia-xp-led-bar-dr-32\/\"]}]},{\"@type\":\"ImageObject\",\"inLanguage\":\"de\",\"@id\":\"https:\/\/www.alldayled.com\/de\/produkt\/strands-siberia-xp-led-bar-dr-32\/#primaryimage\",\"url\":\"https:\/\/www.alldayled.com\/wp-content\/uploads\/2025\/02\/ADL809428.png\",\"contentUrl\":\"https:\/\/www.alldayled.com\/wp-content\/uploads\/2025\/02\/ADL809428.png\",\"width\":800,\"height\":600,\"caption\":\"Strands Siberia XP LED bar DR 32 Zoll - LED bar mit 2 Farben Standlicht GELB \/ WEISS, die f\u00fcr 12 und \/ oder 24 Volt geeignet ist - Strands 809428 - SIBERIA XP DR LED BAR 32\u2033 - EAN: 7323030192747\"},{\"@type\":\"BreadcrumbList\",\"@id\":\"https:\/\/www.alldayled.com\/de\/produkt\/strands-siberia-xp-led-bar-dr-32\/#breadcrumb\",\"itemListElement\":[{\"@type\":\"ListItem\",\"position\":1,\"name\":\"Home\",\"item\":\"https:\/\/www.alldayled.com\/de\/\"},{\"@type\":\"ListItem\",\"position\":2,\"name\":\"Shop\",\"item\":\"https:\/\/www.alldayled.com\/de\/shop\/\"},{\"@type\":\"ListItem\",\"position\":3,\"name\":\"Scheinwerfer\",\"item\":\"https:\/\/www.alldayled.com\/de\/produkt-kategorie\/scheinwerfer\/\"},{\"@type\":\"ListItem\",\"position\":4,\"name\":\"LED Bar\",\"item\":\"https:\/\/www.alldayled.com\/de\/produkt-kategorie\/scheinwerfer\/led-bar\/\"},{\"@type\":\"ListItem\",\"position\":5,\"name\":\"Strands Siberia XP LED bar DR &#8211; 32\u2033\"}]},{\"@type\":\"WebSite\",\"@id\":\"https:\/\/www.alldayled.com\/de\/#website\",\"url\":\"https:\/\/www.alldayled.com\/de\/\",\"name\":\"All Day Led\",\"description\":\"Verlichting voor 12&amp;24 volt gebruik\",\"publisher\":{\"@id\":\"https:\/\/www.alldayled.com\/de\/#organization\"},\"potentialAction\":[{\"@type\":\"SearchAction\",\"target\":{\"@type\":\"EntryPoint\",\"urlTemplate\":\"https:\/\/www.alldayled.com\/de\/?s={search_term_string}\"},\"query-input\":{\"@type\":\"PropertyValueSpecification\",\"valueRequired\":true,\"valueName\":\"search_term_string\"}}],\"inLanguage\":\"de\"},{\"@type\":\"Organization\",\"@id\":\"https:\/\/www.alldayled.com\/de\/#organization\",\"name\":\"All Day Led\",\"url\":\"https:\/\/www.alldayled.com\/de\/\",\"logo\":{\"@type\":\"ImageObject\",\"inLanguage\":\"de\",\"@id\":\"https:\/\/www.alldayled.com\/de\/#\/schema\/logo\/image\/\",\"url\":\"https:\/\/www.alldayled.com\/wp-content\/uploads\/2025\/10\/Logo-ALL-DAY-LED-800x800-zwart-witte-letters.png\",\"contentUrl\":\"https:\/\/www.alldayled.com\/wp-content\/uploads\/2025\/10\/Logo-ALL-DAY-LED-800x800-zwart-witte-letters.png\",\"width\":800,\"height\":800,\"caption\":\"All Day Led\"},\"image\":{\"@id\":\"https:\/\/www.alldayled.com\/de\/#\/schema\/logo\/image\/\"},\"sameAs\":[\"https:\/\/www.facebook.com\/alldayled\/\",\"https:\/\/www.instagram.com\/alldayled\/\"],\"vatID\":\"NL863960133B01\",\"taxID\":\"86416545\"}]}<\/script>\n<meta property=\"product:brand\" content=\"Strands\" \/>\n<meta property=\"product:price:amount\" content=\"489.00\" \/>\n<meta property=\"product:price:currency\" content=\"EUR\" \/>\n<meta property=\"og:availability\" content=\"instock\" \/>\n<meta property=\"product:availability\" content=\"instock\" \/>\n<meta property=\"product:retailer_item_id\" content=\"ADL809428\" \/>\n<meta property=\"product:condition\" content=\"new\" \/>\n<!-- \/ Yoast SEO Premium plugin. -->","yoast_head_json":{"title":"Siberia XP LED bar DR 32\u2033 - Strands Lighting Division - All Day Led - f\u00fcr 12&24V","description":"Strands Siberia XP LED bar DR 32\u2033 - LED bar mit Aluminiumgeh\u00e4use und IP68\/69K-Pr\u00fcfzeichen - mit ECE R148 und ECE R149-Pr\u00fcfzeichen - Strands 809428","robots":{"index":"index","follow":"follow","max-snippet":"max-snippet:-1","max-image-preview":"max-image-preview:large","max-video-preview":"max-video-preview:-1"},"canonical":"https:\/\/www.alldayled.com\/de\/produkt\/strands-siberia-xp-led-bar-dr-32\/","og_locale":"de_DE","og_type":"article","og_title":"Siberia XP LED bar DR 32\u2033 - Strands Lighting Division - All Day Led - f\u00fcr 12&24V","og_description":"Strands Siberia XP LED bar DR 32\u2033 - LED bar mit Aluminiumgeh\u00e4use und IP68\/69K-Pr\u00fcfzeichen - mit ECE R148 und ECE R149-Pr\u00fcfzeichen - Strands 809428","og_url":"https:\/\/www.alldayled.com\/de\/produkt\/strands-siberia-xp-led-bar-dr-32\/","og_site_name":"All Day Led","article_publisher":"https:\/\/www.facebook.com\/alldayled\/","article_modified_time":"2026-01-20T13:27:14+00:00","og_image":[{"url":"https:\/\/www.alldayled.com\/wp-content\/uploads\/2025\/03\/ADL809428.01-300x300.png","type":"","width":"","height":""}],"twitter_misc":{"Preis":"&euro;&nbsp;489,00","Verf\u00fcgbarkeit":"Auf Lager"},"schema":{"@context":"https:\/\/schema.org","@graph":[{"@type":"WebPage","@id":"https:\/\/www.alldayled.com\/de\/produkt\/strands-siberia-xp-led-bar-dr-32\/","url":"https:\/\/www.alldayled.com\/de\/produkt\/strands-siberia-xp-led-bar-dr-32\/","name":"Siberia XP LED bar DR 32\u2033 - Strands Lighting Division - All Day Led - f\u00fcr 12&24V","isPartOf":{"@id":"https:\/\/www.alldayled.com\/de\/#website"},"primaryImageOfPage":{"@id":"https:\/\/www.alldayled.com\/de\/produkt\/strands-siberia-xp-led-bar-dr-32\/#primaryimage"},"image":{"@id":"https:\/\/www.alldayled.com\/de\/produkt\/strands-siberia-xp-led-bar-dr-32\/#primaryimage"},"thumbnailUrl":"https:\/\/www.alldayled.com\/wp-content\/uploads\/2025\/02\/ADL809428.png","datePublished":"2025-02-05T15:22:34+00:00","dateModified":"2026-01-20T13:27:14+00:00","description":"Strands Siberia XP LED bar DR 32\u2033 - LED bar mit Aluminiumgeh\u00e4use und IP68\/69K-Pr\u00fcfzeichen - mit ECE R148 und ECE R149-Pr\u00fcfzeichen - Strands 809428","breadcrumb":{"@id":"https:\/\/www.alldayled.com\/de\/produkt\/strands-siberia-xp-led-bar-dr-32\/#breadcrumb"},"inLanguage":"de","potentialAction":[{"@type":"ReadAction","target":["https:\/\/www.alldayled.com\/de\/produkt\/strands-siberia-xp-led-bar-dr-32\/"]}]},{"@type":"ImageObject","inLanguage":"de","@id":"https:\/\/www.alldayled.com\/de\/produkt\/strands-siberia-xp-led-bar-dr-32\/#primaryimage","url":"https:\/\/www.alldayled.com\/wp-content\/uploads\/2025\/02\/ADL809428.png","contentUrl":"https:\/\/www.alldayled.com\/wp-content\/uploads\/2025\/02\/ADL809428.png","width":800,"height":600,"caption":"Strands Siberia XP LED bar DR 32 Zoll - LED bar mit 2 Farben Standlicht GELB \/ WEISS, die f\u00fcr 12 und \/ oder 24 Volt geeignet ist - Strands 809428 - SIBERIA XP DR LED BAR 32\u2033 - EAN: 7323030192747"},{"@type":"BreadcrumbList","@id":"https:\/\/www.alldayled.com\/de\/produkt\/strands-siberia-xp-led-bar-dr-32\/#breadcrumb","itemListElement":[{"@type":"ListItem","position":1,"name":"Home","item":"https:\/\/www.alldayled.com\/de\/"},{"@type":"ListItem","position":2,"name":"Shop","item":"https:\/\/www.alldayled.com\/de\/shop\/"},{"@type":"ListItem","position":3,"name":"Scheinwerfer","item":"https:\/\/www.alldayled.com\/de\/produkt-kategorie\/scheinwerfer\/"},{"@type":"ListItem","position":4,"name":"LED Bar","item":"https:\/\/www.alldayled.com\/de\/produkt-kategorie\/scheinwerfer\/led-bar\/"},{"@type":"ListItem","position":5,"name":"Strands Siberia XP LED bar DR &#8211; 32\u2033"}]},{"@type":"WebSite","@id":"https:\/\/www.alldayled.com\/de\/#website","url":"https:\/\/www.alldayled.com\/de\/","name":"All Day Led","description":"Verlichting voor 12&amp;24 volt gebruik","publisher":{"@id":"https:\/\/www.alldayled.com\/de\/#organization"},"potentialAction":[{"@type":"SearchAction","target":{"@type":"EntryPoint","urlTemplate":"https:\/\/www.alldayled.com\/de\/?s={search_term_string}"},"query-input":{"@type":"PropertyValueSpecification","valueRequired":true,"valueName":"search_term_string"}}],"inLanguage":"de"},{"@type":"Organization","@id":"https:\/\/www.alldayled.com\/de\/#organization","name":"All Day Led","url":"https:\/\/www.alldayled.com\/de\/","logo":{"@type":"ImageObject","inLanguage":"de","@id":"https:\/\/www.alldayled.com\/de\/#\/schema\/logo\/image\/","url":"https:\/\/www.alldayled.com\/wp-content\/uploads\/2025\/10\/Logo-ALL-DAY-LED-800x800-zwart-witte-letters.png","contentUrl":"https:\/\/www.alldayled.com\/wp-content\/uploads\/2025\/10\/Logo-ALL-DAY-LED-800x800-zwart-witte-letters.png","width":800,"height":800,"caption":"All Day Led"},"image":{"@id":"https:\/\/www.alldayled.com\/de\/#\/schema\/logo\/image\/"},"sameAs":["https:\/\/www.facebook.com\/alldayled\/","https:\/\/www.instagram.com\/alldayled\/"],"vatID":"NL863960133B01","taxID":"86416545"}]},"product_brand":"Strands","product_price_amount":"489.00","product_price_currency":"EUR","og_availability":"instock","product_availability":"instock","product_retailer_item_id":"ADL809428","product_condition":"new"},"_links":{"self":[{"href":"https:\/\/www.alldayled.com\/de\/wp-json\/wp\/v2\/product\/68520","targetHints":{"allow":["GET"]}}],"collection":[{"href":"https:\/\/www.alldayled.com\/de\/wp-json\/wp\/v2\/product"}],"about":[{"href":"https:\/\/www.alldayled.com\/de\/wp-json\/wp\/v2\/types\/product"}],"replies":[{"embeddable":true,"href":"https:\/\/www.alldayled.com\/de\/wp-json\/wp\/v2\/comments?post=68520"}],"wp:featuredmedia":[{"embeddable":true,"href":"https:\/\/www.alldayled.com\/de\/wp-json\/wp\/v2\/media\/34248"}],"wp:attachment":[{"href":"https:\/\/www.alldayled.com\/de\/wp-json\/wp\/v2\/media?parent=68520"}],"wp:term":[{"taxonomy":"product_brand","embeddable":true,"href":"https:\/\/www.alldayled.com\/de\/wp-json\/wp\/v2\/product_brand?post=68520"},{"taxonomy":"product_cat","embeddable":true,"href":"https:\/\/www.alldayled.com\/de\/wp-json\/wp\/v2\/product_cat?post=68520"},{"taxonomy":"product_tag","embeddable":true,"href":"https:\/\/www.alldayled.com\/de\/wp-json\/wp\/v2\/product_tag?post=68520"}],"curies":[{"name":"wp","href":"https:\/\/api.w.org\/{rel}","templated":true}]}}