{"id":68528,"date":"2024-01-09T14:21:26","date_gmt":"2024-01-09T13:21:26","guid":{"rendered":"https:\/\/www.alldayled.com\/product\/m-led-bracket-opbouw\/"},"modified":"2025-12-04T20:17:48","modified_gmt":"2025-12-04T19:17:48","slug":"m-led-bracket-opbouw","status":"publish","type":"product","link":"https:\/\/www.alldayled.com\/de\/produkt\/m-led-bracket-opbouw\/","title":{"rendered":"M-LED bracket Aufbau"},"content":{"rendered":"<p><span style=\"color: #000000\"><strong>M-LED bracket Aufbau, geeignet f\u00fcr M-LED Classic Lampe.<\/strong><\/span><\/p>\n<p><span style=\"color: #000000\">Sie haben eine M-LED Classic Lampe gekauft und m\u00f6chten diese beispielsweise an Ihrem Fahrzeug oder Anh\u00e4nger montieren? Aber Sie wissen nicht genau, wie Sie das machen sollen? Vielleicht ist die Halterung von M-LED in h\u00e4ngender Ausf\u00fchrung das Hilfsmittel, das Sie suchen. Dieser Rahmen ist aus Kunststoff gefertigt und passend f\u00fcr die Blockleuchten von M-LED. Der Rahmen wird einzeln geliefert und ist mit einer Kabeldurchf\u00fchrung und zwei markierten Schraubl\u00f6chern versehen.     <\/span><\/p>\n<h5><span style=\"color: #000000\"><strong>Abmessungen:<\/strong><\/span><\/h5>\n<p><span style=\"color: #000000\">Damit Sie vor dem Kauf sicher sein k\u00f6nnen, dass Sie die Halterung dort montieren k\u00f6nnen, wo Sie m\u00f6chten, haben wir unten die Abmessungen des Teils notiert. Die Abmessungen des M-LED bracket Aufbau sind wie folgt.   <\/span><\/p>\n<ul>\n<li><span style=\"color: #000000\">Breite: 123 mm<\/span><\/li>\n<li><span style=\"color: #000000\">H\u00f6he: 72 mm<\/span><\/li>\n<li><span style=\"color: #000000\">Dicke: 34 mm<\/span><\/li>\n<\/ul>\n<h5><span style=\"color: #000000\"><strong>Weitere Modelle:<\/strong><\/span><\/h5>\n<p><span style=\"color: #000000\">Sie haben zwar eine M-LED Classic Lampe, m\u00f6chten diese aber nicht mit dem M-LED Bracket montieren? Wissen Sie, dass die Halterung dieser Beleuchtung auch als Einbaumodell erh\u00e4ltlich ist. Das Einbaumodell finden Sie hier.   <\/span><\/p>\n<ul>\n<li><span style=\"color: #000000\"><a style=\"color: #000000\" href=\"https:\/\/www.alldayled.com\/de\/produkt\/m-led-bracket-inbouw\/\"><strong>M-LED Halterung EINBAU<\/strong><\/a><\/span><\/li>\n<\/ul>\n<p><span style=\"color: #000000\">Sind Sie der Meinung, dass der M-LED bracket Aufbau \u00fcberhaupt nicht das ist, was Sie suchen? Einfach weil die Farbe, Form oder Ausf\u00fchrung nicht Ihren W\u00fcnschen entspricht? Sehen Sie sich hier das komplette Angebot von <g id=\"gid_0\">M-LED<\/g> an. Vielleicht finden Sie hier das Lampenmodell oder ein Teil davon, wonach Sie suchen.   <\/span><\/p>\n","protected":false},"excerpt":{"rendered":"<p>Aufbaurahmen geeignet f\u00fcr eine M-LED Classic Lampe.<\/p>\n","protected":false},"featured_media":27027,"comment_status":"open","ping_status":"closed","template":"","meta":{"_acf_changed":false},"product_brand":[6499],"product_cat":[5326],"product_tag":[],"class_list":{"0":"post-68528","1":"product","2":"type-product","3":"status-publish","4":"has-post-thumbnail","6":"product_brand-product-m-led","7":"product_cat-andere-produkte","9":"first","10":"instock","11":"taxable","12":"shipping-taxable","13":"purchasable","14":"product-type-simple"},"acf":[],"yoast_head":"<!-- This site is optimized with the Yoast SEO Premium plugin v26.5 (Yoast SEO v27.1.1) - https:\/\/yoast.com\/product\/yoast-seo-premium-wordpress\/ -->\n<title>M-LED bracket Aufbau - All Day Led - h\u00e4ngender Rahmen f\u00fcr klassische Lampe<\/title>\n<meta name=\"description\" content=\"M-LED bracket Aufbau - geeignet f\u00fcr die M-LED Classic LED Markierungsleuchte - Rahmen f\u00fcr h\u00e4ngende Montage - geeignet f\u00fcr Seitenmontage usw.\" \/>\n<meta name=\"robots\" content=\"index, follow, max-snippet:-1, max-image-preview:large, max-video-preview:-1\" \/>\n<link rel=\"canonical\" href=\"https:\/\/www.alldayled.com\/de\/produkt\/m-led-bracket-opbouw\/\" \/>\n<meta property=\"og:locale\" content=\"de_DE\" \/>\n<meta property=\"og:type\" content=\"article\" \/>\n<meta property=\"og:title\" content=\"M-LED bracket Aufbau - All Day Led - h\u00e4ngender Rahmen f\u00fcr klassische Lampe\" \/>\n<meta property=\"og:description\" content=\"M-LED bracket Aufbau - geeignet f\u00fcr die M-LED Classic LED Markierungsleuchte - Rahmen f\u00fcr h\u00e4ngende Montage - geeignet f\u00fcr Seitenmontage usw.\" \/>\n<meta property=\"og:url\" content=\"https:\/\/www.alldayled.com\/de\/produkt\/m-led-bracket-opbouw\/\" \/>\n<meta property=\"og:site_name\" content=\"All Day Led\" \/>\n<meta property=\"article:publisher\" content=\"https:\/\/www.facebook.com\/alldayled\/\" \/>\n<meta property=\"article:modified_time\" content=\"2025-12-04T19:17:48+00:00\" \/>\n<meta property=\"og:image\" content=\"https:\/\/www.alldayled.com\/wp-content\/uploads\/2024\/01\/ADL20383.png\" \/>\n\t<meta property=\"og:image:width\" content=\"800\" \/>\n\t<meta property=\"og:image:height\" content=\"600\" \/>\n\t<meta property=\"og:image:type\" content=\"image\/png\" \/>\n<meta name=\"twitter:label1\" content=\"Preis\" \/>\n\t<meta name=\"twitter:data1\" content=\"&euro;&nbsp;7,95\" \/>\n\t<meta name=\"twitter:label2\" content=\"Verf\u00fcgbarkeit\" \/>\n\t<meta name=\"twitter:data2\" content=\"Auf Lager\" \/>\n<script type=\"application\/ld+json\" class=\"yoast-schema-graph\">{\"@context\":\"https:\/\/schema.org\",\"@graph\":[{\"@type\":\"WebPage\",\"@id\":\"https:\/\/www.alldayled.com\/de\/produkt\/m-led-bracket-opbouw\/\",\"url\":\"https:\/\/www.alldayled.com\/de\/produkt\/m-led-bracket-opbouw\/\",\"name\":\"M-LED bracket Aufbau - All Day Led - h\u00e4ngender Rahmen f\u00fcr klassische Lampe\",\"isPartOf\":{\"@id\":\"https:\/\/www.alldayled.com\/de\/#website\"},\"primaryImageOfPage\":{\"@id\":\"https:\/\/www.alldayled.com\/de\/produkt\/m-led-bracket-opbouw\/#primaryimage\"},\"image\":{\"@id\":\"https:\/\/www.alldayled.com\/de\/produkt\/m-led-bracket-opbouw\/#primaryimage\"},\"thumbnailUrl\":\"https:\/\/www.alldayled.com\/wp-content\/uploads\/2024\/01\/ADL20383.png\",\"datePublished\":\"2024-01-09T13:21:26+00:00\",\"dateModified\":\"2025-12-04T19:17:48+00:00\",\"description\":\"M-LED bracket Aufbau - geeignet f\u00fcr die M-LED Classic LED Markierungsleuchte - Rahmen f\u00fcr h\u00e4ngende Montage - geeignet f\u00fcr Seitenmontage usw.\",\"breadcrumb\":{\"@id\":\"https:\/\/www.alldayled.com\/de\/produkt\/m-led-bracket-opbouw\/#breadcrumb\"},\"inLanguage\":\"de\",\"potentialAction\":[{\"@type\":\"ReadAction\",\"target\":[\"https:\/\/www.alldayled.com\/de\/produkt\/m-led-bracket-opbouw\/\"]}]},{\"@type\":\"ImageObject\",\"inLanguage\":\"de\",\"@id\":\"https:\/\/www.alldayled.com\/de\/produkt\/m-led-bracket-opbouw\/#primaryimage\",\"url\":\"https:\/\/www.alldayled.com\/wp-content\/uploads\/2024\/01\/ADL20383.png\",\"contentUrl\":\"https:\/\/www.alldayled.com\/wp-content\/uploads\/2024\/01\/ADL20383.png\",\"width\":800,\"height\":600,\"caption\":\"M-LED bracket AUFBAU - geeignet f\u00fcr M-LED und Hella Classic Markierungsleuchte - Rahmen, der mit Schraub- und Kabell\u00f6chern geliefert wird - ideal zur Befestigung als Seitenmarkierung an Ihrem Auto, LKW, Anh\u00e4nger oder Trailer - M-LED ZM383\"},{\"@type\":\"BreadcrumbList\",\"@id\":\"https:\/\/www.alldayled.com\/de\/produkt\/m-led-bracket-opbouw\/#breadcrumb\",\"itemListElement\":[{\"@type\":\"ListItem\",\"position\":1,\"name\":\"Home\",\"item\":\"https:\/\/www.alldayled.com\/de\/\"},{\"@type\":\"ListItem\",\"position\":2,\"name\":\"Shop\",\"item\":\"https:\/\/www.alldayled.com\/de\/shop\/\"},{\"@type\":\"ListItem\",\"position\":3,\"name\":\"Andere\",\"item\":\"https:\/\/www.alldayled.com\/de\/produkt-kategorie\/andere-produkte\/\"},{\"@type\":\"ListItem\",\"position\":4,\"name\":\"M-LED bracket Aufbau\"}]},{\"@type\":\"WebSite\",\"@id\":\"https:\/\/www.alldayled.com\/de\/#website\",\"url\":\"https:\/\/www.alldayled.com\/de\/\",\"name\":\"All Day Led\",\"description\":\"Verlichting voor 12&amp;24 volt gebruik\",\"publisher\":{\"@id\":\"https:\/\/www.alldayled.com\/de\/#organization\"},\"potentialAction\":[{\"@type\":\"SearchAction\",\"target\":{\"@type\":\"EntryPoint\",\"urlTemplate\":\"https:\/\/www.alldayled.com\/de\/?s={search_term_string}\"},\"query-input\":{\"@type\":\"PropertyValueSpecification\",\"valueRequired\":true,\"valueName\":\"search_term_string\"}}],\"inLanguage\":\"de\"},{\"@type\":\"Organization\",\"@id\":\"https:\/\/www.alldayled.com\/de\/#organization\",\"name\":\"All Day Led\",\"url\":\"https:\/\/www.alldayled.com\/de\/\",\"logo\":{\"@type\":\"ImageObject\",\"inLanguage\":\"de\",\"@id\":\"https:\/\/www.alldayled.com\/de\/#\/schema\/logo\/image\/\",\"url\":\"https:\/\/www.alldayled.com\/wp-content\/uploads\/2025\/10\/Logo-ALL-DAY-LED-800x800-zwart-witte-letters.png\",\"contentUrl\":\"https:\/\/www.alldayled.com\/wp-content\/uploads\/2025\/10\/Logo-ALL-DAY-LED-800x800-zwart-witte-letters.png\",\"width\":800,\"height\":800,\"caption\":\"All Day Led\"},\"image\":{\"@id\":\"https:\/\/www.alldayled.com\/de\/#\/schema\/logo\/image\/\"},\"sameAs\":[\"https:\/\/www.facebook.com\/alldayled\/\",\"https:\/\/www.instagram.com\/alldayled\/\"],\"vatID\":\"NL863960133B01\",\"taxID\":\"86416545\"}]}<\/script>\n<meta property=\"product:brand\" content=\"M-LED\" \/>\n<meta property=\"product:price:amount\" content=\"7.95\" \/>\n<meta property=\"product:price:currency\" content=\"EUR\" \/>\n<meta property=\"og:availability\" content=\"instock\" \/>\n<meta property=\"product:availability\" content=\"instock\" \/>\n<meta property=\"product:retailer_item_id\" content=\"ADL20383\" \/>\n<meta property=\"product:condition\" content=\"new\" \/>\n<!-- \/ Yoast SEO Premium plugin. -->","yoast_head_json":{"title":"M-LED bracket Aufbau - All Day Led - h\u00e4ngender Rahmen f\u00fcr klassische Lampe","description":"M-LED bracket Aufbau - geeignet f\u00fcr die M-LED Classic LED Markierungsleuchte - Rahmen f\u00fcr h\u00e4ngende Montage - geeignet f\u00fcr Seitenmontage usw.","robots":{"index":"index","follow":"follow","max-snippet":"max-snippet:-1","max-image-preview":"max-image-preview:large","max-video-preview":"max-video-preview:-1"},"canonical":"https:\/\/www.alldayled.com\/de\/produkt\/m-led-bracket-opbouw\/","og_locale":"de_DE","og_type":"article","og_title":"M-LED bracket Aufbau - All Day Led - h\u00e4ngender Rahmen f\u00fcr klassische Lampe","og_description":"M-LED bracket Aufbau - geeignet f\u00fcr die M-LED Classic LED Markierungsleuchte - Rahmen f\u00fcr h\u00e4ngende Montage - geeignet f\u00fcr Seitenmontage usw.","og_url":"https:\/\/www.alldayled.com\/de\/produkt\/m-led-bracket-opbouw\/","og_site_name":"All Day Led","article_publisher":"https:\/\/www.facebook.com\/alldayled\/","article_modified_time":"2025-12-04T19:17:48+00:00","og_image":[{"width":800,"height":600,"url":"https:\/\/www.alldayled.com\/wp-content\/uploads\/2024\/01\/ADL20383.png","type":"image\/png"}],"twitter_misc":{"Preis":"&euro;&nbsp;7,95","Verf\u00fcgbarkeit":"Auf Lager"},"schema":{"@context":"https:\/\/schema.org","@graph":[{"@type":"WebPage","@id":"https:\/\/www.alldayled.com\/de\/produkt\/m-led-bracket-opbouw\/","url":"https:\/\/www.alldayled.com\/de\/produkt\/m-led-bracket-opbouw\/","name":"M-LED bracket Aufbau - All Day Led - h\u00e4ngender Rahmen f\u00fcr klassische Lampe","isPartOf":{"@id":"https:\/\/www.alldayled.com\/de\/#website"},"primaryImageOfPage":{"@id":"https:\/\/www.alldayled.com\/de\/produkt\/m-led-bracket-opbouw\/#primaryimage"},"image":{"@id":"https:\/\/www.alldayled.com\/de\/produkt\/m-led-bracket-opbouw\/#primaryimage"},"thumbnailUrl":"https:\/\/www.alldayled.com\/wp-content\/uploads\/2024\/01\/ADL20383.png","datePublished":"2024-01-09T13:21:26+00:00","dateModified":"2025-12-04T19:17:48+00:00","description":"M-LED bracket Aufbau - geeignet f\u00fcr die M-LED Classic LED Markierungsleuchte - Rahmen f\u00fcr h\u00e4ngende Montage - geeignet f\u00fcr Seitenmontage usw.","breadcrumb":{"@id":"https:\/\/www.alldayled.com\/de\/produkt\/m-led-bracket-opbouw\/#breadcrumb"},"inLanguage":"de","potentialAction":[{"@type":"ReadAction","target":["https:\/\/www.alldayled.com\/de\/produkt\/m-led-bracket-opbouw\/"]}]},{"@type":"ImageObject","inLanguage":"de","@id":"https:\/\/www.alldayled.com\/de\/produkt\/m-led-bracket-opbouw\/#primaryimage","url":"https:\/\/www.alldayled.com\/wp-content\/uploads\/2024\/01\/ADL20383.png","contentUrl":"https:\/\/www.alldayled.com\/wp-content\/uploads\/2024\/01\/ADL20383.png","width":800,"height":600,"caption":"M-LED bracket AUFBAU - geeignet f\u00fcr M-LED und Hella Classic Markierungsleuchte - Rahmen, der mit Schraub- und Kabell\u00f6chern geliefert wird - ideal zur Befestigung als Seitenmarkierung an Ihrem Auto, LKW, Anh\u00e4nger oder Trailer - M-LED ZM383"},{"@type":"BreadcrumbList","@id":"https:\/\/www.alldayled.com\/de\/produkt\/m-led-bracket-opbouw\/#breadcrumb","itemListElement":[{"@type":"ListItem","position":1,"name":"Home","item":"https:\/\/www.alldayled.com\/de\/"},{"@type":"ListItem","position":2,"name":"Shop","item":"https:\/\/www.alldayled.com\/de\/shop\/"},{"@type":"ListItem","position":3,"name":"Andere","item":"https:\/\/www.alldayled.com\/de\/produkt-kategorie\/andere-produkte\/"},{"@type":"ListItem","position":4,"name":"M-LED bracket Aufbau"}]},{"@type":"WebSite","@id":"https:\/\/www.alldayled.com\/de\/#website","url":"https:\/\/www.alldayled.com\/de\/","name":"All Day Led","description":"Verlichting voor 12&amp;24 volt gebruik","publisher":{"@id":"https:\/\/www.alldayled.com\/de\/#organization"},"potentialAction":[{"@type":"SearchAction","target":{"@type":"EntryPoint","urlTemplate":"https:\/\/www.alldayled.com\/de\/?s={search_term_string}"},"query-input":{"@type":"PropertyValueSpecification","valueRequired":true,"valueName":"search_term_string"}}],"inLanguage":"de"},{"@type":"Organization","@id":"https:\/\/www.alldayled.com\/de\/#organization","name":"All Day Led","url":"https:\/\/www.alldayled.com\/de\/","logo":{"@type":"ImageObject","inLanguage":"de","@id":"https:\/\/www.alldayled.com\/de\/#\/schema\/logo\/image\/","url":"https:\/\/www.alldayled.com\/wp-content\/uploads\/2025\/10\/Logo-ALL-DAY-LED-800x800-zwart-witte-letters.png","contentUrl":"https:\/\/www.alldayled.com\/wp-content\/uploads\/2025\/10\/Logo-ALL-DAY-LED-800x800-zwart-witte-letters.png","width":800,"height":800,"caption":"All Day Led"},"image":{"@id":"https:\/\/www.alldayled.com\/de\/#\/schema\/logo\/image\/"},"sameAs":["https:\/\/www.facebook.com\/alldayled\/","https:\/\/www.instagram.com\/alldayled\/"],"vatID":"NL863960133B01","taxID":"86416545"}]},"product_brand":"M-LED","product_price_amount":"7.95","product_price_currency":"EUR","og_availability":"instock","product_availability":"instock","product_retailer_item_id":"ADL20383","product_condition":"new"},"_links":{"self":[{"href":"https:\/\/www.alldayled.com\/de\/wp-json\/wp\/v2\/product\/68528","targetHints":{"allow":["GET"]}}],"collection":[{"href":"https:\/\/www.alldayled.com\/de\/wp-json\/wp\/v2\/product"}],"about":[{"href":"https:\/\/www.alldayled.com\/de\/wp-json\/wp\/v2\/types\/product"}],"replies":[{"embeddable":true,"href":"https:\/\/www.alldayled.com\/de\/wp-json\/wp\/v2\/comments?post=68528"}],"wp:featuredmedia":[{"embeddable":true,"href":"https:\/\/www.alldayled.com\/de\/wp-json\/wp\/v2\/media\/27027"}],"wp:attachment":[{"href":"https:\/\/www.alldayled.com\/de\/wp-json\/wp\/v2\/media?parent=68528"}],"wp:term":[{"taxonomy":"product_brand","embeddable":true,"href":"https:\/\/www.alldayled.com\/de\/wp-json\/wp\/v2\/product_brand?post=68528"},{"taxonomy":"product_cat","embeddable":true,"href":"https:\/\/www.alldayled.com\/de\/wp-json\/wp\/v2\/product_cat?post=68528"},{"taxonomy":"product_tag","embeddable":true,"href":"https:\/\/www.alldayled.com\/de\/wp-json\/wp\/v2\/product_tag?post=68528"}],"curies":[{"name":"wp","href":"https:\/\/api.w.org\/{rel}","templated":true}]}}