{"id":68532,"date":"2025-05-15T17:15:39","date_gmt":"2025-05-15T15:15:39","guid":{"rendered":"https:\/\/www.alldayled.com\/product\/strands-beugel-voor-scale-en-gravity-lamp\/"},"modified":"2026-04-05T09:48:01","modified_gmt":"2026-04-05T07:48:01","slug":"strands-beugel-voor-scale-en-gravity-lamp","status":"publish","type":"product","link":"https:\/\/www.alldayled.com\/de\/produkt\/strands-beugel-voor-scale-en-gravity-lamp\/","title":{"rendered":"Strands Halter f\u00fcr Scale und Gravity"},"content":{"rendered":"<p><span style=\"color: #000000;\"><strong>Strands Halter f\u00fcr Scale und Gravity Positionsleuchte.<\/strong><\/span><\/p>\n<p><span style=\"color: #000000;\">Bist du auf der Suche nach einer robusten und praktischen M\u00f6glichkeit, deine Strands Positionsleuchten zu montieren? Dann ist der Strands Halter f\u00fcr Scale und Gravity zweifellos genau das, was du brauchst. Mit diesem Winkelhalter entscheidest du dich direkt f\u00fcr eine L\u00f6sung, die nicht nur praktisch ist, sondern auch maximale Flexibilit\u00e4t bietet. Der Halter wurde speziell f\u00fcr die FOR9T Scale und Gravity Lampen entwickelt, passt aber auch auf andere LED Lampen mit einem Lochabstand (H.o.H.) von 75 &#8211; 90 mm. So wei\u00dft du sicher, dass du immer die richtige Passform hast, unabh\u00e4ngig vom Fahrzeug.    <\/span><\/p>\n<p><span style=\"color: #000000;\">Warum diesen Strands Winkelhalter f\u00fcr Positionsleuchten w\u00e4hlen? Da er aus strapazierf\u00e4higem Polycarbonat gefertigt ist, ist er best\u00e4ndig gegen intensiven Gebrauch, St\u00f6\u00dfe und alle Wetterbedingungen. Dank des cleveren Designs kannst du deine Markierungsleuchte einfach aufh\u00e4ngen oder in einer anderen Position montieren. Perfekt also f\u00fcr LKWs, Wohnmobile, Anh\u00e4nger und andere Fahrzeuge, bei denen du etwas mehr Freiheit bei der Montage w\u00fcnschst. Zudem stellst du mit diesem Halter immer sicher, dass deine Strands Scale oder Gravity Lampe fest, sicher und stilvoll an ihrem Platz sitzt.     <\/span><\/p>\n<div class=\"truncated\">\n<h5><span style=\"color: #000000;\"><strong>Abmessungen:<\/strong><\/span><\/h5>\n<p><span style=\"color: #000000;\">Um sicherzustellen, dass der Strands Winkelhalter f\u00fcr Positionsleuchten perfekt zu deiner Lampe passt, haben wir dir unten \u00fcbersichtlich die wichtigsten Abmessungen notiert. So wei\u00dft du sofort und ohne Zweifel, ob dieser Halter vollst\u00e4ndig f\u00fcr deine Anwendung geeignet ist. <\/span><\/p>\n<ul>\n<li><span style=\"color: #000000;\">L\u00e4nge: 102 mm<\/span><\/li>\n<li><span style=\"color: #000000;\">H\u00f6he: 27 mm<\/span><\/li>\n<li><span style=\"color: #000000;\">Dicke: 42,5 mm<\/span><\/li>\n<li><span style=\"color: #000000;\">Lochabstand: 75 &#8211; 90 mm<\/span><\/li>\n<\/ul>\n<h5><span style=\"color: #000000;\"><strong>Geeignet f\u00fcr:<\/strong><\/span><\/h5>\n<p><span style=\"color: #000000;\">Da du vor dem Kauf gerne sicherstellen m\u00f6chtest, dass du den Strands Halter f\u00fcr Scale und Gravity problemlos verwenden kannst, haben wir dir unten die passenden Modelle \u00fcbersichtlich aufgelistet. So siehst du direkt, zu welchen Lampen dieser Halter passt, anschlie\u00dft und optimal funktioniert. Dank dieser praktischen \u00dcbersicht wei\u00dft du also auch im Voraus, dass du ein Zubeh\u00f6r w\u00e4hlst, das nahtlos passt, und vermeidest letztendlich, dass du im Nachhinein eine falsche Kombination in den H\u00e4nden h\u00e4ltst.   <\/span><\/p>\n<\/div>\n<ul>\n<li><span style=\"color: #000000;\"><a style=\"color: #000000;\" href=\"https:\/\/www.alldayled.com\/de\/produkt\/strands-for9t-scale-positielicht-oranje\/\"><strong>For9T Scale orange<\/strong><\/a><\/span><\/li>\n<li><span style=\"color: #000000;\"><a style=\"color: #000000;\" href=\"https:\/\/www.alldayled.com\/de\/produkt\/strands-for9t-scale-positielicht-rood\/\"><strong>For9T Scale rot<\/strong><\/a><\/span><\/li>\n<li><span style=\"color: #000000;\"><a style=\"color: #000000;\" href=\"https:\/\/www.alldayled.com\/de\/produkt\/strands-for9t-scale-positielicht-wit\/\"><strong>For9T Scale wei\u00df<\/strong><\/a><\/span><\/li>\n<\/ul>\n<p><span style=\"color: #000000;\">Bist du nach dem Betrachten der Spezifikationen und Fotos des Strands Halters f\u00fcr Scale und Gravity noch nicht ganz \u00fcberzeugt? Vielleicht suchst du eine andere Art der Montage oder ein anderes Zubeh\u00f6r. Dann schau dir zuerst das komplette Angebot von <a style=\"color: #000000;\" href=\"https:\/\/www.alldayled.com\/de\/marke\/product-strands-lighting-division\/\" target=\"_blank\" rel=\"noopener\">Strands<\/a> an, wo du einfach den Halter oder das Teil findest, das perfekt zu deiner Positionsleuchte passt.   <\/span><\/p>\n","protected":false},"excerpt":{"rendered":"<p>Strands Winkelmontagehalter, f\u00fcr FOR9T Scale und Gravity Lampen.<\/p>\n","protected":false},"featured_media":37338,"comment_status":"open","ping_status":"closed","template":"","meta":{"_acf_changed":false},"product_brand":[5114],"product_cat":[5326],"product_tag":[],"class_list":{"0":"post-68532","1":"product","2":"type-product","3":"status-publish","4":"has-post-thumbnail","6":"product_brand-product-strands-lighting-division","7":"product_cat-andere-produkte","9":"first","10":"outofstock","11":"taxable","12":"shipping-taxable","13":"purchasable","14":"product-type-simple"},"acf":[],"yoast_head":"<!-- This site is optimized with the Yoast SEO Premium plugin v26.5 (Yoast SEO v27.1.1) - https:\/\/yoast.com\/product\/yoast-seo-premium-wordpress\/ -->\n<title>Strands Halter f\u00fcr Scale und Gravity - All Day Led - f\u00fcr Seitenmarkierungsleuchte<\/title>\n<meta name=\"description\" content=\"Strands Halter f\u00fcr Scale und Gravity - geeignet f\u00fcr Markierungsleuchten von 75-90 mm - Polycarbonat - Auto, LKW und mehr\" \/>\n<meta name=\"robots\" content=\"index, follow, max-snippet:-1, max-image-preview:large, max-video-preview:-1\" \/>\n<link rel=\"canonical\" href=\"https:\/\/www.alldayled.com\/de\/produkt\/strands-beugel-voor-scale-en-gravity-lamp\/\" \/>\n<meta property=\"og:locale\" content=\"de_DE\" \/>\n<meta property=\"og:type\" content=\"article\" \/>\n<meta property=\"og:title\" content=\"Strands Halter f\u00fcr Scale und Gravity - All Day Led - f\u00fcr Seitenmarkierungsleuchte\" \/>\n<meta property=\"og:description\" content=\"Strands Halter f\u00fcr Scale und Gravity - geeignet f\u00fcr Markierungsleuchten von 75-90 mm - Polycarbonat - Auto, LKW und mehr\" \/>\n<meta property=\"og:url\" content=\"https:\/\/www.alldayled.com\/de\/produkt\/strands-beugel-voor-scale-en-gravity-lamp\/\" \/>\n<meta property=\"og:site_name\" content=\"All Day Led\" \/>\n<meta property=\"article:publisher\" content=\"https:\/\/www.facebook.com\/alldayled\/\" \/>\n<meta property=\"article:modified_time\" content=\"2026-04-05T07:48:01+00:00\" \/>\n<meta property=\"og:image\" content=\"https:\/\/www.alldayled.com\/wp-content\/uploads\/2025\/08\/ADL850450-SM-300x300.png\" \/>\n<meta name=\"twitter:label1\" content=\"Preis\" \/>\n\t<meta name=\"twitter:data1\" content=\"&euro;&nbsp;2,95\" \/>\n\t<meta name=\"twitter:label2\" content=\"Verf\u00fcgbarkeit\" \/>\n\t<meta name=\"twitter:data2\" content=\"ausverkauft\" \/>\n<script type=\"application\/ld+json\" class=\"yoast-schema-graph\">{\"@context\":\"https:\/\/schema.org\",\"@graph\":[{\"@type\":\"WebPage\",\"@id\":\"https:\/\/www.alldayled.com\/de\/produkt\/strands-beugel-voor-scale-en-gravity-lamp\/\",\"url\":\"https:\/\/www.alldayled.com\/de\/produkt\/strands-beugel-voor-scale-en-gravity-lamp\/\",\"name\":\"Strands Halter f\u00fcr Scale und Gravity - All Day Led - f\u00fcr Seitenmarkierungsleuchte\",\"isPartOf\":{\"@id\":\"https:\/\/www.alldayled.com\/de\/#website\"},\"primaryImageOfPage\":{\"@id\":\"https:\/\/www.alldayled.com\/de\/produkt\/strands-beugel-voor-scale-en-gravity-lamp\/#primaryimage\"},\"image\":{\"@id\":\"https:\/\/www.alldayled.com\/de\/produkt\/strands-beugel-voor-scale-en-gravity-lamp\/#primaryimage\"},\"thumbnailUrl\":\"https:\/\/www.alldayled.com\/wp-content\/uploads\/2025\/08\/ADL850450.png\",\"datePublished\":\"2025-05-15T15:15:39+00:00\",\"dateModified\":\"2026-04-05T07:48:01+00:00\",\"description\":\"Strands Halter f\u00fcr Scale und Gravity - geeignet f\u00fcr Markierungsleuchten von 75-90 mm - Polycarbonat - Auto, LKW und mehr\",\"breadcrumb\":{\"@id\":\"https:\/\/www.alldayled.com\/de\/produkt\/strands-beugel-voor-scale-en-gravity-lamp\/#breadcrumb\"},\"inLanguage\":\"de\",\"potentialAction\":[{\"@type\":\"ReadAction\",\"target\":[\"https:\/\/www.alldayled.com\/de\/produkt\/strands-beugel-voor-scale-en-gravity-lamp\/\"]}]},{\"@type\":\"ImageObject\",\"inLanguage\":\"de\",\"@id\":\"https:\/\/www.alldayled.com\/de\/produkt\/strands-beugel-voor-scale-en-gravity-lamp\/#primaryimage\",\"url\":\"https:\/\/www.alldayled.com\/wp-content\/uploads\/2025\/08\/ADL850450.png\",\"contentUrl\":\"https:\/\/www.alldayled.com\/wp-content\/uploads\/2025\/08\/ADL850450.png\",\"width\":800,\"height\":600,\"caption\":\"Strands Halter f\u00fcr Scale und Gravity - geeignet f\u00fcr Markierungsleuchten von 75-90 mm - 850450 - Polycarbonat - Auto, LKW und mehr\"},{\"@type\":\"BreadcrumbList\",\"@id\":\"https:\/\/www.alldayled.com\/de\/produkt\/strands-beugel-voor-scale-en-gravity-lamp\/#breadcrumb\",\"itemListElement\":[{\"@type\":\"ListItem\",\"position\":1,\"name\":\"Home\",\"item\":\"https:\/\/www.alldayled.com\/de\/\"},{\"@type\":\"ListItem\",\"position\":2,\"name\":\"Shop\",\"item\":\"https:\/\/www.alldayled.com\/de\/shop\/\"},{\"@type\":\"ListItem\",\"position\":3,\"name\":\"Andere\",\"item\":\"https:\/\/www.alldayled.com\/de\/produkt-kategorie\/andere-produkte\/\"},{\"@type\":\"ListItem\",\"position\":4,\"name\":\"Strands Halter f\u00fcr Scale und Gravity\"}]},{\"@type\":\"WebSite\",\"@id\":\"https:\/\/www.alldayled.com\/de\/#website\",\"url\":\"https:\/\/www.alldayled.com\/de\/\",\"name\":\"All Day Led\",\"description\":\"Verlichting voor 12&amp;24 volt gebruik\",\"publisher\":{\"@id\":\"https:\/\/www.alldayled.com\/de\/#organization\"},\"potentialAction\":[{\"@type\":\"SearchAction\",\"target\":{\"@type\":\"EntryPoint\",\"urlTemplate\":\"https:\/\/www.alldayled.com\/de\/?s={search_term_string}\"},\"query-input\":{\"@type\":\"PropertyValueSpecification\",\"valueRequired\":true,\"valueName\":\"search_term_string\"}}],\"inLanguage\":\"de\"},{\"@type\":\"Organization\",\"@id\":\"https:\/\/www.alldayled.com\/de\/#organization\",\"name\":\"All Day Led\",\"url\":\"https:\/\/www.alldayled.com\/de\/\",\"logo\":{\"@type\":\"ImageObject\",\"inLanguage\":\"de\",\"@id\":\"https:\/\/www.alldayled.com\/de\/#\/schema\/logo\/image\/\",\"url\":\"https:\/\/www.alldayled.com\/wp-content\/uploads\/2025\/10\/Logo-ALL-DAY-LED-800x800-zwart-witte-letters.png\",\"contentUrl\":\"https:\/\/www.alldayled.com\/wp-content\/uploads\/2025\/10\/Logo-ALL-DAY-LED-800x800-zwart-witte-letters.png\",\"width\":800,\"height\":800,\"caption\":\"All Day Led\"},\"image\":{\"@id\":\"https:\/\/www.alldayled.com\/de\/#\/schema\/logo\/image\/\"},\"sameAs\":[\"https:\/\/www.facebook.com\/alldayled\/\",\"https:\/\/www.instagram.com\/alldayled\/\"],\"vatID\":\"NL863960133B01\",\"taxID\":\"86416545\"}]}<\/script>\n<meta property=\"product:brand\" content=\"Strands\" \/>\n<meta property=\"product:price:amount\" content=\"2.95\" \/>\n<meta property=\"product:price:currency\" content=\"EUR\" \/>\n<meta property=\"og:availability\" content=\"out of stock\" \/>\n<meta property=\"product:availability\" content=\"out of stock\" \/>\n<meta property=\"product:retailer_item_id\" content=\"ADL850450\" \/>\n<meta property=\"product:condition\" content=\"new\" \/>\n<!-- \/ Yoast SEO Premium plugin. -->","yoast_head_json":{"title":"Strands Halter f\u00fcr Scale und Gravity - All Day Led - f\u00fcr Seitenmarkierungsleuchte","description":"Strands Halter f\u00fcr Scale und Gravity - geeignet f\u00fcr Markierungsleuchten von 75-90 mm - Polycarbonat - Auto, LKW und mehr","robots":{"index":"index","follow":"follow","max-snippet":"max-snippet:-1","max-image-preview":"max-image-preview:large","max-video-preview":"max-video-preview:-1"},"canonical":"https:\/\/www.alldayled.com\/de\/produkt\/strands-beugel-voor-scale-en-gravity-lamp\/","og_locale":"de_DE","og_type":"article","og_title":"Strands Halter f\u00fcr Scale und Gravity - All Day Led - f\u00fcr Seitenmarkierungsleuchte","og_description":"Strands Halter f\u00fcr Scale und Gravity - geeignet f\u00fcr Markierungsleuchten von 75-90 mm - Polycarbonat - Auto, LKW und mehr","og_url":"https:\/\/www.alldayled.com\/de\/produkt\/strands-beugel-voor-scale-en-gravity-lamp\/","og_site_name":"All Day Led","article_publisher":"https:\/\/www.facebook.com\/alldayled\/","article_modified_time":"2026-04-05T07:48:01+00:00","og_image":[{"url":"https:\/\/www.alldayled.com\/wp-content\/uploads\/2025\/08\/ADL850450-SM-300x300.png","type":"","width":"","height":""}],"twitter_misc":{"Preis":"&euro;&nbsp;2,95","Verf\u00fcgbarkeit":"ausverkauft"},"schema":{"@context":"https:\/\/schema.org","@graph":[{"@type":"WebPage","@id":"https:\/\/www.alldayled.com\/de\/produkt\/strands-beugel-voor-scale-en-gravity-lamp\/","url":"https:\/\/www.alldayled.com\/de\/produkt\/strands-beugel-voor-scale-en-gravity-lamp\/","name":"Strands Halter f\u00fcr Scale und Gravity - All Day Led - f\u00fcr Seitenmarkierungsleuchte","isPartOf":{"@id":"https:\/\/www.alldayled.com\/de\/#website"},"primaryImageOfPage":{"@id":"https:\/\/www.alldayled.com\/de\/produkt\/strands-beugel-voor-scale-en-gravity-lamp\/#primaryimage"},"image":{"@id":"https:\/\/www.alldayled.com\/de\/produkt\/strands-beugel-voor-scale-en-gravity-lamp\/#primaryimage"},"thumbnailUrl":"https:\/\/www.alldayled.com\/wp-content\/uploads\/2025\/08\/ADL850450.png","datePublished":"2025-05-15T15:15:39+00:00","dateModified":"2026-04-05T07:48:01+00:00","description":"Strands Halter f\u00fcr Scale und Gravity - geeignet f\u00fcr Markierungsleuchten von 75-90 mm - Polycarbonat - Auto, LKW und mehr","breadcrumb":{"@id":"https:\/\/www.alldayled.com\/de\/produkt\/strands-beugel-voor-scale-en-gravity-lamp\/#breadcrumb"},"inLanguage":"de","potentialAction":[{"@type":"ReadAction","target":["https:\/\/www.alldayled.com\/de\/produkt\/strands-beugel-voor-scale-en-gravity-lamp\/"]}]},{"@type":"ImageObject","inLanguage":"de","@id":"https:\/\/www.alldayled.com\/de\/produkt\/strands-beugel-voor-scale-en-gravity-lamp\/#primaryimage","url":"https:\/\/www.alldayled.com\/wp-content\/uploads\/2025\/08\/ADL850450.png","contentUrl":"https:\/\/www.alldayled.com\/wp-content\/uploads\/2025\/08\/ADL850450.png","width":800,"height":600,"caption":"Strands Halter f\u00fcr Scale und Gravity - geeignet f\u00fcr Markierungsleuchten von 75-90 mm - 850450 - Polycarbonat - Auto, LKW und mehr"},{"@type":"BreadcrumbList","@id":"https:\/\/www.alldayled.com\/de\/produkt\/strands-beugel-voor-scale-en-gravity-lamp\/#breadcrumb","itemListElement":[{"@type":"ListItem","position":1,"name":"Home","item":"https:\/\/www.alldayled.com\/de\/"},{"@type":"ListItem","position":2,"name":"Shop","item":"https:\/\/www.alldayled.com\/de\/shop\/"},{"@type":"ListItem","position":3,"name":"Andere","item":"https:\/\/www.alldayled.com\/de\/produkt-kategorie\/andere-produkte\/"},{"@type":"ListItem","position":4,"name":"Strands Halter f\u00fcr Scale und Gravity"}]},{"@type":"WebSite","@id":"https:\/\/www.alldayled.com\/de\/#website","url":"https:\/\/www.alldayled.com\/de\/","name":"All Day Led","description":"Verlichting voor 12&amp;24 volt gebruik","publisher":{"@id":"https:\/\/www.alldayled.com\/de\/#organization"},"potentialAction":[{"@type":"SearchAction","target":{"@type":"EntryPoint","urlTemplate":"https:\/\/www.alldayled.com\/de\/?s={search_term_string}"},"query-input":{"@type":"PropertyValueSpecification","valueRequired":true,"valueName":"search_term_string"}}],"inLanguage":"de"},{"@type":"Organization","@id":"https:\/\/www.alldayled.com\/de\/#organization","name":"All Day Led","url":"https:\/\/www.alldayled.com\/de\/","logo":{"@type":"ImageObject","inLanguage":"de","@id":"https:\/\/www.alldayled.com\/de\/#\/schema\/logo\/image\/","url":"https:\/\/www.alldayled.com\/wp-content\/uploads\/2025\/10\/Logo-ALL-DAY-LED-800x800-zwart-witte-letters.png","contentUrl":"https:\/\/www.alldayled.com\/wp-content\/uploads\/2025\/10\/Logo-ALL-DAY-LED-800x800-zwart-witte-letters.png","width":800,"height":800,"caption":"All Day Led"},"image":{"@id":"https:\/\/www.alldayled.com\/de\/#\/schema\/logo\/image\/"},"sameAs":["https:\/\/www.facebook.com\/alldayled\/","https:\/\/www.instagram.com\/alldayled\/"],"vatID":"NL863960133B01","taxID":"86416545"}]},"product_brand":"Strands","product_price_amount":"2.95","product_price_currency":"EUR","og_availability":"out of stock","product_availability":"out of stock","product_retailer_item_id":"ADL850450","product_condition":"new"},"_links":{"self":[{"href":"https:\/\/www.alldayled.com\/de\/wp-json\/wp\/v2\/product\/68532","targetHints":{"allow":["GET"]}}],"collection":[{"href":"https:\/\/www.alldayled.com\/de\/wp-json\/wp\/v2\/product"}],"about":[{"href":"https:\/\/www.alldayled.com\/de\/wp-json\/wp\/v2\/types\/product"}],"replies":[{"embeddable":true,"href":"https:\/\/www.alldayled.com\/de\/wp-json\/wp\/v2\/comments?post=68532"}],"wp:featuredmedia":[{"embeddable":true,"href":"https:\/\/www.alldayled.com\/de\/wp-json\/wp\/v2\/media\/37338"}],"wp:attachment":[{"href":"https:\/\/www.alldayled.com\/de\/wp-json\/wp\/v2\/media?parent=68532"}],"wp:term":[{"taxonomy":"product_brand","embeddable":true,"href":"https:\/\/www.alldayled.com\/de\/wp-json\/wp\/v2\/product_brand?post=68532"},{"taxonomy":"product_cat","embeddable":true,"href":"https:\/\/www.alldayled.com\/de\/wp-json\/wp\/v2\/product_cat?post=68532"},{"taxonomy":"product_tag","embeddable":true,"href":"https:\/\/www.alldayled.com\/de\/wp-json\/wp\/v2\/product_tag?post=68532"}],"curies":[{"name":"wp","href":"https:\/\/api.w.org\/{rel}","templated":true}]}}