{"id":68534,"date":"2023-02-10T16:20:46","date_gmt":"2023-02-10T15:20:46","guid":{"rendered":"https:\/\/www.alldayled.com\/product\/strands-siberia-low-rider-30-inch\/"},"modified":"2025-12-05T14:07:58","modified_gmt":"2025-12-05T13:07:58","slug":"strands-siberia-low-rider-30-inch","status":"publish","type":"product","link":"https:\/\/www.alldayled.com\/de\/produkt\/strands-siberia-low-rider-30-inch\/","title":{"rendered":"Strands Siberia Low Rider 30 Zoll"},"content":{"rendered":"<p><span style=\"color: #000000;\"><strong>Strands Siberia Low Rider 30Zoll, f\u00fcr 12 und 24 Volt. <\/strong><\/span><\/p>\n<p><span style=\"color: #000000;\">M\u00f6chtest du dein Fahrzeug mit einer neuen oder zus\u00e4tzlichen LED Lampe ausstatten, wei\u00dft aber noch nicht genau welche? Dann ist die Strands Siberia Low Rider 30 Zoll vielleicht genau die Lampe, die du suchst. Diese 30\u201d LED bar ist mit 105 leistungsstarken LEDs, einem dreifarbigen Positionsleuchte und einem eingebauten LED Blitz mit 4 Mustern ausgestattet. Besonders praktisch also. Die Siberia Low Rider funktioniert mit 12 und 24 Volt, wodurch du sie problemlos an deinem Auto, LKW, Wohnmobil oder einem anderen Fahrzeug montieren kannst. Die Lampe ist au\u00dferdem ECE R148-zugelassen, somit vollst\u00e4ndig legal nutzbar.     <\/span><\/p>\n<p><span style=\"color: #000000;\">Und nat\u00fcrlich m\u00f6chtest du sicherstellen, ob diese LED bar wirklich f\u00fcr dein Fahrzeug geeignet ist. Deshalb haben wir unten die wichtigsten Eigenschaften aufgelistet. So siehst du sofort, warum dies wahrscheinlich genau die Lampe ist, die du suchst. Die Low Rider 30\u201d ist unter anderem mit dem ECE R10 Pr\u00fcfzeichen versehen, was bedeutet, dass die Lampe keine St\u00f6rungen, zum Beispiel an deinem Radio, verursacht. Des Weiteren ist sie mit IP67 und IP69K ausgestattet, was sie vollst\u00e4ndig staub- und wasserdicht macht. Schlie\u00dflich erh\u00e4ltst du die LED bar inklusive schwarz beschichtetem Edelstahl-Befestigungsmaterial, damit du die Lampe fest und sauber montieren kannst.     <\/span><\/p>\n<h5><span style=\"color: #000000;\"><strong>Abmessungen:<\/strong><\/span><\/h5>\n<p><span style=\"color: #000000;\">Um sicherzustellen, dass du die Single Row LED Lampe genau dort montieren kannst, wo du m\u00f6chtest, haben wir unten die Abmessungen f\u00fcr dich notiert. Die Abmessungen der Strands Siberia Low Rider 10 Zoll LED bar mit eingebautem Blitz sind wie folgt: <\/span><\/p>\n<ul>\n<li><span style=\"color: #000000;\">H\u00f6he: 30,9 mm (42,9 mm inkl. Befestigung)<\/span><\/li>\n<li><span style=\"color: #000000;\">Breite: 766 mm<\/span><\/li>\n<li><span style=\"color: #000000;\">Tiefe: 50,4 mm<\/span><\/li>\n<\/ul>\n<h5><span style=\"color: #000000;\"><strong>Weitere Abmessungen: <\/strong><\/span><\/h5>\n<p><span style=\"color: #000000;\">Ist die Strands Siberia Low Rider 30Zoll LED Lampe doch nicht die Gr\u00f6\u00dfe, die du suchst? Wisse dann, dass die Single Row LED Lampe mit Blitz auch in den folgenden Abmessungen erh\u00e4ltlich ist: <\/span><\/p>\n<ul>\n<li><span style=\"color: #000000;\"><a style=\"color: #000000;\" href=\"https:\/\/www.alldayled.com\/de\/produkt\/strands-siberia-low-rider-10-inch\/\" target=\"_blank\" rel=\"noopener\"><b>Siberia LOW RIDER 10 Zoll<\/b><\/a><\/span><\/li>\n<\/ul>\n<p><span style=\"color: #000000;\">Bist du immer noch nicht \u00fcberzeugt, dass die Strands Siberia Low Rider 30Zoll das ist, wonach du suchst? Einfach weil die Lichtleistung, Wattzahl oder Form nicht deinen W\u00fcnschen entspricht? Dann sieh dir hier das komplette Angebot von <g id=\"gid_0\">Strands<\/g> an. Vielleicht findest du hier ja das Lampenmodell, das du suchst!   <\/span><\/p>\n","protected":false},"excerpt":{"rendered":"<p>Kompakte 20&#8243; LED bar mit 3-farbiger Positionsleuchte und Blitz mit 4 Mustern &#8211; ECE R148.<\/p>\n","protected":false},"featured_media":24189,"comment_status":"open","ping_status":"closed","template":"","meta":{"_acf_changed":false},"product_brand":[5114],"product_cat":[5304,5196,5359],"product_tag":[9064,9065],"class_list":{"0":"post-68534","1":"product","2":"type-product","3":"status-publish","4":"has-post-thumbnail","6":"product_brand-product-strands-lighting-division","7":"product_cat-flitser","8":"product_cat-markeringslampen","9":"product_cat-strands-siberia","10":"product_tag-strands-led-beleuchtung","11":"product_tag-strands-lighting-division","13":"first","14":"instock","15":"taxable","16":"shipping-taxable","17":"purchasable","18":"product-type-simple"},"acf":[],"yoast_head":"<!-- This site is optimized with the Yoast SEO Premium plugin v26.5 (Yoast SEO v27.1.1) - https:\/\/yoast.com\/product\/yoast-seo-premium-wordpress\/ -->\n<title>Siberia Low Rider 30 Zoll - Strands - All Day Led - f\u00fcr 12&amp;24 Volt<\/title>\n<meta name=\"description\" content=\"Strands Siberia Low Rider 30Zoll - f\u00fcr 12&amp;24 Volt - Auto, Wohnmobil, LKW und mehr - Positionsleuchte mit 3 Farben und LED Blitz - ECE R148 Pr\u00fcfzeichen\" \/>\n<meta name=\"robots\" content=\"index, follow, max-snippet:-1, max-image-preview:large, max-video-preview:-1\" \/>\n<link rel=\"canonical\" href=\"https:\/\/www.alldayled.com\/de\/produkt\/strands-siberia-low-rider-30-inch\/\" \/>\n<meta property=\"og:locale\" content=\"de_DE\" \/>\n<meta property=\"og:type\" content=\"article\" \/>\n<meta property=\"og:title\" content=\"Siberia Low Rider 30 Zoll - Strands - All Day Led - f\u00fcr 12&amp;24 Volt\" \/>\n<meta property=\"og:description\" content=\"Strands Siberia Low Rider 30Zoll - f\u00fcr 12&amp;24 Volt - Auto, Wohnmobil, LKW und mehr - Positionsleuchte mit 3 Farben und LED Blitz - ECE R148 Pr\u00fcfzeichen\" \/>\n<meta property=\"og:url\" content=\"https:\/\/www.alldayled.com\/de\/produkt\/strands-siberia-low-rider-30-inch\/\" \/>\n<meta property=\"og:site_name\" content=\"All Day Led\" \/>\n<meta property=\"article:publisher\" content=\"https:\/\/www.facebook.com\/alldayled\/\" \/>\n<meta property=\"article:modified_time\" content=\"2025-12-05T13:07:58+00:00\" \/>\n<meta property=\"og:image\" content=\"https:\/\/www.alldayled.com\/wp-content\/uploads\/2024\/05\/ADL809252-300x300.png\" \/>\n<meta name=\"twitter:label1\" content=\"Preis\" \/>\n\t<meta name=\"twitter:data1\" content=\"&euro;&nbsp;289,00\" \/>\n\t<meta name=\"twitter:label2\" content=\"Verf\u00fcgbarkeit\" \/>\n\t<meta name=\"twitter:data2\" content=\"Auf Lager\" \/>\n<script type=\"application\/ld+json\" class=\"yoast-schema-graph\">{\"@context\":\"https:\/\/schema.org\",\"@graph\":[{\"@type\":\"WebPage\",\"@id\":\"https:\/\/www.alldayled.com\/de\/produkt\/strands-siberia-low-rider-30-inch\/\",\"url\":\"https:\/\/www.alldayled.com\/de\/produkt\/strands-siberia-low-rider-30-inch\/\",\"name\":\"Siberia Low Rider 30 Zoll - Strands - All Day Led - f\u00fcr 12&24 Volt\",\"isPartOf\":{\"@id\":\"https:\/\/www.alldayled.com\/de\/#website\"},\"primaryImageOfPage\":{\"@id\":\"https:\/\/www.alldayled.com\/de\/produkt\/strands-siberia-low-rider-30-inch\/#primaryimage\"},\"image\":{\"@id\":\"https:\/\/www.alldayled.com\/de\/produkt\/strands-siberia-low-rider-30-inch\/#primaryimage\"},\"thumbnailUrl\":\"https:\/\/www.alldayled.com\/wp-content\/uploads\/2023\/02\/ADL89252.png\",\"datePublished\":\"2023-02-10T15:20:46+00:00\",\"dateModified\":\"2025-12-05T13:07:58+00:00\",\"description\":\"Strands Siberia Low Rider 30Zoll - f\u00fcr 12&24 Volt - Auto, Wohnmobil, LKW und mehr - Positionsleuchte mit 3 Farben und LED Blitz - ECE R148 Pr\u00fcfzeichen\",\"breadcrumb\":{\"@id\":\"https:\/\/www.alldayled.com\/de\/produkt\/strands-siberia-low-rider-30-inch\/#breadcrumb\"},\"inLanguage\":\"de\",\"potentialAction\":[{\"@type\":\"ReadAction\",\"target\":[\"https:\/\/www.alldayled.com\/de\/produkt\/strands-siberia-low-rider-30-inch\/\"]}]},{\"@type\":\"ImageObject\",\"inLanguage\":\"de\",\"@id\":\"https:\/\/www.alldayled.com\/de\/produkt\/strands-siberia-low-rider-30-inch\/#primaryimage\",\"url\":\"https:\/\/www.alldayled.com\/wp-content\/uploads\/2023\/02\/ADL89252.png\",\"contentUrl\":\"https:\/\/www.alldayled.com\/wp-content\/uploads\/2023\/02\/ADL89252.png\",\"width\":800,\"height\":600,\"caption\":\"Strands Siberia Low Rider 30Zoll LED bar - LED Lampe, die f\u00fcr 12 &amp; 24 Volt Betrieb geeignet ist - mit 3 Farben Positionsleuchte und eingebautem LED Blitz - EAN: 7350133811848\"},{\"@type\":\"BreadcrumbList\",\"@id\":\"https:\/\/www.alldayled.com\/de\/produkt\/strands-siberia-low-rider-30-inch\/#breadcrumb\",\"itemListElement\":[{\"@type\":\"ListItem\",\"position\":1,\"name\":\"Home\",\"item\":\"https:\/\/www.alldayled.com\/de\/\"},{\"@type\":\"ListItem\",\"position\":2,\"name\":\"Shop\",\"item\":\"https:\/\/www.alldayled.com\/de\/shop\/\"},{\"@type\":\"ListItem\",\"position\":3,\"name\":\"Warnleuchten\",\"item\":\"https:\/\/www.alldayled.com\/de\/produkt-kategorie\/blitzlichter\/\"},{\"@type\":\"ListItem\",\"position\":4,\"name\":\"Blitzer\",\"item\":\"https:\/\/www.alldayled.com\/de\/produkt-kategorie\/blitzlichter\/flitser\/\"},{\"@type\":\"ListItem\",\"position\":5,\"name\":\"Strands Siberia Low Rider 30 Zoll\"}]},{\"@type\":\"WebSite\",\"@id\":\"https:\/\/www.alldayled.com\/de\/#website\",\"url\":\"https:\/\/www.alldayled.com\/de\/\",\"name\":\"All Day Led\",\"description\":\"Verlichting voor 12&amp;24 volt gebruik\",\"publisher\":{\"@id\":\"https:\/\/www.alldayled.com\/de\/#organization\"},\"potentialAction\":[{\"@type\":\"SearchAction\",\"target\":{\"@type\":\"EntryPoint\",\"urlTemplate\":\"https:\/\/www.alldayled.com\/de\/?s={search_term_string}\"},\"query-input\":{\"@type\":\"PropertyValueSpecification\",\"valueRequired\":true,\"valueName\":\"search_term_string\"}}],\"inLanguage\":\"de\"},{\"@type\":\"Organization\",\"@id\":\"https:\/\/www.alldayled.com\/de\/#organization\",\"name\":\"All Day Led\",\"url\":\"https:\/\/www.alldayled.com\/de\/\",\"logo\":{\"@type\":\"ImageObject\",\"inLanguage\":\"de\",\"@id\":\"https:\/\/www.alldayled.com\/de\/#\/schema\/logo\/image\/\",\"url\":\"https:\/\/www.alldayled.com\/wp-content\/uploads\/2025\/10\/Logo-ALL-DAY-LED-800x800-zwart-witte-letters.png\",\"contentUrl\":\"https:\/\/www.alldayled.com\/wp-content\/uploads\/2025\/10\/Logo-ALL-DAY-LED-800x800-zwart-witte-letters.png\",\"width\":800,\"height\":800,\"caption\":\"All Day Led\"},\"image\":{\"@id\":\"https:\/\/www.alldayled.com\/de\/#\/schema\/logo\/image\/\"},\"sameAs\":[\"https:\/\/www.facebook.com\/alldayled\/\",\"https:\/\/www.instagram.com\/alldayled\/\"],\"vatID\":\"NL863960133B01\",\"taxID\":\"86416545\"}]}<\/script>\n<meta property=\"product:brand\" content=\"Strands\" \/>\n<meta property=\"product:price:amount\" content=\"289.00\" \/>\n<meta property=\"product:price:currency\" content=\"EUR\" \/>\n<meta property=\"og:availability\" content=\"instock\" \/>\n<meta property=\"product:availability\" content=\"instock\" \/>\n<meta property=\"product:retailer_item_id\" content=\"ADL809252\" \/>\n<meta property=\"product:condition\" content=\"new\" \/>\n<!-- \/ Yoast SEO Premium plugin. -->","yoast_head_json":{"title":"Siberia Low Rider 30 Zoll - Strands - All Day Led - f\u00fcr 12&24 Volt","description":"Strands Siberia Low Rider 30Zoll - f\u00fcr 12&24 Volt - Auto, Wohnmobil, LKW und mehr - Positionsleuchte mit 3 Farben und LED Blitz - ECE R148 Pr\u00fcfzeichen","robots":{"index":"index","follow":"follow","max-snippet":"max-snippet:-1","max-image-preview":"max-image-preview:large","max-video-preview":"max-video-preview:-1"},"canonical":"https:\/\/www.alldayled.com\/de\/produkt\/strands-siberia-low-rider-30-inch\/","og_locale":"de_DE","og_type":"article","og_title":"Siberia Low Rider 30 Zoll - Strands - All Day Led - f\u00fcr 12&24 Volt","og_description":"Strands Siberia Low Rider 30Zoll - f\u00fcr 12&24 Volt - Auto, Wohnmobil, LKW und mehr - Positionsleuchte mit 3 Farben und LED Blitz - ECE R148 Pr\u00fcfzeichen","og_url":"https:\/\/www.alldayled.com\/de\/produkt\/strands-siberia-low-rider-30-inch\/","og_site_name":"All Day Led","article_publisher":"https:\/\/www.facebook.com\/alldayled\/","article_modified_time":"2025-12-05T13:07:58+00:00","og_image":[{"url":"https:\/\/www.alldayled.com\/wp-content\/uploads\/2024\/05\/ADL809252-300x300.png","type":"","width":"","height":""}],"twitter_misc":{"Preis":"&euro;&nbsp;289,00","Verf\u00fcgbarkeit":"Auf Lager"},"schema":{"@context":"https:\/\/schema.org","@graph":[{"@type":"WebPage","@id":"https:\/\/www.alldayled.com\/de\/produkt\/strands-siberia-low-rider-30-inch\/","url":"https:\/\/www.alldayled.com\/de\/produkt\/strands-siberia-low-rider-30-inch\/","name":"Siberia Low Rider 30 Zoll - Strands - All Day Led - f\u00fcr 12&24 Volt","isPartOf":{"@id":"https:\/\/www.alldayled.com\/de\/#website"},"primaryImageOfPage":{"@id":"https:\/\/www.alldayled.com\/de\/produkt\/strands-siberia-low-rider-30-inch\/#primaryimage"},"image":{"@id":"https:\/\/www.alldayled.com\/de\/produkt\/strands-siberia-low-rider-30-inch\/#primaryimage"},"thumbnailUrl":"https:\/\/www.alldayled.com\/wp-content\/uploads\/2023\/02\/ADL89252.png","datePublished":"2023-02-10T15:20:46+00:00","dateModified":"2025-12-05T13:07:58+00:00","description":"Strands Siberia Low Rider 30Zoll - f\u00fcr 12&24 Volt - Auto, Wohnmobil, LKW und mehr - Positionsleuchte mit 3 Farben und LED Blitz - ECE R148 Pr\u00fcfzeichen","breadcrumb":{"@id":"https:\/\/www.alldayled.com\/de\/produkt\/strands-siberia-low-rider-30-inch\/#breadcrumb"},"inLanguage":"de","potentialAction":[{"@type":"ReadAction","target":["https:\/\/www.alldayled.com\/de\/produkt\/strands-siberia-low-rider-30-inch\/"]}]},{"@type":"ImageObject","inLanguage":"de","@id":"https:\/\/www.alldayled.com\/de\/produkt\/strands-siberia-low-rider-30-inch\/#primaryimage","url":"https:\/\/www.alldayled.com\/wp-content\/uploads\/2023\/02\/ADL89252.png","contentUrl":"https:\/\/www.alldayled.com\/wp-content\/uploads\/2023\/02\/ADL89252.png","width":800,"height":600,"caption":"Strands Siberia Low Rider 30Zoll LED bar - LED Lampe, die f\u00fcr 12 &amp; 24 Volt Betrieb geeignet ist - mit 3 Farben Positionsleuchte und eingebautem LED Blitz - EAN: 7350133811848"},{"@type":"BreadcrumbList","@id":"https:\/\/www.alldayled.com\/de\/produkt\/strands-siberia-low-rider-30-inch\/#breadcrumb","itemListElement":[{"@type":"ListItem","position":1,"name":"Home","item":"https:\/\/www.alldayled.com\/de\/"},{"@type":"ListItem","position":2,"name":"Shop","item":"https:\/\/www.alldayled.com\/de\/shop\/"},{"@type":"ListItem","position":3,"name":"Warnleuchten","item":"https:\/\/www.alldayled.com\/de\/produkt-kategorie\/blitzlichter\/"},{"@type":"ListItem","position":4,"name":"Blitzer","item":"https:\/\/www.alldayled.com\/de\/produkt-kategorie\/blitzlichter\/flitser\/"},{"@type":"ListItem","position":5,"name":"Strands Siberia Low Rider 30 Zoll"}]},{"@type":"WebSite","@id":"https:\/\/www.alldayled.com\/de\/#website","url":"https:\/\/www.alldayled.com\/de\/","name":"All Day Led","description":"Verlichting voor 12&amp;24 volt gebruik","publisher":{"@id":"https:\/\/www.alldayled.com\/de\/#organization"},"potentialAction":[{"@type":"SearchAction","target":{"@type":"EntryPoint","urlTemplate":"https:\/\/www.alldayled.com\/de\/?s={search_term_string}"},"query-input":{"@type":"PropertyValueSpecification","valueRequired":true,"valueName":"search_term_string"}}],"inLanguage":"de"},{"@type":"Organization","@id":"https:\/\/www.alldayled.com\/de\/#organization","name":"All Day Led","url":"https:\/\/www.alldayled.com\/de\/","logo":{"@type":"ImageObject","inLanguage":"de","@id":"https:\/\/www.alldayled.com\/de\/#\/schema\/logo\/image\/","url":"https:\/\/www.alldayled.com\/wp-content\/uploads\/2025\/10\/Logo-ALL-DAY-LED-800x800-zwart-witte-letters.png","contentUrl":"https:\/\/www.alldayled.com\/wp-content\/uploads\/2025\/10\/Logo-ALL-DAY-LED-800x800-zwart-witte-letters.png","width":800,"height":800,"caption":"All Day Led"},"image":{"@id":"https:\/\/www.alldayled.com\/de\/#\/schema\/logo\/image\/"},"sameAs":["https:\/\/www.facebook.com\/alldayled\/","https:\/\/www.instagram.com\/alldayled\/"],"vatID":"NL863960133B01","taxID":"86416545"}]},"product_brand":"Strands","product_price_amount":"289.00","product_price_currency":"EUR","og_availability":"instock","product_availability":"instock","product_retailer_item_id":"ADL809252","product_condition":"new"},"_links":{"self":[{"href":"https:\/\/www.alldayled.com\/de\/wp-json\/wp\/v2\/product\/68534","targetHints":{"allow":["GET"]}}],"collection":[{"href":"https:\/\/www.alldayled.com\/de\/wp-json\/wp\/v2\/product"}],"about":[{"href":"https:\/\/www.alldayled.com\/de\/wp-json\/wp\/v2\/types\/product"}],"replies":[{"embeddable":true,"href":"https:\/\/www.alldayled.com\/de\/wp-json\/wp\/v2\/comments?post=68534"}],"wp:featuredmedia":[{"embeddable":true,"href":"https:\/\/www.alldayled.com\/de\/wp-json\/wp\/v2\/media\/24189"}],"wp:attachment":[{"href":"https:\/\/www.alldayled.com\/de\/wp-json\/wp\/v2\/media?parent=68534"}],"wp:term":[{"taxonomy":"product_brand","embeddable":true,"href":"https:\/\/www.alldayled.com\/de\/wp-json\/wp\/v2\/product_brand?post=68534"},{"taxonomy":"product_cat","embeddable":true,"href":"https:\/\/www.alldayled.com\/de\/wp-json\/wp\/v2\/product_cat?post=68534"},{"taxonomy":"product_tag","embeddable":true,"href":"https:\/\/www.alldayled.com\/de\/wp-json\/wp\/v2\/product_tag?post=68534"}],"curies":[{"name":"wp","href":"https:\/\/api.w.org\/{rel}","templated":true}]}}