{"id":68539,"date":"2020-04-23T17:00:08","date_gmt":"2020-04-23T15:00:08","guid":{"rendered":"https:\/\/www.alldayled.com\/product\/armatuur-wit-kanlux\/"},"modified":"2020-04-23T17:00:08","modified_gmt":"2020-04-23T15:00:08","slug":"armatuur-wit-kanlux","status":"publish","type":"product","link":"https:\/\/www.alldayled.com\/de\/produkt\/armatuur-wit-kanlux\/","title":{"rendered":"Kanlux Einbau Armatur &#8211; wei\u00df"},"content":{"rendered":"<p><span style=\"color: #000000;\"><strong>Kanlux Einbau Armatur wei\u00df f\u00fcr deinen LED Innenraumstrahler.<\/strong><\/span><\/p>\n<p>Hast du einen GU5.3 LED Spot gekauft und m\u00f6chtest diesen ordentlich in eine Armatur einsetzen? Dann ist diese Kanlux Einbauarmatur ideal! Die Kanlux Armatur wei\u00df ist aus Aluminium und geeignet f\u00fcr alle Spots mit einer GU5.3 Fassung. Dank der perfekten Passform sitzt der Spot immer fest. Die Armatur ist schwarz, schwenkbar und wird einzeln geliefert (ohne Spot). So kannst du den Spot einfach in die gew\u00fcnschte Richtung ausrichten. Hinweis: F\u00fcr die Installation ben\u00f6tigst du eine Mindesteinbautiefe von 65 mm.      <\/p>\n<p>Um sicherzustellen, dass dies die Armatur ist, die Sie suchen, haben wir die wichtigsten Eigenschaften aufgelistet. Die Armatur ist aus hochwertigem Material gefertigt und somit gut vor Wind und Wetter gesch\u00fctzt. Die Zugfeder an der Seite sorgt daf\u00fcr, dass die Armatur fest an ihrem Platz bleibt. Kurz gesagt, mit dieser Kanlux Armatur sitzt Ihr LED Spot immer fest, sicher und am richtigen Platz.   <\/p>\n<h5><span style=\"color: #000000;\"><strong>Abmessungen:<\/strong><\/span><\/h5>\n<p><span style=\"color: #000000;\">Um sicherzustellen, dass du die Einbau Armatur wei\u00df dort montieren kannst, wo du m\u00f6chtest, haben wir unten die Abmessungen notiert. Die Abmessungen der Kanlux Armatur wei\u00df sind wie folgt: <\/span><\/p>\n<ul>\n<li><span style=\"color: #000000;\">Bohrdurchmesser: 75 mm<\/span><\/li>\n<li><span style=\"color: #000000;\">Durchmesser Armatur: 82 mm<\/span><\/li>\n<li><span style=\"color: #000000;\">Dicke Rand Armatur: 4 mm<\/span><\/li>\n<\/ul>\n<h5><span style=\"color: #000000;\"><strong>Andere Farben:<\/strong><\/span><\/h5>\n<p><span style=\"color: #000000;\">Bist du auf der Suche nach einer Kanlux Einbau Armatur, aber nicht in der Farbe Wei\u00df? Beachte, dass dieses Modell der Marke Kanlux auch in den folgenden Farben erh\u00e4ltlich ist: <\/span><\/p>\n<ul>\n<li><span style=\"color: #000000;\"><a style=\"color: #000000;\" href=\"https:\/\/www.alldayled.com\/de\/produkt\/armatuur-rvs-kanlux\/\"><b>Kanlux Vidi Armatur &#8211; Edelstahl<\/b><\/a><\/span><\/li>\n<li><span style=\"color: #000000;\"><a style=\"color: #000000;\" href=\"https:\/\/www.alldayled.com\/de\/produkt\/armatuur-zwart-kanlux\/\"><b>Kanlux Vidi Armatur &#8211; schwarz <\/b><\/a><\/span><\/li>\n<\/ul>\n<p><span style=\"color: #000000;\">Bist du dennoch der Meinung, dass diese Einbau Armatur wei\u00df nicht das ist, was du suchst? Einfach weil die Farbe oder Form nicht deinen W\u00fcnschen entspricht? Dann wirf doch einen Blick auf unsere Seite <g id=\"gid_0\">Innenbeleuchtung<\/g>. Vielleicht findest du hier das Lampenmodell, wonach du suchst.    <\/span><\/p>\n","protected":false},"excerpt":{"rendered":"<p>Einbau Armatur von Kanlux in Wei\u00df ausgef\u00fchrt. Passend f\u00fcr einen GU5.3 LED Spot. <\/p>\n","protected":false},"featured_media":15360,"comment_status":"open","ping_status":"closed","template":"","meta":{"_acf_changed":false},"product_brand":[6493],"product_cat":[5371,5389],"product_tag":[9590,9639,9588,9589,9118,9160],"class_list":{"0":"post-68539","1":"product","2":"type-product","3":"status-publish","4":"has-post-thumbnail","6":"product_brand-kanlux","7":"product_cat-inbouw-verlichting-12-volt","8":"product_cat-inbouw-verlichting-24-volt","9":"product_tag-deckenleuchte","10":"product_tag-einbau-armatur-gu5-3","11":"product_tag-einbauleuchte","12":"product_tag-interior-spot","13":"product_tag-kabinenbeleuchtung","14":"product_tag-truckstyling","16":"first","17":"instock","18":"taxable","19":"shipping-taxable","20":"purchasable","21":"product-type-simple"},"acf":[],"yoast_head":"<!-- This site is optimized with the Yoast SEO Premium plugin v26.5 (Yoast SEO v27.1.1) - https:\/\/yoast.com\/product\/yoast-seo-premium-wordpress\/ -->\n<title>Kanlux Armatur wei\u00df - Einbau - All Day Led - f\u00fcr 12&amp;24V<\/title>\n<meta name=\"description\" content=\"Kanlux Armatur wei\u00df - Befestigung LED Innenraumstrahler - Truckstyling - sofort lieferbar - Kabinenbeleuchtung - LKW - GU5.3 Spot\" \/>\n<meta name=\"robots\" content=\"index, follow, max-snippet:-1, max-image-preview:large, max-video-preview:-1\" \/>\n<link rel=\"canonical\" href=\"https:\/\/www.alldayled.com\/de\/produkt\/armatuur-wit-kanlux\/\" \/>\n<meta property=\"og:locale\" content=\"de_DE\" \/>\n<meta property=\"og:type\" content=\"article\" \/>\n<meta property=\"og:title\" content=\"Kanlux Einbau Armatur - wei\u00df\" \/>\n<meta property=\"og:description\" content=\"Einbau Armatur von Kanlux in Wei\u00df ausgef\u00fchrt. Passend f\u00fcr einen GU5.3 LED Spot.\" \/>\n<meta property=\"og:url\" content=\"https:\/\/www.alldayled.com\/de\/produkt\/armatuur-wit-kanlux\/\" \/>\n<meta property=\"og:site_name\" content=\"All Day Led\" \/>\n<meta property=\"article:publisher\" content=\"https:\/\/www.facebook.com\/alldayled\/\" \/>\n<meta property=\"og:image\" content=\"https:\/\/www.alldayled.com\/wp-content\/uploads\/2020\/04\/ADL10500-W.jpg\" \/>\n\t<meta property=\"og:image:width\" content=\"800\" \/>\n\t<meta property=\"og:image:height\" content=\"600\" \/>\n\t<meta property=\"og:image:type\" content=\"image\/jpeg\" \/>\n<meta name=\"twitter:label1\" content=\"Preis\" \/>\n\t<meta name=\"twitter:data1\" content=\"&euro;&nbsp;8,95\" \/>\n\t<meta name=\"twitter:label2\" content=\"Verf\u00fcgbarkeit\" \/>\n\t<meta name=\"twitter:data2\" content=\"Auf Lager\" \/>\n<script type=\"application\/ld+json\" class=\"yoast-schema-graph\">{\"@context\":\"https:\/\/schema.org\",\"@graph\":[{\"@type\":\"WebPage\",\"@id\":\"https:\/\/www.alldayled.com\/de\/produkt\/armatuur-wit-kanlux\/\",\"url\":\"https:\/\/www.alldayled.com\/de\/produkt\/armatuur-wit-kanlux\/\",\"name\":\"Kanlux Armatur wei\u00df - Einbau - All Day Led - f\u00fcr 12&24V\",\"isPartOf\":{\"@id\":\"https:\/\/www.alldayled.com\/de\/#website\"},\"primaryImageOfPage\":{\"@id\":\"https:\/\/www.alldayled.com\/de\/produkt\/armatuur-wit-kanlux\/#primaryimage\"},\"image\":{\"@id\":\"https:\/\/www.alldayled.com\/de\/produkt\/armatuur-wit-kanlux\/#primaryimage\"},\"thumbnailUrl\":\"https:\/\/www.alldayled.com\/wp-content\/uploads\/2020\/04\/ADL10500-W.jpg\",\"datePublished\":\"2020-04-23T15:00:08+00:00\",\"description\":\"Kanlux Armatur wei\u00df - Befestigung LED Innenraumstrahler - Truckstyling - sofort lieferbar - Kabinenbeleuchtung - LKW - GU5.3 Spot\",\"breadcrumb\":{\"@id\":\"https:\/\/www.alldayled.com\/de\/produkt\/armatuur-wit-kanlux\/#breadcrumb\"},\"inLanguage\":\"de\",\"potentialAction\":[{\"@type\":\"ReadAction\",\"target\":[\"https:\/\/www.alldayled.com\/de\/produkt\/armatuur-wit-kanlux\/\"]}]},{\"@type\":\"ImageObject\",\"inLanguage\":\"de\",\"@id\":\"https:\/\/www.alldayled.com\/de\/produkt\/armatuur-wit-kanlux\/#primaryimage\",\"url\":\"https:\/\/www.alldayled.com\/wp-content\/uploads\/2020\/04\/ADL10500-W.jpg\",\"contentUrl\":\"https:\/\/www.alldayled.com\/wp-content\/uploads\/2020\/04\/ADL10500-W.jpg\",\"width\":800,\"height\":600,\"caption\":\"Armatur f\u00fcr Innenraumstrahler schwarz - KANLUX BASIC CTC-515-W - EAN: 5905339027801\"},{\"@type\":\"BreadcrumbList\",\"@id\":\"https:\/\/www.alldayled.com\/de\/produkt\/armatuur-wit-kanlux\/#breadcrumb\",\"itemListElement\":[{\"@type\":\"ListItem\",\"position\":1,\"name\":\"Home\",\"item\":\"https:\/\/www.alldayled.com\/de\/\"},{\"@type\":\"ListItem\",\"position\":2,\"name\":\"Shop\",\"item\":\"https:\/\/www.alldayled.com\/de\/shop\/\"},{\"@type\":\"ListItem\",\"position\":3,\"name\":\"Beleuchtung\",\"item\":\"https:\/\/www.alldayled.com\/de\/produkt-kategorie\/beleuchtung\/\"},{\"@type\":\"ListItem\",\"position\":4,\"name\":\"Beleuchtung 24 Volt\",\"item\":\"https:\/\/www.alldayled.com\/de\/produkt-kategorie\/beleuchtung\/verlichting-24-volt\/\"},{\"@type\":\"ListItem\",\"position\":5,\"name\":\"Einbauleuchten\",\"item\":\"https:\/\/www.alldayled.com\/de\/produkt-kategorie\/beleuchtung\/verlichting-24-volt\/inbouw-verlichting-24-volt\/\"},{\"@type\":\"ListItem\",\"position\":6,\"name\":\"Kanlux Einbau Armatur &#8211; wei\u00df\"}]},{\"@type\":\"WebSite\",\"@id\":\"https:\/\/www.alldayled.com\/de\/#website\",\"url\":\"https:\/\/www.alldayled.com\/de\/\",\"name\":\"All Day Led\",\"description\":\"Verlichting voor 12&amp;24 volt gebruik\",\"publisher\":{\"@id\":\"https:\/\/www.alldayled.com\/de\/#organization\"},\"potentialAction\":[{\"@type\":\"SearchAction\",\"target\":{\"@type\":\"EntryPoint\",\"urlTemplate\":\"https:\/\/www.alldayled.com\/de\/?s={search_term_string}\"},\"query-input\":{\"@type\":\"PropertyValueSpecification\",\"valueRequired\":true,\"valueName\":\"search_term_string\"}}],\"inLanguage\":\"de\"},{\"@type\":\"Organization\",\"@id\":\"https:\/\/www.alldayled.com\/de\/#organization\",\"name\":\"All Day Led\",\"url\":\"https:\/\/www.alldayled.com\/de\/\",\"logo\":{\"@type\":\"ImageObject\",\"inLanguage\":\"de\",\"@id\":\"https:\/\/www.alldayled.com\/de\/#\/schema\/logo\/image\/\",\"url\":\"https:\/\/www.alldayled.com\/wp-content\/uploads\/2025\/10\/Logo-ALL-DAY-LED-800x800-zwart-witte-letters.png\",\"contentUrl\":\"https:\/\/www.alldayled.com\/wp-content\/uploads\/2025\/10\/Logo-ALL-DAY-LED-800x800-zwart-witte-letters.png\",\"width\":800,\"height\":800,\"caption\":\"All Day Led\"},\"image\":{\"@id\":\"https:\/\/www.alldayled.com\/de\/#\/schema\/logo\/image\/\"},\"sameAs\":[\"https:\/\/www.facebook.com\/alldayled\/\",\"https:\/\/www.instagram.com\/alldayled\/\"],\"vatID\":\"NL863960133B01\",\"taxID\":\"86416545\"}]}<\/script>\n<meta property=\"product:brand\" content=\"Kanlux\" \/>\n<meta property=\"product:price:amount\" content=\"8.95\" \/>\n<meta property=\"product:price:currency\" content=\"EUR\" \/>\n<meta property=\"og:availability\" content=\"instock\" \/>\n<meta property=\"product:availability\" content=\"instock\" \/>\n<meta property=\"product:retailer_item_id\" content=\"ADL05515-W\" \/>\n<meta property=\"product:condition\" content=\"new\" \/>\n<!-- \/ Yoast SEO Premium plugin. -->","yoast_head_json":{"title":"Kanlux Armatur wei\u00df - Einbau - All Day Led - f\u00fcr 12&24V","description":"Kanlux Armatur wei\u00df - Befestigung LED Innenraumstrahler - Truckstyling - sofort lieferbar - Kabinenbeleuchtung - LKW - GU5.3 Spot","robots":{"index":"index","follow":"follow","max-snippet":"max-snippet:-1","max-image-preview":"max-image-preview:large","max-video-preview":"max-video-preview:-1"},"canonical":"https:\/\/www.alldayled.com\/de\/produkt\/armatuur-wit-kanlux\/","og_locale":"de_DE","og_type":"article","og_title":"Kanlux Einbau Armatur - wei\u00df","og_description":"Einbau Armatur von Kanlux in Wei\u00df ausgef\u00fchrt. Passend f\u00fcr einen GU5.3 LED Spot.","og_url":"https:\/\/www.alldayled.com\/de\/produkt\/armatuur-wit-kanlux\/","og_site_name":"All Day Led","article_publisher":"https:\/\/www.facebook.com\/alldayled\/","og_image":[{"width":800,"height":600,"url":"https:\/\/www.alldayled.com\/wp-content\/uploads\/2020\/04\/ADL10500-W.jpg","type":"image\/jpeg"}],"twitter_misc":{"Preis":"&euro;&nbsp;8,95","Verf\u00fcgbarkeit":"Auf Lager"},"schema":{"@context":"https:\/\/schema.org","@graph":[{"@type":"WebPage","@id":"https:\/\/www.alldayled.com\/de\/produkt\/armatuur-wit-kanlux\/","url":"https:\/\/www.alldayled.com\/de\/produkt\/armatuur-wit-kanlux\/","name":"Kanlux Armatur wei\u00df - Einbau - All Day Led - f\u00fcr 12&24V","isPartOf":{"@id":"https:\/\/www.alldayled.com\/de\/#website"},"primaryImageOfPage":{"@id":"https:\/\/www.alldayled.com\/de\/produkt\/armatuur-wit-kanlux\/#primaryimage"},"image":{"@id":"https:\/\/www.alldayled.com\/de\/produkt\/armatuur-wit-kanlux\/#primaryimage"},"thumbnailUrl":"https:\/\/www.alldayled.com\/wp-content\/uploads\/2020\/04\/ADL10500-W.jpg","datePublished":"2020-04-23T15:00:08+00:00","description":"Kanlux Armatur wei\u00df - Befestigung LED Innenraumstrahler - Truckstyling - sofort lieferbar - Kabinenbeleuchtung - LKW - GU5.3 Spot","breadcrumb":{"@id":"https:\/\/www.alldayled.com\/de\/produkt\/armatuur-wit-kanlux\/#breadcrumb"},"inLanguage":"de","potentialAction":[{"@type":"ReadAction","target":["https:\/\/www.alldayled.com\/de\/produkt\/armatuur-wit-kanlux\/"]}]},{"@type":"ImageObject","inLanguage":"de","@id":"https:\/\/www.alldayled.com\/de\/produkt\/armatuur-wit-kanlux\/#primaryimage","url":"https:\/\/www.alldayled.com\/wp-content\/uploads\/2020\/04\/ADL10500-W.jpg","contentUrl":"https:\/\/www.alldayled.com\/wp-content\/uploads\/2020\/04\/ADL10500-W.jpg","width":800,"height":600,"caption":"Armatur f\u00fcr Innenraumstrahler schwarz - KANLUX BASIC CTC-515-W - EAN: 5905339027801"},{"@type":"BreadcrumbList","@id":"https:\/\/www.alldayled.com\/de\/produkt\/armatuur-wit-kanlux\/#breadcrumb","itemListElement":[{"@type":"ListItem","position":1,"name":"Home","item":"https:\/\/www.alldayled.com\/de\/"},{"@type":"ListItem","position":2,"name":"Shop","item":"https:\/\/www.alldayled.com\/de\/shop\/"},{"@type":"ListItem","position":3,"name":"Beleuchtung","item":"https:\/\/www.alldayled.com\/de\/produkt-kategorie\/beleuchtung\/"},{"@type":"ListItem","position":4,"name":"Beleuchtung 24 Volt","item":"https:\/\/www.alldayled.com\/de\/produkt-kategorie\/beleuchtung\/verlichting-24-volt\/"},{"@type":"ListItem","position":5,"name":"Einbauleuchten","item":"https:\/\/www.alldayled.com\/de\/produkt-kategorie\/beleuchtung\/verlichting-24-volt\/inbouw-verlichting-24-volt\/"},{"@type":"ListItem","position":6,"name":"Kanlux Einbau Armatur &#8211; wei\u00df"}]},{"@type":"WebSite","@id":"https:\/\/www.alldayled.com\/de\/#website","url":"https:\/\/www.alldayled.com\/de\/","name":"All Day Led","description":"Verlichting voor 12&amp;24 volt gebruik","publisher":{"@id":"https:\/\/www.alldayled.com\/de\/#organization"},"potentialAction":[{"@type":"SearchAction","target":{"@type":"EntryPoint","urlTemplate":"https:\/\/www.alldayled.com\/de\/?s={search_term_string}"},"query-input":{"@type":"PropertyValueSpecification","valueRequired":true,"valueName":"search_term_string"}}],"inLanguage":"de"},{"@type":"Organization","@id":"https:\/\/www.alldayled.com\/de\/#organization","name":"All Day Led","url":"https:\/\/www.alldayled.com\/de\/","logo":{"@type":"ImageObject","inLanguage":"de","@id":"https:\/\/www.alldayled.com\/de\/#\/schema\/logo\/image\/","url":"https:\/\/www.alldayled.com\/wp-content\/uploads\/2025\/10\/Logo-ALL-DAY-LED-800x800-zwart-witte-letters.png","contentUrl":"https:\/\/www.alldayled.com\/wp-content\/uploads\/2025\/10\/Logo-ALL-DAY-LED-800x800-zwart-witte-letters.png","width":800,"height":800,"caption":"All Day Led"},"image":{"@id":"https:\/\/www.alldayled.com\/de\/#\/schema\/logo\/image\/"},"sameAs":["https:\/\/www.facebook.com\/alldayled\/","https:\/\/www.instagram.com\/alldayled\/"],"vatID":"NL863960133B01","taxID":"86416545"}]},"product_brand":"Kanlux","product_price_amount":"8.95","product_price_currency":"EUR","og_availability":"instock","product_availability":"instock","product_retailer_item_id":"ADL05515-W","product_condition":"new"},"_links":{"self":[{"href":"https:\/\/www.alldayled.com\/de\/wp-json\/wp\/v2\/product\/68539","targetHints":{"allow":["GET"]}}],"collection":[{"href":"https:\/\/www.alldayled.com\/de\/wp-json\/wp\/v2\/product"}],"about":[{"href":"https:\/\/www.alldayled.com\/de\/wp-json\/wp\/v2\/types\/product"}],"replies":[{"embeddable":true,"href":"https:\/\/www.alldayled.com\/de\/wp-json\/wp\/v2\/comments?post=68539"}],"wp:featuredmedia":[{"embeddable":true,"href":"https:\/\/www.alldayled.com\/de\/wp-json\/wp\/v2\/media\/15360"}],"wp:attachment":[{"href":"https:\/\/www.alldayled.com\/de\/wp-json\/wp\/v2\/media?parent=68539"}],"wp:term":[{"taxonomy":"product_brand","embeddable":true,"href":"https:\/\/www.alldayled.com\/de\/wp-json\/wp\/v2\/product_brand?post=68539"},{"taxonomy":"product_cat","embeddable":true,"href":"https:\/\/www.alldayled.com\/de\/wp-json\/wp\/v2\/product_cat?post=68539"},{"taxonomy":"product_tag","embeddable":true,"href":"https:\/\/www.alldayled.com\/de\/wp-json\/wp\/v2\/product_tag?post=68539"}],"curies":[{"name":"wp","href":"https:\/\/api.w.org\/{rel}","templated":true}]}}