{"id":68543,"date":"2023-09-29T15:47:44","date_gmt":"2023-09-29T13:47:44","guid":{"rendered":"https:\/\/www.alldayled.com\/product\/h4-xtreme-led-lampen-set-wit\/"},"modified":"2023-09-29T15:47:44","modified_gmt":"2023-09-29T13:47:44","slug":"h4-xtreme-led-lampen-set-wit","status":"publish","type":"product","link":"https:\/\/www.alldayled.com\/de\/produkt\/h4-xtreme-led-lampen-set-wit\/","title":{"rendered":"H4 Xtreme LED Lampe set &#8211; wei\u00df"},"content":{"rendered":"<p><span style=\"color: #000000;\"><strong>H4 Xtreme LED Lampe set, f\u00fcr 12 &amp; 24 Volt. <\/strong><\/span><\/p>\n<p><span style=\"color: #000000;\">M\u00f6chtest du die originale H4-Lampe deines Fahrzeugs durch eine LED-Lampe ersetzen? Aber du wei\u00dft nicht genau, welche Lampe du brauchst? Dann ist dieses H4 Xtreme LED Lampe set vielleicht genau das, wonach du suchst! Dieses leistungsstarke Set ist mit 10 hellen LED-Punkten pro Lampe ausgestattet und wird als 2er-Set geliefert. Dadurch ist eine intensive Lichtb\u00fcndelung gew\u00e4hrleistet, die sowohl tags\u00fcber als auch nachts hervorragend sichtbar ist.    <\/span><\/p>\n<p><span style=\"color: #000000;\">Zudem verf\u00fcgt das H4 Xtreme LED Lampe set \u00fcber Abblend- und Fernlichtfunktionen. Das bedeutet, dass du immer optimale Sicht hast, unabh\u00e4ngig von der Situation. Die Lampen sind f\u00fcr 12 und 24 Volt geeignet, sodass du sie beispielsweise in deinem Auto, LKW, Wohnmobil, Traktor oder einem anderen Fahrzeug verwenden kannst. Besonders gut: Die Lampen haben eine hohe Lichtausbeute und geben ein helles, wei\u00dfes Licht, vergleichbar mit oder sogar besser als eine herk\u00f6mmliche H4-Halogenlampe. So f\u00e4hrst du sicherer und siehst mehr von der Stra\u00dfe.    <\/span><\/p>\n<h5><span style=\"color: #000000;\"><strong>Abmessungen:<\/strong><\/span><\/h5>\n<p><span style=\"color: #000000;\">Da du vor dem Kauf wissen m\u00f6chtest, ob die Lampe mit ihren Abmessungen dort passt, wo du sie montieren m\u00f6chtest, haben wir unten die Abmessungen der H4 Xtreme LED Lampe notiert. Die Abmessungen der H4 LED Lampe sind wie folgt: <\/span><\/p>\n<ul>\n<li><span style=\"color: #000000;\">Einbautiefe: 36,3 mm<\/span><\/li>\n<li><span style=\"color: #000000;\">Gesamth\u00f6he: 83,2 mm<\/span><\/li>\n<li><span style=\"color: #000000;\">Durchmesser: 16 mm<\/span><\/li>\n<\/ul>\n<p><span style=\"color: #000000;\"><em>Bitte beachte, diese LED Lampen sind in den meisten F\u00e4llen CAN-Bus-tauglich. Das bedeutet, dass die Lampe keine Fehlermeldung im Armaturenbrett anzeigen wird. Dies gilt haupts\u00e4chlich f\u00fcr \u00e4ltere Modelle von Autos und LKWs. Neuere Fahrzeuge k\u00f6nnen in einigen F\u00e4llen jedoch eine Meldung im Armaturenbrett erhalten. Zus\u00e4tzliche Beleuchtung wie Fernscheinwerfer oder Skylights sind von diesem System ausgeschlossen.    <\/em><\/span><\/p>\n<h5><span style=\"color: #000000;\"><strong>Andere Versionen: <\/strong><\/span><\/h5>\n<p><span style=\"color: #000000;\">M\u00f6chtest du ein Xtreme LED Lampe set kaufen? Aber du kannst die H4-Variante in deinem Fahrzeug nicht montieren, weil du einen anderen Anschluss hast? Dann wisse, dass dieses LED Lampe set auch mit den folgenden Anschl\u00fcssen erh\u00e4ltlich ist:  <\/span><\/p>\n<ul>\n<li><span style=\"color: #000000;\"><a style=\"color: #000000;\" href=\"https:\/\/www.alldayled.com\/de\/produkt\/h7-xtreme-led-lampen-set-wit\/\" target=\"_blank\" rel=\"noopener\"><strong>Xtreme H7 Lampe set <\/strong><\/a><\/span><\/li>\n<li><span style=\"color: #000000;\"><a style=\"color: #000000;\" href=\"https:\/\/www.alldayled.com\/de\/produkt\/h11-xtreme-led-lampen-set-wit\/\" target=\"_blank\" rel=\"noopener\"><strong>Xtreme H11 Lampe set <\/strong><\/a><\/span><\/li>\n<\/ul>\n<h5><span style=\"color: #000000;\"><strong>Warum hat diese LED Lampe kein E-Pr\u00fcfzeichen:<\/strong><\/span><\/h5>\n<p><span style=\"color: #000000;\">Ersatzlampen m\u00fcssen die europ\u00e4ischen Normen f\u00fcr Sicherheit, Wasserdichtigkeit und Kurzschlussschutz (ECE R37) erf\u00fcllen. Diese Normen basieren auf den alten Gl\u00fch- und Halogenlampen. LED-Ersatzlampen k\u00f6nnen diese nicht erf\u00fcllen, da sie keinen Gl\u00fchfaden haben. Daher erh\u00e4lt diese LED Lampe nicht das ECE R37-Pr\u00fcfzeichen und darf offiziell nicht auf \u00f6ffentlichen Stra\u00dfen verwendet werden. Sie k\u00f6nnen diese BA15S LED Lampe jedoch sicher auf Ihrem eigenen Gel\u00e4nde oder beispielsweise im Rennsport verwenden. So holen Sie das Maximum aus der Lampe heraus, ohne dass es zu rechtlichen Problemen kommt.     <\/span><\/p>\n","protected":false},"excerpt":{"rendered":"<p>H4 Xtreme LED Lampe set. Ganze 2500 Lumen pro Lampe, f\u00fcr 12 &amp; 24 Volt. <\/p>\n","protected":false},"featured_media":25686,"comment_status":"open","ping_status":"closed","template":"","meta":{"_acf_changed":false},"product_brand":[6501],"product_cat":[5302],"product_tag":[9647,9648,9650,9649,9651,9652],"class_list":{"0":"post-68543","1":"product","2":"type-product","3":"status-publish","4":"has-post-thumbnail","6":"product_brand-mtrs","7":"product_cat-abblendlicht","8":"product_tag-led-abblendlicht","9":"product_tag-led-abblendlicht-auto","10":"product_tag-led-abblendlicht-lkw","11":"product_tag-led-abblendlicht-motorrad","12":"product_tag-led-lampe-traktor","13":"product_tag-led-nebelscheinwerfer","15":"first","16":"instock","17":"taxable","18":"shipping-taxable","19":"purchasable","20":"product-type-simple"},"acf":[],"yoast_head":"<!-- This site is optimized with the Yoast SEO Premium plugin v26.5 (Yoast SEO v27.1.1) - https:\/\/yoast.com\/product\/yoast-seo-premium-wordpress\/ -->\n<title>H4 Xtreme LED Lampe set - wei\u00df - f\u00fcr 12&amp;24 Volt Verwendung<\/title>\n<meta name=\"description\" content=\"H4 Xtreme LED Lampe set - xenon wei\u00df - 12 &amp; 24 Volt - Auto, Motorrad, LKW und mehr - hervorragendes Lichtbild - geliefert als Set von 2 Lampen\" \/>\n<meta name=\"robots\" content=\"index, follow, max-snippet:-1, max-image-preview:large, max-video-preview:-1\" \/>\n<link rel=\"canonical\" href=\"https:\/\/www.alldayled.com\/de\/produkt\/h4-xtreme-led-lampen-set-wit\/\" \/>\n<meta property=\"og:locale\" content=\"de_DE\" \/>\n<meta property=\"og:type\" content=\"article\" \/>\n<meta property=\"og:title\" content=\"H4 Xtreme LED Lampe set - wei\u00df - f\u00fcr 12&amp;24 Volt Verwendung\" \/>\n<meta property=\"og:description\" content=\"H4 Xtreme LED Lampe set - xenon wei\u00df - 12 &amp; 24 Volt - Auto, Motorrad, LKW und mehr - hervorragendes Lichtbild - geliefert als Set von 2 Lampen\" \/>\n<meta property=\"og:url\" content=\"https:\/\/www.alldayled.com\/de\/produkt\/h4-xtreme-led-lampen-set-wit\/\" \/>\n<meta property=\"og:site_name\" content=\"All Day Led\" \/>\n<meta property=\"article:publisher\" content=\"https:\/\/www.facebook.com\/alldayled\/\" \/>\n<meta property=\"og:image\" content=\"https:\/\/www.alldayled.com\/wp-content\/uploads\/2023\/09\/ADL29072.png\" \/>\n<meta name=\"twitter:label1\" content=\"Preis\" \/>\n\t<meta name=\"twitter:data1\" content=\"&euro;&nbsp;89,00\" \/>\n\t<meta name=\"twitter:label2\" content=\"Verf\u00fcgbarkeit\" \/>\n\t<meta name=\"twitter:data2\" content=\"Auf Lager\" \/>\n<script type=\"application\/ld+json\" class=\"yoast-schema-graph\">{\"@context\":\"https:\/\/schema.org\",\"@graph\":[{\"@type\":\"WebPage\",\"@id\":\"https:\/\/www.alldayled.com\/de\/produkt\/h4-xtreme-led-lampen-set-wit\/\",\"url\":\"https:\/\/www.alldayled.com\/de\/produkt\/h4-xtreme-led-lampen-set-wit\/\",\"name\":\"H4 Xtreme LED Lampe set - wei\u00df - f\u00fcr 12&24 Volt Verwendung\",\"isPartOf\":{\"@id\":\"https:\/\/www.alldayled.com\/de\/#website\"},\"primaryImageOfPage\":{\"@id\":\"https:\/\/www.alldayled.com\/de\/produkt\/h4-xtreme-led-lampen-set-wit\/#primaryimage\"},\"image\":{\"@id\":\"https:\/\/www.alldayled.com\/de\/produkt\/h4-xtreme-led-lampen-set-wit\/#primaryimage\"},\"thumbnailUrl\":\"https:\/\/www.alldayled.com\/wp-content\/uploads\/2023\/09\/ADL29072.png\",\"datePublished\":\"2023-09-29T13:47:44+00:00\",\"description\":\"H4 Xtreme LED Lampe set - xenon wei\u00df - 12 & 24 Volt - Auto, Motorrad, LKW und mehr - hervorragendes Lichtbild - geliefert als Set von 2 Lampen\",\"breadcrumb\":{\"@id\":\"https:\/\/www.alldayled.com\/de\/produkt\/h4-xtreme-led-lampen-set-wit\/#breadcrumb\"},\"inLanguage\":\"de\",\"potentialAction\":[{\"@type\":\"ReadAction\",\"target\":[\"https:\/\/www.alldayled.com\/de\/produkt\/h4-xtreme-led-lampen-set-wit\/\"]}]},{\"@type\":\"ImageObject\",\"inLanguage\":\"de\",\"@id\":\"https:\/\/www.alldayled.com\/de\/produkt\/h4-xtreme-led-lampen-set-wit\/#primaryimage\",\"url\":\"https:\/\/www.alldayled.com\/wp-content\/uploads\/2023\/09\/ADL29072.png\",\"contentUrl\":\"https:\/\/www.alldayled.com\/wp-content\/uploads\/2023\/09\/ADL29072.png\",\"width\":800,\"height\":600,\"caption\":\"H4 Xtreme LED Lampe set - H4 LED Lampe f\u00fcr Auto, Motorrad, Wohnmobil, LKW, Traktor und mehr - funktioniert mit 12 und 24 Volt - EAN: 6090537871833\"},{\"@type\":\"BreadcrumbList\",\"@id\":\"https:\/\/www.alldayled.com\/de\/produkt\/h4-xtreme-led-lampen-set-wit\/#breadcrumb\",\"itemListElement\":[{\"@type\":\"ListItem\",\"position\":1,\"name\":\"Home\",\"item\":\"https:\/\/www.alldayled.com\/de\/\"},{\"@type\":\"ListItem\",\"position\":2,\"name\":\"Shop\",\"item\":\"https:\/\/www.alldayled.com\/de\/shop\/\"},{\"@type\":\"ListItem\",\"position\":3,\"name\":\"Abblendlicht\/Nebellicht\",\"item\":\"https:\/\/www.alldayled.com\/de\/produkt-kategorie\/abblendlicht\/\"},{\"@type\":\"ListItem\",\"position\":4,\"name\":\"H4 Xtreme LED Lampe set &#8211; wei\u00df\"}]},{\"@type\":\"WebSite\",\"@id\":\"https:\/\/www.alldayled.com\/de\/#website\",\"url\":\"https:\/\/www.alldayled.com\/de\/\",\"name\":\"All Day Led\",\"description\":\"Verlichting voor 12&amp;24 volt gebruik\",\"publisher\":{\"@id\":\"https:\/\/www.alldayled.com\/de\/#organization\"},\"potentialAction\":[{\"@type\":\"SearchAction\",\"target\":{\"@type\":\"EntryPoint\",\"urlTemplate\":\"https:\/\/www.alldayled.com\/de\/?s={search_term_string}\"},\"query-input\":{\"@type\":\"PropertyValueSpecification\",\"valueRequired\":true,\"valueName\":\"search_term_string\"}}],\"inLanguage\":\"de\"},{\"@type\":\"Organization\",\"@id\":\"https:\/\/www.alldayled.com\/de\/#organization\",\"name\":\"All Day Led\",\"url\":\"https:\/\/www.alldayled.com\/de\/\",\"logo\":{\"@type\":\"ImageObject\",\"inLanguage\":\"de\",\"@id\":\"https:\/\/www.alldayled.com\/de\/#\/schema\/logo\/image\/\",\"url\":\"https:\/\/www.alldayled.com\/wp-content\/uploads\/2025\/10\/Logo-ALL-DAY-LED-800x800-zwart-witte-letters.png\",\"contentUrl\":\"https:\/\/www.alldayled.com\/wp-content\/uploads\/2025\/10\/Logo-ALL-DAY-LED-800x800-zwart-witte-letters.png\",\"width\":800,\"height\":800,\"caption\":\"All Day Led\"},\"image\":{\"@id\":\"https:\/\/www.alldayled.com\/de\/#\/schema\/logo\/image\/\"},\"sameAs\":[\"https:\/\/www.facebook.com\/alldayled\/\",\"https:\/\/www.instagram.com\/alldayled\/\"],\"vatID\":\"NL863960133B01\",\"taxID\":\"86416545\"}]}<\/script>\n<meta property=\"product:brand\" content=\"MTRS\" \/>\n<meta property=\"product:price:amount\" content=\"89.00\" \/>\n<meta property=\"product:price:currency\" content=\"EUR\" \/>\n<meta property=\"og:availability\" content=\"instock\" \/>\n<meta property=\"product:availability\" content=\"instock\" \/>\n<meta property=\"product:retailer_item_id\" content=\"ADL29072\" \/>\n<meta property=\"product:condition\" content=\"new\" \/>\n<!-- \/ Yoast SEO Premium plugin. -->","yoast_head_json":{"title":"H4 Xtreme LED Lampe set - wei\u00df - f\u00fcr 12&24 Volt Verwendung","description":"H4 Xtreme LED Lampe set - xenon wei\u00df - 12 & 24 Volt - Auto, Motorrad, LKW und mehr - hervorragendes Lichtbild - geliefert als Set von 2 Lampen","robots":{"index":"index","follow":"follow","max-snippet":"max-snippet:-1","max-image-preview":"max-image-preview:large","max-video-preview":"max-video-preview:-1"},"canonical":"https:\/\/www.alldayled.com\/de\/produkt\/h4-xtreme-led-lampen-set-wit\/","og_locale":"de_DE","og_type":"article","og_title":"H4 Xtreme LED Lampe set - wei\u00df - f\u00fcr 12&24 Volt Verwendung","og_description":"H4 Xtreme LED Lampe set - xenon wei\u00df - 12 & 24 Volt - Auto, Motorrad, LKW und mehr - hervorragendes Lichtbild - geliefert als Set von 2 Lampen","og_url":"https:\/\/www.alldayled.com\/de\/produkt\/h4-xtreme-led-lampen-set-wit\/","og_site_name":"All Day Led","article_publisher":"https:\/\/www.facebook.com\/alldayled\/","og_image":[{"url":"https:\/\/www.alldayled.com\/wp-content\/uploads\/2023\/09\/ADL29072.png","type":"","width":"","height":""}],"twitter_misc":{"Preis":"&euro;&nbsp;89,00","Verf\u00fcgbarkeit":"Auf Lager"},"schema":{"@context":"https:\/\/schema.org","@graph":[{"@type":"WebPage","@id":"https:\/\/www.alldayled.com\/de\/produkt\/h4-xtreme-led-lampen-set-wit\/","url":"https:\/\/www.alldayled.com\/de\/produkt\/h4-xtreme-led-lampen-set-wit\/","name":"H4 Xtreme LED Lampe set - wei\u00df - f\u00fcr 12&24 Volt Verwendung","isPartOf":{"@id":"https:\/\/www.alldayled.com\/de\/#website"},"primaryImageOfPage":{"@id":"https:\/\/www.alldayled.com\/de\/produkt\/h4-xtreme-led-lampen-set-wit\/#primaryimage"},"image":{"@id":"https:\/\/www.alldayled.com\/de\/produkt\/h4-xtreme-led-lampen-set-wit\/#primaryimage"},"thumbnailUrl":"https:\/\/www.alldayled.com\/wp-content\/uploads\/2023\/09\/ADL29072.png","datePublished":"2023-09-29T13:47:44+00:00","description":"H4 Xtreme LED Lampe set - xenon wei\u00df - 12 & 24 Volt - Auto, Motorrad, LKW und mehr - hervorragendes Lichtbild - geliefert als Set von 2 Lampen","breadcrumb":{"@id":"https:\/\/www.alldayled.com\/de\/produkt\/h4-xtreme-led-lampen-set-wit\/#breadcrumb"},"inLanguage":"de","potentialAction":[{"@type":"ReadAction","target":["https:\/\/www.alldayled.com\/de\/produkt\/h4-xtreme-led-lampen-set-wit\/"]}]},{"@type":"ImageObject","inLanguage":"de","@id":"https:\/\/www.alldayled.com\/de\/produkt\/h4-xtreme-led-lampen-set-wit\/#primaryimage","url":"https:\/\/www.alldayled.com\/wp-content\/uploads\/2023\/09\/ADL29072.png","contentUrl":"https:\/\/www.alldayled.com\/wp-content\/uploads\/2023\/09\/ADL29072.png","width":800,"height":600,"caption":"H4 Xtreme LED Lampe set - H4 LED Lampe f\u00fcr Auto, Motorrad, Wohnmobil, LKW, Traktor und mehr - funktioniert mit 12 und 24 Volt - EAN: 6090537871833"},{"@type":"BreadcrumbList","@id":"https:\/\/www.alldayled.com\/de\/produkt\/h4-xtreme-led-lampen-set-wit\/#breadcrumb","itemListElement":[{"@type":"ListItem","position":1,"name":"Home","item":"https:\/\/www.alldayled.com\/de\/"},{"@type":"ListItem","position":2,"name":"Shop","item":"https:\/\/www.alldayled.com\/de\/shop\/"},{"@type":"ListItem","position":3,"name":"Abblendlicht\/Nebellicht","item":"https:\/\/www.alldayled.com\/de\/produkt-kategorie\/abblendlicht\/"},{"@type":"ListItem","position":4,"name":"H4 Xtreme LED Lampe set &#8211; wei\u00df"}]},{"@type":"WebSite","@id":"https:\/\/www.alldayled.com\/de\/#website","url":"https:\/\/www.alldayled.com\/de\/","name":"All Day Led","description":"Verlichting voor 12&amp;24 volt gebruik","publisher":{"@id":"https:\/\/www.alldayled.com\/de\/#organization"},"potentialAction":[{"@type":"SearchAction","target":{"@type":"EntryPoint","urlTemplate":"https:\/\/www.alldayled.com\/de\/?s={search_term_string}"},"query-input":{"@type":"PropertyValueSpecification","valueRequired":true,"valueName":"search_term_string"}}],"inLanguage":"de"},{"@type":"Organization","@id":"https:\/\/www.alldayled.com\/de\/#organization","name":"All Day Led","url":"https:\/\/www.alldayled.com\/de\/","logo":{"@type":"ImageObject","inLanguage":"de","@id":"https:\/\/www.alldayled.com\/de\/#\/schema\/logo\/image\/","url":"https:\/\/www.alldayled.com\/wp-content\/uploads\/2025\/10\/Logo-ALL-DAY-LED-800x800-zwart-witte-letters.png","contentUrl":"https:\/\/www.alldayled.com\/wp-content\/uploads\/2025\/10\/Logo-ALL-DAY-LED-800x800-zwart-witte-letters.png","width":800,"height":800,"caption":"All Day Led"},"image":{"@id":"https:\/\/www.alldayled.com\/de\/#\/schema\/logo\/image\/"},"sameAs":["https:\/\/www.facebook.com\/alldayled\/","https:\/\/www.instagram.com\/alldayled\/"],"vatID":"NL863960133B01","taxID":"86416545"}]},"product_brand":"MTRS","product_price_amount":"89.00","product_price_currency":"EUR","og_availability":"instock","product_availability":"instock","product_retailer_item_id":"ADL29072","product_condition":"new"},"_links":{"self":[{"href":"https:\/\/www.alldayled.com\/de\/wp-json\/wp\/v2\/product\/68543","targetHints":{"allow":["GET"]}}],"collection":[{"href":"https:\/\/www.alldayled.com\/de\/wp-json\/wp\/v2\/product"}],"about":[{"href":"https:\/\/www.alldayled.com\/de\/wp-json\/wp\/v2\/types\/product"}],"replies":[{"embeddable":true,"href":"https:\/\/www.alldayled.com\/de\/wp-json\/wp\/v2\/comments?post=68543"}],"wp:featuredmedia":[{"embeddable":true,"href":"https:\/\/www.alldayled.com\/de\/wp-json\/wp\/v2\/media\/25686"}],"wp:attachment":[{"href":"https:\/\/www.alldayled.com\/de\/wp-json\/wp\/v2\/media?parent=68543"}],"wp:term":[{"taxonomy":"product_brand","embeddable":true,"href":"https:\/\/www.alldayled.com\/de\/wp-json\/wp\/v2\/product_brand?post=68543"},{"taxonomy":"product_cat","embeddable":true,"href":"https:\/\/www.alldayled.com\/de\/wp-json\/wp\/v2\/product_cat?post=68543"},{"taxonomy":"product_tag","embeddable":true,"href":"https:\/\/www.alldayled.com\/de\/wp-json\/wp\/v2\/product_tag?post=68543"}],"curies":[{"name":"wp","href":"https:\/\/api.w.org\/{rel}","templated":true}]}}