{"id":68555,"date":"2020-04-23T16:55:48","date_gmt":"2020-04-23T14:55:48","guid":{"rendered":"https:\/\/www.alldayled.com\/product\/led-interieur-spot-rood-10-30-volt\/"},"modified":"2026-04-15T22:23:21","modified_gmt":"2026-04-15T20:23:21","slug":"led-interieur-spot-rood-10-30-volt","status":"publish","type":"product","link":"https:\/\/www.alldayled.com\/de\/produkt\/led-interieur-spot-rood-10-30-volt\/","title":{"rendered":"LED Innenraumspot rot 10\/30V"},"content":{"rendered":"<p><span style=\"color: #000000;\"><strong>GU5.3 LED Innenraumspot rot, geeignet f\u00fcr 10\/30 Volt Betrieb. <\/strong><\/span><\/p>\n<p><span style=\"color: #000000;\">Da dieser LED Innenraumspot von 10 bis 30 Volt betrieben werden kann, kannst du ihn beispielsweise f\u00fcr dein Auto, deinen Lieferwagen, deinen LKW, deinen Traktor, deinen Anh\u00e4nger, dein Wohnmobil\/deinen Wohnwagen oder dein Boot verwenden. Da die Spots bis zu 30 Volt betrieben werden k\u00f6nnen, sind sie auch gegen Spannungsspitzen gesch\u00fctzt. Dieser rote GU5.3 Spot ist nicht dimmbar und ist mit 15 LED&#8217;s ausgestattet.  <\/span><\/p>\n<p><span style=\"color: #000000;\">Wenn du diese Lampe in der Innenseite deiner Kabine montieren m\u00f6chtest, musst du daf\u00fcr auch eine Fassung kaufen. Mit dieser Fassung kannst du den LED Spot beispielsweise im Himmel deiner Kabine befestigen. Um diesen Einbauspot verarbeiten zu k\u00f6nnen, ben\u00f6tigst du eine H\u00f6he von mindestens 65 Millimetern.  <\/span><\/p>\n<p><span style=\"color: #000000;\"><em><strong>ACHTUNG<\/strong><\/em>: <em>Dieser GU5.3 Innenraumspot kann das DAB+ Radiosignal st\u00f6ren. Dies ist haupts\u00e4chlich bei LKW der Fall, die ein DAB+ Radio eingebaut haben.<\/em> <\/span><\/p>\n<h5><span style=\"color: #000000;\"><strong>Passende Fassungen:<\/strong><\/span><\/h5>\n<p><span style=\"color: #000000;\">Wenn du auf der Suche nach einer Fassung bist, um diesen GU5.3 LED Spot zu verarbeiten, dann wisse, dass wir die folgenden Fassungen in unserem Sortiment verf\u00fcgbar haben:<\/span><\/p>\n<ul>\n<li><span style=\"color: #000000;\"><strong><a style=\"color: #000000;\" href=\"https:\/\/www.alldayled.com\/de\/produkt\/armatuur-zwart-kanlux\/\">Schwarze Fassung<\/a><\/strong><\/span><\/li>\n<li><span style=\"color: #000000;\"><strong><a style=\"color: #000000;\" href=\"https:\/\/www.alldayled.com\/de\/produkt\/armatuur-wit-kanlux\/\">Wei\u00dfe Fassung<\/a><\/strong><\/span><\/li>\n<li><span style=\"color: #000000;\"><strong><a style=\"color: #000000;\" href=\"https:\/\/www.alldayled.com\/de\/produkt\/armatuur-rvs-kanlux\/\">RVS Fassung<\/a><\/strong><\/span><\/li>\n<\/ul>\n<p><span style=\"color: #000000;\">Mit den oben gezeigten Fassungen kannst du den Innenraumspot nach Wunsch selbst zusammenstellen, egal ob du einen schwarzen, wei\u00dfen oder RVS Look im Innenraum haben m\u00f6chtest, alle Kombinationen sind m\u00f6glich. Du kannst auch noch eine andere Farbe f\u00fcr den Spot w\u00e4hlen. <\/span><\/p>\n<h5><span style=\"color: #000000;\"><strong>\u00dcbrige verf\u00fcgbare Farbe:<\/strong><\/span><\/h5>\n<p><span style=\"color: #000000;\">Bist du auf der Suche nach einem LED Spot f\u00fcr den Innenraum, aber nicht nach der Farbe Rot? Dann schau dir unten die \u00fcbrigen Farben an, die wir in unserem Sortiment verf\u00fcgbar haben: <\/span><\/p>\n<ul>\n<li><span style=\"color: #000000;\"><strong><a style=\"color: #000000;\" href=\"https:\/\/www.alldayled.com\/de\/produkt\/led-interieur-spot-warm-wit-10-30-volt\/\">LED Innenraumspot warm wei\u00df 10\/30V<\/a><\/strong><\/span><\/li>\n<\/ul>\n<p><span style=\"color: #000000;\">Der oben genannte LED Spot ist von 10 bis 30 Volt betriebsbereit. Dadurch kannst du diesen beispielsweise als Innenraumbeleuchtung f\u00fcr dein Auto, deinen Lieferwagen, deinen LKW, deinen Anh\u00e4nger, dein Wohnmobil\/deinen Wohnwagen und mehr montieren. Durch die Montage von 2 LED Spots beispielsweise in deiner LKW-Kabine stellst du sicher, dass die gesamte Kabine beleuchtet ist.  <\/span><\/p>\n","protected":false},"excerpt":{"rendered":"<p>GU5.3 LED Innenraumspot rot funktioniert geeignet f\u00fcr 10 bis 30 Volt.<\/p>\n","protected":false},"featured_media":13881,"comment_status":"open","ping_status":"closed","template":"","meta":{"_acf_changed":false},"product_brand":[5577],"product_cat":[5371,5389],"product_tag":[9661,9662,9186,9118,9581],"class_list":{"0":"post-68555","1":"product","2":"type-product","3":"status-publish","4":"has-post-thumbnail","6":"product_brand-product-all-day-led","7":"product_cat-inbouw-verlichting-12-volt","8":"product_cat-inbouw-verlichting-24-volt","9":"product_tag-gu5-3-led","10":"product_tag-gu5-3-spot","11":"product_tag-innenraumbeleuchtung","12":"product_tag-kabinenbeleuchtung","13":"product_tag-led-einbauspot","15":"first","16":"instock","17":"taxable","18":"shipping-taxable","19":"purchasable","20":"product-type-simple"},"acf":[],"yoast_head":"<!-- This site is optimized with the Yoast SEO Premium plugin v26.5 (Yoast SEO v27.1.1) - https:\/\/yoast.com\/product\/yoast-seo-premium-wordpress\/ -->\n<title>LED Innenraumspot rot 10\/30V All Day Led - f\u00fcr 12&amp;24 Volt<\/title>\n<meta name=\"description\" content=\"LED Innenraumspot rot f\u00fcr 12 und 24 volt - rote Kabinen LED Beleuchtung - Kabinenbeleuchtung - 12&amp;24 volt - GU5.3 LED Spot\" \/>\n<meta name=\"robots\" content=\"index, follow, max-snippet:-1, max-image-preview:large, max-video-preview:-1\" \/>\n<link rel=\"canonical\" href=\"https:\/\/www.alldayled.com\/de\/produkt\/led-interieur-spot-rood-10-30-volt\/\" \/>\n<meta property=\"og:locale\" content=\"de_DE\" \/>\n<meta property=\"og:type\" content=\"article\" \/>\n<meta property=\"og:title\" content=\"LED Innenraumspot rot 10\/30V\" \/>\n<meta property=\"og:description\" content=\"GU5.3 LED Innenraumspot rot funktioniert geeignet f\u00fcr 10 bis 30 Volt.\" \/>\n<meta property=\"og:url\" content=\"https:\/\/www.alldayled.com\/de\/produkt\/led-interieur-spot-rood-10-30-volt\/\" \/>\n<meta property=\"og:site_name\" content=\"All Day Led\" \/>\n<meta property=\"article:publisher\" content=\"https:\/\/www.facebook.com\/alldayled\/\" \/>\n<meta property=\"article:modified_time\" content=\"2026-04-15T20:23:21+00:00\" \/>\n<meta property=\"og:image\" content=\"https:\/\/www.alldayled.com\/wp-content\/uploads\/2020\/03\/ADL00500-R-spot-1.jpg\" \/>\n\t<meta property=\"og:image:width\" content=\"800\" \/>\n\t<meta property=\"og:image:height\" content=\"600\" \/>\n\t<meta property=\"og:image:type\" content=\"image\/jpeg\" \/>\n<meta name=\"twitter:label1\" content=\"Preis\" \/>\n\t<meta name=\"twitter:data1\" content=\"&euro;&nbsp;7,00\" \/>\n\t<meta name=\"twitter:label2\" content=\"Verf\u00fcgbarkeit\" \/>\n\t<meta name=\"twitter:data2\" content=\"Auf Lager\" \/>\n<script type=\"application\/ld+json\" class=\"yoast-schema-graph\">{\"@context\":\"https:\/\/schema.org\",\"@graph\":[{\"@type\":\"WebPage\",\"@id\":\"https:\/\/www.alldayled.com\/de\/produkt\/led-interieur-spot-rood-10-30-volt\/\",\"url\":\"https:\/\/www.alldayled.com\/de\/produkt\/led-interieur-spot-rood-10-30-volt\/\",\"name\":\"LED Innenraumspot rot 10\/30V All Day Led - f\u00fcr 12&24 Volt\",\"isPartOf\":{\"@id\":\"https:\/\/www.alldayled.com\/de\/#website\"},\"primaryImageOfPage\":{\"@id\":\"https:\/\/www.alldayled.com\/de\/produkt\/led-interieur-spot-rood-10-30-volt\/#primaryimage\"},\"image\":{\"@id\":\"https:\/\/www.alldayled.com\/de\/produkt\/led-interieur-spot-rood-10-30-volt\/#primaryimage\"},\"thumbnailUrl\":\"https:\/\/www.alldayled.com\/wp-content\/uploads\/2020\/03\/ADL00500-R-spot-1.jpg\",\"datePublished\":\"2020-04-23T14:55:48+00:00\",\"dateModified\":\"2026-04-15T20:23:21+00:00\",\"description\":\"LED Innenraumspot rot f\u00fcr 12 und 24 volt - rote Kabinen LED Beleuchtung - Kabinenbeleuchtung - 12&24 volt - GU5.3 LED Spot\",\"breadcrumb\":{\"@id\":\"https:\/\/www.alldayled.com\/de\/produkt\/led-interieur-spot-rood-10-30-volt\/#breadcrumb\"},\"inLanguage\":\"de\",\"potentialAction\":[{\"@type\":\"ReadAction\",\"target\":[\"https:\/\/www.alldayled.com\/de\/produkt\/led-interieur-spot-rood-10-30-volt\/\"]}]},{\"@type\":\"ImageObject\",\"inLanguage\":\"de\",\"@id\":\"https:\/\/www.alldayled.com\/de\/produkt\/led-interieur-spot-rood-10-30-volt\/#primaryimage\",\"url\":\"https:\/\/www.alldayled.com\/wp-content\/uploads\/2020\/03\/ADL00500-R-spot-1.jpg\",\"contentUrl\":\"https:\/\/www.alldayled.com\/wp-content\/uploads\/2020\/03\/ADL00500-R-spot-1.jpg\",\"width\":800,\"height\":600,\"caption\":\"LED Innenraumspot rot 10\/30 Volt - roter LED Spot Innenraumbeleuchtung LKW - Wohnmobil - Wohnwagen - Boot\"},{\"@type\":\"BreadcrumbList\",\"@id\":\"https:\/\/www.alldayled.com\/de\/produkt\/led-interieur-spot-rood-10-30-volt\/#breadcrumb\",\"itemListElement\":[{\"@type\":\"ListItem\",\"position\":1,\"name\":\"Home\",\"item\":\"https:\/\/www.alldayled.com\/de\/\"},{\"@type\":\"ListItem\",\"position\":2,\"name\":\"Shop\",\"item\":\"https:\/\/www.alldayled.com\/de\/shop\/\"},{\"@type\":\"ListItem\",\"position\":3,\"name\":\"Beleuchtung\",\"item\":\"https:\/\/www.alldayled.com\/de\/produkt-kategorie\/beleuchtung\/\"},{\"@type\":\"ListItem\",\"position\":4,\"name\":\"Beleuchtung 24 Volt\",\"item\":\"https:\/\/www.alldayled.com\/de\/produkt-kategorie\/beleuchtung\/verlichting-24-volt\/\"},{\"@type\":\"ListItem\",\"position\":5,\"name\":\"Einbauleuchten\",\"item\":\"https:\/\/www.alldayled.com\/de\/produkt-kategorie\/beleuchtung\/verlichting-24-volt\/inbouw-verlichting-24-volt\/\"},{\"@type\":\"ListItem\",\"position\":6,\"name\":\"LED Innenraumspot rot 10\/30V\"}]},{\"@type\":\"WebSite\",\"@id\":\"https:\/\/www.alldayled.com\/de\/#website\",\"url\":\"https:\/\/www.alldayled.com\/de\/\",\"name\":\"All Day Led\",\"description\":\"Verlichting voor 12&amp;24 volt gebruik\",\"publisher\":{\"@id\":\"https:\/\/www.alldayled.com\/de\/#organization\"},\"potentialAction\":[{\"@type\":\"SearchAction\",\"target\":{\"@type\":\"EntryPoint\",\"urlTemplate\":\"https:\/\/www.alldayled.com\/de\/?s={search_term_string}\"},\"query-input\":{\"@type\":\"PropertyValueSpecification\",\"valueRequired\":true,\"valueName\":\"search_term_string\"}}],\"inLanguage\":\"de\"},{\"@type\":\"Organization\",\"@id\":\"https:\/\/www.alldayled.com\/de\/#organization\",\"name\":\"All Day Led\",\"url\":\"https:\/\/www.alldayled.com\/de\/\",\"logo\":{\"@type\":\"ImageObject\",\"inLanguage\":\"de\",\"@id\":\"https:\/\/www.alldayled.com\/de\/#\/schema\/logo\/image\/\",\"url\":\"https:\/\/www.alldayled.com\/wp-content\/uploads\/2025\/10\/Logo-ALL-DAY-LED-800x800-zwart-witte-letters.png\",\"contentUrl\":\"https:\/\/www.alldayled.com\/wp-content\/uploads\/2025\/10\/Logo-ALL-DAY-LED-800x800-zwart-witte-letters.png\",\"width\":800,\"height\":800,\"caption\":\"All Day Led\"},\"image\":{\"@id\":\"https:\/\/www.alldayled.com\/de\/#\/schema\/logo\/image\/\"},\"sameAs\":[\"https:\/\/www.facebook.com\/alldayled\/\",\"https:\/\/www.instagram.com\/alldayled\/\"],\"vatID\":\"NL863960133B01\",\"taxID\":\"86416545\"}]}<\/script>\n<meta property=\"product:brand\" content=\"All Day Led\" \/>\n<meta property=\"product:price:amount\" content=\"7.00\" \/>\n<meta property=\"product:price:currency\" content=\"EUR\" \/>\n<meta property=\"og:availability\" content=\"instock\" \/>\n<meta property=\"product:availability\" content=\"instock\" \/>\n<meta property=\"product:retailer_item_id\" content=\"ADL00500-R\" \/>\n<meta property=\"product:condition\" content=\"new\" \/>\n<!-- \/ Yoast SEO Premium plugin. -->","yoast_head_json":{"title":"LED Innenraumspot rot 10\/30V All Day Led - f\u00fcr 12&24 Volt","description":"LED Innenraumspot rot f\u00fcr 12 und 24 volt - rote Kabinen LED Beleuchtung - Kabinenbeleuchtung - 12&24 volt - GU5.3 LED Spot","robots":{"index":"index","follow":"follow","max-snippet":"max-snippet:-1","max-image-preview":"max-image-preview:large","max-video-preview":"max-video-preview:-1"},"canonical":"https:\/\/www.alldayled.com\/de\/produkt\/led-interieur-spot-rood-10-30-volt\/","og_locale":"de_DE","og_type":"article","og_title":"LED Innenraumspot rot 10\/30V","og_description":"GU5.3 LED Innenraumspot rot funktioniert geeignet f\u00fcr 10 bis 30 Volt.","og_url":"https:\/\/www.alldayled.com\/de\/produkt\/led-interieur-spot-rood-10-30-volt\/","og_site_name":"All Day Led","article_publisher":"https:\/\/www.facebook.com\/alldayled\/","article_modified_time":"2026-04-15T20:23:21+00:00","og_image":[{"width":800,"height":600,"url":"https:\/\/www.alldayled.com\/wp-content\/uploads\/2020\/03\/ADL00500-R-spot-1.jpg","type":"image\/jpeg"}],"twitter_misc":{"Preis":"&euro;&nbsp;7,00","Verf\u00fcgbarkeit":"Auf Lager"},"schema":{"@context":"https:\/\/schema.org","@graph":[{"@type":"WebPage","@id":"https:\/\/www.alldayled.com\/de\/produkt\/led-interieur-spot-rood-10-30-volt\/","url":"https:\/\/www.alldayled.com\/de\/produkt\/led-interieur-spot-rood-10-30-volt\/","name":"LED Innenraumspot rot 10\/30V All Day Led - f\u00fcr 12&24 Volt","isPartOf":{"@id":"https:\/\/www.alldayled.com\/de\/#website"},"primaryImageOfPage":{"@id":"https:\/\/www.alldayled.com\/de\/produkt\/led-interieur-spot-rood-10-30-volt\/#primaryimage"},"image":{"@id":"https:\/\/www.alldayled.com\/de\/produkt\/led-interieur-spot-rood-10-30-volt\/#primaryimage"},"thumbnailUrl":"https:\/\/www.alldayled.com\/wp-content\/uploads\/2020\/03\/ADL00500-R-spot-1.jpg","datePublished":"2020-04-23T14:55:48+00:00","dateModified":"2026-04-15T20:23:21+00:00","description":"LED Innenraumspot rot f\u00fcr 12 und 24 volt - rote Kabinen LED Beleuchtung - Kabinenbeleuchtung - 12&24 volt - GU5.3 LED Spot","breadcrumb":{"@id":"https:\/\/www.alldayled.com\/de\/produkt\/led-interieur-spot-rood-10-30-volt\/#breadcrumb"},"inLanguage":"de","potentialAction":[{"@type":"ReadAction","target":["https:\/\/www.alldayled.com\/de\/produkt\/led-interieur-spot-rood-10-30-volt\/"]}]},{"@type":"ImageObject","inLanguage":"de","@id":"https:\/\/www.alldayled.com\/de\/produkt\/led-interieur-spot-rood-10-30-volt\/#primaryimage","url":"https:\/\/www.alldayled.com\/wp-content\/uploads\/2020\/03\/ADL00500-R-spot-1.jpg","contentUrl":"https:\/\/www.alldayled.com\/wp-content\/uploads\/2020\/03\/ADL00500-R-spot-1.jpg","width":800,"height":600,"caption":"LED Innenraumspot rot 10\/30 Volt - roter LED Spot Innenraumbeleuchtung LKW - Wohnmobil - Wohnwagen - Boot"},{"@type":"BreadcrumbList","@id":"https:\/\/www.alldayled.com\/de\/produkt\/led-interieur-spot-rood-10-30-volt\/#breadcrumb","itemListElement":[{"@type":"ListItem","position":1,"name":"Home","item":"https:\/\/www.alldayled.com\/de\/"},{"@type":"ListItem","position":2,"name":"Shop","item":"https:\/\/www.alldayled.com\/de\/shop\/"},{"@type":"ListItem","position":3,"name":"Beleuchtung","item":"https:\/\/www.alldayled.com\/de\/produkt-kategorie\/beleuchtung\/"},{"@type":"ListItem","position":4,"name":"Beleuchtung 24 Volt","item":"https:\/\/www.alldayled.com\/de\/produkt-kategorie\/beleuchtung\/verlichting-24-volt\/"},{"@type":"ListItem","position":5,"name":"Einbauleuchten","item":"https:\/\/www.alldayled.com\/de\/produkt-kategorie\/beleuchtung\/verlichting-24-volt\/inbouw-verlichting-24-volt\/"},{"@type":"ListItem","position":6,"name":"LED Innenraumspot rot 10\/30V"}]},{"@type":"WebSite","@id":"https:\/\/www.alldayled.com\/de\/#website","url":"https:\/\/www.alldayled.com\/de\/","name":"All Day Led","description":"Verlichting voor 12&amp;24 volt gebruik","publisher":{"@id":"https:\/\/www.alldayled.com\/de\/#organization"},"potentialAction":[{"@type":"SearchAction","target":{"@type":"EntryPoint","urlTemplate":"https:\/\/www.alldayled.com\/de\/?s={search_term_string}"},"query-input":{"@type":"PropertyValueSpecification","valueRequired":true,"valueName":"search_term_string"}}],"inLanguage":"de"},{"@type":"Organization","@id":"https:\/\/www.alldayled.com\/de\/#organization","name":"All Day Led","url":"https:\/\/www.alldayled.com\/de\/","logo":{"@type":"ImageObject","inLanguage":"de","@id":"https:\/\/www.alldayled.com\/de\/#\/schema\/logo\/image\/","url":"https:\/\/www.alldayled.com\/wp-content\/uploads\/2025\/10\/Logo-ALL-DAY-LED-800x800-zwart-witte-letters.png","contentUrl":"https:\/\/www.alldayled.com\/wp-content\/uploads\/2025\/10\/Logo-ALL-DAY-LED-800x800-zwart-witte-letters.png","width":800,"height":800,"caption":"All Day Led"},"image":{"@id":"https:\/\/www.alldayled.com\/de\/#\/schema\/logo\/image\/"},"sameAs":["https:\/\/www.facebook.com\/alldayled\/","https:\/\/www.instagram.com\/alldayled\/"],"vatID":"NL863960133B01","taxID":"86416545"}]},"product_brand":"All Day Led","product_price_amount":"7.00","product_price_currency":"EUR","og_availability":"instock","product_availability":"instock","product_retailer_item_id":"ADL00500-R","product_condition":"new"},"_links":{"self":[{"href":"https:\/\/www.alldayled.com\/de\/wp-json\/wp\/v2\/product\/68555","targetHints":{"allow":["GET"]}}],"collection":[{"href":"https:\/\/www.alldayled.com\/de\/wp-json\/wp\/v2\/product"}],"about":[{"href":"https:\/\/www.alldayled.com\/de\/wp-json\/wp\/v2\/types\/product"}],"replies":[{"embeddable":true,"href":"https:\/\/www.alldayled.com\/de\/wp-json\/wp\/v2\/comments?post=68555"}],"wp:featuredmedia":[{"embeddable":true,"href":"https:\/\/www.alldayled.com\/de\/wp-json\/wp\/v2\/media\/13881"}],"wp:attachment":[{"href":"https:\/\/www.alldayled.com\/de\/wp-json\/wp\/v2\/media?parent=68555"}],"wp:term":[{"taxonomy":"product_brand","embeddable":true,"href":"https:\/\/www.alldayled.com\/de\/wp-json\/wp\/v2\/product_brand?post=68555"},{"taxonomy":"product_cat","embeddable":true,"href":"https:\/\/www.alldayled.com\/de\/wp-json\/wp\/v2\/product_cat?post=68555"},{"taxonomy":"product_tag","embeddable":true,"href":"https:\/\/www.alldayled.com\/de\/wp-json\/wp\/v2\/product_tag?post=68555"}],"curies":[{"name":"wp","href":"https:\/\/api.w.org\/{rel}","templated":true}]}}