{"id":68558,"date":"2020-03-28T17:59:50","date_gmt":"2020-03-28T16:59:50","guid":{"rendered":"https:\/\/www.alldayled.com\/product\/led-markeringslamp-wit-la-quick-fit-12-24v\/"},"modified":"2026-03-07T15:41:39","modified_gmt":"2026-03-07T14:41:39","slug":"led-markeringslamp-wit-la-quick-fit-12-24v","status":"publish","type":"product","link":"https:\/\/www.alldayled.com\/de\/produkt\/led-markeringslamp-wit-la-quick-fit-12-24v\/","title":{"rendered":"LA Quick Fit LED Markierungsleuchte wei\u00df &#8211; klares Glas"},"content":{"rendered":"<p><span style=\"color: #000000;\"><strong>LA Quick Fit LED Markierungsleuchte wei\u00df mit klarem Glas, geeignet f\u00fcr 12- und 24-Volt-Betrieb. <\/strong><\/span><\/p>\n<p><span style=\"color: #000000;\">Sind Sie auf der Suche nach einer guten Aufbau-LED-Markierungsleuchte mit klarem Glas, die in der Farbe Wei\u00df leuchtet? Dann ist diese LED-Markierungsleuchte der Marke LA Quick Fit vielleicht genau die Lampe, die Sie suchen. Dies ist eine Konturleuchte, die das tut, was von ihr erwartet wird. Die LED-Lampe ist mit 2 LED&#8217;s ausgestattet. Mit den 2 LED&#8217;s k\u00f6nnen Sie sicher sein, dass Sie mit einem geringen Stromverbrauch gut beleuchtet auf die Stra\u00dfe gehen k\u00f6nnen. Dadurch sind Sie sicher, dass Sie sowohl tags\u00fcber als auch abends gut sichtbar sind. Die LA Quick Fit LED Markierungsleuchte wei\u00df ist f\u00fcr 12 und 24 Volt geeignet. Das bedeutet, dass Sie diese LED-Lampe beispielsweise verwenden k\u00f6nnen, um die Vorderseite Ihres Autos, LKW, Anh\u00e4ngers oder eines anderen Fahrzeugtyps zu beleuchten.        <\/span><\/p>\n<p><span style=\"color: #000000;\">Um sicherzustellen, dass diese LED-Markierungsleuchte wei\u00df der Marke LA Quick Fit f\u00fcr das Fahrzeug oder den Anh\u00e4nger geeignet ist, haben wir nachfolgend eine Reihe von Spezifikationen aufgef\u00fchrt. All dies, um deutlich zu machen, warum dies vielleicht die LED-Lampe ist, die Sie suchen. Diese LED-Markierungsleuchte ist unter anderem mit dem ECE R10-Pr\u00fcfzeichen versehen. Dieses Pr\u00fcfzeichen bedeutet, dass die Lampe w\u00e4hrend der Aktivierung keine St\u00f6rungen verursacht, beispielsweise auf dem Funksignal. Auch ist diese wei\u00dfe LED-Markierungsleuchte mit dem ECE R7-Pr\u00fcfzeichen versehen. Dieses Pr\u00fcfzeichen gibt an, dass die LED-Lampe als Positionsleuchte verwendet werden darf.     <\/span><\/p>\n<h5><span style=\"color: #000000;\"><strong>Abmessungen:<\/strong><\/span><\/h5>\n<p><span style=\"color: #000000;\">Um sicherzustellen, dass Sie die LA Quick Fit LED Markierungsleuchte wei\u00df dort montieren k\u00f6nnen, wo Sie m\u00f6chten, haben wir nachfolgend die Abmessungen notiert. Die Abmessungen der wei\u00dfen LED-Lampe der Marke LA Quick Fit sind wie folgt: <\/span><\/p>\n<ul>\n<li><span style=\"color: #000000;\">L\u00e4nge: 81 mm<\/span><\/li>\n<li><span style=\"color: #000000;\">H\u00f6he: 25 mm<\/span><\/li>\n<li><span style=\"color: #000000;\">Dicke: 8 mm<\/span><\/li>\n<li><span style=\"color: #000000;\">Lochabstand: 57 mm<\/span><\/li>\n<\/ul>\n<h5><span style=\"color: #000000;\"><strong>Andere Farben:<\/strong><\/span><\/h5>\n<p><span style=\"color: #000000;\">Ist diese LED-Lampe zwar nach Ihren W\u00fcnschen, aber die Farbe nicht die, die Sie suchen? Dann wissen Sie, dass diese LED-Lampe wei\u00df auch in den folgenden Farben erh\u00e4ltlich ist: <\/span><\/p>\n<ul>\n<li><span style=\"color: #000000;\"><a style=\"color: #000000;\" href=\"https:\/\/www.alldayled.com\/de\/produkt\/led-markeringslamp-blauw-la-quick-fit-12-24v\/\"><strong>LA Quick Fit LED Lampe blau<\/strong><\/a><strong><br \/>\n<\/strong><\/span><\/li>\n<\/ul>\n<p><span style=\"color: #000000;\">Sind Sie dennoch der Meinung, dass diese LED-Lampe nicht das ist, was Sie suchen? Einfach, weil die Farbe oder Form nicht Ihren W\u00fcnschen entspricht? Dann werfen Sie auch einen Blick auf unsere Seite <a style=\"color: #000000;\" href=\"https:\/\/www.alldayled.com\/de\/produkt-kategorie\/positionslichter\/markeringslampen\/\">Markierungsleuchten<\/a>. Vielleicht finden Sie hier das Lampenmodell, das Sie suchen.   <\/span><\/p>\n","protected":false},"excerpt":{"rendered":"<p>Markierungsleuchte wei\u00df von LA Quick Fit mit klarem Glas, geeignet f\u00fcr 12 und 24 Volt.<\/p>\n","protected":false},"featured_media":38150,"comment_status":"open","ping_status":"closed","template":"","meta":{"_acf_changed":false},"product_brand":[6495],"product_cat":[5196],"product_tag":[9151,9266,9265,9153,9167,9155,9157,9156],"class_list":{"0":"post-68558","1":"product","2":"type-product","3":"status-publish","4":"has-post-thumbnail","6":"product_brand-product-la-quick-fit","7":"product_cat-markeringslampen","8":"product_tag-konturbeleuchtung","9":"product_tag-led-begrenzungsleuchte-weis","10":"product_tag-led-markierung-weis","11":"product_tag-led-markierungsleuchte","12":"product_tag-markierungsleuchte-anhanger","13":"product_tag-markierungsleuchte-anhaenger","14":"product_tag-markierungsleuchte-lkw","15":"product_tag-markierungsleuchte-wohnmobil","17":"first","18":"instock","19":"taxable","20":"shipping-taxable","21":"purchasable","22":"product-type-simple"},"acf":[],"yoast_head":"<!-- This site is optimized with the Yoast SEO Premium plugin v26.5 (Yoast SEO v27.1.1) - https:\/\/yoast.com\/product\/yoast-seo-premium-wordpress\/ -->\n<title>Markierungsleuchte wei\u00df LED - LA Quick Fit - All Day Led - 12&amp;24 Volt<\/title>\n<meta name=\"description\" content=\"Markierungsleuchte wei\u00df LED- f\u00fcr 12 &amp; 24 Volt - ECE R7 - LED-Konturbeleuchtung - Auto, LKW, Camper, Traktor und mehr - mit 2 LED&#039;s\" \/>\n<meta name=\"robots\" content=\"index, follow, max-snippet:-1, max-image-preview:large, max-video-preview:-1\" \/>\n<link rel=\"canonical\" href=\"https:\/\/www.alldayled.com\/de\/produkt\/led-markeringslamp-wit-la-quick-fit-12-24v\/\" \/>\n<meta property=\"og:locale\" content=\"de_DE\" \/>\n<meta property=\"og:type\" content=\"article\" \/>\n<meta property=\"og:title\" content=\"Markierungsleuchte wei\u00df LED - LA Quick Fit - All Day Led - 12&amp;24 Volt\" \/>\n<meta property=\"og:description\" content=\"Markierungsleuchte wei\u00df LED- f\u00fcr 12 &amp; 24 Volt - ECE R7 - LED-Konturbeleuchtung - Auto, LKW, Camper, Traktor und mehr - mit 2 LED&#039;s\" \/>\n<meta property=\"og:url\" content=\"https:\/\/www.alldayled.com\/de\/produkt\/led-markeringslamp-wit-la-quick-fit-12-24v\/\" \/>\n<meta property=\"og:site_name\" content=\"All Day Led\" \/>\n<meta property=\"article:publisher\" content=\"https:\/\/www.facebook.com\/alldayled\/\" \/>\n<meta property=\"article:modified_time\" content=\"2026-03-07T14:41:39+00:00\" \/>\n<meta property=\"og:image\" content=\"https:\/\/www.alldayled.com\/wp-content\/uploads\/2025\/10\/ADL22666.png\" \/>\n\t<meta property=\"og:image:width\" content=\"800\" \/>\n\t<meta property=\"og:image:height\" content=\"600\" \/>\n\t<meta property=\"og:image:type\" content=\"image\/png\" \/>\n<meta name=\"twitter:label1\" content=\"Preis\" \/>\n\t<meta name=\"twitter:data1\" content=\"&euro;&nbsp;12,95\" \/>\n\t<meta name=\"twitter:label2\" content=\"Verf\u00fcgbarkeit\" \/>\n\t<meta name=\"twitter:data2\" content=\"Auf Lager\" \/>\n<script type=\"application\/ld+json\" class=\"yoast-schema-graph\">{\"@context\":\"https:\/\/schema.org\",\"@graph\":[{\"@type\":\"WebPage\",\"@id\":\"https:\/\/www.alldayled.com\/de\/produkt\/led-markeringslamp-wit-la-quick-fit-12-24v\/\",\"url\":\"https:\/\/www.alldayled.com\/de\/produkt\/led-markeringslamp-wit-la-quick-fit-12-24v\/\",\"name\":\"Markierungsleuchte wei\u00df LED - LA Quick Fit - All Day Led - 12&24 Volt\",\"isPartOf\":{\"@id\":\"https:\/\/www.alldayled.com\/de\/#website\"},\"primaryImageOfPage\":{\"@id\":\"https:\/\/www.alldayled.com\/de\/produkt\/led-markeringslamp-wit-la-quick-fit-12-24v\/#primaryimage\"},\"image\":{\"@id\":\"https:\/\/www.alldayled.com\/de\/produkt\/led-markeringslamp-wit-la-quick-fit-12-24v\/#primaryimage\"},\"thumbnailUrl\":\"https:\/\/www.alldayled.com\/wp-content\/uploads\/2025\/10\/ADL22666.png\",\"datePublished\":\"2020-03-28T16:59:50+00:00\",\"dateModified\":\"2026-03-07T14:41:39+00:00\",\"description\":\"Markierungsleuchte wei\u00df LED- f\u00fcr 12 & 24 Volt - ECE R7 - LED-Konturbeleuchtung - Auto, LKW, Camper, Traktor und mehr - mit 2 LED's\",\"breadcrumb\":{\"@id\":\"https:\/\/www.alldayled.com\/de\/produkt\/led-markeringslamp-wit-la-quick-fit-12-24v\/#breadcrumb\"},\"inLanguage\":\"de\",\"potentialAction\":[{\"@type\":\"ReadAction\",\"target\":[\"https:\/\/www.alldayled.com\/de\/produkt\/led-markeringslamp-wit-la-quick-fit-12-24v\/\"]}]},{\"@type\":\"ImageObject\",\"inLanguage\":\"de\",\"@id\":\"https:\/\/www.alldayled.com\/de\/produkt\/led-markeringslamp-wit-la-quick-fit-12-24v\/#primaryimage\",\"url\":\"https:\/\/www.alldayled.com\/wp-content\/uploads\/2025\/10\/ADL22666.png\",\"contentUrl\":\"https:\/\/www.alldayled.com\/wp-content\/uploads\/2025\/10\/ADL22666.png\",\"width\":800,\"height\":600},{\"@type\":\"BreadcrumbList\",\"@id\":\"https:\/\/www.alldayled.com\/de\/produkt\/led-markeringslamp-wit-la-quick-fit-12-24v\/#breadcrumb\",\"itemListElement\":[{\"@type\":\"ListItem\",\"position\":1,\"name\":\"Home\",\"item\":\"https:\/\/www.alldayled.com\/de\/\"},{\"@type\":\"ListItem\",\"position\":2,\"name\":\"Shop\",\"item\":\"https:\/\/www.alldayled.com\/de\/shop\/\"},{\"@type\":\"ListItem\",\"position\":3,\"name\":\"Positionsleuchten\",\"item\":\"https:\/\/www.alldayled.com\/de\/produkt-kategorie\/positionslichter\/\"},{\"@type\":\"ListItem\",\"position\":4,\"name\":\"Markierungsleuchten\",\"item\":\"https:\/\/www.alldayled.com\/de\/produkt-kategorie\/positionslichter\/markeringslampen\/\"},{\"@type\":\"ListItem\",\"position\":5,\"name\":\"LA Quick Fit LED Markierungsleuchte wei\u00df &#8211; klares Glas\"}]},{\"@type\":\"WebSite\",\"@id\":\"https:\/\/www.alldayled.com\/de\/#website\",\"url\":\"https:\/\/www.alldayled.com\/de\/\",\"name\":\"All Day Led\",\"description\":\"Verlichting voor 12&amp;24 volt gebruik\",\"publisher\":{\"@id\":\"https:\/\/www.alldayled.com\/de\/#organization\"},\"potentialAction\":[{\"@type\":\"SearchAction\",\"target\":{\"@type\":\"EntryPoint\",\"urlTemplate\":\"https:\/\/www.alldayled.com\/de\/?s={search_term_string}\"},\"query-input\":{\"@type\":\"PropertyValueSpecification\",\"valueRequired\":true,\"valueName\":\"search_term_string\"}}],\"inLanguage\":\"de\"},{\"@type\":\"Organization\",\"@id\":\"https:\/\/www.alldayled.com\/de\/#organization\",\"name\":\"All Day Led\",\"url\":\"https:\/\/www.alldayled.com\/de\/\",\"logo\":{\"@type\":\"ImageObject\",\"inLanguage\":\"de\",\"@id\":\"https:\/\/www.alldayled.com\/de\/#\/schema\/logo\/image\/\",\"url\":\"https:\/\/www.alldayled.com\/wp-content\/uploads\/2025\/10\/Logo-ALL-DAY-LED-800x800-zwart-witte-letters.png\",\"contentUrl\":\"https:\/\/www.alldayled.com\/wp-content\/uploads\/2025\/10\/Logo-ALL-DAY-LED-800x800-zwart-witte-letters.png\",\"width\":800,\"height\":800,\"caption\":\"All Day Led\"},\"image\":{\"@id\":\"https:\/\/www.alldayled.com\/de\/#\/schema\/logo\/image\/\"},\"sameAs\":[\"https:\/\/www.facebook.com\/alldayled\/\",\"https:\/\/www.instagram.com\/alldayled\/\"],\"vatID\":\"NL863960133B01\",\"taxID\":\"86416545\"}]}<\/script>\n<meta property=\"product:brand\" content=\"LA quick fit\" \/>\n<meta property=\"product:price:amount\" content=\"12.95\" \/>\n<meta property=\"product:price:currency\" content=\"EUR\" \/>\n<meta property=\"og:availability\" content=\"instock\" \/>\n<meta property=\"product:availability\" content=\"instock\" \/>\n<meta property=\"product:retailer_item_id\" content=\"ADL22666\" \/>\n<meta property=\"product:condition\" content=\"new\" \/>\n<!-- \/ Yoast SEO Premium plugin. -->","yoast_head_json":{"title":"Markierungsleuchte wei\u00df LED - LA Quick Fit - All Day Led - 12&24 Volt","description":"Markierungsleuchte wei\u00df LED- f\u00fcr 12 & 24 Volt - ECE R7 - LED-Konturbeleuchtung - Auto, LKW, Camper, Traktor und mehr - mit 2 LED's","robots":{"index":"index","follow":"follow","max-snippet":"max-snippet:-1","max-image-preview":"max-image-preview:large","max-video-preview":"max-video-preview:-1"},"canonical":"https:\/\/www.alldayled.com\/de\/produkt\/led-markeringslamp-wit-la-quick-fit-12-24v\/","og_locale":"de_DE","og_type":"article","og_title":"Markierungsleuchte wei\u00df LED - LA Quick Fit - All Day Led - 12&24 Volt","og_description":"Markierungsleuchte wei\u00df LED- f\u00fcr 12 & 24 Volt - ECE R7 - LED-Konturbeleuchtung - Auto, LKW, Camper, Traktor und mehr - mit 2 LED's","og_url":"https:\/\/www.alldayled.com\/de\/produkt\/led-markeringslamp-wit-la-quick-fit-12-24v\/","og_site_name":"All Day Led","article_publisher":"https:\/\/www.facebook.com\/alldayled\/","article_modified_time":"2026-03-07T14:41:39+00:00","og_image":[{"width":800,"height":600,"url":"https:\/\/www.alldayled.com\/wp-content\/uploads\/2025\/10\/ADL22666.png","type":"image\/png"}],"twitter_misc":{"Preis":"&euro;&nbsp;12,95","Verf\u00fcgbarkeit":"Auf Lager"},"schema":{"@context":"https:\/\/schema.org","@graph":[{"@type":"WebPage","@id":"https:\/\/www.alldayled.com\/de\/produkt\/led-markeringslamp-wit-la-quick-fit-12-24v\/","url":"https:\/\/www.alldayled.com\/de\/produkt\/led-markeringslamp-wit-la-quick-fit-12-24v\/","name":"Markierungsleuchte wei\u00df LED - LA Quick Fit - All Day Led - 12&24 Volt","isPartOf":{"@id":"https:\/\/www.alldayled.com\/de\/#website"},"primaryImageOfPage":{"@id":"https:\/\/www.alldayled.com\/de\/produkt\/led-markeringslamp-wit-la-quick-fit-12-24v\/#primaryimage"},"image":{"@id":"https:\/\/www.alldayled.com\/de\/produkt\/led-markeringslamp-wit-la-quick-fit-12-24v\/#primaryimage"},"thumbnailUrl":"https:\/\/www.alldayled.com\/wp-content\/uploads\/2025\/10\/ADL22666.png","datePublished":"2020-03-28T16:59:50+00:00","dateModified":"2026-03-07T14:41:39+00:00","description":"Markierungsleuchte wei\u00df LED- f\u00fcr 12 & 24 Volt - ECE R7 - LED-Konturbeleuchtung - Auto, LKW, Camper, Traktor und mehr - mit 2 LED's","breadcrumb":{"@id":"https:\/\/www.alldayled.com\/de\/produkt\/led-markeringslamp-wit-la-quick-fit-12-24v\/#breadcrumb"},"inLanguage":"de","potentialAction":[{"@type":"ReadAction","target":["https:\/\/www.alldayled.com\/de\/produkt\/led-markeringslamp-wit-la-quick-fit-12-24v\/"]}]},{"@type":"ImageObject","inLanguage":"de","@id":"https:\/\/www.alldayled.com\/de\/produkt\/led-markeringslamp-wit-la-quick-fit-12-24v\/#primaryimage","url":"https:\/\/www.alldayled.com\/wp-content\/uploads\/2025\/10\/ADL22666.png","contentUrl":"https:\/\/www.alldayled.com\/wp-content\/uploads\/2025\/10\/ADL22666.png","width":800,"height":600},{"@type":"BreadcrumbList","@id":"https:\/\/www.alldayled.com\/de\/produkt\/led-markeringslamp-wit-la-quick-fit-12-24v\/#breadcrumb","itemListElement":[{"@type":"ListItem","position":1,"name":"Home","item":"https:\/\/www.alldayled.com\/de\/"},{"@type":"ListItem","position":2,"name":"Shop","item":"https:\/\/www.alldayled.com\/de\/shop\/"},{"@type":"ListItem","position":3,"name":"Positionsleuchten","item":"https:\/\/www.alldayled.com\/de\/produkt-kategorie\/positionslichter\/"},{"@type":"ListItem","position":4,"name":"Markierungsleuchten","item":"https:\/\/www.alldayled.com\/de\/produkt-kategorie\/positionslichter\/markeringslampen\/"},{"@type":"ListItem","position":5,"name":"LA Quick Fit LED Markierungsleuchte wei\u00df &#8211; klares Glas"}]},{"@type":"WebSite","@id":"https:\/\/www.alldayled.com\/de\/#website","url":"https:\/\/www.alldayled.com\/de\/","name":"All Day Led","description":"Verlichting voor 12&amp;24 volt gebruik","publisher":{"@id":"https:\/\/www.alldayled.com\/de\/#organization"},"potentialAction":[{"@type":"SearchAction","target":{"@type":"EntryPoint","urlTemplate":"https:\/\/www.alldayled.com\/de\/?s={search_term_string}"},"query-input":{"@type":"PropertyValueSpecification","valueRequired":true,"valueName":"search_term_string"}}],"inLanguage":"de"},{"@type":"Organization","@id":"https:\/\/www.alldayled.com\/de\/#organization","name":"All Day Led","url":"https:\/\/www.alldayled.com\/de\/","logo":{"@type":"ImageObject","inLanguage":"de","@id":"https:\/\/www.alldayled.com\/de\/#\/schema\/logo\/image\/","url":"https:\/\/www.alldayled.com\/wp-content\/uploads\/2025\/10\/Logo-ALL-DAY-LED-800x800-zwart-witte-letters.png","contentUrl":"https:\/\/www.alldayled.com\/wp-content\/uploads\/2025\/10\/Logo-ALL-DAY-LED-800x800-zwart-witte-letters.png","width":800,"height":800,"caption":"All Day Led"},"image":{"@id":"https:\/\/www.alldayled.com\/de\/#\/schema\/logo\/image\/"},"sameAs":["https:\/\/www.facebook.com\/alldayled\/","https:\/\/www.instagram.com\/alldayled\/"],"vatID":"NL863960133B01","taxID":"86416545"}]},"product_brand":"LA quick fit","product_price_amount":"12.95","product_price_currency":"EUR","og_availability":"instock","product_availability":"instock","product_retailer_item_id":"ADL22666","product_condition":"new"},"_links":{"self":[{"href":"https:\/\/www.alldayled.com\/de\/wp-json\/wp\/v2\/product\/68558","targetHints":{"allow":["GET"]}}],"collection":[{"href":"https:\/\/www.alldayled.com\/de\/wp-json\/wp\/v2\/product"}],"about":[{"href":"https:\/\/www.alldayled.com\/de\/wp-json\/wp\/v2\/types\/product"}],"replies":[{"embeddable":true,"href":"https:\/\/www.alldayled.com\/de\/wp-json\/wp\/v2\/comments?post=68558"}],"wp:featuredmedia":[{"embeddable":true,"href":"https:\/\/www.alldayled.com\/de\/wp-json\/wp\/v2\/media\/38150"}],"wp:attachment":[{"href":"https:\/\/www.alldayled.com\/de\/wp-json\/wp\/v2\/media?parent=68558"}],"wp:term":[{"taxonomy":"product_brand","embeddable":true,"href":"https:\/\/www.alldayled.com\/de\/wp-json\/wp\/v2\/product_brand?post=68558"},{"taxonomy":"product_cat","embeddable":true,"href":"https:\/\/www.alldayled.com\/de\/wp-json\/wp\/v2\/product_cat?post=68558"},{"taxonomy":"product_tag","embeddable":true,"href":"https:\/\/www.alldayled.com\/de\/wp-json\/wp\/v2\/product_tag?post=68558"}],"curies":[{"name":"wp","href":"https:\/\/api.w.org\/{rel}","templated":true}]}}