{"id":68564,"date":"2020-11-10T18:00:20","date_gmt":"2020-11-10T17:00:20","guid":{"rendered":"https:\/\/www.alldayled.com\/product\/set-h4-led-lampen-12-24volt\/"},"modified":"2026-03-20T10:47:12","modified_gmt":"2026-03-20T09:47:12","slug":"set-h4-led-lampen-12-24volt","status":"publish","type":"product","link":"https:\/\/www.alldayled.com\/de\/produkt\/set-h4-led-lampen-12-24volt\/","title":{"rendered":"H4 LED Lampe set 12\/24 Volt wei\u00df"},"content":{"rendered":"<p><span style=\"color: #000000;\"><strong>H4 LED Lampe set, geeignet f\u00fcr 12- &amp; 24-Volt-Betrieb. <\/strong><\/span><\/p>\n<p><span style=\"color: #000000;\">Sind Sie auf der Suche nach einer guten LED Lampe, um Ihre originale H4-Halogenlampe zu ersetzen? Dann ist diese H4 LED Lampe set vielleicht genau das, was Sie suchen. Die Lampe hat 4 helle LEDs und wird als Set von 2 St\u00fcck geliefert. Dank der LEDs hat die Lampe eine Lichtleistung, die Sie mit einer 50-W-Halogenlampe vergleichen k\u00f6nnen. Die H4 LED Lampe wei\u00df funktioniert mit 12 und 24 Volt, sodass Sie sie in Ihrem Auto, Motorrad, LKW, Wohnmobil oder einem anderen Fahrzeug verwenden k\u00f6nnen.    <\/span><\/p>\n<p><span style=\"color: #000000;\">Um sicherzustellen, dass die Lampe passt, m\u00fcssen Sie \u00fcberpr\u00fcfen, ob Ihre originale H4-Lampe mit der Abbildung 3 \u00fcbereinstimmt. Stimmt dies nicht \u00fcberein? Dann passt die LED Lampe leider nicht. Au\u00dferdem sind diese H4 LED Lampen mit dem ECE R10-Pr\u00fcfzeichen versehen. Das bedeutet, dass sie w\u00e4hrend des Gebrauchs keine St\u00f6rungen verursacht, beispielsweise auf Ihrem Funksignal. Auch h\u00e4lt die Lampe bis zu 32 Volt aus, wodurch sie vor Spannungsspitzen beim Starten Ihres Fahrzeugs gesch\u00fctzt ist. Kurz gesagt, eine robuste, zuverl\u00e4ssige LED Lampe, die Ihr Fahrzeug besser sichtbar macht und Ihre Fahrt sicherer macht.      <\/span><\/p>\n<h5><span style=\"color: #000000;\"><strong>Lichtleistung:<\/strong><\/span><\/h5>\n<p><span style=\"color: #000000;\">Die H4 LED Lampe ist mit 4 Hi-Power-LEDs ausgestattet. Diese LEDs sorgen zusammen f\u00fcr eine Lichtleistung von 1800 Lumen pro Lampe. Montieren Sie ein Set? Dann liefert das also sage und schreibe 3600 Lumen! Das ist mehr als genug, um die Stra\u00dfe vor Ihnen gut auszuleuchten. Eine H4-Lampe findet man oft im Scheinwerfer von Autos, Motorr\u00e4dern, LKWs oder anderen Fahrzeugen. So k\u00f6nnen Sie sicher sein, dass Sie immer hell und sicher fahren k\u00f6nnen, sowohl tags\u00fcber als auch nachts.      <\/span><\/p>\n<p><span style=\"color: #000000;\"><em>Bitte beachte, diese LED Lampen sind in den meisten F\u00e4llen CAN-Bus-tauglich. Das bedeutet, dass die Lampe keine Fehlermeldung im Armaturenbrett anzeigen wird. Dies gilt haupts\u00e4chlich f\u00fcr \u00e4ltere Modelle von Autos und LKWs. Neuere Fahrzeuge k\u00f6nnen in einigen F\u00e4llen jedoch eine Meldung im Armaturenbrett erhalten. Zus\u00e4tzliche Beleuchtung wie Fernscheinwerfer oder Skylights sind von diesem System ausgeschlossen.    <\/em><\/span><\/p>\n<h5><span style=\"color: #000000;\"><strong>Andere Versionen: <\/strong><\/span><\/h5>\n<p><span style=\"color: #000000;\">M\u00f6chten Sie ein LED Lampe set kaufen? K\u00f6nnen Sie die H4-Variante jedoch nicht in Ihrem Fahrzeug montieren, weil Sie einen anderen Anschluss haben? Dann wissen Sie, dass dieses LED Lampe set auch mit den folgenden Anschl\u00fcssen erh\u00e4ltlich ist:  <\/span><\/p>\n<ul>\n<li><span style=\"color: #000000;\"><a style=\"color: #000000;\" href=\"https:\/\/www.alldayled.com\/de\/produkt\/set-h7-led-lampen-12-24volt-type-1\/\"><strong>H7 LED Lampe set <\/strong><\/a><strong><br \/>\n<\/strong><\/span><\/li>\n<li><span style=\"color: #000000;\"><strong><a style=\"color: #000000;\" href=\"https:\/\/www.alldayled.com\/de\/produkt\/h11-led-lampen-set-12-24-volt-type-1\/\">H11 LED Lampe set <\/a><\/strong><\/span><\/li>\n<li><span style=\"color: #000000;\"><a style=\"color: #000000;\" href=\"https:\/\/www.alldayled.com\/de\/produkt\/set-h3-led-lampen-12-24volt\/\"><strong>HB3 LED Lampe set <\/strong><\/a><\/span><\/li>\n<li><span style=\"color: #000000;\"><a style=\"color: #000000;\" href=\"https:\/\/www.alldayled.com\/de\/produkt\/hb4-led-lampen-set-12-24-volt-wit\/\"><strong>HB4 LED Lampe set<\/strong><\/a><\/span><\/li>\n<\/ul>\n<h5><span style=\"color: #000000;\"><strong>Warum hat diese LED Lampe kein E-Pr\u00fcfzeichen:<\/strong><\/span><\/h5>\n<p><span style=\"color: #000000;\">Ersatzlampen m\u00fcssen die europ\u00e4ischen Normen f\u00fcr Sicherheit, Wasserdichtigkeit und Kurzschlussschutz (ECE R37) erf\u00fcllen. Diese Normen basieren auf den alten Gl\u00fch- und Halogenlampen. LED-Ersatzlampen k\u00f6nnen diese nicht erf\u00fcllen, da sie keinen Gl\u00fchfaden haben. Daher erh\u00e4lt diese LED Lampe nicht das ECE R37-Pr\u00fcfzeichen und darf offiziell nicht auf \u00f6ffentlichen Stra\u00dfen verwendet werden. Sie k\u00f6nnen diese BA15S LED Lampe jedoch sicher auf Ihrem eigenen Gel\u00e4nde oder beispielsweise im Rennsport verwenden. So holen Sie das Maximum aus der Lampe heraus, ohne dass es zu rechtlichen Problemen kommt.     <\/span><\/p>\n","protected":false},"excerpt":{"rendered":"<p>H4 LED Lampe set zum Austausch von Halogen. 1800 Lumen pro Lampe, f\u00fcr 12 &amp; 24 Volt. <\/p>\n","protected":false},"featured_media":17898,"comment_status":"open","ping_status":"closed","template":"","meta":{"_acf_changed":false},"product_brand":[6501],"product_cat":[5302],"product_tag":[9647,9648,9650,9649,9665,9651,9652],"class_list":{"0":"post-68564","1":"product","2":"type-product","3":"status-publish","4":"has-post-thumbnail","6":"product_brand-mtrs","7":"product_cat-abblendlicht","8":"product_tag-led-abblendlicht","9":"product_tag-led-abblendlicht-auto","10":"product_tag-led-abblendlicht-lkw","11":"product_tag-led-abblendlicht-motorrad","12":"product_tag-led-fernlicht","13":"product_tag-led-lampe-traktor","14":"product_tag-led-nebelscheinwerfer","16":"first","17":"instock","18":"taxable","19":"shipping-taxable","20":"purchasable","21":"product-type-simple"},"acf":[],"yoast_head":"<!-- This site is optimized with the Yoast SEO Premium plugin v26.5 (Yoast SEO v27.1.1) - https:\/\/yoast.com\/product\/yoast-seo-premium-wordpress\/ -->\n<title>H4 LED Lampe set 12\/24 Volt wei\u00df - f\u00fcr 12- und 24-Volt-Betrieb<\/title>\n<meta name=\"description\" content=\"Leistungsstarke H4 LED Lampe set - hohe Lichtleistung - xenon wei\u00df - f\u00fcr 12 &amp; 24 Volt - Auto, Motorrad, LKW und mehr - gutes Lichtbild\" \/>\n<meta name=\"robots\" content=\"index, follow, max-snippet:-1, max-image-preview:large, max-video-preview:-1\" \/>\n<link rel=\"canonical\" href=\"https:\/\/www.alldayled.com\/de\/produkt\/set-h4-led-lampen-12-24volt\/\" \/>\n<meta property=\"og:locale\" content=\"de_DE\" \/>\n<meta property=\"og:type\" content=\"article\" \/>\n<meta property=\"og:title\" content=\"H4 LED Lampe set 12\/24 Volt wei\u00df - f\u00fcr 12- und 24-Volt-Betrieb\" \/>\n<meta property=\"og:description\" content=\"Leistungsstarke H4 LED Lampe set - hohe Lichtleistung - xenon wei\u00df - f\u00fcr 12 &amp; 24 Volt - Auto, Motorrad, LKW und mehr - gutes Lichtbild\" \/>\n<meta property=\"og:url\" content=\"https:\/\/www.alldayled.com\/de\/produkt\/set-h4-led-lampen-12-24volt\/\" \/>\n<meta property=\"og:site_name\" content=\"All Day Led\" \/>\n<meta property=\"article:publisher\" content=\"https:\/\/www.facebook.com\/alldayled\/\" \/>\n<meta property=\"article:modified_time\" content=\"2026-03-20T09:47:12+00:00\" \/>\n<meta property=\"og:image\" content=\"https:\/\/www.alldayled.com\/wp-content\/uploads\/2020\/11\/ADL00162..-H4.png\" \/>\n<meta name=\"twitter:label1\" content=\"Preis\" \/>\n\t<meta name=\"twitter:data1\" content=\"&euro;&nbsp;69,00\" \/>\n\t<meta name=\"twitter:label2\" content=\"Verf\u00fcgbarkeit\" \/>\n\t<meta name=\"twitter:data2\" content=\"Auf Lager\" \/>\n<script type=\"application\/ld+json\" class=\"yoast-schema-graph\">{\"@context\":\"https:\/\/schema.org\",\"@graph\":[{\"@type\":\"WebPage\",\"@id\":\"https:\/\/www.alldayled.com\/de\/produkt\/set-h4-led-lampen-12-24volt\/\",\"url\":\"https:\/\/www.alldayled.com\/de\/produkt\/set-h4-led-lampen-12-24volt\/\",\"name\":\"H4 LED Lampe set 12\/24 Volt wei\u00df - f\u00fcr 12- und 24-Volt-Betrieb\",\"isPartOf\":{\"@id\":\"https:\/\/www.alldayled.com\/de\/#website\"},\"primaryImageOfPage\":{\"@id\":\"https:\/\/www.alldayled.com\/de\/produkt\/set-h4-led-lampen-12-24volt\/#primaryimage\"},\"image\":{\"@id\":\"https:\/\/www.alldayled.com\/de\/produkt\/set-h4-led-lampen-12-24volt\/#primaryimage\"},\"thumbnailUrl\":\"https:\/\/www.alldayled.com\/wp-content\/uploads\/2020\/11\/ADL00162..-H4.png\",\"datePublished\":\"2020-11-10T17:00:20+00:00\",\"dateModified\":\"2026-03-20T09:47:12+00:00\",\"description\":\"Leistungsstarke H4 LED Lampe set - hohe Lichtleistung - xenon wei\u00df - f\u00fcr 12 & 24 Volt - Auto, Motorrad, LKW und mehr - gutes Lichtbild\",\"breadcrumb\":{\"@id\":\"https:\/\/www.alldayled.com\/de\/produkt\/set-h4-led-lampen-12-24volt\/#breadcrumb\"},\"inLanguage\":\"de\",\"potentialAction\":[{\"@type\":\"ReadAction\",\"target\":[\"https:\/\/www.alldayled.com\/de\/produkt\/set-h4-led-lampen-12-24volt\/\"]}]},{\"@type\":\"ImageObject\",\"inLanguage\":\"de\",\"@id\":\"https:\/\/www.alldayled.com\/de\/produkt\/set-h4-led-lampen-12-24volt\/#primaryimage\",\"url\":\"https:\/\/www.alldayled.com\/wp-content\/uploads\/2020\/11\/ADL00162..-H4.png\",\"contentUrl\":\"https:\/\/www.alldayled.com\/wp-content\/uploads\/2020\/11\/ADL00162..-H4.png\",\"width\":800,\"height\":600,\"caption\":\"H4 LED Lampe set f\u00fcr 12 &amp; 24 Volt - zur Verwendung in Auto, LKW, Wohnmobil, Traktor und mehr - EAN: 6090535474418\"},{\"@type\":\"BreadcrumbList\",\"@id\":\"https:\/\/www.alldayled.com\/de\/produkt\/set-h4-led-lampen-12-24volt\/#breadcrumb\",\"itemListElement\":[{\"@type\":\"ListItem\",\"position\":1,\"name\":\"Home\",\"item\":\"https:\/\/www.alldayled.com\/de\/\"},{\"@type\":\"ListItem\",\"position\":2,\"name\":\"Shop\",\"item\":\"https:\/\/www.alldayled.com\/de\/shop\/\"},{\"@type\":\"ListItem\",\"position\":3,\"name\":\"Abblendlicht\/Nebellicht\",\"item\":\"https:\/\/www.alldayled.com\/de\/produkt-kategorie\/abblendlicht\/\"},{\"@type\":\"ListItem\",\"position\":4,\"name\":\"H4 LED Lampe set 12\/24 Volt wei\u00df\"}]},{\"@type\":\"WebSite\",\"@id\":\"https:\/\/www.alldayled.com\/de\/#website\",\"url\":\"https:\/\/www.alldayled.com\/de\/\",\"name\":\"All Day Led\",\"description\":\"Verlichting voor 12&amp;24 volt gebruik\",\"publisher\":{\"@id\":\"https:\/\/www.alldayled.com\/de\/#organization\"},\"potentialAction\":[{\"@type\":\"SearchAction\",\"target\":{\"@type\":\"EntryPoint\",\"urlTemplate\":\"https:\/\/www.alldayled.com\/de\/?s={search_term_string}\"},\"query-input\":{\"@type\":\"PropertyValueSpecification\",\"valueRequired\":true,\"valueName\":\"search_term_string\"}}],\"inLanguage\":\"de\"},{\"@type\":\"Organization\",\"@id\":\"https:\/\/www.alldayled.com\/de\/#organization\",\"name\":\"All Day Led\",\"url\":\"https:\/\/www.alldayled.com\/de\/\",\"logo\":{\"@type\":\"ImageObject\",\"inLanguage\":\"de\",\"@id\":\"https:\/\/www.alldayled.com\/de\/#\/schema\/logo\/image\/\",\"url\":\"https:\/\/www.alldayled.com\/wp-content\/uploads\/2025\/10\/Logo-ALL-DAY-LED-800x800-zwart-witte-letters.png\",\"contentUrl\":\"https:\/\/www.alldayled.com\/wp-content\/uploads\/2025\/10\/Logo-ALL-DAY-LED-800x800-zwart-witte-letters.png\",\"width\":800,\"height\":800,\"caption\":\"All Day Led\"},\"image\":{\"@id\":\"https:\/\/www.alldayled.com\/de\/#\/schema\/logo\/image\/\"},\"sameAs\":[\"https:\/\/www.facebook.com\/alldayled\/\",\"https:\/\/www.instagram.com\/alldayled\/\"],\"vatID\":\"NL863960133B01\",\"taxID\":\"86416545\"}]}<\/script>\n<meta property=\"product:brand\" content=\"MTRS\" \/>\n<meta property=\"product:price:amount\" content=\"69.00\" \/>\n<meta property=\"product:price:currency\" content=\"EUR\" \/>\n<meta property=\"og:availability\" content=\"instock\" \/>\n<meta property=\"product:availability\" content=\"instock\" \/>\n<meta property=\"product:retailer_item_id\" content=\"ADL00162\" \/>\n<meta property=\"product:condition\" content=\"new\" \/>\n<!-- \/ Yoast SEO Premium plugin. -->","yoast_head_json":{"title":"H4 LED Lampe set 12\/24 Volt wei\u00df - f\u00fcr 12- und 24-Volt-Betrieb","description":"Leistungsstarke H4 LED Lampe set - hohe Lichtleistung - xenon wei\u00df - f\u00fcr 12 & 24 Volt - Auto, Motorrad, LKW und mehr - gutes Lichtbild","robots":{"index":"index","follow":"follow","max-snippet":"max-snippet:-1","max-image-preview":"max-image-preview:large","max-video-preview":"max-video-preview:-1"},"canonical":"https:\/\/www.alldayled.com\/de\/produkt\/set-h4-led-lampen-12-24volt\/","og_locale":"de_DE","og_type":"article","og_title":"H4 LED Lampe set 12\/24 Volt wei\u00df - f\u00fcr 12- und 24-Volt-Betrieb","og_description":"Leistungsstarke H4 LED Lampe set - hohe Lichtleistung - xenon wei\u00df - f\u00fcr 12 & 24 Volt - Auto, Motorrad, LKW und mehr - gutes Lichtbild","og_url":"https:\/\/www.alldayled.com\/de\/produkt\/set-h4-led-lampen-12-24volt\/","og_site_name":"All Day Led","article_publisher":"https:\/\/www.facebook.com\/alldayled\/","article_modified_time":"2026-03-20T09:47:12+00:00","og_image":[{"url":"https:\/\/www.alldayled.com\/wp-content\/uploads\/2020\/11\/ADL00162..-H4.png","type":"","width":"","height":""}],"twitter_misc":{"Preis":"&euro;&nbsp;69,00","Verf\u00fcgbarkeit":"Auf Lager"},"schema":{"@context":"https:\/\/schema.org","@graph":[{"@type":"WebPage","@id":"https:\/\/www.alldayled.com\/de\/produkt\/set-h4-led-lampen-12-24volt\/","url":"https:\/\/www.alldayled.com\/de\/produkt\/set-h4-led-lampen-12-24volt\/","name":"H4 LED Lampe set 12\/24 Volt wei\u00df - f\u00fcr 12- und 24-Volt-Betrieb","isPartOf":{"@id":"https:\/\/www.alldayled.com\/de\/#website"},"primaryImageOfPage":{"@id":"https:\/\/www.alldayled.com\/de\/produkt\/set-h4-led-lampen-12-24volt\/#primaryimage"},"image":{"@id":"https:\/\/www.alldayled.com\/de\/produkt\/set-h4-led-lampen-12-24volt\/#primaryimage"},"thumbnailUrl":"https:\/\/www.alldayled.com\/wp-content\/uploads\/2020\/11\/ADL00162..-H4.png","datePublished":"2020-11-10T17:00:20+00:00","dateModified":"2026-03-20T09:47:12+00:00","description":"Leistungsstarke H4 LED Lampe set - hohe Lichtleistung - xenon wei\u00df - f\u00fcr 12 & 24 Volt - Auto, Motorrad, LKW und mehr - gutes Lichtbild","breadcrumb":{"@id":"https:\/\/www.alldayled.com\/de\/produkt\/set-h4-led-lampen-12-24volt\/#breadcrumb"},"inLanguage":"de","potentialAction":[{"@type":"ReadAction","target":["https:\/\/www.alldayled.com\/de\/produkt\/set-h4-led-lampen-12-24volt\/"]}]},{"@type":"ImageObject","inLanguage":"de","@id":"https:\/\/www.alldayled.com\/de\/produkt\/set-h4-led-lampen-12-24volt\/#primaryimage","url":"https:\/\/www.alldayled.com\/wp-content\/uploads\/2020\/11\/ADL00162..-H4.png","contentUrl":"https:\/\/www.alldayled.com\/wp-content\/uploads\/2020\/11\/ADL00162..-H4.png","width":800,"height":600,"caption":"H4 LED Lampe set f\u00fcr 12 &amp; 24 Volt - zur Verwendung in Auto, LKW, Wohnmobil, Traktor und mehr - EAN: 6090535474418"},{"@type":"BreadcrumbList","@id":"https:\/\/www.alldayled.com\/de\/produkt\/set-h4-led-lampen-12-24volt\/#breadcrumb","itemListElement":[{"@type":"ListItem","position":1,"name":"Home","item":"https:\/\/www.alldayled.com\/de\/"},{"@type":"ListItem","position":2,"name":"Shop","item":"https:\/\/www.alldayled.com\/de\/shop\/"},{"@type":"ListItem","position":3,"name":"Abblendlicht\/Nebellicht","item":"https:\/\/www.alldayled.com\/de\/produkt-kategorie\/abblendlicht\/"},{"@type":"ListItem","position":4,"name":"H4 LED Lampe set 12\/24 Volt wei\u00df"}]},{"@type":"WebSite","@id":"https:\/\/www.alldayled.com\/de\/#website","url":"https:\/\/www.alldayled.com\/de\/","name":"All Day Led","description":"Verlichting voor 12&amp;24 volt gebruik","publisher":{"@id":"https:\/\/www.alldayled.com\/de\/#organization"},"potentialAction":[{"@type":"SearchAction","target":{"@type":"EntryPoint","urlTemplate":"https:\/\/www.alldayled.com\/de\/?s={search_term_string}"},"query-input":{"@type":"PropertyValueSpecification","valueRequired":true,"valueName":"search_term_string"}}],"inLanguage":"de"},{"@type":"Organization","@id":"https:\/\/www.alldayled.com\/de\/#organization","name":"All Day Led","url":"https:\/\/www.alldayled.com\/de\/","logo":{"@type":"ImageObject","inLanguage":"de","@id":"https:\/\/www.alldayled.com\/de\/#\/schema\/logo\/image\/","url":"https:\/\/www.alldayled.com\/wp-content\/uploads\/2025\/10\/Logo-ALL-DAY-LED-800x800-zwart-witte-letters.png","contentUrl":"https:\/\/www.alldayled.com\/wp-content\/uploads\/2025\/10\/Logo-ALL-DAY-LED-800x800-zwart-witte-letters.png","width":800,"height":800,"caption":"All Day Led"},"image":{"@id":"https:\/\/www.alldayled.com\/de\/#\/schema\/logo\/image\/"},"sameAs":["https:\/\/www.facebook.com\/alldayled\/","https:\/\/www.instagram.com\/alldayled\/"],"vatID":"NL863960133B01","taxID":"86416545"}]},"product_brand":"MTRS","product_price_amount":"69.00","product_price_currency":"EUR","og_availability":"instock","product_availability":"instock","product_retailer_item_id":"ADL00162","product_condition":"new"},"_links":{"self":[{"href":"https:\/\/www.alldayled.com\/de\/wp-json\/wp\/v2\/product\/68564","targetHints":{"allow":["GET"]}}],"collection":[{"href":"https:\/\/www.alldayled.com\/de\/wp-json\/wp\/v2\/product"}],"about":[{"href":"https:\/\/www.alldayled.com\/de\/wp-json\/wp\/v2\/types\/product"}],"replies":[{"embeddable":true,"href":"https:\/\/www.alldayled.com\/de\/wp-json\/wp\/v2\/comments?post=68564"}],"wp:featuredmedia":[{"embeddable":true,"href":"https:\/\/www.alldayled.com\/de\/wp-json\/wp\/v2\/media\/17898"}],"wp:attachment":[{"href":"https:\/\/www.alldayled.com\/de\/wp-json\/wp\/v2\/media?parent=68564"}],"wp:term":[{"taxonomy":"product_brand","embeddable":true,"href":"https:\/\/www.alldayled.com\/de\/wp-json\/wp\/v2\/product_brand?post=68564"},{"taxonomy":"product_cat","embeddable":true,"href":"https:\/\/www.alldayled.com\/de\/wp-json\/wp\/v2\/product_cat?post=68564"},{"taxonomy":"product_tag","embeddable":true,"href":"https:\/\/www.alldayled.com\/de\/wp-json\/wp\/v2\/product_tag?post=68564"}],"curies":[{"name":"wp","href":"https:\/\/api.w.org\/{rel}","templated":true}]}}