{"id":68571,"date":"2020-11-10T15:30:20","date_gmt":"2020-11-10T14:30:20","guid":{"rendered":"https:\/\/www.alldayled.com\/product\/set-h3-led-lampen-12-24volt\/"},"modified":"2020-11-10T15:30:20","modified_gmt":"2020-11-10T14:30:20","slug":"set-h3-led-lampen-12-24volt","status":"publish","type":"product","link":"https:\/\/www.alldayled.com\/de\/produkt\/set-h3-led-lampen-12-24volt\/","title":{"rendered":"H3 LED Lampen Set 12\/24 Volt wei\u00df"},"content":{"rendered":"<p><span style=\"color: #000000;\"><strong>H3 LED Lampen Set, geeignet f\u00fcr 12 &amp; 24 Volt Betrieb. <\/strong><\/span><\/p>\n<p><span style=\"color: #000000;\">Sind Sie auf der Suche nach einer H3 LED Lampe, die Sie gegen eine original montierte Halogenlampe austauschen k\u00f6nnen? Dann ist diese H3 LED Lampe vielleicht die Lampe, die Sie suchen. Die LED Lampe ist mit 2 LED&#8217;s ausgestattet und wird im Set von 2 St\u00fcck geliefert. Die LED Lampe hat eine Lichtleistung, die Sie mit einer 60W Halogenlampe vergleichen k\u00f6nnen. Die H3 LED Lampe wei\u00df ist sowohl f\u00fcr 12 als auch f\u00fcr 24 Volt geeignet. Das bedeutet, dass Sie die H3 LED Lampe beispielsweise in Ihrem Auto, Motorrad, LKW, Wohnmobil oder einem anderen Fahrzeugtyp verwenden k\u00f6nnen. Um sicherzustellen, dass die wei\u00dfe LED Lampe passt, muss die original montierte Lampe mit der von Abbildung 3 \u00fcbereinstimmen. Wenn dies nicht der Fall ist, passt die LED Lampe nicht.       <\/span><\/p>\n<p><span style=\"color: #000000;\">Um sicherzustellen, dass die H3 Typ 2 LED Lampe wei\u00df f\u00fcr Ihr Fahrzeug oder Ihren Anh\u00e4nger geeignet ist, haben wir im Folgenden einige Spezifikationen aufgef\u00fchrt. All dies, um deutlich zu machen, warum dies vielleicht die H3 LED Lampe ist, die Sie suchen. Die LED Lampe ist unter anderem mit dem ECE R10-Pr\u00fcfzeichen versehen. Dieses Pr\u00fcfzeichen bedeutet, dass die Lampe w\u00e4hrend der Aktivierung keine St\u00f6rungen verursacht, beispielsweise auf dem Funksignal. Au\u00dferdem kann die LED Lampe bis zu 30 Volt verwendet werden. Dies bedeutet, dass die LED Lampe gegen Spannungsspitzen gesch\u00fctzt ist, die beim Starten des Fahrzeugs auftreten k\u00f6nnen.     <\/span><\/p>\n<h5><span style=\"color: #000000;\"><strong>Lichtleistung:<\/strong><\/span><\/h5>\n<p><span style=\"color: #000000;\">Die H3 Typ 2 LED Lampe ist mit 2 Hi-Power LED&#8217;s ausgestattet. Die 2 LED&#8217;s sorgen f\u00fcr eine Lichtleistung von 2000 Lumen pro Lampe. Ein montiertes Set liefert sogar 4000 Lumen. Dies reicht aus, um die Stra\u00dfe vor Ihnen gut auszuleuchten. Eine H3 Lampe findet man oft im Nebelscheinwerfer- oder Abblendlichtbereich Ihres Autos, Motorrads, LKW oder eines anderen Fahrzeugtyps. Sie k\u00f6nnen die Lampe aber auch im Fernlichtbereich finden.      <\/span><\/p>\n<p><span style=\"color: #000000;\"><em>Bitte beachte, diese LED Lampen sind in den meisten F\u00e4llen CAN-Bus-tauglich. Das bedeutet, dass die Lampe keine Fehlermeldung im Armaturenbrett anzeigen wird. Dies gilt haupts\u00e4chlich f\u00fcr \u00e4ltere Modelle von Autos und LKWs. Neuere Fahrzeuge k\u00f6nnen in einigen F\u00e4llen jedoch eine Meldung im Armaturenbrett erhalten. Zus\u00e4tzliche Beleuchtung wie Fernscheinwerfer oder Skylights sind von diesem System ausgeschlossen.    <\/em><\/span><\/p>\n<h5><span style=\"color: #000000;\"><strong>Warum hat diese LED Lampe kein E-Pr\u00fcfzeichen:<\/strong><\/span><\/h5>\n<p><span style=\"color: #000000;\">Ersatzlampen m\u00fcssen die europ\u00e4ischen Normen f\u00fcr Sicherheit, Wasserdichtigkeit und Kurzschlussschutz (ECE R37) erf\u00fcllen. Diese Normen basieren auf den alten Gl\u00fch- und Halogenlampen. LED-Ersatzlampen k\u00f6nnen diese nicht erf\u00fcllen, da sie keinen Gl\u00fchfaden haben. Daher erh\u00e4lt diese LED Lampe nicht das ECE R37-Pr\u00fcfzeichen und darf offiziell nicht auf \u00f6ffentlichen Stra\u00dfen verwendet werden. Sie k\u00f6nnen diese BA15S LED Lampe jedoch sicher auf Ihrem eigenen Gel\u00e4nde oder beispielsweise im Rennsport verwenden. So holen Sie das Maximum aus der Lampe heraus, ohne dass es zu rechtlichen Problemen kommt.     <\/span><\/p>\n","protected":false},"excerpt":{"rendered":"<p>H4 LED Lampenset zum Austausch von Halogen. 2000 Lumen pro Lampe, f\u00fcr 12 &amp; 24 Volt. <\/p>\n","protected":false},"featured_media":17358,"comment_status":"open","ping_status":"closed","template":"","meta":{"_acf_changed":false},"product_brand":[6501],"product_cat":[5302],"product_tag":[9647,9648,9650,9649,9651,9652],"class_list":{"0":"post-68571","1":"product","2":"type-product","3":"status-publish","4":"has-post-thumbnail","6":"product_brand-mtrs","7":"product_cat-abblendlicht","8":"product_tag-led-abblendlicht","9":"product_tag-led-abblendlicht-auto","10":"product_tag-led-abblendlicht-lkw","11":"product_tag-led-abblendlicht-motorrad","12":"product_tag-led-lampe-traktor","13":"product_tag-led-nebelscheinwerfer","15":"first","16":"instock","17":"taxable","18":"shipping-taxable","19":"purchasable","20":"product-type-simple"},"acf":[],"yoast_head":"<!-- This site is optimized with the Yoast SEO Premium plugin v26.5 (Yoast SEO v27.1.1) - https:\/\/yoast.com\/product\/yoast-seo-premium-wordpress\/ -->\n<title>H3 LED Lampen Set 12\/24 Volt wei\u00df - f\u00fcr 12&amp;24 Volt Verwendung<\/title>\n<meta name=\"description\" content=\"Hi-Power H3 LED Lampe set - xenon wei\u00df - 12 und 24 Volt - Auto, Motorrad, LKW und mehr - gutes Lichtbild - Lichtleistung 2000 Lumen\" \/>\n<meta name=\"robots\" content=\"index, follow, max-snippet:-1, max-image-preview:large, max-video-preview:-1\" \/>\n<link rel=\"canonical\" href=\"https:\/\/www.alldayled.com\/de\/produkt\/set-h3-led-lampen-12-24volt\/\" \/>\n<meta property=\"og:locale\" content=\"de_DE\" \/>\n<meta property=\"og:type\" content=\"article\" \/>\n<meta property=\"og:title\" content=\"H3 LED Lampen Set 12\/24 Volt wei\u00df - f\u00fcr 12&amp;24 Volt Verwendung\" \/>\n<meta property=\"og:description\" content=\"Hi-Power H3 LED Lampe set - xenon wei\u00df - 12 und 24 Volt - Auto, Motorrad, LKW und mehr - gutes Lichtbild - Lichtleistung 2000 Lumen\" \/>\n<meta property=\"og:url\" content=\"https:\/\/www.alldayled.com\/de\/produkt\/set-h3-led-lampen-12-24volt\/\" \/>\n<meta property=\"og:site_name\" content=\"All Day Led\" \/>\n<meta property=\"article:publisher\" content=\"https:\/\/www.facebook.com\/alldayled\/\" \/>\n<meta property=\"og:image\" content=\"https:\/\/www.alldayled.com\/wp-content\/uploads\/2020\/10\/ADL09091..-1-H3.png\" \/>\n<meta name=\"twitter:label1\" content=\"Preis\" \/>\n\t<meta name=\"twitter:data1\" content=\"&euro;&nbsp;69,00\" \/>\n\t<meta name=\"twitter:label2\" content=\"Verf\u00fcgbarkeit\" \/>\n\t<meta name=\"twitter:data2\" content=\"Auf Lager\" \/>\n<script type=\"application\/ld+json\" class=\"yoast-schema-graph\">{\"@context\":\"https:\/\/schema.org\",\"@graph\":[{\"@type\":\"WebPage\",\"@id\":\"https:\/\/www.alldayled.com\/de\/produkt\/set-h3-led-lampen-12-24volt\/\",\"url\":\"https:\/\/www.alldayled.com\/de\/produkt\/set-h3-led-lampen-12-24volt\/\",\"name\":\"H3 LED Lampen Set 12\/24 Volt wei\u00df - f\u00fcr 12&24 Volt Verwendung\",\"isPartOf\":{\"@id\":\"https:\/\/www.alldayled.com\/de\/#website\"},\"primaryImageOfPage\":{\"@id\":\"https:\/\/www.alldayled.com\/de\/produkt\/set-h3-led-lampen-12-24volt\/#primaryimage\"},\"image\":{\"@id\":\"https:\/\/www.alldayled.com\/de\/produkt\/set-h3-led-lampen-12-24volt\/#primaryimage\"},\"thumbnailUrl\":\"https:\/\/www.alldayled.com\/wp-content\/uploads\/2020\/10\/ADL09091..-H3.png\",\"datePublished\":\"2020-11-10T14:30:20+00:00\",\"description\":\"Hi-Power H3 LED Lampe set - xenon wei\u00df - 12 und 24 Volt - Auto, Motorrad, LKW und mehr - gutes Lichtbild - Lichtleistung 2000 Lumen\",\"breadcrumb\":{\"@id\":\"https:\/\/www.alldayled.com\/de\/produkt\/set-h3-led-lampen-12-24volt\/#breadcrumb\"},\"inLanguage\":\"de\",\"potentialAction\":[{\"@type\":\"ReadAction\",\"target\":[\"https:\/\/www.alldayled.com\/de\/produkt\/set-h3-led-lampen-12-24volt\/\"]}]},{\"@type\":\"ImageObject\",\"inLanguage\":\"de\",\"@id\":\"https:\/\/www.alldayled.com\/de\/produkt\/set-h3-led-lampen-12-24volt\/#primaryimage\",\"url\":\"https:\/\/www.alldayled.com\/wp-content\/uploads\/2020\/10\/ADL09091..-H3.png\",\"contentUrl\":\"https:\/\/www.alldayled.com\/wp-content\/uploads\/2020\/10\/ADL09091..-H3.png\",\"width\":800,\"height\":600,\"caption\":\"H1 Typ 2 LED Lampen Set f\u00fcr 12 &amp; 24 Volt - zur Verwendung in Auto, LKW, Wohnmobil, Traktor und mehr - EAN: 6090538672644\"},{\"@type\":\"BreadcrumbList\",\"@id\":\"https:\/\/www.alldayled.com\/de\/produkt\/set-h3-led-lampen-12-24volt\/#breadcrumb\",\"itemListElement\":[{\"@type\":\"ListItem\",\"position\":1,\"name\":\"Home\",\"item\":\"https:\/\/www.alldayled.com\/de\/\"},{\"@type\":\"ListItem\",\"position\":2,\"name\":\"Shop\",\"item\":\"https:\/\/www.alldayled.com\/de\/shop\/\"},{\"@type\":\"ListItem\",\"position\":3,\"name\":\"Abblendlicht\/Nebellicht\",\"item\":\"https:\/\/www.alldayled.com\/de\/produkt-kategorie\/abblendlicht\/\"},{\"@type\":\"ListItem\",\"position\":4,\"name\":\"H3 LED Lampen Set 12\/24 Volt wei\u00df\"}]},{\"@type\":\"WebSite\",\"@id\":\"https:\/\/www.alldayled.com\/de\/#website\",\"url\":\"https:\/\/www.alldayled.com\/de\/\",\"name\":\"All Day Led\",\"description\":\"Verlichting voor 12&amp;24 volt gebruik\",\"publisher\":{\"@id\":\"https:\/\/www.alldayled.com\/de\/#organization\"},\"potentialAction\":[{\"@type\":\"SearchAction\",\"target\":{\"@type\":\"EntryPoint\",\"urlTemplate\":\"https:\/\/www.alldayled.com\/de\/?s={search_term_string}\"},\"query-input\":{\"@type\":\"PropertyValueSpecification\",\"valueRequired\":true,\"valueName\":\"search_term_string\"}}],\"inLanguage\":\"de\"},{\"@type\":\"Organization\",\"@id\":\"https:\/\/www.alldayled.com\/de\/#organization\",\"name\":\"All Day Led\",\"url\":\"https:\/\/www.alldayled.com\/de\/\",\"logo\":{\"@type\":\"ImageObject\",\"inLanguage\":\"de\",\"@id\":\"https:\/\/www.alldayled.com\/de\/#\/schema\/logo\/image\/\",\"url\":\"https:\/\/www.alldayled.com\/wp-content\/uploads\/2025\/10\/Logo-ALL-DAY-LED-800x800-zwart-witte-letters.png\",\"contentUrl\":\"https:\/\/www.alldayled.com\/wp-content\/uploads\/2025\/10\/Logo-ALL-DAY-LED-800x800-zwart-witte-letters.png\",\"width\":800,\"height\":800,\"caption\":\"All Day Led\"},\"image\":{\"@id\":\"https:\/\/www.alldayled.com\/de\/#\/schema\/logo\/image\/\"},\"sameAs\":[\"https:\/\/www.facebook.com\/alldayled\/\",\"https:\/\/www.instagram.com\/alldayled\/\"],\"vatID\":\"NL863960133B01\",\"taxID\":\"86416545\"}]}<\/script>\n<meta property=\"product:brand\" content=\"MTRS\" \/>\n<meta property=\"product:price:amount\" content=\"69.00\" \/>\n<meta property=\"product:price:currency\" content=\"EUR\" \/>\n<meta property=\"og:availability\" content=\"instock\" \/>\n<meta property=\"product:availability\" content=\"instock\" \/>\n<meta property=\"product:retailer_item_id\" content=\"ADL09091\" \/>\n<meta property=\"product:condition\" content=\"new\" \/>\n<!-- \/ Yoast SEO Premium plugin. -->","yoast_head_json":{"title":"H3 LED Lampen Set 12\/24 Volt wei\u00df - f\u00fcr 12&24 Volt Verwendung","description":"Hi-Power H3 LED Lampe set - xenon wei\u00df - 12 und 24 Volt - Auto, Motorrad, LKW und mehr - gutes Lichtbild - Lichtleistung 2000 Lumen","robots":{"index":"index","follow":"follow","max-snippet":"max-snippet:-1","max-image-preview":"max-image-preview:large","max-video-preview":"max-video-preview:-1"},"canonical":"https:\/\/www.alldayled.com\/de\/produkt\/set-h3-led-lampen-12-24volt\/","og_locale":"de_DE","og_type":"article","og_title":"H3 LED Lampen Set 12\/24 Volt wei\u00df - f\u00fcr 12&24 Volt Verwendung","og_description":"Hi-Power H3 LED Lampe set - xenon wei\u00df - 12 und 24 Volt - Auto, Motorrad, LKW und mehr - gutes Lichtbild - Lichtleistung 2000 Lumen","og_url":"https:\/\/www.alldayled.com\/de\/produkt\/set-h3-led-lampen-12-24volt\/","og_site_name":"All Day Led","article_publisher":"https:\/\/www.facebook.com\/alldayled\/","og_image":[{"url":"https:\/\/www.alldayled.com\/wp-content\/uploads\/2020\/10\/ADL09091..-1-H3.png","type":"","width":"","height":""}],"twitter_misc":{"Preis":"&euro;&nbsp;69,00","Verf\u00fcgbarkeit":"Auf Lager"},"schema":{"@context":"https:\/\/schema.org","@graph":[{"@type":"WebPage","@id":"https:\/\/www.alldayled.com\/de\/produkt\/set-h3-led-lampen-12-24volt\/","url":"https:\/\/www.alldayled.com\/de\/produkt\/set-h3-led-lampen-12-24volt\/","name":"H3 LED Lampen Set 12\/24 Volt wei\u00df - f\u00fcr 12&24 Volt Verwendung","isPartOf":{"@id":"https:\/\/www.alldayled.com\/de\/#website"},"primaryImageOfPage":{"@id":"https:\/\/www.alldayled.com\/de\/produkt\/set-h3-led-lampen-12-24volt\/#primaryimage"},"image":{"@id":"https:\/\/www.alldayled.com\/de\/produkt\/set-h3-led-lampen-12-24volt\/#primaryimage"},"thumbnailUrl":"https:\/\/www.alldayled.com\/wp-content\/uploads\/2020\/10\/ADL09091..-H3.png","datePublished":"2020-11-10T14:30:20+00:00","description":"Hi-Power H3 LED Lampe set - xenon wei\u00df - 12 und 24 Volt - Auto, Motorrad, LKW und mehr - gutes Lichtbild - Lichtleistung 2000 Lumen","breadcrumb":{"@id":"https:\/\/www.alldayled.com\/de\/produkt\/set-h3-led-lampen-12-24volt\/#breadcrumb"},"inLanguage":"de","potentialAction":[{"@type":"ReadAction","target":["https:\/\/www.alldayled.com\/de\/produkt\/set-h3-led-lampen-12-24volt\/"]}]},{"@type":"ImageObject","inLanguage":"de","@id":"https:\/\/www.alldayled.com\/de\/produkt\/set-h3-led-lampen-12-24volt\/#primaryimage","url":"https:\/\/www.alldayled.com\/wp-content\/uploads\/2020\/10\/ADL09091..-H3.png","contentUrl":"https:\/\/www.alldayled.com\/wp-content\/uploads\/2020\/10\/ADL09091..-H3.png","width":800,"height":600,"caption":"H1 Typ 2 LED Lampen Set f\u00fcr 12 &amp; 24 Volt - zur Verwendung in Auto, LKW, Wohnmobil, Traktor und mehr - EAN: 6090538672644"},{"@type":"BreadcrumbList","@id":"https:\/\/www.alldayled.com\/de\/produkt\/set-h3-led-lampen-12-24volt\/#breadcrumb","itemListElement":[{"@type":"ListItem","position":1,"name":"Home","item":"https:\/\/www.alldayled.com\/de\/"},{"@type":"ListItem","position":2,"name":"Shop","item":"https:\/\/www.alldayled.com\/de\/shop\/"},{"@type":"ListItem","position":3,"name":"Abblendlicht\/Nebellicht","item":"https:\/\/www.alldayled.com\/de\/produkt-kategorie\/abblendlicht\/"},{"@type":"ListItem","position":4,"name":"H3 LED Lampen Set 12\/24 Volt wei\u00df"}]},{"@type":"WebSite","@id":"https:\/\/www.alldayled.com\/de\/#website","url":"https:\/\/www.alldayled.com\/de\/","name":"All Day Led","description":"Verlichting voor 12&amp;24 volt gebruik","publisher":{"@id":"https:\/\/www.alldayled.com\/de\/#organization"},"potentialAction":[{"@type":"SearchAction","target":{"@type":"EntryPoint","urlTemplate":"https:\/\/www.alldayled.com\/de\/?s={search_term_string}"},"query-input":{"@type":"PropertyValueSpecification","valueRequired":true,"valueName":"search_term_string"}}],"inLanguage":"de"},{"@type":"Organization","@id":"https:\/\/www.alldayled.com\/de\/#organization","name":"All Day Led","url":"https:\/\/www.alldayled.com\/de\/","logo":{"@type":"ImageObject","inLanguage":"de","@id":"https:\/\/www.alldayled.com\/de\/#\/schema\/logo\/image\/","url":"https:\/\/www.alldayled.com\/wp-content\/uploads\/2025\/10\/Logo-ALL-DAY-LED-800x800-zwart-witte-letters.png","contentUrl":"https:\/\/www.alldayled.com\/wp-content\/uploads\/2025\/10\/Logo-ALL-DAY-LED-800x800-zwart-witte-letters.png","width":800,"height":800,"caption":"All Day Led"},"image":{"@id":"https:\/\/www.alldayled.com\/de\/#\/schema\/logo\/image\/"},"sameAs":["https:\/\/www.facebook.com\/alldayled\/","https:\/\/www.instagram.com\/alldayled\/"],"vatID":"NL863960133B01","taxID":"86416545"}]},"product_brand":"MTRS","product_price_amount":"69.00","product_price_currency":"EUR","og_availability":"instock","product_availability":"instock","product_retailer_item_id":"ADL09091","product_condition":"new"},"_links":{"self":[{"href":"https:\/\/www.alldayled.com\/de\/wp-json\/wp\/v2\/product\/68571","targetHints":{"allow":["GET"]}}],"collection":[{"href":"https:\/\/www.alldayled.com\/de\/wp-json\/wp\/v2\/product"}],"about":[{"href":"https:\/\/www.alldayled.com\/de\/wp-json\/wp\/v2\/types\/product"}],"replies":[{"embeddable":true,"href":"https:\/\/www.alldayled.com\/de\/wp-json\/wp\/v2\/comments?post=68571"}],"wp:featuredmedia":[{"embeddable":true,"href":"https:\/\/www.alldayled.com\/de\/wp-json\/wp\/v2\/media\/17358"}],"wp:attachment":[{"href":"https:\/\/www.alldayled.com\/de\/wp-json\/wp\/v2\/media?parent=68571"}],"wp:term":[{"taxonomy":"product_brand","embeddable":true,"href":"https:\/\/www.alldayled.com\/de\/wp-json\/wp\/v2\/product_brand?post=68571"},{"taxonomy":"product_cat","embeddable":true,"href":"https:\/\/www.alldayled.com\/de\/wp-json\/wp\/v2\/product_cat?post=68571"},{"taxonomy":"product_tag","embeddable":true,"href":"https:\/\/www.alldayled.com\/de\/wp-json\/wp\/v2\/product_tag?post=68571"}],"curies":[{"name":"wp","href":"https:\/\/api.w.org\/{rel}","templated":true}]}}