{"id":68649,"date":"2025-05-14T09:51:28","date_gmt":"2025-05-14T07:51:28","guid":{"rendered":"https:\/\/www.alldayled.com\/product\/strands-siberia-xpa-led-bar-sr-50\/"},"modified":"2026-03-21T08:51:25","modified_gmt":"2026-03-21T07:51:25","slug":"strands-siberia-xpa-led-bar-sr-50","status":"publish","type":"product","link":"https:\/\/www.alldayled.com\/de\/produkt\/strands-siberia-xpa-led-bar-sr-50\/","title":{"rendered":"Strands Siberia XPA LED bar SR &#8211; 50\u2033"},"content":{"rendered":"<p><span style=\"color: #000000;\"><strong>Strands Siberia XPA LED bar Single Row 50 Zoll, f\u00fcr 12 und 24 Volt.<\/strong><\/span><\/p>\n<p><span style=\"color: #000000;\">M\u00f6chtest du dein Auto, deinen SUV, dein Wohnmobil oder deinen LKW mit einer starken und vielseitigen LED bar ausstatten, wei\u00dft aber nicht genau, welche Lampe am besten zu deinem Fahrzeug passt? Dann ist die Siberia XPA LED bar SR 50 Zoll vielleicht die L\u00f6sung. Diese LED bar ist kompakt, leistungsstark und mit einem DUAL COLOR Standlicht ausgestattet, das du einfach auf Wei\u00df oder Orange einstellen kannst. So w\u00e4hlst du immer den richtigen Look und die optimale Sichtbarkeit, unabh\u00e4ngig vom Fahrzeug oder der Situation. Dieses Modell verf\u00fcgt auch \u00fcber eine Hello-Funktion. Zwei kurze Blitze mit deinem Fernlicht und die Positionsleuchten antworten direkt mit einem verspielten Lichtsignal. Eine einzigartige M\u00f6glichkeit, deine Kollegen zu gr\u00fc\u00dfen!      <\/span><\/p>\n<p><span style=\"color: #000000;\">Die Lampe funktioniert sowohl mit 12 als auch mit 24 Volt, wodurch sie f\u00fcr eine Vielzahl von Fahrzeugen geeignet ist, von Autos und Wohnmobilen bis hin zu Lastwagen und Traktoren. Dank der ECE R148 und ECE R149 Zulassung kannst du sie zudem problemlos im Stra\u00dfenverkehr verwenden. Der robuste Aluminiumrahmen und die Polycarbonatlinse machen die LED bar extrem langlebig. Dar\u00fcber hinaus ist die Lampe best\u00e4ndig gegen St\u00f6\u00dfe, Staub und Wasser und ideal f\u00fcr den t\u00e4glichen Gebrauch sowie f\u00fcr schwierige Bedingungen. Egal, ob du zus\u00e4tzliche Sichtbarkeit, ein cooles Upgrade f\u00fcr dein Fahrzeug oder beides suchst, die Strands Siberia XPA LED bar Single Row 50 Zoll bietet alles in einer kompakten und zuverl\u00e4ssigen Lampe. Sieh dir unten die Spezifikationen an und entdecke, warum diese LED bar vielleicht die Lampe ist, die dein Fahrzeug braucht.   <\/span><\/p>\n<h5><span style=\"color: #000000;\"><strong>Abmessungen:<\/strong><\/span><\/h5>\n<p><span style=\"color: #000000;\">Da du sicher sein m\u00f6chtest, dass die Lampe dort passt, wo du sie montieren m\u00f6chtest, ist es wichtig, die Abmessungen zu kennen. Die Abmessungen der Strands Siberia XPA LED bar Single Row 50&#8220; sind wie folgt: <\/span><\/p>\n<ul>\n<li><span style=\"color: #000000;\">H\u00f6he: 45 mm (64,5 mm inkl. Befestigung)<\/span><\/li>\n<li><span style=\"color: #000000;\">Breite: 1273,7 mm<\/span><\/li>\n<li><span style=\"color: #000000;\">Dicke: 55,5 mm<\/span><\/li>\n<\/ul>\n<p><span style=\"color: #000000;\">Achte darauf, dass die Strands Siberia XPA LED-Lampe standardm\u00e4\u00dfig mit einem Satz Befestigungsb\u00fcgel geliefert wird. Mit diesen B\u00fcgeln kannst du die Lampe \u00fcber die R\u00fcckseite montieren.  <\/span><\/p>\n<h5><span style=\"color: #000000;\"><strong>Weitere Abmessungen: <\/strong><\/span><\/h5>\n<p><span style=\"color: #000000;\">M\u00f6chtest du dein Auto, deinen SUV, dein Wohnmobil oder deinen LKW mit einer LED bar ausstatten? Aber ist die Strands Siberia XPA LED bar Single Row 50 Zoll nicht die richtige L\u00e4nge f\u00fcr dein Fahrzeug?  Kein Problem! Diese beliebte LED bar ist n\u00e4mlich auch in anderen Gr\u00f6\u00dfen innerhalb derselben Siberia XPA Single Row-Serie erh\u00e4ltlich. So w\u00e4hlst du einfach die Variante, die perfekt zu deinem Auto, Wohnmobil, LKW oder SUV passt.  <\/span><\/p>\n<ul>\n<li><a href=\"https:\/\/www.alldayled.com\/de\/produkt\/strands-siberia-xpa-led-bar-sr-12\/\"><span style=\"color: #000000;\"><strong>Siberia XPA SR 12 Zoll<\/strong><\/span><\/a><\/li>\n<li><a href=\"https:\/\/www.alldayled.com\/de\/produkt\/strands-siberia-xpa-led-bar-sr-22\/\"><span style=\"color: #000000;\"><strong>Siberia XPA SR 22 Zoll<\/strong><\/span><\/a><\/li>\n<li><a href=\"https:\/\/www.alldayled.com\/de\/produkt\/strands-siberia-xpa-led-bar-sr-32\/\"><span style=\"color: #000000;\"><strong>Siberia XPA SR 32 Zoll<\/strong><\/span><\/a><\/li>\n<li><a href=\"https:\/\/www.alldayled.com\/de\/produkt\/strands-siberia-xpa-led-bar-sr-42\/\"><span style=\"color: #000000;\"><strong>Siberia XPA SR 42 Zoll<\/strong><\/span><\/a><\/li>\n<\/ul>\n<p><span style=\"color: #000000;\">Bist du nach dem Lesen der obigen Informationen immer noch nicht davon \u00fcberzeugt, dass dies die Lampe ist, die du suchst? Einfach, weil die Lichtleistung, die Wattzahl oder die Form der Strands Siberia XPA LED bar Single Row 50 Zoll nicht deinen W\u00fcnschen entspricht? Dann sieh dir hier das komplette Angebot von <a style=\"color: #000000;\" href=\"https:\/\/www.alldayled.com\/de\/marke\/product-strands-lighting-division\/\" target=\"_blank\" rel=\"noopener\">Strands<\/a> an. Vielleicht findest du hier das Lampenmodell, das du suchst.    <\/span><\/p>\n","protected":false},"excerpt":{"rendered":"<p>Strands Siberia XPA Single Row LED bar 50 Zoll, f\u00fcr 12 &amp; 24 Volt.<\/p>\n","protected":false},"featured_media":37098,"comment_status":"open","ping_status":"closed","template":"","meta":{"_acf_changed":false},"product_brand":[5114],"product_cat":[5386,5359],"product_tag":[9161,9162,9163,9164,9075,9079,9077,9078,9076,9057,9074,9066,9064,9065,9165,9080],"class_list":{"0":"post-68649","1":"product","2":"type-product","3":"status-publish","4":"has-post-thumbnail","6":"product_brand-product-strands-lighting-division","7":"product_cat-led-bar","8":"product_cat-strands-siberia","9":"product_tag-led-bar","10":"product_tag-led-bar-auto","11":"product_tag-led-bar-lkw","12":"product_tag-led-scheinwerfer","13":"product_tag-led-scheinwerfer-auto","14":"product_tag-led-scheinwerfer-lkw","15":"product_tag-led-scheinwerfer-tonabnehmer","16":"product_tag-led-scheinwerfer-traktor","17":"product_tag-led-scheinwerfer-wohnmobil","18":"product_tag-led-arbeitsleuchte","19":"product_tag-scheinwerfer-mit-stadtlicht","20":"product_tag-strands-led-arbeitsleuchte","21":"product_tag-strands-led-beleuchtung","22":"product_tag-strands-lighting-division","23":"product_tag-strands-siberia-led-bar","24":"product_tag-strands-siberia-scheinwerfer","26":"first","27":"instock","28":"taxable","29":"shipping-taxable","30":"purchasable","31":"product-type-simple"},"acf":[],"yoast_head":"<!-- This site is optimized with the Yoast SEO Premium plugin v26.5 (Yoast SEO v27.1.1) - https:\/\/yoast.com\/product\/yoast-seo-premium-wordpress\/ -->\n<title>Siberia XPA LED bar SR 50 Zoll - Strands - All Day Led - f\u00fcr 12&amp;24V<\/title>\n<meta name=\"description\" content=\"Strands Siberia XPA LED bar SR 50 Zoll - LED-Balken mit Aluminiumgeh\u00e4use und IP68\/69K-Pr\u00fcfzeichen - mit ECE R148 und ECE R149-Pr\u00fcfzeichen - Strands 809415A\" \/>\n<meta name=\"robots\" content=\"index, follow, max-snippet:-1, max-image-preview:large, max-video-preview:-1\" \/>\n<link rel=\"canonical\" href=\"https:\/\/www.alldayled.com\/de\/produkt\/strands-siberia-xpa-led-bar-sr-50\/\" \/>\n<meta property=\"og:locale\" content=\"de_DE\" \/>\n<meta property=\"og:type\" content=\"article\" \/>\n<meta property=\"og:title\" content=\"Siberia XPA LED bar SR 50 Zoll - Strands - All Day Led - f\u00fcr 12&amp;24V\" \/>\n<meta property=\"og:description\" content=\"Strands Siberia XPA LED bar SR 50 Zoll - LED-Balken mit Aluminiumgeh\u00e4use und IP68\/69K-Pr\u00fcfzeichen - mit ECE R148 und ECE R149-Pr\u00fcfzeichen - Strands 809415A\" \/>\n<meta property=\"og:url\" content=\"https:\/\/www.alldayled.com\/de\/produkt\/strands-siberia-xpa-led-bar-sr-50\/\" \/>\n<meta property=\"og:site_name\" content=\"All Day Led\" \/>\n<meta property=\"article:publisher\" content=\"https:\/\/www.facebook.com\/alldayled\/\" \/>\n<meta property=\"article:modified_time\" content=\"2026-03-21T07:51:25+00:00\" \/>\n<meta property=\"og:image\" content=\"https:\/\/www.alldayled.com\/wp-content\/uploads\/2025\/08\/ADL809415A-SM-300x300.png\" \/>\n<meta name=\"twitter:label1\" content=\"Preis\" \/>\n\t<meta name=\"twitter:data1\" content=\"&euro;&nbsp;469,00\" \/>\n\t<meta name=\"twitter:label2\" content=\"Verf\u00fcgbarkeit\" \/>\n\t<meta name=\"twitter:data2\" content=\"Auf Lager\" \/>\n<script type=\"application\/ld+json\" class=\"yoast-schema-graph\">{\"@context\":\"https:\/\/schema.org\",\"@graph\":[{\"@type\":\"WebPage\",\"@id\":\"https:\/\/www.alldayled.com\/de\/produkt\/strands-siberia-xpa-led-bar-sr-50\/\",\"url\":\"https:\/\/www.alldayled.com\/de\/produkt\/strands-siberia-xpa-led-bar-sr-50\/\",\"name\":\"Siberia XPA LED bar SR 50 Zoll - Strands - All Day Led - f\u00fcr 12&24V\",\"isPartOf\":{\"@id\":\"https:\/\/www.alldayled.com\/de\/#website\"},\"primaryImageOfPage\":{\"@id\":\"https:\/\/www.alldayled.com\/de\/produkt\/strands-siberia-xpa-led-bar-sr-50\/#primaryimage\"},\"image\":{\"@id\":\"https:\/\/www.alldayled.com\/de\/produkt\/strands-siberia-xpa-led-bar-sr-50\/#primaryimage\"},\"thumbnailUrl\":\"https:\/\/www.alldayled.com\/wp-content\/uploads\/2025\/08\/ADL809415A.png\",\"datePublished\":\"2025-05-14T07:51:28+00:00\",\"dateModified\":\"2026-03-21T07:51:25+00:00\",\"description\":\"Strands Siberia XPA LED bar SR 50 Zoll - LED-Balken mit Aluminiumgeh\u00e4use und IP68\/69K-Pr\u00fcfzeichen - mit ECE R148 und ECE R149-Pr\u00fcfzeichen - Strands 809415A\",\"breadcrumb\":{\"@id\":\"https:\/\/www.alldayled.com\/de\/produkt\/strands-siberia-xpa-led-bar-sr-50\/#breadcrumb\"},\"inLanguage\":\"de\",\"potentialAction\":[{\"@type\":\"ReadAction\",\"target\":[\"https:\/\/www.alldayled.com\/de\/produkt\/strands-siberia-xpa-led-bar-sr-50\/\"]}]},{\"@type\":\"ImageObject\",\"inLanguage\":\"de\",\"@id\":\"https:\/\/www.alldayled.com\/de\/produkt\/strands-siberia-xpa-led-bar-sr-50\/#primaryimage\",\"url\":\"https:\/\/www.alldayled.com\/wp-content\/uploads\/2025\/08\/ADL809415A.png\",\"contentUrl\":\"https:\/\/www.alldayled.com\/wp-content\/uploads\/2025\/08\/ADL809415A.png\",\"width\":800,\"height\":600,\"caption\":\"Strands Siberia XPA LED bar SR 50 Zoll - 809415 - mit ECE R148 und ECE R149-Pr\u00fcfzeichen - DUAL COLOR orange\/wei\u00df\"},{\"@type\":\"BreadcrumbList\",\"@id\":\"https:\/\/www.alldayled.com\/de\/produkt\/strands-siberia-xpa-led-bar-sr-50\/#breadcrumb\",\"itemListElement\":[{\"@type\":\"ListItem\",\"position\":1,\"name\":\"Home\",\"item\":\"https:\/\/www.alldayled.com\/de\/\"},{\"@type\":\"ListItem\",\"position\":2,\"name\":\"Shop\",\"item\":\"https:\/\/www.alldayled.com\/de\/shop\/\"},{\"@type\":\"ListItem\",\"position\":3,\"name\":\"Scheinwerfer\",\"item\":\"https:\/\/www.alldayled.com\/de\/produkt-kategorie\/scheinwerfer\/\"},{\"@type\":\"ListItem\",\"position\":4,\"name\":\"LED Bar\",\"item\":\"https:\/\/www.alldayled.com\/de\/produkt-kategorie\/scheinwerfer\/led-bar\/\"},{\"@type\":\"ListItem\",\"position\":5,\"name\":\"Strands Siberia XPA LED bar SR &#8211; 50\u2033\"}]},{\"@type\":\"WebSite\",\"@id\":\"https:\/\/www.alldayled.com\/de\/#website\",\"url\":\"https:\/\/www.alldayled.com\/de\/\",\"name\":\"All Day Led\",\"description\":\"Verlichting voor 12&amp;24 volt gebruik\",\"publisher\":{\"@id\":\"https:\/\/www.alldayled.com\/de\/#organization\"},\"potentialAction\":[{\"@type\":\"SearchAction\",\"target\":{\"@type\":\"EntryPoint\",\"urlTemplate\":\"https:\/\/www.alldayled.com\/de\/?s={search_term_string}\"},\"query-input\":{\"@type\":\"PropertyValueSpecification\",\"valueRequired\":true,\"valueName\":\"search_term_string\"}}],\"inLanguage\":\"de\"},{\"@type\":\"Organization\",\"@id\":\"https:\/\/www.alldayled.com\/de\/#organization\",\"name\":\"All Day Led\",\"url\":\"https:\/\/www.alldayled.com\/de\/\",\"logo\":{\"@type\":\"ImageObject\",\"inLanguage\":\"de\",\"@id\":\"https:\/\/www.alldayled.com\/de\/#\/schema\/logo\/image\/\",\"url\":\"https:\/\/www.alldayled.com\/wp-content\/uploads\/2025\/10\/Logo-ALL-DAY-LED-800x800-zwart-witte-letters.png\",\"contentUrl\":\"https:\/\/www.alldayled.com\/wp-content\/uploads\/2025\/10\/Logo-ALL-DAY-LED-800x800-zwart-witte-letters.png\",\"width\":800,\"height\":800,\"caption\":\"All Day Led\"},\"image\":{\"@id\":\"https:\/\/www.alldayled.com\/de\/#\/schema\/logo\/image\/\"},\"sameAs\":[\"https:\/\/www.facebook.com\/alldayled\/\",\"https:\/\/www.instagram.com\/alldayled\/\"],\"vatID\":\"NL863960133B01\",\"taxID\":\"86416545\"}]}<\/script>\n<meta property=\"product:brand\" content=\"Strands\" \/>\n<meta property=\"product:price:amount\" content=\"469.00\" \/>\n<meta property=\"product:price:currency\" content=\"EUR\" \/>\n<meta property=\"og:availability\" content=\"instock\" \/>\n<meta property=\"product:availability\" content=\"instock\" \/>\n<meta property=\"product:retailer_item_id\" content=\"ADL809415A\" \/>\n<meta property=\"product:condition\" content=\"new\" \/>\n<!-- \/ Yoast SEO Premium plugin. -->","yoast_head_json":{"title":"Siberia XPA LED bar SR 50 Zoll - Strands - All Day Led - f\u00fcr 12&24V","description":"Strands Siberia XPA LED bar SR 50 Zoll - LED-Balken mit Aluminiumgeh\u00e4use und IP68\/69K-Pr\u00fcfzeichen - mit ECE R148 und ECE R149-Pr\u00fcfzeichen - Strands 809415A","robots":{"index":"index","follow":"follow","max-snippet":"max-snippet:-1","max-image-preview":"max-image-preview:large","max-video-preview":"max-video-preview:-1"},"canonical":"https:\/\/www.alldayled.com\/de\/produkt\/strands-siberia-xpa-led-bar-sr-50\/","og_locale":"de_DE","og_type":"article","og_title":"Siberia XPA LED bar SR 50 Zoll - Strands - All Day Led - f\u00fcr 12&24V","og_description":"Strands Siberia XPA LED bar SR 50 Zoll - LED-Balken mit Aluminiumgeh\u00e4use und IP68\/69K-Pr\u00fcfzeichen - mit ECE R148 und ECE R149-Pr\u00fcfzeichen - Strands 809415A","og_url":"https:\/\/www.alldayled.com\/de\/produkt\/strands-siberia-xpa-led-bar-sr-50\/","og_site_name":"All Day Led","article_publisher":"https:\/\/www.facebook.com\/alldayled\/","article_modified_time":"2026-03-21T07:51:25+00:00","og_image":[{"url":"https:\/\/www.alldayled.com\/wp-content\/uploads\/2025\/08\/ADL809415A-SM-300x300.png","type":"","width":"","height":""}],"twitter_misc":{"Preis":"&euro;&nbsp;469,00","Verf\u00fcgbarkeit":"Auf Lager"},"schema":{"@context":"https:\/\/schema.org","@graph":[{"@type":"WebPage","@id":"https:\/\/www.alldayled.com\/de\/produkt\/strands-siberia-xpa-led-bar-sr-50\/","url":"https:\/\/www.alldayled.com\/de\/produkt\/strands-siberia-xpa-led-bar-sr-50\/","name":"Siberia XPA LED bar SR 50 Zoll - Strands - All Day Led - f\u00fcr 12&24V","isPartOf":{"@id":"https:\/\/www.alldayled.com\/de\/#website"},"primaryImageOfPage":{"@id":"https:\/\/www.alldayled.com\/de\/produkt\/strands-siberia-xpa-led-bar-sr-50\/#primaryimage"},"image":{"@id":"https:\/\/www.alldayled.com\/de\/produkt\/strands-siberia-xpa-led-bar-sr-50\/#primaryimage"},"thumbnailUrl":"https:\/\/www.alldayled.com\/wp-content\/uploads\/2025\/08\/ADL809415A.png","datePublished":"2025-05-14T07:51:28+00:00","dateModified":"2026-03-21T07:51:25+00:00","description":"Strands Siberia XPA LED bar SR 50 Zoll - LED-Balken mit Aluminiumgeh\u00e4use und IP68\/69K-Pr\u00fcfzeichen - mit ECE R148 und ECE R149-Pr\u00fcfzeichen - Strands 809415A","breadcrumb":{"@id":"https:\/\/www.alldayled.com\/de\/produkt\/strands-siberia-xpa-led-bar-sr-50\/#breadcrumb"},"inLanguage":"de","potentialAction":[{"@type":"ReadAction","target":["https:\/\/www.alldayled.com\/de\/produkt\/strands-siberia-xpa-led-bar-sr-50\/"]}]},{"@type":"ImageObject","inLanguage":"de","@id":"https:\/\/www.alldayled.com\/de\/produkt\/strands-siberia-xpa-led-bar-sr-50\/#primaryimage","url":"https:\/\/www.alldayled.com\/wp-content\/uploads\/2025\/08\/ADL809415A.png","contentUrl":"https:\/\/www.alldayled.com\/wp-content\/uploads\/2025\/08\/ADL809415A.png","width":800,"height":600,"caption":"Strands Siberia XPA LED bar SR 50 Zoll - 809415 - mit ECE R148 und ECE R149-Pr\u00fcfzeichen - DUAL COLOR orange\/wei\u00df"},{"@type":"BreadcrumbList","@id":"https:\/\/www.alldayled.com\/de\/produkt\/strands-siberia-xpa-led-bar-sr-50\/#breadcrumb","itemListElement":[{"@type":"ListItem","position":1,"name":"Home","item":"https:\/\/www.alldayled.com\/de\/"},{"@type":"ListItem","position":2,"name":"Shop","item":"https:\/\/www.alldayled.com\/de\/shop\/"},{"@type":"ListItem","position":3,"name":"Scheinwerfer","item":"https:\/\/www.alldayled.com\/de\/produkt-kategorie\/scheinwerfer\/"},{"@type":"ListItem","position":4,"name":"LED Bar","item":"https:\/\/www.alldayled.com\/de\/produkt-kategorie\/scheinwerfer\/led-bar\/"},{"@type":"ListItem","position":5,"name":"Strands Siberia XPA LED bar SR &#8211; 50\u2033"}]},{"@type":"WebSite","@id":"https:\/\/www.alldayled.com\/de\/#website","url":"https:\/\/www.alldayled.com\/de\/","name":"All Day Led","description":"Verlichting voor 12&amp;24 volt gebruik","publisher":{"@id":"https:\/\/www.alldayled.com\/de\/#organization"},"potentialAction":[{"@type":"SearchAction","target":{"@type":"EntryPoint","urlTemplate":"https:\/\/www.alldayled.com\/de\/?s={search_term_string}"},"query-input":{"@type":"PropertyValueSpecification","valueRequired":true,"valueName":"search_term_string"}}],"inLanguage":"de"},{"@type":"Organization","@id":"https:\/\/www.alldayled.com\/de\/#organization","name":"All Day Led","url":"https:\/\/www.alldayled.com\/de\/","logo":{"@type":"ImageObject","inLanguage":"de","@id":"https:\/\/www.alldayled.com\/de\/#\/schema\/logo\/image\/","url":"https:\/\/www.alldayled.com\/wp-content\/uploads\/2025\/10\/Logo-ALL-DAY-LED-800x800-zwart-witte-letters.png","contentUrl":"https:\/\/www.alldayled.com\/wp-content\/uploads\/2025\/10\/Logo-ALL-DAY-LED-800x800-zwart-witte-letters.png","width":800,"height":800,"caption":"All Day Led"},"image":{"@id":"https:\/\/www.alldayled.com\/de\/#\/schema\/logo\/image\/"},"sameAs":["https:\/\/www.facebook.com\/alldayled\/","https:\/\/www.instagram.com\/alldayled\/"],"vatID":"NL863960133B01","taxID":"86416545"}]},"product_brand":"Strands","product_price_amount":"469.00","product_price_currency":"EUR","og_availability":"instock","product_availability":"instock","product_retailer_item_id":"ADL809415A","product_condition":"new"},"_links":{"self":[{"href":"https:\/\/www.alldayled.com\/de\/wp-json\/wp\/v2\/product\/68649","targetHints":{"allow":["GET"]}}],"collection":[{"href":"https:\/\/www.alldayled.com\/de\/wp-json\/wp\/v2\/product"}],"about":[{"href":"https:\/\/www.alldayled.com\/de\/wp-json\/wp\/v2\/types\/product"}],"replies":[{"embeddable":true,"href":"https:\/\/www.alldayled.com\/de\/wp-json\/wp\/v2\/comments?post=68649"}],"wp:featuredmedia":[{"embeddable":true,"href":"https:\/\/www.alldayled.com\/de\/wp-json\/wp\/v2\/media\/37098"}],"wp:attachment":[{"href":"https:\/\/www.alldayled.com\/de\/wp-json\/wp\/v2\/media?parent=68649"}],"wp:term":[{"taxonomy":"product_brand","embeddable":true,"href":"https:\/\/www.alldayled.com\/de\/wp-json\/wp\/v2\/product_brand?post=68649"},{"taxonomy":"product_cat","embeddable":true,"href":"https:\/\/www.alldayled.com\/de\/wp-json\/wp\/v2\/product_cat?post=68649"},{"taxonomy":"product_tag","embeddable":true,"href":"https:\/\/www.alldayled.com\/de\/wp-json\/wp\/v2\/product_tag?post=68649"}],"curies":[{"name":"wp","href":"https:\/\/api.w.org\/{rel}","templated":true}]}}