{"id":68740,"date":"2020-06-07T11:57:24","date_gmt":"2020-06-07T09:57:24","guid":{"rendered":"https:\/\/www.alldayled.com\/product\/festoon-41mm-led-blauw-24v\/"},"modified":"2020-06-07T11:57:24","modified_gmt":"2020-06-07T09:57:24","slug":"festoon-41mm-led-blauw-24v","status":"publish","type":"product","link":"https:\/\/www.alldayled.com\/de\/produkt\/festoon-41mm-led-blauw-24v\/","title":{"rendered":"Festoon LED Lampe 41mm 24V blau"},"content":{"rendered":"<p><span style=\"color: #000000;\"><strong>Festoon LED Lampe blau 41mm 24V mit 6-SMD, geeignet f\u00fcr 24 Volt Betrieb. <\/strong><\/span><\/p>\n<p><span style=\"color: #000000;\">Suchst du eine LED Lampe, die du gegen deine originale Festoon-Halogenlampe austauschen kannst? Dann ist diese blaue Festoon LED Lampe 41mm vielleicht genau das, was du suchst. Die Lampe hat 6 helle LEDs und wird als Set von 2 St\u00fcck geliefert. Zudem ist die Lichtausbeute vergleichbar mit einer 10W Halogenlampe. Achtung: Die Festoon LED Lampe blau 41mm funktioniert nur mit 24 Volt. Das bedeutet, du kannst sie zum Beispiel in deinem LKW, Wohnmobil oder Anh\u00e4nger verwenden.     <\/span><\/p>\n<p><span style=\"color: #000000;\">Um sicherzustellen, dass die Lampe passt, muss die originale Lampe mit Abbildung 3 \u00fcbereinstimmen. Stimmt dies nicht \u00fcberein? Dann passt die LED R\u00f6hrenlampe leider nicht. Um dir ein klares Bild von dieser LED Lampe zu geben, haben wir unten die wichtigsten Spezifikationen aufgelistet. Die Lampe ist mit dem ECE R10-Pr\u00fcfzeichen versehen, was bedeutet, dass sie zum Beispiel keine St\u00f6rungen deines Radiosignals verursacht. Zudem kann die Lampe bis zu 30 Volt aushalten, wodurch sie beim Starten deines Fahrzeugs vor Spannungsspitzen gesch\u00fctzt ist.     <\/span><\/p>\n<h5><span style=\"color: #000000;\"><strong>Abmessungen:<\/strong><\/span><\/h5>\n<p><span style=\"color: #000000;\">Um sicherzustellen, dass du die Festoon LED Soffittenlampe blau 24 Volt einfach montieren kannst, haben wir dir unten die Abmessungen aufgelistet. Die Abmessungen dieser blauen LED Lampe mit Festoon-Anschluss sind wie folgt: <\/span><\/p>\n<ul>\n<li><span style=\"color: #000000;\">L\u00e4nge: 41 mm<\/span><\/li>\n<li><span style=\"color: #000000;\">Breite: 11 mm<\/span><\/li>\n<\/ul>\n<p><span style=\"color: #000000;\"><em>Bitte beachte, diese LED Lampen sind nicht CAN-Bus-f\u00e4hig. Das bedeutet, dass diese Lampe eine Fehlermeldung auf deinem Armaturenbrett verursachen kann. Dies trifft haupts\u00e4chlich auf neuere Automodelle zu, LKWs sind davon oft ausgenommen. Auch zus\u00e4tzliche Lampen wie Fernscheinwerfer oder Skylights sind vom CAN-Bus-System ausgeschlossen.   <\/em> <\/span><\/p>\n<h5><span style=\"color: #000000;\"><strong>Andere Farben:<\/strong><\/span><\/h5>\n<p><span style=\"color: #000000;\">Suchst du eine Festoon LED Lampe, aber ist die LED Soffittenlampe blau f\u00fcr 24 Volt Betrieb nicht die Farbe, die du suchst? Keine Sorge! Diese LED Lampe mit Festoon-Anschluss ist auch in den folgenden Farben erh\u00e4ltlich:  <\/span><\/p>\n<ul>\n<li><span style=\"color: #000000;\"><a style=\"color: #000000;\" href=\"https:\/\/www.alldayled.com\/de\/produkt\/festoon-41mm-led-wit-24v\/\"><strong>Soffittenlampe 41mm klar wei\u00df<\/strong><\/a><\/span><\/li>\n<li><span style=\"color: #000000;\"><a style=\"color: #000000;\" href=\"https:\/\/www.alldayled.com\/de\/produkt\/festoon-led-warm-wit-41mm-24v-2-stuks\/\"><strong>Soffittenlampe 41mm warm wei\u00df<\/strong><\/a><\/span><\/li>\n<li><span style=\"color: #000000;\"><a style=\"color: #000000;\" href=\"https:\/\/www.alldayled.com\/de\/produkt\/festoon-41mm-led-groen-24v\/\"><strong>Soffittenlampe 41mm gr\u00fcn<\/strong><\/a><\/span><\/li>\n<li><span style=\"color: #000000;\"><a style=\"color: #000000;\" href=\"https:\/\/www.alldayled.com\/de\/produkt\/festoon-41mm-led-rood-24v\/\"><strong>Soffittenlampe 41mm rot<\/strong><\/a><\/span><\/li>\n<\/ul>\n<h5><span style=\"color: #000000;\"><strong>Warum hat diese Festoon LED Lampe kein E-Pr\u00fcfzeichen:<\/strong><\/span><\/h5>\n<p><span style=\"color: #000000;\">Ersatzlampen m\u00fcssen die europ\u00e4ischen Normen f\u00fcr Sicherheit, Wasserdichtigkeit und Kurzschlussschutz (ECE R37) erf\u00fcllen. Diese Normen basieren auf den alten Gl\u00fch- und Halogenlampen. LED-Ersatzlampen k\u00f6nnen diese nicht erf\u00fcllen, da sie keinen Gl\u00fchfaden haben. Daher erh\u00e4lt diese LED Lampe nicht das ECE R37-Pr\u00fcfzeichen und darf offiziell nicht auf \u00f6ffentlichen Stra\u00dfen verwendet werden. Sie k\u00f6nnen diese BA15S LED Lampe jedoch sicher auf Ihrem eigenen Gel\u00e4nde oder beispielsweise im Rennsport verwenden. So holen Sie das Maximum aus der Lampe heraus, ohne dass es zu rechtlichen Problemen kommt.     <\/span><\/p>\n","protected":false},"excerpt":{"rendered":"<p>LED Soffittenlampe 41mm blau, 2 St\u00fcck f\u00fcr 24 Volt Betrieb.<\/p>\n","protected":false},"featured_media":16116,"comment_status":"open","ping_status":"closed","template":"","meta":{"_acf_changed":false},"product_brand":[5577],"product_cat":[5393,5379],"product_tag":[9118,9185,9119],"class_list":{"0":"post-68740","1":"product","2":"type-product","3":"status-publish","4":"has-post-thumbnail","6":"product_brand-product-all-day-led","7":"product_cat-verlichting-24-volt","8":"product_cat-festoon-led-24-volt","9":"product_tag-kabinenbeleuchtung","10":"product_tag-led-innenraumbeleuchtung","11":"product_tag-lkw-beleuchtung","13":"first","14":"instock","15":"taxable","16":"shipping-taxable","17":"purchasable","18":"product-type-simple"},"acf":[],"yoast_head":"<!-- This site is optimized with the Yoast SEO Premium plugin v26.5 (Yoast SEO v27.1.1) - https:\/\/yoast.com\/product\/yoast-seo-premium-wordpress\/ -->\n<title>Festoon LED Lampe 41mm blau - All Day Led - f\u00fcr 24 Volt Betrieb<\/title>\n<meta name=\"description\" content=\"Festoon LED Lampe 41mm blau - ersetze einfach deine originale C5W, C10W Halogenlampe - Soffittenlampe blau 24 Volt - 2 St\u00fcck - geeignet f\u00fcr einen LKW\" \/>\n<meta name=\"robots\" content=\"index, follow, max-snippet:-1, max-image-preview:large, max-video-preview:-1\" \/>\n<link rel=\"canonical\" href=\"https:\/\/www.alldayled.com\/de\/produkt\/festoon-41mm-led-blauw-24v\/\" \/>\n<meta property=\"og:locale\" content=\"de_DE\" \/>\n<meta property=\"og:type\" content=\"article\" \/>\n<meta property=\"og:title\" content=\"Festoon LED Lampe 41mm blau - All Day Led - f\u00fcr 24 Volt Betrieb\" \/>\n<meta property=\"og:description\" content=\"Festoon LED Lampe 41mm blau - ersetze einfach deine originale C5W, C10W Halogenlampe - Soffittenlampe blau 24 Volt - 2 St\u00fcck - geeignet f\u00fcr einen LKW\" \/>\n<meta property=\"og:url\" content=\"https:\/\/www.alldayled.com\/de\/produkt\/festoon-41mm-led-blauw-24v\/\" \/>\n<meta property=\"og:site_name\" content=\"All Day Led\" \/>\n<meta property=\"article:publisher\" content=\"https:\/\/www.facebook.com\/alldayled\/\" \/>\n<meta property=\"og:image\" content=\"https:\/\/www.alldayled.com\/wp-content\/uploads\/2020\/06\/ADL01041-B.-3.png\" \/>\n<meta name=\"twitter:label1\" content=\"Preis\" \/>\n\t<meta name=\"twitter:data1\" content=\"&euro;&nbsp;5,95\" \/>\n\t<meta name=\"twitter:label2\" content=\"Verf\u00fcgbarkeit\" \/>\n\t<meta name=\"twitter:data2\" content=\"Auf Lager\" \/>\n<script type=\"application\/ld+json\" class=\"yoast-schema-graph\">{\"@context\":\"https:\/\/schema.org\",\"@graph\":[{\"@type\":\"WebPage\",\"@id\":\"https:\/\/www.alldayled.com\/de\/produkt\/festoon-41mm-led-blauw-24v\/\",\"url\":\"https:\/\/www.alldayled.com\/de\/produkt\/festoon-41mm-led-blauw-24v\/\",\"name\":\"Festoon LED Lampe 41mm blau - All Day Led - f\u00fcr 24 Volt Betrieb\",\"isPartOf\":{\"@id\":\"https:\/\/www.alldayled.com\/de\/#website\"},\"primaryImageOfPage\":{\"@id\":\"https:\/\/www.alldayled.com\/de\/produkt\/festoon-41mm-led-blauw-24v\/#primaryimage\"},\"image\":{\"@id\":\"https:\/\/www.alldayled.com\/de\/produkt\/festoon-41mm-led-blauw-24v\/#primaryimage\"},\"thumbnailUrl\":\"https:\/\/www.alldayled.com\/wp-content\/uploads\/2020\/06\/ADL01041-B..png\",\"datePublished\":\"2020-06-07T09:57:24+00:00\",\"description\":\"Festoon LED Lampe 41mm blau - ersetze einfach deine originale C5W, C10W Halogenlampe - Soffittenlampe blau 24 Volt - 2 St\u00fcck - geeignet f\u00fcr einen LKW\",\"breadcrumb\":{\"@id\":\"https:\/\/www.alldayled.com\/de\/produkt\/festoon-41mm-led-blauw-24v\/#breadcrumb\"},\"inLanguage\":\"de\",\"potentialAction\":[{\"@type\":\"ReadAction\",\"target\":[\"https:\/\/www.alldayled.com\/de\/produkt\/festoon-41mm-led-blauw-24v\/\"]}]},{\"@type\":\"ImageObject\",\"inLanguage\":\"de\",\"@id\":\"https:\/\/www.alldayled.com\/de\/produkt\/festoon-41mm-led-blauw-24v\/#primaryimage\",\"url\":\"https:\/\/www.alldayled.com\/wp-content\/uploads\/2020\/06\/ADL01041-B..png\",\"contentUrl\":\"https:\/\/www.alldayled.com\/wp-content\/uploads\/2020\/06\/ADL01041-B..png\",\"width\":800,\"height\":600,\"caption\":\"Festoon LED Soffittenlampe 41mm f\u00fcr 24 Volt Betrieb - Farbe BLAU - EAN: 6090543431496\"},{\"@type\":\"BreadcrumbList\",\"@id\":\"https:\/\/www.alldayled.com\/de\/produkt\/festoon-41mm-led-blauw-24v\/#breadcrumb\",\"itemListElement\":[{\"@type\":\"ListItem\",\"position\":1,\"name\":\"Home\",\"item\":\"https:\/\/www.alldayled.com\/de\/\"},{\"@type\":\"ListItem\",\"position\":2,\"name\":\"Shop\",\"item\":\"https:\/\/www.alldayled.com\/de\/shop\/\"},{\"@type\":\"ListItem\",\"position\":3,\"name\":\"Beleuchtung\",\"item\":\"https:\/\/www.alldayled.com\/de\/produkt-kategorie\/beleuchtung\/\"},{\"@type\":\"ListItem\",\"position\":4,\"name\":\"Beleuchtung 24 Volt\",\"item\":\"https:\/\/www.alldayled.com\/de\/produkt-kategorie\/beleuchtung\/verlichting-24-volt\/\"},{\"@type\":\"ListItem\",\"position\":5,\"name\":\"Festoon 24 Volt\",\"item\":\"https:\/\/www.alldayled.com\/de\/produkt-kategorie\/beleuchtung\/verlichting-24-volt\/festoon-led-24-volt\/\"},{\"@type\":\"ListItem\",\"position\":6,\"name\":\"Festoon LED Lampe 41mm 24V blau\"}]},{\"@type\":\"WebSite\",\"@id\":\"https:\/\/www.alldayled.com\/de\/#website\",\"url\":\"https:\/\/www.alldayled.com\/de\/\",\"name\":\"All Day Led\",\"description\":\"Verlichting voor 12&amp;24 volt gebruik\",\"publisher\":{\"@id\":\"https:\/\/www.alldayled.com\/de\/#organization\"},\"potentialAction\":[{\"@type\":\"SearchAction\",\"target\":{\"@type\":\"EntryPoint\",\"urlTemplate\":\"https:\/\/www.alldayled.com\/de\/?s={search_term_string}\"},\"query-input\":{\"@type\":\"PropertyValueSpecification\",\"valueRequired\":true,\"valueName\":\"search_term_string\"}}],\"inLanguage\":\"de\"},{\"@type\":\"Organization\",\"@id\":\"https:\/\/www.alldayled.com\/de\/#organization\",\"name\":\"All Day Led\",\"url\":\"https:\/\/www.alldayled.com\/de\/\",\"logo\":{\"@type\":\"ImageObject\",\"inLanguage\":\"de\",\"@id\":\"https:\/\/www.alldayled.com\/de\/#\/schema\/logo\/image\/\",\"url\":\"https:\/\/www.alldayled.com\/wp-content\/uploads\/2025\/10\/Logo-ALL-DAY-LED-800x800-zwart-witte-letters.png\",\"contentUrl\":\"https:\/\/www.alldayled.com\/wp-content\/uploads\/2025\/10\/Logo-ALL-DAY-LED-800x800-zwart-witte-letters.png\",\"width\":800,\"height\":800,\"caption\":\"All Day Led\"},\"image\":{\"@id\":\"https:\/\/www.alldayled.com\/de\/#\/schema\/logo\/image\/\"},\"sameAs\":[\"https:\/\/www.facebook.com\/alldayled\/\",\"https:\/\/www.instagram.com\/alldayled\/\"],\"vatID\":\"NL863960133B01\",\"taxID\":\"86416545\"}]}<\/script>\n<meta property=\"product:brand\" content=\"All Day Led\" \/>\n<meta property=\"product:price:amount\" content=\"5.95\" \/>\n<meta property=\"product:price:currency\" content=\"EUR\" \/>\n<meta property=\"og:availability\" content=\"instock\" \/>\n<meta property=\"product:availability\" content=\"instock\" \/>\n<meta property=\"product:retailer_item_id\" content=\"ADL01041-B\" \/>\n<meta property=\"product:condition\" content=\"new\" \/>\n<!-- \/ Yoast SEO Premium plugin. -->","yoast_head_json":{"title":"Festoon LED Lampe 41mm blau - All Day Led - f\u00fcr 24 Volt Betrieb","description":"Festoon LED Lampe 41mm blau - ersetze einfach deine originale C5W, C10W Halogenlampe - Soffittenlampe blau 24 Volt - 2 St\u00fcck - geeignet f\u00fcr einen LKW","robots":{"index":"index","follow":"follow","max-snippet":"max-snippet:-1","max-image-preview":"max-image-preview:large","max-video-preview":"max-video-preview:-1"},"canonical":"https:\/\/www.alldayled.com\/de\/produkt\/festoon-41mm-led-blauw-24v\/","og_locale":"de_DE","og_type":"article","og_title":"Festoon LED Lampe 41mm blau - All Day Led - f\u00fcr 24 Volt Betrieb","og_description":"Festoon LED Lampe 41mm blau - ersetze einfach deine originale C5W, C10W Halogenlampe - Soffittenlampe blau 24 Volt - 2 St\u00fcck - geeignet f\u00fcr einen LKW","og_url":"https:\/\/www.alldayled.com\/de\/produkt\/festoon-41mm-led-blauw-24v\/","og_site_name":"All Day Led","article_publisher":"https:\/\/www.facebook.com\/alldayled\/","og_image":[{"url":"https:\/\/www.alldayled.com\/wp-content\/uploads\/2020\/06\/ADL01041-B.-3.png","type":"","width":"","height":""}],"twitter_misc":{"Preis":"&euro;&nbsp;5,95","Verf\u00fcgbarkeit":"Auf Lager"},"schema":{"@context":"https:\/\/schema.org","@graph":[{"@type":"WebPage","@id":"https:\/\/www.alldayled.com\/de\/produkt\/festoon-41mm-led-blauw-24v\/","url":"https:\/\/www.alldayled.com\/de\/produkt\/festoon-41mm-led-blauw-24v\/","name":"Festoon LED Lampe 41mm blau - All Day Led - f\u00fcr 24 Volt Betrieb","isPartOf":{"@id":"https:\/\/www.alldayled.com\/de\/#website"},"primaryImageOfPage":{"@id":"https:\/\/www.alldayled.com\/de\/produkt\/festoon-41mm-led-blauw-24v\/#primaryimage"},"image":{"@id":"https:\/\/www.alldayled.com\/de\/produkt\/festoon-41mm-led-blauw-24v\/#primaryimage"},"thumbnailUrl":"https:\/\/www.alldayled.com\/wp-content\/uploads\/2020\/06\/ADL01041-B..png","datePublished":"2020-06-07T09:57:24+00:00","description":"Festoon LED Lampe 41mm blau - ersetze einfach deine originale C5W, C10W Halogenlampe - Soffittenlampe blau 24 Volt - 2 St\u00fcck - geeignet f\u00fcr einen LKW","breadcrumb":{"@id":"https:\/\/www.alldayled.com\/de\/produkt\/festoon-41mm-led-blauw-24v\/#breadcrumb"},"inLanguage":"de","potentialAction":[{"@type":"ReadAction","target":["https:\/\/www.alldayled.com\/de\/produkt\/festoon-41mm-led-blauw-24v\/"]}]},{"@type":"ImageObject","inLanguage":"de","@id":"https:\/\/www.alldayled.com\/de\/produkt\/festoon-41mm-led-blauw-24v\/#primaryimage","url":"https:\/\/www.alldayled.com\/wp-content\/uploads\/2020\/06\/ADL01041-B..png","contentUrl":"https:\/\/www.alldayled.com\/wp-content\/uploads\/2020\/06\/ADL01041-B..png","width":800,"height":600,"caption":"Festoon LED Soffittenlampe 41mm f\u00fcr 24 Volt Betrieb - Farbe BLAU - EAN: 6090543431496"},{"@type":"BreadcrumbList","@id":"https:\/\/www.alldayled.com\/de\/produkt\/festoon-41mm-led-blauw-24v\/#breadcrumb","itemListElement":[{"@type":"ListItem","position":1,"name":"Home","item":"https:\/\/www.alldayled.com\/de\/"},{"@type":"ListItem","position":2,"name":"Shop","item":"https:\/\/www.alldayled.com\/de\/shop\/"},{"@type":"ListItem","position":3,"name":"Beleuchtung","item":"https:\/\/www.alldayled.com\/de\/produkt-kategorie\/beleuchtung\/"},{"@type":"ListItem","position":4,"name":"Beleuchtung 24 Volt","item":"https:\/\/www.alldayled.com\/de\/produkt-kategorie\/beleuchtung\/verlichting-24-volt\/"},{"@type":"ListItem","position":5,"name":"Festoon 24 Volt","item":"https:\/\/www.alldayled.com\/de\/produkt-kategorie\/beleuchtung\/verlichting-24-volt\/festoon-led-24-volt\/"},{"@type":"ListItem","position":6,"name":"Festoon LED Lampe 41mm 24V blau"}]},{"@type":"WebSite","@id":"https:\/\/www.alldayled.com\/de\/#website","url":"https:\/\/www.alldayled.com\/de\/","name":"All Day Led","description":"Verlichting voor 12&amp;24 volt gebruik","publisher":{"@id":"https:\/\/www.alldayled.com\/de\/#organization"},"potentialAction":[{"@type":"SearchAction","target":{"@type":"EntryPoint","urlTemplate":"https:\/\/www.alldayled.com\/de\/?s={search_term_string}"},"query-input":{"@type":"PropertyValueSpecification","valueRequired":true,"valueName":"search_term_string"}}],"inLanguage":"de"},{"@type":"Organization","@id":"https:\/\/www.alldayled.com\/de\/#organization","name":"All Day Led","url":"https:\/\/www.alldayled.com\/de\/","logo":{"@type":"ImageObject","inLanguage":"de","@id":"https:\/\/www.alldayled.com\/de\/#\/schema\/logo\/image\/","url":"https:\/\/www.alldayled.com\/wp-content\/uploads\/2025\/10\/Logo-ALL-DAY-LED-800x800-zwart-witte-letters.png","contentUrl":"https:\/\/www.alldayled.com\/wp-content\/uploads\/2025\/10\/Logo-ALL-DAY-LED-800x800-zwart-witte-letters.png","width":800,"height":800,"caption":"All Day Led"},"image":{"@id":"https:\/\/www.alldayled.com\/de\/#\/schema\/logo\/image\/"},"sameAs":["https:\/\/www.facebook.com\/alldayled\/","https:\/\/www.instagram.com\/alldayled\/"],"vatID":"NL863960133B01","taxID":"86416545"}]},"product_brand":"All Day Led","product_price_amount":"5.95","product_price_currency":"EUR","og_availability":"instock","product_availability":"instock","product_retailer_item_id":"ADL01041-B","product_condition":"new"},"_links":{"self":[{"href":"https:\/\/www.alldayled.com\/de\/wp-json\/wp\/v2\/product\/68740","targetHints":{"allow":["GET"]}}],"collection":[{"href":"https:\/\/www.alldayled.com\/de\/wp-json\/wp\/v2\/product"}],"about":[{"href":"https:\/\/www.alldayled.com\/de\/wp-json\/wp\/v2\/types\/product"}],"replies":[{"embeddable":true,"href":"https:\/\/www.alldayled.com\/de\/wp-json\/wp\/v2\/comments?post=68740"}],"wp:featuredmedia":[{"embeddable":true,"href":"https:\/\/www.alldayled.com\/de\/wp-json\/wp\/v2\/media\/16116"}],"wp:attachment":[{"href":"https:\/\/www.alldayled.com\/de\/wp-json\/wp\/v2\/media?parent=68740"}],"wp:term":[{"taxonomy":"product_brand","embeddable":true,"href":"https:\/\/www.alldayled.com\/de\/wp-json\/wp\/v2\/product_brand?post=68740"},{"taxonomy":"product_cat","embeddable":true,"href":"https:\/\/www.alldayled.com\/de\/wp-json\/wp\/v2\/product_cat?post=68740"},{"taxonomy":"product_tag","embeddable":true,"href":"https:\/\/www.alldayled.com\/de\/wp-json\/wp\/v2\/product_tag?post=68740"}],"curies":[{"name":"wp","href":"https:\/\/api.w.org\/{rel}","templated":true}]}}