{"id":68772,"date":"2020-03-11T15:35:12","date_gmt":"2020-03-11T14:35:12","guid":{"rendered":"https:\/\/www.alldayled.com\/product\/led-strip-24-volt-blauw-2-5-33-3528\/"},"modified":"2020-03-11T15:35:12","modified_gmt":"2020-03-11T14:35:12","slug":"led-strip-24-volt-blauw-2-5-33-3528","status":"publish","type":"product","link":"https:\/\/www.alldayled.com\/de\/produkt\/led-strip-24-volt-blauw-2-5-33-3528\/","title":{"rendered":"LED Band 24 volt blau 3528 IP33 2,5 Meter"},"content":{"rendered":"<p><span style=\"color: #000000;\"><strong>LED Band 3528 IP33 (ohne Silikonschicht) 2,5 Meter blau, geeignet f\u00fcr 24 Volt Betrieb. <\/strong><\/span><\/p>\n<p><span style=\"color: #000000;\">Sind Sie auf der Suche nach einem LED Band f\u00fcr Ihr Auto, Ihren Camper oder Anh\u00e4nger? Dann ist dieses IP33 LED Band blau genau das, was Sie brauchen. Das 24V LED Band blau hat 60 LEDs pro Meter, kann alle 10 cm gek\u00fcrzt werden und funktioniert mit 24 Volt. Da keine Silikonschicht vorhanden ist (IP33), ist dieser Streifen nur f\u00fcr den Innenbereich geeignet. Perfekt also f\u00fcr stimmungsvolle Beleuchtung in Ihrem Interieur.    <\/span><\/p>\n<p><span style=\"color: #000000;\">Und nat\u00fcrlich wollen Sie sicher sein, ob dieses 24V LED-Band blau f\u00fcr Ihr Fahrzeug geeignet ist. Deshalb haben wir die wichtigsten Spezifikationen f\u00fcr Sie aufgelistet. Besonders praktisch: Der Streifen ist mit einer 3M-Klebeschicht versehen und wird mit einem 50 cm langen Anschlusskabel geliefert. So kleben Sie den Streifen einfach an die gew\u00fcnschte Stelle und schlie\u00dfen ihn direkt an. Kurz gesagt: der perfekte LED-Streifen f\u00fcr den Innenraum Ihres Autos, Campers, Traktors oder Anh\u00e4ngers.    <\/span><\/p>\n<h5><span style=\"color: #000000;\"><strong>Abmessungen:<\/strong><\/span><\/h5>\n<p><span style=\"color: #000000;\">Damit Sie sicher sein k\u00f6nnen, dass Sie das 24V LED Band blau dort montieren k\u00f6nnen, wo Sie es m\u00f6chten, haben wir unten die Abmessungen f\u00fcr Sie notiert. Daher finden Sie hier die genauen Ma\u00dfe des blauen Streifens: <\/span><\/p>\n<ul>\n<li><span style=\"color: #000000;\">L\u00e4nge: 2,5 Meter<\/span><\/li>\n<li><span style=\"color: #000000;\">Breite: 8 mm<\/span><\/li>\n<li><span style=\"color: #000000;\">Dicke: 5 mm<\/span><\/li>\n<\/ul>\n<h5><span style=\"color: #000000;\"><strong>Weitere Ausf\u00fchrung:<\/strong><\/span><\/h5>\n<p><span style=\"color: #000000;\">Suchst du eine LED Band, m\u00f6chtest aber eine Ausf\u00fchrung MIT Silikonschicht? Gute Nachrichten: Die 24V LED Band blau ist auch in einer wasserbest\u00e4ndigen Variante erh\u00e4ltlich. Die 2,5 Meter Ausf\u00fchrung mit Silikonschicht findest du hier:  <\/span><\/p>\n<ul>\n<li><a href=\"https:\/\/www.alldayled.com\/de\/produkt\/led-strip-24-volt-blauw-2-5-65-3528\/\"><span style=\"color: #000000;\"><b>LED Band 24 volt blau &#8211; IP65<\/b><\/span><\/a><\/li>\n<\/ul>\n<p><span style=\"color: #000000;\">Bist du der Meinung, dass das LED Band nicht das ist, was du suchst? Einfach weil die Farbe oder L\u00e4nge des Bandes nicht deinen W\u00fcnschen entspricht? Wirf dann auch einen Blick auf unsere Seite <a style=\"color: #000000;\" href=\"https:\/\/www.alldayled.com\/de\/produkt-kategorie\/beleuchtung\/verlichting-24-volt\/led-strip-24-volt\/\">LED Band 24 volt<\/a>. Vielleicht findest du hier das Modell, das du suchst!   <\/span><\/p>\n","protected":false},"excerpt":{"rendered":"<p>LED Band 3528 SMD blau ohne Silikonschicht, f\u00fcr 24 Volt.<\/p>\n","protected":false},"featured_media":38787,"comment_status":"open","ping_status":"closed","template":"","meta":{"_acf_changed":false},"product_brand":[5577],"product_cat":[5375],"product_tag":[9667,9668,9669,9684,9685,9670,9160],"class_list":{"0":"post-68772","1":"product","2":"type-product","3":"status-publish","4":"has-post-thumbnail","6":"product_brand-product-all-day-led","7":"product_cat-led-strip-24-volt","8":"product_tag-kabinen-led-band","9":"product_tag-led-band-24-volt","10":"product_tag-led-band-24v","11":"product_tag-led-band-blau","12":"product_tag-led-band-blau-24-volt","13":"product_tag-led-band-lkw","14":"product_tag-truckstyling","16":"first","17":"instock","18":"taxable","19":"shipping-taxable","20":"purchasable","21":"product-type-simple"},"acf":[],"yoast_head":"<!-- This site is optimized with the Yoast SEO Premium plugin v26.5 (Yoast SEO v27.1.1) - https:\/\/yoast.com\/product\/yoast-seo-premium-wordpress\/ -->\n<title>LED Band 24 volt blau 3528 - IP33 - 2,5 Meter - All Day Led<\/title>\n<meta name=\"description\" content=\"LED Band 24 volt blau - passt in die Gardinenleiste eines LKW - keine Silikonschicht - blau beleuchtete LKW-Kabine\" \/>\n<meta name=\"robots\" content=\"index, follow, max-snippet:-1, max-image-preview:large, max-video-preview:-1\" \/>\n<link rel=\"canonical\" href=\"https:\/\/www.alldayled.com\/de\/produkt\/led-strip-24-volt-blauw-2-5-33-3528\/\" \/>\n<meta property=\"og:locale\" content=\"de_DE\" \/>\n<meta property=\"og:type\" content=\"article\" \/>\n<meta property=\"og:title\" content=\"LED Band 24 volt blau 3528 - IP33 - 2,5 Meter - All Day Led\" \/>\n<meta property=\"og:description\" content=\"LED Band 24 volt blau - passt in die Gardinenleiste eines LKW - keine Silikonschicht - blau beleuchtete LKW-Kabine\" \/>\n<meta property=\"og:url\" content=\"https:\/\/www.alldayled.com\/de\/produkt\/led-strip-24-volt-blauw-2-5-33-3528\/\" \/>\n<meta property=\"og:site_name\" content=\"All Day Led\" \/>\n<meta property=\"article:publisher\" content=\"https:\/\/www.facebook.com\/alldayled\/\" \/>\n<meta property=\"og:image\" content=\"https:\/\/www.alldayled.com\/wp-content\/uploads\/2020\/03\/ADL333525-B-1.png\" \/>\n<meta name=\"twitter:label1\" content=\"Preis\" \/>\n\t<meta name=\"twitter:data1\" content=\"&euro;&nbsp;15,00\" \/>\n\t<meta name=\"twitter:label2\" content=\"Verf\u00fcgbarkeit\" \/>\n\t<meta name=\"twitter:data2\" content=\"Auf Lager\" \/>\n<script type=\"application\/ld+json\" class=\"yoast-schema-graph\">{\"@context\":\"https:\/\/schema.org\",\"@graph\":[{\"@type\":\"WebPage\",\"@id\":\"https:\/\/www.alldayled.com\/de\/produkt\/led-strip-24-volt-blauw-2-5-33-3528\/\",\"url\":\"https:\/\/www.alldayled.com\/de\/produkt\/led-strip-24-volt-blauw-2-5-33-3528\/\",\"name\":\"LED Band 24 volt blau 3528 - IP33 - 2,5 Meter - All Day Led\",\"isPartOf\":{\"@id\":\"https:\/\/www.alldayled.com\/de\/#website\"},\"primaryImageOfPage\":{\"@id\":\"https:\/\/www.alldayled.com\/de\/produkt\/led-strip-24-volt-blauw-2-5-33-3528\/#primaryimage\"},\"image\":{\"@id\":\"https:\/\/www.alldayled.com\/de\/produkt\/led-strip-24-volt-blauw-2-5-33-3528\/#primaryimage\"},\"thumbnailUrl\":\"https:\/\/www.alldayled.com\/wp-content\/uploads\/2025\/10\/ADL333525-B.png\",\"datePublished\":\"2020-03-11T14:35:12+00:00\",\"description\":\"LED Band 24 volt blau - passt in die Gardinenleiste eines LKW - keine Silikonschicht - blau beleuchtete LKW-Kabine\",\"breadcrumb\":{\"@id\":\"https:\/\/www.alldayled.com\/de\/produkt\/led-strip-24-volt-blauw-2-5-33-3528\/#breadcrumb\"},\"inLanguage\":\"de\",\"potentialAction\":[{\"@type\":\"ReadAction\",\"target\":[\"https:\/\/www.alldayled.com\/de\/produkt\/led-strip-24-volt-blauw-2-5-33-3528\/\"]}]},{\"@type\":\"ImageObject\",\"inLanguage\":\"de\",\"@id\":\"https:\/\/www.alldayled.com\/de\/produkt\/led-strip-24-volt-blauw-2-5-33-3528\/#primaryimage\",\"url\":\"https:\/\/www.alldayled.com\/wp-content\/uploads\/2025\/10\/ADL333525-B.png\",\"contentUrl\":\"https:\/\/www.alldayled.com\/wp-content\/uploads\/2025\/10\/ADL333525-B.png\",\"width\":800,\"height\":600},{\"@type\":\"BreadcrumbList\",\"@id\":\"https:\/\/www.alldayled.com\/de\/produkt\/led-strip-24-volt-blauw-2-5-33-3528\/#breadcrumb\",\"itemListElement\":[{\"@type\":\"ListItem\",\"position\":1,\"name\":\"Home\",\"item\":\"https:\/\/www.alldayled.com\/de\/\"},{\"@type\":\"ListItem\",\"position\":2,\"name\":\"Shop\",\"item\":\"https:\/\/www.alldayled.com\/de\/shop\/\"},{\"@type\":\"ListItem\",\"position\":3,\"name\":\"Beleuchtung\",\"item\":\"https:\/\/www.alldayled.com\/de\/produkt-kategorie\/beleuchtung\/\"},{\"@type\":\"ListItem\",\"position\":4,\"name\":\"Beleuchtung 24 Volt\",\"item\":\"https:\/\/www.alldayled.com\/de\/produkt-kategorie\/beleuchtung\/verlichting-24-volt\/\"},{\"@type\":\"ListItem\",\"position\":5,\"name\":\"LED band 24 volt\",\"item\":\"https:\/\/www.alldayled.com\/de\/produkt-kategorie\/beleuchtung\/verlichting-24-volt\/led-strip-24-volt\/\"},{\"@type\":\"ListItem\",\"position\":6,\"name\":\"LED Band 24 volt blau 3528 IP33 2,5 Meter\"}]},{\"@type\":\"WebSite\",\"@id\":\"https:\/\/www.alldayled.com\/de\/#website\",\"url\":\"https:\/\/www.alldayled.com\/de\/\",\"name\":\"All Day Led\",\"description\":\"Verlichting voor 12&amp;24 volt gebruik\",\"publisher\":{\"@id\":\"https:\/\/www.alldayled.com\/de\/#organization\"},\"potentialAction\":[{\"@type\":\"SearchAction\",\"target\":{\"@type\":\"EntryPoint\",\"urlTemplate\":\"https:\/\/www.alldayled.com\/de\/?s={search_term_string}\"},\"query-input\":{\"@type\":\"PropertyValueSpecification\",\"valueRequired\":true,\"valueName\":\"search_term_string\"}}],\"inLanguage\":\"de\"},{\"@type\":\"Organization\",\"@id\":\"https:\/\/www.alldayled.com\/de\/#organization\",\"name\":\"All Day Led\",\"url\":\"https:\/\/www.alldayled.com\/de\/\",\"logo\":{\"@type\":\"ImageObject\",\"inLanguage\":\"de\",\"@id\":\"https:\/\/www.alldayled.com\/de\/#\/schema\/logo\/image\/\",\"url\":\"https:\/\/www.alldayled.com\/wp-content\/uploads\/2025\/10\/Logo-ALL-DAY-LED-800x800-zwart-witte-letters.png\",\"contentUrl\":\"https:\/\/www.alldayled.com\/wp-content\/uploads\/2025\/10\/Logo-ALL-DAY-LED-800x800-zwart-witte-letters.png\",\"width\":800,\"height\":800,\"caption\":\"All Day Led\"},\"image\":{\"@id\":\"https:\/\/www.alldayled.com\/de\/#\/schema\/logo\/image\/\"},\"sameAs\":[\"https:\/\/www.facebook.com\/alldayled\/\",\"https:\/\/www.instagram.com\/alldayled\/\"],\"vatID\":\"NL863960133B01\",\"taxID\":\"86416545\"}]}<\/script>\n<meta property=\"product:brand\" content=\"All Day Led\" \/>\n<meta property=\"product:price:amount\" content=\"15.00\" \/>\n<meta property=\"product:price:currency\" content=\"EUR\" \/>\n<meta property=\"og:availability\" content=\"instock\" \/>\n<meta property=\"product:availability\" content=\"instock\" \/>\n<meta property=\"product:retailer_item_id\" content=\"ADL333525-B\" \/>\n<meta property=\"product:condition\" content=\"new\" \/>\n<!-- \/ Yoast SEO Premium plugin. -->","yoast_head_json":{"title":"LED Band 24 volt blau 3528 - IP33 - 2,5 Meter - All Day Led","description":"LED Band 24 volt blau - passt in die Gardinenleiste eines LKW - keine Silikonschicht - blau beleuchtete LKW-Kabine","robots":{"index":"index","follow":"follow","max-snippet":"max-snippet:-1","max-image-preview":"max-image-preview:large","max-video-preview":"max-video-preview:-1"},"canonical":"https:\/\/www.alldayled.com\/de\/produkt\/led-strip-24-volt-blauw-2-5-33-3528\/","og_locale":"de_DE","og_type":"article","og_title":"LED Band 24 volt blau 3528 - IP33 - 2,5 Meter - All Day Led","og_description":"LED Band 24 volt blau - passt in die Gardinenleiste eines LKW - keine Silikonschicht - blau beleuchtete LKW-Kabine","og_url":"https:\/\/www.alldayled.com\/de\/produkt\/led-strip-24-volt-blauw-2-5-33-3528\/","og_site_name":"All Day Led","article_publisher":"https:\/\/www.facebook.com\/alldayled\/","og_image":[{"url":"https:\/\/www.alldayled.com\/wp-content\/uploads\/2020\/03\/ADL333525-B-1.png","type":"","width":"","height":""}],"twitter_misc":{"Preis":"&euro;&nbsp;15,00","Verf\u00fcgbarkeit":"Auf Lager"},"schema":{"@context":"https:\/\/schema.org","@graph":[{"@type":"WebPage","@id":"https:\/\/www.alldayled.com\/de\/produkt\/led-strip-24-volt-blauw-2-5-33-3528\/","url":"https:\/\/www.alldayled.com\/de\/produkt\/led-strip-24-volt-blauw-2-5-33-3528\/","name":"LED Band 24 volt blau 3528 - IP33 - 2,5 Meter - All Day Led","isPartOf":{"@id":"https:\/\/www.alldayled.com\/de\/#website"},"primaryImageOfPage":{"@id":"https:\/\/www.alldayled.com\/de\/produkt\/led-strip-24-volt-blauw-2-5-33-3528\/#primaryimage"},"image":{"@id":"https:\/\/www.alldayled.com\/de\/produkt\/led-strip-24-volt-blauw-2-5-33-3528\/#primaryimage"},"thumbnailUrl":"https:\/\/www.alldayled.com\/wp-content\/uploads\/2025\/10\/ADL333525-B.png","datePublished":"2020-03-11T14:35:12+00:00","description":"LED Band 24 volt blau - passt in die Gardinenleiste eines LKW - keine Silikonschicht - blau beleuchtete LKW-Kabine","breadcrumb":{"@id":"https:\/\/www.alldayled.com\/de\/produkt\/led-strip-24-volt-blauw-2-5-33-3528\/#breadcrumb"},"inLanguage":"de","potentialAction":[{"@type":"ReadAction","target":["https:\/\/www.alldayled.com\/de\/produkt\/led-strip-24-volt-blauw-2-5-33-3528\/"]}]},{"@type":"ImageObject","inLanguage":"de","@id":"https:\/\/www.alldayled.com\/de\/produkt\/led-strip-24-volt-blauw-2-5-33-3528\/#primaryimage","url":"https:\/\/www.alldayled.com\/wp-content\/uploads\/2025\/10\/ADL333525-B.png","contentUrl":"https:\/\/www.alldayled.com\/wp-content\/uploads\/2025\/10\/ADL333525-B.png","width":800,"height":600},{"@type":"BreadcrumbList","@id":"https:\/\/www.alldayled.com\/de\/produkt\/led-strip-24-volt-blauw-2-5-33-3528\/#breadcrumb","itemListElement":[{"@type":"ListItem","position":1,"name":"Home","item":"https:\/\/www.alldayled.com\/de\/"},{"@type":"ListItem","position":2,"name":"Shop","item":"https:\/\/www.alldayled.com\/de\/shop\/"},{"@type":"ListItem","position":3,"name":"Beleuchtung","item":"https:\/\/www.alldayled.com\/de\/produkt-kategorie\/beleuchtung\/"},{"@type":"ListItem","position":4,"name":"Beleuchtung 24 Volt","item":"https:\/\/www.alldayled.com\/de\/produkt-kategorie\/beleuchtung\/verlichting-24-volt\/"},{"@type":"ListItem","position":5,"name":"LED band 24 volt","item":"https:\/\/www.alldayled.com\/de\/produkt-kategorie\/beleuchtung\/verlichting-24-volt\/led-strip-24-volt\/"},{"@type":"ListItem","position":6,"name":"LED Band 24 volt blau 3528 IP33 2,5 Meter"}]},{"@type":"WebSite","@id":"https:\/\/www.alldayled.com\/de\/#website","url":"https:\/\/www.alldayled.com\/de\/","name":"All Day Led","description":"Verlichting voor 12&amp;24 volt gebruik","publisher":{"@id":"https:\/\/www.alldayled.com\/de\/#organization"},"potentialAction":[{"@type":"SearchAction","target":{"@type":"EntryPoint","urlTemplate":"https:\/\/www.alldayled.com\/de\/?s={search_term_string}"},"query-input":{"@type":"PropertyValueSpecification","valueRequired":true,"valueName":"search_term_string"}}],"inLanguage":"de"},{"@type":"Organization","@id":"https:\/\/www.alldayled.com\/de\/#organization","name":"All Day Led","url":"https:\/\/www.alldayled.com\/de\/","logo":{"@type":"ImageObject","inLanguage":"de","@id":"https:\/\/www.alldayled.com\/de\/#\/schema\/logo\/image\/","url":"https:\/\/www.alldayled.com\/wp-content\/uploads\/2025\/10\/Logo-ALL-DAY-LED-800x800-zwart-witte-letters.png","contentUrl":"https:\/\/www.alldayled.com\/wp-content\/uploads\/2025\/10\/Logo-ALL-DAY-LED-800x800-zwart-witte-letters.png","width":800,"height":800,"caption":"All Day Led"},"image":{"@id":"https:\/\/www.alldayled.com\/de\/#\/schema\/logo\/image\/"},"sameAs":["https:\/\/www.facebook.com\/alldayled\/","https:\/\/www.instagram.com\/alldayled\/"],"vatID":"NL863960133B01","taxID":"86416545"}]},"product_brand":"All Day Led","product_price_amount":"15.00","product_price_currency":"EUR","og_availability":"instock","product_availability":"instock","product_retailer_item_id":"ADL333525-B","product_condition":"new"},"_links":{"self":[{"href":"https:\/\/www.alldayled.com\/de\/wp-json\/wp\/v2\/product\/68772","targetHints":{"allow":["GET"]}}],"collection":[{"href":"https:\/\/www.alldayled.com\/de\/wp-json\/wp\/v2\/product"}],"about":[{"href":"https:\/\/www.alldayled.com\/de\/wp-json\/wp\/v2\/types\/product"}],"replies":[{"embeddable":true,"href":"https:\/\/www.alldayled.com\/de\/wp-json\/wp\/v2\/comments?post=68772"}],"wp:featuredmedia":[{"embeddable":true,"href":"https:\/\/www.alldayled.com\/de\/wp-json\/wp\/v2\/media\/38787"}],"wp:attachment":[{"href":"https:\/\/www.alldayled.com\/de\/wp-json\/wp\/v2\/media?parent=68772"}],"wp:term":[{"taxonomy":"product_brand","embeddable":true,"href":"https:\/\/www.alldayled.com\/de\/wp-json\/wp\/v2\/product_brand?post=68772"},{"taxonomy":"product_cat","embeddable":true,"href":"https:\/\/www.alldayled.com\/de\/wp-json\/wp\/v2\/product_cat?post=68772"},{"taxonomy":"product_tag","embeddable":true,"href":"https:\/\/www.alldayled.com\/de\/wp-json\/wp\/v2\/product_tag?post=68772"}],"curies":[{"name":"wp","href":"https:\/\/api.w.org\/{rel}","templated":true}]}}