{"id":68774,"date":"2020-03-11T15:00:25","date_gmt":"2020-03-11T14:00:25","guid":{"rendered":"https:\/\/www.alldayled.com\/product\/led-strip-24-volt-groen-2-5-65-3528\/"},"modified":"2026-01-25T20:54:14","modified_gmt":"2026-01-25T19:54:14","slug":"led-strip-24-volt-groen-2-5-65-3528","status":"publish","type":"product","link":"https:\/\/www.alldayled.com\/de\/produkt\/led-strip-24-volt-groen-2-5-65-3528\/","title":{"rendered":"LED Band 24 volt gr\u00fcn 3528 IP65 2,5 Meter"},"content":{"rendered":"<p><span style=\"color: #000000;\"><strong>LED Band 3528 IP65 (mit Silikonschicht) 2,5 Meter gr\u00fcn, geeignet f\u00fcr 24 Volt Betrieb. <\/strong><\/span><\/p>\n<p><span style=\"color: #000000;\">Bist du auf der Suche nach einem LED Band, das du einfach in deinem Auto, Camper oder Anh\u00e4nger montieren kannst? Dann ist dieses IP65 LED Band gr\u00fcn genau das, was du suchst. Der 3528 Streifen hat 60 LEDs pro Meter und kann alle 10 Zentimeter gek\u00fcrzt werden. Dank der IP65 Silikonschicht ist der Streifen spritzwassergesch\u00fctzt, wodurch du ihn sowohl indoor als auch outdoor verwenden kannst. Achtung: Der Anschluss ist bei Au\u00dfenmontage nicht wasserbest\u00e4ndig. Der gr\u00fcne LED-Streifen funktioniert ausschlie\u00dflich mit 24 Volt, was ihn ideal f\u00fcr dein Auto, Camper, Anh\u00e4nger oder Traktor macht.     <\/span><\/p>\n<p><span style=\"color: #000000;\">Und nat\u00fcrlich m\u00f6chtest du sicher sein, ob dieses 24V LED-Band gr\u00fcn f\u00fcr dein Fahrzeug geeignet ist. Deshalb haben wir die wichtigsten Spezifikationen f\u00fcr dich aufgelistet. Besonders praktisch: Das Band ist mit einer 3M Klebeschicht versehen und wird mit 50 cm Anschlusskabel geliefert. So klebst du das Band einfach an die gew\u00fcnschte Stelle und schlie\u00dft es direkt an. Kurz gesagt: das perfekte LED-Band f\u00fcr das Interieur deines Autos, Wohnmobils, Traktors oder Anh\u00e4ngers.    <\/span><\/p>\n<h5><span style=\"color: #000000;\"><strong>Abmessungen:<\/strong><\/span><\/h5>\n<p><span style=\"color: #000000;\">Damit du sicher sein kannst, dass du das 24V LED Band gr\u00fcn montieren kannst, wo du m\u00f6chtest, haben wir hierunter die Abmessungen f\u00fcr dich notiert. Daher findest du hier die exakten Ma\u00dfe des gr\u00fcnen Streifens: <\/span><\/p>\n<ul>\n<li><span style=\"color: #000000;\">L\u00e4nge: 2,5 Meter<\/span><\/li>\n<li><span style=\"color: #000000;\">Breite: 8 mm<\/span><\/li>\n<li><span style=\"color: #000000;\">Dicke: 6 mm<\/span><\/li>\n<\/ul>\n<h5><span style=\"color: #000000;\"><strong>Weitere Ausf\u00fchrung:<\/strong><\/span><\/h5>\n<p><span style=\"color: #000000;\">Bist du zwar auf der Suche nach einem LED Band, m\u00f6chtest aber nicht die Ausf\u00fchrung mit Silikonschicht? Dann wisse, dass das 24 Volt LED Band gr\u00fcn auch ohne Silikonschicht verf\u00fcgbar ist. Die 2,5 Meter Ausf\u00fchrung ohne Silikonschicht findest du hier:   <\/span><\/p>\n<ul>\n<li><span style=\"color: #000000;\"><a style=\"color: #000000;\" href=\"https:\/\/www.alldayled.com\/de\/produkt\/led-strip-24-volt-groen-2-5-33-3528\/\"><b>LED Band 24 volt gr\u00fcn &#8211; IP33<\/b><\/a><\/span><\/li>\n<\/ul>\n<p><span style=\"color: #000000;\">Bist du der Meinung, dass das LED Band nicht das ist, was du suchst? Einfach weil die Farbe oder L\u00e4nge des Bandes nicht deinen W\u00fcnschen entspricht? Wirf dann auch einen Blick auf unsere Seite <a style=\"color: #000000;\" href=\"https:\/\/www.alldayled.com\/de\/produkt-kategorie\/beleuchtung\/verlichting-24-volt\/led-strip-24-volt\/\">LED Band 24 volt<\/a>. Vielleicht findest du hier das Modell, das du suchst!   <\/span><\/p>\n","protected":false},"excerpt":{"rendered":"<p>LED Band gr\u00fcn 3528 IP65 (2,5m) geeignet f\u00fcr 24 Volt, mit 50cm Anschlusskabel.<\/p>\n","protected":false},"featured_media":17157,"comment_status":"open","ping_status":"closed","template":"","meta":{"_acf_changed":false},"product_brand":[5577],"product_cat":[5375],"product_tag":[9667,9668,9669,9680,9681,9670,9160],"class_list":{"0":"post-68774","1":"product","2":"type-product","3":"status-publish","4":"has-post-thumbnail","6":"product_brand-product-all-day-led","7":"product_cat-led-strip-24-volt","8":"product_tag-kabinen-led-band","9":"product_tag-led-band-24-volt","10":"product_tag-led-band-24v","11":"product_tag-led-band-gruen","12":"product_tag-led-band-gruen-24-volt","13":"product_tag-led-band-lkw","14":"product_tag-truckstyling","16":"first","17":"outofstock","18":"taxable","19":"shipping-taxable","20":"purchasable","21":"product-type-simple"},"acf":[],"yoast_head":"<!-- This site is optimized with the Yoast SEO Premium plugin v26.5 (Yoast SEO v27.1.1) - https:\/\/yoast.com\/product\/yoast-seo-premium-wordpress\/ -->\n<title>24 Volt LED Band gr\u00fcn - IP65 - 2,5 Meter - All Day Led<\/title>\n<meta name=\"description\" content=\"24 Volt LED Band gr\u00fcn - gr\u00fcn beleuchtete LKW Kabine - passt in die Gardinenschienen eines LKWs - mit Silikonschicht\" \/>\n<meta name=\"robots\" content=\"index, follow, max-snippet:-1, max-image-preview:large, max-video-preview:-1\" \/>\n<link rel=\"canonical\" href=\"https:\/\/www.alldayled.com\/de\/produkt\/led-strip-24-volt-groen-2-5-65-3528\/\" \/>\n<meta property=\"og:locale\" content=\"de_DE\" \/>\n<meta property=\"og:type\" content=\"article\" \/>\n<meta property=\"og:title\" content=\"24 Volt LED Band gr\u00fcn - IP65 - 2,5 Meter - All Day Led\" \/>\n<meta property=\"og:description\" content=\"24 Volt LED Band gr\u00fcn - gr\u00fcn beleuchtete LKW Kabine - passt in die Gardinenschienen eines LKWs - mit Silikonschicht\" \/>\n<meta property=\"og:url\" content=\"https:\/\/www.alldayled.com\/de\/produkt\/led-strip-24-volt-groen-2-5-65-3528\/\" \/>\n<meta property=\"og:site_name\" content=\"All Day Led\" \/>\n<meta property=\"article:publisher\" content=\"https:\/\/www.facebook.com\/alldayled\/\" \/>\n<meta property=\"article:modified_time\" content=\"2026-01-25T19:54:14+00:00\" \/>\n<meta property=\"og:image\" content=\"https:\/\/www.alldayled.com\/wp-content\/uploads\/2020\/09\/ADL653525-G-1.png\" \/>\n<meta name=\"twitter:label1\" content=\"Preis\" \/>\n\t<meta name=\"twitter:data1\" content=\"&euro;&nbsp;17,50\" \/>\n\t<meta name=\"twitter:label2\" content=\"Verf\u00fcgbarkeit\" \/>\n\t<meta name=\"twitter:data2\" content=\"ausverkauft\" \/>\n<script type=\"application\/ld+json\" class=\"yoast-schema-graph\">{\"@context\":\"https:\/\/schema.org\",\"@graph\":[{\"@type\":\"WebPage\",\"@id\":\"https:\/\/www.alldayled.com\/de\/produkt\/led-strip-24-volt-groen-2-5-65-3528\/\",\"url\":\"https:\/\/www.alldayled.com\/de\/produkt\/led-strip-24-volt-groen-2-5-65-3528\/\",\"name\":\"24 Volt LED Band gr\u00fcn - IP65 - 2,5 Meter - All Day Led\",\"isPartOf\":{\"@id\":\"https:\/\/www.alldayled.com\/de\/#website\"},\"primaryImageOfPage\":{\"@id\":\"https:\/\/www.alldayled.com\/de\/produkt\/led-strip-24-volt-groen-2-5-65-3528\/#primaryimage\"},\"image\":{\"@id\":\"https:\/\/www.alldayled.com\/de\/produkt\/led-strip-24-volt-groen-2-5-65-3528\/#primaryimage\"},\"thumbnailUrl\":\"https:\/\/www.alldayled.com\/wp-content\/uploads\/2020\/09\/ADL653525-G.png\",\"datePublished\":\"2020-03-11T14:00:25+00:00\",\"dateModified\":\"2026-01-25T19:54:14+00:00\",\"description\":\"24 Volt LED Band gr\u00fcn - gr\u00fcn beleuchtete LKW Kabine - passt in die Gardinenschienen eines LKWs - mit Silikonschicht\",\"breadcrumb\":{\"@id\":\"https:\/\/www.alldayled.com\/de\/produkt\/led-strip-24-volt-groen-2-5-65-3528\/#breadcrumb\"},\"inLanguage\":\"de\",\"potentialAction\":[{\"@type\":\"ReadAction\",\"target\":[\"https:\/\/www.alldayled.com\/de\/produkt\/led-strip-24-volt-groen-2-5-65-3528\/\"]}]},{\"@type\":\"ImageObject\",\"inLanguage\":\"de\",\"@id\":\"https:\/\/www.alldayled.com\/de\/produkt\/led-strip-24-volt-groen-2-5-65-3528\/#primaryimage\",\"url\":\"https:\/\/www.alldayled.com\/wp-content\/uploads\/2020\/09\/ADL653525-G.png\",\"contentUrl\":\"https:\/\/www.alldayled.com\/wp-content\/uploads\/2020\/09\/ADL653525-G.png\",\"width\":800,\"height\":600,\"caption\":\"24 Volt LED Band gr\u00fcn f\u00fcr LKW - 2.5 mit Silikonschicht IP65 - EAN: 6090444511549\"},{\"@type\":\"BreadcrumbList\",\"@id\":\"https:\/\/www.alldayled.com\/de\/produkt\/led-strip-24-volt-groen-2-5-65-3528\/#breadcrumb\",\"itemListElement\":[{\"@type\":\"ListItem\",\"position\":1,\"name\":\"Home\",\"item\":\"https:\/\/www.alldayled.com\/de\/\"},{\"@type\":\"ListItem\",\"position\":2,\"name\":\"Shop\",\"item\":\"https:\/\/www.alldayled.com\/de\/shop\/\"},{\"@type\":\"ListItem\",\"position\":3,\"name\":\"Beleuchtung\",\"item\":\"https:\/\/www.alldayled.com\/de\/produkt-kategorie\/beleuchtung\/\"},{\"@type\":\"ListItem\",\"position\":4,\"name\":\"Beleuchtung 24 Volt\",\"item\":\"https:\/\/www.alldayled.com\/de\/produkt-kategorie\/beleuchtung\/verlichting-24-volt\/\"},{\"@type\":\"ListItem\",\"position\":5,\"name\":\"LED band 24 volt\",\"item\":\"https:\/\/www.alldayled.com\/de\/produkt-kategorie\/beleuchtung\/verlichting-24-volt\/led-strip-24-volt\/\"},{\"@type\":\"ListItem\",\"position\":6,\"name\":\"LED Band 24 volt gr\u00fcn 3528 IP65 2,5 Meter\"}]},{\"@type\":\"WebSite\",\"@id\":\"https:\/\/www.alldayled.com\/de\/#website\",\"url\":\"https:\/\/www.alldayled.com\/de\/\",\"name\":\"All Day Led\",\"description\":\"Verlichting voor 12&amp;24 volt gebruik\",\"publisher\":{\"@id\":\"https:\/\/www.alldayled.com\/de\/#organization\"},\"potentialAction\":[{\"@type\":\"SearchAction\",\"target\":{\"@type\":\"EntryPoint\",\"urlTemplate\":\"https:\/\/www.alldayled.com\/de\/?s={search_term_string}\"},\"query-input\":{\"@type\":\"PropertyValueSpecification\",\"valueRequired\":true,\"valueName\":\"search_term_string\"}}],\"inLanguage\":\"de\"},{\"@type\":\"Organization\",\"@id\":\"https:\/\/www.alldayled.com\/de\/#organization\",\"name\":\"All Day Led\",\"url\":\"https:\/\/www.alldayled.com\/de\/\",\"logo\":{\"@type\":\"ImageObject\",\"inLanguage\":\"de\",\"@id\":\"https:\/\/www.alldayled.com\/de\/#\/schema\/logo\/image\/\",\"url\":\"https:\/\/www.alldayled.com\/wp-content\/uploads\/2025\/10\/Logo-ALL-DAY-LED-800x800-zwart-witte-letters.png\",\"contentUrl\":\"https:\/\/www.alldayled.com\/wp-content\/uploads\/2025\/10\/Logo-ALL-DAY-LED-800x800-zwart-witte-letters.png\",\"width\":800,\"height\":800,\"caption\":\"All Day Led\"},\"image\":{\"@id\":\"https:\/\/www.alldayled.com\/de\/#\/schema\/logo\/image\/\"},\"sameAs\":[\"https:\/\/www.facebook.com\/alldayled\/\",\"https:\/\/www.instagram.com\/alldayled\/\"],\"vatID\":\"NL863960133B01\",\"taxID\":\"86416545\"}]}<\/script>\n<meta property=\"product:brand\" content=\"All Day Led\" \/>\n<meta property=\"product:price:amount\" content=\"17.50\" \/>\n<meta property=\"product:price:currency\" content=\"EUR\" \/>\n<meta property=\"og:availability\" content=\"out of stock\" \/>\n<meta property=\"product:availability\" content=\"out of stock\" \/>\n<meta property=\"product:retailer_item_id\" content=\"ADL653525-G\" \/>\n<meta property=\"product:condition\" content=\"new\" \/>\n<!-- \/ Yoast SEO Premium plugin. -->","yoast_head_json":{"title":"24 Volt LED Band gr\u00fcn - IP65 - 2,5 Meter - All Day Led","description":"24 Volt LED Band gr\u00fcn - gr\u00fcn beleuchtete LKW Kabine - passt in die Gardinenschienen eines LKWs - mit Silikonschicht","robots":{"index":"index","follow":"follow","max-snippet":"max-snippet:-1","max-image-preview":"max-image-preview:large","max-video-preview":"max-video-preview:-1"},"canonical":"https:\/\/www.alldayled.com\/de\/produkt\/led-strip-24-volt-groen-2-5-65-3528\/","og_locale":"de_DE","og_type":"article","og_title":"24 Volt LED Band gr\u00fcn - IP65 - 2,5 Meter - All Day Led","og_description":"24 Volt LED Band gr\u00fcn - gr\u00fcn beleuchtete LKW Kabine - passt in die Gardinenschienen eines LKWs - mit Silikonschicht","og_url":"https:\/\/www.alldayled.com\/de\/produkt\/led-strip-24-volt-groen-2-5-65-3528\/","og_site_name":"All Day Led","article_publisher":"https:\/\/www.facebook.com\/alldayled\/","article_modified_time":"2026-01-25T19:54:14+00:00","og_image":[{"url":"https:\/\/www.alldayled.com\/wp-content\/uploads\/2020\/09\/ADL653525-G-1.png","type":"","width":"","height":""}],"twitter_misc":{"Preis":"&euro;&nbsp;17,50","Verf\u00fcgbarkeit":"ausverkauft"},"schema":{"@context":"https:\/\/schema.org","@graph":[{"@type":"WebPage","@id":"https:\/\/www.alldayled.com\/de\/produkt\/led-strip-24-volt-groen-2-5-65-3528\/","url":"https:\/\/www.alldayled.com\/de\/produkt\/led-strip-24-volt-groen-2-5-65-3528\/","name":"24 Volt LED Band gr\u00fcn - IP65 - 2,5 Meter - All Day Led","isPartOf":{"@id":"https:\/\/www.alldayled.com\/de\/#website"},"primaryImageOfPage":{"@id":"https:\/\/www.alldayled.com\/de\/produkt\/led-strip-24-volt-groen-2-5-65-3528\/#primaryimage"},"image":{"@id":"https:\/\/www.alldayled.com\/de\/produkt\/led-strip-24-volt-groen-2-5-65-3528\/#primaryimage"},"thumbnailUrl":"https:\/\/www.alldayled.com\/wp-content\/uploads\/2020\/09\/ADL653525-G.png","datePublished":"2020-03-11T14:00:25+00:00","dateModified":"2026-01-25T19:54:14+00:00","description":"24 Volt LED Band gr\u00fcn - gr\u00fcn beleuchtete LKW Kabine - passt in die Gardinenschienen eines LKWs - mit Silikonschicht","breadcrumb":{"@id":"https:\/\/www.alldayled.com\/de\/produkt\/led-strip-24-volt-groen-2-5-65-3528\/#breadcrumb"},"inLanguage":"de","potentialAction":[{"@type":"ReadAction","target":["https:\/\/www.alldayled.com\/de\/produkt\/led-strip-24-volt-groen-2-5-65-3528\/"]}]},{"@type":"ImageObject","inLanguage":"de","@id":"https:\/\/www.alldayled.com\/de\/produkt\/led-strip-24-volt-groen-2-5-65-3528\/#primaryimage","url":"https:\/\/www.alldayled.com\/wp-content\/uploads\/2020\/09\/ADL653525-G.png","contentUrl":"https:\/\/www.alldayled.com\/wp-content\/uploads\/2020\/09\/ADL653525-G.png","width":800,"height":600,"caption":"24 Volt LED Band gr\u00fcn f\u00fcr LKW - 2.5 mit Silikonschicht IP65 - EAN: 6090444511549"},{"@type":"BreadcrumbList","@id":"https:\/\/www.alldayled.com\/de\/produkt\/led-strip-24-volt-groen-2-5-65-3528\/#breadcrumb","itemListElement":[{"@type":"ListItem","position":1,"name":"Home","item":"https:\/\/www.alldayled.com\/de\/"},{"@type":"ListItem","position":2,"name":"Shop","item":"https:\/\/www.alldayled.com\/de\/shop\/"},{"@type":"ListItem","position":3,"name":"Beleuchtung","item":"https:\/\/www.alldayled.com\/de\/produkt-kategorie\/beleuchtung\/"},{"@type":"ListItem","position":4,"name":"Beleuchtung 24 Volt","item":"https:\/\/www.alldayled.com\/de\/produkt-kategorie\/beleuchtung\/verlichting-24-volt\/"},{"@type":"ListItem","position":5,"name":"LED band 24 volt","item":"https:\/\/www.alldayled.com\/de\/produkt-kategorie\/beleuchtung\/verlichting-24-volt\/led-strip-24-volt\/"},{"@type":"ListItem","position":6,"name":"LED Band 24 volt gr\u00fcn 3528 IP65 2,5 Meter"}]},{"@type":"WebSite","@id":"https:\/\/www.alldayled.com\/de\/#website","url":"https:\/\/www.alldayled.com\/de\/","name":"All Day Led","description":"Verlichting voor 12&amp;24 volt gebruik","publisher":{"@id":"https:\/\/www.alldayled.com\/de\/#organization"},"potentialAction":[{"@type":"SearchAction","target":{"@type":"EntryPoint","urlTemplate":"https:\/\/www.alldayled.com\/de\/?s={search_term_string}"},"query-input":{"@type":"PropertyValueSpecification","valueRequired":true,"valueName":"search_term_string"}}],"inLanguage":"de"},{"@type":"Organization","@id":"https:\/\/www.alldayled.com\/de\/#organization","name":"All Day Led","url":"https:\/\/www.alldayled.com\/de\/","logo":{"@type":"ImageObject","inLanguage":"de","@id":"https:\/\/www.alldayled.com\/de\/#\/schema\/logo\/image\/","url":"https:\/\/www.alldayled.com\/wp-content\/uploads\/2025\/10\/Logo-ALL-DAY-LED-800x800-zwart-witte-letters.png","contentUrl":"https:\/\/www.alldayled.com\/wp-content\/uploads\/2025\/10\/Logo-ALL-DAY-LED-800x800-zwart-witte-letters.png","width":800,"height":800,"caption":"All Day Led"},"image":{"@id":"https:\/\/www.alldayled.com\/de\/#\/schema\/logo\/image\/"},"sameAs":["https:\/\/www.facebook.com\/alldayled\/","https:\/\/www.instagram.com\/alldayled\/"],"vatID":"NL863960133B01","taxID":"86416545"}]},"product_brand":"All Day Led","product_price_amount":"17.50","product_price_currency":"EUR","og_availability":"out of stock","product_availability":"out of stock","product_retailer_item_id":"ADL653525-G","product_condition":"new"},"_links":{"self":[{"href":"https:\/\/www.alldayled.com\/de\/wp-json\/wp\/v2\/product\/68774","targetHints":{"allow":["GET"]}}],"collection":[{"href":"https:\/\/www.alldayled.com\/de\/wp-json\/wp\/v2\/product"}],"about":[{"href":"https:\/\/www.alldayled.com\/de\/wp-json\/wp\/v2\/types\/product"}],"replies":[{"embeddable":true,"href":"https:\/\/www.alldayled.com\/de\/wp-json\/wp\/v2\/comments?post=68774"}],"wp:featuredmedia":[{"embeddable":true,"href":"https:\/\/www.alldayled.com\/de\/wp-json\/wp\/v2\/media\/17157"}],"wp:attachment":[{"href":"https:\/\/www.alldayled.com\/de\/wp-json\/wp\/v2\/media?parent=68774"}],"wp:term":[{"taxonomy":"product_brand","embeddable":true,"href":"https:\/\/www.alldayled.com\/de\/wp-json\/wp\/v2\/product_brand?post=68774"},{"taxonomy":"product_cat","embeddable":true,"href":"https:\/\/www.alldayled.com\/de\/wp-json\/wp\/v2\/product_cat?post=68774"},{"taxonomy":"product_tag","embeddable":true,"href":"https:\/\/www.alldayled.com\/de\/wp-json\/wp\/v2\/product_tag?post=68774"}],"curies":[{"name":"wp","href":"https:\/\/api.w.org\/{rel}","templated":true}]}}