{"id":68825,"date":"2025-12-08T14:41:07","date_gmt":"2025-12-08T13:41:07","guid":{"rendered":"https:\/\/www.alldayled.com\/?post_type=product&#038;p=68825"},"modified":"2026-01-19T16:43:26","modified_gmt":"2026-01-19T15:43:26","slug":"strands-ize-led-og-rex","status":"publish","type":"product","link":"https:\/\/www.alldayled.com\/de\/produkt\/strands-ize-led-og-rex\/","title":{"rendered":"Strands IZE LED OG REX"},"content":{"rendered":"<p><span style=\"color: #000000;\"><strong>Strands IZE LED OG REX Scheinwerfer, f\u00fcr 12 und 24 Volt.<\/strong><\/span><\/p>\n<div class=\"truncated\">\n<p><span style=\"color: #000000;\">Bist du auf der Suche nach einem leistungsstarken und vielseitigen Scheinwerfer f\u00fcr dein Fahrzeug? Dann ist der Strands IZE LED OG REX Scheinwerfer genau das, was du brauchst. Dieser Premium Old School Scheinwerfer kombiniert ein cooles und robustes Design mit maximaler Lichtleistung. Mit sage und schreibe 9400 echten Lumen im Xperience-Modus und einer Reichweite von mehr als 410 Metern siehst du nicht nur die Stra\u00dfe vor dir, sondern auch die Seiten perfekt. Der OG REX hat zwei Modi: Der E-Modus ist E-gepr\u00fcft (R148\/149, Ref. 20) und f\u00fcr europ\u00e4ische Stra\u00dfen und schlechtes Wetter geeignet. Die warm wei\u00dfen und bernsteinfarbenen Positionsleuchten sorgen f\u00fcr ein erkennbares Aussehen und eine pers\u00f6nliche Note.     <\/span><\/p>\n<p><span style=\"color: #000000;\">Auch technisch bist du bestens ausgestattet. Der Strands IZE LED OG REX Scheinwerfer ist IP68\/69K-zertifiziert und best\u00e4ndig gegen Wasser, Staub und extreme Bedingungen. Er funktioniert mit 12 und 24 Volt und ist somit f\u00fcr Autos, LKWs, Wohnmobile und Traktoren geeignet. Dank des mitgelieferten 2,5-Meter-Kabels und aller Befestigungsmaterialien, einschlie\u00dflich Halterung, Schrauben, Muttern, Unterlegscheiben und Silikonpad, ist die Installation einfach, sowohl h\u00e4ngend als auch stehend. Dar\u00fcber hinaus ist das Standlicht sowohl auf Orange als auch auf 4500K einstellbar und sorgt so f\u00fcr eine klare, scharfe und ausgewogene Sicht vor und neben der Stra\u00dfe. Das Fernlicht hat eine Farbtemperatur von 6000K. Kurz gesagt: Suchst du einen robusten, leistungsstarken und auff\u00e4lligen LED-Scheinwerfer? Dann ist der IZE LED OG REX die Lampe, die jedem Fahrer und Fahrzeug zus\u00e4tzliche Sicherheit und Stil verleiht.       <\/span><\/p>\n<h5><span style=\"color: #000000;\"><strong>Abmessungen:<\/strong><\/span><\/h5>\n<p><span style=\"color: #000000;\">Bevor du den Strands IZE LED OG REX Scheinwerfer bestellst, m\u00f6chtest du nat\u00fcrlich sicher sein, dass er passt. Deshalb haben wir hier die Abmessungen dieses leistungsstarken LED-Scheinwerfer f\u00fcr dich aufgelistet. So wei\u00dft du genau, ob du ihn an der gew\u00fcnschten Stelle an deinem Fahrzeug montieren kannst.  <\/span><\/p>\n<ul>\n<li><span style=\"color: #000000;\">L\u00e4nge: 247 mm<\/span><\/li>\n<li><span style=\"color: #000000;\">H\u00f6he: 141 mm (161 inklusive Halter)<\/span><\/li>\n<li><span style=\"color: #000000;\">Dicke: 95 mm<\/span><\/li>\n<\/ul>\n<h5><span style=\"color: #000000;\"><strong>Andere Versionen:<\/strong><\/span><\/h5>\n<p><span style=\"color: #000000;\">M\u00f6chtest du einen Old School Scheinwerfer von Strands, aber der OG REX ist nicht ganz das, was du suchst? Kein Problem! Deshalb bietet Strands dieses Modell auch in verschiedenen Ausf\u00fchrungen an, sodass du genau die Variante w\u00e4hlen kannst, die am besten zu deinem Fahrzeug passt.<\/span><\/p>\n<ul>\n<li><a href=\"https:\/\/www.alldayled.com\/de\/produkt\/strands-ize-led-og-verstraler\/\"><span style=\"color: #000000;\"><strong>Strands IZE LED OG \u2013 oval<\/strong><\/span><\/a><\/li>\n<li><a href=\"https:\/\/www.alldayled.com\/de\/produkt\/strands-ize-led-og-driving-light-9\/\"><span style=\"color: #000000;\"><strong>Strands IZE LED OG &#8211; rund<\/strong><\/span><\/a><\/li>\n<\/ul>\n<div class=\"truncated\">\n<p><span style=\"color: #000000;\">Doch nicht ganz das, was du suchst? Vielleicht passen die Farbe oder Form des Strands IZE LED OG REX Scheinwerfer nicht zu deinem Fahrzeug.  Kein Problem! Wir haben noch viel mehr Scheinwerfer in unserem Sortiment. Schau dich gerne auf unserer Seite mit allen <a style=\"color: #000000;\" href=\"https:\/\/www.alldayled.com\/de\/produkt-kategorie\/scheinwerfer\/\">Scheinwerfern<\/a> um. <\/span><\/p>\n<\/div>\n<\/div>\n","protected":false},"excerpt":{"rendered":"<p>Strands IZE LED OG REX Scheinwerfer, mit warm wei\u00dfem und orangem Standlicht.<\/p>\n","protected":false},"featured_media":75771,"comment_status":"open","ping_status":"closed","template":"","meta":{"_acf_changed":false},"product_brand":[5114],"product_cat":[5382],"product_tag":[],"class_list":{"0":"post-68825","1":"product","2":"type-product","3":"status-publish","4":"has-post-thumbnail","6":"product_brand-product-strands-lighting-division","7":"product_cat-verstraler-ovaal","9":"first","10":"instock","11":"taxable","12":"shipping-taxable","13":"purchasable","14":"product-type-simple"},"acf":[],"yoast_head":"<!-- This site is optimized with the Yoast SEO Premium plugin v26.5 (Yoast SEO v27.1.1) - https:\/\/yoast.com\/product\/yoast-seo-premium-wordpress\/ -->\n<title>Strands IZE LED OG REX - All Day Led - f\u00fcr 12&amp;24V<\/title>\n<meta name=\"description\" content=\"Strands IZE LED OG REX - 12.000 Lumen! - Standlicht WEISS &amp; ORANGE - Old School Look - IP68 und IP69K - ECE R148 &amp; ECE 149 Pr\u00fcfzeichen\" \/>\n<meta name=\"robots\" content=\"index, follow, max-snippet:-1, max-image-preview:large, max-video-preview:-1\" \/>\n<link rel=\"canonical\" href=\"https:\/\/www.alldayled.com\/de\/produkt\/strands-ize-led-og-rex\/\" \/>\n<meta property=\"og:locale\" content=\"de_DE\" \/>\n<meta property=\"og:type\" content=\"article\" \/>\n<meta property=\"og:title\" content=\"Strands IZE LED OG REX - All Day Led - f\u00fcr 12&amp;24V\" \/>\n<meta property=\"og:description\" content=\"Strands IZE LED OG REX - 12.000 Lumen! - Standlicht WEISS &amp; ORANGE - Old School Look - IP68 und IP69K - ECE R148 &amp; ECE 149 Pr\u00fcfzeichen\" \/>\n<meta property=\"og:url\" content=\"https:\/\/www.alldayled.com\/de\/produkt\/strands-ize-led-og-rex\/\" \/>\n<meta property=\"og:site_name\" content=\"All Day Led\" \/>\n<meta property=\"article:publisher\" content=\"https:\/\/www.facebook.com\/alldayled\/\" \/>\n<meta property=\"article:modified_time\" content=\"2026-01-19T15:43:26+00:00\" \/>\n<meta property=\"og:image\" content=\"https:\/\/www.alldayled.com\/wp-content\/uploads\/2025\/12\/ADL270967-SM-300x300.png\" \/>\n<meta name=\"twitter:label1\" content=\"Preis\" \/>\n\t<meta name=\"twitter:data1\" content=\"&euro;&nbsp;269,00\" \/>\n\t<meta name=\"twitter:label2\" content=\"Verf\u00fcgbarkeit\" \/>\n\t<meta name=\"twitter:data2\" content=\"Auf Lager\" \/>\n<script type=\"application\/ld+json\" class=\"yoast-schema-graph\">{\"@context\":\"https:\/\/schema.org\",\"@graph\":[{\"@type\":\"WebPage\",\"@id\":\"https:\/\/www.alldayled.com\/de\/produkt\/strands-ize-led-og-rex\/\",\"url\":\"https:\/\/www.alldayled.com\/de\/produkt\/strands-ize-led-og-rex\/\",\"name\":\"Strands IZE LED OG REX - All Day Led - f\u00fcr 12&24V\",\"isPartOf\":{\"@id\":\"https:\/\/www.alldayled.com\/de\/#website\"},\"primaryImageOfPage\":{\"@id\":\"https:\/\/www.alldayled.com\/de\/produkt\/strands-ize-led-og-rex\/#primaryimage\"},\"image\":{\"@id\":\"https:\/\/www.alldayled.com\/de\/produkt\/strands-ize-led-og-rex\/#primaryimage\"},\"thumbnailUrl\":\"https:\/\/www.alldayled.com\/wp-content\/uploads\/2025\/12\/ADL901012.png\",\"datePublished\":\"2025-12-08T13:41:07+00:00\",\"dateModified\":\"2026-01-19T15:43:26+00:00\",\"description\":\"Strands IZE LED OG REX - 12.000 Lumen! - Standlicht WEISS & ORANGE - Old School Look - IP68 und IP69K - ECE R148 & ECE 149 Pr\u00fcfzeichen\",\"breadcrumb\":{\"@id\":\"https:\/\/www.alldayled.com\/de\/produkt\/strands-ize-led-og-rex\/#breadcrumb\"},\"inLanguage\":\"de\",\"potentialAction\":[{\"@type\":\"ReadAction\",\"target\":[\"https:\/\/www.alldayled.com\/de\/produkt\/strands-ize-led-og-rex\/\"]}]},{\"@type\":\"ImageObject\",\"inLanguage\":\"de\",\"@id\":\"https:\/\/www.alldayled.com\/de\/produkt\/strands-ize-led-og-rex\/#primaryimage\",\"url\":\"https:\/\/www.alldayled.com\/wp-content\/uploads\/2025\/12\/ADL901012.png\",\"contentUrl\":\"https:\/\/www.alldayled.com\/wp-content\/uploads\/2025\/12\/ADL901012.png\",\"width\":800,\"height\":600,\"caption\":\"Strands IZE LED OG REX - LED Scheinwerfer - 9400 Lumen - IP68 und IP69K - ECE R148 und ECE R149 Pr\u00fcfzeichen - 12\/24 Volt\"},{\"@type\":\"BreadcrumbList\",\"@id\":\"https:\/\/www.alldayled.com\/de\/produkt\/strands-ize-led-og-rex\/#breadcrumb\",\"itemListElement\":[{\"@type\":\"ListItem\",\"position\":1,\"name\":\"Home\",\"item\":\"https:\/\/www.alldayled.com\/de\/\"},{\"@type\":\"ListItem\",\"position\":2,\"name\":\"Shop\",\"item\":\"https:\/\/www.alldayled.com\/de\/shop\/\"},{\"@type\":\"ListItem\",\"position\":3,\"name\":\"Scheinwerfer\",\"item\":\"https:\/\/www.alldayled.com\/de\/produkt-kategorie\/scheinwerfer\/\"},{\"@type\":\"ListItem\",\"position\":4,\"name\":\"Scheinwerfer oval\",\"item\":\"https:\/\/www.alldayled.com\/de\/produkt-kategorie\/scheinwerfer\/verstraler-ovaal\/\"},{\"@type\":\"ListItem\",\"position\":5,\"name\":\"Strands IZE LED OG REX\"}]},{\"@type\":\"WebSite\",\"@id\":\"https:\/\/www.alldayled.com\/de\/#website\",\"url\":\"https:\/\/www.alldayled.com\/de\/\",\"name\":\"All Day Led\",\"description\":\"Verlichting voor 12&amp;24 volt gebruik\",\"publisher\":{\"@id\":\"https:\/\/www.alldayled.com\/de\/#organization\"},\"potentialAction\":[{\"@type\":\"SearchAction\",\"target\":{\"@type\":\"EntryPoint\",\"urlTemplate\":\"https:\/\/www.alldayled.com\/de\/?s={search_term_string}\"},\"query-input\":{\"@type\":\"PropertyValueSpecification\",\"valueRequired\":true,\"valueName\":\"search_term_string\"}}],\"inLanguage\":\"de\"},{\"@type\":\"Organization\",\"@id\":\"https:\/\/www.alldayled.com\/de\/#organization\",\"name\":\"All Day Led\",\"url\":\"https:\/\/www.alldayled.com\/de\/\",\"logo\":{\"@type\":\"ImageObject\",\"inLanguage\":\"de\",\"@id\":\"https:\/\/www.alldayled.com\/de\/#\/schema\/logo\/image\/\",\"url\":\"https:\/\/www.alldayled.com\/wp-content\/uploads\/2025\/10\/Logo-ALL-DAY-LED-800x800-zwart-witte-letters.png\",\"contentUrl\":\"https:\/\/www.alldayled.com\/wp-content\/uploads\/2025\/10\/Logo-ALL-DAY-LED-800x800-zwart-witte-letters.png\",\"width\":800,\"height\":800,\"caption\":\"All Day Led\"},\"image\":{\"@id\":\"https:\/\/www.alldayled.com\/de\/#\/schema\/logo\/image\/\"},\"sameAs\":[\"https:\/\/www.facebook.com\/alldayled\/\",\"https:\/\/www.instagram.com\/alldayled\/\"],\"vatID\":\"NL863960133B01\",\"taxID\":\"86416545\"}]}<\/script>\n<meta property=\"product:brand\" content=\"Strands\" \/>\n<meta property=\"product:price:amount\" content=\"269.00\" \/>\n<meta property=\"product:price:currency\" content=\"EUR\" \/>\n<meta property=\"og:availability\" content=\"instock\" \/>\n<meta property=\"product:availability\" content=\"instock\" \/>\n<meta property=\"product:retailer_item_id\" content=\"ADL901012\" \/>\n<meta property=\"product:condition\" content=\"new\" \/>\n<!-- \/ Yoast SEO Premium plugin. -->","yoast_head_json":{"title":"Strands IZE LED OG REX - All Day Led - f\u00fcr 12&24V","description":"Strands IZE LED OG REX - 12.000 Lumen! - Standlicht WEISS & ORANGE - Old School Look - IP68 und IP69K - ECE R148 & ECE 149 Pr\u00fcfzeichen","robots":{"index":"index","follow":"follow","max-snippet":"max-snippet:-1","max-image-preview":"max-image-preview:large","max-video-preview":"max-video-preview:-1"},"canonical":"https:\/\/www.alldayled.com\/de\/produkt\/strands-ize-led-og-rex\/","og_locale":"de_DE","og_type":"article","og_title":"Strands IZE LED OG REX - All Day Led - f\u00fcr 12&24V","og_description":"Strands IZE LED OG REX - 12.000 Lumen! - Standlicht WEISS & ORANGE - Old School Look - IP68 und IP69K - ECE R148 & ECE 149 Pr\u00fcfzeichen","og_url":"https:\/\/www.alldayled.com\/de\/produkt\/strands-ize-led-og-rex\/","og_site_name":"All Day Led","article_publisher":"https:\/\/www.facebook.com\/alldayled\/","article_modified_time":"2026-01-19T15:43:26+00:00","og_image":[{"url":"https:\/\/www.alldayled.com\/wp-content\/uploads\/2025\/12\/ADL270967-SM-300x300.png","type":"","width":"","height":""}],"twitter_misc":{"Preis":"&euro;&nbsp;269,00","Verf\u00fcgbarkeit":"Auf Lager"},"schema":{"@context":"https:\/\/schema.org","@graph":[{"@type":"WebPage","@id":"https:\/\/www.alldayled.com\/de\/produkt\/strands-ize-led-og-rex\/","url":"https:\/\/www.alldayled.com\/de\/produkt\/strands-ize-led-og-rex\/","name":"Strands IZE LED OG REX - All Day Led - f\u00fcr 12&24V","isPartOf":{"@id":"https:\/\/www.alldayled.com\/de\/#website"},"primaryImageOfPage":{"@id":"https:\/\/www.alldayled.com\/de\/produkt\/strands-ize-led-og-rex\/#primaryimage"},"image":{"@id":"https:\/\/www.alldayled.com\/de\/produkt\/strands-ize-led-og-rex\/#primaryimage"},"thumbnailUrl":"https:\/\/www.alldayled.com\/wp-content\/uploads\/2025\/12\/ADL901012.png","datePublished":"2025-12-08T13:41:07+00:00","dateModified":"2026-01-19T15:43:26+00:00","description":"Strands IZE LED OG REX - 12.000 Lumen! - Standlicht WEISS & ORANGE - Old School Look - IP68 und IP69K - ECE R148 & ECE 149 Pr\u00fcfzeichen","breadcrumb":{"@id":"https:\/\/www.alldayled.com\/de\/produkt\/strands-ize-led-og-rex\/#breadcrumb"},"inLanguage":"de","potentialAction":[{"@type":"ReadAction","target":["https:\/\/www.alldayled.com\/de\/produkt\/strands-ize-led-og-rex\/"]}]},{"@type":"ImageObject","inLanguage":"de","@id":"https:\/\/www.alldayled.com\/de\/produkt\/strands-ize-led-og-rex\/#primaryimage","url":"https:\/\/www.alldayled.com\/wp-content\/uploads\/2025\/12\/ADL901012.png","contentUrl":"https:\/\/www.alldayled.com\/wp-content\/uploads\/2025\/12\/ADL901012.png","width":800,"height":600,"caption":"Strands IZE LED OG REX - LED Scheinwerfer - 9400 Lumen - IP68 und IP69K - ECE R148 und ECE R149 Pr\u00fcfzeichen - 12\/24 Volt"},{"@type":"BreadcrumbList","@id":"https:\/\/www.alldayled.com\/de\/produkt\/strands-ize-led-og-rex\/#breadcrumb","itemListElement":[{"@type":"ListItem","position":1,"name":"Home","item":"https:\/\/www.alldayled.com\/de\/"},{"@type":"ListItem","position":2,"name":"Shop","item":"https:\/\/www.alldayled.com\/de\/shop\/"},{"@type":"ListItem","position":3,"name":"Scheinwerfer","item":"https:\/\/www.alldayled.com\/de\/produkt-kategorie\/scheinwerfer\/"},{"@type":"ListItem","position":4,"name":"Scheinwerfer oval","item":"https:\/\/www.alldayled.com\/de\/produkt-kategorie\/scheinwerfer\/verstraler-ovaal\/"},{"@type":"ListItem","position":5,"name":"Strands IZE LED OG REX"}]},{"@type":"WebSite","@id":"https:\/\/www.alldayled.com\/de\/#website","url":"https:\/\/www.alldayled.com\/de\/","name":"All Day Led","description":"Verlichting voor 12&amp;24 volt gebruik","publisher":{"@id":"https:\/\/www.alldayled.com\/de\/#organization"},"potentialAction":[{"@type":"SearchAction","target":{"@type":"EntryPoint","urlTemplate":"https:\/\/www.alldayled.com\/de\/?s={search_term_string}"},"query-input":{"@type":"PropertyValueSpecification","valueRequired":true,"valueName":"search_term_string"}}],"inLanguage":"de"},{"@type":"Organization","@id":"https:\/\/www.alldayled.com\/de\/#organization","name":"All Day Led","url":"https:\/\/www.alldayled.com\/de\/","logo":{"@type":"ImageObject","inLanguage":"de","@id":"https:\/\/www.alldayled.com\/de\/#\/schema\/logo\/image\/","url":"https:\/\/www.alldayled.com\/wp-content\/uploads\/2025\/10\/Logo-ALL-DAY-LED-800x800-zwart-witte-letters.png","contentUrl":"https:\/\/www.alldayled.com\/wp-content\/uploads\/2025\/10\/Logo-ALL-DAY-LED-800x800-zwart-witte-letters.png","width":800,"height":800,"caption":"All Day Led"},"image":{"@id":"https:\/\/www.alldayled.com\/de\/#\/schema\/logo\/image\/"},"sameAs":["https:\/\/www.facebook.com\/alldayled\/","https:\/\/www.instagram.com\/alldayled\/"],"vatID":"NL863960133B01","taxID":"86416545"}]},"product_brand":"Strands","product_price_amount":"269.00","product_price_currency":"EUR","og_availability":"instock","product_availability":"instock","product_retailer_item_id":"ADL901012","product_condition":"new"},"_links":{"self":[{"href":"https:\/\/www.alldayled.com\/de\/wp-json\/wp\/v2\/product\/68825","targetHints":{"allow":["GET"]}}],"collection":[{"href":"https:\/\/www.alldayled.com\/de\/wp-json\/wp\/v2\/product"}],"about":[{"href":"https:\/\/www.alldayled.com\/de\/wp-json\/wp\/v2\/types\/product"}],"replies":[{"embeddable":true,"href":"https:\/\/www.alldayled.com\/de\/wp-json\/wp\/v2\/comments?post=68825"}],"wp:featuredmedia":[{"embeddable":true,"href":"https:\/\/www.alldayled.com\/de\/wp-json\/wp\/v2\/media\/75771"}],"wp:attachment":[{"href":"https:\/\/www.alldayled.com\/de\/wp-json\/wp\/v2\/media?parent=68825"}],"wp:term":[{"taxonomy":"product_brand","embeddable":true,"href":"https:\/\/www.alldayled.com\/de\/wp-json\/wp\/v2\/product_brand?post=68825"},{"taxonomy":"product_cat","embeddable":true,"href":"https:\/\/www.alldayled.com\/de\/wp-json\/wp\/v2\/product_cat?post=68825"},{"taxonomy":"product_tag","embeddable":true,"href":"https:\/\/www.alldayled.com\/de\/wp-json\/wp\/v2\/product_tag?post=68825"}],"curies":[{"name":"wp","href":"https:\/\/api.w.org\/{rel}","templated":true}]}}