{"id":68831,"date":"2025-12-08T14:54:17","date_gmt":"2025-12-08T13:54:17","guid":{"rendered":"https:\/\/www.alldayled.com\/?post_type=product&#038;p=68831"},"modified":"2026-02-08T21:01:16","modified_gmt":"2026-02-08T20:01:16","slug":"strands-ize-led-melon-light","status":"publish","type":"product","link":"https:\/\/www.alldayled.com\/de\/produkt\/strands-ize-led-melon-light\/","title":{"rendered":"Strands IZE LED melon light"},"content":{"rendered":"<p><span style=\"color: #000000;\"><strong>Strands IZE LED Melon Light multi color, f\u00fcr 12 und 24 Volt.<\/strong> <\/span><\/p>\n<p><span style=\"color: #000000;\">Bist du auf der Suche nach einem auff\u00e4lligen Interieurdetail f\u00fcr deinen LKW? Dann ist die Strands IZE LED melon light genau das, was du brauchst. Diese Premium-LED-Lampe kombiniert ein cooles Design mit purer Funktionalit\u00e4t. Du hast die Wahl zwischen sechs Farben: Wei\u00df, Amber, Rot, Lila, Gr\u00fcn und Blau. Mit einem Klick wechselst du die Farbe \u00fcber den Seitenknopf. Die Lampe selbst schaltest du ein, indem du auf die Linse dr\u00fcckst. Dank des Speichers merkt sich die IZE LED Melon Light immer deine letzte Einstellung, sodass du jedes Mal mit der richtigen Stimmung einsteigst. Die kratzfeste PC-Linse und der Chromring sorgen f\u00fcr einen modernen Look und halten einiges aus.       <\/span><\/p>\n<p><span style=\"color: #000000;\">Auch technisch bist du gut ausgestattet. Die Strands IZE LED melon light funktioniert mit 12 und 24 Volt. Dadurch ist sie f\u00fcr LKWs, Wohnmobile, Busse und Showfahrzeuge geeignet. Die Lampe verbraucht nur 1\u20132,9 Watt, sodass das Anbringen mehrerer Lampen kein Problem darstellt. Mit einem Durchmesser von 70 mm und 55,1 mm CC kannst du sie fast \u00fcberall in deiner Kabine montieren. Ideal, wenn du dein Interieur mit mehreren Lichtpunkten aufwerten m\u00f6chtest. Kurz gesagt: Suchst du eine stilvolle, starke und vielseitige LED-Lampe? Dann ist diese Melon Light eine perfekte Wahl f\u00fcr jeden Fahrer, der seinem LKW das gewisse Extra verleihen m\u00f6chte.       <\/span><\/p>\n<h5><span style=\"color: #000000;\"><strong>Abmessungen:<\/strong><\/span><\/h5>\n<p><span style=\"color: #000000;\">Bevor du die Strands IZE LED Melon Light bestellst, m\u00f6chtest du nat\u00fcrlich sicher sein, ob sie passt. Deshalb haben wir hier die Abmessungen dieser Premium-LED-Innenraumleuchte f\u00fcr dich aufgelistet. So wei\u00dft du genau, ob du sie an der gew\u00fcnschten Stelle in deinem LKW, Wohnmobil oder Bus montieren kannst.  <\/span><\/p>\n<ul>\n<li><span style=\"color: #000000;\">Durchmesser Lampe: 70 mm<\/span><\/li>\n<li><span style=\"color: #000000;\">H\u00f6he: 50,6 mm<\/span><\/li>\n<li><span style=\"color: #000000;\">H.o.H.: 55,1 mm<\/span><\/li>\n<\/ul>\n<div class=\"truncated\">\n<p><span style=\"color: #000000;\">Doch nicht ganz das, was du suchst? Vielleicht passen die Farbe oder Form dieser IZE LED Melon Light nicht zu deinem Stil. Kein Problem, wir haben au\u00dferdem noch viel mehr Innenraumleuchten in unserem Sortiment. Wirf gerne einen Blick auf unsere Seite <a style=\"color: #000000;\" href=\"\/?product_cat=inbouw-verlichting\">Einbauleuchten<\/a>. Die Wahrscheinlichkeit ist gro\u00df, dass dort doch noch die perfekte Lampe f\u00fcr deinen LKW, dein Wohnmobil oder dein Interieur dabei ist.    <\/span><\/p>\n<\/div>\n","protected":false},"excerpt":{"rendered":"<p><span style=\"color: #000000;\">Strands IZE LED melon light mit 6 Farboptionen, f\u00fcr 12 und 24 Volt.<\/span><\/p>\n","protected":false},"featured_media":75705,"comment_status":"open","ping_status":"closed","template":"","meta":{"_acf_changed":false},"product_brand":[5114],"product_cat":[5371,5389],"product_tag":[],"class_list":{"0":"post-68831","1":"product","2":"type-product","3":"status-publish","4":"has-post-thumbnail","6":"product_brand-product-strands-lighting-division","7":"product_cat-inbouw-verlichting-12-volt","8":"product_cat-inbouw-verlichting-24-volt","10":"first","11":"instock","12":"taxable","13":"shipping-taxable","14":"purchasable","15":"product-type-simple"},"acf":[],"yoast_head":"<!-- This site is optimized with the Yoast SEO Premium plugin v26.5 (Yoast SEO v27.1.1) - https:\/\/yoast.com\/product\/yoast-seo-premium-wordpress\/ -->\n<title>Strands IZE LED Melon Light - multi color - All Day Led - f\u00fcr 12&amp;24V<\/title>\n<meta name=\"description\" content=\"Strands IZE LED melon light - 6 einstellbare Farben - eingebauter Speicher - funktioniert mit 12 und 24 Volt - nur 1\u20132,9 Watt - f\u00fcr LKW, Wohnmobil und Bus\" \/>\n<meta name=\"robots\" content=\"index, follow, max-snippet:-1, max-image-preview:large, max-video-preview:-1\" \/>\n<link rel=\"canonical\" href=\"https:\/\/www.alldayled.com\/de\/produkt\/strands-ize-led-melon-light\/\" \/>\n<meta property=\"og:locale\" content=\"de_DE\" \/>\n<meta property=\"og:type\" content=\"article\" \/>\n<meta property=\"og:title\" content=\"Strands IZE LED Melon Light - multi color - All Day Led - f\u00fcr 12&amp;24V\" \/>\n<meta property=\"og:description\" content=\"Strands IZE LED melon light - 6 einstellbare Farben - eingebauter Speicher - funktioniert mit 12 und 24 Volt - nur 1\u20132,9 Watt - f\u00fcr LKW, Wohnmobil und Bus\" \/>\n<meta property=\"og:url\" content=\"https:\/\/www.alldayled.com\/de\/produkt\/strands-ize-led-melon-light\/\" \/>\n<meta property=\"og:site_name\" content=\"All Day Led\" \/>\n<meta property=\"article:publisher\" content=\"https:\/\/www.facebook.com\/alldayled\/\" \/>\n<meta property=\"article:modified_time\" content=\"2026-02-08T20:01:16+00:00\" \/>\n<meta property=\"og:image\" content=\"https:\/\/www.alldayled.com\/wp-content\/uploads\/2025\/12\/ADL270967-SM-300x300.png\" \/>\n<meta name=\"twitter:label1\" content=\"Preis\" \/>\n\t<meta name=\"twitter:data1\" content=\"&euro;&nbsp;37,95\" \/>\n\t<meta name=\"twitter:label2\" content=\"Verf\u00fcgbarkeit\" \/>\n\t<meta name=\"twitter:data2\" content=\"Auf Lager\" \/>\n<script type=\"application\/ld+json\" class=\"yoast-schema-graph\">{\"@context\":\"https:\/\/schema.org\",\"@graph\":[{\"@type\":\"WebPage\",\"@id\":\"https:\/\/www.alldayled.com\/de\/produkt\/strands-ize-led-melon-light\/\",\"url\":\"https:\/\/www.alldayled.com\/de\/produkt\/strands-ize-led-melon-light\/\",\"name\":\"Strands IZE LED Melon Light - multi color - All Day Led - f\u00fcr 12&24V\",\"isPartOf\":{\"@id\":\"https:\/\/www.alldayled.com\/de\/#website\"},\"primaryImageOfPage\":{\"@id\":\"https:\/\/www.alldayled.com\/de\/produkt\/strands-ize-led-melon-light\/#primaryimage\"},\"image\":{\"@id\":\"https:\/\/www.alldayled.com\/de\/produkt\/strands-ize-led-melon-light\/#primaryimage\"},\"thumbnailUrl\":\"https:\/\/www.alldayled.com\/wp-content\/uploads\/2025\/12\/ADL903000.png\",\"datePublished\":\"2025-12-08T13:54:17+00:00\",\"dateModified\":\"2026-02-08T20:01:16+00:00\",\"description\":\"Strands IZE LED melon light - 6 einstellbare Farben - eingebauter Speicher - funktioniert mit 12 und 24 Volt - nur 1\u20132,9 Watt - f\u00fcr LKW, Wohnmobil und Bus\",\"breadcrumb\":{\"@id\":\"https:\/\/www.alldayled.com\/de\/produkt\/strands-ize-led-melon-light\/#breadcrumb\"},\"inLanguage\":\"de\",\"potentialAction\":[{\"@type\":\"ReadAction\",\"target\":[\"https:\/\/www.alldayled.com\/de\/produkt\/strands-ize-led-melon-light\/\"]}]},{\"@type\":\"ImageObject\",\"inLanguage\":\"de\",\"@id\":\"https:\/\/www.alldayled.com\/de\/produkt\/strands-ize-led-melon-light\/#primaryimage\",\"url\":\"https:\/\/www.alldayled.com\/wp-content\/uploads\/2025\/12\/ADL903000.png\",\"contentUrl\":\"https:\/\/www.alldayled.com\/wp-content\/uploads\/2025\/12\/ADL903000.png\",\"width\":800,\"height\":600,\"caption\":\"Strands IZE LED melon light - 6 Farben - 12\/24 Volt - nur 1\u20132,9 Watt - Durchmesser 70mm - f\u00fcr LKW, Wohnmobil, Bus - Rauchgeh\u00e4use\"},{\"@type\":\"BreadcrumbList\",\"@id\":\"https:\/\/www.alldayled.com\/de\/produkt\/strands-ize-led-melon-light\/#breadcrumb\",\"itemListElement\":[{\"@type\":\"ListItem\",\"position\":1,\"name\":\"Home\",\"item\":\"https:\/\/www.alldayled.com\/de\/\"},{\"@type\":\"ListItem\",\"position\":2,\"name\":\"Shop\",\"item\":\"https:\/\/www.alldayled.com\/de\/shop\/\"},{\"@type\":\"ListItem\",\"position\":3,\"name\":\"Beleuchtung\",\"item\":\"https:\/\/www.alldayled.com\/de\/produkt-kategorie\/beleuchtung\/\"},{\"@type\":\"ListItem\",\"position\":4,\"name\":\"Beleuchtung 12 Volt\",\"item\":\"https:\/\/www.alldayled.com\/de\/produkt-kategorie\/beleuchtung\/verlichting-12-volt\/\"},{\"@type\":\"ListItem\",\"position\":5,\"name\":\"Einbauleuchten\",\"item\":\"https:\/\/www.alldayled.com\/de\/produkt-kategorie\/beleuchtung\/verlichting-12-volt\/inbouw-verlichting-12-volt\/\"},{\"@type\":\"ListItem\",\"position\":6,\"name\":\"Strands IZE LED melon light\"}]},{\"@type\":\"WebSite\",\"@id\":\"https:\/\/www.alldayled.com\/de\/#website\",\"url\":\"https:\/\/www.alldayled.com\/de\/\",\"name\":\"All Day Led\",\"description\":\"Verlichting voor 12&amp;24 volt gebruik\",\"publisher\":{\"@id\":\"https:\/\/www.alldayled.com\/de\/#organization\"},\"potentialAction\":[{\"@type\":\"SearchAction\",\"target\":{\"@type\":\"EntryPoint\",\"urlTemplate\":\"https:\/\/www.alldayled.com\/de\/?s={search_term_string}\"},\"query-input\":{\"@type\":\"PropertyValueSpecification\",\"valueRequired\":true,\"valueName\":\"search_term_string\"}}],\"inLanguage\":\"de\"},{\"@type\":\"Organization\",\"@id\":\"https:\/\/www.alldayled.com\/de\/#organization\",\"name\":\"All Day Led\",\"url\":\"https:\/\/www.alldayled.com\/de\/\",\"logo\":{\"@type\":\"ImageObject\",\"inLanguage\":\"de\",\"@id\":\"https:\/\/www.alldayled.com\/de\/#\/schema\/logo\/image\/\",\"url\":\"https:\/\/www.alldayled.com\/wp-content\/uploads\/2025\/10\/Logo-ALL-DAY-LED-800x800-zwart-witte-letters.png\",\"contentUrl\":\"https:\/\/www.alldayled.com\/wp-content\/uploads\/2025\/10\/Logo-ALL-DAY-LED-800x800-zwart-witte-letters.png\",\"width\":800,\"height\":800,\"caption\":\"All Day Led\"},\"image\":{\"@id\":\"https:\/\/www.alldayled.com\/de\/#\/schema\/logo\/image\/\"},\"sameAs\":[\"https:\/\/www.facebook.com\/alldayled\/\",\"https:\/\/www.instagram.com\/alldayled\/\"],\"vatID\":\"NL863960133B01\",\"taxID\":\"86416545\"}]}<\/script>\n<meta property=\"product:brand\" content=\"Strands\" \/>\n<meta property=\"product:price:amount\" content=\"37.95\" \/>\n<meta property=\"product:price:currency\" content=\"EUR\" \/>\n<meta property=\"og:availability\" content=\"instock\" \/>\n<meta property=\"product:availability\" content=\"instock\" \/>\n<meta property=\"product:retailer_item_id\" content=\"ADL903000\" \/>\n<meta property=\"product:condition\" content=\"new\" \/>\n<!-- \/ Yoast SEO Premium plugin. -->","yoast_head_json":{"title":"Strands IZE LED Melon Light - multi color - All Day Led - f\u00fcr 12&24V","description":"Strands IZE LED melon light - 6 einstellbare Farben - eingebauter Speicher - funktioniert mit 12 und 24 Volt - nur 1\u20132,9 Watt - f\u00fcr LKW, Wohnmobil und Bus","robots":{"index":"index","follow":"follow","max-snippet":"max-snippet:-1","max-image-preview":"max-image-preview:large","max-video-preview":"max-video-preview:-1"},"canonical":"https:\/\/www.alldayled.com\/de\/produkt\/strands-ize-led-melon-light\/","og_locale":"de_DE","og_type":"article","og_title":"Strands IZE LED Melon Light - multi color - All Day Led - f\u00fcr 12&24V","og_description":"Strands IZE LED melon light - 6 einstellbare Farben - eingebauter Speicher - funktioniert mit 12 und 24 Volt - nur 1\u20132,9 Watt - f\u00fcr LKW, Wohnmobil und Bus","og_url":"https:\/\/www.alldayled.com\/de\/produkt\/strands-ize-led-melon-light\/","og_site_name":"All Day Led","article_publisher":"https:\/\/www.facebook.com\/alldayled\/","article_modified_time":"2026-02-08T20:01:16+00:00","og_image":[{"url":"https:\/\/www.alldayled.com\/wp-content\/uploads\/2025\/12\/ADL270967-SM-300x300.png","type":"","width":"","height":""}],"twitter_misc":{"Preis":"&euro;&nbsp;37,95","Verf\u00fcgbarkeit":"Auf Lager"},"schema":{"@context":"https:\/\/schema.org","@graph":[{"@type":"WebPage","@id":"https:\/\/www.alldayled.com\/de\/produkt\/strands-ize-led-melon-light\/","url":"https:\/\/www.alldayled.com\/de\/produkt\/strands-ize-led-melon-light\/","name":"Strands IZE LED Melon Light - multi color - All Day Led - f\u00fcr 12&24V","isPartOf":{"@id":"https:\/\/www.alldayled.com\/de\/#website"},"primaryImageOfPage":{"@id":"https:\/\/www.alldayled.com\/de\/produkt\/strands-ize-led-melon-light\/#primaryimage"},"image":{"@id":"https:\/\/www.alldayled.com\/de\/produkt\/strands-ize-led-melon-light\/#primaryimage"},"thumbnailUrl":"https:\/\/www.alldayled.com\/wp-content\/uploads\/2025\/12\/ADL903000.png","datePublished":"2025-12-08T13:54:17+00:00","dateModified":"2026-02-08T20:01:16+00:00","description":"Strands IZE LED melon light - 6 einstellbare Farben - eingebauter Speicher - funktioniert mit 12 und 24 Volt - nur 1\u20132,9 Watt - f\u00fcr LKW, Wohnmobil und Bus","breadcrumb":{"@id":"https:\/\/www.alldayled.com\/de\/produkt\/strands-ize-led-melon-light\/#breadcrumb"},"inLanguage":"de","potentialAction":[{"@type":"ReadAction","target":["https:\/\/www.alldayled.com\/de\/produkt\/strands-ize-led-melon-light\/"]}]},{"@type":"ImageObject","inLanguage":"de","@id":"https:\/\/www.alldayled.com\/de\/produkt\/strands-ize-led-melon-light\/#primaryimage","url":"https:\/\/www.alldayled.com\/wp-content\/uploads\/2025\/12\/ADL903000.png","contentUrl":"https:\/\/www.alldayled.com\/wp-content\/uploads\/2025\/12\/ADL903000.png","width":800,"height":600,"caption":"Strands IZE LED melon light - 6 Farben - 12\/24 Volt - nur 1\u20132,9 Watt - Durchmesser 70mm - f\u00fcr LKW, Wohnmobil, Bus - Rauchgeh\u00e4use"},{"@type":"BreadcrumbList","@id":"https:\/\/www.alldayled.com\/de\/produkt\/strands-ize-led-melon-light\/#breadcrumb","itemListElement":[{"@type":"ListItem","position":1,"name":"Home","item":"https:\/\/www.alldayled.com\/de\/"},{"@type":"ListItem","position":2,"name":"Shop","item":"https:\/\/www.alldayled.com\/de\/shop\/"},{"@type":"ListItem","position":3,"name":"Beleuchtung","item":"https:\/\/www.alldayled.com\/de\/produkt-kategorie\/beleuchtung\/"},{"@type":"ListItem","position":4,"name":"Beleuchtung 12 Volt","item":"https:\/\/www.alldayled.com\/de\/produkt-kategorie\/beleuchtung\/verlichting-12-volt\/"},{"@type":"ListItem","position":5,"name":"Einbauleuchten","item":"https:\/\/www.alldayled.com\/de\/produkt-kategorie\/beleuchtung\/verlichting-12-volt\/inbouw-verlichting-12-volt\/"},{"@type":"ListItem","position":6,"name":"Strands IZE LED melon light"}]},{"@type":"WebSite","@id":"https:\/\/www.alldayled.com\/de\/#website","url":"https:\/\/www.alldayled.com\/de\/","name":"All Day Led","description":"Verlichting voor 12&amp;24 volt gebruik","publisher":{"@id":"https:\/\/www.alldayled.com\/de\/#organization"},"potentialAction":[{"@type":"SearchAction","target":{"@type":"EntryPoint","urlTemplate":"https:\/\/www.alldayled.com\/de\/?s={search_term_string}"},"query-input":{"@type":"PropertyValueSpecification","valueRequired":true,"valueName":"search_term_string"}}],"inLanguage":"de"},{"@type":"Organization","@id":"https:\/\/www.alldayled.com\/de\/#organization","name":"All Day Led","url":"https:\/\/www.alldayled.com\/de\/","logo":{"@type":"ImageObject","inLanguage":"de","@id":"https:\/\/www.alldayled.com\/de\/#\/schema\/logo\/image\/","url":"https:\/\/www.alldayled.com\/wp-content\/uploads\/2025\/10\/Logo-ALL-DAY-LED-800x800-zwart-witte-letters.png","contentUrl":"https:\/\/www.alldayled.com\/wp-content\/uploads\/2025\/10\/Logo-ALL-DAY-LED-800x800-zwart-witte-letters.png","width":800,"height":800,"caption":"All Day Led"},"image":{"@id":"https:\/\/www.alldayled.com\/de\/#\/schema\/logo\/image\/"},"sameAs":["https:\/\/www.facebook.com\/alldayled\/","https:\/\/www.instagram.com\/alldayled\/"],"vatID":"NL863960133B01","taxID":"86416545"}]},"product_brand":"Strands","product_price_amount":"37.95","product_price_currency":"EUR","og_availability":"instock","product_availability":"instock","product_retailer_item_id":"ADL903000","product_condition":"new"},"_links":{"self":[{"href":"https:\/\/www.alldayled.com\/de\/wp-json\/wp\/v2\/product\/68831","targetHints":{"allow":["GET"]}}],"collection":[{"href":"https:\/\/www.alldayled.com\/de\/wp-json\/wp\/v2\/product"}],"about":[{"href":"https:\/\/www.alldayled.com\/de\/wp-json\/wp\/v2\/types\/product"}],"replies":[{"embeddable":true,"href":"https:\/\/www.alldayled.com\/de\/wp-json\/wp\/v2\/comments?post=68831"}],"wp:featuredmedia":[{"embeddable":true,"href":"https:\/\/www.alldayled.com\/de\/wp-json\/wp\/v2\/media\/75705"}],"wp:attachment":[{"href":"https:\/\/www.alldayled.com\/de\/wp-json\/wp\/v2\/media?parent=68831"}],"wp:term":[{"taxonomy":"product_brand","embeddable":true,"href":"https:\/\/www.alldayled.com\/de\/wp-json\/wp\/v2\/product_brand?post=68831"},{"taxonomy":"product_cat","embeddable":true,"href":"https:\/\/www.alldayled.com\/de\/wp-json\/wp\/v2\/product_cat?post=68831"},{"taxonomy":"product_tag","embeddable":true,"href":"https:\/\/www.alldayled.com\/de\/wp-json\/wp\/v2\/product_tag?post=68831"}],"curies":[{"name":"wp","href":"https:\/\/api.w.org\/{rel}","templated":true}]}}