{"id":78821,"date":"2025-12-15T13:30:41","date_gmt":"2025-12-15T12:30:41","guid":{"rendered":"https:\/\/www.alldayled.com\/product\/tralert-4-led-flitser-oranje\/"},"modified":"2026-02-06T08:04:19","modified_gmt":"2026-02-06T07:04:19","slug":"tralert-4-led-flitser-oranje","status":"publish","type":"product","link":"https:\/\/www.alldayled.com\/de\/produkt\/tralert-4-led-flitser-oranje\/","title":{"rendered":"Tralert 4 LED Blitz orange"},"content":{"rendered":"<p><span style=\"color: #000000;\"><strong>Tralert 4 LED Blitz orange, f\u00fcr 12 und 24 Volt. <\/strong><\/span><\/p>\n<p><span style=\"color: #000000;\">Bist du auf der Suche nach einem d\u00fcnnen und leistungsstarken LED-Blitz in Orange? Dann ist der Tralert 4 LED Blitz orange eine ausgezeichnete Wahl. Dank des dunklen Glases und der kompakten Bauweise f\u00e4llt dieser Blitz nicht auf, wenn er ausgeschaltet ist, aber sobald die Beleuchtung aktiv ist. Er verf\u00fcgt \u00fcber 9 Blitzmuster, sodass du immer den richtigen Lichtmodus f\u00fcr deine Situation einstellen kannst. Die 4 hellen LEDs sorgen f\u00fcr maximale Sichtbarkeit, selbst bei schlechtem Wetter oder dunklen Umgebungen. Dieser Blitz funktioniert mit 12 und 24 Volt, sodass du ihn problemlos an Autos, Wohnmobilen, LKWs oder anderen Fahrzeugen montieren kannst. So bist du immer auf klare und auff\u00e4llige Warnbeleuchtung versichert.      <\/span><\/p>\n<p><span style=\"color: #000000;\">Auch in puncto Qualit\u00e4t bist du hier gut aufgehoben. Der Tralert SF-2400A Blitz hat ein Aluminiumgeh\u00e4use und eine Polycarbonatlinse, wodurch er robust, schlagfest und sehr langlebig ist. Die Lampe ist dank IP67 vollst\u00e4ndig staub- und wasserdicht und erf\u00fcllt zudem die ECE R10. Das bedeutet: keine St\u00f6rungen deines Funksignals und vollst\u00e4ndig elektromagnetisch sicher. Das lange Kabel von 200 cm macht die Montage flexibel und einfach. Kurz gesagt: ein professioneller, starker und gut sichtbarer LED-Blitz f\u00fcr alle, die auf Top-Qualit\u00e4t und maximale Sicherheit vertrauen wollen.     <\/span><\/p>\n<h5><span style=\"color: #000000;\"><strong>Abmessungen:<\/strong><\/span><\/h5>\n<p><span style=\"color: #000000;\">M\u00f6chtest du sicherstellen, dass du diesen LED-Blitz an der richtigen Stelle montieren kannst? Sieh dir dann die Ma\u00dfe unten an. So siehst du direkt, ob der flache Tralert 4 LED Blitz orange auf dein Fahrzeug passt.  <\/span><\/p>\n<ul>\n<li><span style=\"color: #000000;\">L\u00e4nge: 104 mm<\/span><\/li>\n<li><span style=\"color: #000000;\">H\u00f6he: 29 mm<\/span><\/li>\n<li><span style=\"color: #000000;\">Dicke: 11 mm<\/span><\/li>\n<\/ul>\n<h5><span style=\"color: #000000;\"><strong>Andere Versionen: <\/strong><\/span><\/h5>\n<p><span style=\"color: #000000;\">M\u00f6chtest du zwar eine Tralert LED-Warnleuchte, aber das 4-LED-Modell ist nicht genau das, was du suchst? Dann solltest du wissen, dass der Tralert LED-Blitz auch in verschiedenen anderen Ausf\u00fchrungen angeboten wird. Nachfolgend findest du die verschiedenen M\u00f6glichkeiten, die Tralert bietet.  <\/span><\/p>\n<ul>\n<li><a href=\"https:\/\/www.alldayled.com\/de\/produkt\/tralert-6-led-flitser-oranje\/\"><span style=\"color: #000000;\"><strong>Tralert 6 LED Blitz orange<\/strong><\/span><\/a><\/li>\n<\/ul>\n<p><span style=\"color: #000000;\">Bist du immer noch nicht \u00fcberzeugt, dass der Tralert SF-2400A Blitz das ist, was du suchst? Vielleicht, weil die Lichtleistung, die Wattzahl oder die Form nicht ganz deinen W\u00fcnschen entspricht? Dann sieh dir hier das komplette Angebot an <a style=\"color: #000000;\" href=\"https:\/\/www.alldayled.com\/de\/produkt-kategorie\/blitzlichter\/flitser\/\">Blitzern<\/a> an. Die Wahrscheinlichkeit ist gro\u00df, dass du hier das Modell findest, das perfekt zu dir passt.   <\/span><\/p>\n","protected":false},"excerpt":{"rendered":"<p>Tralert SF-2000 Serie Blitz orange mit Rauchgeh\u00e4use und 4 LED Punkten.<\/p>\n","protected":false},"featured_media":76079,"comment_status":"open","ping_status":"closed","template":"","meta":{"_acf_changed":false},"product_brand":[6607],"product_cat":[5304],"product_tag":[],"class_list":{"0":"post-78821","1":"product","2":"type-product","3":"status-publish","4":"has-post-thumbnail","6":"product_brand-product-tralert","7":"product_cat-flitser","9":"first","10":"instock","11":"taxable","12":"shipping-taxable","13":"purchasable","14":"product-type-simple"},"acf":[],"yoast_head":"<!-- This site is optimized with the Yoast SEO Premium plugin v26.5 (Yoast SEO v27.1.1) - https:\/\/yoast.com\/product\/yoast-seo-premium-wordpress\/ -->\n<title>Tralert 4 LED Blitz orange - All Day Led - 12&amp;24 volt<\/title>\n<meta name=\"description\" content=\"Tralert SF-2400A Blitz - Warnleuchte mit ECE R65 - mit 2 Meter Kabel - geeignet f\u00fcr 12&amp;24V - Auto, Anh\u00e4nger, LKW und mehr\" \/>\n<meta name=\"robots\" content=\"index, follow, max-snippet:-1, max-image-preview:large, max-video-preview:-1\" \/>\n<link rel=\"canonical\" href=\"https:\/\/www.alldayled.com\/de\/produkt\/tralert-4-led-flitser-oranje\/\" \/>\n<meta property=\"og:locale\" content=\"de_DE\" \/>\n<meta property=\"og:type\" content=\"article\" \/>\n<meta property=\"og:title\" content=\"Tralert 4 LED Blitz orange - All Day Led - 12&amp;24 volt\" \/>\n<meta property=\"og:description\" content=\"Tralert SF-2400A Blitz - Warnleuchte mit ECE R65 - mit 2 Meter Kabel - geeignet f\u00fcr 12&amp;24V - Auto, Anh\u00e4nger, LKW und mehr\" \/>\n<meta property=\"og:url\" content=\"https:\/\/www.alldayled.com\/de\/produkt\/tralert-4-led-flitser-oranje\/\" \/>\n<meta property=\"og:site_name\" content=\"All Day Led\" \/>\n<meta property=\"article:publisher\" content=\"https:\/\/www.facebook.com\/alldayled\/\" \/>\n<meta property=\"article:modified_time\" content=\"2026-02-06T07:04:19+00:00\" \/>\n<meta property=\"og:image\" content=\"https:\/\/www.alldayled.com\/wp-content\/uploads\/2025\/12\/ADL02400A-SM-300x300.png\" \/>\n<meta name=\"twitter:label1\" content=\"Preis\" \/>\n\t<meta name=\"twitter:data1\" content=\"&euro;&nbsp;29,95\" \/>\n\t<meta name=\"twitter:label2\" content=\"Verf\u00fcgbarkeit\" \/>\n\t<meta name=\"twitter:data2\" content=\"Auf Lager\" \/>\n<script type=\"application\/ld+json\" class=\"yoast-schema-graph\">{\"@context\":\"https:\/\/schema.org\",\"@graph\":[{\"@type\":\"WebPage\",\"@id\":\"https:\/\/www.alldayled.com\/de\/produkt\/tralert-4-led-flitser-oranje\/\",\"url\":\"https:\/\/www.alldayled.com\/de\/produkt\/tralert-4-led-flitser-oranje\/\",\"name\":\"Tralert 4 LED Blitz orange - All Day Led - 12&24 volt\",\"isPartOf\":{\"@id\":\"https:\/\/www.alldayled.com\/de\/#website\"},\"primaryImageOfPage\":{\"@id\":\"https:\/\/www.alldayled.com\/de\/produkt\/tralert-4-led-flitser-oranje\/#primaryimage\"},\"image\":{\"@id\":\"https:\/\/www.alldayled.com\/de\/produkt\/tralert-4-led-flitser-oranje\/#primaryimage\"},\"thumbnailUrl\":\"https:\/\/www.alldayled.com\/wp-content\/uploads\/2025\/12\/ADL02400A.png\",\"datePublished\":\"2025-12-15T12:30:41+00:00\",\"dateModified\":\"2026-02-06T07:04:19+00:00\",\"description\":\"Tralert SF-2400A Blitz - Warnleuchte mit ECE R65 - mit 2 Meter Kabel - geeignet f\u00fcr 12&24V - Auto, Anh\u00e4nger, LKW und mehr\",\"breadcrumb\":{\"@id\":\"https:\/\/www.alldayled.com\/de\/produkt\/tralert-4-led-flitser-oranje\/#breadcrumb\"},\"inLanguage\":\"de\",\"potentialAction\":[{\"@type\":\"ReadAction\",\"target\":[\"https:\/\/www.alldayled.com\/de\/produkt\/tralert-4-led-flitser-oranje\/\"]}]},{\"@type\":\"ImageObject\",\"inLanguage\":\"de\",\"@id\":\"https:\/\/www.alldayled.com\/de\/produkt\/tralert-4-led-flitser-oranje\/#primaryimage\",\"url\":\"https:\/\/www.alldayled.com\/wp-content\/uploads\/2025\/12\/ADL02400A.png\",\"contentUrl\":\"https:\/\/www.alldayled.com\/wp-content\/uploads\/2025\/12\/ADL02400A.png\",\"width\":800,\"height\":600,\"caption\":\"Tralert SF-2400A Blitz - Warnleuchte mit ECE R65 - mit 2 Meter Kabel - geeignet f\u00fcr 12&amp;24V - IP67 - ECE R65 - 9 Blitzmuster\"},{\"@type\":\"BreadcrumbList\",\"@id\":\"https:\/\/www.alldayled.com\/de\/produkt\/tralert-4-led-flitser-oranje\/#breadcrumb\",\"itemListElement\":[{\"@type\":\"ListItem\",\"position\":1,\"name\":\"Home\",\"item\":\"https:\/\/www.alldayled.com\/de\/\"},{\"@type\":\"ListItem\",\"position\":2,\"name\":\"Shop\",\"item\":\"https:\/\/www.alldayled.com\/de\/shop\/\"},{\"@type\":\"ListItem\",\"position\":3,\"name\":\"Warnleuchten\",\"item\":\"https:\/\/www.alldayled.com\/de\/produkt-kategorie\/blitzlichter\/\"},{\"@type\":\"ListItem\",\"position\":4,\"name\":\"Blitzer\",\"item\":\"https:\/\/www.alldayled.com\/de\/produkt-kategorie\/blitzlichter\/flitser\/\"},{\"@type\":\"ListItem\",\"position\":5,\"name\":\"Tralert 4 LED Blitz orange\"}]},{\"@type\":\"WebSite\",\"@id\":\"https:\/\/www.alldayled.com\/de\/#website\",\"url\":\"https:\/\/www.alldayled.com\/de\/\",\"name\":\"All Day Led\",\"description\":\"Verlichting voor 12&amp;24 volt gebruik\",\"publisher\":{\"@id\":\"https:\/\/www.alldayled.com\/de\/#organization\"},\"potentialAction\":[{\"@type\":\"SearchAction\",\"target\":{\"@type\":\"EntryPoint\",\"urlTemplate\":\"https:\/\/www.alldayled.com\/de\/?s={search_term_string}\"},\"query-input\":{\"@type\":\"PropertyValueSpecification\",\"valueRequired\":true,\"valueName\":\"search_term_string\"}}],\"inLanguage\":\"de\"},{\"@type\":\"Organization\",\"@id\":\"https:\/\/www.alldayled.com\/de\/#organization\",\"name\":\"All Day Led\",\"url\":\"https:\/\/www.alldayled.com\/de\/\",\"logo\":{\"@type\":\"ImageObject\",\"inLanguage\":\"de\",\"@id\":\"https:\/\/www.alldayled.com\/de\/#\/schema\/logo\/image\/\",\"url\":\"https:\/\/www.alldayled.com\/wp-content\/uploads\/2025\/10\/Logo-ALL-DAY-LED-800x800-zwart-witte-letters.png\",\"contentUrl\":\"https:\/\/www.alldayled.com\/wp-content\/uploads\/2025\/10\/Logo-ALL-DAY-LED-800x800-zwart-witte-letters.png\",\"width\":800,\"height\":800,\"caption\":\"All Day Led\"},\"image\":{\"@id\":\"https:\/\/www.alldayled.com\/de\/#\/schema\/logo\/image\/\"},\"sameAs\":[\"https:\/\/www.facebook.com\/alldayled\/\",\"https:\/\/www.instagram.com\/alldayled\/\"],\"vatID\":\"NL863960133B01\",\"taxID\":\"86416545\"}]}<\/script>\n<meta property=\"product:brand\" content=\"Tralert \u00ae\" \/>\n<meta property=\"product:price:amount\" content=\"29.95\" \/>\n<meta property=\"product:price:currency\" content=\"EUR\" \/>\n<meta property=\"og:availability\" content=\"instock\" \/>\n<meta property=\"product:availability\" content=\"instock\" \/>\n<meta property=\"product:retailer_item_id\" content=\"ADL02400A\" \/>\n<meta property=\"product:condition\" content=\"new\" \/>\n<!-- \/ Yoast SEO Premium plugin. -->","yoast_head_json":{"title":"Tralert 4 LED Blitz orange - All Day Led - 12&24 volt","description":"Tralert SF-2400A Blitz - Warnleuchte mit ECE R65 - mit 2 Meter Kabel - geeignet f\u00fcr 12&24V - Auto, Anh\u00e4nger, LKW und mehr","robots":{"index":"index","follow":"follow","max-snippet":"max-snippet:-1","max-image-preview":"max-image-preview:large","max-video-preview":"max-video-preview:-1"},"canonical":"https:\/\/www.alldayled.com\/de\/produkt\/tralert-4-led-flitser-oranje\/","og_locale":"de_DE","og_type":"article","og_title":"Tralert 4 LED Blitz orange - All Day Led - 12&24 volt","og_description":"Tralert SF-2400A Blitz - Warnleuchte mit ECE R65 - mit 2 Meter Kabel - geeignet f\u00fcr 12&24V - Auto, Anh\u00e4nger, LKW und mehr","og_url":"https:\/\/www.alldayled.com\/de\/produkt\/tralert-4-led-flitser-oranje\/","og_site_name":"All Day Led","article_publisher":"https:\/\/www.facebook.com\/alldayled\/","article_modified_time":"2026-02-06T07:04:19+00:00","og_image":[{"url":"https:\/\/www.alldayled.com\/wp-content\/uploads\/2025\/12\/ADL02400A-SM-300x300.png","type":"","width":"","height":""}],"twitter_misc":{"Preis":"&euro;&nbsp;29,95","Verf\u00fcgbarkeit":"Auf Lager"},"schema":{"@context":"https:\/\/schema.org","@graph":[{"@type":"WebPage","@id":"https:\/\/www.alldayled.com\/de\/produkt\/tralert-4-led-flitser-oranje\/","url":"https:\/\/www.alldayled.com\/de\/produkt\/tralert-4-led-flitser-oranje\/","name":"Tralert 4 LED Blitz orange - All Day Led - 12&24 volt","isPartOf":{"@id":"https:\/\/www.alldayled.com\/de\/#website"},"primaryImageOfPage":{"@id":"https:\/\/www.alldayled.com\/de\/produkt\/tralert-4-led-flitser-oranje\/#primaryimage"},"image":{"@id":"https:\/\/www.alldayled.com\/de\/produkt\/tralert-4-led-flitser-oranje\/#primaryimage"},"thumbnailUrl":"https:\/\/www.alldayled.com\/wp-content\/uploads\/2025\/12\/ADL02400A.png","datePublished":"2025-12-15T12:30:41+00:00","dateModified":"2026-02-06T07:04:19+00:00","description":"Tralert SF-2400A Blitz - Warnleuchte mit ECE R65 - mit 2 Meter Kabel - geeignet f\u00fcr 12&24V - Auto, Anh\u00e4nger, LKW und mehr","breadcrumb":{"@id":"https:\/\/www.alldayled.com\/de\/produkt\/tralert-4-led-flitser-oranje\/#breadcrumb"},"inLanguage":"de","potentialAction":[{"@type":"ReadAction","target":["https:\/\/www.alldayled.com\/de\/produkt\/tralert-4-led-flitser-oranje\/"]}]},{"@type":"ImageObject","inLanguage":"de","@id":"https:\/\/www.alldayled.com\/de\/produkt\/tralert-4-led-flitser-oranje\/#primaryimage","url":"https:\/\/www.alldayled.com\/wp-content\/uploads\/2025\/12\/ADL02400A.png","contentUrl":"https:\/\/www.alldayled.com\/wp-content\/uploads\/2025\/12\/ADL02400A.png","width":800,"height":600,"caption":"Tralert SF-2400A Blitz - Warnleuchte mit ECE R65 - mit 2 Meter Kabel - geeignet f\u00fcr 12&amp;24V - IP67 - ECE R65 - 9 Blitzmuster"},{"@type":"BreadcrumbList","@id":"https:\/\/www.alldayled.com\/de\/produkt\/tralert-4-led-flitser-oranje\/#breadcrumb","itemListElement":[{"@type":"ListItem","position":1,"name":"Home","item":"https:\/\/www.alldayled.com\/de\/"},{"@type":"ListItem","position":2,"name":"Shop","item":"https:\/\/www.alldayled.com\/de\/shop\/"},{"@type":"ListItem","position":3,"name":"Warnleuchten","item":"https:\/\/www.alldayled.com\/de\/produkt-kategorie\/blitzlichter\/"},{"@type":"ListItem","position":4,"name":"Blitzer","item":"https:\/\/www.alldayled.com\/de\/produkt-kategorie\/blitzlichter\/flitser\/"},{"@type":"ListItem","position":5,"name":"Tralert 4 LED Blitz orange"}]},{"@type":"WebSite","@id":"https:\/\/www.alldayled.com\/de\/#website","url":"https:\/\/www.alldayled.com\/de\/","name":"All Day Led","description":"Verlichting voor 12&amp;24 volt gebruik","publisher":{"@id":"https:\/\/www.alldayled.com\/de\/#organization"},"potentialAction":[{"@type":"SearchAction","target":{"@type":"EntryPoint","urlTemplate":"https:\/\/www.alldayled.com\/de\/?s={search_term_string}"},"query-input":{"@type":"PropertyValueSpecification","valueRequired":true,"valueName":"search_term_string"}}],"inLanguage":"de"},{"@type":"Organization","@id":"https:\/\/www.alldayled.com\/de\/#organization","name":"All Day Led","url":"https:\/\/www.alldayled.com\/de\/","logo":{"@type":"ImageObject","inLanguage":"de","@id":"https:\/\/www.alldayled.com\/de\/#\/schema\/logo\/image\/","url":"https:\/\/www.alldayled.com\/wp-content\/uploads\/2025\/10\/Logo-ALL-DAY-LED-800x800-zwart-witte-letters.png","contentUrl":"https:\/\/www.alldayled.com\/wp-content\/uploads\/2025\/10\/Logo-ALL-DAY-LED-800x800-zwart-witte-letters.png","width":800,"height":800,"caption":"All Day Led"},"image":{"@id":"https:\/\/www.alldayled.com\/de\/#\/schema\/logo\/image\/"},"sameAs":["https:\/\/www.facebook.com\/alldayled\/","https:\/\/www.instagram.com\/alldayled\/"],"vatID":"NL863960133B01","taxID":"86416545"}]},"product_brand":"Tralert \u00ae","product_price_amount":"29.95","product_price_currency":"EUR","og_availability":"instock","product_availability":"instock","product_retailer_item_id":"ADL02400A","product_condition":"new"},"_links":{"self":[{"href":"https:\/\/www.alldayled.com\/de\/wp-json\/wp\/v2\/product\/78821","targetHints":{"allow":["GET"]}}],"collection":[{"href":"https:\/\/www.alldayled.com\/de\/wp-json\/wp\/v2\/product"}],"about":[{"href":"https:\/\/www.alldayled.com\/de\/wp-json\/wp\/v2\/types\/product"}],"replies":[{"embeddable":true,"href":"https:\/\/www.alldayled.com\/de\/wp-json\/wp\/v2\/comments?post=78821"}],"wp:featuredmedia":[{"embeddable":true,"href":"https:\/\/www.alldayled.com\/de\/wp-json\/wp\/v2\/media\/76079"}],"wp:attachment":[{"href":"https:\/\/www.alldayled.com\/de\/wp-json\/wp\/v2\/media?parent=78821"}],"wp:term":[{"taxonomy":"product_brand","embeddable":true,"href":"https:\/\/www.alldayled.com\/de\/wp-json\/wp\/v2\/product_brand?post=78821"},{"taxonomy":"product_cat","embeddable":true,"href":"https:\/\/www.alldayled.com\/de\/wp-json\/wp\/v2\/product_cat?post=78821"},{"taxonomy":"product_tag","embeddable":true,"href":"https:\/\/www.alldayled.com\/de\/wp-json\/wp\/v2\/product_tag?post=78821"}],"curies":[{"name":"wp","href":"https:\/\/api.w.org\/{rel}","templated":true}]}}