{"id":78989,"date":"2025-12-25T15:04:14","date_gmt":"2025-12-25T14:04:14","guid":{"rendered":"https:\/\/www.alldayled.com\/product\/m-led-bedieningspaneel-4-knops\/"},"modified":"2025-12-18T15:04:14","modified_gmt":"2025-12-18T14:04:14","slug":"m-led-bedieningspaneel-4-knops","status":"publish","type":"product","link":"https:\/\/www.alldayled.com\/de\/produkt\/m-led-bedieningspaneel-4-knops\/","title":{"rendered":"M-LED Bedienpanel 4-fach"},"content":{"rendered":"<p><span style=\"color: #000000;\"><strong>M-LED Bedienpanel 4-fach mit Power Unit, f\u00fcr 12 und 24 Volt.<\/strong><\/span><\/p>\n<p><span style=\"color: #000000;\">M\u00f6chtest du die volle Kontrolle \u00fcber alle deine Beleuchtung und Zubeh\u00f6r in deinem Fahrzeug haben? Mit dem M-LED Bedienpanel 4-fach wird das Wirklichkeit. Dieses Dashboard-Panel hat vier Tasten, die jeweils als Ein\/Aus-Schalter, Impulsschalter oder Stroboskop-Schalter eingestellt werden k\u00f6nnen. Die Tasten leuchten automatisch passend zur Umgebung, sodass du immer deutlich siehst, welche Funktion aktiv ist. Du erh\u00e4ltst 78 Aufkleber mit verschiedenen Symbolen und 2 ohne Symbole, sodass du das Panel vollst\u00e4ndig nach deinen W\u00fcnschen anpassen kannst. Au\u00dferdem ist das Bedienpanel mit RGB-Beleuchtung ausgestattet, wodurch die Farbe einfach auf deinen pers\u00f6nlichen Geschmack eingestellt werden kann. Dank der mitgelieferten Montagehalterung kannst du das Panel sauber und fest in deiner Kabine oder deinem Armaturenbrett platzieren, sodass alles \u00fcbersichtlich und schnell zug\u00e4nglich bleibt.      <\/span><\/p>\n<p><span style=\"color: #000000;\">Dar\u00fcber hinaus wird der Dashboard-Controller 4 Kan\u00e4le mit einer leistungsstarken Power Unit geliefert. Diese enth\u00e4lt Relais und Sicherungen f\u00fcr alle vier Anschl\u00fcsse: 1x 5A, 1x 10A, 1x 20A und 1x 30A, inklusive Sicherungen. Der mitgelieferte Automat regelt sicher einen maximalen Eingangsstrom von 60 A, w\u00e4hrend das Panel einen maximalen Ausgangsstrom von 600 W bei 12 V und 1200 W bei 24 V bietet. Ein 2,5 Meter langes Kabel verbindet das Panel mit der Power Unit, sodass du die Installation flexibel platzieren kannst. Dar\u00fcber hinaus sch\u00fctzt die Power Unit vor \u00dcberspannung, \u00dcberstrom, Verpolung und \u00dcberhitzung. Kurz gesagt, mit diesem Bedienpanel bedienst du alle deine Beleuchtung und Zubeh\u00f6r auf sichere, effiziente und \u00fcbersichtliche Weise.     <\/span><\/p>\n<h5><span style=\"color: #000000;\"><strong>Abmessungen:<\/strong><\/span><\/h5>\n<p><span style=\"color: #000000;\">Um sicherzustellen, dass du das M-LED Bedienpanel 4-fach einfach montieren kannst, haben wir nachfolgend auch die Abmessungen des Empf\u00e4ngers f\u00fcr dich aufgelistet. So wei\u00dft du genau, wie viel Platz du ben\u00f6tigst und wo du ihn am besten platzieren kannst. <\/span><\/p>\n<ul>\n<li><span style=\"color: #000000;\">H\u00f6he: 102 mm <\/span><\/li>\n<li><span style=\"color: #000000;\">Breite: 125 mm<\/span><\/li>\n<li><span style=\"color: #000000;\">Dicke: 35 mm<\/span><\/li>\n<\/ul>\n<h5><span style=\"color: #000000;\"><strong>Andere Modelle:<\/strong><\/span><\/h5>\n<p><span style=\"color: #000000;\">Ben\u00f6tigst du mehr Tasten oder m\u00f6chtest du lieber eine erweiterte Version? Dann ist auch eine praktische 8-Tasten-Variante verf\u00fcgbar. Sieh dir unten die Variante mit 8 Tasten an, die perfekt mit den gleichen Lampen und Funktionen zusammenarbeitet.  <\/span><\/p>\n<ul>\n<li><a href=\"https:\/\/www.alldayled.com\/nl\/product\/m-led-bedieningspaneel-8-knops\/\"><span style=\"color: #000000;\"><strong>M-LED Bedienpanel 8-fach<\/strong><\/span><\/a><\/li>\n<\/ul>\n<p><span style=\"color: #000000;\">Bist du noch nicht ganz davon \u00fcberzeugt, dass der M-LED Dashboard-Controller mit 4 Kan\u00e4len das richtige Modell f\u00fcr dich ist? Vielleicht, weil du andere Funktionen oder Anschlussm\u00f6glichkeiten suchst. Sieh dir dann unser komplettes Sortiment an <a style=\"color: #000000;\" href=\"https:\/\/www.alldayled.com\/de\/produkt-kategorie\/andere-produkte\/fittingen-en-kabels\/\">Zubeh\u00f6r und Anschlussmaterial<\/a> an, vielleicht findest du hier genau das, was du brauchst.  <\/span><\/p>\n","protected":false},"excerpt":{"rendered":"<p>M-LED Bedienpanel 4-fach mit Power Unit f\u00fcr 12 und 24 Volt.<\/p>\n","protected":false},"featured_media":77118,"comment_status":"open","ping_status":"closed","template":"","meta":{"_acf_changed":false},"product_brand":[6499],"product_cat":[5330],"product_tag":[],"class_list":{"0":"post-78989","1":"product","2":"type-product","3":"status-publish","4":"has-post-thumbnail","6":"product_brand-product-m-led","7":"product_cat-fittingen-en-kabels","9":"first","10":"instock","11":"taxable","12":"shipping-taxable","13":"purchasable","14":"product-type-simple"},"acf":[],"yoast_head":"<!-- This site is optimized with the Yoast SEO Premium plugin v26.5 (Yoast SEO v27.1.1) - https:\/\/yoast.com\/product\/yoast-seo-premium-wordpress\/ -->\n<title>M-LED Bedienpanel 4-fach - All Day Led - f\u00fcr 12&amp;24V Betrieb<\/title>\n<meta name=\"description\" content=\"M-LED Bedienpanel 4-fach - f\u00fcr Auto, LKW, Wohnmobil, Traktor und mehr - 12 &amp; 24 Volt - 80 Beschriftungsaufkleber - Dashboard-Controller 4 Kan\u00e4le\" \/>\n<meta name=\"robots\" content=\"index, follow, max-snippet:-1, max-image-preview:large, max-video-preview:-1\" \/>\n<link rel=\"canonical\" href=\"https:\/\/www.alldayled.com\/de\/produkt\/m-led-bedieningspaneel-4-knops\/\" \/>\n<meta property=\"og:locale\" content=\"de_DE\" \/>\n<meta property=\"og:type\" content=\"article\" \/>\n<meta property=\"og:title\" content=\"M-LED Bedienpanel 4-fach - All Day Led - f\u00fcr 12&amp;24V Betrieb\" \/>\n<meta property=\"og:description\" content=\"M-LED Bedienpanel 4-fach - f\u00fcr Auto, LKW, Wohnmobil, Traktor und mehr - 12 &amp; 24 Volt - 80 Beschriftungsaufkleber - Dashboard-Controller 4 Kan\u00e4le\" \/>\n<meta property=\"og:url\" content=\"https:\/\/www.alldayled.com\/de\/produkt\/m-led-bedieningspaneel-4-knops\/\" \/>\n<meta property=\"og:site_name\" content=\"All Day Led\" \/>\n<meta property=\"article:publisher\" content=\"https:\/\/www.facebook.com\/alldayled\/\" \/>\n<meta property=\"og:image\" content=\"https:\/\/www.alldayled.com\/wp-content\/uploads\/2025\/12\/ADL20845-SM-300x300.png\" \/>\n<meta name=\"twitter:label1\" content=\"Preis\" \/>\n\t<meta name=\"twitter:data1\" content=\"&euro;&nbsp;124,95\" \/>\n\t<meta name=\"twitter:label2\" content=\"Verf\u00fcgbarkeit\" \/>\n\t<meta name=\"twitter:data2\" content=\"Auf Lager\" \/>\n<script type=\"application\/ld+json\" class=\"yoast-schema-graph\">{\"@context\":\"https:\/\/schema.org\",\"@graph\":[{\"@type\":\"WebPage\",\"@id\":\"https:\/\/www.alldayled.com\/de\/produkt\/m-led-bedieningspaneel-4-knops\/\",\"url\":\"https:\/\/www.alldayled.com\/de\/produkt\/m-led-bedieningspaneel-4-knops\/\",\"name\":\"M-LED Bedienpanel 4-fach - All Day Led - f\u00fcr 12&24V Betrieb\",\"isPartOf\":{\"@id\":\"https:\/\/www.alldayled.com\/de\/#website\"},\"primaryImageOfPage\":{\"@id\":\"https:\/\/www.alldayled.com\/de\/produkt\/m-led-bedieningspaneel-4-knops\/#primaryimage\"},\"image\":{\"@id\":\"https:\/\/www.alldayled.com\/de\/produkt\/m-led-bedieningspaneel-4-knops\/#primaryimage\"},\"thumbnailUrl\":\"https:\/\/www.alldayled.com\/wp-content\/uploads\/2025\/12\/ADL20845-0.png\",\"datePublished\":\"2025-12-25T14:04:14+00:00\",\"description\":\"M-LED Bedienpanel 4-fach - f\u00fcr Auto, LKW, Wohnmobil, Traktor und mehr - 12 & 24 Volt - 80 Beschriftungsaufkleber - Dashboard-Controller 4 Kan\u00e4le\",\"breadcrumb\":{\"@id\":\"https:\/\/www.alldayled.com\/de\/produkt\/m-led-bedieningspaneel-4-knops\/#breadcrumb\"},\"inLanguage\":\"de\",\"potentialAction\":[{\"@type\":\"ReadAction\",\"target\":[\"https:\/\/www.alldayled.com\/de\/produkt\/m-led-bedieningspaneel-4-knops\/\"]}]},{\"@type\":\"ImageObject\",\"inLanguage\":\"de\",\"@id\":\"https:\/\/www.alldayled.com\/de\/produkt\/m-led-bedieningspaneel-4-knops\/#primaryimage\",\"url\":\"https:\/\/www.alldayled.com\/wp-content\/uploads\/2025\/12\/ADL20845-0.png\",\"contentUrl\":\"https:\/\/www.alldayled.com\/wp-content\/uploads\/2025\/12\/ADL20845-0.png\",\"width\":800,\"height\":600,\"caption\":\"M-LED Bedienpanel 4-fach - AM845 - RGB beleuchtetes Panel - 12 &amp; 24 Volt - 80 Beschriftungsaufkleber - 600W und 1200W - 2,5 Meter Kabel\"},{\"@type\":\"BreadcrumbList\",\"@id\":\"https:\/\/www.alldayled.com\/de\/produkt\/m-led-bedieningspaneel-4-knops\/#breadcrumb\",\"itemListElement\":[{\"@type\":\"ListItem\",\"position\":1,\"name\":\"Home\",\"item\":\"https:\/\/www.alldayled.com\/de\/\"},{\"@type\":\"ListItem\",\"position\":2,\"name\":\"Shop\",\"item\":\"https:\/\/www.alldayled.com\/de\/shop\/\"},{\"@type\":\"ListItem\",\"position\":3,\"name\":\"Andere\",\"item\":\"https:\/\/www.alldayled.com\/de\/produkt-kategorie\/andere-produkte\/\"},{\"@type\":\"ListItem\",\"position\":4,\"name\":\"Armaturen und Kabel\",\"item\":\"https:\/\/www.alldayled.com\/de\/produkt-kategorie\/andere-produkte\/fittingen-en-kabels\/\"},{\"@type\":\"ListItem\",\"position\":5,\"name\":\"M-LED Bedienpanel 4-fach\"}]},{\"@type\":\"WebSite\",\"@id\":\"https:\/\/www.alldayled.com\/de\/#website\",\"url\":\"https:\/\/www.alldayled.com\/de\/\",\"name\":\"All Day Led\",\"description\":\"Verlichting voor 12&amp;24 volt gebruik\",\"publisher\":{\"@id\":\"https:\/\/www.alldayled.com\/de\/#organization\"},\"potentialAction\":[{\"@type\":\"SearchAction\",\"target\":{\"@type\":\"EntryPoint\",\"urlTemplate\":\"https:\/\/www.alldayled.com\/de\/?s={search_term_string}\"},\"query-input\":{\"@type\":\"PropertyValueSpecification\",\"valueRequired\":true,\"valueName\":\"search_term_string\"}}],\"inLanguage\":\"de\"},{\"@type\":\"Organization\",\"@id\":\"https:\/\/www.alldayled.com\/de\/#organization\",\"name\":\"All Day Led\",\"url\":\"https:\/\/www.alldayled.com\/de\/\",\"logo\":{\"@type\":\"ImageObject\",\"inLanguage\":\"de\",\"@id\":\"https:\/\/www.alldayled.com\/de\/#\/schema\/logo\/image\/\",\"url\":\"https:\/\/www.alldayled.com\/wp-content\/uploads\/2025\/10\/Logo-ALL-DAY-LED-800x800-zwart-witte-letters.png\",\"contentUrl\":\"https:\/\/www.alldayled.com\/wp-content\/uploads\/2025\/10\/Logo-ALL-DAY-LED-800x800-zwart-witte-letters.png\",\"width\":800,\"height\":800,\"caption\":\"All Day Led\"},\"image\":{\"@id\":\"https:\/\/www.alldayled.com\/de\/#\/schema\/logo\/image\/\"},\"sameAs\":[\"https:\/\/www.facebook.com\/alldayled\/\",\"https:\/\/www.instagram.com\/alldayled\/\"],\"vatID\":\"NL863960133B01\",\"taxID\":\"86416545\"}]}<\/script>\n<meta property=\"product:brand\" content=\"M-LED\" \/>\n<meta property=\"product:price:amount\" content=\"124.95\" \/>\n<meta property=\"product:price:currency\" content=\"EUR\" \/>\n<meta property=\"og:availability\" content=\"instock\" \/>\n<meta property=\"product:availability\" content=\"instock\" \/>\n<meta property=\"product:retailer_item_id\" content=\"ADL20845\" \/>\n<meta property=\"product:condition\" content=\"new\" \/>\n<!-- \/ Yoast SEO Premium plugin. -->","yoast_head_json":{"title":"M-LED Bedienpanel 4-fach - All Day Led - f\u00fcr 12&24V Betrieb","description":"M-LED Bedienpanel 4-fach - f\u00fcr Auto, LKW, Wohnmobil, Traktor und mehr - 12 & 24 Volt - 80 Beschriftungsaufkleber - Dashboard-Controller 4 Kan\u00e4le","robots":{"index":"index","follow":"follow","max-snippet":"max-snippet:-1","max-image-preview":"max-image-preview:large","max-video-preview":"max-video-preview:-1"},"canonical":"https:\/\/www.alldayled.com\/de\/produkt\/m-led-bedieningspaneel-4-knops\/","og_locale":"de_DE","og_type":"article","og_title":"M-LED Bedienpanel 4-fach - All Day Led - f\u00fcr 12&24V Betrieb","og_description":"M-LED Bedienpanel 4-fach - f\u00fcr Auto, LKW, Wohnmobil, Traktor und mehr - 12 & 24 Volt - 80 Beschriftungsaufkleber - Dashboard-Controller 4 Kan\u00e4le","og_url":"https:\/\/www.alldayled.com\/de\/produkt\/m-led-bedieningspaneel-4-knops\/","og_site_name":"All Day Led","article_publisher":"https:\/\/www.facebook.com\/alldayled\/","og_image":[{"url":"https:\/\/www.alldayled.com\/wp-content\/uploads\/2025\/12\/ADL20845-SM-300x300.png","type":"","width":"","height":""}],"twitter_misc":{"Preis":"&euro;&nbsp;124,95","Verf\u00fcgbarkeit":"Auf Lager"},"schema":{"@context":"https:\/\/schema.org","@graph":[{"@type":"WebPage","@id":"https:\/\/www.alldayled.com\/de\/produkt\/m-led-bedieningspaneel-4-knops\/","url":"https:\/\/www.alldayled.com\/de\/produkt\/m-led-bedieningspaneel-4-knops\/","name":"M-LED Bedienpanel 4-fach - All Day Led - f\u00fcr 12&24V Betrieb","isPartOf":{"@id":"https:\/\/www.alldayled.com\/de\/#website"},"primaryImageOfPage":{"@id":"https:\/\/www.alldayled.com\/de\/produkt\/m-led-bedieningspaneel-4-knops\/#primaryimage"},"image":{"@id":"https:\/\/www.alldayled.com\/de\/produkt\/m-led-bedieningspaneel-4-knops\/#primaryimage"},"thumbnailUrl":"https:\/\/www.alldayled.com\/wp-content\/uploads\/2025\/12\/ADL20845-0.png","datePublished":"2025-12-25T14:04:14+00:00","description":"M-LED Bedienpanel 4-fach - f\u00fcr Auto, LKW, Wohnmobil, Traktor und mehr - 12 & 24 Volt - 80 Beschriftungsaufkleber - Dashboard-Controller 4 Kan\u00e4le","breadcrumb":{"@id":"https:\/\/www.alldayled.com\/de\/produkt\/m-led-bedieningspaneel-4-knops\/#breadcrumb"},"inLanguage":"de","potentialAction":[{"@type":"ReadAction","target":["https:\/\/www.alldayled.com\/de\/produkt\/m-led-bedieningspaneel-4-knops\/"]}]},{"@type":"ImageObject","inLanguage":"de","@id":"https:\/\/www.alldayled.com\/de\/produkt\/m-led-bedieningspaneel-4-knops\/#primaryimage","url":"https:\/\/www.alldayled.com\/wp-content\/uploads\/2025\/12\/ADL20845-0.png","contentUrl":"https:\/\/www.alldayled.com\/wp-content\/uploads\/2025\/12\/ADL20845-0.png","width":800,"height":600,"caption":"M-LED Bedienpanel 4-fach - AM845 - RGB beleuchtetes Panel - 12 &amp; 24 Volt - 80 Beschriftungsaufkleber - 600W und 1200W - 2,5 Meter Kabel"},{"@type":"BreadcrumbList","@id":"https:\/\/www.alldayled.com\/de\/produkt\/m-led-bedieningspaneel-4-knops\/#breadcrumb","itemListElement":[{"@type":"ListItem","position":1,"name":"Home","item":"https:\/\/www.alldayled.com\/de\/"},{"@type":"ListItem","position":2,"name":"Shop","item":"https:\/\/www.alldayled.com\/de\/shop\/"},{"@type":"ListItem","position":3,"name":"Andere","item":"https:\/\/www.alldayled.com\/de\/produkt-kategorie\/andere-produkte\/"},{"@type":"ListItem","position":4,"name":"Armaturen und Kabel","item":"https:\/\/www.alldayled.com\/de\/produkt-kategorie\/andere-produkte\/fittingen-en-kabels\/"},{"@type":"ListItem","position":5,"name":"M-LED Bedienpanel 4-fach"}]},{"@type":"WebSite","@id":"https:\/\/www.alldayled.com\/de\/#website","url":"https:\/\/www.alldayled.com\/de\/","name":"All Day Led","description":"Verlichting voor 12&amp;24 volt gebruik","publisher":{"@id":"https:\/\/www.alldayled.com\/de\/#organization"},"potentialAction":[{"@type":"SearchAction","target":{"@type":"EntryPoint","urlTemplate":"https:\/\/www.alldayled.com\/de\/?s={search_term_string}"},"query-input":{"@type":"PropertyValueSpecification","valueRequired":true,"valueName":"search_term_string"}}],"inLanguage":"de"},{"@type":"Organization","@id":"https:\/\/www.alldayled.com\/de\/#organization","name":"All Day Led","url":"https:\/\/www.alldayled.com\/de\/","logo":{"@type":"ImageObject","inLanguage":"de","@id":"https:\/\/www.alldayled.com\/de\/#\/schema\/logo\/image\/","url":"https:\/\/www.alldayled.com\/wp-content\/uploads\/2025\/10\/Logo-ALL-DAY-LED-800x800-zwart-witte-letters.png","contentUrl":"https:\/\/www.alldayled.com\/wp-content\/uploads\/2025\/10\/Logo-ALL-DAY-LED-800x800-zwart-witte-letters.png","width":800,"height":800,"caption":"All Day Led"},"image":{"@id":"https:\/\/www.alldayled.com\/de\/#\/schema\/logo\/image\/"},"sameAs":["https:\/\/www.facebook.com\/alldayled\/","https:\/\/www.instagram.com\/alldayled\/"],"vatID":"NL863960133B01","taxID":"86416545"}]},"product_brand":"M-LED","product_price_amount":"124.95","product_price_currency":"EUR","og_availability":"instock","product_availability":"instock","product_retailer_item_id":"ADL20845","product_condition":"new"},"_links":{"self":[{"href":"https:\/\/www.alldayled.com\/de\/wp-json\/wp\/v2\/product\/78989","targetHints":{"allow":["GET"]}}],"collection":[{"href":"https:\/\/www.alldayled.com\/de\/wp-json\/wp\/v2\/product"}],"about":[{"href":"https:\/\/www.alldayled.com\/de\/wp-json\/wp\/v2\/types\/product"}],"replies":[{"embeddable":true,"href":"https:\/\/www.alldayled.com\/de\/wp-json\/wp\/v2\/comments?post=78989"}],"wp:featuredmedia":[{"embeddable":true,"href":"https:\/\/www.alldayled.com\/de\/wp-json\/wp\/v2\/media\/77118"}],"wp:attachment":[{"href":"https:\/\/www.alldayled.com\/de\/wp-json\/wp\/v2\/media?parent=78989"}],"wp:term":[{"taxonomy":"product_brand","embeddable":true,"href":"https:\/\/www.alldayled.com\/de\/wp-json\/wp\/v2\/product_brand?post=78989"},{"taxonomy":"product_cat","embeddable":true,"href":"https:\/\/www.alldayled.com\/de\/wp-json\/wp\/v2\/product_cat?post=78989"},{"taxonomy":"product_tag","embeddable":true,"href":"https:\/\/www.alldayled.com\/de\/wp-json\/wp\/v2\/product_tag?post=78989"}],"curies":[{"name":"wp","href":"https:\/\/api.w.org\/{rel}","templated":true}]}}