{"id":79140,"date":"2026-01-19T15:53:09","date_gmt":"2026-01-19T14:53:09","guid":{"rendered":"https:\/\/www.alldayled.com\/?post_type=product&#038;p=79140"},"modified":"2026-04-27T23:09:09","modified_gmt":"2026-04-27T21:09:09","slug":"strands-ize-led-lighthouse-zwaailamp-oranje","status":"publish","type":"product","link":"https:\/\/www.alldayled.com\/de\/produkt\/strands-ize-led-lighthouse-zwaailamp-oranje\/","title":{"rendered":"Strands IZE LED Lighthouse Rundumleuchte &#8211; orange"},"content":{"rendered":"<p><span style=\"color: #000000;\"><strong>Strands IZE LED Lighthouse Rundumleuchte orange, f\u00fcr 12 und 24 Volt. <\/strong><\/span><\/p>\n<p><span style=\"color: #000000;\">Suchst du eine Rundumleuchte, die sofort auff\u00e4llt und einiges aush\u00e4lt? Dann ist die Strands IZE LED Lighthouse Rundumleuchte orange genau die richtige Lampe f\u00fcr dich. Mit 2 hellen LED&#8217;s und einem rotierenden Reflektor erh\u00e4ltst du einen kraftvollen Lichtstrahl, der in alle Richtungen sichtbar ist, sowohl tags\u00fcber als auch nachts. So bleibst du immer gut sichtbar, egal ob du am Stra\u00dfenrand arbeitest, auf einer Baustelle stehst oder im Verkehr extra Aufmerksamkeit erregen willst. Zudem ist dieses Modell eine perfekte Alternative zur Hella KL-7000, wodurch du ganz einfach einen zuverl\u00e4ssigen Ersatz hast.    <\/span><\/p>\n<p><span style=\"color: #000000;\">Die Strands IZE LED Lighthouse orange ist nat\u00fcrlich so gebaut, dass sie lange h\u00e4lt. Die robuste Polycarbonat-Linse und der ABS-Sockel machen die Lampe best\u00e4ndig gegen Wasser, Staub und raue Bedingungen. Da du die Lampe sowohl mit 12 als auch mit 24 Volt betreiben kannst, passt sie auf fast jedes Fahrzeug. Von LKW und Anh\u00e4ngern bis hin zu Landmaschinen. Das ECE R65-Pr\u00fcfzeichen garantiert, dass die Lampe offiziell als Warnleuchte verwendet werden darf, w\u00e4hrend das R10-Pr\u00fcfzeichen St\u00f6rungen an Radio oder Bordger\u00e4ten verhindert. Mit ihrem kompakten, robusten Design und der einfachen Installation ist diese IZE LED Lighthouse Rundumleuchte ideal f\u00fcr jede Situation, in der Sicherheit und Sichtbarkeit wichtig sind.     <\/span><\/p>\n<h5><span style=\"color: #000000;\"><strong>Abmessungen:<\/strong><\/span><\/h5>\n<p><span style=\"color: #000000;\">M\u00f6chtest du sicherstellen, dass du diese Rundumleuchte an der richtigen Stelle montieren kannst? Sieh dir die Ma\u00dfe unten an. So siehst du direkt, ob die IZE LED Lighthouse Rundumleuchte auf dein Fahrzeug passt.  <\/span><\/p>\n<ul>\n<li><span style=\"color: #000000;\">H\u00f6he: 191,5 mm<\/span><\/li>\n<li><span style=\"color: #000000;\">Durchmesser: 134,5 mm<br \/>\n<\/span><\/li>\n<li><span style=\"color: #000000;\">H.o.H.: 90,9 mm<\/span><\/li>\n<\/ul>\n<h5><strong><span style=\"color: #000000;\">Andere Versionen:<\/span><\/strong><\/h5>\n<p><span style=\"color: #000000;\">Suchst du neben dieser Rundumleuchte eine Begrenzungsleuchte mit eingebautem Blitzer, um extra aufzufallen? Kombiniere diese dann mit der Strands IZE LED Begrenzungsleuchte mit eingebautem Blitzer f\u00fcr einen kompletten Look. Sieh sie dir hier an:  <\/span><\/p>\n<ul>\n<li><a href=\"https:\/\/www.alldayled.com\/de\/produkt\/strands-ize-led-roof-light-duo-function\/\"><span style=\"color: #000000;\"><strong>Strands IZE LED roof light duo function<\/strong><\/span><\/a><\/li>\n<\/ul>\n<p><span style=\"color: #000000;\">Bist du noch immer nicht \u00fcberzeugt, dass die Strands IZE LED Lighthouse Rundumleuchte orange das richtige Modell f\u00fcr dich ist? Vielleicht weil zum Beispiel das Format, die Funktionen oder die Lichtfarbe nicht ganz deinen W\u00fcnschen entsprechen. Schau dir dann hier das vollst\u00e4ndige Angebot an <a style=\"color: #000000;\" href=\"https:\/\/www.alldayled.com\/de\/produkt-kategorie\/blitzlichter\/\">Blitzern und Rundumleuchten<\/a> an. Die Chancen stehen gut, dass du hier das Modell findest, das perfekt zu deinem Fahrzeug passt.   <\/span><\/p>\n","protected":false},"excerpt":{"rendered":"<p>Strands IZE LED Lighthouse Rundumleuchte, geeignet f\u00fcr 12 &amp; 24 Volt Betrieb.<\/p>\n","protected":false},"featured_media":79182,"comment_status":"open","ping_status":"closed","template":"","meta":{"_acf_changed":false},"product_brand":[5114],"product_cat":[5308],"product_tag":[],"class_list":{"0":"post-79140","1":"product","2":"type-product","3":"status-publish","4":"has-post-thumbnail","6":"product_brand-product-strands-lighting-division","7":"product_cat-zwaailamp","9":"first","10":"instock","11":"taxable","12":"shipping-taxable","13":"purchasable","14":"product-type-simple"},"acf":[],"yoast_head":"<!-- This site is optimized with the Yoast SEO Premium plugin v26.5 (Yoast SEO v27.1.1) - https:\/\/yoast.com\/product\/yoast-seo-premium-wordpress\/ -->\n<title>Strands IZE LED Lighthouse Rundumleuchte orange - All Day Led<\/title>\n<meta name=\"description\" content=\"Strands IZE LED Lighthouse Rundumleuchte orange - ECE R65 Zulassung - 12&amp;24 Volt - LED Rundumleuchte - Auto, LKW, Traktor und mehr - mit 2 LED&#039;s\" \/>\n<meta name=\"robots\" content=\"index, follow, max-snippet:-1, max-image-preview:large, max-video-preview:-1\" \/>\n<link rel=\"canonical\" href=\"https:\/\/www.alldayled.com\/de\/produkt\/strands-ize-led-lighthouse-zwaailamp-oranje\/\" \/>\n<meta property=\"og:locale\" content=\"de_DE\" \/>\n<meta property=\"og:type\" content=\"article\" \/>\n<meta property=\"og:title\" content=\"IZE LED Lighthouse Rundumleuchte orange - All Day Led - 12&amp;24 Volt\" \/>\n<meta property=\"og:description\" content=\"Strands IZE LED Lighthouse Rundumleuchte orange - ECE R65 Zulassung - 12&amp;24 Volt - LED Rundumleuchte - Auto, LKW, Traktor und mehr - mit 2 LED&#039;s\" \/>\n<meta property=\"og:url\" content=\"https:\/\/www.alldayled.com\/de\/produkt\/strands-ize-led-lighthouse-zwaailamp-oranje\/\" \/>\n<meta property=\"og:site_name\" content=\"All Day Led\" \/>\n<meta property=\"article:publisher\" content=\"https:\/\/www.facebook.com\/alldayled\/\" \/>\n<meta property=\"article:modified_time\" content=\"2026-04-27T21:09:09+00:00\" \/>\n<meta property=\"og:image\" content=\"https:\/\/www.alldayled.com\/wp-content\/uploads\/2025\/12\/ADL02600A-SM-300x300.png\" \/>\n<meta name=\"twitter:label1\" content=\"Preis\" \/>\n\t<meta name=\"twitter:data1\" content=\"&euro;&nbsp;99,00\" \/>\n\t<meta name=\"twitter:label2\" content=\"Verf\u00fcgbarkeit\" \/>\n\t<meta name=\"twitter:data2\" content=\"Auf Lager\" \/>\n<script type=\"application\/ld+json\" class=\"yoast-schema-graph\">{\"@context\":\"https:\/\/schema.org\",\"@graph\":[{\"@type\":\"WebPage\",\"@id\":\"https:\/\/www.alldayled.com\/de\/produkt\/strands-ize-led-lighthouse-zwaailamp-oranje\/\",\"url\":\"https:\/\/www.alldayled.com\/de\/produkt\/strands-ize-led-lighthouse-zwaailamp-oranje\/\",\"name\":\"Strands IZE LED Lighthouse Rundumleuchte orange - All Day Led\",\"isPartOf\":{\"@id\":\"https:\/\/www.alldayled.com\/de\/#website\"},\"primaryImageOfPage\":{\"@id\":\"https:\/\/www.alldayled.com\/de\/produkt\/strands-ize-led-lighthouse-zwaailamp-oranje\/#primaryimage\"},\"image\":{\"@id\":\"https:\/\/www.alldayled.com\/de\/produkt\/strands-ize-led-lighthouse-zwaailamp-oranje\/#primaryimage\"},\"thumbnailUrl\":\"https:\/\/www.alldayled.com\/wp-content\/uploads\/2026\/01\/ADL905003.png\",\"datePublished\":\"2026-01-19T14:53:09+00:00\",\"dateModified\":\"2026-04-27T21:09:09+00:00\",\"description\":\"Strands IZE LED Lighthouse Rundumleuchte orange - ECE R65 Zulassung - 12&24 Volt - LED Rundumleuchte - Auto, LKW, Traktor und mehr - mit 2 LED's\",\"breadcrumb\":{\"@id\":\"https:\/\/www.alldayled.com\/de\/produkt\/strands-ize-led-lighthouse-zwaailamp-oranje\/#breadcrumb\"},\"inLanguage\":\"de\",\"potentialAction\":[{\"@type\":\"ReadAction\",\"target\":[\"https:\/\/www.alldayled.com\/de\/produkt\/strands-ize-led-lighthouse-zwaailamp-oranje\/\"]}]},{\"@type\":\"ImageObject\",\"inLanguage\":\"de\",\"@id\":\"https:\/\/www.alldayled.com\/de\/produkt\/strands-ize-led-lighthouse-zwaailamp-oranje\/#primaryimage\",\"url\":\"https:\/\/www.alldayled.com\/wp-content\/uploads\/2026\/01\/ADL905003.png\",\"contentUrl\":\"https:\/\/www.alldayled.com\/wp-content\/uploads\/2026\/01\/ADL905003.png\",\"width\":800,\"height\":600,\"caption\":\"Strands IZE LED Lighthouse Rundumleuchte orange - ECE R65 - 12&amp;24 Volt - 2 LED's - Hella KL-7000\"},{\"@type\":\"BreadcrumbList\",\"@id\":\"https:\/\/www.alldayled.com\/de\/produkt\/strands-ize-led-lighthouse-zwaailamp-oranje\/#breadcrumb\",\"itemListElement\":[{\"@type\":\"ListItem\",\"position\":1,\"name\":\"Home\",\"item\":\"https:\/\/www.alldayled.com\/de\/\"},{\"@type\":\"ListItem\",\"position\":2,\"name\":\"Shop\",\"item\":\"https:\/\/www.alldayled.com\/de\/shop\/\"},{\"@type\":\"ListItem\",\"position\":3,\"name\":\"Warnleuchten\",\"item\":\"https:\/\/www.alldayled.com\/de\/produkt-kategorie\/blitzlichter\/\"},{\"@type\":\"ListItem\",\"position\":4,\"name\":\"Rundumleuchte\",\"item\":\"https:\/\/www.alldayled.com\/de\/produkt-kategorie\/blitzlichter\/zwaailamp\/\"},{\"@type\":\"ListItem\",\"position\":5,\"name\":\"Strands IZE LED Lighthouse Rundumleuchte &#8211; orange\"}]},{\"@type\":\"WebSite\",\"@id\":\"https:\/\/www.alldayled.com\/de\/#website\",\"url\":\"https:\/\/www.alldayled.com\/de\/\",\"name\":\"All Day Led\",\"description\":\"Verlichting voor 12&amp;24 volt gebruik\",\"publisher\":{\"@id\":\"https:\/\/www.alldayled.com\/de\/#organization\"},\"potentialAction\":[{\"@type\":\"SearchAction\",\"target\":{\"@type\":\"EntryPoint\",\"urlTemplate\":\"https:\/\/www.alldayled.com\/de\/?s={search_term_string}\"},\"query-input\":{\"@type\":\"PropertyValueSpecification\",\"valueRequired\":true,\"valueName\":\"search_term_string\"}}],\"inLanguage\":\"de\"},{\"@type\":\"Organization\",\"@id\":\"https:\/\/www.alldayled.com\/de\/#organization\",\"name\":\"All Day Led\",\"url\":\"https:\/\/www.alldayled.com\/de\/\",\"logo\":{\"@type\":\"ImageObject\",\"inLanguage\":\"de\",\"@id\":\"https:\/\/www.alldayled.com\/de\/#\/schema\/logo\/image\/\",\"url\":\"https:\/\/www.alldayled.com\/wp-content\/uploads\/2025\/10\/Logo-ALL-DAY-LED-800x800-zwart-witte-letters.png\",\"contentUrl\":\"https:\/\/www.alldayled.com\/wp-content\/uploads\/2025\/10\/Logo-ALL-DAY-LED-800x800-zwart-witte-letters.png\",\"width\":800,\"height\":800,\"caption\":\"All Day Led\"},\"image\":{\"@id\":\"https:\/\/www.alldayled.com\/de\/#\/schema\/logo\/image\/\"},\"sameAs\":[\"https:\/\/www.facebook.com\/alldayled\/\",\"https:\/\/www.instagram.com\/alldayled\/\"],\"vatID\":\"NL863960133B01\",\"taxID\":\"86416545\"}]}<\/script>\n<meta property=\"product:brand\" content=\"Strands\" \/>\n<meta property=\"product:price:amount\" content=\"99.00\" \/>\n<meta property=\"product:price:currency\" content=\"EUR\" \/>\n<meta property=\"og:availability\" content=\"instock\" \/>\n<meta property=\"product:availability\" content=\"instock\" \/>\n<meta property=\"product:retailer_item_id\" content=\"ADL905003\" \/>\n<meta property=\"product:condition\" content=\"new\" \/>\n<!-- \/ Yoast SEO Premium plugin. -->","yoast_head_json":{"title":"Strands IZE LED Lighthouse Rundumleuchte orange - All Day Led","description":"Strands IZE LED Lighthouse Rundumleuchte orange - ECE R65 Zulassung - 12&24 Volt - LED Rundumleuchte - Auto, LKW, Traktor und mehr - mit 2 LED's","robots":{"index":"index","follow":"follow","max-snippet":"max-snippet:-1","max-image-preview":"max-image-preview:large","max-video-preview":"max-video-preview:-1"},"canonical":"https:\/\/www.alldayled.com\/de\/produkt\/strands-ize-led-lighthouse-zwaailamp-oranje\/","og_locale":"de_DE","og_type":"article","og_title":"IZE LED Lighthouse Rundumleuchte orange - All Day Led - 12&24 Volt","og_description":"Strands IZE LED Lighthouse Rundumleuchte orange - ECE R65 Zulassung - 12&24 Volt - LED Rundumleuchte - Auto, LKW, Traktor und mehr - mit 2 LED's","og_url":"https:\/\/www.alldayled.com\/de\/produkt\/strands-ize-led-lighthouse-zwaailamp-oranje\/","og_site_name":"All Day Led","article_publisher":"https:\/\/www.facebook.com\/alldayled\/","article_modified_time":"2026-04-27T21:09:09+00:00","og_image":[{"url":"https:\/\/www.alldayled.com\/wp-content\/uploads\/2025\/12\/ADL02600A-SM-300x300.png","type":"","width":"","height":""}],"twitter_misc":{"Preis":"&euro;&nbsp;99,00","Verf\u00fcgbarkeit":"Auf Lager"},"schema":{"@context":"https:\/\/schema.org","@graph":[{"@type":"WebPage","@id":"https:\/\/www.alldayled.com\/de\/produkt\/strands-ize-led-lighthouse-zwaailamp-oranje\/","url":"https:\/\/www.alldayled.com\/de\/produkt\/strands-ize-led-lighthouse-zwaailamp-oranje\/","name":"Strands IZE LED Lighthouse Rundumleuchte orange - All Day Led","isPartOf":{"@id":"https:\/\/www.alldayled.com\/de\/#website"},"primaryImageOfPage":{"@id":"https:\/\/www.alldayled.com\/de\/produkt\/strands-ize-led-lighthouse-zwaailamp-oranje\/#primaryimage"},"image":{"@id":"https:\/\/www.alldayled.com\/de\/produkt\/strands-ize-led-lighthouse-zwaailamp-oranje\/#primaryimage"},"thumbnailUrl":"https:\/\/www.alldayled.com\/wp-content\/uploads\/2026\/01\/ADL905003.png","datePublished":"2026-01-19T14:53:09+00:00","dateModified":"2026-04-27T21:09:09+00:00","description":"Strands IZE LED Lighthouse Rundumleuchte orange - ECE R65 Zulassung - 12&24 Volt - LED Rundumleuchte - Auto, LKW, Traktor und mehr - mit 2 LED's","breadcrumb":{"@id":"https:\/\/www.alldayled.com\/de\/produkt\/strands-ize-led-lighthouse-zwaailamp-oranje\/#breadcrumb"},"inLanguage":"de","potentialAction":[{"@type":"ReadAction","target":["https:\/\/www.alldayled.com\/de\/produkt\/strands-ize-led-lighthouse-zwaailamp-oranje\/"]}]},{"@type":"ImageObject","inLanguage":"de","@id":"https:\/\/www.alldayled.com\/de\/produkt\/strands-ize-led-lighthouse-zwaailamp-oranje\/#primaryimage","url":"https:\/\/www.alldayled.com\/wp-content\/uploads\/2026\/01\/ADL905003.png","contentUrl":"https:\/\/www.alldayled.com\/wp-content\/uploads\/2026\/01\/ADL905003.png","width":800,"height":600,"caption":"Strands IZE LED Lighthouse Rundumleuchte orange - ECE R65 - 12&amp;24 Volt - 2 LED's - Hella KL-7000"},{"@type":"BreadcrumbList","@id":"https:\/\/www.alldayled.com\/de\/produkt\/strands-ize-led-lighthouse-zwaailamp-oranje\/#breadcrumb","itemListElement":[{"@type":"ListItem","position":1,"name":"Home","item":"https:\/\/www.alldayled.com\/de\/"},{"@type":"ListItem","position":2,"name":"Shop","item":"https:\/\/www.alldayled.com\/de\/shop\/"},{"@type":"ListItem","position":3,"name":"Warnleuchten","item":"https:\/\/www.alldayled.com\/de\/produkt-kategorie\/blitzlichter\/"},{"@type":"ListItem","position":4,"name":"Rundumleuchte","item":"https:\/\/www.alldayled.com\/de\/produkt-kategorie\/blitzlichter\/zwaailamp\/"},{"@type":"ListItem","position":5,"name":"Strands IZE LED Lighthouse Rundumleuchte &#8211; orange"}]},{"@type":"WebSite","@id":"https:\/\/www.alldayled.com\/de\/#website","url":"https:\/\/www.alldayled.com\/de\/","name":"All Day Led","description":"Verlichting voor 12&amp;24 volt gebruik","publisher":{"@id":"https:\/\/www.alldayled.com\/de\/#organization"},"potentialAction":[{"@type":"SearchAction","target":{"@type":"EntryPoint","urlTemplate":"https:\/\/www.alldayled.com\/de\/?s={search_term_string}"},"query-input":{"@type":"PropertyValueSpecification","valueRequired":true,"valueName":"search_term_string"}}],"inLanguage":"de"},{"@type":"Organization","@id":"https:\/\/www.alldayled.com\/de\/#organization","name":"All Day Led","url":"https:\/\/www.alldayled.com\/de\/","logo":{"@type":"ImageObject","inLanguage":"de","@id":"https:\/\/www.alldayled.com\/de\/#\/schema\/logo\/image\/","url":"https:\/\/www.alldayled.com\/wp-content\/uploads\/2025\/10\/Logo-ALL-DAY-LED-800x800-zwart-witte-letters.png","contentUrl":"https:\/\/www.alldayled.com\/wp-content\/uploads\/2025\/10\/Logo-ALL-DAY-LED-800x800-zwart-witte-letters.png","width":800,"height":800,"caption":"All Day Led"},"image":{"@id":"https:\/\/www.alldayled.com\/de\/#\/schema\/logo\/image\/"},"sameAs":["https:\/\/www.facebook.com\/alldayled\/","https:\/\/www.instagram.com\/alldayled\/"],"vatID":"NL863960133B01","taxID":"86416545"}]},"product_brand":"Strands","product_price_amount":"99.00","product_price_currency":"EUR","og_availability":"instock","product_availability":"instock","product_retailer_item_id":"ADL905003","product_condition":"new"},"_links":{"self":[{"href":"https:\/\/www.alldayled.com\/de\/wp-json\/wp\/v2\/product\/79140","targetHints":{"allow":["GET"]}}],"collection":[{"href":"https:\/\/www.alldayled.com\/de\/wp-json\/wp\/v2\/product"}],"about":[{"href":"https:\/\/www.alldayled.com\/de\/wp-json\/wp\/v2\/types\/product"}],"replies":[{"embeddable":true,"href":"https:\/\/www.alldayled.com\/de\/wp-json\/wp\/v2\/comments?post=79140"}],"wp:featuredmedia":[{"embeddable":true,"href":"https:\/\/www.alldayled.com\/de\/wp-json\/wp\/v2\/media\/79182"}],"wp:attachment":[{"href":"https:\/\/www.alldayled.com\/de\/wp-json\/wp\/v2\/media?parent=79140"}],"wp:term":[{"taxonomy":"product_brand","embeddable":true,"href":"https:\/\/www.alldayled.com\/de\/wp-json\/wp\/v2\/product_brand?post=79140"},{"taxonomy":"product_cat","embeddable":true,"href":"https:\/\/www.alldayled.com\/de\/wp-json\/wp\/v2\/product_cat?post=79140"},{"taxonomy":"product_tag","embeddable":true,"href":"https:\/\/www.alldayled.com\/de\/wp-json\/wp\/v2\/product_tag?post=79140"}],"curies":[{"name":"wp","href":"https:\/\/api.w.org\/{rel}","templated":true}]}}