{"id":79251,"date":"2025-12-16T16:19:09","date_gmt":"2025-12-16T15:19:09","guid":{"rendered":"https:\/\/www.alldayled.com\/product\/horpol-ld676-graphite-markeringslamp-oranje\/"},"modified":"2026-04-13T15:27:16","modified_gmt":"2026-04-13T13:27:16","slug":"horpol-ld676-graphite-markeringslamp-oranje","status":"publish","type":"product","link":"https:\/\/www.alldayled.com\/de\/produkt\/horpol-ld676-graphite-markeringslamp-oranje\/","title":{"rendered":"Horpol LD676 Markierungsleuchte smoke orange"},"content":{"rendered":"<p><span style=\"color: #000000;\"><strong>Horpol LD676 GRAPHITE Markierungsleuchte orange, f\u00fcr 12 und 24 Volt.<\/strong><\/span><\/p>\n<p><span style=\"color: #000000;\">Sind Sie auf der Suche nach einer modernen Markierungsleuchte, die sowohl stilvoll als auch funktionell ist? Dann ist die Horpol LD676 GRAPHITE Markierungsleuchte orange genau das, was Sie suchen. Diese schlanke LED-Leuchte hat ein Smoke-Geh\u00e4use und ein starkes, helles oranges Lichtbild. Dank des kompakten Formats k\u00f6nnen Sie sie einfach auf flachen Oberfl\u00e4chen oder runden Rohren montieren. Mit den mitgelieferten Gummi-Montagepads verdecken Sie die Schrauben sauber, sodass die Leuchte straff und ordentlich an Ihrem Fahrzeug sitzt. Perfekt f\u00fcr LKWs, Transporter, Anh\u00e4nger oder andere Arbeitsfahrzeuge, bei denen Sichtbarkeit und ein schlankes Design wichtig sind.     <\/span><\/p>\n<p><span style=\"color: #000000;\">Die Leuchte ist mit 4 hellen LEDs ausgestattet, die sowohl tags\u00fcber als auch nachts eine auff\u00e4llige orange Positionsleuchte abgeben. Der Stromverbrauch ist minimal: nur 0,4 Watt bei 12 Volt und 0,7 Watt bei 24 Volt, sodass Sie problemlos mehrere Leuchten montieren k\u00f6nnen, ohne Ihre Batterie zu belasten. Die Horpol LD675 GRAPHITE ist vollst\u00e4ndig wasser- und staubdicht (IP68) und mit den richtigen Pr\u00fcfzeichen versehen, wie z. B. E-Pr\u00fcfzeichen und EMV-Zertifikat. Dar\u00fcber hinaus arbeitet sie zuverl\u00e4ssig bei Temperaturen von -30 \u00b0C bis +50 \u00b0C. Kurzum: eine kompakte, leistungsstarke und energieeffiziente Markierungsleuchte, die immer sichtbar und professionell einsetzbar ist.    <\/span><\/p>\n<h5><span style=\"color: #000000;\"><strong>Abmessungen:<\/strong><\/span><\/h5>\n<p><span style=\"color: #000000;\">Um sicherzustellen, dass du die Horpol Markierungsleuchte GRAPHITE an der richtigen Stelle montieren kannst, haben wir die Abmessungen f\u00fcr dich aufgelistet. Die Abmessungen dieser LED-Leuchte sind wie folgt: <\/span><\/p>\n<ul>\n<li><span style=\"color: #000000;\">H\u00f6he: 31 mm<\/span><\/li>\n<li><span style=\"color: #000000;\">L\u00e4nge: 110 mm<\/span><\/li>\n<li><span style=\"color: #000000;\">Dicke: 15 mm<\/span><\/li>\n<li><span style=\"color: #000000;\">H.o.H: 82 mm<\/span><\/li>\n<\/ul>\n<h5><span style=\"color: #000000;\"><strong>Andere Versionen: <\/strong><\/span><\/h5>\n<p><span style=\"color: #000000;\">M\u00f6chten Sie zwar eine Markierungsleuchte von Horpol, aber die Horpol LD676 GRAPHITE Markierungsleuchte orange ist nicht ganz das, was Sie suchen? Kein Problem. Dieses Modell ist n\u00e4mlich auch in anderen Farben und Ausf\u00fchrungen erh\u00e4ltlich. Sehen Sie sich unten die verf\u00fcgbaren Varianten an und w\u00e4hlen Sie die Leuchte, die am besten zu Ihrem Fahrzeug passt.   <\/span><\/p>\n<ul>\n<li><a href=\"https:\/\/www.alldayled.com\/de\/produkt\/horpol-ld677-graphite-markeringslamp-rood\/\"><span style=\"color: #000000;\"><strong>Horpol LD677 Markierungsleuchte graphite rot<\/strong><\/span><\/a><\/li>\n<li><a href=\"https:\/\/www.alldayled.com\/de\/produkt\/horpol-ld675-graphite-markeringslamp-wit\/\"><span style=\"color: #000000;\"><strong>Horpol LD675 Markierungsleuchte Graphit wei\u00df<\/strong><\/span><\/a><\/li>\n<\/ul>\n<div class=\"truncated\">\n<p><span style=\"color: #000000;\">Zweifeln Sie nach dem Lesen noch, ob die Horpol LD676 GRAPHITE Markierungsleuchte orange wirklich zu Ihrem Fahrzeug passt? Vielleicht sind das Format, die Form oder die Farbe doch nicht ganz das, was Sie suchen.  Kein Problem! Wirf gerne einen Blick in unser komplettes <a style=\"color: #000000;\" href=\"https:\/\/www.alldayled.com\/de\/marke\/product-horpol\/\">Horpol<\/a> Sortiment. Die Wahrscheinlichkeit ist gro\u00df, dass dort die perfekte Markierungsleuchte f\u00fcr dich dabei ist. <\/span><\/p>\n<\/div>\n","protected":false},"excerpt":{"rendered":"<p>Horpol LD676 smoke Markierungsleuchte orange, geeignet f\u00fcr 12 &amp; 24 Volt.<\/p>\n","protected":false},"featured_media":76194,"comment_status":"open","ping_status":"closed","template":"","meta":{"_acf_changed":false},"product_brand":[6295],"product_cat":[5196],"product_tag":[],"class_list":{"0":"post-79251","1":"product","2":"type-product","3":"status-publish","4":"has-post-thumbnail","6":"product_brand-product-horpol","7":"product_cat-markeringslampen","9":"first","10":"instock","11":"taxable","12":"shipping-taxable","13":"purchasable","14":"product-type-simple"},"acf":[],"yoast_head":"<!-- This site is optimized with the Yoast SEO Premium plugin v26.5 (Yoast SEO v27.1.1) - https:\/\/yoast.com\/product\/yoast-seo-premium-wordpress\/ -->\n<title>Horpol LD676 GRAPHITE Markierungsleuchte - All Day Led - f\u00fcr 12&amp;24V Betrieb<\/title>\n<meta name=\"description\" content=\"Horpol LD676 GRAPHITE Markierungsleuchte ORANGE - f\u00fcr Auto, LKW, Wohnmobil, Traktor und mehr - 12 &amp; 24 Volt - SMOKE LENS - HOR 65G Produktgruppe\" \/>\n<meta name=\"robots\" content=\"index, follow, max-snippet:-1, max-image-preview:large, max-video-preview:-1\" \/>\n<link rel=\"canonical\" href=\"https:\/\/www.alldayled.com\/de\/produkt\/horpol-ld676-graphite-markeringslamp-oranje\/\" \/>\n<meta property=\"og:locale\" content=\"de_DE\" \/>\n<meta property=\"og:type\" content=\"article\" \/>\n<meta property=\"og:title\" content=\"Horpol LD676 GRAPHITE Markierungsleuchte - All Day Led - f\u00fcr 12&amp;24V Betrieb\" \/>\n<meta property=\"og:description\" content=\"Horpol LD676 GRAPHITE Markierungsleuchte ORANGE - f\u00fcr Auto, LKW, Wohnmobil, Traktor und mehr - 12 &amp; 24 Volt - SMOKE LENS - HOR 65G Produktgruppe\" \/>\n<meta property=\"og:url\" content=\"https:\/\/www.alldayled.com\/de\/produkt\/horpol-ld676-graphite-markeringslamp-oranje\/\" \/>\n<meta property=\"og:site_name\" content=\"All Day Led\" \/>\n<meta property=\"article:publisher\" content=\"https:\/\/www.facebook.com\/alldayled\/\" \/>\n<meta property=\"article:modified_time\" content=\"2026-04-13T13:27:16+00:00\" \/>\n<meta property=\"og:image\" content=\"https:\/\/www.alldayled.com\/wp-content\/uploads\/2025\/12\/ADL200676GPH-SM-300x300.png\" \/>\n<meta name=\"twitter:label1\" content=\"Preis\" \/>\n\t<meta name=\"twitter:data1\" content=\"&euro;&nbsp;8,95\" \/>\n\t<meta name=\"twitter:label2\" content=\"Verf\u00fcgbarkeit\" \/>\n\t<meta name=\"twitter:data2\" content=\"Auf Lager\" \/>\n<script type=\"application\/ld+json\" class=\"yoast-schema-graph\">{\"@context\":\"https:\/\/schema.org\",\"@graph\":[{\"@type\":\"WebPage\",\"@id\":\"https:\/\/www.alldayled.com\/de\/produkt\/horpol-ld676-graphite-markeringslamp-oranje\/\",\"url\":\"https:\/\/www.alldayled.com\/de\/produkt\/horpol-ld676-graphite-markeringslamp-oranje\/\",\"name\":\"Horpol LD676 GRAPHITE Markierungsleuchte - All Day Led - f\u00fcr 12&24V Betrieb\",\"isPartOf\":{\"@id\":\"https:\/\/www.alldayled.com\/de\/#website\"},\"primaryImageOfPage\":{\"@id\":\"https:\/\/www.alldayled.com\/de\/produkt\/horpol-ld676-graphite-markeringslamp-oranje\/#primaryimage\"},\"image\":{\"@id\":\"https:\/\/www.alldayled.com\/de\/produkt\/horpol-ld676-graphite-markeringslamp-oranje\/#primaryimage\"},\"thumbnailUrl\":\"https:\/\/www.alldayled.com\/wp-content\/uploads\/2025\/12\/ADL200676GPH.png\",\"datePublished\":\"2025-12-16T15:19:09+00:00\",\"dateModified\":\"2026-04-13T13:27:16+00:00\",\"description\":\"Horpol LD676 GRAPHITE Markierungsleuchte ORANGE - f\u00fcr Auto, LKW, Wohnmobil, Traktor und mehr - 12 & 24 Volt - SMOKE LENS - HOR 65G Produktgruppe\",\"breadcrumb\":{\"@id\":\"https:\/\/www.alldayled.com\/de\/produkt\/horpol-ld676-graphite-markeringslamp-oranje\/#breadcrumb\"},\"inLanguage\":\"de\",\"potentialAction\":[{\"@type\":\"ReadAction\",\"target\":[\"https:\/\/www.alldayled.com\/de\/produkt\/horpol-ld676-graphite-markeringslamp-oranje\/\"]}]},{\"@type\":\"ImageObject\",\"inLanguage\":\"de\",\"@id\":\"https:\/\/www.alldayled.com\/de\/produkt\/horpol-ld676-graphite-markeringslamp-oranje\/#primaryimage\",\"url\":\"https:\/\/www.alldayled.com\/wp-content\/uploads\/2025\/12\/ADL200676GPH.png\",\"contentUrl\":\"https:\/\/www.alldayled.com\/wp-content\/uploads\/2025\/12\/ADL200676GPH.png\",\"width\":800,\"height\":600,\"caption\":\"Horpol LD676 GRAPHITE Markierungsleuchte Orange - -12 &amp; 24 Volt - SMOKE LENS - HOR 65G Produktgruppe - 4 LED - EAN: 5901958853814\"},{\"@type\":\"BreadcrumbList\",\"@id\":\"https:\/\/www.alldayled.com\/de\/produkt\/horpol-ld676-graphite-markeringslamp-oranje\/#breadcrumb\",\"itemListElement\":[{\"@type\":\"ListItem\",\"position\":1,\"name\":\"Home\",\"item\":\"https:\/\/www.alldayled.com\/de\/\"},{\"@type\":\"ListItem\",\"position\":2,\"name\":\"Shop\",\"item\":\"https:\/\/www.alldayled.com\/de\/shop\/\"},{\"@type\":\"ListItem\",\"position\":3,\"name\":\"Positionsleuchten\",\"item\":\"https:\/\/www.alldayled.com\/de\/produkt-kategorie\/positionslichter\/\"},{\"@type\":\"ListItem\",\"position\":4,\"name\":\"Markierungsleuchten\",\"item\":\"https:\/\/www.alldayled.com\/de\/produkt-kategorie\/positionslichter\/markeringslampen\/\"},{\"@type\":\"ListItem\",\"position\":5,\"name\":\"Horpol LD676 Markierungsleuchte smoke orange\"}]},{\"@type\":\"WebSite\",\"@id\":\"https:\/\/www.alldayled.com\/de\/#website\",\"url\":\"https:\/\/www.alldayled.com\/de\/\",\"name\":\"All Day Led\",\"description\":\"Verlichting voor 12&amp;24 volt gebruik\",\"publisher\":{\"@id\":\"https:\/\/www.alldayled.com\/de\/#organization\"},\"potentialAction\":[{\"@type\":\"SearchAction\",\"target\":{\"@type\":\"EntryPoint\",\"urlTemplate\":\"https:\/\/www.alldayled.com\/de\/?s={search_term_string}\"},\"query-input\":{\"@type\":\"PropertyValueSpecification\",\"valueRequired\":true,\"valueName\":\"search_term_string\"}}],\"inLanguage\":\"de\"},{\"@type\":\"Organization\",\"@id\":\"https:\/\/www.alldayled.com\/de\/#organization\",\"name\":\"All Day Led\",\"url\":\"https:\/\/www.alldayled.com\/de\/\",\"logo\":{\"@type\":\"ImageObject\",\"inLanguage\":\"de\",\"@id\":\"https:\/\/www.alldayled.com\/de\/#\/schema\/logo\/image\/\",\"url\":\"https:\/\/www.alldayled.com\/wp-content\/uploads\/2025\/10\/Logo-ALL-DAY-LED-800x800-zwart-witte-letters.png\",\"contentUrl\":\"https:\/\/www.alldayled.com\/wp-content\/uploads\/2025\/10\/Logo-ALL-DAY-LED-800x800-zwart-witte-letters.png\",\"width\":800,\"height\":800,\"caption\":\"All Day Led\"},\"image\":{\"@id\":\"https:\/\/www.alldayled.com\/de\/#\/schema\/logo\/image\/\"},\"sameAs\":[\"https:\/\/www.facebook.com\/alldayled\/\",\"https:\/\/www.instagram.com\/alldayled\/\"],\"vatID\":\"NL863960133B01\",\"taxID\":\"86416545\"}]}<\/script>\n<meta property=\"product:brand\" content=\"Horpol\" \/>\n<meta property=\"product:price:amount\" content=\"8.95\" \/>\n<meta property=\"product:price:currency\" content=\"EUR\" \/>\n<meta property=\"og:availability\" content=\"instock\" \/>\n<meta property=\"product:availability\" content=\"instock\" \/>\n<meta property=\"product:retailer_item_id\" content=\"ADL200676GPH\" \/>\n<meta property=\"product:condition\" content=\"new\" \/>\n<!-- \/ Yoast SEO Premium plugin. -->","yoast_head_json":{"title":"Horpol LD676 GRAPHITE Markierungsleuchte - All Day Led - f\u00fcr 12&24V Betrieb","description":"Horpol LD676 GRAPHITE Markierungsleuchte ORANGE - f\u00fcr Auto, LKW, Wohnmobil, Traktor und mehr - 12 & 24 Volt - SMOKE LENS - HOR 65G Produktgruppe","robots":{"index":"index","follow":"follow","max-snippet":"max-snippet:-1","max-image-preview":"max-image-preview:large","max-video-preview":"max-video-preview:-1"},"canonical":"https:\/\/www.alldayled.com\/de\/produkt\/horpol-ld676-graphite-markeringslamp-oranje\/","og_locale":"de_DE","og_type":"article","og_title":"Horpol LD676 GRAPHITE Markierungsleuchte - All Day Led - f\u00fcr 12&24V Betrieb","og_description":"Horpol LD676 GRAPHITE Markierungsleuchte ORANGE - f\u00fcr Auto, LKW, Wohnmobil, Traktor und mehr - 12 & 24 Volt - SMOKE LENS - HOR 65G Produktgruppe","og_url":"https:\/\/www.alldayled.com\/de\/produkt\/horpol-ld676-graphite-markeringslamp-oranje\/","og_site_name":"All Day Led","article_publisher":"https:\/\/www.facebook.com\/alldayled\/","article_modified_time":"2026-04-13T13:27:16+00:00","og_image":[{"url":"https:\/\/www.alldayled.com\/wp-content\/uploads\/2025\/12\/ADL200676GPH-SM-300x300.png","type":"","width":"","height":""}],"twitter_misc":{"Preis":"&euro;&nbsp;8,95","Verf\u00fcgbarkeit":"Auf Lager"},"schema":{"@context":"https:\/\/schema.org","@graph":[{"@type":"WebPage","@id":"https:\/\/www.alldayled.com\/de\/produkt\/horpol-ld676-graphite-markeringslamp-oranje\/","url":"https:\/\/www.alldayled.com\/de\/produkt\/horpol-ld676-graphite-markeringslamp-oranje\/","name":"Horpol LD676 GRAPHITE Markierungsleuchte - All Day Led - f\u00fcr 12&24V Betrieb","isPartOf":{"@id":"https:\/\/www.alldayled.com\/de\/#website"},"primaryImageOfPage":{"@id":"https:\/\/www.alldayled.com\/de\/produkt\/horpol-ld676-graphite-markeringslamp-oranje\/#primaryimage"},"image":{"@id":"https:\/\/www.alldayled.com\/de\/produkt\/horpol-ld676-graphite-markeringslamp-oranje\/#primaryimage"},"thumbnailUrl":"https:\/\/www.alldayled.com\/wp-content\/uploads\/2025\/12\/ADL200676GPH.png","datePublished":"2025-12-16T15:19:09+00:00","dateModified":"2026-04-13T13:27:16+00:00","description":"Horpol LD676 GRAPHITE Markierungsleuchte ORANGE - f\u00fcr Auto, LKW, Wohnmobil, Traktor und mehr - 12 & 24 Volt - SMOKE LENS - HOR 65G Produktgruppe","breadcrumb":{"@id":"https:\/\/www.alldayled.com\/de\/produkt\/horpol-ld676-graphite-markeringslamp-oranje\/#breadcrumb"},"inLanguage":"de","potentialAction":[{"@type":"ReadAction","target":["https:\/\/www.alldayled.com\/de\/produkt\/horpol-ld676-graphite-markeringslamp-oranje\/"]}]},{"@type":"ImageObject","inLanguage":"de","@id":"https:\/\/www.alldayled.com\/de\/produkt\/horpol-ld676-graphite-markeringslamp-oranje\/#primaryimage","url":"https:\/\/www.alldayled.com\/wp-content\/uploads\/2025\/12\/ADL200676GPH.png","contentUrl":"https:\/\/www.alldayled.com\/wp-content\/uploads\/2025\/12\/ADL200676GPH.png","width":800,"height":600,"caption":"Horpol LD676 GRAPHITE Markierungsleuchte Orange - -12 &amp; 24 Volt - SMOKE LENS - HOR 65G Produktgruppe - 4 LED - EAN: 5901958853814"},{"@type":"BreadcrumbList","@id":"https:\/\/www.alldayled.com\/de\/produkt\/horpol-ld676-graphite-markeringslamp-oranje\/#breadcrumb","itemListElement":[{"@type":"ListItem","position":1,"name":"Home","item":"https:\/\/www.alldayled.com\/de\/"},{"@type":"ListItem","position":2,"name":"Shop","item":"https:\/\/www.alldayled.com\/de\/shop\/"},{"@type":"ListItem","position":3,"name":"Positionsleuchten","item":"https:\/\/www.alldayled.com\/de\/produkt-kategorie\/positionslichter\/"},{"@type":"ListItem","position":4,"name":"Markierungsleuchten","item":"https:\/\/www.alldayled.com\/de\/produkt-kategorie\/positionslichter\/markeringslampen\/"},{"@type":"ListItem","position":5,"name":"Horpol LD676 Markierungsleuchte smoke orange"}]},{"@type":"WebSite","@id":"https:\/\/www.alldayled.com\/de\/#website","url":"https:\/\/www.alldayled.com\/de\/","name":"All Day Led","description":"Verlichting voor 12&amp;24 volt gebruik","publisher":{"@id":"https:\/\/www.alldayled.com\/de\/#organization"},"potentialAction":[{"@type":"SearchAction","target":{"@type":"EntryPoint","urlTemplate":"https:\/\/www.alldayled.com\/de\/?s={search_term_string}"},"query-input":{"@type":"PropertyValueSpecification","valueRequired":true,"valueName":"search_term_string"}}],"inLanguage":"de"},{"@type":"Organization","@id":"https:\/\/www.alldayled.com\/de\/#organization","name":"All Day Led","url":"https:\/\/www.alldayled.com\/de\/","logo":{"@type":"ImageObject","inLanguage":"de","@id":"https:\/\/www.alldayled.com\/de\/#\/schema\/logo\/image\/","url":"https:\/\/www.alldayled.com\/wp-content\/uploads\/2025\/10\/Logo-ALL-DAY-LED-800x800-zwart-witte-letters.png","contentUrl":"https:\/\/www.alldayled.com\/wp-content\/uploads\/2025\/10\/Logo-ALL-DAY-LED-800x800-zwart-witte-letters.png","width":800,"height":800,"caption":"All Day Led"},"image":{"@id":"https:\/\/www.alldayled.com\/de\/#\/schema\/logo\/image\/"},"sameAs":["https:\/\/www.facebook.com\/alldayled\/","https:\/\/www.instagram.com\/alldayled\/"],"vatID":"NL863960133B01","taxID":"86416545"}]},"product_brand":"Horpol","product_price_amount":"8.95","product_price_currency":"EUR","og_availability":"instock","product_availability":"instock","product_retailer_item_id":"ADL200676GPH","product_condition":"new"},"_links":{"self":[{"href":"https:\/\/www.alldayled.com\/de\/wp-json\/wp\/v2\/product\/79251","targetHints":{"allow":["GET"]}}],"collection":[{"href":"https:\/\/www.alldayled.com\/de\/wp-json\/wp\/v2\/product"}],"about":[{"href":"https:\/\/www.alldayled.com\/de\/wp-json\/wp\/v2\/types\/product"}],"replies":[{"embeddable":true,"href":"https:\/\/www.alldayled.com\/de\/wp-json\/wp\/v2\/comments?post=79251"}],"wp:featuredmedia":[{"embeddable":true,"href":"https:\/\/www.alldayled.com\/de\/wp-json\/wp\/v2\/media\/76194"}],"wp:attachment":[{"href":"https:\/\/www.alldayled.com\/de\/wp-json\/wp\/v2\/media?parent=79251"}],"wp:term":[{"taxonomy":"product_brand","embeddable":true,"href":"https:\/\/www.alldayled.com\/de\/wp-json\/wp\/v2\/product_brand?post=79251"},{"taxonomy":"product_cat","embeddable":true,"href":"https:\/\/www.alldayled.com\/de\/wp-json\/wp\/v2\/product_cat?post=79251"},{"taxonomy":"product_tag","embeddable":true,"href":"https:\/\/www.alldayled.com\/de\/wp-json\/wp\/v2\/product_tag?post=79251"}],"curies":[{"name":"wp","href":"https:\/\/api.w.org\/{rel}","templated":true}]}}