{"id":79480,"date":"2025-12-18T11:32:05","date_gmt":"2025-12-18T10:32:05","guid":{"rendered":"https:\/\/www.alldayled.com\/product\/verbinddoos-ak196\/"},"modified":"2026-01-23T09:08:04","modified_gmt":"2026-01-23T08:08:04","slug":"verbinddoos-ak196","status":"publish","type":"product","link":"https:\/\/www.alldayled.com\/de\/produkt\/verbinddoos-ak196\/","title":{"rendered":"Anschlussbox AK196"},"content":{"rendered":"<p><span style=\"color: #000000;\"><strong>Anschlussbox AK196 mit 4 Durchf\u00fchrungst\u00fcllen, f\u00fcr 12 und 24 Volt.<\/strong><\/span><\/p>\n<p><span style=\"color: #000000;\">Bist du auf der Suche nach einer cleveren und sicheren M\u00f6glichkeit, die gesamte elektrische Verkabelung deines LKWs, Anh\u00e4ngers, Wohnwagens oder Trailers zu organisieren? Dann ist die Anschlussbox AK196 genau das, was du brauchst. Insbesondere, weil diese 6-polige Verteilerdose 6 Kabelverbindungen an einem zentralen Ort zusammenf\u00fchrt. Das bedeutet, dass das Anschlie\u00dfen, Erweitern oder Warten deiner elektrischen Anlage um einiges einfacher wird. Au\u00dferdem sorgt der robuste Aluminiumdeckel, der mit Klemmen an seinem Platz gehalten wird, daf\u00fcr, dass du dir einer sicheren und \u00fcbersichtlichen Verbindung sicher sein kannst.    <\/span><\/p>\n<p><span style=\"color: #000000;\">Dar\u00fcber hinaus ist die AK196 Kabelverbindungsdose sowohl f\u00fcr 12- als auch f\u00fcr 24-Volt-Systeme geeignet und dank der IP54-Klassifizierung vollst\u00e4ndig wasserbest\u00e4ndig. Dies bedeutet, dass sie gegen Spritzwasser und Staub best\u00e4ndig ist, wodurch sie ideal f\u00fcr Fahrzeuge ist, die drau\u00dfen stehen oder bei Wind und Wetter fahren. Dank des kompakten und \u00fcbersichtlichen Designs kannst du sie fast \u00fcberall montieren, w\u00e4hrend du trotzdem deine gesamte Verkabelung ordentlich beisammen h\u00e4ltst. Kurz gesagt, mit der Anschlussbox AK196 schaffst du eine professionelle, sichere und dauerhafte L\u00f6sung f\u00fcr all deine Kabelverbindungen.   <\/span><\/p>\n<h5><span style=\"color: #000000;\"><strong>Abmessungen:<\/strong><\/span><\/h5>\n<p><span style=\"color: #000000;\">Um zu \u00fcberpr\u00fcfen, ob die Anschlussbox AK196 an die Stelle passt, an der du sie installieren m\u00f6chtest, haben wir nachfolgend alle Ma\u00dfe f\u00fcr dich aufgelistet. So wei\u00dft du direkt, ob diese Verteilerdose beispielsweise f\u00fcr deinen LKW, Trailer, Wohnwagen oder dein Fahrzeug geeignet ist. Die Abmessungen sind wie folgt:  <\/span><\/p>\n<ul>\n<li><span style=\"color: #000000;\">H\u00f6he: 30 mm<\/span><\/li>\n<li><span style=\"color: #000000;\">L\u00e4nge: 120 mm<\/span><\/li>\n<li><span style=\"color: #000000;\">Dikte: 70 mm<\/span><\/li>\n<\/ul>\n<h5><span style=\"color: #000000;\"><strong>Andere Versionen: <\/strong><\/span><\/h5>\n<p><span style=\"color: #000000;\">M\u00f6chtest du zwar eine Kabelverbindungsdose, aber die Anschlussbox AK196 entspricht nicht ganz deinen W\u00fcnschen? Kein Problem. Dieses Modell ist n\u00e4mlich auch in einer 8-poligen Ausf\u00fchrung mit Platz f\u00fcr bis zu 16 Anschl\u00fcsse erh\u00e4ltlich. Sieh dir nachfolgend die verf\u00fcgbare Variante an und w\u00e4hle genau die Verbindungsdose, die am besten zu deinem Projekt oder Fahrzeug passt.   <\/span><\/p>\n<ul>\n<li><span style=\"color: #000000;\"><strong><a style=\"color: #000000;\" href=\"https:\/\/www.alldayled.com\/de\/produkt\/verbinddoos-ak198\/\">Anschlussbox AK198 &#8211; 8 Anschl\u00fcsse<\/a><\/strong><\/span><\/li>\n<\/ul>\n<div class=\"truncated\">\n<p><span style=\"color: #000000;\">Zweifelst du noch, ob die Anschlussbox AK196 f\u00fcr deinen Anh\u00e4nger, Wohnwagen oder Trailer geeignet ist? Vielleicht passen die Anzahl der Anschl\u00fcsse oder die Form nicht ganz zu deiner Situation.  Kein Problem! Wirf gerne einen Blick in unser vollst\u00e4ndiges Sortiment an <a style=\"color: #000000;\" href=\"https:\/\/www.alldayled.com\/de\/produkt-kategorie\/andere-produkte\/fittingen-en-kabels\/\">Fittings und Kabeln<\/a>. Die Wahrscheinlichkeit ist gro\u00df, dass du dort die richtige Kabelverbindungsl\u00f6sung f\u00fcr dein Fahrzeug findest. <\/span><\/p>\n<\/div>\n","protected":false},"excerpt":{"rendered":"<p>Anschlussbox AK196 mit Aluminiumdeckel und 6 Schraubanschl\u00fcssen.<\/p>\n","protected":false},"featured_media":76317,"comment_status":"open","ping_status":"closed","template":"","meta":{"_acf_changed":false},"product_brand":[6501],"product_cat":[5330],"product_tag":[],"class_list":{"0":"post-79480","1":"product","2":"type-product","3":"status-publish","4":"has-post-thumbnail","6":"product_brand-mtrs","7":"product_cat-fittingen-en-kabels","9":"first","10":"instock","11":"taxable","12":"shipping-taxable","13":"purchasable","14":"product-type-simple"},"acf":[],"yoast_head":"<!-- This site is optimized with the Yoast SEO Premium plugin v26.5 (Yoast SEO v27.1.1) - https:\/\/yoast.com\/product\/yoast-seo-premium-wordpress\/ -->\n<title>Anschlussbox AK196 mit 4 Anschl\u00fcssen - All Day Led - f\u00fcr 12&amp;24V-Betrieb<\/title>\n<meta name=\"description\" content=\"Anschlussbox AK196 mit 6 Anschl\u00fcssen - 4 Durchf\u00fchrungst\u00fcllen - f\u00fcr Auto, LKW, Wohnmobil, Traktor und mehr - 12 &amp; 24 Volt - Aluminiumdeckel\" \/>\n<meta name=\"robots\" content=\"index, follow, max-snippet:-1, max-image-preview:large, max-video-preview:-1\" \/>\n<link rel=\"canonical\" href=\"https:\/\/www.alldayled.com\/de\/produkt\/verbinddoos-ak196\/\" \/>\n<meta property=\"og:locale\" content=\"de_DE\" \/>\n<meta property=\"og:type\" content=\"article\" \/>\n<meta property=\"og:title\" content=\"Anschlussbox AK196 mit 4 Anschl\u00fcssen - All Day Led - f\u00fcr 12&amp;24V-Betrieb\" \/>\n<meta property=\"og:description\" content=\"Anschlussbox AK196 mit 6 Anschl\u00fcssen - 4 Durchf\u00fchrungst\u00fcllen - f\u00fcr Auto, LKW, Wohnmobil, Traktor und mehr - 12 &amp; 24 Volt - Aluminiumdeckel\" \/>\n<meta property=\"og:url\" content=\"https:\/\/www.alldayled.com\/de\/produkt\/verbinddoos-ak196\/\" \/>\n<meta property=\"og:site_name\" content=\"All Day Led\" \/>\n<meta property=\"article:publisher\" content=\"https:\/\/www.facebook.com\/alldayled\/\" \/>\n<meta property=\"article:modified_time\" content=\"2026-01-23T08:08:04+00:00\" \/>\n<meta property=\"og:image\" content=\"https:\/\/www.alldayled.com\/wp-content\/uploads\/2025\/12\/ADL63196-SM-300x300.png\" \/>\n<meta name=\"twitter:label1\" content=\"Preis\" \/>\n\t<meta name=\"twitter:data1\" content=\"&euro;&nbsp;24,75\" \/>\n\t<meta name=\"twitter:label2\" content=\"Verf\u00fcgbarkeit\" \/>\n\t<meta name=\"twitter:data2\" content=\"Auf Lager\" \/>\n<script type=\"application\/ld+json\" class=\"yoast-schema-graph\">{\"@context\":\"https:\/\/schema.org\",\"@graph\":[{\"@type\":\"WebPage\",\"@id\":\"https:\/\/www.alldayled.com\/de\/produkt\/verbinddoos-ak196\/\",\"url\":\"https:\/\/www.alldayled.com\/de\/produkt\/verbinddoos-ak196\/\",\"name\":\"Anschlussbox AK196 mit 4 Anschl\u00fcssen - All Day Led - f\u00fcr 12&24V-Betrieb\",\"isPartOf\":{\"@id\":\"https:\/\/www.alldayled.com\/de\/#website\"},\"primaryImageOfPage\":{\"@id\":\"https:\/\/www.alldayled.com\/de\/produkt\/verbinddoos-ak196\/#primaryimage\"},\"image\":{\"@id\":\"https:\/\/www.alldayled.com\/de\/produkt\/verbinddoos-ak196\/#primaryimage\"},\"thumbnailUrl\":\"https:\/\/www.alldayled.com\/wp-content\/uploads\/2025\/12\/ADL63196.png\",\"datePublished\":\"2025-12-18T10:32:05+00:00\",\"dateModified\":\"2026-01-23T08:08:04+00:00\",\"description\":\"Anschlussbox AK196 mit 6 Anschl\u00fcssen - 4 Durchf\u00fchrungst\u00fcllen - f\u00fcr Auto, LKW, Wohnmobil, Traktor und mehr - 12 & 24 Volt - Aluminiumdeckel\",\"breadcrumb\":{\"@id\":\"https:\/\/www.alldayled.com\/de\/produkt\/verbinddoos-ak196\/#breadcrumb\"},\"inLanguage\":\"de\",\"potentialAction\":[{\"@type\":\"ReadAction\",\"target\":[\"https:\/\/www.alldayled.com\/de\/produkt\/verbinddoos-ak196\/\"]}]},{\"@type\":\"ImageObject\",\"inLanguage\":\"de\",\"@id\":\"https:\/\/www.alldayled.com\/de\/produkt\/verbinddoos-ak196\/#primaryimage\",\"url\":\"https:\/\/www.alldayled.com\/wp-content\/uploads\/2025\/12\/ADL63196.png\",\"contentUrl\":\"https:\/\/www.alldayled.com\/wp-content\/uploads\/2025\/12\/ADL63196.png\",\"width\":800,\"height\":600,\"caption\":\"Anschlussbox AK196 - 6-polig - 4 Durchf\u00fchrungst\u00fcllen\"},{\"@type\":\"BreadcrumbList\",\"@id\":\"https:\/\/www.alldayled.com\/de\/produkt\/verbinddoos-ak196\/#breadcrumb\",\"itemListElement\":[{\"@type\":\"ListItem\",\"position\":1,\"name\":\"Home\",\"item\":\"https:\/\/www.alldayled.com\/de\/\"},{\"@type\":\"ListItem\",\"position\":2,\"name\":\"Shop\",\"item\":\"https:\/\/www.alldayled.com\/de\/shop\/\"},{\"@type\":\"ListItem\",\"position\":3,\"name\":\"Andere\",\"item\":\"https:\/\/www.alldayled.com\/de\/produkt-kategorie\/andere-produkte\/\"},{\"@type\":\"ListItem\",\"position\":4,\"name\":\"Armaturen und Kabel\",\"item\":\"https:\/\/www.alldayled.com\/de\/produkt-kategorie\/andere-produkte\/fittingen-en-kabels\/\"},{\"@type\":\"ListItem\",\"position\":5,\"name\":\"Anschlussbox AK196\"}]},{\"@type\":\"WebSite\",\"@id\":\"https:\/\/www.alldayled.com\/de\/#website\",\"url\":\"https:\/\/www.alldayled.com\/de\/\",\"name\":\"All Day Led\",\"description\":\"Verlichting voor 12&amp;24 volt gebruik\",\"publisher\":{\"@id\":\"https:\/\/www.alldayled.com\/de\/#organization\"},\"potentialAction\":[{\"@type\":\"SearchAction\",\"target\":{\"@type\":\"EntryPoint\",\"urlTemplate\":\"https:\/\/www.alldayled.com\/de\/?s={search_term_string}\"},\"query-input\":{\"@type\":\"PropertyValueSpecification\",\"valueRequired\":true,\"valueName\":\"search_term_string\"}}],\"inLanguage\":\"de\"},{\"@type\":\"Organization\",\"@id\":\"https:\/\/www.alldayled.com\/de\/#organization\",\"name\":\"All Day Led\",\"url\":\"https:\/\/www.alldayled.com\/de\/\",\"logo\":{\"@type\":\"ImageObject\",\"inLanguage\":\"de\",\"@id\":\"https:\/\/www.alldayled.com\/de\/#\/schema\/logo\/image\/\",\"url\":\"https:\/\/www.alldayled.com\/wp-content\/uploads\/2025\/10\/Logo-ALL-DAY-LED-800x800-zwart-witte-letters.png\",\"contentUrl\":\"https:\/\/www.alldayled.com\/wp-content\/uploads\/2025\/10\/Logo-ALL-DAY-LED-800x800-zwart-witte-letters.png\",\"width\":800,\"height\":800,\"caption\":\"All Day Led\"},\"image\":{\"@id\":\"https:\/\/www.alldayled.com\/de\/#\/schema\/logo\/image\/\"},\"sameAs\":[\"https:\/\/www.facebook.com\/alldayled\/\",\"https:\/\/www.instagram.com\/alldayled\/\"],\"vatID\":\"NL863960133B01\",\"taxID\":\"86416545\"}]}<\/script>\n<meta property=\"product:brand\" content=\"MTRS\" \/>\n<meta property=\"product:price:amount\" content=\"24.75\" \/>\n<meta property=\"product:price:currency\" content=\"EUR\" \/>\n<meta property=\"og:availability\" content=\"instock\" \/>\n<meta property=\"product:availability\" content=\"instock\" \/>\n<meta property=\"product:retailer_item_id\" content=\"ADL63196\" \/>\n<meta property=\"product:condition\" content=\"new\" \/>\n<!-- \/ Yoast SEO Premium plugin. -->","yoast_head_json":{"title":"Anschlussbox AK196 mit 4 Anschl\u00fcssen - All Day Led - f\u00fcr 12&24V-Betrieb","description":"Anschlussbox AK196 mit 6 Anschl\u00fcssen - 4 Durchf\u00fchrungst\u00fcllen - f\u00fcr Auto, LKW, Wohnmobil, Traktor und mehr - 12 & 24 Volt - Aluminiumdeckel","robots":{"index":"index","follow":"follow","max-snippet":"max-snippet:-1","max-image-preview":"max-image-preview:large","max-video-preview":"max-video-preview:-1"},"canonical":"https:\/\/www.alldayled.com\/de\/produkt\/verbinddoos-ak196\/","og_locale":"de_DE","og_type":"article","og_title":"Anschlussbox AK196 mit 4 Anschl\u00fcssen - All Day Led - f\u00fcr 12&24V-Betrieb","og_description":"Anschlussbox AK196 mit 6 Anschl\u00fcssen - 4 Durchf\u00fchrungst\u00fcllen - f\u00fcr Auto, LKW, Wohnmobil, Traktor und mehr - 12 & 24 Volt - Aluminiumdeckel","og_url":"https:\/\/www.alldayled.com\/de\/produkt\/verbinddoos-ak196\/","og_site_name":"All Day Led","article_publisher":"https:\/\/www.facebook.com\/alldayled\/","article_modified_time":"2026-01-23T08:08:04+00:00","og_image":[{"url":"https:\/\/www.alldayled.com\/wp-content\/uploads\/2025\/12\/ADL63196-SM-300x300.png","type":"","width":"","height":""}],"twitter_misc":{"Preis":"&euro;&nbsp;24,75","Verf\u00fcgbarkeit":"Auf Lager"},"schema":{"@context":"https:\/\/schema.org","@graph":[{"@type":"WebPage","@id":"https:\/\/www.alldayled.com\/de\/produkt\/verbinddoos-ak196\/","url":"https:\/\/www.alldayled.com\/de\/produkt\/verbinddoos-ak196\/","name":"Anschlussbox AK196 mit 4 Anschl\u00fcssen - All Day Led - f\u00fcr 12&24V-Betrieb","isPartOf":{"@id":"https:\/\/www.alldayled.com\/de\/#website"},"primaryImageOfPage":{"@id":"https:\/\/www.alldayled.com\/de\/produkt\/verbinddoos-ak196\/#primaryimage"},"image":{"@id":"https:\/\/www.alldayled.com\/de\/produkt\/verbinddoos-ak196\/#primaryimage"},"thumbnailUrl":"https:\/\/www.alldayled.com\/wp-content\/uploads\/2025\/12\/ADL63196.png","datePublished":"2025-12-18T10:32:05+00:00","dateModified":"2026-01-23T08:08:04+00:00","description":"Anschlussbox AK196 mit 6 Anschl\u00fcssen - 4 Durchf\u00fchrungst\u00fcllen - f\u00fcr Auto, LKW, Wohnmobil, Traktor und mehr - 12 & 24 Volt - Aluminiumdeckel","breadcrumb":{"@id":"https:\/\/www.alldayled.com\/de\/produkt\/verbinddoos-ak196\/#breadcrumb"},"inLanguage":"de","potentialAction":[{"@type":"ReadAction","target":["https:\/\/www.alldayled.com\/de\/produkt\/verbinddoos-ak196\/"]}]},{"@type":"ImageObject","inLanguage":"de","@id":"https:\/\/www.alldayled.com\/de\/produkt\/verbinddoos-ak196\/#primaryimage","url":"https:\/\/www.alldayled.com\/wp-content\/uploads\/2025\/12\/ADL63196.png","contentUrl":"https:\/\/www.alldayled.com\/wp-content\/uploads\/2025\/12\/ADL63196.png","width":800,"height":600,"caption":"Anschlussbox AK196 - 6-polig - 4 Durchf\u00fchrungst\u00fcllen"},{"@type":"BreadcrumbList","@id":"https:\/\/www.alldayled.com\/de\/produkt\/verbinddoos-ak196\/#breadcrumb","itemListElement":[{"@type":"ListItem","position":1,"name":"Home","item":"https:\/\/www.alldayled.com\/de\/"},{"@type":"ListItem","position":2,"name":"Shop","item":"https:\/\/www.alldayled.com\/de\/shop\/"},{"@type":"ListItem","position":3,"name":"Andere","item":"https:\/\/www.alldayled.com\/de\/produkt-kategorie\/andere-produkte\/"},{"@type":"ListItem","position":4,"name":"Armaturen und Kabel","item":"https:\/\/www.alldayled.com\/de\/produkt-kategorie\/andere-produkte\/fittingen-en-kabels\/"},{"@type":"ListItem","position":5,"name":"Anschlussbox AK196"}]},{"@type":"WebSite","@id":"https:\/\/www.alldayled.com\/de\/#website","url":"https:\/\/www.alldayled.com\/de\/","name":"All Day Led","description":"Verlichting voor 12&amp;24 volt gebruik","publisher":{"@id":"https:\/\/www.alldayled.com\/de\/#organization"},"potentialAction":[{"@type":"SearchAction","target":{"@type":"EntryPoint","urlTemplate":"https:\/\/www.alldayled.com\/de\/?s={search_term_string}"},"query-input":{"@type":"PropertyValueSpecification","valueRequired":true,"valueName":"search_term_string"}}],"inLanguage":"de"},{"@type":"Organization","@id":"https:\/\/www.alldayled.com\/de\/#organization","name":"All Day Led","url":"https:\/\/www.alldayled.com\/de\/","logo":{"@type":"ImageObject","inLanguage":"de","@id":"https:\/\/www.alldayled.com\/de\/#\/schema\/logo\/image\/","url":"https:\/\/www.alldayled.com\/wp-content\/uploads\/2025\/10\/Logo-ALL-DAY-LED-800x800-zwart-witte-letters.png","contentUrl":"https:\/\/www.alldayled.com\/wp-content\/uploads\/2025\/10\/Logo-ALL-DAY-LED-800x800-zwart-witte-letters.png","width":800,"height":800,"caption":"All Day Led"},"image":{"@id":"https:\/\/www.alldayled.com\/de\/#\/schema\/logo\/image\/"},"sameAs":["https:\/\/www.facebook.com\/alldayled\/","https:\/\/www.instagram.com\/alldayled\/"],"vatID":"NL863960133B01","taxID":"86416545"}]},"product_brand":"MTRS","product_price_amount":"24.75","product_price_currency":"EUR","og_availability":"instock","product_availability":"instock","product_retailer_item_id":"ADL63196","product_condition":"new"},"_links":{"self":[{"href":"https:\/\/www.alldayled.com\/de\/wp-json\/wp\/v2\/product\/79480","targetHints":{"allow":["GET"]}}],"collection":[{"href":"https:\/\/www.alldayled.com\/de\/wp-json\/wp\/v2\/product"}],"about":[{"href":"https:\/\/www.alldayled.com\/de\/wp-json\/wp\/v2\/types\/product"}],"replies":[{"embeddable":true,"href":"https:\/\/www.alldayled.com\/de\/wp-json\/wp\/v2\/comments?post=79480"}],"wp:featuredmedia":[{"embeddable":true,"href":"https:\/\/www.alldayled.com\/de\/wp-json\/wp\/v2\/media\/76317"}],"wp:attachment":[{"href":"https:\/\/www.alldayled.com\/de\/wp-json\/wp\/v2\/media?parent=79480"}],"wp:term":[{"taxonomy":"product_brand","embeddable":true,"href":"https:\/\/www.alldayled.com\/de\/wp-json\/wp\/v2\/product_brand?post=79480"},{"taxonomy":"product_cat","embeddable":true,"href":"https:\/\/www.alldayled.com\/de\/wp-json\/wp\/v2\/product_cat?post=79480"},{"taxonomy":"product_tag","embeddable":true,"href":"https:\/\/www.alldayled.com\/de\/wp-json\/wp\/v2\/product_tag?post=79480"}],"curies":[{"name":"wp","href":"https:\/\/api.w.org\/{rel}","templated":true}]}}