{"id":79483,"date":"2025-12-18T11:11:17","date_gmt":"2025-12-18T10:11:17","guid":{"rendered":"https:\/\/www.alldayled.com\/product\/verbinddoos-ak198\/"},"modified":"2025-12-18T11:11:17","modified_gmt":"2025-12-18T10:11:17","slug":"verbinddoos-ak198","status":"publish","type":"product","link":"https:\/\/www.alldayled.com\/de\/produkt\/verbinddoos-ak198\/","title":{"rendered":"Anschlussbox AK198"},"content":{"rendered":"<p><span style=\"color: #000000;\"><strong>Anschlussbox AK198 mit 4 Durchf\u00fchrungst\u00fcllen, f\u00fcr 12 und 24 Volt.<\/strong><\/span><\/p>\n<p><span style=\"color: #000000;\">Bist du auf der Suche nach einer cleveren und sicheren M\u00f6glichkeit, die gesamte elektrische Verkabelung deines LKWs, Anh\u00e4ngers, Wohnwagens oder Trailers zu organisieren? Dann ist die Anschlussbox AK198 genau das, was du brauchst. Insbesondere, weil diese 8-polige Verteilerdose bis zu 16 Kabelverbindungen an einem zentralen Ort zusammenf\u00fchrt. Das bedeutet, dass das Anschlie\u00dfen, Erweitern oder Warten deiner elektrischen Anlage um einiges einfacher wird. Au\u00dferdem sorgt der robuste Aluminiumdeckel, der mit Klemmen an seinem Platz gehalten wird, daf\u00fcr, dass du dir einer sicheren und \u00fcbersichtlichen Verbindung sicher sein kannst.    <\/span><\/p>\n<p><span style=\"color: #000000;\">Dar\u00fcber hinaus ist die AK198 Kabelverbindungsbox sowohl f\u00fcr 12- als auch f\u00fcr 24-Volt-Systeme geeignet und dank der IP54-Klassifizierung vollst\u00e4ndig wasserbest\u00e4ndig. Das bedeutet, dass sie gegen Spritzwasser und Staub best\u00e4ndig ist, wodurch sie ideal f\u00fcr Fahrzeuge ist, die drau\u00dfen stehen oder bei Wind und Wetter fahren. Dank des kompakten und \u00fcbersichtlichen Designs kannst du sie fast \u00fcberall montieren, w\u00e4hrend du trotzdem deine gesamte Verkabelung ordentlich zusammenh\u00e4ltst. Kurz gesagt, mit der Anschlussbox AK198 schaffst du eine professionelle, sichere und dauerhafte L\u00f6sung f\u00fcr alle deine Kabelverbindungen.   <\/span><\/p>\n<h5><span style=\"color: #000000;\"><strong>Abmessungen:<\/strong><\/span><\/h5>\n<p><span style=\"color: #000000;\">Um zu \u00fcberpr\u00fcfen, ob die Anschlussbox AK198 an die Stelle passt, an der du sie installieren m\u00f6chtest, haben wir hierunter alle Ma\u00dfe f\u00fcr dich aufgelistet. So wei\u00dft du direkt, ob diese Verteilerdose beispielsweise f\u00fcr deinen LKW, Trailer, Wohnwagen oder dein Fahrzeug geeignet ist. Die Abmessungen sind wie folgt:  <\/span><\/p>\n<ul>\n<li><span style=\"color: #000000;\">H\u00f6he: 33 mm<\/span><\/li>\n<li><span style=\"color: #000000;\">L\u00e4nge: 171 mm<\/span><\/li>\n<li><span style=\"color: #000000;\">Dicke: 93 mm<\/span><\/li>\n<\/ul>\n<h5><span style=\"color: #000000;\"><strong>Andere Versionen: <\/strong><\/span><\/h5>\n<p><span style=\"color: #000000;\">M\u00f6chtest du zwar eine Kabelverbindungsbox, aber die Anschlussbox AK198 entspricht nicht ganz deinen W\u00fcnschen? Kein Problem. Dieses Modell ist n\u00e4mlich auch in einer Ausf\u00fchrung mit 6 Anschl\u00fcssen erh\u00e4ltlich. Sieh dir hierunter die verf\u00fcgbare Variante an und w\u00e4hle genau die Verbindungsbox, die am besten zu deinem Projekt oder Fahrzeug passt.   <\/span><\/p>\n<ul>\n<li><span style=\"color: #000000;\"><strong><a style=\"color: #000000;\" href=\"https:\/\/www.alldayled.com\/de\/produkt\/verbinddoos-ak196\/\">Anschlussbox AK196 &#8211; 6 Anschl\u00fcsse<\/a><\/strong><\/span><\/li>\n<\/ul>\n<div class=\"truncated\">\n<p><span style=\"color: #000000;\">Zweifelst du noch, ob die Anschlussbox AK198 f\u00fcr deinen Anh\u00e4nger, Wohnwagen oder Trailer geeignet ist? Vielleicht passt die Anzahl der Anschl\u00fcsse oder die Form nicht ganz zu deiner Situation.  Kein Problem! Wirf gerne einen Blick in unser vollst\u00e4ndiges Sortiment an <a style=\"color: #000000;\" href=\"https:\/\/www.alldayled.com\/de\/produkt-kategorie\/andere-produkte\/fittingen-en-kabels\/\">Fittings und Kabeln<\/a>. Die Wahrscheinlichkeit ist gro\u00df, dass du dort die richtige Kabelverbindungsl\u00f6sung f\u00fcr dein Fahrzeug findest. <\/span><\/p>\n<\/div>\n","protected":false},"excerpt":{"rendered":"<p>Anschlussbox AK198 mit Aluminiumdeckel und 4 x 8 Flachsteckeranschl\u00fcssen.<\/p>\n","protected":false},"featured_media":76266,"comment_status":"open","ping_status":"closed","template":"","meta":{"_acf_changed":false},"product_brand":[6501],"product_cat":[5330],"product_tag":[],"class_list":{"0":"post-79483","1":"product","2":"type-product","3":"status-publish","4":"has-post-thumbnail","6":"product_brand-mtrs","7":"product_cat-fittingen-en-kabels","9":"first","10":"instock","11":"taxable","12":"shipping-taxable","13":"purchasable","14":"product-type-simple"},"acf":[],"yoast_head":"<!-- This site is optimized with the Yoast SEO Premium plugin v26.5 (Yoast SEO v27.1.1) - https:\/\/yoast.com\/product\/yoast-seo-premium-wordpress\/ -->\n<title>Anschlussbox AK198 mit 8 Anschl\u00fcssen - All Day Led - f\u00fcr 12&amp;24V-Betrieb<\/title>\n<meta name=\"description\" content=\"Anschlussbox AK198 8-polig - 4 Durchf\u00fchrungst\u00fcllen - bis zu 16 Anschl\u00fcssen - f\u00fcr Auto, LKW, Wohnmobil, Traktor und mehr - 12 &amp; 24 Volt - Aluminiumdeckel\" \/>\n<meta name=\"robots\" content=\"index, follow, max-snippet:-1, max-image-preview:large, max-video-preview:-1\" \/>\n<link rel=\"canonical\" href=\"https:\/\/www.alldayled.com\/de\/produkt\/verbinddoos-ak198\/\" \/>\n<meta property=\"og:locale\" content=\"de_DE\" \/>\n<meta property=\"og:type\" content=\"article\" \/>\n<meta property=\"og:title\" content=\"Anschlussbox AK198 mit 8 Anschl\u00fcssen - All Day Led - f\u00fcr 12&amp;24V-Betrieb\" \/>\n<meta property=\"og:description\" content=\"Anschlussbox AK198 mit 8-polig - bis zu 16 Anschl\u00fcssen - f\u00fcr Auto, LKW, Wohnmobil, Traktor und mehr - 12 &amp; 24 Volt - Aluminiumdeckel\" \/>\n<meta property=\"og:url\" content=\"https:\/\/www.alldayled.com\/de\/produkt\/verbinddoos-ak198\/\" \/>\n<meta property=\"og:site_name\" content=\"All Day Led\" \/>\n<meta property=\"article:publisher\" content=\"https:\/\/www.facebook.com\/alldayled\/\" \/>\n<meta property=\"og:image\" content=\"https:\/\/www.alldayled.com\/wp-content\/uploads\/2025\/12\/Verbindingsdoos-AK198-SM-300x300.png\" \/>\n<meta name=\"twitter:label1\" content=\"Preis\" \/>\n\t<meta name=\"twitter:data1\" content=\"&euro;&nbsp;24,75\" \/>\n\t<meta name=\"twitter:label2\" content=\"Verf\u00fcgbarkeit\" \/>\n\t<meta name=\"twitter:data2\" content=\"Auf Lager\" \/>\n<script type=\"application\/ld+json\" class=\"yoast-schema-graph\">{\"@context\":\"https:\/\/schema.org\",\"@graph\":[{\"@type\":\"WebPage\",\"@id\":\"https:\/\/www.alldayled.com\/de\/produkt\/verbinddoos-ak198\/\",\"url\":\"https:\/\/www.alldayled.com\/de\/produkt\/verbinddoos-ak198\/\",\"name\":\"Anschlussbox AK198 mit 8 Anschl\u00fcssen - All Day Led - f\u00fcr 12&24V-Betrieb\",\"isPartOf\":{\"@id\":\"https:\/\/www.alldayled.com\/de\/#website\"},\"primaryImageOfPage\":{\"@id\":\"https:\/\/www.alldayled.com\/de\/produkt\/verbinddoos-ak198\/#primaryimage\"},\"image\":{\"@id\":\"https:\/\/www.alldayled.com\/de\/produkt\/verbinddoos-ak198\/#primaryimage\"},\"thumbnailUrl\":\"https:\/\/www.alldayled.com\/wp-content\/uploads\/2025\/12\/Verbindingsdoos-AK198.png\",\"datePublished\":\"2025-12-18T10:11:17+00:00\",\"description\":\"Anschlussbox AK198 8-polig - 4 Durchf\u00fchrungst\u00fcllen - bis zu 16 Anschl\u00fcssen - f\u00fcr Auto, LKW, Wohnmobil, Traktor und mehr - 12 & 24 Volt - Aluminiumdeckel\",\"breadcrumb\":{\"@id\":\"https:\/\/www.alldayled.com\/de\/produkt\/verbinddoos-ak198\/#breadcrumb\"},\"inLanguage\":\"de\",\"potentialAction\":[{\"@type\":\"ReadAction\",\"target\":[\"https:\/\/www.alldayled.com\/de\/produkt\/verbinddoos-ak198\/\"]}]},{\"@type\":\"ImageObject\",\"inLanguage\":\"de\",\"@id\":\"https:\/\/www.alldayled.com\/de\/produkt\/verbinddoos-ak198\/#primaryimage\",\"url\":\"https:\/\/www.alldayled.com\/wp-content\/uploads\/2025\/12\/Verbindingsdoos-AK198.png\",\"contentUrl\":\"https:\/\/www.alldayled.com\/wp-content\/uploads\/2025\/12\/Verbindingsdoos-AK198.png\",\"width\":800,\"height\":600,\"caption\":\"Anschlussbox AK198 - 8-polig - 4 Durchf\u00fchrungst\u00fcllen - bis zu 16 Anschl\u00fcssen\"},{\"@type\":\"BreadcrumbList\",\"@id\":\"https:\/\/www.alldayled.com\/de\/produkt\/verbinddoos-ak198\/#breadcrumb\",\"itemListElement\":[{\"@type\":\"ListItem\",\"position\":1,\"name\":\"Home\",\"item\":\"https:\/\/www.alldayled.com\/de\/\"},{\"@type\":\"ListItem\",\"position\":2,\"name\":\"Shop\",\"item\":\"https:\/\/www.alldayled.com\/de\/shop\/\"},{\"@type\":\"ListItem\",\"position\":3,\"name\":\"Anschlussbox AK198\"}]},{\"@type\":\"WebSite\",\"@id\":\"https:\/\/www.alldayled.com\/de\/#website\",\"url\":\"https:\/\/www.alldayled.com\/de\/\",\"name\":\"All Day Led\",\"description\":\"Verlichting voor 12&amp;24 volt gebruik\",\"publisher\":{\"@id\":\"https:\/\/www.alldayled.com\/de\/#organization\"},\"potentialAction\":[{\"@type\":\"SearchAction\",\"target\":{\"@type\":\"EntryPoint\",\"urlTemplate\":\"https:\/\/www.alldayled.com\/de\/?s={search_term_string}\"},\"query-input\":{\"@type\":\"PropertyValueSpecification\",\"valueRequired\":true,\"valueName\":\"search_term_string\"}}],\"inLanguage\":\"de\"},{\"@type\":\"Organization\",\"@id\":\"https:\/\/www.alldayled.com\/de\/#organization\",\"name\":\"All Day Led\",\"url\":\"https:\/\/www.alldayled.com\/de\/\",\"logo\":{\"@type\":\"ImageObject\",\"inLanguage\":\"de\",\"@id\":\"https:\/\/www.alldayled.com\/de\/#\/schema\/logo\/image\/\",\"url\":\"https:\/\/www.alldayled.com\/wp-content\/uploads\/2025\/10\/Logo-ALL-DAY-LED-800x800-zwart-witte-letters.png\",\"contentUrl\":\"https:\/\/www.alldayled.com\/wp-content\/uploads\/2025\/10\/Logo-ALL-DAY-LED-800x800-zwart-witte-letters.png\",\"width\":800,\"height\":800,\"caption\":\"All Day Led\"},\"image\":{\"@id\":\"https:\/\/www.alldayled.com\/de\/#\/schema\/logo\/image\/\"},\"sameAs\":[\"https:\/\/www.facebook.com\/alldayled\/\",\"https:\/\/www.instagram.com\/alldayled\/\"],\"vatID\":\"NL863960133B01\",\"taxID\":\"86416545\"}]}<\/script>\n<meta property=\"product:brand\" content=\"MTRS\" \/>\n<meta property=\"product:price:amount\" content=\"24.75\" \/>\n<meta property=\"product:price:currency\" content=\"EUR\" \/>\n<meta property=\"og:availability\" content=\"instock\" \/>\n<meta property=\"product:availability\" content=\"instock\" \/>\n<meta property=\"product:retailer_item_id\" content=\"ADL63198\" \/>\n<meta property=\"product:condition\" content=\"new\" \/>\n<!-- \/ Yoast SEO Premium plugin. -->","yoast_head_json":{"title":"Anschlussbox AK198 mit 8 Anschl\u00fcssen - All Day Led - f\u00fcr 12&24V-Betrieb","description":"Anschlussbox AK198 8-polig - 4 Durchf\u00fchrungst\u00fcllen - bis zu 16 Anschl\u00fcssen - f\u00fcr Auto, LKW, Wohnmobil, Traktor und mehr - 12 & 24 Volt - Aluminiumdeckel","robots":{"index":"index","follow":"follow","max-snippet":"max-snippet:-1","max-image-preview":"max-image-preview:large","max-video-preview":"max-video-preview:-1"},"canonical":"https:\/\/www.alldayled.com\/de\/produkt\/verbinddoos-ak198\/","og_locale":"de_DE","og_type":"article","og_title":"Anschlussbox AK198 mit 8 Anschl\u00fcssen - All Day Led - f\u00fcr 12&24V-Betrieb","og_description":"Anschlussbox AK198 mit 8-polig - bis zu 16 Anschl\u00fcssen - f\u00fcr Auto, LKW, Wohnmobil, Traktor und mehr - 12 & 24 Volt - Aluminiumdeckel","og_url":"https:\/\/www.alldayled.com\/de\/produkt\/verbinddoos-ak198\/","og_site_name":"All Day Led","article_publisher":"https:\/\/www.facebook.com\/alldayled\/","og_image":[{"url":"https:\/\/www.alldayled.com\/wp-content\/uploads\/2025\/12\/Verbindingsdoos-AK198-SM-300x300.png","type":"","width":"","height":""}],"twitter_misc":{"Preis":"&euro;&nbsp;24,75","Verf\u00fcgbarkeit":"Auf Lager"},"schema":{"@context":"https:\/\/schema.org","@graph":[{"@type":"WebPage","@id":"https:\/\/www.alldayled.com\/de\/produkt\/verbinddoos-ak198\/","url":"https:\/\/www.alldayled.com\/de\/produkt\/verbinddoos-ak198\/","name":"Anschlussbox AK198 mit 8 Anschl\u00fcssen - All Day Led - f\u00fcr 12&24V-Betrieb","isPartOf":{"@id":"https:\/\/www.alldayled.com\/de\/#website"},"primaryImageOfPage":{"@id":"https:\/\/www.alldayled.com\/de\/produkt\/verbinddoos-ak198\/#primaryimage"},"image":{"@id":"https:\/\/www.alldayled.com\/de\/produkt\/verbinddoos-ak198\/#primaryimage"},"thumbnailUrl":"https:\/\/www.alldayled.com\/wp-content\/uploads\/2025\/12\/Verbindingsdoos-AK198.png","datePublished":"2025-12-18T10:11:17+00:00","description":"Anschlussbox AK198 8-polig - 4 Durchf\u00fchrungst\u00fcllen - bis zu 16 Anschl\u00fcssen - f\u00fcr Auto, LKW, Wohnmobil, Traktor und mehr - 12 & 24 Volt - Aluminiumdeckel","breadcrumb":{"@id":"https:\/\/www.alldayled.com\/de\/produkt\/verbinddoos-ak198\/#breadcrumb"},"inLanguage":"de","potentialAction":[{"@type":"ReadAction","target":["https:\/\/www.alldayled.com\/de\/produkt\/verbinddoos-ak198\/"]}]},{"@type":"ImageObject","inLanguage":"de","@id":"https:\/\/www.alldayled.com\/de\/produkt\/verbinddoos-ak198\/#primaryimage","url":"https:\/\/www.alldayled.com\/wp-content\/uploads\/2025\/12\/Verbindingsdoos-AK198.png","contentUrl":"https:\/\/www.alldayled.com\/wp-content\/uploads\/2025\/12\/Verbindingsdoos-AK198.png","width":800,"height":600,"caption":"Anschlussbox AK198 - 8-polig - 4 Durchf\u00fchrungst\u00fcllen - bis zu 16 Anschl\u00fcssen"},{"@type":"BreadcrumbList","@id":"https:\/\/www.alldayled.com\/de\/produkt\/verbinddoos-ak198\/#breadcrumb","itemListElement":[{"@type":"ListItem","position":1,"name":"Home","item":"https:\/\/www.alldayled.com\/de\/"},{"@type":"ListItem","position":2,"name":"Shop","item":"https:\/\/www.alldayled.com\/de\/shop\/"},{"@type":"ListItem","position":3,"name":"Anschlussbox AK198"}]},{"@type":"WebSite","@id":"https:\/\/www.alldayled.com\/de\/#website","url":"https:\/\/www.alldayled.com\/de\/","name":"All Day Led","description":"Verlichting voor 12&amp;24 volt gebruik","publisher":{"@id":"https:\/\/www.alldayled.com\/de\/#organization"},"potentialAction":[{"@type":"SearchAction","target":{"@type":"EntryPoint","urlTemplate":"https:\/\/www.alldayled.com\/de\/?s={search_term_string}"},"query-input":{"@type":"PropertyValueSpecification","valueRequired":true,"valueName":"search_term_string"}}],"inLanguage":"de"},{"@type":"Organization","@id":"https:\/\/www.alldayled.com\/de\/#organization","name":"All Day Led","url":"https:\/\/www.alldayled.com\/de\/","logo":{"@type":"ImageObject","inLanguage":"de","@id":"https:\/\/www.alldayled.com\/de\/#\/schema\/logo\/image\/","url":"https:\/\/www.alldayled.com\/wp-content\/uploads\/2025\/10\/Logo-ALL-DAY-LED-800x800-zwart-witte-letters.png","contentUrl":"https:\/\/www.alldayled.com\/wp-content\/uploads\/2025\/10\/Logo-ALL-DAY-LED-800x800-zwart-witte-letters.png","width":800,"height":800,"caption":"All Day Led"},"image":{"@id":"https:\/\/www.alldayled.com\/de\/#\/schema\/logo\/image\/"},"sameAs":["https:\/\/www.facebook.com\/alldayled\/","https:\/\/www.instagram.com\/alldayled\/"],"vatID":"NL863960133B01","taxID":"86416545"}]},"product_brand":"MTRS","product_price_amount":"24.75","product_price_currency":"EUR","og_availability":"instock","product_availability":"instock","product_retailer_item_id":"ADL63198","product_condition":"new"},"_links":{"self":[{"href":"https:\/\/www.alldayled.com\/de\/wp-json\/wp\/v2\/product\/79483","targetHints":{"allow":["GET"]}}],"collection":[{"href":"https:\/\/www.alldayled.com\/de\/wp-json\/wp\/v2\/product"}],"about":[{"href":"https:\/\/www.alldayled.com\/de\/wp-json\/wp\/v2\/types\/product"}],"replies":[{"embeddable":true,"href":"https:\/\/www.alldayled.com\/de\/wp-json\/wp\/v2\/comments?post=79483"}],"wp:featuredmedia":[{"embeddable":true,"href":"https:\/\/www.alldayled.com\/de\/wp-json\/wp\/v2\/media\/76266"}],"wp:attachment":[{"href":"https:\/\/www.alldayled.com\/de\/wp-json\/wp\/v2\/media?parent=79483"}],"wp:term":[{"taxonomy":"product_brand","embeddable":true,"href":"https:\/\/www.alldayled.com\/de\/wp-json\/wp\/v2\/product_brand?post=79483"},{"taxonomy":"product_cat","embeddable":true,"href":"https:\/\/www.alldayled.com\/de\/wp-json\/wp\/v2\/product_cat?post=79483"},{"taxonomy":"product_tag","embeddable":true,"href":"https:\/\/www.alldayled.com\/de\/wp-json\/wp\/v2\/product_tag?post=79483"}],"curies":[{"name":"wp","href":"https:\/\/api.w.org\/{rel}","templated":true}]}}