{"id":79498,"date":"2025-12-18T11:55:55","date_gmt":"2025-12-18T10:55:55","guid":{"rendered":"https:\/\/www.alldayled.com\/?post_type=product&#038;p=79498"},"modified":"2026-02-05T13:45:46","modified_gmt":"2026-02-05T12:45:46","slug":"m-led-classic-markeringslamp-met-richtingaanwijzer","status":"publish","type":"product","link":"https:\/\/www.alldayled.com\/de\/produkt\/m-led-classic-markeringslamp-met-richtingaanwijzer\/","title":{"rendered":"M-LED classic Markierungsleuchte mit Blinker"},"content":{"rendered":"<p><span style=\"color: #000000;\"><strong>M-LED classic Markierungsleuchte orange mit Blinker, f\u00fcr 12 und 24 Volt Betrieb. <\/strong><\/span><\/p>\n<p><span style=\"color: #000000;\">Du suchst die klassische Markierungsleuchte, aber in einer Voll-LED-Ausf\u00fchrung mit Blinker? Dann ist die M-LED Blockleuchte vielleicht genau die Lampe, die du suchst. Diese Markierungsleuchte hat 3 LED-Punkte und einen eingebauten Retroreflektor. Dank der Reflektorfunktion und der entsprechenden ECE-Kennzeichnung ist sie eine zugelassene Markierungsleuchte. Die M-LED classic Markierungsleuchte mit Blinker funktioniert mit 12 und 24 Volt, sodass du die Lampe beispielsweise an deinem Auto, Wohnmobil, LKW, Anh\u00e4nger oder einem anderen Fahrzeugtyp montieren kannst.    <\/span><\/p>\n<p><span style=\"color: #000000;\">Um sicherzustellen, dass die M-LED classic Markierungsleuchte mit Blinker f\u00fcr dein Fahrzeug oder deinen Anh\u00e4nger geeignet ist, haben wir die wichtigsten Eigenschaften unten aufgelistet. Die Leuchte mit roter Linse ist unter anderem mit dem ECE R10 Pr\u00fcfzeichen versehen. Die rote LED-Markierungsleuchte verf\u00fcgt auch \u00fcber die ECE R148 und ECE R150 Pr\u00fcfzeichen, was bedeutet, dass du die Leuchte als Seitenmarkierung, Bremslicht und Reflektor verwenden darfst. Au\u00dferdem wird die Leuchte mit einem 85 Zentimeter langen Anschlusskabel geliefert, sodass die Installation einfach ist.   <\/span><\/p>\n<p><span style=\"color: #000000;\"><em>Alternative zu Hella Ref. 2PS 004 361-001 und 2PS 002 727-001 <\/em><\/span><\/p>\n<h5><span style=\"color: #000000;\"><strong>Abmessungen:<\/strong><\/span><\/h5>\n<p><span style=\"color: #000000;\">M\u00f6chtest du sicherstellen, dass die Lampe passt, wo du sie montieren m\u00f6chtest? Unten findest du die Abmessungen der M-LED ZM425 classic: <\/span><\/p>\n<ul>\n<li><span style=\"color: #000000;\">Breite: 119 mm<\/span><\/li>\n<li><span style=\"color: #000000;\">H\u00f6he: 55,3 mm<\/span><\/li>\n<li><span style=\"color: #000000;\">Dicke: 27 mm<\/span><\/li>\n<\/ul>\n<h5><span style=\"color: #000000;\"><strong>Andere Farben:<\/strong><\/span><\/h5>\n<p><span style=\"color: #000000;\">Du m\u00f6chtest eine M-LED Markierungsleuchte, aber die orange Ausf\u00fchrung mit Blinkerfunktion? Gute Nachrichten: Dieses Modell ist auch in einer roten Version mit Bremslicht erh\u00e4ltlich. Sieh dir dieses Modell hier an:  <\/span><\/p>\n<ul>\n<li><a href=\"https:\/\/www.alldayled.com\/de\/produkt\/m-led-classic-markeringslamp-met-remlicht\/\"><span style=\"color: #000000;\"><strong>Markierungsleuchte rot mit Bremslicht<\/strong><\/span><\/a><\/li>\n<\/ul>\n<p><span style=\"color: #000000;\">Bist du dennoch der Meinung, dass die M-LED classic Markierungsleuchte orange nicht das ist, was du suchst? Einfach weil die Farbe, Form oder Ausf\u00fchrung nicht deinen W\u00fcnschen entspricht? Dann sieh dir hier das komplette Angebot von <a style=\"color: #000000;\" href=\"https:\/\/www.alldayled.com\/de\/marke\/product-m-led\/\" target=\"_blank\" rel=\"noopener\">M-LED<\/a> an. Es ist sehr wahrscheinlich, dass du dort das Modell findest, das genau zu deinen W\u00fcnschen und deinem Fahrzeug passt.   <\/span><\/p>\n","protected":false},"excerpt":{"rendered":"<p>M-LED classic Markierungsleuchte orange mit Blinker f\u00fcr 12 und 24 Volt.<\/p>\n","protected":false},"featured_media":80368,"comment_status":"open","ping_status":"closed","template":"","meta":{"_acf_changed":false},"product_brand":[6499],"product_cat":[5196],"product_tag":[],"class_list":{"0":"post-79498","1":"product","2":"type-product","3":"status-publish","4":"has-post-thumbnail","6":"product_brand-product-m-led","7":"product_cat-markeringslampen","9":"first","10":"instock","11":"taxable","12":"shipping-taxable","13":"purchasable","14":"product-type-simple"},"acf":[],"yoast_head":"<!-- This site is optimized with the Yoast SEO Premium plugin v26.5 (Yoast SEO v27.1.1) - https:\/\/yoast.com\/product\/yoast-seo-premium-wordpress\/ -->\n<title>M-LED classic Markierungsleuchte mit Blinker - All Day Led - 12 &amp; 24 Volt<\/title>\n<meta name=\"description\" content=\"M-LED classic Markierungsleuchte mit Blinker, f\u00fcr Auto, LKW und mehr, 12 &amp; 24 V Betrieb, 3 LED-Punkte, mit Reflektor, ECE R148 + R150\" \/>\n<meta name=\"robots\" content=\"index, follow, max-snippet:-1, max-image-preview:large, max-video-preview:-1\" \/>\n<link rel=\"canonical\" href=\"https:\/\/www.alldayled.com\/de\/produkt\/m-led-classic-markeringslamp-met-richtingaanwijzer\/\" \/>\n<meta property=\"og:locale\" content=\"de_DE\" \/>\n<meta property=\"og:type\" content=\"article\" \/>\n<meta property=\"og:title\" content=\"M-LED classic Markierungsleuchte mit Blinker - All Day Led - 12 &amp; 24 Volt\" \/>\n<meta property=\"og:description\" content=\"M-LED classic Markierungsleuchte mit Blinker, f\u00fcr Auto, LKW und mehr, 12 &amp; 24 V Betrieb, 3 LED-Punkte, mit Reflektor, ECE R148 + R150\" \/>\n<meta property=\"og:url\" content=\"https:\/\/www.alldayled.com\/de\/produkt\/m-led-classic-markeringslamp-met-richtingaanwijzer\/\" \/>\n<meta property=\"og:site_name\" content=\"All Day Led\" \/>\n<meta property=\"article:publisher\" content=\"https:\/\/www.facebook.com\/alldayled\/\" \/>\n<meta property=\"article:modified_time\" content=\"2026-02-05T12:45:46+00:00\" \/>\n<meta property=\"og:image\" content=\"https:\/\/www.alldayled.com\/wp-content\/uploads\/2025\/12\/ADL20845-SM-300x300.png\" \/>\n<meta name=\"twitter:label1\" content=\"Preis\" \/>\n\t<meta name=\"twitter:data1\" content=\"&euro;&nbsp;24,75\" \/>\n\t<meta name=\"twitter:label2\" content=\"Verf\u00fcgbarkeit\" \/>\n\t<meta name=\"twitter:data2\" content=\"Auf Lager\" \/>\n<script type=\"application\/ld+json\" class=\"yoast-schema-graph\">{\"@context\":\"https:\/\/schema.org\",\"@graph\":[{\"@type\":\"WebPage\",\"@id\":\"https:\/\/www.alldayled.com\/de\/produkt\/m-led-classic-markeringslamp-met-richtingaanwijzer\/\",\"url\":\"https:\/\/www.alldayled.com\/de\/produkt\/m-led-classic-markeringslamp-met-richtingaanwijzer\/\",\"name\":\"M-LED classic Markierungsleuchte mit Blinker - All Day Led - 12 & 24 Volt\",\"isPartOf\":{\"@id\":\"https:\/\/www.alldayled.com\/de\/#website\"},\"primaryImageOfPage\":{\"@id\":\"https:\/\/www.alldayled.com\/de\/produkt\/m-led-classic-markeringslamp-met-richtingaanwijzer\/#primaryimage\"},\"image\":{\"@id\":\"https:\/\/www.alldayled.com\/de\/produkt\/m-led-classic-markeringslamp-met-richtingaanwijzer\/#primaryimage\"},\"thumbnailUrl\":\"https:\/\/www.alldayled.com\/wp-content\/uploads\/2026\/01\/ADL20425.png\",\"datePublished\":\"2025-12-18T10:55:55+00:00\",\"dateModified\":\"2026-02-05T12:45:46+00:00\",\"description\":\"M-LED classic Markierungsleuchte mit Blinker, f\u00fcr Auto, LKW und mehr, 12 & 24 V Betrieb, 3 LED-Punkte, mit Reflektor, ECE R148 + R150\",\"breadcrumb\":{\"@id\":\"https:\/\/www.alldayled.com\/de\/produkt\/m-led-classic-markeringslamp-met-richtingaanwijzer\/#breadcrumb\"},\"inLanguage\":\"de\",\"potentialAction\":[{\"@type\":\"ReadAction\",\"target\":[\"https:\/\/www.alldayled.com\/de\/produkt\/m-led-classic-markeringslamp-met-richtingaanwijzer\/\"]}]},{\"@type\":\"ImageObject\",\"inLanguage\":\"de\",\"@id\":\"https:\/\/www.alldayled.com\/de\/produkt\/m-led-classic-markeringslamp-met-richtingaanwijzer\/#primaryimage\",\"url\":\"https:\/\/www.alldayled.com\/wp-content\/uploads\/2026\/01\/ADL20425.png\",\"contentUrl\":\"https:\/\/www.alldayled.com\/wp-content\/uploads\/2026\/01\/ADL20425.png\",\"width\":800,\"height\":600,\"caption\":\"M-LED classic Markierungsleuchte mit Blinker \u2013 f\u00fcr Auto, LKW, Anh\u00e4nger und mehr \u2013 12 &amp; 24 V Betrieb \u2013 LED-Punkte \u2013 mit Reflektor \u2013 ECE R148 + R150 \u2013 Hella Ref. 2PS 004 361-001 und 2PS 002 727-001\"},{\"@type\":\"BreadcrumbList\",\"@id\":\"https:\/\/www.alldayled.com\/de\/produkt\/m-led-classic-markeringslamp-met-richtingaanwijzer\/#breadcrumb\",\"itemListElement\":[{\"@type\":\"ListItem\",\"position\":1,\"name\":\"Home\",\"item\":\"https:\/\/www.alldayled.com\/de\/\"},{\"@type\":\"ListItem\",\"position\":2,\"name\":\"Shop\",\"item\":\"https:\/\/www.alldayled.com\/de\/shop\/\"},{\"@type\":\"ListItem\",\"position\":3,\"name\":\"Positionsleuchten\",\"item\":\"https:\/\/www.alldayled.com\/de\/produkt-kategorie\/positionslichter\/\"},{\"@type\":\"ListItem\",\"position\":4,\"name\":\"Markierungsleuchten\",\"item\":\"https:\/\/www.alldayled.com\/de\/produkt-kategorie\/positionslichter\/markeringslampen\/\"},{\"@type\":\"ListItem\",\"position\":5,\"name\":\"M-LED classic Markierungsleuchte mit Blinker\"}]},{\"@type\":\"WebSite\",\"@id\":\"https:\/\/www.alldayled.com\/de\/#website\",\"url\":\"https:\/\/www.alldayled.com\/de\/\",\"name\":\"All Day Led\",\"description\":\"Verlichting voor 12&amp;24 volt gebruik\",\"publisher\":{\"@id\":\"https:\/\/www.alldayled.com\/de\/#organization\"},\"potentialAction\":[{\"@type\":\"SearchAction\",\"target\":{\"@type\":\"EntryPoint\",\"urlTemplate\":\"https:\/\/www.alldayled.com\/de\/?s={search_term_string}\"},\"query-input\":{\"@type\":\"PropertyValueSpecification\",\"valueRequired\":true,\"valueName\":\"search_term_string\"}}],\"inLanguage\":\"de\"},{\"@type\":\"Organization\",\"@id\":\"https:\/\/www.alldayled.com\/de\/#organization\",\"name\":\"All Day Led\",\"url\":\"https:\/\/www.alldayled.com\/de\/\",\"logo\":{\"@type\":\"ImageObject\",\"inLanguage\":\"de\",\"@id\":\"https:\/\/www.alldayled.com\/de\/#\/schema\/logo\/image\/\",\"url\":\"https:\/\/www.alldayled.com\/wp-content\/uploads\/2025\/10\/Logo-ALL-DAY-LED-800x800-zwart-witte-letters.png\",\"contentUrl\":\"https:\/\/www.alldayled.com\/wp-content\/uploads\/2025\/10\/Logo-ALL-DAY-LED-800x800-zwart-witte-letters.png\",\"width\":800,\"height\":800,\"caption\":\"All Day Led\"},\"image\":{\"@id\":\"https:\/\/www.alldayled.com\/de\/#\/schema\/logo\/image\/\"},\"sameAs\":[\"https:\/\/www.facebook.com\/alldayled\/\",\"https:\/\/www.instagram.com\/alldayled\/\"],\"vatID\":\"NL863960133B01\",\"taxID\":\"86416545\"}]}<\/script>\n<meta property=\"product:brand\" content=\"M-LED\" \/>\n<meta property=\"product:price:amount\" content=\"24.75\" \/>\n<meta property=\"product:price:currency\" content=\"EUR\" \/>\n<meta property=\"og:availability\" content=\"instock\" \/>\n<meta property=\"product:availability\" content=\"instock\" \/>\n<meta property=\"product:retailer_item_id\" content=\"ADL20425\" \/>\n<meta property=\"product:condition\" content=\"new\" \/>\n<!-- \/ Yoast SEO Premium plugin. -->","yoast_head_json":{"title":"M-LED classic Markierungsleuchte mit Blinker - All Day Led - 12 & 24 Volt","description":"M-LED classic Markierungsleuchte mit Blinker, f\u00fcr Auto, LKW und mehr, 12 & 24 V Betrieb, 3 LED-Punkte, mit Reflektor, ECE R148 + R150","robots":{"index":"index","follow":"follow","max-snippet":"max-snippet:-1","max-image-preview":"max-image-preview:large","max-video-preview":"max-video-preview:-1"},"canonical":"https:\/\/www.alldayled.com\/de\/produkt\/m-led-classic-markeringslamp-met-richtingaanwijzer\/","og_locale":"de_DE","og_type":"article","og_title":"M-LED classic Markierungsleuchte mit Blinker - All Day Led - 12 & 24 Volt","og_description":"M-LED classic Markierungsleuchte mit Blinker, f\u00fcr Auto, LKW und mehr, 12 & 24 V Betrieb, 3 LED-Punkte, mit Reflektor, ECE R148 + R150","og_url":"https:\/\/www.alldayled.com\/de\/produkt\/m-led-classic-markeringslamp-met-richtingaanwijzer\/","og_site_name":"All Day Led","article_publisher":"https:\/\/www.facebook.com\/alldayled\/","article_modified_time":"2026-02-05T12:45:46+00:00","og_image":[{"url":"https:\/\/www.alldayled.com\/wp-content\/uploads\/2025\/12\/ADL20845-SM-300x300.png","type":"","width":"","height":""}],"twitter_misc":{"Preis":"&euro;&nbsp;24,75","Verf\u00fcgbarkeit":"Auf Lager"},"schema":{"@context":"https:\/\/schema.org","@graph":[{"@type":"WebPage","@id":"https:\/\/www.alldayled.com\/de\/produkt\/m-led-classic-markeringslamp-met-richtingaanwijzer\/","url":"https:\/\/www.alldayled.com\/de\/produkt\/m-led-classic-markeringslamp-met-richtingaanwijzer\/","name":"M-LED classic Markierungsleuchte mit Blinker - All Day Led - 12 & 24 Volt","isPartOf":{"@id":"https:\/\/www.alldayled.com\/de\/#website"},"primaryImageOfPage":{"@id":"https:\/\/www.alldayled.com\/de\/produkt\/m-led-classic-markeringslamp-met-richtingaanwijzer\/#primaryimage"},"image":{"@id":"https:\/\/www.alldayled.com\/de\/produkt\/m-led-classic-markeringslamp-met-richtingaanwijzer\/#primaryimage"},"thumbnailUrl":"https:\/\/www.alldayled.com\/wp-content\/uploads\/2026\/01\/ADL20425.png","datePublished":"2025-12-18T10:55:55+00:00","dateModified":"2026-02-05T12:45:46+00:00","description":"M-LED classic Markierungsleuchte mit Blinker, f\u00fcr Auto, LKW und mehr, 12 & 24 V Betrieb, 3 LED-Punkte, mit Reflektor, ECE R148 + R150","breadcrumb":{"@id":"https:\/\/www.alldayled.com\/de\/produkt\/m-led-classic-markeringslamp-met-richtingaanwijzer\/#breadcrumb"},"inLanguage":"de","potentialAction":[{"@type":"ReadAction","target":["https:\/\/www.alldayled.com\/de\/produkt\/m-led-classic-markeringslamp-met-richtingaanwijzer\/"]}]},{"@type":"ImageObject","inLanguage":"de","@id":"https:\/\/www.alldayled.com\/de\/produkt\/m-led-classic-markeringslamp-met-richtingaanwijzer\/#primaryimage","url":"https:\/\/www.alldayled.com\/wp-content\/uploads\/2026\/01\/ADL20425.png","contentUrl":"https:\/\/www.alldayled.com\/wp-content\/uploads\/2026\/01\/ADL20425.png","width":800,"height":600,"caption":"M-LED classic Markierungsleuchte mit Blinker \u2013 f\u00fcr Auto, LKW, Anh\u00e4nger und mehr \u2013 12 &amp; 24 V Betrieb \u2013 LED-Punkte \u2013 mit Reflektor \u2013 ECE R148 + R150 \u2013 Hella Ref. 2PS 004 361-001 und 2PS 002 727-001"},{"@type":"BreadcrumbList","@id":"https:\/\/www.alldayled.com\/de\/produkt\/m-led-classic-markeringslamp-met-richtingaanwijzer\/#breadcrumb","itemListElement":[{"@type":"ListItem","position":1,"name":"Home","item":"https:\/\/www.alldayled.com\/de\/"},{"@type":"ListItem","position":2,"name":"Shop","item":"https:\/\/www.alldayled.com\/de\/shop\/"},{"@type":"ListItem","position":3,"name":"Positionsleuchten","item":"https:\/\/www.alldayled.com\/de\/produkt-kategorie\/positionslichter\/"},{"@type":"ListItem","position":4,"name":"Markierungsleuchten","item":"https:\/\/www.alldayled.com\/de\/produkt-kategorie\/positionslichter\/markeringslampen\/"},{"@type":"ListItem","position":5,"name":"M-LED classic Markierungsleuchte mit Blinker"}]},{"@type":"WebSite","@id":"https:\/\/www.alldayled.com\/de\/#website","url":"https:\/\/www.alldayled.com\/de\/","name":"All Day Led","description":"Verlichting voor 12&amp;24 volt gebruik","publisher":{"@id":"https:\/\/www.alldayled.com\/de\/#organization"},"potentialAction":[{"@type":"SearchAction","target":{"@type":"EntryPoint","urlTemplate":"https:\/\/www.alldayled.com\/de\/?s={search_term_string}"},"query-input":{"@type":"PropertyValueSpecification","valueRequired":true,"valueName":"search_term_string"}}],"inLanguage":"de"},{"@type":"Organization","@id":"https:\/\/www.alldayled.com\/de\/#organization","name":"All Day Led","url":"https:\/\/www.alldayled.com\/de\/","logo":{"@type":"ImageObject","inLanguage":"de","@id":"https:\/\/www.alldayled.com\/de\/#\/schema\/logo\/image\/","url":"https:\/\/www.alldayled.com\/wp-content\/uploads\/2025\/10\/Logo-ALL-DAY-LED-800x800-zwart-witte-letters.png","contentUrl":"https:\/\/www.alldayled.com\/wp-content\/uploads\/2025\/10\/Logo-ALL-DAY-LED-800x800-zwart-witte-letters.png","width":800,"height":800,"caption":"All Day Led"},"image":{"@id":"https:\/\/www.alldayled.com\/de\/#\/schema\/logo\/image\/"},"sameAs":["https:\/\/www.facebook.com\/alldayled\/","https:\/\/www.instagram.com\/alldayled\/"],"vatID":"NL863960133B01","taxID":"86416545"}]},"product_brand":"M-LED","product_price_amount":"24.75","product_price_currency":"EUR","og_availability":"instock","product_availability":"instock","product_retailer_item_id":"ADL20425","product_condition":"new"},"_links":{"self":[{"href":"https:\/\/www.alldayled.com\/de\/wp-json\/wp\/v2\/product\/79498","targetHints":{"allow":["GET"]}}],"collection":[{"href":"https:\/\/www.alldayled.com\/de\/wp-json\/wp\/v2\/product"}],"about":[{"href":"https:\/\/www.alldayled.com\/de\/wp-json\/wp\/v2\/types\/product"}],"replies":[{"embeddable":true,"href":"https:\/\/www.alldayled.com\/de\/wp-json\/wp\/v2\/comments?post=79498"}],"wp:featuredmedia":[{"embeddable":true,"href":"https:\/\/www.alldayled.com\/de\/wp-json\/wp\/v2\/media\/80368"}],"wp:attachment":[{"href":"https:\/\/www.alldayled.com\/de\/wp-json\/wp\/v2\/media?parent=79498"}],"wp:term":[{"taxonomy":"product_brand","embeddable":true,"href":"https:\/\/www.alldayled.com\/de\/wp-json\/wp\/v2\/product_brand?post=79498"},{"taxonomy":"product_cat","embeddable":true,"href":"https:\/\/www.alldayled.com\/de\/wp-json\/wp\/v2\/product_cat?post=79498"},{"taxonomy":"product_tag","embeddable":true,"href":"https:\/\/www.alldayled.com\/de\/wp-json\/wp\/v2\/product_tag?post=79498"}],"curies":[{"name":"wp","href":"https:\/\/api.w.org\/{rel}","templated":true}]}}