{"id":79590,"date":"2025-12-18T12:10:01","date_gmt":"2025-12-18T11:10:01","guid":{"rendered":"https:\/\/www.alldayled.com\/product\/m-led-edge-30w-werklamp\/"},"modified":"2026-03-18T13:02:58","modified_gmt":"2026-03-18T12:02:58","slug":"m-led-edge-30w-werklamp","status":"publish","type":"product","link":"https:\/\/www.alldayled.com\/de\/produkt\/m-led-edge-30w-werklamp\/","title":{"rendered":"M-LED EDGE Lampe 30W"},"content":{"rendered":"<p><span style=\"color: #000000;\"><strong>M-LED EDGE Lampe 30w Black-Serie, f\u00fcr 12 &amp; 24 Volt.<\/strong><\/span><\/p>\n<p><span style=\"color: #000000;\">Bist du auf der Suche nach einem kompakten LED-Arbeitsscheinwerfer mit einem coolen, dunklen Look? Dann ist der M-LED EDGE 30W eine sehr gute Wahl. Dieser Arbeitsscheinwerfer kombiniert ein modernes Geh\u00e4use mit 6 effizienten LED-Punkten, die zusammen beeindruckende 3700 Lumen an Arbeitslicht liefern. Dank der breiten Lichtstreuung und der abgerundeten Linsenr\u00e4nder erh\u00e4ltst du ein gleichm\u00e4\u00dfiges Lichtbild, das ideal f\u00fcr den Einsatz im Dunkeln oder an schlecht beleuchteten Arbeitspl\u00e4tzen ist. Au\u00dferdem funktioniert die Lampe mit 12 und 24 Volt, wodurch sie unter anderem f\u00fcr LKWs, Landmaschinen, Gel\u00e4ndefahrzeuge, Anh\u00e4nger und Transporter geeignet ist.    <\/span><\/p>\n<p><span style=\"color: #000000;\">Um sicherzustellen, dass der M-LED EDGE 30W auch technisch deinen Anforderungen entspricht, haben wir die wichtigsten Eigenschaften f\u00fcr dich zusammengefasst. Die Lampe ist mit ATM (Active Thermal Management) ausgestattet, wodurch die Lichtintensit\u00e4t automatisch angepasst wird, wenn die Temperatur steigt. Dadurch bleibt die Lampe stabil und h\u00e4lt l\u00e4nger. Dar\u00fcber hinaus verf\u00fcgt dieser Arbeitsscheinwerfer \u00fcber EMC CISPR25 Class 4 und ECE R10, was bedeutet, dass er keine St\u00f6rungen an Radio- oder Bordelektronik verursacht. Dank des IP67\/IP69K-Pr\u00fcfzeichens ist er vollst\u00e4ndig staub- und wasserdicht und best\u00e4ndig gegen Hochdruckreinigung. Die mitgelieferte Edelstahlhalterung und ein 2 Meter langes Anschlusskabel machen die Montage einfach und professionell.     <\/span><\/p>\n<h5><span style=\"color: #000000;\"><strong>Abmessungen:<\/strong><\/span><\/h5>\n<p><span style=\"color: #000000;\">Da du vor dem Kauf sicherstellen m\u00f6chtest, dass diese LED-Lampe an die Stelle passt, an der du sie montieren m\u00f6chtest, m\u00f6chtest du nat\u00fcrlich die genauen Abmessungen haben. Die Abmessungen der M-LED EDGE Lampe 30W mit 6 LED-Punkten sind wie folgt: <\/span><\/p>\n<ul>\n<li><span style=\"color: #000000;\">H\u00f6he: 36 mm (46<\/span><span style=\"color: #000000;\"> mm inkl. Befestigung)<\/span><\/li>\n<li><span style=\"color: #000000;\">Breite: 171 mm<\/span><\/li>\n<li><span style=\"color: #000000;\">Dicke: 56 mm<\/span><\/li>\n<\/ul>\n<h5><span style=\"color: #000000;\"><strong>Andere Versionen:<\/strong><\/span><\/h5>\n<p><span style=\"color: #000000;\">Bist du zwar auf der Suche nach einem EDGE-Arbeitsscheinwerfer von M-LED, aber die Black Series 30W ist nicht ganz das, was du suchst? Dann hast du Gl\u00fcck, denn der Mobiled WL358-Arbeitsscheinwerfer ist auch in mehreren Varianten erh\u00e4ltlich. Hier unten findest du alle Modelle, die wir in unser Sortiment aufgenommen haben.  <\/span><\/p>\n<ul>\n<li><span style=\"color: #000000;\"><a style=\"color: #000000;\" href=\"https:\/\/www.alldayled.com\/de\/produkt\/m-led-edge-werklamp-30w\/\"><strong>M-LED Arbeitsscheinwerfer 30w<\/strong><\/a><\/span><\/li>\n<li><span style=\"color: #000000;\"><a style=\"color: #000000;\" href=\"https:\/\/www.alldayled.com\/de\/produkt\/m-led-edge-werklamp-40w\/\"><strong>M-LED Arbeitsscheinwerfer 40w<\/strong><\/a><\/span><\/li>\n<li><span style=\"color: #000000;\"><a style=\"color: #000000;\" href=\"https:\/\/www.alldayled.com\/de\/produkt\/m-led-edge-werklamp-65w\/\"><strong>M-LED Arbeitsscheinwerfer 65W<\/strong><\/a><\/span><\/li>\n<\/ul>\n<div class=\"truncated\">\n<p><span style=\"color: #000000;\">Bist du dennoch der Meinung, dass der M-LED EDGE Arbeitsscheinwerfer 30w nicht das ist, wonach du suchst? Einfach, weil die Lichtleistung, Wattzahl oder Form nicht deinen W\u00fcnschen entspricht? Dann schau dir hier das komplette Angebot von <a style=\"color: #000000;\" href=\"https:\/\/www.alldayled.com\/de\/marke\/product-m-led\/\" target=\"_blank\" rel=\"noopener\">M-LED\/Mobiled<\/a> an. Vielleicht findest du hier die LED-Lampe, die du suchst.   <\/span><\/p>\n<\/div>\n","protected":false},"excerpt":{"rendered":"<p>Flacher LED Arbeitsscheinwerfer mit 6 LED-Punkten und schr\u00e4gem Winkel f\u00fcr ein breiteres Lichtbild!<\/p>\n","protected":false},"featured_media":79360,"comment_status":"open","ping_status":"closed","template":"","meta":{"_acf_changed":false},"product_brand":[6499],"product_cat":[5340],"product_tag":[],"class_list":{"0":"post-79590","1":"product","2":"type-product","3":"status-publish","4":"has-post-thumbnail","6":"product_brand-product-m-led","7":"product_cat-werklamp-overig","9":"first","10":"instock","11":"taxable","12":"shipping-taxable","13":"purchasable","14":"product-type-simple"},"acf":[],"yoast_head":"<!-- This site is optimized with the Yoast SEO Premium plugin v26.5 (Yoast SEO v27.1.1) - https:\/\/yoast.com\/product\/yoast-seo-premium-wordpress\/ -->\n<title>M-LED EDGE 30W Lampe - All Day Led - geeignet f\u00fcr 12&amp;24 Volt<\/title>\n<meta name=\"description\" content=\"M-LED EDGE 30W Lampe - f\u00fcr Auto, LKW, Anh\u00e4nger und mehr - leichter LED Arbeitsscheinwerfer f\u00fcr 12 &amp; 24 Volt - mit 2m Kabel - 3700 Lumen\" \/>\n<meta name=\"robots\" content=\"index, follow, max-snippet:-1, max-image-preview:large, max-video-preview:-1\" \/>\n<link rel=\"canonical\" href=\"https:\/\/www.alldayled.com\/de\/produkt\/m-led-edge-30w-werklamp\/\" \/>\n<meta property=\"og:locale\" content=\"de_DE\" \/>\n<meta property=\"og:type\" content=\"article\" \/>\n<meta property=\"og:title\" content=\"M-LED EDGE 30W Lampe - All Day Led - geeignet f\u00fcr 12&amp;24 Volt\" \/>\n<meta property=\"og:description\" content=\"M-LED EDGE 30W Lampe - f\u00fcr Auto, LKW, Anh\u00e4nger und mehr - leichter LED Arbeitsscheinwerfer f\u00fcr 12 &amp; 24 Volt - mit 2m Kabel - 3700 Lumen\" \/>\n<meta property=\"og:url\" content=\"https:\/\/www.alldayled.com\/de\/produkt\/m-led-edge-30w-werklamp\/\" \/>\n<meta property=\"og:site_name\" content=\"All Day Led\" \/>\n<meta property=\"article:publisher\" content=\"https:\/\/www.facebook.com\/alldayled\/\" \/>\n<meta property=\"article:modified_time\" content=\"2026-03-18T12:02:58+00:00\" \/>\n<meta property=\"og:image\" content=\"https:\/\/www.alldayled.com\/wp-content\/uploads\/2025\/12\/ADL20407-SM-300x300.png\" \/>\n<meta name=\"twitter:label1\" content=\"Preis\" \/>\n\t<meta name=\"twitter:data1\" content=\"&euro;&nbsp;49,55\" \/>\n\t<meta name=\"twitter:label2\" content=\"Verf\u00fcgbarkeit\" \/>\n\t<meta name=\"twitter:data2\" content=\"Auf Lager\" \/>\n<script type=\"application\/ld+json\" class=\"yoast-schema-graph\">{\"@context\":\"https:\/\/schema.org\",\"@graph\":[{\"@type\":\"WebPage\",\"@id\":\"https:\/\/www.alldayled.com\/de\/produkt\/m-led-edge-30w-werklamp\/\",\"url\":\"https:\/\/www.alldayled.com\/de\/produkt\/m-led-edge-30w-werklamp\/\",\"name\":\"M-LED EDGE 30W Lampe - All Day Led - geeignet f\u00fcr 12&24 Volt\",\"isPartOf\":{\"@id\":\"https:\/\/www.alldayled.com\/de\/#website\"},\"primaryImageOfPage\":{\"@id\":\"https:\/\/www.alldayled.com\/de\/produkt\/m-led-edge-30w-werklamp\/#primaryimage\"},\"image\":{\"@id\":\"https:\/\/www.alldayled.com\/de\/produkt\/m-led-edge-30w-werklamp\/#primaryimage\"},\"thumbnailUrl\":\"https:\/\/www.alldayled.com\/wp-content\/uploads\/2025\/12\/ADL20407.png\",\"datePublished\":\"2025-12-18T11:10:01+00:00\",\"dateModified\":\"2026-03-18T12:02:58+00:00\",\"description\":\"M-LED EDGE 30W Lampe - f\u00fcr Auto, LKW, Anh\u00e4nger und mehr - leichter LED Arbeitsscheinwerfer f\u00fcr 12 & 24 Volt - mit 2m Kabel - 3700 Lumen\",\"breadcrumb\":{\"@id\":\"https:\/\/www.alldayled.com\/de\/produkt\/m-led-edge-30w-werklamp\/#breadcrumb\"},\"inLanguage\":\"de\",\"potentialAction\":[{\"@type\":\"ReadAction\",\"target\":[\"https:\/\/www.alldayled.com\/de\/produkt\/m-led-edge-30w-werklamp\/\"]}]},{\"@type\":\"ImageObject\",\"inLanguage\":\"de\",\"@id\":\"https:\/\/www.alldayled.com\/de\/produkt\/m-led-edge-30w-werklamp\/#primaryimage\",\"url\":\"https:\/\/www.alldayled.com\/wp-content\/uploads\/2025\/12\/ADL20407.png\",\"contentUrl\":\"https:\/\/www.alldayled.com\/wp-content\/uploads\/2025\/12\/ADL20407.png\",\"width\":800,\"height\":600,\"caption\":\"M-LED EDGE Lampe 30W - LED Lampe f\u00fcr z.B. Auto, LKW, Anh\u00e4nger, Bootstrailer, Pferdeanh\u00e4nger, Schaufel, Bagger, Wohnmobil oder andere Fahrzeugtypen - mit DT2 Anschlusskabel - mit EMC CISPR25 Class 4 Pr\u00fcfzeichen - kleiner LED Arbeitsscheinwerfer f\u00fcr 12 und 24 Volt Betrieb - Mobiled \/ M-LED WL407\"},{\"@type\":\"BreadcrumbList\",\"@id\":\"https:\/\/www.alldayled.com\/de\/produkt\/m-led-edge-30w-werklamp\/#breadcrumb\",\"itemListElement\":[{\"@type\":\"ListItem\",\"position\":1,\"name\":\"Home\",\"item\":\"https:\/\/www.alldayled.com\/de\/\"},{\"@type\":\"ListItem\",\"position\":2,\"name\":\"Shop\",\"item\":\"https:\/\/www.alldayled.com\/de\/shop\/\"},{\"@type\":\"ListItem\",\"position\":3,\"name\":\"Arbeitsscheinwerfer\",\"item\":\"https:\/\/www.alldayled.com\/de\/produkt-kategorie\/arbeitsscheinwerfer\/\"},{\"@type\":\"ListItem\",\"position\":4,\"name\":\"Arbeitsscheinwerfer sonstig\",\"item\":\"https:\/\/www.alldayled.com\/de\/produkt-kategorie\/arbeitsscheinwerfer\/werklamp-overig\/\"},{\"@type\":\"ListItem\",\"position\":5,\"name\":\"M-LED EDGE Lampe 30W\"}]},{\"@type\":\"WebSite\",\"@id\":\"https:\/\/www.alldayled.com\/de\/#website\",\"url\":\"https:\/\/www.alldayled.com\/de\/\",\"name\":\"All Day Led\",\"description\":\"Verlichting voor 12&amp;24 volt gebruik\",\"publisher\":{\"@id\":\"https:\/\/www.alldayled.com\/de\/#organization\"},\"potentialAction\":[{\"@type\":\"SearchAction\",\"target\":{\"@type\":\"EntryPoint\",\"urlTemplate\":\"https:\/\/www.alldayled.com\/de\/?s={search_term_string}\"},\"query-input\":{\"@type\":\"PropertyValueSpecification\",\"valueRequired\":true,\"valueName\":\"search_term_string\"}}],\"inLanguage\":\"de\"},{\"@type\":\"Organization\",\"@id\":\"https:\/\/www.alldayled.com\/de\/#organization\",\"name\":\"All Day Led\",\"url\":\"https:\/\/www.alldayled.com\/de\/\",\"logo\":{\"@type\":\"ImageObject\",\"inLanguage\":\"de\",\"@id\":\"https:\/\/www.alldayled.com\/de\/#\/schema\/logo\/image\/\",\"url\":\"https:\/\/www.alldayled.com\/wp-content\/uploads\/2025\/10\/Logo-ALL-DAY-LED-800x800-zwart-witte-letters.png\",\"contentUrl\":\"https:\/\/www.alldayled.com\/wp-content\/uploads\/2025\/10\/Logo-ALL-DAY-LED-800x800-zwart-witte-letters.png\",\"width\":800,\"height\":800,\"caption\":\"All Day Led\"},\"image\":{\"@id\":\"https:\/\/www.alldayled.com\/de\/#\/schema\/logo\/image\/\"},\"sameAs\":[\"https:\/\/www.facebook.com\/alldayled\/\",\"https:\/\/www.instagram.com\/alldayled\/\"],\"vatID\":\"NL863960133B01\",\"taxID\":\"86416545\"}]}<\/script>\n<meta property=\"product:brand\" content=\"M-LED\" \/>\n<meta property=\"product:price:amount\" content=\"49.55\" \/>\n<meta property=\"product:price:currency\" content=\"EUR\" \/>\n<meta property=\"og:availability\" content=\"instock\" \/>\n<meta property=\"product:availability\" content=\"instock\" \/>\n<meta property=\"product:retailer_item_id\" content=\"ADL20407\" \/>\n<meta property=\"product:condition\" content=\"new\" \/>\n<!-- \/ Yoast SEO Premium plugin. -->","yoast_head_json":{"title":"M-LED EDGE 30W Lampe - All Day Led - geeignet f\u00fcr 12&24 Volt","description":"M-LED EDGE 30W Lampe - f\u00fcr Auto, LKW, Anh\u00e4nger und mehr - leichter LED Arbeitsscheinwerfer f\u00fcr 12 & 24 Volt - mit 2m Kabel - 3700 Lumen","robots":{"index":"index","follow":"follow","max-snippet":"max-snippet:-1","max-image-preview":"max-image-preview:large","max-video-preview":"max-video-preview:-1"},"canonical":"https:\/\/www.alldayled.com\/de\/produkt\/m-led-edge-30w-werklamp\/","og_locale":"de_DE","og_type":"article","og_title":"M-LED EDGE 30W Lampe - All Day Led - geeignet f\u00fcr 12&24 Volt","og_description":"M-LED EDGE 30W Lampe - f\u00fcr Auto, LKW, Anh\u00e4nger und mehr - leichter LED Arbeitsscheinwerfer f\u00fcr 12 & 24 Volt - mit 2m Kabel - 3700 Lumen","og_url":"https:\/\/www.alldayled.com\/de\/produkt\/m-led-edge-30w-werklamp\/","og_site_name":"All Day Led","article_publisher":"https:\/\/www.facebook.com\/alldayled\/","article_modified_time":"2026-03-18T12:02:58+00:00","og_image":[{"url":"https:\/\/www.alldayled.com\/wp-content\/uploads\/2025\/12\/ADL20407-SM-300x300.png","type":"","width":"","height":""}],"twitter_misc":{"Preis":"&euro;&nbsp;49,55","Verf\u00fcgbarkeit":"Auf Lager"},"schema":{"@context":"https:\/\/schema.org","@graph":[{"@type":"WebPage","@id":"https:\/\/www.alldayled.com\/de\/produkt\/m-led-edge-30w-werklamp\/","url":"https:\/\/www.alldayled.com\/de\/produkt\/m-led-edge-30w-werklamp\/","name":"M-LED EDGE 30W Lampe - All Day Led - geeignet f\u00fcr 12&24 Volt","isPartOf":{"@id":"https:\/\/www.alldayled.com\/de\/#website"},"primaryImageOfPage":{"@id":"https:\/\/www.alldayled.com\/de\/produkt\/m-led-edge-30w-werklamp\/#primaryimage"},"image":{"@id":"https:\/\/www.alldayled.com\/de\/produkt\/m-led-edge-30w-werklamp\/#primaryimage"},"thumbnailUrl":"https:\/\/www.alldayled.com\/wp-content\/uploads\/2025\/12\/ADL20407.png","datePublished":"2025-12-18T11:10:01+00:00","dateModified":"2026-03-18T12:02:58+00:00","description":"M-LED EDGE 30W Lampe - f\u00fcr Auto, LKW, Anh\u00e4nger und mehr - leichter LED Arbeitsscheinwerfer f\u00fcr 12 & 24 Volt - mit 2m Kabel - 3700 Lumen","breadcrumb":{"@id":"https:\/\/www.alldayled.com\/de\/produkt\/m-led-edge-30w-werklamp\/#breadcrumb"},"inLanguage":"de","potentialAction":[{"@type":"ReadAction","target":["https:\/\/www.alldayled.com\/de\/produkt\/m-led-edge-30w-werklamp\/"]}]},{"@type":"ImageObject","inLanguage":"de","@id":"https:\/\/www.alldayled.com\/de\/produkt\/m-led-edge-30w-werklamp\/#primaryimage","url":"https:\/\/www.alldayled.com\/wp-content\/uploads\/2025\/12\/ADL20407.png","contentUrl":"https:\/\/www.alldayled.com\/wp-content\/uploads\/2025\/12\/ADL20407.png","width":800,"height":600,"caption":"M-LED EDGE Lampe 30W - LED Lampe f\u00fcr z.B. Auto, LKW, Anh\u00e4nger, Bootstrailer, Pferdeanh\u00e4nger, Schaufel, Bagger, Wohnmobil oder andere Fahrzeugtypen - mit DT2 Anschlusskabel - mit EMC CISPR25 Class 4 Pr\u00fcfzeichen - kleiner LED Arbeitsscheinwerfer f\u00fcr 12 und 24 Volt Betrieb - Mobiled \/ M-LED WL407"},{"@type":"BreadcrumbList","@id":"https:\/\/www.alldayled.com\/de\/produkt\/m-led-edge-30w-werklamp\/#breadcrumb","itemListElement":[{"@type":"ListItem","position":1,"name":"Home","item":"https:\/\/www.alldayled.com\/de\/"},{"@type":"ListItem","position":2,"name":"Shop","item":"https:\/\/www.alldayled.com\/de\/shop\/"},{"@type":"ListItem","position":3,"name":"Arbeitsscheinwerfer","item":"https:\/\/www.alldayled.com\/de\/produkt-kategorie\/arbeitsscheinwerfer\/"},{"@type":"ListItem","position":4,"name":"Arbeitsscheinwerfer sonstig","item":"https:\/\/www.alldayled.com\/de\/produkt-kategorie\/arbeitsscheinwerfer\/werklamp-overig\/"},{"@type":"ListItem","position":5,"name":"M-LED EDGE Lampe 30W"}]},{"@type":"WebSite","@id":"https:\/\/www.alldayled.com\/de\/#website","url":"https:\/\/www.alldayled.com\/de\/","name":"All Day Led","description":"Verlichting voor 12&amp;24 volt gebruik","publisher":{"@id":"https:\/\/www.alldayled.com\/de\/#organization"},"potentialAction":[{"@type":"SearchAction","target":{"@type":"EntryPoint","urlTemplate":"https:\/\/www.alldayled.com\/de\/?s={search_term_string}"},"query-input":{"@type":"PropertyValueSpecification","valueRequired":true,"valueName":"search_term_string"}}],"inLanguage":"de"},{"@type":"Organization","@id":"https:\/\/www.alldayled.com\/de\/#organization","name":"All Day Led","url":"https:\/\/www.alldayled.com\/de\/","logo":{"@type":"ImageObject","inLanguage":"de","@id":"https:\/\/www.alldayled.com\/de\/#\/schema\/logo\/image\/","url":"https:\/\/www.alldayled.com\/wp-content\/uploads\/2025\/10\/Logo-ALL-DAY-LED-800x800-zwart-witte-letters.png","contentUrl":"https:\/\/www.alldayled.com\/wp-content\/uploads\/2025\/10\/Logo-ALL-DAY-LED-800x800-zwart-witte-letters.png","width":800,"height":800,"caption":"All Day Led"},"image":{"@id":"https:\/\/www.alldayled.com\/de\/#\/schema\/logo\/image\/"},"sameAs":["https:\/\/www.facebook.com\/alldayled\/","https:\/\/www.instagram.com\/alldayled\/"],"vatID":"NL863960133B01","taxID":"86416545"}]},"product_brand":"M-LED","product_price_amount":"49.55","product_price_currency":"EUR","og_availability":"instock","product_availability":"instock","product_retailer_item_id":"ADL20407","product_condition":"new"},"_links":{"self":[{"href":"https:\/\/www.alldayled.com\/de\/wp-json\/wp\/v2\/product\/79590","targetHints":{"allow":["GET"]}}],"collection":[{"href":"https:\/\/www.alldayled.com\/de\/wp-json\/wp\/v2\/product"}],"about":[{"href":"https:\/\/www.alldayled.com\/de\/wp-json\/wp\/v2\/types\/product"}],"replies":[{"embeddable":true,"href":"https:\/\/www.alldayled.com\/de\/wp-json\/wp\/v2\/comments?post=79590"}],"wp:featuredmedia":[{"embeddable":true,"href":"https:\/\/www.alldayled.com\/de\/wp-json\/wp\/v2\/media\/79360"}],"wp:attachment":[{"href":"https:\/\/www.alldayled.com\/de\/wp-json\/wp\/v2\/media?parent=79590"}],"wp:term":[{"taxonomy":"product_brand","embeddable":true,"href":"https:\/\/www.alldayled.com\/de\/wp-json\/wp\/v2\/product_brand?post=79590"},{"taxonomy":"product_cat","embeddable":true,"href":"https:\/\/www.alldayled.com\/de\/wp-json\/wp\/v2\/product_cat?post=79590"},{"taxonomy":"product_tag","embeddable":true,"href":"https:\/\/www.alldayled.com\/de\/wp-json\/wp\/v2\/product_tag?post=79590"}],"curies":[{"name":"wp","href":"https:\/\/api.w.org\/{rel}","templated":true}]}}