{"id":79904,"date":"2026-01-29T09:26:05","date_gmt":"2026-01-29T08:26:05","guid":{"rendered":"https:\/\/www.alldayled.com\/?post_type=product&#038;p=79904"},"modified":"2026-02-24T15:14:47","modified_gmt":"2026-02-24T14:14:47","slug":"strands-skylord-led-bar-40%e2%80%b3","status":"publish","type":"product","link":"https:\/\/www.alldayled.com\/de\/produkt\/strands-skylord-led-bar-40%e2%80%b3\/","title":{"rendered":"Strands Skylord LED bar &#8211; 40\u2033"},"content":{"rendered":"<p><span style=\"color: #000000;\"><strong>Strands Skylord LED bar 40 Zoll, f\u00fcr 12 &amp; 24 Volt.<\/strong><\/span><\/p>\n<p><span style=\"color: #000000;\">Willst du dein Fahrzeug mit einer LED bar ausstatten, die wirklich auff\u00e4llt und maximale Sichtbarkeit bietet? Dann ist die Strands Skylord LED bar 40 Zoll eine ausgezeichnete Wahl! Diese leistungsstarke High-End LED bar liefert mehr als 30.100 tats\u00e4chliche Lumen im Xperience-Modus. Sie erreicht eine Reichweite von 1.090 Metern, sodass du immer eine gut beleuchtete Stra\u00dfe vor dir hast. Das einzigartige Lichtbild wurde f\u00fcr maximale Sichtbarkeit entwickelt: weit nach vorne, nah am Fahrzeug und an den Seiten. So beh\u00e4ltst du immer den \u00dcberblick \u00fcber die Stra\u00dfe und die Umgebung. Dank der integrierten dualen Lichtquelle und der DUAL COLOR Positionsleuchte stellst du das Standlicht einfach auf Wei\u00df oder Amber ein. So bestimmst du selbst den Look und die Funktion deines Fahrzeugs.       <\/span><\/p>\n<p><span style=\"color: #000000;\">Die Skylord 40 Zoll funktioniert sowohl mit 12 als auch mit 24 Volt. Sie eignet sich zum Beispiel f\u00fcr Autos, Wohnmobile, SUVs und LKW. Der E-Modus ist nach R148\/R149 E-gepr\u00fcft, wodurch die Leuchte sicher im \u00f6ffentlichen Stra\u00dfenverkehr verwendet werden kann. Das robuste, einteilige Aluminiumgeh\u00e4use und die schlagfeste Polycarbonat-Linse machen die Lampe extrem langlebig. Sie ist best\u00e4ndig gegen Wasser, Staub und raue Bedingungen (IP68\/IP69K). Die LED bar wird komplett mit 2,5 Metern Kabel, XBB-Kabelbaum, Gummis, Montagehalterungen und einem Schalter f\u00fcr das Standlicht geliefert. So ist die Installation schnell und einfach. Kurz gesagt: Die Strands Skylord LED bar 40 Zoll bietet Top-Leistung, ein schlankes Design und maximale Sichtbarkeit.       <\/span><\/p>\n<p><span style=\"color: #000000;\"><em>Hinweis: Um den Schalter korrekt anzuschlie\u00dfen, ist ein CAN-Bus-Interface erforderlich, wie zum Beispiel ein XBB.<\/em><\/span><\/p>\n<h5><span style=\"color: #000000;\"><strong>Abmessungen:<\/strong><\/span><\/h5>\n<p><span style=\"color: #000000;\">Damit du sicher sein kannst, dass die Lampe genau dorthin passt, wo du sie montieren m\u00f6chtest, haben wir die Ma\u00dfe f\u00fcr dich zusammengestellt. Die Abmessungen der Strands Skylord sind wie folgt: <\/span><\/p>\n<ul>\n<li><span style=\"color: #000000;\">H\u00f6he: 67,45 mm (73,85 mm inkl. Befestigung)<\/span><\/li>\n<li><span style=\"color: #000000;\">Breite: 986 mm<\/span><\/li>\n<li><span style=\"color: #000000;\">Tiefe: 77,95 mm<\/span><\/li>\n<\/ul>\n<h5><span style=\"color: #000000;\"><strong>Weitere Abmessungen: <\/strong><\/span><\/h5>\n<p><span style=\"color: #000000;\">Willst du eine LED bar an deinem Auto, SUV, Wohnmobil oder LKW, aber die Strands Skylord LED bar 40 Zoll passt nicht ganz zu deinen W\u00fcnschen? Vielleicht, weil du eine andere Gr\u00f6\u00dfe oder eine andere Lichtleistung suchst? Keine Sorge! Strands bietet LED bars in mehreren Gr\u00f6\u00dfen und Ausf\u00fchrungen an. So findest du immer ein Modell, das perfekt zu deinem Fahrzeug passt. Schau dir unten die verschiedenen Optionen an.     <\/span><\/p>\n<ul>\n<li><a href=\"https:\/\/www.alldayled.com\/de\/produkt\/strands-skylord-led-bar-10%e2%80%b3\/\"><span style=\"color: #000000;\"><strong>Skylord &#8211; 10 Zoll<\/strong><\/span><\/a><\/li>\n<li><a href=\"https:\/\/www.alldayled.com\/de\/produkt\/strands-skylord-led-bar-20%e2%80%b3\/\"><span style=\"color: #000000;\"><strong>Skylord &#8211; 20 Zoll<\/strong><\/span><\/a><\/li>\n<li><a href=\"https:\/\/www.alldayled.com\/de\/produkt\/strands-skylord-led-bar-30%e2%80%b3\/\"><span style=\"color: #000000;\"><strong>Skylord &#8211; 30 Zoll<\/strong><\/span><\/a><\/li>\n<\/ul>\n<p><span style=\"color: #000000;\">Hast du alle Informationen gelesen, aber zweifelst noch, ob diese Lampe wirklich f\u00fcr dich geeignet ist? Kein Problem! Sehen Sie sich hier das gesamte <a style=\"color: #000000;\" href=\"https:\/\/www.alldayled.com\/de\/marke\/product-strands-lighting-division\/\" target=\"_blank\" rel=\"noopener\">Strands<\/a>-Sortiment an und entdecken Sie, ob dort das perfekte Modell f\u00fcr Ihr Fahrzeug dabei ist.<\/span><\/p>\n","protected":false},"excerpt":{"rendered":"<p>Strands Skylord LED bar 40 Zoll, f\u00fcr 12 &amp; 24 Volt.<\/p>\n","protected":false},"featured_media":80068,"comment_status":"open","ping_status":"closed","template":"","meta":{"_acf_changed":false},"product_brand":[5114],"product_cat":[5386],"product_tag":[],"class_list":{"0":"post-79904","1":"product","2":"type-product","3":"status-publish","4":"has-post-thumbnail","6":"product_brand-product-strands-lighting-division","7":"product_cat-led-bar","9":"first","10":"onbackorder","11":"taxable","12":"shipping-taxable","13":"purchasable","14":"product-type-simple"},"acf":[],"yoast_head":"<!-- This site is optimized with the Yoast SEO Premium plugin v26.5 (Yoast SEO v27.1.1) - https:\/\/yoast.com\/product\/yoast-seo-premium-wordpress\/ -->\n<title>Strands Skylord LED bar 40 Zoll - All Day Led<\/title>\n<meta name=\"description\" content=\"Strands Skylord LED bar 40 Zoll - ECE R148 &amp; ECE 149 Zulassung - 12 &amp; 24 Volt - 30.100 Lumen - Auto, LKW, Traktor und mehr - IP67 &amp; IP69K\" \/>\n<meta name=\"robots\" content=\"index, follow, max-snippet:-1, max-image-preview:large, max-video-preview:-1\" \/>\n<link rel=\"canonical\" href=\"https:\/\/www.alldayled.com\/de\/produkt\/strands-skylord-led-bar-40%e2%80%b3\/\" \/>\n<meta property=\"og:locale\" content=\"de_DE\" \/>\n<meta property=\"og:type\" content=\"article\" \/>\n<meta property=\"og:title\" content=\"Strands Skylord LED bar 40 Zoll - All Day Led\" \/>\n<meta property=\"og:description\" content=\"Strands Skylord LED bar 40 Zoll - ECE R148 &amp; ECE 149 Zulassung - 12 &amp; 24 Volt - 30.100 Lumen - Auto, LKW, Traktor und more - IP67 &amp; IP69K\" \/>\n<meta property=\"og:url\" content=\"https:\/\/www.alldayled.com\/de\/produkt\/strands-skylord-led-bar-40%e2%80%b3\/\" \/>\n<meta property=\"og:site_name\" content=\"All Day Led\" \/>\n<meta property=\"article:publisher\" content=\"https:\/\/www.facebook.com\/alldayled\/\" \/>\n<meta property=\"article:modified_time\" content=\"2026-02-24T14:14:47+00:00\" \/>\n<meta property=\"og:image\" content=\"https:\/\/www.alldayled.com\/wp-content\/uploads\/2025\/12\/ADL02600A-SM-300x300.png\" \/>\n<meta name=\"twitter:label1\" content=\"Preis\" \/>\n\t<meta name=\"twitter:data1\" content=\"&euro;&nbsp;899,00\" \/>\n\t<meta name=\"twitter:label2\" content=\"Verf\u00fcgbarkeit\" \/>\n\t<meta name=\"twitter:data2\" content=\"bei Nachbestellung\" \/>\n<script type=\"application\/ld+json\" class=\"yoast-schema-graph\">{\"@context\":\"https:\/\/schema.org\",\"@graph\":[{\"@type\":\"WebPage\",\"@id\":\"https:\/\/www.alldayled.com\/de\/produkt\/strands-skylord-led-bar-40%e2%80%b3\/\",\"url\":\"https:\/\/www.alldayled.com\/de\/produkt\/strands-skylord-led-bar-40%e2%80%b3\/\",\"name\":\"Strands Skylord LED bar 40 Zoll - All Day Led\",\"isPartOf\":{\"@id\":\"https:\/\/www.alldayled.com\/de\/#website\"},\"primaryImageOfPage\":{\"@id\":\"https:\/\/www.alldayled.com\/de\/produkt\/strands-skylord-led-bar-40%e2%80%b3\/#primaryimage\"},\"image\":{\"@id\":\"https:\/\/www.alldayled.com\/de\/produkt\/strands-skylord-led-bar-40%e2%80%b3\/#primaryimage\"},\"thumbnailUrl\":\"https:\/\/www.alldayled.com\/wp-content\/uploads\/2026\/01\/ADL902003.png\",\"datePublished\":\"2026-01-29T08:26:05+00:00\",\"dateModified\":\"2026-02-24T14:14:47+00:00\",\"description\":\"Strands Skylord LED bar 40 Zoll - ECE R148 & ECE 149 Zulassung - 12 & 24 Volt - 30.100 Lumen - Auto, LKW, Traktor und mehr - IP67 & IP69K\",\"breadcrumb\":{\"@id\":\"https:\/\/www.alldayled.com\/de\/produkt\/strands-skylord-led-bar-40%e2%80%b3\/#breadcrumb\"},\"inLanguage\":\"de\",\"potentialAction\":[{\"@type\":\"ReadAction\",\"target\":[\"https:\/\/www.alldayled.com\/de\/produkt\/strands-skylord-led-bar-40%e2%80%b3\/\"]}]},{\"@type\":\"ImageObject\",\"inLanguage\":\"de\",\"@id\":\"https:\/\/www.alldayled.com\/de\/produkt\/strands-skylord-led-bar-40%e2%80%b3\/#primaryimage\",\"url\":\"https:\/\/www.alldayled.com\/wp-content\/uploads\/2026\/01\/ADL902003.png\",\"contentUrl\":\"https:\/\/www.alldayled.com\/wp-content\/uploads\/2026\/01\/ADL902003.png\",\"width\":800,\"height\":600,\"caption\":\"Strands Skylord LED bar 40 Zoll - DUAL COLOR Positionsleuchte orange \/ wei\u00df - ECE R148 &amp; ECE R149 - IP67 &amp; IP69K - XBB-Kabelsatz\"},{\"@type\":\"BreadcrumbList\",\"@id\":\"https:\/\/www.alldayled.com\/de\/produkt\/strands-skylord-led-bar-40%e2%80%b3\/#breadcrumb\",\"itemListElement\":[{\"@type\":\"ListItem\",\"position\":1,\"name\":\"Home\",\"item\":\"https:\/\/www.alldayled.com\/de\/\"},{\"@type\":\"ListItem\",\"position\":2,\"name\":\"Shop\",\"item\":\"https:\/\/www.alldayled.com\/de\/shop\/\"},{\"@type\":\"ListItem\",\"position\":3,\"name\":\"Scheinwerfer\",\"item\":\"https:\/\/www.alldayled.com\/de\/produkt-kategorie\/scheinwerfer\/\"},{\"@type\":\"ListItem\",\"position\":4,\"name\":\"LED Bar\",\"item\":\"https:\/\/www.alldayled.com\/de\/produkt-kategorie\/scheinwerfer\/led-bar\/\"},{\"@type\":\"ListItem\",\"position\":5,\"name\":\"Strands Skylord LED bar &#8211; 40\u2033\"}]},{\"@type\":\"WebSite\",\"@id\":\"https:\/\/www.alldayled.com\/de\/#website\",\"url\":\"https:\/\/www.alldayled.com\/de\/\",\"name\":\"All Day Led\",\"description\":\"Verlichting voor 12&amp;24 volt gebruik\",\"publisher\":{\"@id\":\"https:\/\/www.alldayled.com\/de\/#organization\"},\"potentialAction\":[{\"@type\":\"SearchAction\",\"target\":{\"@type\":\"EntryPoint\",\"urlTemplate\":\"https:\/\/www.alldayled.com\/de\/?s={search_term_string}\"},\"query-input\":{\"@type\":\"PropertyValueSpecification\",\"valueRequired\":true,\"valueName\":\"search_term_string\"}}],\"inLanguage\":\"de\"},{\"@type\":\"Organization\",\"@id\":\"https:\/\/www.alldayled.com\/de\/#organization\",\"name\":\"All Day Led\",\"url\":\"https:\/\/www.alldayled.com\/de\/\",\"logo\":{\"@type\":\"ImageObject\",\"inLanguage\":\"de\",\"@id\":\"https:\/\/www.alldayled.com\/de\/#\/schema\/logo\/image\/\",\"url\":\"https:\/\/www.alldayled.com\/wp-content\/uploads\/2025\/10\/Logo-ALL-DAY-LED-800x800-zwart-witte-letters.png\",\"contentUrl\":\"https:\/\/www.alldayled.com\/wp-content\/uploads\/2025\/10\/Logo-ALL-DAY-LED-800x800-zwart-witte-letters.png\",\"width\":800,\"height\":800,\"caption\":\"All Day Led\"},\"image\":{\"@id\":\"https:\/\/www.alldayled.com\/de\/#\/schema\/logo\/image\/\"},\"sameAs\":[\"https:\/\/www.facebook.com\/alldayled\/\",\"https:\/\/www.instagram.com\/alldayled\/\"],\"vatID\":\"NL863960133B01\",\"taxID\":\"86416545\"}]}<\/script>\n<meta property=\"product:brand\" content=\"Strands\" \/>\n<meta property=\"product:price:amount\" content=\"899.00\" \/>\n<meta property=\"product:price:currency\" content=\"EUR\" \/>\n<meta property=\"og:availability\" content=\"backorder\" \/>\n<meta property=\"product:availability\" content=\"available for order\" \/>\n<meta property=\"product:retailer_item_id\" content=\"ADL902003\" \/>\n<meta property=\"product:condition\" content=\"new\" \/>\n<!-- \/ Yoast SEO Premium plugin. -->","yoast_head_json":{"title":"Strands Skylord LED bar 40 Zoll - All Day Led","description":"Strands Skylord LED bar 40 Zoll - ECE R148 & ECE 149 Zulassung - 12 & 24 Volt - 30.100 Lumen - Auto, LKW, Traktor und mehr - IP67 & IP69K","robots":{"index":"index","follow":"follow","max-snippet":"max-snippet:-1","max-image-preview":"max-image-preview:large","max-video-preview":"max-video-preview:-1"},"canonical":"https:\/\/www.alldayled.com\/de\/produkt\/strands-skylord-led-bar-40%e2%80%b3\/","og_locale":"de_DE","og_type":"article","og_title":"Strands Skylord LED bar 40 Zoll - All Day Led","og_description":"Strands Skylord LED bar 40 Zoll - ECE R148 & ECE 149 Zulassung - 12 & 24 Volt - 30.100 Lumen - Auto, LKW, Traktor und more - IP67 & IP69K","og_url":"https:\/\/www.alldayled.com\/de\/produkt\/strands-skylord-led-bar-40%e2%80%b3\/","og_site_name":"All Day Led","article_publisher":"https:\/\/www.facebook.com\/alldayled\/","article_modified_time":"2026-02-24T14:14:47+00:00","og_image":[{"url":"https:\/\/www.alldayled.com\/wp-content\/uploads\/2025\/12\/ADL02600A-SM-300x300.png","type":"","width":"","height":""}],"twitter_misc":{"Preis":"&euro;&nbsp;899,00","Verf\u00fcgbarkeit":"bei Nachbestellung"},"schema":{"@context":"https:\/\/schema.org","@graph":[{"@type":"WebPage","@id":"https:\/\/www.alldayled.com\/de\/produkt\/strands-skylord-led-bar-40%e2%80%b3\/","url":"https:\/\/www.alldayled.com\/de\/produkt\/strands-skylord-led-bar-40%e2%80%b3\/","name":"Strands Skylord LED bar 40 Zoll - All Day Led","isPartOf":{"@id":"https:\/\/www.alldayled.com\/de\/#website"},"primaryImageOfPage":{"@id":"https:\/\/www.alldayled.com\/de\/produkt\/strands-skylord-led-bar-40%e2%80%b3\/#primaryimage"},"image":{"@id":"https:\/\/www.alldayled.com\/de\/produkt\/strands-skylord-led-bar-40%e2%80%b3\/#primaryimage"},"thumbnailUrl":"https:\/\/www.alldayled.com\/wp-content\/uploads\/2026\/01\/ADL902003.png","datePublished":"2026-01-29T08:26:05+00:00","dateModified":"2026-02-24T14:14:47+00:00","description":"Strands Skylord LED bar 40 Zoll - ECE R148 & ECE 149 Zulassung - 12 & 24 Volt - 30.100 Lumen - Auto, LKW, Traktor und mehr - IP67 & IP69K","breadcrumb":{"@id":"https:\/\/www.alldayled.com\/de\/produkt\/strands-skylord-led-bar-40%e2%80%b3\/#breadcrumb"},"inLanguage":"de","potentialAction":[{"@type":"ReadAction","target":["https:\/\/www.alldayled.com\/de\/produkt\/strands-skylord-led-bar-40%e2%80%b3\/"]}]},{"@type":"ImageObject","inLanguage":"de","@id":"https:\/\/www.alldayled.com\/de\/produkt\/strands-skylord-led-bar-40%e2%80%b3\/#primaryimage","url":"https:\/\/www.alldayled.com\/wp-content\/uploads\/2026\/01\/ADL902003.png","contentUrl":"https:\/\/www.alldayled.com\/wp-content\/uploads\/2026\/01\/ADL902003.png","width":800,"height":600,"caption":"Strands Skylord LED bar 40 Zoll - DUAL COLOR Positionsleuchte orange \/ wei\u00df - ECE R148 &amp; ECE R149 - IP67 &amp; IP69K - XBB-Kabelsatz"},{"@type":"BreadcrumbList","@id":"https:\/\/www.alldayled.com\/de\/produkt\/strands-skylord-led-bar-40%e2%80%b3\/#breadcrumb","itemListElement":[{"@type":"ListItem","position":1,"name":"Home","item":"https:\/\/www.alldayled.com\/de\/"},{"@type":"ListItem","position":2,"name":"Shop","item":"https:\/\/www.alldayled.com\/de\/shop\/"},{"@type":"ListItem","position":3,"name":"Scheinwerfer","item":"https:\/\/www.alldayled.com\/de\/produkt-kategorie\/scheinwerfer\/"},{"@type":"ListItem","position":4,"name":"LED Bar","item":"https:\/\/www.alldayled.com\/de\/produkt-kategorie\/scheinwerfer\/led-bar\/"},{"@type":"ListItem","position":5,"name":"Strands Skylord LED bar &#8211; 40\u2033"}]},{"@type":"WebSite","@id":"https:\/\/www.alldayled.com\/de\/#website","url":"https:\/\/www.alldayled.com\/de\/","name":"All Day Led","description":"Verlichting voor 12&amp;24 volt gebruik","publisher":{"@id":"https:\/\/www.alldayled.com\/de\/#organization"},"potentialAction":[{"@type":"SearchAction","target":{"@type":"EntryPoint","urlTemplate":"https:\/\/www.alldayled.com\/de\/?s={search_term_string}"},"query-input":{"@type":"PropertyValueSpecification","valueRequired":true,"valueName":"search_term_string"}}],"inLanguage":"de"},{"@type":"Organization","@id":"https:\/\/www.alldayled.com\/de\/#organization","name":"All Day Led","url":"https:\/\/www.alldayled.com\/de\/","logo":{"@type":"ImageObject","inLanguage":"de","@id":"https:\/\/www.alldayled.com\/de\/#\/schema\/logo\/image\/","url":"https:\/\/www.alldayled.com\/wp-content\/uploads\/2025\/10\/Logo-ALL-DAY-LED-800x800-zwart-witte-letters.png","contentUrl":"https:\/\/www.alldayled.com\/wp-content\/uploads\/2025\/10\/Logo-ALL-DAY-LED-800x800-zwart-witte-letters.png","width":800,"height":800,"caption":"All Day Led"},"image":{"@id":"https:\/\/www.alldayled.com\/de\/#\/schema\/logo\/image\/"},"sameAs":["https:\/\/www.facebook.com\/alldayled\/","https:\/\/www.instagram.com\/alldayled\/"],"vatID":"NL863960133B01","taxID":"86416545"}]},"product_brand":"Strands","product_price_amount":"899.00","product_price_currency":"EUR","og_availability":"backorder","product_availability":"available for order","product_retailer_item_id":"ADL902003","product_condition":"new"},"_links":{"self":[{"href":"https:\/\/www.alldayled.com\/de\/wp-json\/wp\/v2\/product\/79904","targetHints":{"allow":["GET"]}}],"collection":[{"href":"https:\/\/www.alldayled.com\/de\/wp-json\/wp\/v2\/product"}],"about":[{"href":"https:\/\/www.alldayled.com\/de\/wp-json\/wp\/v2\/types\/product"}],"replies":[{"embeddable":true,"href":"https:\/\/www.alldayled.com\/de\/wp-json\/wp\/v2\/comments?post=79904"}],"wp:featuredmedia":[{"embeddable":true,"href":"https:\/\/www.alldayled.com\/de\/wp-json\/wp\/v2\/media\/80068"}],"wp:attachment":[{"href":"https:\/\/www.alldayled.com\/de\/wp-json\/wp\/v2\/media?parent=79904"}],"wp:term":[{"taxonomy":"product_brand","embeddable":true,"href":"https:\/\/www.alldayled.com\/de\/wp-json\/wp\/v2\/product_brand?post=79904"},{"taxonomy":"product_cat","embeddable":true,"href":"https:\/\/www.alldayled.com\/de\/wp-json\/wp\/v2\/product_cat?post=79904"},{"taxonomy":"product_tag","embeddable":true,"href":"https:\/\/www.alldayled.com\/de\/wp-json\/wp\/v2\/product_tag?post=79904"}],"curies":[{"name":"wp","href":"https:\/\/api.w.org\/{rel}","templated":true}]}}