{"id":81549,"date":"2026-03-08T09:00:06","date_gmt":"2026-03-08T08:00:06","guid":{"rendered":"https:\/\/www.alldayled.com\/?post_type=product&#038;p=81549"},"modified":"2026-04-17T16:02:35","modified_gmt":"2026-04-17T14:02:35","slug":"strands-for9t-spiegellamp-dual-color","status":"publish","type":"product","link":"https:\/\/www.alldayled.com\/de\/produkt\/strands-for9t-spiegellamp-dual-color\/","title":{"rendered":"Strands FOR9T Spiegelleuchte DUAL COLOR"},"content":{"rendered":"<p><span style=\"color: #000000;\"><strong>Strands FOR9T Spiegelleuchte mit DUAL COLOR Lampe, f\u00fcr 12 &amp; 24 Volt.<\/strong><\/span><\/p>\n<p><span style=\"color: #000000;\">Suchst du eine einzigartige Spiegelleuchte f\u00fcr dein Fahrzeug? Dann ist die Strands FOR9T Spiegelleuchte DUAL COLOR genau das Richtige f\u00fcr dich. Diese Leuchte ist das neueste Mitglied der FOR9T-Serie und verleiht deinem LKW einen modernen Look. Das robuste, hochwertige Material macht die Lampe widerstandsf\u00e4hig, w\u00e4hrend das geh\u00e4rtete Kunststoffglas vor Steinschlag sch\u00fctzt. Die Strands FOR9T Spanish Light arbeitet mit 12 sowie 24 Volt und eignet sich daher f\u00fcr PKW, LKW, Wohnmobile und Traktoren. Das Positionsleuchte kann auf Wei\u00df oder orange und Rot eingestellt werden. Dies sorgt f\u00fcr zus\u00e4tzliche Sichtbarkeit und einen stilvollen Touch an deinem Fahrzeug.      <\/span><\/p>\n<p><span style=\"color: #000000;\">Um sicherzugehen, dass dieser Strands FOR9T spanische Blinker DUAL COLOR gut zu deinem Fahrzeug passt, haben we die wichtigsten Spezifikationen unten f\u00fcr dich aufgelistet. Die Leuchte ist IP67-zertifiziert, was bedeutet, dass sie vollst\u00e4ndig staub- und wasserdicht ist. Zudem wird sie mit 50 Zentimetern Anschlusskabel geliefert, sodass du sie einfach montieren kannst. Kurz gesagt: Vervollst\u00e4ndige deinen FOR9T-Look mit dieser Spiegelleuchte von Strands.   <\/span><\/p>\n<h5><span style=\"color: #000000;\"><strong>Abmessungen:<\/strong><\/span><\/h5>\n<p><span style=\"color: #000000;\">Da du sichergehen willst, dass die Leuchte genau dorthin passt, wo du sie montieren m\u00f6chtest, haben wir die Ma\u00dfe f\u00fcr dich aufgelistet. Die Ma\u00dfe der Strands FOR9T Spiegelleuchte DUAL COLOR sind wie folgt: <\/span><\/p>\n<ul>\n<li><span style=\"color: #000000;\">H\u00f6he: 150 mm (inkl. Befestigung)<\/span><\/li>\n<li><span style=\"color: #000000;\">Durchmesser: 109 mm<\/span><\/li>\n<li><span style=\"color: #000000;\">Dicke: 60 mm<\/span><\/li>\n<\/ul>\n<h5><span style=\"color: #000000;\"><strong>Andere Versionen:<\/strong><\/span><\/h5>\n<div class=\"flex flex-col text-sm pb-25\">\n<article class=\"text-token-text-primary w-full focus:outline-none [--shadow-height:45px] has-data-writing-block:pointer-events-none has-data-writing-block:-mt-(--shadow-height) has-data-writing-block:pt-(--shadow-height) [&amp;:has([data-writing-block])&gt;*]:pointer-events-auto scroll-mt-[calc(var(--header-height)+min(200px,max(70px,20svh)))]\" dir=\"auto\" tabindex=\"-1\" data-turn-id=\"request-69281d91-e358-8323-b3e2-64d9deda6e46-4\" data-testid=\"conversation-turn-410\" data-scroll-anchor=\"true\" data-turn=\"assistant\">\n<div class=\"text-base my-auto mx-auto pb-10 [--thread-content-margin:--spacing(4)] @w-sm\/main:[--thread-content-margin:--spacing(6)] @w-lg\/main:[--thread-content-margin:--spacing(16)] px-(--thread-content-margin)\">\n<div class=\"[--thread-content-max-width:40rem] @w-lg\/main:[--thread-content-max-width:48rem] mx-auto max-w-(--thread-content-max-width) flex-1 group\/turn-messages focus-visible:outline-hidden relative flex w-full min-w-0 flex-col agent-turn\" tabindex=\"-1\">\n<div class=\"flex max-w-full flex-col grow\">\n<div class=\"min-h-8 text-message relative flex w-full flex-col items-end gap-2 text-start break-words whitespace-normal [.text-message+&amp;]:mt-1\" dir=\"auto\" data-message-author-role=\"assistant\" data-message-id=\"7f0d9505-f9aa-48d6-862a-256505269777\" data-message-model-slug=\"gpt-5-2\">\n<div class=\"flex w-full flex-col gap-1 empty:hidden first:pt-[1px]\">\n<div class=\"markdown prose dark:prose-invert w-full wrap-break-word light markdown-new-styling\">\n<p data-start=\"0\" data-end=\"194\" data-is-last-node=\"\" data-is-only-node=\"\"><span style=\"color: #000000;\">Bist du ein Fan dieses spanischen Blinkers, suchst aber lieber die orangefarbene Variante? Kein Problem! Sieh dir hier die orangefarbene Ausf\u00fchrung an und w\u00e4hle die Version, die perfekt zu deinem Truck und Stil passt.<\/span><\/p>\n<\/div>\n<\/div>\n<\/div>\n<\/div>\n<\/div>\n<\/div>\n<\/article>\n<\/div>\n<ul>\n<li><span style=\"color: #000000;\"><a style=\"color: #000000;\" href=\"https:\/\/www.alldayled.com\/de\/produkt\/strands-for9t-spiegellamp-oranje\/\"><strong>Strands FOR9T Spiegelleuchte orange<\/strong><\/a><\/span><\/li>\n<\/ul>\n<p><span style=\"color: #000000;\">Zweifelst du nach dem Lesen aller Informationen noch, ob diese Strands FOR9T Spiegelleuchte DUAL COLOR das Richtige f\u00fcr deinen Truck ist? Kein Stress. Sieh dir hier das vollst\u00e4ndige <a style=\"color: #000000;\" href=\"https:\/\/www.alldayled.com\/de\/marke\/product-strands-lighting-division\/\" target=\"_blank\" rel=\"noopener\">Strands<\/a> Sortiment an und entdecke, welche FOR9T Leuchte am besten zu deinem Stil und Aufbau passt. So gestaltest du deinen LKW genau so, wie du es dir vorstellst.   <\/span><\/p>\n","protected":false},"excerpt":{"rendered":"<p>Strands Spiegelleuchte in FOR9T-Ausf\u00fchrung mit DUAL COLOR LED, f\u00fcr 12 &amp; 24 Volt.<\/p>\n","protected":false},"featured_media":81803,"comment_status":"open","ping_status":"closed","template":"","meta":{"_acf_changed":false},"product_brand":[5114],"product_cat":[5344,5361],"product_tag":[],"class_list":{"0":"post-81549","1":"product","2":"type-product","3":"status-publish","4":"has-post-thumbnail","6":"product_brand-product-strands-lighting-division","7":"product_cat-spiegellampen","8":"product_cat-strands-for9t","10":"first","11":"instock","12":"taxable","13":"shipping-taxable","14":"purchasable","15":"product-type-simple"},"acf":[],"yoast_head":"<!-- This site is optimized with the Yoast SEO Premium plugin v26.5 (Yoast SEO v27.1.1) - https:\/\/yoast.com\/product\/yoast-seo-premium-wordpress\/ -->\n<title>Strands FOR9T Spiegelleuchte DUAL COLOR - All Day Led - f\u00fcr 12 &amp; 24 Volt<\/title>\n<meta name=\"description\" content=\"Strands FOR9T Spiegelleuchte DUAL COLOR - IP67 - Spanischer Blinker - 12 &amp; 24 Volt - Durchmesser 109 mm - Auto, LKW, Traktor und mehr\" \/>\n<meta name=\"robots\" content=\"index, follow, max-snippet:-1, max-image-preview:large, max-video-preview:-1\" \/>\n<link rel=\"canonical\" href=\"https:\/\/www.alldayled.com\/de\/produkt\/strands-for9t-spiegellamp-dual-color\/\" \/>\n<meta property=\"og:locale\" content=\"de_DE\" \/>\n<meta property=\"og:type\" content=\"article\" \/>\n<meta property=\"og:title\" content=\"Strands FOR9T Spiegelleuchte DUAL COLOR - All Day Led - f\u00fcr 12 &amp; 24 Volt\" \/>\n<meta property=\"og:description\" content=\"Strands FOR9T Spiegelleuchte DUAL COLOR - IP67 - Spanischer Blinker - 12 &amp; 24 Volt - Durchmesser 109 mm - Auto, LKW, Traktor und mehr\" \/>\n<meta property=\"og:url\" content=\"https:\/\/www.alldayled.com\/de\/produkt\/strands-for9t-spiegellamp-dual-color\/\" \/>\n<meta property=\"og:site_name\" content=\"All Day Led\" \/>\n<meta property=\"article:publisher\" content=\"https:\/\/www.facebook.com\/alldayled\/\" \/>\n<meta property=\"article:modified_time\" content=\"2026-04-17T14:02:35+00:00\" \/>\n<meta property=\"og:image\" content=\"https:\/\/www.alldayled.com\/wp-content\/uploads\/2025\/12\/ADL02600A-SM-300x300.png\" \/>\n<meta name=\"twitter:label1\" content=\"Preis\" \/>\n\t<meta name=\"twitter:data1\" content=\"&euro;&nbsp;69,00\" \/>\n\t<meta name=\"twitter:label2\" content=\"Verf\u00fcgbarkeit\" \/>\n\t<meta name=\"twitter:data2\" content=\"Auf Lager\" \/>\n<script type=\"application\/ld+json\" class=\"yoast-schema-graph\">{\"@context\":\"https:\/\/schema.org\",\"@graph\":[{\"@type\":\"WebPage\",\"@id\":\"https:\/\/www.alldayled.com\/de\/produkt\/strands-for9t-spiegellamp-dual-color\/\",\"url\":\"https:\/\/www.alldayled.com\/de\/produkt\/strands-for9t-spiegellamp-dual-color\/\",\"name\":\"Strands FOR9T Spiegelleuchte DUAL COLOR - All Day Led - f\u00fcr 12 & 24 Volt\",\"isPartOf\":{\"@id\":\"https:\/\/www.alldayled.com\/de\/#website\"},\"primaryImageOfPage\":{\"@id\":\"https:\/\/www.alldayled.com\/de\/produkt\/strands-for9t-spiegellamp-dual-color\/#primaryimage\"},\"image\":{\"@id\":\"https:\/\/www.alldayled.com\/de\/produkt\/strands-for9t-spiegellamp-dual-color\/#primaryimage\"},\"thumbnailUrl\":\"https:\/\/www.alldayled.com\/wp-content\/uploads\/2026\/02\/ADL903006.png\",\"datePublished\":\"2026-03-08T08:00:06+00:00\",\"dateModified\":\"2026-04-17T14:02:35+00:00\",\"description\":\"Strands FOR9T Spiegelleuchte DUAL COLOR - IP67 - Spanischer Blinker - 12 & 24 Volt - Durchmesser 109 mm - Auto, LKW, Traktor und mehr\",\"breadcrumb\":{\"@id\":\"https:\/\/www.alldayled.com\/de\/produkt\/strands-for9t-spiegellamp-dual-color\/#breadcrumb\"},\"inLanguage\":\"de\",\"potentialAction\":[{\"@type\":\"ReadAction\",\"target\":[\"https:\/\/www.alldayled.com\/de\/produkt\/strands-for9t-spiegellamp-dual-color\/\"]}]},{\"@type\":\"ImageObject\",\"inLanguage\":\"de\",\"@id\":\"https:\/\/www.alldayled.com\/de\/produkt\/strands-for9t-spiegellamp-dual-color\/#primaryimage\",\"url\":\"https:\/\/www.alldayled.com\/wp-content\/uploads\/2026\/02\/ADL903006.png\",\"contentUrl\":\"https:\/\/www.alldayled.com\/wp-content\/uploads\/2026\/02\/ADL903006.png\",\"width\":800,\"height\":600,\"caption\":\"Strands FOR9T Spiegelleuchte DUAL COLOR - IP67 - Spanischer Blinker - 12 &amp; 24 Volt - Durchmesser 109 mm - Auto, LKW, Traktor und mehr\"},{\"@type\":\"BreadcrumbList\",\"@id\":\"https:\/\/www.alldayled.com\/de\/produkt\/strands-for9t-spiegellamp-dual-color\/#breadcrumb\",\"itemListElement\":[{\"@type\":\"ListItem\",\"position\":1,\"name\":\"Home\",\"item\":\"https:\/\/www.alldayled.com\/de\/\"},{\"@type\":\"ListItem\",\"position\":2,\"name\":\"Shop\",\"item\":\"https:\/\/www.alldayled.com\/de\/shop\/\"},{\"@type\":\"ListItem\",\"position\":3,\"name\":\"Strands FOR9T\",\"item\":\"https:\/\/www.alldayled.com\/de\/produkt-kategorie\/strands-for9t\/\"},{\"@type\":\"ListItem\",\"position\":4,\"name\":\"Strands FOR9T Spiegelleuchte DUAL COLOR\"}]},{\"@type\":\"WebSite\",\"@id\":\"https:\/\/www.alldayled.com\/de\/#website\",\"url\":\"https:\/\/www.alldayled.com\/de\/\",\"name\":\"All Day Led\",\"description\":\"Verlichting voor 12&amp;24 volt gebruik\",\"publisher\":{\"@id\":\"https:\/\/www.alldayled.com\/de\/#organization\"},\"potentialAction\":[{\"@type\":\"SearchAction\",\"target\":{\"@type\":\"EntryPoint\",\"urlTemplate\":\"https:\/\/www.alldayled.com\/de\/?s={search_term_string}\"},\"query-input\":{\"@type\":\"PropertyValueSpecification\",\"valueRequired\":true,\"valueName\":\"search_term_string\"}}],\"inLanguage\":\"de\"},{\"@type\":\"Organization\",\"@id\":\"https:\/\/www.alldayled.com\/de\/#organization\",\"name\":\"All Day Led\",\"url\":\"https:\/\/www.alldayled.com\/de\/\",\"logo\":{\"@type\":\"ImageObject\",\"inLanguage\":\"de\",\"@id\":\"https:\/\/www.alldayled.com\/de\/#\/schema\/logo\/image\/\",\"url\":\"https:\/\/www.alldayled.com\/wp-content\/uploads\/2025\/10\/Logo-ALL-DAY-LED-800x800-zwart-witte-letters.png\",\"contentUrl\":\"https:\/\/www.alldayled.com\/wp-content\/uploads\/2025\/10\/Logo-ALL-DAY-LED-800x800-zwart-witte-letters.png\",\"width\":800,\"height\":800,\"caption\":\"All Day Led\"},\"image\":{\"@id\":\"https:\/\/www.alldayled.com\/de\/#\/schema\/logo\/image\/\"},\"sameAs\":[\"https:\/\/www.facebook.com\/alldayled\/\",\"https:\/\/www.instagram.com\/alldayled\/\"],\"vatID\":\"NL863960133B01\",\"taxID\":\"86416545\"}]}<\/script>\n<meta property=\"product:brand\" content=\"Strands\" \/>\n<meta property=\"product:price:amount\" content=\"69.00\" \/>\n<meta property=\"product:price:currency\" content=\"EUR\" \/>\n<meta property=\"og:availability\" content=\"instock\" \/>\n<meta property=\"product:availability\" content=\"instock\" \/>\n<meta property=\"product:retailer_item_id\" content=\"ADL903006\" \/>\n<meta property=\"product:condition\" content=\"new\" \/>\n<!-- \/ Yoast SEO Premium plugin. -->","yoast_head_json":{"title":"Strands FOR9T Spiegelleuchte DUAL COLOR - All Day Led - f\u00fcr 12 & 24 Volt","description":"Strands FOR9T Spiegelleuchte DUAL COLOR - IP67 - Spanischer Blinker - 12 & 24 Volt - Durchmesser 109 mm - Auto, LKW, Traktor und mehr","robots":{"index":"index","follow":"follow","max-snippet":"max-snippet:-1","max-image-preview":"max-image-preview:large","max-video-preview":"max-video-preview:-1"},"canonical":"https:\/\/www.alldayled.com\/de\/produkt\/strands-for9t-spiegellamp-dual-color\/","og_locale":"de_DE","og_type":"article","og_title":"Strands FOR9T Spiegelleuchte DUAL COLOR - All Day Led - f\u00fcr 12 & 24 Volt","og_description":"Strands FOR9T Spiegelleuchte DUAL COLOR - IP67 - Spanischer Blinker - 12 & 24 Volt - Durchmesser 109 mm - Auto, LKW, Traktor und mehr","og_url":"https:\/\/www.alldayled.com\/de\/produkt\/strands-for9t-spiegellamp-dual-color\/","og_site_name":"All Day Led","article_publisher":"https:\/\/www.facebook.com\/alldayled\/","article_modified_time":"2026-04-17T14:02:35+00:00","og_image":[{"url":"https:\/\/www.alldayled.com\/wp-content\/uploads\/2025\/12\/ADL02600A-SM-300x300.png","type":"","width":"","height":""}],"twitter_misc":{"Preis":"&euro;&nbsp;69,00","Verf\u00fcgbarkeit":"Auf Lager"},"schema":{"@context":"https:\/\/schema.org","@graph":[{"@type":"WebPage","@id":"https:\/\/www.alldayled.com\/de\/produkt\/strands-for9t-spiegellamp-dual-color\/","url":"https:\/\/www.alldayled.com\/de\/produkt\/strands-for9t-spiegellamp-dual-color\/","name":"Strands FOR9T Spiegelleuchte DUAL COLOR - All Day Led - f\u00fcr 12 & 24 Volt","isPartOf":{"@id":"https:\/\/www.alldayled.com\/de\/#website"},"primaryImageOfPage":{"@id":"https:\/\/www.alldayled.com\/de\/produkt\/strands-for9t-spiegellamp-dual-color\/#primaryimage"},"image":{"@id":"https:\/\/www.alldayled.com\/de\/produkt\/strands-for9t-spiegellamp-dual-color\/#primaryimage"},"thumbnailUrl":"https:\/\/www.alldayled.com\/wp-content\/uploads\/2026\/02\/ADL903006.png","datePublished":"2026-03-08T08:00:06+00:00","dateModified":"2026-04-17T14:02:35+00:00","description":"Strands FOR9T Spiegelleuchte DUAL COLOR - IP67 - Spanischer Blinker - 12 & 24 Volt - Durchmesser 109 mm - Auto, LKW, Traktor und mehr","breadcrumb":{"@id":"https:\/\/www.alldayled.com\/de\/produkt\/strands-for9t-spiegellamp-dual-color\/#breadcrumb"},"inLanguage":"de","potentialAction":[{"@type":"ReadAction","target":["https:\/\/www.alldayled.com\/de\/produkt\/strands-for9t-spiegellamp-dual-color\/"]}]},{"@type":"ImageObject","inLanguage":"de","@id":"https:\/\/www.alldayled.com\/de\/produkt\/strands-for9t-spiegellamp-dual-color\/#primaryimage","url":"https:\/\/www.alldayled.com\/wp-content\/uploads\/2026\/02\/ADL903006.png","contentUrl":"https:\/\/www.alldayled.com\/wp-content\/uploads\/2026\/02\/ADL903006.png","width":800,"height":600,"caption":"Strands FOR9T Spiegelleuchte DUAL COLOR - IP67 - Spanischer Blinker - 12 &amp; 24 Volt - Durchmesser 109 mm - Auto, LKW, Traktor und mehr"},{"@type":"BreadcrumbList","@id":"https:\/\/www.alldayled.com\/de\/produkt\/strands-for9t-spiegellamp-dual-color\/#breadcrumb","itemListElement":[{"@type":"ListItem","position":1,"name":"Home","item":"https:\/\/www.alldayled.com\/de\/"},{"@type":"ListItem","position":2,"name":"Shop","item":"https:\/\/www.alldayled.com\/de\/shop\/"},{"@type":"ListItem","position":3,"name":"Strands FOR9T","item":"https:\/\/www.alldayled.com\/de\/produkt-kategorie\/strands-for9t\/"},{"@type":"ListItem","position":4,"name":"Strands FOR9T Spiegelleuchte DUAL COLOR"}]},{"@type":"WebSite","@id":"https:\/\/www.alldayled.com\/de\/#website","url":"https:\/\/www.alldayled.com\/de\/","name":"All Day Led","description":"Verlichting voor 12&amp;24 volt gebruik","publisher":{"@id":"https:\/\/www.alldayled.com\/de\/#organization"},"potentialAction":[{"@type":"SearchAction","target":{"@type":"EntryPoint","urlTemplate":"https:\/\/www.alldayled.com\/de\/?s={search_term_string}"},"query-input":{"@type":"PropertyValueSpecification","valueRequired":true,"valueName":"search_term_string"}}],"inLanguage":"de"},{"@type":"Organization","@id":"https:\/\/www.alldayled.com\/de\/#organization","name":"All Day Led","url":"https:\/\/www.alldayled.com\/de\/","logo":{"@type":"ImageObject","inLanguage":"de","@id":"https:\/\/www.alldayled.com\/de\/#\/schema\/logo\/image\/","url":"https:\/\/www.alldayled.com\/wp-content\/uploads\/2025\/10\/Logo-ALL-DAY-LED-800x800-zwart-witte-letters.png","contentUrl":"https:\/\/www.alldayled.com\/wp-content\/uploads\/2025\/10\/Logo-ALL-DAY-LED-800x800-zwart-witte-letters.png","width":800,"height":800,"caption":"All Day Led"},"image":{"@id":"https:\/\/www.alldayled.com\/de\/#\/schema\/logo\/image\/"},"sameAs":["https:\/\/www.facebook.com\/alldayled\/","https:\/\/www.instagram.com\/alldayled\/"],"vatID":"NL863960133B01","taxID":"86416545"}]},"product_brand":"Strands","product_price_amount":"69.00","product_price_currency":"EUR","og_availability":"instock","product_availability":"instock","product_retailer_item_id":"ADL903006","product_condition":"new"},"_links":{"self":[{"href":"https:\/\/www.alldayled.com\/de\/wp-json\/wp\/v2\/product\/81549","targetHints":{"allow":["GET"]}}],"collection":[{"href":"https:\/\/www.alldayled.com\/de\/wp-json\/wp\/v2\/product"}],"about":[{"href":"https:\/\/www.alldayled.com\/de\/wp-json\/wp\/v2\/types\/product"}],"replies":[{"embeddable":true,"href":"https:\/\/www.alldayled.com\/de\/wp-json\/wp\/v2\/comments?post=81549"}],"wp:featuredmedia":[{"embeddable":true,"href":"https:\/\/www.alldayled.com\/de\/wp-json\/wp\/v2\/media\/81803"}],"wp:attachment":[{"href":"https:\/\/www.alldayled.com\/de\/wp-json\/wp\/v2\/media?parent=81549"}],"wp:term":[{"taxonomy":"product_brand","embeddable":true,"href":"https:\/\/www.alldayled.com\/de\/wp-json\/wp\/v2\/product_brand?post=81549"},{"taxonomy":"product_cat","embeddable":true,"href":"https:\/\/www.alldayled.com\/de\/wp-json\/wp\/v2\/product_cat?post=81549"},{"taxonomy":"product_tag","embeddable":true,"href":"https:\/\/www.alldayled.com\/de\/wp-json\/wp\/v2\/product_tag?post=81549"}],"curies":[{"name":"wp","href":"https:\/\/api.w.org\/{rel}","templated":true}]}}