{"id":81594,"date":"2026-03-08T11:00:43","date_gmt":"2026-03-08T10:00:43","guid":{"rendered":"https:\/\/www.alldayled.com\/?post_type=product&#038;p=81594"},"modified":"2026-04-17T06:21:25","modified_gmt":"2026-04-17T04:21:25","slug":"strands-ize-led-roof-light-duo-function","status":"publish","type":"product","link":"https:\/\/www.alldayled.com\/de\/produkt\/strands-ize-led-roof-light-duo-function\/","title":{"rendered":"Strands IZE LED Roof Light Duo Function"},"content":{"rendered":"<p><span style=\"color: #000000;\"><strong>Strands IZE LED Roof Light Duo, f\u00fcr 12 &amp; 24 Volt.<\/strong><\/span><\/p>\n<p><span style=\"color: #000000;\">Willst du deinem Truck ein modernes Dachlicht mit dem gewissen Extra verleihen? Dann ist das Strands IZE LED Roof Light Duo Function genau das Richtige f\u00fcr dich. Dieses Strands IZE LED Topleuchte mit Blitzfunktion kombiniert wei\u00dfes und oranges Standlicht in einem schlanken Geh\u00e4use. So bestimmst du selbst das Erscheinungsbild deines Fahrzeugs. Mit insgesamt 19 verschiedenen Lichtmustern w\u00e4hlst du ganz einfach den Stil, der perfekt zu deinem Truck passt. Ideal f\u00fcr alle, die Sichtbarkeit und Optik optimal kombinieren m\u00f6chten.     <\/span><\/p>\n<p><span style=\"color: #000000;\">Die Lampe verf\u00fcgt \u00fcber das ECE R148-Pr\u00fcfzeichen und ist somit f\u00fcr den Einsatz im \u00f6ffentlichen Stra\u00dfenverkehr zugelassen. Zudem besitzt sie ECE R10, was bedeutet, dass keine St\u00f6rungen bei Radio oder anderer Elektronik auftreten. Mit der hohen IP69K-Klassifizierung ist diese Dachleuchte absolut best\u00e4ndig gegen Wasser, Staub und harte Bedingungen. Kurz gesagt: Diese Strands Dachleuchte ist ein langlebiges, stilvolles und vielseitiges Upgrade f\u00fcr jeden LKW.   <\/span><\/p>\n<h5><span style=\"color: #000000;\"><strong>Abmessungen:<\/strong><\/span><\/h5>\n<p><span style=\"color: #000000;\">Damit du sicher sein kannst, dass die Lampe mit Blitzer genau dorthin passt, wo du sie montieren m\u00f6chtest, haben wir die Ma\u00dfe f\u00fcr dich zusammengestellt. Die Abmessungen der Strands IZE LED Dachleuchte sind wie folgt: <\/span><\/p>\n<ul>\n<li><span style=\"color: #000000;\">H\u00f6he: 48 mm (65,6 inkl. Befestigung)<\/span><\/li>\n<li><span style=\"color: #000000;\">L\u00e4nge: 60 mm<\/span><\/li>\n<li><span style=\"color: #000000;\">Dicke: 91,4 mm<\/span><\/li>\n<\/ul>\n<h5><strong><span style=\"color: #000000;\">Andere Versionen:<\/span><\/strong><\/h5>\n<p><span style=\"color: #000000;\">Suchst du neben dieser Dachleuchte mit integriertem Blitzer noch eine Rundumleuchte, um extra aufzufallen? Kombiniere diese dann mit der Strands IZE LED Lighthouse Rundumleuchte f\u00fcr einen kompletten Look. Schau sie dir hier an:  <\/span><\/p>\n<ul>\n<li><a href=\"https:\/\/www.alldayled.com\/de\/produkt\/strands-ize-led-lighthouse-zwaailamp-oranje\/\"><span style=\"color: #000000;\"><strong>Strands IZE LED Lighthouse Rundumleuchte<\/strong><\/span><\/a><\/li>\n<\/ul>\n<p><span style=\"color: #000000;\">Bist du nach dem Lesen aller Spezifikationen noch nicht \u00fcberzeugt, dass die Strands IZE LED Roof Light Duo das Richtige f\u00fcr dich ist? Einfach weil Farbe, Form oder L\u00e4nge nicht passen? Dann schau dir hier das vollst\u00e4ndige <a style=\"color: #000000;\" href=\"https:\/\/www.alldayled.com\/de\/marke\/product-strands-lighting-division\/\" target=\"_blank\" rel=\"noopener\">Strands<\/a> Sortiment an und entdecke, welche Lampe am besten zu deinem Stil passt. So gestaltest du deinen LKW genau so, wie du es willst!   <\/span><\/p>\n","protected":false},"excerpt":{"rendered":"<p>Strands IZE LED Topleuchte mit wei\u00df und orange Standlicht + Blitzer.<\/p>\n","protected":false},"featured_media":81860,"comment_status":"open","ping_status":"closed","template":"","meta":{"_acf_changed":false},"product_brand":[5114],"product_cat":[5346],"product_tag":[],"class_list":{"0":"post-81594","1":"product","2":"type-product","3":"status-publish","4":"has-post-thumbnail","6":"product_brand-product-strands-lighting-division","7":"product_cat-toplichten","9":"first","10":"instock","11":"taxable","12":"shipping-taxable","13":"purchasable","14":"product-type-simple"},"acf":[],"yoast_head":"<!-- This site is optimized with the Yoast SEO Premium plugin v26.5 (Yoast SEO v27.1.1) - https:\/\/yoast.com\/product\/yoast-seo-premium-wordpress\/ -->\n<title>Strands IZE LED Roof Light Duo - All Day Led - 12&amp;24 Volt<\/title>\n<meta name=\"description\" content=\"Strands IZE LED Roof Light Duo - Dachleuchte mit ECE R148 Pr\u00fcfzeichen - orange und wei\u00dfe Standleuchte - mit Blitzer - 19 Muster - f\u00fcr LKW, PKW und mehr\" \/>\n<meta name=\"robots\" content=\"index, follow, max-snippet:-1, max-image-preview:large, max-video-preview:-1\" \/>\n<link rel=\"canonical\" href=\"https:\/\/www.alldayled.com\/de\/produkt\/strands-ize-led-roof-light-duo-function\/\" \/>\n<meta property=\"og:locale\" content=\"de_DE\" \/>\n<meta property=\"og:type\" content=\"article\" \/>\n<meta property=\"og:title\" content=\"Strands IZE LED Roof Light Duo - All Day Led - 12&amp;24 Volt\" \/>\n<meta property=\"og:description\" content=\"Strands IZE LED Roof Light Duo - Dachleuchte mit ECE R148 Pr\u00fcfzeichen - orange und wei\u00dfe Standleuchte - mit Blitzer - 19 Muster - f\u00fcr LKW, PKW und mehr\" \/>\n<meta property=\"og:url\" content=\"https:\/\/www.alldayled.com\/de\/produkt\/strands-ize-led-roof-light-duo-function\/\" \/>\n<meta property=\"og:site_name\" content=\"All Day Led\" \/>\n<meta property=\"article:publisher\" content=\"https:\/\/www.facebook.com\/alldayled\/\" \/>\n<meta property=\"article:modified_time\" content=\"2026-04-17T04:21:25+00:00\" \/>\n<meta property=\"og:image\" content=\"https:\/\/www.alldayled.com\/wp-content\/uploads\/2025\/12\/ADL02600A-SM-300x300.png\" \/>\n<meta name=\"twitter:label1\" content=\"Preis\" \/>\n\t<meta name=\"twitter:data1\" content=\"&euro;&nbsp;29,95\" \/>\n\t<meta name=\"twitter:label2\" content=\"Verf\u00fcgbarkeit\" \/>\n\t<meta name=\"twitter:data2\" content=\"Auf Lager\" \/>\n<script type=\"application\/ld+json\" class=\"yoast-schema-graph\">{\"@context\":\"https:\/\/schema.org\",\"@graph\":[{\"@type\":\"WebPage\",\"@id\":\"https:\/\/www.alldayled.com\/de\/produkt\/strands-ize-led-roof-light-duo-function\/\",\"url\":\"https:\/\/www.alldayled.com\/de\/produkt\/strands-ize-led-roof-light-duo-function\/\",\"name\":\"Strands IZE LED Roof Light Duo - All Day Led - 12&24 Volt\",\"isPartOf\":{\"@id\":\"https:\/\/www.alldayled.com\/de\/#website\"},\"primaryImageOfPage\":{\"@id\":\"https:\/\/www.alldayled.com\/de\/produkt\/strands-ize-led-roof-light-duo-function\/#primaryimage\"},\"image\":{\"@id\":\"https:\/\/www.alldayled.com\/de\/produkt\/strands-ize-led-roof-light-duo-function\/#primaryimage\"},\"thumbnailUrl\":\"https:\/\/www.alldayled.com\/wp-content\/uploads\/2026\/02\/ADL903021.png\",\"datePublished\":\"2026-03-08T10:00:43+00:00\",\"dateModified\":\"2026-04-17T04:21:25+00:00\",\"description\":\"Strands IZE LED Roof Light Duo - Dachleuchte mit ECE R148 Pr\u00fcfzeichen - orange und wei\u00dfe Standleuchte - mit Blitzer - 19 Muster - f\u00fcr LKW, PKW und mehr\",\"breadcrumb\":{\"@id\":\"https:\/\/www.alldayled.com\/de\/produkt\/strands-ize-led-roof-light-duo-function\/#breadcrumb\"},\"inLanguage\":\"de\",\"potentialAction\":[{\"@type\":\"ReadAction\",\"target\":[\"https:\/\/www.alldayled.com\/de\/produkt\/strands-ize-led-roof-light-duo-function\/\"]}]},{\"@type\":\"ImageObject\",\"inLanguage\":\"de\",\"@id\":\"https:\/\/www.alldayled.com\/de\/produkt\/strands-ize-led-roof-light-duo-function\/#primaryimage\",\"url\":\"https:\/\/www.alldayled.com\/wp-content\/uploads\/2026\/02\/ADL903021.png\",\"contentUrl\":\"https:\/\/www.alldayled.com\/wp-content\/uploads\/2026\/02\/ADL903021.png\",\"width\":800,\"height\":600,\"caption\":\"Strands IZE LED Roof Light Duo - Topleuchte mit ECE R148 Pr\u00fcfzeichen - orange und wei\u00dfe Standleuchte - IP69K - 19 Muster - f\u00fcr LKW, PKW und mehr - Dual Color - EAN: 7323030207168\"},{\"@type\":\"BreadcrumbList\",\"@id\":\"https:\/\/www.alldayled.com\/de\/produkt\/strands-ize-led-roof-light-duo-function\/#breadcrumb\",\"itemListElement\":[{\"@type\":\"ListItem\",\"position\":1,\"name\":\"Home\",\"item\":\"https:\/\/www.alldayled.com\/de\/\"},{\"@type\":\"ListItem\",\"position\":2,\"name\":\"Shop\",\"item\":\"https:\/\/www.alldayled.com\/de\/shop\/\"},{\"@type\":\"ListItem\",\"position\":3,\"name\":\"Andere\",\"item\":\"https:\/\/www.alldayled.com\/de\/produkt-kategorie\/andere-produkte\/\"},{\"@type\":\"ListItem\",\"position\":4,\"name\":\"Top leuchten\",\"item\":\"https:\/\/www.alldayled.com\/de\/produkt-kategorie\/andere-produkte\/toplichten\/\"},{\"@type\":\"ListItem\",\"position\":5,\"name\":\"Strands IZE LED Roof Light Duo Function\"}]},{\"@type\":\"WebSite\",\"@id\":\"https:\/\/www.alldayled.com\/de\/#website\",\"url\":\"https:\/\/www.alldayled.com\/de\/\",\"name\":\"All Day Led\",\"description\":\"Verlichting voor 12&amp;24 volt gebruik\",\"publisher\":{\"@id\":\"https:\/\/www.alldayled.com\/de\/#organization\"},\"potentialAction\":[{\"@type\":\"SearchAction\",\"target\":{\"@type\":\"EntryPoint\",\"urlTemplate\":\"https:\/\/www.alldayled.com\/de\/?s={search_term_string}\"},\"query-input\":{\"@type\":\"PropertyValueSpecification\",\"valueRequired\":true,\"valueName\":\"search_term_string\"}}],\"inLanguage\":\"de\"},{\"@type\":\"Organization\",\"@id\":\"https:\/\/www.alldayled.com\/de\/#organization\",\"name\":\"All Day Led\",\"url\":\"https:\/\/www.alldayled.com\/de\/\",\"logo\":{\"@type\":\"ImageObject\",\"inLanguage\":\"de\",\"@id\":\"https:\/\/www.alldayled.com\/de\/#\/schema\/logo\/image\/\",\"url\":\"https:\/\/www.alldayled.com\/wp-content\/uploads\/2025\/10\/Logo-ALL-DAY-LED-800x800-zwart-witte-letters.png\",\"contentUrl\":\"https:\/\/www.alldayled.com\/wp-content\/uploads\/2025\/10\/Logo-ALL-DAY-LED-800x800-zwart-witte-letters.png\",\"width\":800,\"height\":800,\"caption\":\"All Day Led\"},\"image\":{\"@id\":\"https:\/\/www.alldayled.com\/de\/#\/schema\/logo\/image\/\"},\"sameAs\":[\"https:\/\/www.facebook.com\/alldayled\/\",\"https:\/\/www.instagram.com\/alldayled\/\"],\"vatID\":\"NL863960133B01\",\"taxID\":\"86416545\"}]}<\/script>\n<meta property=\"product:brand\" content=\"Strands\" \/>\n<meta property=\"product:price:amount\" content=\"29.95\" \/>\n<meta property=\"product:price:currency\" content=\"EUR\" \/>\n<meta property=\"og:availability\" content=\"instock\" \/>\n<meta property=\"product:availability\" content=\"instock\" \/>\n<meta property=\"product:retailer_item_id\" content=\"ADL903021\" \/>\n<meta property=\"product:condition\" content=\"new\" \/>\n<!-- \/ Yoast SEO Premium plugin. -->","yoast_head_json":{"title":"Strands IZE LED Roof Light Duo - All Day Led - 12&24 Volt","description":"Strands IZE LED Roof Light Duo - Dachleuchte mit ECE R148 Pr\u00fcfzeichen - orange und wei\u00dfe Standleuchte - mit Blitzer - 19 Muster - f\u00fcr LKW, PKW und mehr","robots":{"index":"index","follow":"follow","max-snippet":"max-snippet:-1","max-image-preview":"max-image-preview:large","max-video-preview":"max-video-preview:-1"},"canonical":"https:\/\/www.alldayled.com\/de\/produkt\/strands-ize-led-roof-light-duo-function\/","og_locale":"de_DE","og_type":"article","og_title":"Strands IZE LED Roof Light Duo - All Day Led - 12&24 Volt","og_description":"Strands IZE LED Roof Light Duo - Dachleuchte mit ECE R148 Pr\u00fcfzeichen - orange und wei\u00dfe Standleuchte - mit Blitzer - 19 Muster - f\u00fcr LKW, PKW und mehr","og_url":"https:\/\/www.alldayled.com\/de\/produkt\/strands-ize-led-roof-light-duo-function\/","og_site_name":"All Day Led","article_publisher":"https:\/\/www.facebook.com\/alldayled\/","article_modified_time":"2026-04-17T04:21:25+00:00","og_image":[{"url":"https:\/\/www.alldayled.com\/wp-content\/uploads\/2025\/12\/ADL02600A-SM-300x300.png","type":"","width":"","height":""}],"twitter_misc":{"Preis":"&euro;&nbsp;29,95","Verf\u00fcgbarkeit":"Auf Lager"},"schema":{"@context":"https:\/\/schema.org","@graph":[{"@type":"WebPage","@id":"https:\/\/www.alldayled.com\/de\/produkt\/strands-ize-led-roof-light-duo-function\/","url":"https:\/\/www.alldayled.com\/de\/produkt\/strands-ize-led-roof-light-duo-function\/","name":"Strands IZE LED Roof Light Duo - All Day Led - 12&24 Volt","isPartOf":{"@id":"https:\/\/www.alldayled.com\/de\/#website"},"primaryImageOfPage":{"@id":"https:\/\/www.alldayled.com\/de\/produkt\/strands-ize-led-roof-light-duo-function\/#primaryimage"},"image":{"@id":"https:\/\/www.alldayled.com\/de\/produkt\/strands-ize-led-roof-light-duo-function\/#primaryimage"},"thumbnailUrl":"https:\/\/www.alldayled.com\/wp-content\/uploads\/2026\/02\/ADL903021.png","datePublished":"2026-03-08T10:00:43+00:00","dateModified":"2026-04-17T04:21:25+00:00","description":"Strands IZE LED Roof Light Duo - Dachleuchte mit ECE R148 Pr\u00fcfzeichen - orange und wei\u00dfe Standleuchte - mit Blitzer - 19 Muster - f\u00fcr LKW, PKW und mehr","breadcrumb":{"@id":"https:\/\/www.alldayled.com\/de\/produkt\/strands-ize-led-roof-light-duo-function\/#breadcrumb"},"inLanguage":"de","potentialAction":[{"@type":"ReadAction","target":["https:\/\/www.alldayled.com\/de\/produkt\/strands-ize-led-roof-light-duo-function\/"]}]},{"@type":"ImageObject","inLanguage":"de","@id":"https:\/\/www.alldayled.com\/de\/produkt\/strands-ize-led-roof-light-duo-function\/#primaryimage","url":"https:\/\/www.alldayled.com\/wp-content\/uploads\/2026\/02\/ADL903021.png","contentUrl":"https:\/\/www.alldayled.com\/wp-content\/uploads\/2026\/02\/ADL903021.png","width":800,"height":600,"caption":"Strands IZE LED Roof Light Duo - Topleuchte mit ECE R148 Pr\u00fcfzeichen - orange und wei\u00dfe Standleuchte - IP69K - 19 Muster - f\u00fcr LKW, PKW und mehr - Dual Color - EAN: 7323030207168"},{"@type":"BreadcrumbList","@id":"https:\/\/www.alldayled.com\/de\/produkt\/strands-ize-led-roof-light-duo-function\/#breadcrumb","itemListElement":[{"@type":"ListItem","position":1,"name":"Home","item":"https:\/\/www.alldayled.com\/de\/"},{"@type":"ListItem","position":2,"name":"Shop","item":"https:\/\/www.alldayled.com\/de\/shop\/"},{"@type":"ListItem","position":3,"name":"Andere","item":"https:\/\/www.alldayled.com\/de\/produkt-kategorie\/andere-produkte\/"},{"@type":"ListItem","position":4,"name":"Top leuchten","item":"https:\/\/www.alldayled.com\/de\/produkt-kategorie\/andere-produkte\/toplichten\/"},{"@type":"ListItem","position":5,"name":"Strands IZE LED Roof Light Duo Function"}]},{"@type":"WebSite","@id":"https:\/\/www.alldayled.com\/de\/#website","url":"https:\/\/www.alldayled.com\/de\/","name":"All Day Led","description":"Verlichting voor 12&amp;24 volt gebruik","publisher":{"@id":"https:\/\/www.alldayled.com\/de\/#organization"},"potentialAction":[{"@type":"SearchAction","target":{"@type":"EntryPoint","urlTemplate":"https:\/\/www.alldayled.com\/de\/?s={search_term_string}"},"query-input":{"@type":"PropertyValueSpecification","valueRequired":true,"valueName":"search_term_string"}}],"inLanguage":"de"},{"@type":"Organization","@id":"https:\/\/www.alldayled.com\/de\/#organization","name":"All Day Led","url":"https:\/\/www.alldayled.com\/de\/","logo":{"@type":"ImageObject","inLanguage":"de","@id":"https:\/\/www.alldayled.com\/de\/#\/schema\/logo\/image\/","url":"https:\/\/www.alldayled.com\/wp-content\/uploads\/2025\/10\/Logo-ALL-DAY-LED-800x800-zwart-witte-letters.png","contentUrl":"https:\/\/www.alldayled.com\/wp-content\/uploads\/2025\/10\/Logo-ALL-DAY-LED-800x800-zwart-witte-letters.png","width":800,"height":800,"caption":"All Day Led"},"image":{"@id":"https:\/\/www.alldayled.com\/de\/#\/schema\/logo\/image\/"},"sameAs":["https:\/\/www.facebook.com\/alldayled\/","https:\/\/www.instagram.com\/alldayled\/"],"vatID":"NL863960133B01","taxID":"86416545"}]},"product_brand":"Strands","product_price_amount":"29.95","product_price_currency":"EUR","og_availability":"instock","product_availability":"instock","product_retailer_item_id":"ADL903021","product_condition":"new"},"_links":{"self":[{"href":"https:\/\/www.alldayled.com\/de\/wp-json\/wp\/v2\/product\/81594","targetHints":{"allow":["GET"]}}],"collection":[{"href":"https:\/\/www.alldayled.com\/de\/wp-json\/wp\/v2\/product"}],"about":[{"href":"https:\/\/www.alldayled.com\/de\/wp-json\/wp\/v2\/types\/product"}],"replies":[{"embeddable":true,"href":"https:\/\/www.alldayled.com\/de\/wp-json\/wp\/v2\/comments?post=81594"}],"wp:featuredmedia":[{"embeddable":true,"href":"https:\/\/www.alldayled.com\/de\/wp-json\/wp\/v2\/media\/81860"}],"wp:attachment":[{"href":"https:\/\/www.alldayled.com\/de\/wp-json\/wp\/v2\/media?parent=81594"}],"wp:term":[{"taxonomy":"product_brand","embeddable":true,"href":"https:\/\/www.alldayled.com\/de\/wp-json\/wp\/v2\/product_brand?post=81594"},{"taxonomy":"product_cat","embeddable":true,"href":"https:\/\/www.alldayled.com\/de\/wp-json\/wp\/v2\/product_cat?post=81594"},{"taxonomy":"product_tag","embeddable":true,"href":"https:\/\/www.alldayled.com\/de\/wp-json\/wp\/v2\/product_tag?post=81594"}],"curies":[{"name":"wp","href":"https:\/\/api.w.org\/{rel}","templated":true}]}}