{"id":81704,"date":"2026-01-18T09:00:50","date_gmt":"2026-01-18T08:00:50","guid":{"rendered":"https:\/\/www.alldayled.com\/product\/strands-pro-dt4-splitter\/"},"modified":"2026-05-11T21:12:30","modified_gmt":"2026-05-11T19:12:30","slug":"strands-pro-dt4-splitter","status":"publish","type":"product","link":"https:\/\/www.alldayled.com\/de\/produkt\/strands-pro-dt4-splitter\/","title":{"rendered":"Strands PRO DT4 Splitter"},"content":{"rendered":"<p><span style=\"color: #000000;\"><strong>Strands PRO DT4 Splitter Kabel, geeignet f\u00fcr 12&amp;24 Volt. <\/strong><\/span><\/p>\n<p><span style=\"color: #000000;\">Hast du mehrere LED-Lampen mit einem DT4-Anschluss gekauft und m\u00f6chtest nur ein Verl\u00e4ngerungskabel verwenden? Dann ist der DT4 Splitter vielleicht das Verbindungskabel, nach dem du suchst. Das VDE-Kabel verf\u00fcgt \u00fcber eine Kabell\u00e4nge von 30 Zentimetern und hat an allen 3 Enden einen DT4-Stecker. Der vollst\u00e4ndig wasserdichte Splitter mit Deutsch DT4 Stecker kann mit 12 und 24 Volt verwendet werden. Das bedeutet, dass du das Stromkabel zum Beispiel f\u00fcr dein Auto, deinen LKW, Anh\u00e4nger, Traktor oder eine andere Art von Fahrzeug nutzen kannst.     <\/span><\/p>\n<p><span style=\"color: #000000;\">Um sicherzugehen, dass das Strands DT4 Splitter Kabel f\u00fcr dein Fahrzeug oder deinen Anh\u00e4nger geeignet ist, haben wir unten einige Spezifikationen aufgelistet. All dies, um zu verdeutlichen, warum dies vielleicht genau das Stromkabel ist, das du suchst. Das Anschlusskabel ist unter anderem mit einem 2 x 1,5 mm\u00b2 Kabel ausgestattet. Die Kabeldicke sorgt daf\u00fcr, dass du hier eine Lampe anschlie\u00dfen kannst, die maximal 75 W pro Kabel verbraucht.   <\/span><\/p>\n<h5><span style=\"color: #000000;\"><strong>Sonstige Kabel: <\/strong><\/span><\/h5>\n<p><span style=\"color: #000000;\">Ist der Strands PRO DT4 Splitter nicht der richtige Splitter, nach dem du suchst? Dann schau dir hier den DT2 Splitter von Strands an:  <\/span><\/p>\n<ul>\n<li><a href=\"https:\/\/www.alldayled.com\/de\/produkt\/strands-dt2-splitter-kabel\/\"><span style=\"color: #000000;\"><strong>Strands DT2 Splitter Kabel<\/strong><\/span><\/a><\/li>\n<\/ul>\n<p><span style=\"color: #000000;\">Bist du dennoch der Meinung, dass das Strands DT4 Splitter Kabel nicht das ist, was du suchst? Einfach weil der Stecker oder die Kabell\u00e4nge nicht deinen W\u00fcnschen entspricht? Dann wirf auf jeden Fall einen Blick auf unsere Seite <a style=\"color: #000000;\" href=\"https:\/\/www.alldayled.com\/de\/produkt-kategorie\/andere-produkte\/fittingen-en-kabels\/\">Fassungen und Kabel<\/a>. Vielleicht findest du dort die Fassung oder das Kabel, nach dem du suchst.    <\/span><\/p>\n","protected":false},"excerpt":{"rendered":"<p>M\u00f6chtest du nur 1 Verl\u00e4ngerungskabel f\u00fcr mehrere Lampen verwenden? Dann w\u00e4hle diesen DT4 Splitter. <\/p>\n","protected":false},"featured_media":81691,"comment_status":"open","ping_status":"closed","template":"","meta":{"_acf_changed":false},"product_brand":[5114],"product_cat":[5330],"product_tag":[],"class_list":{"0":"post-81704","1":"product","2":"type-product","3":"status-publish","4":"has-post-thumbnail","6":"product_brand-product-strands-lighting-division","7":"product_cat-fittingen-en-kabels","9":"first","10":"instock","11":"taxable","12":"shipping-taxable","13":"purchasable","14":"product-type-simple"},"acf":[],"yoast_head":"<!-- This site is optimized with the Yoast SEO Premium plugin v26.5 (Yoast SEO v27.1.1) - https:\/\/yoast.com\/product\/yoast-seo-premium-wordpress\/ -->\n<title>Strands PRO DT4 Splitter - All Day Led - geeignet f\u00fcr 12\/24 Volt<\/title>\n<meta name=\"description\" content=\"Strands PRO DT4 Splitter - Deutsch DT4 Stecker - 2 x 1,5 mm\u00b2 Kabel - geeignet f\u00fcr 12&amp;24V - 30 Zentimeter Kabel - max. 75W pro Splitter\" \/>\n<meta name=\"robots\" content=\"index, follow, max-snippet:-1, max-image-preview:large, max-video-preview:-1\" \/>\n<link rel=\"canonical\" href=\"https:\/\/www.alldayled.com\/de\/produkt\/strands-pro-dt4-splitter\/\" \/>\n<meta property=\"og:locale\" content=\"de_DE\" \/>\n<meta property=\"og:type\" content=\"article\" \/>\n<meta property=\"og:title\" content=\"Strands PRO DT4 Splitter - All Day Led - geeignet f\u00fcr 12\/24 Volt\" \/>\n<meta property=\"og:description\" content=\"Strands PRO DT4 Splitter - Deutsch DT4 Stecker - 2 x 1,5 mm\u00b2 Kabel - geeignet f\u00fcr 12&amp;24V - 30 Zentimeter Kabel - max. 75W pro Splitter\" \/>\n<meta property=\"og:url\" content=\"https:\/\/www.alldayled.com\/de\/produkt\/strands-pro-dt4-splitter\/\" \/>\n<meta property=\"og:site_name\" content=\"All Day Led\" \/>\n<meta property=\"article:publisher\" content=\"https:\/\/www.facebook.com\/alldayled\/\" \/>\n<meta property=\"article:modified_time\" content=\"2026-05-11T19:12:30+00:00\" \/>\n<meta property=\"og:image\" content=\"https:\/\/www.alldayled.com\/wp-content\/uploads\/2026\/01\/ADL907001-SM-300x300.png\" \/>\n<meta name=\"twitter:label1\" content=\"Preis\" \/>\n\t<meta name=\"twitter:data1\" content=\"&euro;&nbsp;16,95\" \/>\n\t<meta name=\"twitter:label2\" content=\"Verf\u00fcgbarkeit\" \/>\n\t<meta name=\"twitter:data2\" content=\"Auf Lager\" \/>\n<script type=\"application\/ld+json\" class=\"yoast-schema-graph\">{\"@context\":\"https:\/\/schema.org\",\"@graph\":[{\"@type\":\"WebPage\",\"@id\":\"https:\/\/www.alldayled.com\/de\/produkt\/strands-pro-dt4-splitter\/\",\"url\":\"https:\/\/www.alldayled.com\/de\/produkt\/strands-pro-dt4-splitter\/\",\"name\":\"Strands PRO DT4 Splitter - All Day Led - geeignet f\u00fcr 12\/24 Volt\",\"isPartOf\":{\"@id\":\"https:\/\/www.alldayled.com\/de\/#website\"},\"primaryImageOfPage\":{\"@id\":\"https:\/\/www.alldayled.com\/de\/produkt\/strands-pro-dt4-splitter\/#primaryimage\"},\"image\":{\"@id\":\"https:\/\/www.alldayled.com\/de\/produkt\/strands-pro-dt4-splitter\/#primaryimage\"},\"thumbnailUrl\":\"https:\/\/www.alldayled.com\/wp-content\/uploads\/2026\/01\/ADL907001.png\",\"datePublished\":\"2026-01-18T08:00:50+00:00\",\"dateModified\":\"2026-05-11T19:12:30+00:00\",\"description\":\"Strands PRO DT4 Splitter - Deutsch DT4 Stecker - 2 x 1,5 mm\u00b2 Kabel - geeignet f\u00fcr 12&24V - 30 Zentimeter Kabel - max. 75W pro Splitter\",\"breadcrumb\":{\"@id\":\"https:\/\/www.alldayled.com\/de\/produkt\/strands-pro-dt4-splitter\/#breadcrumb\"},\"inLanguage\":\"de\",\"potentialAction\":[{\"@type\":\"ReadAction\",\"target\":[\"https:\/\/www.alldayled.com\/de\/produkt\/strands-pro-dt4-splitter\/\"]}]},{\"@type\":\"ImageObject\",\"inLanguage\":\"de\",\"@id\":\"https:\/\/www.alldayled.com\/de\/produkt\/strands-pro-dt4-splitter\/#primaryimage\",\"url\":\"https:\/\/www.alldayled.com\/wp-content\/uploads\/2026\/01\/ADL907001.png\",\"contentUrl\":\"https:\/\/www.alldayled.com\/wp-content\/uploads\/2026\/01\/ADL907001.png\",\"width\":800,\"height\":600,\"caption\":\"Strands PRO DT4 Splitter - Deutsch DT4 Stecker - 2 x 1,5 mm\u00b2 Kabel - geeignet f\u00fcr 12&amp;24V - 30 Zentimeter Kabel - max. 75W pro Splitter - 907001 - EAN: 7323030205430\"},{\"@type\":\"BreadcrumbList\",\"@id\":\"https:\/\/www.alldayled.com\/de\/produkt\/strands-pro-dt4-splitter\/#breadcrumb\",\"itemListElement\":[{\"@type\":\"ListItem\",\"position\":1,\"name\":\"Home\",\"item\":\"https:\/\/www.alldayled.com\/de\/\"},{\"@type\":\"ListItem\",\"position\":2,\"name\":\"Shop\",\"item\":\"https:\/\/www.alldayled.com\/de\/shop\/\"},{\"@type\":\"ListItem\",\"position\":3,\"name\":\"Strands PRO DT4 Splitter\"}]},{\"@type\":\"WebSite\",\"@id\":\"https:\/\/www.alldayled.com\/de\/#website\",\"url\":\"https:\/\/www.alldayled.com\/de\/\",\"name\":\"All Day Led\",\"description\":\"Verlichting voor 12&amp;24 volt gebruik\",\"publisher\":{\"@id\":\"https:\/\/www.alldayled.com\/de\/#organization\"},\"potentialAction\":[{\"@type\":\"SearchAction\",\"target\":{\"@type\":\"EntryPoint\",\"urlTemplate\":\"https:\/\/www.alldayled.com\/de\/?s={search_term_string}\"},\"query-input\":{\"@type\":\"PropertyValueSpecification\",\"valueRequired\":true,\"valueName\":\"search_term_string\"}}],\"inLanguage\":\"de\"},{\"@type\":\"Organization\",\"@id\":\"https:\/\/www.alldayled.com\/de\/#organization\",\"name\":\"All Day Led\",\"url\":\"https:\/\/www.alldayled.com\/de\/\",\"logo\":{\"@type\":\"ImageObject\",\"inLanguage\":\"de\",\"@id\":\"https:\/\/www.alldayled.com\/de\/#\/schema\/logo\/image\/\",\"url\":\"https:\/\/www.alldayled.com\/wp-content\/uploads\/2025\/10\/Logo-ALL-DAY-LED-800x800-zwart-witte-letters.png\",\"contentUrl\":\"https:\/\/www.alldayled.com\/wp-content\/uploads\/2025\/10\/Logo-ALL-DAY-LED-800x800-zwart-witte-letters.png\",\"width\":800,\"height\":800,\"caption\":\"All Day Led\"},\"image\":{\"@id\":\"https:\/\/www.alldayled.com\/de\/#\/schema\/logo\/image\/\"},\"sameAs\":[\"https:\/\/www.facebook.com\/alldayled\/\",\"https:\/\/www.instagram.com\/alldayled\/\"],\"vatID\":\"NL863960133B01\",\"taxID\":\"86416545\"}]}<\/script>\n<meta property=\"product:brand\" content=\"Strands\" \/>\n<meta property=\"product:price:amount\" content=\"16.95\" \/>\n<meta property=\"product:price:currency\" content=\"EUR\" \/>\n<meta property=\"og:availability\" content=\"instock\" \/>\n<meta property=\"product:availability\" content=\"instock\" \/>\n<meta property=\"product:retailer_item_id\" content=\"ADL907001\" \/>\n<meta property=\"product:condition\" content=\"new\" \/>\n<!-- \/ Yoast SEO Premium plugin. -->","yoast_head_json":{"title":"Strands PRO DT4 Splitter - All Day Led - geeignet f\u00fcr 12\/24 Volt","description":"Strands PRO DT4 Splitter - Deutsch DT4 Stecker - 2 x 1,5 mm\u00b2 Kabel - geeignet f\u00fcr 12&24V - 30 Zentimeter Kabel - max. 75W pro Splitter","robots":{"index":"index","follow":"follow","max-snippet":"max-snippet:-1","max-image-preview":"max-image-preview:large","max-video-preview":"max-video-preview:-1"},"canonical":"https:\/\/www.alldayled.com\/de\/produkt\/strands-pro-dt4-splitter\/","og_locale":"de_DE","og_type":"article","og_title":"Strands PRO DT4 Splitter - All Day Led - geeignet f\u00fcr 12\/24 Volt","og_description":"Strands PRO DT4 Splitter - Deutsch DT4 Stecker - 2 x 1,5 mm\u00b2 Kabel - geeignet f\u00fcr 12&24V - 30 Zentimeter Kabel - max. 75W pro Splitter","og_url":"https:\/\/www.alldayled.com\/de\/produkt\/strands-pro-dt4-splitter\/","og_site_name":"All Day Led","article_publisher":"https:\/\/www.facebook.com\/alldayled\/","article_modified_time":"2026-05-11T19:12:30+00:00","og_image":[{"url":"https:\/\/www.alldayled.com\/wp-content\/uploads\/2026\/01\/ADL907001-SM-300x300.png","type":"","width":"","height":""}],"twitter_misc":{"Preis":"&euro;&nbsp;16,95","Verf\u00fcgbarkeit":"Auf Lager"},"schema":{"@context":"https:\/\/schema.org","@graph":[{"@type":"WebPage","@id":"https:\/\/www.alldayled.com\/de\/produkt\/strands-pro-dt4-splitter\/","url":"https:\/\/www.alldayled.com\/de\/produkt\/strands-pro-dt4-splitter\/","name":"Strands PRO DT4 Splitter - All Day Led - geeignet f\u00fcr 12\/24 Volt","isPartOf":{"@id":"https:\/\/www.alldayled.com\/de\/#website"},"primaryImageOfPage":{"@id":"https:\/\/www.alldayled.com\/de\/produkt\/strands-pro-dt4-splitter\/#primaryimage"},"image":{"@id":"https:\/\/www.alldayled.com\/de\/produkt\/strands-pro-dt4-splitter\/#primaryimage"},"thumbnailUrl":"https:\/\/www.alldayled.com\/wp-content\/uploads\/2026\/01\/ADL907001.png","datePublished":"2026-01-18T08:00:50+00:00","dateModified":"2026-05-11T19:12:30+00:00","description":"Strands PRO DT4 Splitter - Deutsch DT4 Stecker - 2 x 1,5 mm\u00b2 Kabel - geeignet f\u00fcr 12&24V - 30 Zentimeter Kabel - max. 75W pro Splitter","breadcrumb":{"@id":"https:\/\/www.alldayled.com\/de\/produkt\/strands-pro-dt4-splitter\/#breadcrumb"},"inLanguage":"de","potentialAction":[{"@type":"ReadAction","target":["https:\/\/www.alldayled.com\/de\/produkt\/strands-pro-dt4-splitter\/"]}]},{"@type":"ImageObject","inLanguage":"de","@id":"https:\/\/www.alldayled.com\/de\/produkt\/strands-pro-dt4-splitter\/#primaryimage","url":"https:\/\/www.alldayled.com\/wp-content\/uploads\/2026\/01\/ADL907001.png","contentUrl":"https:\/\/www.alldayled.com\/wp-content\/uploads\/2026\/01\/ADL907001.png","width":800,"height":600,"caption":"Strands PRO DT4 Splitter - Deutsch DT4 Stecker - 2 x 1,5 mm\u00b2 Kabel - geeignet f\u00fcr 12&amp;24V - 30 Zentimeter Kabel - max. 75W pro Splitter - 907001 - EAN: 7323030205430"},{"@type":"BreadcrumbList","@id":"https:\/\/www.alldayled.com\/de\/produkt\/strands-pro-dt4-splitter\/#breadcrumb","itemListElement":[{"@type":"ListItem","position":1,"name":"Home","item":"https:\/\/www.alldayled.com\/de\/"},{"@type":"ListItem","position":2,"name":"Shop","item":"https:\/\/www.alldayled.com\/de\/shop\/"},{"@type":"ListItem","position":3,"name":"Strands PRO DT4 Splitter"}]},{"@type":"WebSite","@id":"https:\/\/www.alldayled.com\/de\/#website","url":"https:\/\/www.alldayled.com\/de\/","name":"All Day Led","description":"Verlichting voor 12&amp;24 volt gebruik","publisher":{"@id":"https:\/\/www.alldayled.com\/de\/#organization"},"potentialAction":[{"@type":"SearchAction","target":{"@type":"EntryPoint","urlTemplate":"https:\/\/www.alldayled.com\/de\/?s={search_term_string}"},"query-input":{"@type":"PropertyValueSpecification","valueRequired":true,"valueName":"search_term_string"}}],"inLanguage":"de"},{"@type":"Organization","@id":"https:\/\/www.alldayled.com\/de\/#organization","name":"All Day Led","url":"https:\/\/www.alldayled.com\/de\/","logo":{"@type":"ImageObject","inLanguage":"de","@id":"https:\/\/www.alldayled.com\/de\/#\/schema\/logo\/image\/","url":"https:\/\/www.alldayled.com\/wp-content\/uploads\/2025\/10\/Logo-ALL-DAY-LED-800x800-zwart-witte-letters.png","contentUrl":"https:\/\/www.alldayled.com\/wp-content\/uploads\/2025\/10\/Logo-ALL-DAY-LED-800x800-zwart-witte-letters.png","width":800,"height":800,"caption":"All Day Led"},"image":{"@id":"https:\/\/www.alldayled.com\/de\/#\/schema\/logo\/image\/"},"sameAs":["https:\/\/www.facebook.com\/alldayled\/","https:\/\/www.instagram.com\/alldayled\/"],"vatID":"NL863960133B01","taxID":"86416545"}]},"product_brand":"Strands","product_price_amount":"16.95","product_price_currency":"EUR","og_availability":"instock","product_availability":"instock","product_retailer_item_id":"ADL907001","product_condition":"new"},"_links":{"self":[{"href":"https:\/\/www.alldayled.com\/de\/wp-json\/wp\/v2\/product\/81704","targetHints":{"allow":["GET"]}}],"collection":[{"href":"https:\/\/www.alldayled.com\/de\/wp-json\/wp\/v2\/product"}],"about":[{"href":"https:\/\/www.alldayled.com\/de\/wp-json\/wp\/v2\/types\/product"}],"replies":[{"embeddable":true,"href":"https:\/\/www.alldayled.com\/de\/wp-json\/wp\/v2\/comments?post=81704"}],"wp:featuredmedia":[{"embeddable":true,"href":"https:\/\/www.alldayled.com\/de\/wp-json\/wp\/v2\/media\/81691"}],"wp:attachment":[{"href":"https:\/\/www.alldayled.com\/de\/wp-json\/wp\/v2\/media?parent=81704"}],"wp:term":[{"taxonomy":"product_brand","embeddable":true,"href":"https:\/\/www.alldayled.com\/de\/wp-json\/wp\/v2\/product_brand?post=81704"},{"taxonomy":"product_cat","embeddable":true,"href":"https:\/\/www.alldayled.com\/de\/wp-json\/wp\/v2\/product_cat?post=81704"},{"taxonomy":"product_tag","embeddable":true,"href":"https:\/\/www.alldayled.com\/de\/wp-json\/wp\/v2\/product_tag?post=81704"}],"curies":[{"name":"wp","href":"https:\/\/api.w.org\/{rel}","templated":true}]}}