{"id":81706,"date":"2026-01-18T09:05:34","date_gmt":"2026-01-18T08:05:34","guid":{"rendered":"https:\/\/www.alldayled.com\/product\/strands-pro-dt6-naar-dt4-kabel\/"},"modified":"2026-01-18T09:05:34","modified_gmt":"2026-01-18T08:05:34","slug":"strands-pro-dt6-naar-dt4-kabel","status":"publish","type":"product","link":"https:\/\/www.alldayled.com\/de\/produkt\/strands-pro-dt6-naar-dt4-kabel\/","title":{"rendered":"Strands PRO DT6 zu DT4 Kabel"},"content":{"rendered":"<p><strong>Strands PRO DT6 zu DT4 Kabel, geeignet f\u00fcr 12 und 24 Volt.<\/strong><\/p>\n<p>Hast du eine Lampe mit DT4-Anschluss, aber dein Fahrzeug oder Kabelbaum hat einen DT6-Stecker? Dann ist dieses Strands PRO DT6 zu DT4 Adapterkabel aus der Pro-Serie genau das Richtige f\u00fcr dich. Die Strands Pro-Serie wurde speziell entwickelt, um die Montage deiner Beleuchtung einfach und effizient zu gestalten. So holst du das Beste aus deiner Strands Lampe heraus, verl\u00e4ngerst die Lebensdauer und sicherst dir einen zuverl\u00e4ssigen, langlebigen Betrieb.   <\/p>\n<p>Dieses DT6 zu DT4 Adapterkabel hat eine L\u00e4nge von 1600 mm und ist f\u00fcr 12 und 24 Volt geeignet. Mit einer maximalen Belastung von 150 W kannst du es problemlos f\u00fcr verschiedene Anwendungen nutzen. Ob Auto, LKW, Transporter oder andere Fahrzeuge, an denen deine Strands Beleuchtung montiert wird.  <\/p>\n<h5><span style=\"color: #000000;\"><strong>Sonstige Kabel: <\/strong><\/span><\/h5>\n<p><span style=\"color: #000000;\">M\u00f6chtest du ein Anschlusskabel von Strands kaufen, aber das DT6 zu DT4 Adapterkabel ist nicht das, was du suchst? Strands bietet auch diverse andere Anschlusskabel an. Hier findest du einige davon:   <\/span><\/p>\n<ul>\n<li><span style=\"color: #000000;\"><a style=\"color: #000000;\" href=\"https:\/\/www.alldayled.com\/de\/produkt\/strands-dt4-connector-kabel-3m\/\"><strong>DT4 Anschlusskabel 3m<\/strong><\/a><\/span><\/li>\n<li><span style=\"color: #000000;\"><a style=\"color: #000000;\" href=\"https:\/\/www.alldayled.com\/de\/produkt\/strands-dt4-connector-kabel-5m\/\"><strong>DT4-Anschlusskabel 5m<\/strong><\/a><\/span><\/li>\n<\/ul>\n<p><span style=\"color: #000000;\">Bist du der Meinung, dass das Strands Verbindungskabel mit Deutsch DT4- zu DT6-Stecker nicht das Richtige ist? Vielleicht, weil der Stecker oder die Kabell\u00e4nge nicht passt? Dann schau dir unbedingt unsere Seite <a style=\"color: #000000;\" href=\"https:\/\/www.alldayled.com\/de\/produkt-kategorie\/andere-produkte\/fittingen-en-kabels\/\">Fassungen und Kabel<\/a> an. Eventuell findest du dort genau das, was du suchst.    <\/span><\/p>\n","protected":false},"excerpt":{"rendered":"<p>Hast du einen DT4-Anschluss, ben\u00f6tigst aber DT6? Dann w\u00e4hle dieses Strands Pro Kabel. <\/p>\n","protected":false},"featured_media":81668,"comment_status":"open","ping_status":"closed","template":"","meta":{"_acf_changed":false},"product_brand":[5114],"product_cat":[5330],"product_tag":[],"class_list":{"0":"post-81706","1":"product","2":"type-product","3":"status-publish","4":"has-post-thumbnail","6":"product_brand-product-strands-lighting-division","7":"product_cat-fittingen-en-kabels","9":"first","10":"instock","11":"taxable","12":"shipping-taxable","13":"purchasable","14":"product-type-simple"},"acf":[],"yoast_head":"<!-- This site is optimized with the Yoast SEO Premium plugin v26.5 (Yoast SEO v27.1.1) - https:\/\/yoast.com\/product\/yoast-seo-premium-wordpress\/ -->\n<title>Strands PRO DT6 zu DT4 Kabel - All Day Led - f\u00fcr 12\/24 Volt<\/title>\n<meta name=\"description\" content=\"Strands PRO DT6 zu DT4 Kabel - 1600 mm Kabel - f\u00fcr 12 &amp; 24 Volt - maximal 150 W - Deutsch DT6 Stecker zu Deutsch DT4 Stecker - LKW, Auto &amp; mehr\" \/>\n<meta name=\"robots\" content=\"index, follow, max-snippet:-1, max-image-preview:large, max-video-preview:-1\" \/>\n<link rel=\"canonical\" href=\"https:\/\/www.alldayled.com\/de\/produkt\/strands-pro-dt6-naar-dt4-kabel\/\" \/>\n<meta property=\"og:locale\" content=\"de_DE\" \/>\n<meta property=\"og:type\" content=\"article\" \/>\n<meta property=\"og:title\" content=\"Strands PRO DT6 zu DT4 Kabel - All Day Led - f\u00fcr 12\/24 Volt\" \/>\n<meta property=\"og:description\" content=\"Strands PRO DT6 zu DT4 Kabel - 1600 mm Kabel - f\u00fcr 12 &amp; 24 Volt - maximal 150 W - Deutsch DT6 Stecker zu Deutsch DT4 Stecker - LKW, Auto &amp; mehr\" \/>\n<meta property=\"og:url\" content=\"https:\/\/www.alldayled.com\/de\/produkt\/strands-pro-dt6-naar-dt4-kabel\/\" \/>\n<meta property=\"og:site_name\" content=\"All Day Led\" \/>\n<meta property=\"article:publisher\" content=\"https:\/\/www.facebook.com\/alldayled\/\" \/>\n<meta property=\"og:image\" content=\"https:\/\/www.alldayled.com\/wp-content\/uploads\/2026\/01\/ADL907006-SM-300x300.png\" \/>\n<meta name=\"twitter:label1\" content=\"Preis\" \/>\n\t<meta name=\"twitter:data1\" content=\"&euro;&nbsp;17,95\" \/>\n\t<meta name=\"twitter:label2\" content=\"Verf\u00fcgbarkeit\" \/>\n\t<meta name=\"twitter:data2\" content=\"Auf Lager\" \/>\n<script type=\"application\/ld+json\" class=\"yoast-schema-graph\">{\"@context\":\"https:\/\/schema.org\",\"@graph\":[{\"@type\":\"WebPage\",\"@id\":\"https:\/\/www.alldayled.com\/de\/produkt\/strands-pro-dt6-naar-dt4-kabel\/\",\"url\":\"https:\/\/www.alldayled.com\/de\/produkt\/strands-pro-dt6-naar-dt4-kabel\/\",\"name\":\"Strands PRO DT6 zu DT4 Kabel - All Day Led - f\u00fcr 12\/24 Volt\",\"isPartOf\":{\"@id\":\"https:\/\/www.alldayled.com\/de\/#website\"},\"primaryImageOfPage\":{\"@id\":\"https:\/\/www.alldayled.com\/de\/produkt\/strands-pro-dt6-naar-dt4-kabel\/#primaryimage\"},\"image\":{\"@id\":\"https:\/\/www.alldayled.com\/de\/produkt\/strands-pro-dt6-naar-dt4-kabel\/#primaryimage\"},\"thumbnailUrl\":\"https:\/\/www.alldayled.com\/wp-content\/uploads\/2026\/01\/ADL907006.png\",\"datePublished\":\"2026-01-18T08:05:34+00:00\",\"description\":\"Strands PRO DT6 zu DT4 Kabel - 1600 mm Kabel - f\u00fcr 12 & 24 Volt - maximal 150 W - Deutsch DT6 Stecker zu Deutsch DT4 Stecker - LKW, Auto & mehr\",\"breadcrumb\":{\"@id\":\"https:\/\/www.alldayled.com\/de\/produkt\/strands-pro-dt6-naar-dt4-kabel\/#breadcrumb\"},\"inLanguage\":\"de\",\"potentialAction\":[{\"@type\":\"ReadAction\",\"target\":[\"https:\/\/www.alldayled.com\/de\/produkt\/strands-pro-dt6-naar-dt4-kabel\/\"]}]},{\"@type\":\"ImageObject\",\"inLanguage\":\"de\",\"@id\":\"https:\/\/www.alldayled.com\/de\/produkt\/strands-pro-dt6-naar-dt4-kabel\/#primaryimage\",\"url\":\"https:\/\/www.alldayled.com\/wp-content\/uploads\/2026\/01\/ADL907006.png\",\"contentUrl\":\"https:\/\/www.alldayled.com\/wp-content\/uploads\/2026\/01\/ADL907006.png\",\"width\":800,\"height\":600,\"caption\":\"Strands PRO DT6 zu DT4 Kabel - 907006 - EAN: 7323030205546 - max. 150 W - Kabell\u00e4nge 1600 mm\"},{\"@type\":\"BreadcrumbList\",\"@id\":\"https:\/\/www.alldayled.com\/de\/produkt\/strands-pro-dt6-naar-dt4-kabel\/#breadcrumb\",\"itemListElement\":[{\"@type\":\"ListItem\",\"position\":1,\"name\":\"Home\",\"item\":\"https:\/\/www.alldayled.com\/de\/\"},{\"@type\":\"ListItem\",\"position\":2,\"name\":\"Shop\",\"item\":\"https:\/\/www.alldayled.com\/de\/shop\/\"},{\"@type\":\"ListItem\",\"position\":3,\"name\":\"Strands PRO DT6 zu DT4 Kabel\"}]},{\"@type\":\"WebSite\",\"@id\":\"https:\/\/www.alldayled.com\/de\/#website\",\"url\":\"https:\/\/www.alldayled.com\/de\/\",\"name\":\"All Day Led\",\"description\":\"Verlichting voor 12&amp;24 volt gebruik\",\"publisher\":{\"@id\":\"https:\/\/www.alldayled.com\/de\/#organization\"},\"potentialAction\":[{\"@type\":\"SearchAction\",\"target\":{\"@type\":\"EntryPoint\",\"urlTemplate\":\"https:\/\/www.alldayled.com\/de\/?s={search_term_string}\"},\"query-input\":{\"@type\":\"PropertyValueSpecification\",\"valueRequired\":true,\"valueName\":\"search_term_string\"}}],\"inLanguage\":\"de\"},{\"@type\":\"Organization\",\"@id\":\"https:\/\/www.alldayled.com\/de\/#organization\",\"name\":\"All Day Led\",\"url\":\"https:\/\/www.alldayled.com\/de\/\",\"logo\":{\"@type\":\"ImageObject\",\"inLanguage\":\"de\",\"@id\":\"https:\/\/www.alldayled.com\/de\/#\/schema\/logo\/image\/\",\"url\":\"https:\/\/www.alldayled.com\/wp-content\/uploads\/2025\/10\/Logo-ALL-DAY-LED-800x800-zwart-witte-letters.png\",\"contentUrl\":\"https:\/\/www.alldayled.com\/wp-content\/uploads\/2025\/10\/Logo-ALL-DAY-LED-800x800-zwart-witte-letters.png\",\"width\":800,\"height\":800,\"caption\":\"All Day Led\"},\"image\":{\"@id\":\"https:\/\/www.alldayled.com\/de\/#\/schema\/logo\/image\/\"},\"sameAs\":[\"https:\/\/www.facebook.com\/alldayled\/\",\"https:\/\/www.instagram.com\/alldayled\/\"],\"vatID\":\"NL863960133B01\",\"taxID\":\"86416545\"}]}<\/script>\n<meta property=\"product:brand\" content=\"Strands\" \/>\n<meta property=\"product:price:amount\" content=\"17.95\" \/>\n<meta property=\"product:price:currency\" content=\"EUR\" \/>\n<meta property=\"og:availability\" content=\"instock\" \/>\n<meta property=\"product:availability\" content=\"instock\" \/>\n<meta property=\"product:retailer_item_id\" content=\"ADL907006\" \/>\n<meta property=\"product:condition\" content=\"new\" \/>\n<!-- \/ Yoast SEO Premium plugin. -->","yoast_head_json":{"title":"Strands PRO DT6 zu DT4 Kabel - All Day Led - f\u00fcr 12\/24 Volt","description":"Strands PRO DT6 zu DT4 Kabel - 1600 mm Kabel - f\u00fcr 12 & 24 Volt - maximal 150 W - Deutsch DT6 Stecker zu Deutsch DT4 Stecker - LKW, Auto & mehr","robots":{"index":"index","follow":"follow","max-snippet":"max-snippet:-1","max-image-preview":"max-image-preview:large","max-video-preview":"max-video-preview:-1"},"canonical":"https:\/\/www.alldayled.com\/de\/produkt\/strands-pro-dt6-naar-dt4-kabel\/","og_locale":"de_DE","og_type":"article","og_title":"Strands PRO DT6 zu DT4 Kabel - All Day Led - f\u00fcr 12\/24 Volt","og_description":"Strands PRO DT6 zu DT4 Kabel - 1600 mm Kabel - f\u00fcr 12 & 24 Volt - maximal 150 W - Deutsch DT6 Stecker zu Deutsch DT4 Stecker - LKW, Auto & mehr","og_url":"https:\/\/www.alldayled.com\/de\/produkt\/strands-pro-dt6-naar-dt4-kabel\/","og_site_name":"All Day Led","article_publisher":"https:\/\/www.facebook.com\/alldayled\/","og_image":[{"url":"https:\/\/www.alldayled.com\/wp-content\/uploads\/2026\/01\/ADL907006-SM-300x300.png","type":"","width":"","height":""}],"twitter_misc":{"Preis":"&euro;&nbsp;17,95","Verf\u00fcgbarkeit":"Auf Lager"},"schema":{"@context":"https:\/\/schema.org","@graph":[{"@type":"WebPage","@id":"https:\/\/www.alldayled.com\/de\/produkt\/strands-pro-dt6-naar-dt4-kabel\/","url":"https:\/\/www.alldayled.com\/de\/produkt\/strands-pro-dt6-naar-dt4-kabel\/","name":"Strands PRO DT6 zu DT4 Kabel - All Day Led - f\u00fcr 12\/24 Volt","isPartOf":{"@id":"https:\/\/www.alldayled.com\/de\/#website"},"primaryImageOfPage":{"@id":"https:\/\/www.alldayled.com\/de\/produkt\/strands-pro-dt6-naar-dt4-kabel\/#primaryimage"},"image":{"@id":"https:\/\/www.alldayled.com\/de\/produkt\/strands-pro-dt6-naar-dt4-kabel\/#primaryimage"},"thumbnailUrl":"https:\/\/www.alldayled.com\/wp-content\/uploads\/2026\/01\/ADL907006.png","datePublished":"2026-01-18T08:05:34+00:00","description":"Strands PRO DT6 zu DT4 Kabel - 1600 mm Kabel - f\u00fcr 12 & 24 Volt - maximal 150 W - Deutsch DT6 Stecker zu Deutsch DT4 Stecker - LKW, Auto & mehr","breadcrumb":{"@id":"https:\/\/www.alldayled.com\/de\/produkt\/strands-pro-dt6-naar-dt4-kabel\/#breadcrumb"},"inLanguage":"de","potentialAction":[{"@type":"ReadAction","target":["https:\/\/www.alldayled.com\/de\/produkt\/strands-pro-dt6-naar-dt4-kabel\/"]}]},{"@type":"ImageObject","inLanguage":"de","@id":"https:\/\/www.alldayled.com\/de\/produkt\/strands-pro-dt6-naar-dt4-kabel\/#primaryimage","url":"https:\/\/www.alldayled.com\/wp-content\/uploads\/2026\/01\/ADL907006.png","contentUrl":"https:\/\/www.alldayled.com\/wp-content\/uploads\/2026\/01\/ADL907006.png","width":800,"height":600,"caption":"Strands PRO DT6 zu DT4 Kabel - 907006 - EAN: 7323030205546 - max. 150 W - Kabell\u00e4nge 1600 mm"},{"@type":"BreadcrumbList","@id":"https:\/\/www.alldayled.com\/de\/produkt\/strands-pro-dt6-naar-dt4-kabel\/#breadcrumb","itemListElement":[{"@type":"ListItem","position":1,"name":"Home","item":"https:\/\/www.alldayled.com\/de\/"},{"@type":"ListItem","position":2,"name":"Shop","item":"https:\/\/www.alldayled.com\/de\/shop\/"},{"@type":"ListItem","position":3,"name":"Strands PRO DT6 zu DT4 Kabel"}]},{"@type":"WebSite","@id":"https:\/\/www.alldayled.com\/de\/#website","url":"https:\/\/www.alldayled.com\/de\/","name":"All Day Led","description":"Verlichting voor 12&amp;24 volt gebruik","publisher":{"@id":"https:\/\/www.alldayled.com\/de\/#organization"},"potentialAction":[{"@type":"SearchAction","target":{"@type":"EntryPoint","urlTemplate":"https:\/\/www.alldayled.com\/de\/?s={search_term_string}"},"query-input":{"@type":"PropertyValueSpecification","valueRequired":true,"valueName":"search_term_string"}}],"inLanguage":"de"},{"@type":"Organization","@id":"https:\/\/www.alldayled.com\/de\/#organization","name":"All Day Led","url":"https:\/\/www.alldayled.com\/de\/","logo":{"@type":"ImageObject","inLanguage":"de","@id":"https:\/\/www.alldayled.com\/de\/#\/schema\/logo\/image\/","url":"https:\/\/www.alldayled.com\/wp-content\/uploads\/2025\/10\/Logo-ALL-DAY-LED-800x800-zwart-witte-letters.png","contentUrl":"https:\/\/www.alldayled.com\/wp-content\/uploads\/2025\/10\/Logo-ALL-DAY-LED-800x800-zwart-witte-letters.png","width":800,"height":800,"caption":"All Day Led"},"image":{"@id":"https:\/\/www.alldayled.com\/de\/#\/schema\/logo\/image\/"},"sameAs":["https:\/\/www.facebook.com\/alldayled\/","https:\/\/www.instagram.com\/alldayled\/"],"vatID":"NL863960133B01","taxID":"86416545"}]},"product_brand":"Strands","product_price_amount":"17.95","product_price_currency":"EUR","og_availability":"instock","product_availability":"instock","product_retailer_item_id":"ADL907006","product_condition":"new"},"_links":{"self":[{"href":"https:\/\/www.alldayled.com\/de\/wp-json\/wp\/v2\/product\/81706","targetHints":{"allow":["GET"]}}],"collection":[{"href":"https:\/\/www.alldayled.com\/de\/wp-json\/wp\/v2\/product"}],"about":[{"href":"https:\/\/www.alldayled.com\/de\/wp-json\/wp\/v2\/types\/product"}],"replies":[{"embeddable":true,"href":"https:\/\/www.alldayled.com\/de\/wp-json\/wp\/v2\/comments?post=81706"}],"wp:featuredmedia":[{"embeddable":true,"href":"https:\/\/www.alldayled.com\/de\/wp-json\/wp\/v2\/media\/81668"}],"wp:attachment":[{"href":"https:\/\/www.alldayled.com\/de\/wp-json\/wp\/v2\/media?parent=81706"}],"wp:term":[{"taxonomy":"product_brand","embeddable":true,"href":"https:\/\/www.alldayled.com\/de\/wp-json\/wp\/v2\/product_brand?post=81706"},{"taxonomy":"product_cat","embeddable":true,"href":"https:\/\/www.alldayled.com\/de\/wp-json\/wp\/v2\/product_cat?post=81706"},{"taxonomy":"product_tag","embeddable":true,"href":"https:\/\/www.alldayled.com\/de\/wp-json\/wp\/v2\/product_tag?post=81706"}],"curies":[{"name":"wp","href":"https:\/\/api.w.org\/{rel}","templated":true}]}}