{"id":81972,"date":"2026-03-04T12:00:03","date_gmt":"2026-03-04T11:00:03","guid":{"rendered":"https:\/\/www.alldayled.com\/?post_type=product&#038;p=81972"},"modified":"2026-03-16T11:27:31","modified_gmt":"2026-03-16T10:27:31","slug":"strands-beanie-zwart","status":"publish","type":"product","link":"https:\/\/www.alldayled.com\/de\/produkt\/strands-beanie-zwart\/","title":{"rendered":"Strands beanie schwarz"},"content":{"rendered":"<p><span style=\"color: #000000;\"><strong>Strands beanie schwarz.<\/strong><\/span><\/p>\n<p><span style=\"color: #000000;\">Willst du in langen Wintern\u00e4chten und an kalten Tagen stylish und warm bleiben? Dann ist die Strands beanie schwarz genau das, was du brauchst. Diese Strickm\u00fctze besteht aus 100 % Acryl, was sie weich, dehnbar und bequem macht. Zudem ist sie pflegeleicht: Du kannst sie einfach bei 40 Grad waschen. Das dehnbare Material sorgt daf\u00fcr, dass die M\u00fctze immer perfekt sitzt und ihre Form beh\u00e4lt, w\u00e4hrend der dezente Strands-Patch auf der Vorderseite f\u00fcr einen gepflegten und markanten Look sorgt.   <\/span><\/p>\n<p><span style=\"color: #000000;\">Zudem ist die Strands Strickm\u00fctze ideal f\u00fcr den t\u00e4glichen Gebrauch, egal ob unterwegs oder an deinem Fahrzeug. Dank des warmen und bequemen Materials h\u00e4lt sie deinen Kopf angenehm warm, ohne Kompromisse beim Stil einzugehen. Perfekt f\u00fcr die Arbeit, Freizeit oder lange Fahrten in der K\u00e4lte und eine echte Erg\u00e4nzung f\u00fcr deine Strands-Merchandise-Kollektion.  <\/span><\/p>\n<h5><span style=\"color: #000000;\"><strong>Weiteres Merchandise:  <\/strong><\/span><\/h5>\n<div class=\"flex flex-col text-sm pb-25\">\n<article class=\"text-token-text-primary w-full focus:outline-none [--shadow-height:45px] has-data-writing-block:pointer-events-none has-data-writing-block:-mt-(--shadow-height) has-data-writing-block:pt-(--shadow-height) [&amp;:has([data-writing-block])&gt;*]:pointer-events-auto scroll-mt-[calc(var(--header-height)+min(200px,max(70px,20svh)))]\" dir=\"auto\" tabindex=\"-1\" data-turn-id=\"request-69281d91-e358-8323-b3e2-64d9deda6e46-5\" data-testid=\"conversation-turn-430\" data-scroll-anchor=\"true\" data-turn=\"assistant\">\n<div class=\"text-base my-auto mx-auto pb-10 [--thread-content-margin:--spacing(4)] @w-sm\/main:[--thread-content-margin:--spacing(6)] @w-lg\/main:[--thread-content-margin:--spacing(16)] px-(--thread-content-margin)\">\n<div class=\"[--thread-content-max-width:40rem] @w-lg\/main:[--thread-content-max-width:48rem] mx-auto max-w-(--thread-content-max-width) flex-1 group\/turn-messages focus-visible:outline-hidden relative flex w-full min-w-0 flex-col agent-turn\" tabindex=\"-1\">\n<div class=\"flex max-w-full flex-col grow\">\n<div class=\"min-h-8 text-message relative flex w-full flex-col items-end gap-2 text-start break-words whitespace-normal [.text-message+&amp;]:mt-1\" dir=\"auto\" data-message-author-role=\"assistant\" data-message-id=\"ea7094db-145a-4ebc-af0a-fccc9438fd6e\" data-message-model-slug=\"gpt-5-2\">\n<div class=\"flex w-full flex-col gap-1 empty:hidden first:pt-[1px]\">\n<div class=\"markdown prose dark:prose-invert w-full wrap-break-word light markdown-new-styling\">\n<p data-start=\"0\" data-end=\"150\" data-is-last-node=\"\" data-is-only-node=\"\"><span style=\"color: #000000;\">Suchst du neben dieser Strickm\u00fctze nach weiterem Strands Merchandise, um deine Kollektion zu vervollst\u00e4ndigen? Schau dir hier alle Strands-Artikel an und entdecke, was sonst noch zu deinem Stil passt. <\/span><\/p>\n<\/div>\n<\/div>\n<\/div>\n<\/div>\n<\/div>\n<\/div>\n<\/article>\n<\/div>\n<ul>\n<li><span style=\"color: #000000;\"><b><a style=\"color: #000000;\" href=\"https:\/\/www.alldayled.com\/de\/produkt\/strands-zonnebril-zwart\/\">Strands Sonnenbrille<\/a><br \/>\n<\/b><\/span><\/li>\n<li><span style=\"color: #000000;\"><a style=\"color: #000000;\" href=\"https:\/\/www.alldayled.com\/de\/produkt\/strands-cap-zwart\/\"><strong>Strands Cap<\/strong><\/a><\/span><\/li>\n<\/ul>\n<p><span style=\"color: #000000;\">Glaubst du, dass die Strands beanie schwarz doch nicht das Richtige f\u00fcr dich ist? Dann wirf unbedingt einen Blick auf unsere Markenseite <a style=\"color: #000000;\" href=\"https:\/\/www.alldayled.com\/de\/marke\/product-strands-lighting-division\/\">Strands<\/a>. Vielleicht findest du dort genau den Strands-Artikel, den du suchst.   <\/span><\/p>\n","protected":false},"excerpt":{"rendered":"<p><span style=\"color: #000000;\">Strickm\u00fctze von Strands mit Logo-Patch auf der Vorderseite.<\/span><\/p>\n","protected":false},"featured_media":81978,"comment_status":"open","ping_status":"closed","template":"","meta":{"_acf_changed":false},"product_brand":[5114],"product_cat":[10008],"product_tag":[],"class_list":{"0":"post-81972","1":"product","2":"type-product","3":"status-publish","4":"has-post-thumbnail","6":"product_brand-product-strands-lighting-division","7":"product_cat-merchandise","9":"first","10":"instock","11":"taxable","12":"shipping-taxable","13":"purchasable","14":"product-type-simple"},"acf":[],"yoast_head":"<!-- This site is optimized with the Yoast SEO Premium plugin v26.5 (Yoast SEO v27.1.1) - https:\/\/yoast.com\/product\/yoast-seo-premium-wordpress\/ -->\n<title>Strands beanie schwarz - All Day Led - One Size<\/title>\n<meta name=\"description\" content=\"Strands beanie schwarz - Logo-Patch - Strickm\u00fctze - One Size - bequem und dehnbar - f\u00fcr den t\u00e4glichen Gebrauch - Strands Merchandise\" \/>\n<meta name=\"robots\" content=\"index, follow, max-snippet:-1, max-image-preview:large, max-video-preview:-1\" \/>\n<link rel=\"canonical\" href=\"https:\/\/www.alldayled.com\/de\/produkt\/strands-beanie-zwart\/\" \/>\n<meta property=\"og:locale\" content=\"de_DE\" \/>\n<meta property=\"og:type\" content=\"article\" \/>\n<meta property=\"og:title\" content=\"Strands beanie schwarz - All Day Led - One Size\" \/>\n<meta property=\"og:description\" content=\"Strands beanie schwarz - Logo-Patch - Strickm\u00fctze - One Size - bequem und dehnbar - f\u00fcr den t\u00e4glichen Gebrauch - Strands Merchandise\" \/>\n<meta property=\"og:url\" content=\"https:\/\/www.alldayled.com\/de\/produkt\/strands-beanie-zwart\/\" \/>\n<meta property=\"og:site_name\" content=\"All Day Led\" \/>\n<meta property=\"article:publisher\" content=\"https:\/\/www.facebook.com\/alldayled\/\" \/>\n<meta property=\"article:modified_time\" content=\"2026-03-16T10:27:31+00:00\" \/>\n<meta property=\"og:image\" content=\"https:\/\/www.alldayled.com\/wp-content\/uploads\/2026\/01\/ADL907001-SM-300x300.png\" \/>\n<meta name=\"twitter:label1\" content=\"Preis\" \/>\n\t<meta name=\"twitter:data1\" content=\"&euro;&nbsp;9,95\" \/>\n\t<meta name=\"twitter:label2\" content=\"Verf\u00fcgbarkeit\" \/>\n\t<meta name=\"twitter:data2\" content=\"Auf Lager\" \/>\n<script type=\"application\/ld+json\" class=\"yoast-schema-graph\">{\"@context\":\"https:\/\/schema.org\",\"@graph\":[{\"@type\":\"WebPage\",\"@id\":\"https:\/\/www.alldayled.com\/de\/produkt\/strands-beanie-zwart\/\",\"url\":\"https:\/\/www.alldayled.com\/de\/produkt\/strands-beanie-zwart\/\",\"name\":\"Strands beanie schwarz - All Day Led - One Size\",\"isPartOf\":{\"@id\":\"https:\/\/www.alldayled.com\/de\/#website\"},\"primaryImageOfPage\":{\"@id\":\"https:\/\/www.alldayled.com\/de\/produkt\/strands-beanie-zwart\/#primaryimage\"},\"image\":{\"@id\":\"https:\/\/www.alldayled.com\/de\/produkt\/strands-beanie-zwart\/#primaryimage\"},\"thumbnailUrl\":\"https:\/\/www.alldayled.com\/wp-content\/uploads\/2026\/03\/SLD20141.png\",\"datePublished\":\"2026-03-04T11:00:03+00:00\",\"dateModified\":\"2026-03-16T10:27:31+00:00\",\"description\":\"Strands beanie schwarz - Logo-Patch - Strickm\u00fctze - One Size - bequem und dehnbar - f\u00fcr den t\u00e4glichen Gebrauch - Strands Merchandise\",\"breadcrumb\":{\"@id\":\"https:\/\/www.alldayled.com\/de\/produkt\/strands-beanie-zwart\/#breadcrumb\"},\"inLanguage\":\"de\",\"potentialAction\":[{\"@type\":\"ReadAction\",\"target\":[\"https:\/\/www.alldayled.com\/de\/produkt\/strands-beanie-zwart\/\"]}]},{\"@type\":\"ImageObject\",\"inLanguage\":\"de\",\"@id\":\"https:\/\/www.alldayled.com\/de\/produkt\/strands-beanie-zwart\/#primaryimage\",\"url\":\"https:\/\/www.alldayled.com\/wp-content\/uploads\/2026\/03\/SLD20141.png\",\"contentUrl\":\"https:\/\/www.alldayled.com\/wp-content\/uploads\/2026\/03\/SLD20141.png\",\"width\":800,\"height\":600,\"caption\":\"Strands beanie schwarz - Logo-Patch - Strickm\u00fctze - One Size - bequem und dehnbar - f\u00fcr den t\u00e4glichen Gebrauch - Strands Merchandise - SLD20141\"},{\"@type\":\"BreadcrumbList\",\"@id\":\"https:\/\/www.alldayled.com\/de\/produkt\/strands-beanie-zwart\/#breadcrumb\",\"itemListElement\":[{\"@type\":\"ListItem\",\"position\":1,\"name\":\"Home\",\"item\":\"https:\/\/www.alldayled.com\/de\/\"},{\"@type\":\"ListItem\",\"position\":2,\"name\":\"Shop\",\"item\":\"https:\/\/www.alldayled.com\/de\/shop\/\"},{\"@type\":\"ListItem\",\"position\":3,\"name\":\"Andere\",\"item\":\"https:\/\/www.alldayled.com\/de\/produkt-kategorie\/andere-produkte\/\"},{\"@type\":\"ListItem\",\"position\":4,\"name\":\"Merchandise\",\"item\":\"https:\/\/www.alldayled.com\/de\/produkt-kategorie\/andere-produkte\/merchandise\/\"},{\"@type\":\"ListItem\",\"position\":5,\"name\":\"Strands beanie schwarz\"}]},{\"@type\":\"WebSite\",\"@id\":\"https:\/\/www.alldayled.com\/de\/#website\",\"url\":\"https:\/\/www.alldayled.com\/de\/\",\"name\":\"All Day Led\",\"description\":\"Verlichting voor 12&amp;24 volt gebruik\",\"publisher\":{\"@id\":\"https:\/\/www.alldayled.com\/de\/#organization\"},\"potentialAction\":[{\"@type\":\"SearchAction\",\"target\":{\"@type\":\"EntryPoint\",\"urlTemplate\":\"https:\/\/www.alldayled.com\/de\/?s={search_term_string}\"},\"query-input\":{\"@type\":\"PropertyValueSpecification\",\"valueRequired\":true,\"valueName\":\"search_term_string\"}}],\"inLanguage\":\"de\"},{\"@type\":\"Organization\",\"@id\":\"https:\/\/www.alldayled.com\/de\/#organization\",\"name\":\"All Day Led\",\"url\":\"https:\/\/www.alldayled.com\/de\/\",\"logo\":{\"@type\":\"ImageObject\",\"inLanguage\":\"de\",\"@id\":\"https:\/\/www.alldayled.com\/de\/#\/schema\/logo\/image\/\",\"url\":\"https:\/\/www.alldayled.com\/wp-content\/uploads\/2025\/10\/Logo-ALL-DAY-LED-800x800-zwart-witte-letters.png\",\"contentUrl\":\"https:\/\/www.alldayled.com\/wp-content\/uploads\/2025\/10\/Logo-ALL-DAY-LED-800x800-zwart-witte-letters.png\",\"width\":800,\"height\":800,\"caption\":\"All Day Led\"},\"image\":{\"@id\":\"https:\/\/www.alldayled.com\/de\/#\/schema\/logo\/image\/\"},\"sameAs\":[\"https:\/\/www.facebook.com\/alldayled\/\",\"https:\/\/www.instagram.com\/alldayled\/\"],\"vatID\":\"NL863960133B01\",\"taxID\":\"86416545\"}]}<\/script>\n<meta property=\"product:brand\" content=\"Strands\" \/>\n<meta property=\"product:price:amount\" content=\"9.95\" \/>\n<meta property=\"product:price:currency\" content=\"EUR\" \/>\n<meta property=\"og:availability\" content=\"instock\" \/>\n<meta property=\"product:availability\" content=\"instock\" \/>\n<meta property=\"product:retailer_item_id\" content=\"SLD20141\" \/>\n<meta property=\"product:condition\" content=\"new\" \/>\n<!-- \/ Yoast SEO Premium plugin. -->","yoast_head_json":{"title":"Strands beanie schwarz - All Day Led - One Size","description":"Strands beanie schwarz - Logo-Patch - Strickm\u00fctze - One Size - bequem und dehnbar - f\u00fcr den t\u00e4glichen Gebrauch - Strands Merchandise","robots":{"index":"index","follow":"follow","max-snippet":"max-snippet:-1","max-image-preview":"max-image-preview:large","max-video-preview":"max-video-preview:-1"},"canonical":"https:\/\/www.alldayled.com\/de\/produkt\/strands-beanie-zwart\/","og_locale":"de_DE","og_type":"article","og_title":"Strands beanie schwarz - All Day Led - One Size","og_description":"Strands beanie schwarz - Logo-Patch - Strickm\u00fctze - One Size - bequem und dehnbar - f\u00fcr den t\u00e4glichen Gebrauch - Strands Merchandise","og_url":"https:\/\/www.alldayled.com\/de\/produkt\/strands-beanie-zwart\/","og_site_name":"All Day Led","article_publisher":"https:\/\/www.facebook.com\/alldayled\/","article_modified_time":"2026-03-16T10:27:31+00:00","og_image":[{"url":"https:\/\/www.alldayled.com\/wp-content\/uploads\/2026\/01\/ADL907001-SM-300x300.png","type":"","width":"","height":""}],"twitter_misc":{"Preis":"&euro;&nbsp;9,95","Verf\u00fcgbarkeit":"Auf Lager"},"schema":{"@context":"https:\/\/schema.org","@graph":[{"@type":"WebPage","@id":"https:\/\/www.alldayled.com\/de\/produkt\/strands-beanie-zwart\/","url":"https:\/\/www.alldayled.com\/de\/produkt\/strands-beanie-zwart\/","name":"Strands beanie schwarz - All Day Led - One Size","isPartOf":{"@id":"https:\/\/www.alldayled.com\/de\/#website"},"primaryImageOfPage":{"@id":"https:\/\/www.alldayled.com\/de\/produkt\/strands-beanie-zwart\/#primaryimage"},"image":{"@id":"https:\/\/www.alldayled.com\/de\/produkt\/strands-beanie-zwart\/#primaryimage"},"thumbnailUrl":"https:\/\/www.alldayled.com\/wp-content\/uploads\/2026\/03\/SLD20141.png","datePublished":"2026-03-04T11:00:03+00:00","dateModified":"2026-03-16T10:27:31+00:00","description":"Strands beanie schwarz - Logo-Patch - Strickm\u00fctze - One Size - bequem und dehnbar - f\u00fcr den t\u00e4glichen Gebrauch - Strands Merchandise","breadcrumb":{"@id":"https:\/\/www.alldayled.com\/de\/produkt\/strands-beanie-zwart\/#breadcrumb"},"inLanguage":"de","potentialAction":[{"@type":"ReadAction","target":["https:\/\/www.alldayled.com\/de\/produkt\/strands-beanie-zwart\/"]}]},{"@type":"ImageObject","inLanguage":"de","@id":"https:\/\/www.alldayled.com\/de\/produkt\/strands-beanie-zwart\/#primaryimage","url":"https:\/\/www.alldayled.com\/wp-content\/uploads\/2026\/03\/SLD20141.png","contentUrl":"https:\/\/www.alldayled.com\/wp-content\/uploads\/2026\/03\/SLD20141.png","width":800,"height":600,"caption":"Strands beanie schwarz - Logo-Patch - Strickm\u00fctze - One Size - bequem und dehnbar - f\u00fcr den t\u00e4glichen Gebrauch - Strands Merchandise - SLD20141"},{"@type":"BreadcrumbList","@id":"https:\/\/www.alldayled.com\/de\/produkt\/strands-beanie-zwart\/#breadcrumb","itemListElement":[{"@type":"ListItem","position":1,"name":"Home","item":"https:\/\/www.alldayled.com\/de\/"},{"@type":"ListItem","position":2,"name":"Shop","item":"https:\/\/www.alldayled.com\/de\/shop\/"},{"@type":"ListItem","position":3,"name":"Andere","item":"https:\/\/www.alldayled.com\/de\/produkt-kategorie\/andere-produkte\/"},{"@type":"ListItem","position":4,"name":"Merchandise","item":"https:\/\/www.alldayled.com\/de\/produkt-kategorie\/andere-produkte\/merchandise\/"},{"@type":"ListItem","position":5,"name":"Strands beanie schwarz"}]},{"@type":"WebSite","@id":"https:\/\/www.alldayled.com\/de\/#website","url":"https:\/\/www.alldayled.com\/de\/","name":"All Day Led","description":"Verlichting voor 12&amp;24 volt gebruik","publisher":{"@id":"https:\/\/www.alldayled.com\/de\/#organization"},"potentialAction":[{"@type":"SearchAction","target":{"@type":"EntryPoint","urlTemplate":"https:\/\/www.alldayled.com\/de\/?s={search_term_string}"},"query-input":{"@type":"PropertyValueSpecification","valueRequired":true,"valueName":"search_term_string"}}],"inLanguage":"de"},{"@type":"Organization","@id":"https:\/\/www.alldayled.com\/de\/#organization","name":"All Day Led","url":"https:\/\/www.alldayled.com\/de\/","logo":{"@type":"ImageObject","inLanguage":"de","@id":"https:\/\/www.alldayled.com\/de\/#\/schema\/logo\/image\/","url":"https:\/\/www.alldayled.com\/wp-content\/uploads\/2025\/10\/Logo-ALL-DAY-LED-800x800-zwart-witte-letters.png","contentUrl":"https:\/\/www.alldayled.com\/wp-content\/uploads\/2025\/10\/Logo-ALL-DAY-LED-800x800-zwart-witte-letters.png","width":800,"height":800,"caption":"All Day Led"},"image":{"@id":"https:\/\/www.alldayled.com\/de\/#\/schema\/logo\/image\/"},"sameAs":["https:\/\/www.facebook.com\/alldayled\/","https:\/\/www.instagram.com\/alldayled\/"],"vatID":"NL863960133B01","taxID":"86416545"}]},"product_brand":"Strands","product_price_amount":"9.95","product_price_currency":"EUR","og_availability":"instock","product_availability":"instock","product_retailer_item_id":"SLD20141","product_condition":"new"},"_links":{"self":[{"href":"https:\/\/www.alldayled.com\/de\/wp-json\/wp\/v2\/product\/81972","targetHints":{"allow":["GET"]}}],"collection":[{"href":"https:\/\/www.alldayled.com\/de\/wp-json\/wp\/v2\/product"}],"about":[{"href":"https:\/\/www.alldayled.com\/de\/wp-json\/wp\/v2\/types\/product"}],"replies":[{"embeddable":true,"href":"https:\/\/www.alldayled.com\/de\/wp-json\/wp\/v2\/comments?post=81972"}],"wp:featuredmedia":[{"embeddable":true,"href":"https:\/\/www.alldayled.com\/de\/wp-json\/wp\/v2\/media\/81978"}],"wp:attachment":[{"href":"https:\/\/www.alldayled.com\/de\/wp-json\/wp\/v2\/media?parent=81972"}],"wp:term":[{"taxonomy":"product_brand","embeddable":true,"href":"https:\/\/www.alldayled.com\/de\/wp-json\/wp\/v2\/product_brand?post=81972"},{"taxonomy":"product_cat","embeddable":true,"href":"https:\/\/www.alldayled.com\/de\/wp-json\/wp\/v2\/product_cat?post=81972"},{"taxonomy":"product_tag","embeddable":true,"href":"https:\/\/www.alldayled.com\/de\/wp-json\/wp\/v2\/product_tag?post=81972"}],"curies":[{"name":"wp","href":"https:\/\/api.w.org\/{rel}","templated":true}]}}