{"id":83133,"date":"2025-12-18T08:15:02","date_gmt":"2025-12-18T07:15:02","guid":{"rendered":"https:\/\/www.alldayled.com\/product\/knipperlicht-adapter-voor-daf\/"},"modified":"2025-12-18T08:15:02","modified_gmt":"2025-12-18T07:15:02","slug":"knipperlicht-adapter-voor-daf","status":"publish","type":"product","link":"https:\/\/www.alldayled.com\/de\/produkt\/knipperlicht-adapter-voor-daf\/","title":{"rendered":"Blinkeradapter f\u00fcr DAF"},"content":{"rendered":"<p><span style=\"color: #000000;\"><strong>Blinkeradapter passend f\u00fcr DAF 2021+, macht aus deinem Blinker eine Positionsleuchte.<\/strong><\/span><\/p>\n<p><span style=\"color: #000000;\">Willst du deine Beleuchtung mal ganz anders angehen? Mit dem Blinkeradapter DAF 2021+ machst du aus deinen vorhandenen Blinkern ganz einfach eine Positionsleuchte. Diese clevere L\u00f6sung sorgt daf\u00fcr, dass dein Blinker bei geringerer Lichtst\u00e4rke kontinuierlich als Positionsleuchte brennt, w\u00e4hrend er beim Blinken weiterhin mit voller St\u00e4rke funktioniert. Dadurch bleibst du gut sichtbar und verleihst deinem Truck ein cooleres Aussehen.   <\/span><\/p>\n<p><span style=\"color: #000000;\">Die Montage ist zudem schnell und einfach. Du schlie\u00dft den Adapter direkt an die Originalstecker und den Kabelbaum an, ohne m\u00fchsame Anpassungen. Das zus\u00e4tzliche Kabel verbindest du einfach mit der Positionsleuchte. Au\u00dferdem ist der Controller komplett wasserdicht verarbeitet, wodurch er extremen Bedingungen standh\u00e4lt. Dieser Adapter ist f\u00fcr DAF 2021+ Modelle geeignet und wird pro St\u00fcck geliefert, du ben\u00f6tigst also einen pro Seite. Kurz gesagt: ein praktisches Upgrade, wenn du deine Positionsleuchte DAF 2021+ clever und sauber regeln willst.     <\/span><\/p>\n<h5><span style=\"color: #000000;\"><strong>Andere Versionen: <\/strong><\/span><\/h5>\n<p><span style=\"color: #000000;\">Suchst du doch nach einem Adapter f\u00fcr einen anderen LKW-Typ? Kein Problem. Dieser Blinkeradapter ist speziell f\u00fcr DAF 2021+ geeignet, aber es gibt auch L\u00f6sungen f\u00fcr andere Marken wie Scania, Volvo oder MAN. So w\u00e4hlst du immer eine Variante, die perfekt zu deinem Fahrzeug passt. Schau dir die anderen Adapter an und entdecke, welche Ausf\u00fchrung am besten zu deinem Truck oder deiner Anwendung passt.    <\/span><\/p>\n<ul>\n<li><a href=\"https:\/\/www.alldayled.com\/de\/produkt\/knipperlicht-adapter-voor-scania\/\"><span style=\"color: #000000;\"><b>Blinkeradapter Scania 2016+<\/b><\/span><\/a><\/li>\n<li><a href=\"https:\/\/www.alldayled.com\/de\/produkt\/knipperlicht-adapter-voor-volvo\/\"><span style=\"color: #000000;\"><b>Blinkeradapter Volvo 2021+<\/b><\/span><\/a><\/li>\n<li><a href=\"https:\/\/www.alldayled.com\/de\/produkt\/knipperlicht-adapter-voor-man\/\"><span style=\"color: #000000;\"><strong>Blinkeradapter MAN 2021+<\/strong><\/span><\/a><\/li>\n<\/ul>\n<div class=\"truncated\">\n<p><span style=\"color: #000000;\">Zweifelst du noch, ob der Blinkeradapter DAF 2021+ die richtige Wahl f\u00fcr deinen Truck ist? Vielleicht, weil du eine andere Anwendung suchst oder einen Adapter f\u00fcr eine andere Marke ben\u00f6tigst.  Kein Problem! Schau dir hier unsere Kategorie <a style=\"color: #000000;\" href=\"https:\/\/www.alldayled.com\/de\/produkt-kategorie\/beleuchtungswagen\/\">LKW-Beleuchtung<\/a> an und entdecke ganz einfach, welche L\u00f6sung am besten zu deinem Fahrzeug passt.<\/span><\/p>\n<\/div>\n","protected":false},"excerpt":{"rendered":"<p>Adapter f\u00fcr Blinker in der T\u00fcr eines DAF, einzeln geliefert.<\/p>\n","protected":false},"featured_media":83058,"comment_status":"open","ping_status":"closed","template":"","meta":{"_acf_changed":false},"product_brand":[6501],"product_cat":[5330],"product_tag":[],"class_list":{"0":"post-83133","1":"product","2":"type-product","3":"status-publish","4":"has-post-thumbnail","6":"product_brand-mtrs","7":"product_cat-fittingen-en-kabels","9":"first","10":"instock","11":"taxable","12":"shipping-taxable","13":"purchasable","14":"product-type-simple"},"acf":[],"yoast_head":"<!-- This site is optimized with the Yoast SEO Premium plugin v26.5 (Yoast SEO v27.1.1) - https:\/\/yoast.com\/product\/yoast-seo-premium-wordpress\/ -->\n<title>Blinkeradapter DAF 2021+ - All Day Led - Positionsleuchte<\/title>\n<meta name=\"description\" content=\"Blinkeradapter DAF 2021+ - Positionsleuchte f\u00fcr deinen LKW - einfache Montage - Anschluss an Originalstecker - Upgrade deinen Truck\" \/>\n<meta name=\"robots\" content=\"index, follow, max-snippet:-1, max-image-preview:large, max-video-preview:-1\" \/>\n<link rel=\"canonical\" href=\"https:\/\/www.alldayled.com\/de\/produkt\/knipperlicht-adapter-voor-daf\/\" \/>\n<meta property=\"og:locale\" content=\"de_DE\" \/>\n<meta property=\"og:type\" content=\"article\" \/>\n<meta property=\"og:title\" content=\"Blinkeradapter f\u00fcr DAF\" \/>\n<meta property=\"og:description\" content=\"Adapter f\u00fcr Blinker in der T\u00fcr eines DAF, einzeln geliefert.\" \/>\n<meta property=\"og:url\" content=\"https:\/\/www.alldayled.com\/de\/produkt\/knipperlicht-adapter-voor-daf\/\" \/>\n<meta property=\"og:site_name\" content=\"All Day Led\" \/>\n<meta property=\"article:publisher\" content=\"https:\/\/www.facebook.com\/alldayled\/\" \/>\n<meta property=\"og:image\" content=\"https:\/\/www.alldayled.com\/wp-content\/uploads\/2026\/02\/ADL49200D-SM-1-300x300.png\" \/>\n<meta name=\"twitter:label1\" content=\"Preis\" \/>\n\t<meta name=\"twitter:data1\" content=\"&euro;&nbsp;38,95\" \/>\n\t<meta name=\"twitter:label2\" content=\"Verf\u00fcgbarkeit\" \/>\n\t<meta name=\"twitter:data2\" content=\"Auf Lager\" \/>\n<script type=\"application\/ld+json\" class=\"yoast-schema-graph\">{\"@context\":\"https:\/\/schema.org\",\"@graph\":[{\"@type\":\"WebPage\",\"@id\":\"https:\/\/www.alldayled.com\/de\/produkt\/knipperlicht-adapter-voor-daf\/\",\"url\":\"https:\/\/www.alldayled.com\/de\/produkt\/knipperlicht-adapter-voor-daf\/\",\"name\":\"Blinkeradapter DAF 2021+ - All Day Led - Positionsleuchte\",\"isPartOf\":{\"@id\":\"https:\/\/www.alldayled.com\/de\/#website\"},\"primaryImageOfPage\":{\"@id\":\"https:\/\/www.alldayled.com\/de\/produkt\/knipperlicht-adapter-voor-daf\/#primaryimage\"},\"image\":{\"@id\":\"https:\/\/www.alldayled.com\/de\/produkt\/knipperlicht-adapter-voor-daf\/#primaryimage\"},\"thumbnailUrl\":\"https:\/\/www.alldayled.com\/wp-content\/uploads\/2026\/02\/ADL49200D.png\",\"datePublished\":\"2025-12-18T07:15:02+00:00\",\"description\":\"Blinkeradapter DAF 2021+ - Positionsleuchte f\u00fcr deinen LKW - einfache Montage - Anschluss an Originalstecker - Upgrade deinen Truck\",\"breadcrumb\":{\"@id\":\"https:\/\/www.alldayled.com\/de\/produkt\/knipperlicht-adapter-voor-daf\/#breadcrumb\"},\"inLanguage\":\"de\",\"potentialAction\":[{\"@type\":\"ReadAction\",\"target\":[\"https:\/\/www.alldayled.com\/de\/produkt\/knipperlicht-adapter-voor-daf\/\"]}]},{\"@type\":\"ImageObject\",\"inLanguage\":\"de\",\"@id\":\"https:\/\/www.alldayled.com\/de\/produkt\/knipperlicht-adapter-voor-daf\/#primaryimage\",\"url\":\"https:\/\/www.alldayled.com\/wp-content\/uploads\/2026\/02\/ADL49200D.png\",\"contentUrl\":\"https:\/\/www.alldayled.com\/wp-content\/uploads\/2026\/02\/ADL49200D.png\",\"width\":800,\"height\":600,\"caption\":\"Blinkeradapter DAF 2021+ \u2013 einfache Montage \u2013 Anschluss an Originalstecker \u2013 Upgrade deinen Truck\"},{\"@type\":\"BreadcrumbList\",\"@id\":\"https:\/\/www.alldayled.com\/de\/produkt\/knipperlicht-adapter-voor-daf\/#breadcrumb\",\"itemListElement\":[{\"@type\":\"ListItem\",\"position\":1,\"name\":\"Home\",\"item\":\"https:\/\/www.alldayled.com\/de\/\"},{\"@type\":\"ListItem\",\"position\":2,\"name\":\"Shop\",\"item\":\"https:\/\/www.alldayled.com\/de\/shop\/\"},{\"@type\":\"ListItem\",\"position\":3,\"name\":\"Blinkeradapter f\u00fcr DAF\"}]},{\"@type\":\"WebSite\",\"@id\":\"https:\/\/www.alldayled.com\/de\/#website\",\"url\":\"https:\/\/www.alldayled.com\/de\/\",\"name\":\"All Day Led\",\"description\":\"Verlichting voor 12&amp;24 volt gebruik\",\"publisher\":{\"@id\":\"https:\/\/www.alldayled.com\/de\/#organization\"},\"potentialAction\":[{\"@type\":\"SearchAction\",\"target\":{\"@type\":\"EntryPoint\",\"urlTemplate\":\"https:\/\/www.alldayled.com\/de\/?s={search_term_string}\"},\"query-input\":{\"@type\":\"PropertyValueSpecification\",\"valueRequired\":true,\"valueName\":\"search_term_string\"}}],\"inLanguage\":\"de\"},{\"@type\":\"Organization\",\"@id\":\"https:\/\/www.alldayled.com\/de\/#organization\",\"name\":\"All Day Led\",\"url\":\"https:\/\/www.alldayled.com\/de\/\",\"logo\":{\"@type\":\"ImageObject\",\"inLanguage\":\"de\",\"@id\":\"https:\/\/www.alldayled.com\/de\/#\/schema\/logo\/image\/\",\"url\":\"https:\/\/www.alldayled.com\/wp-content\/uploads\/2025\/10\/Logo-ALL-DAY-LED-800x800-zwart-witte-letters.png\",\"contentUrl\":\"https:\/\/www.alldayled.com\/wp-content\/uploads\/2025\/10\/Logo-ALL-DAY-LED-800x800-zwart-witte-letters.png\",\"width\":800,\"height\":800,\"caption\":\"All Day Led\"},\"image\":{\"@id\":\"https:\/\/www.alldayled.com\/de\/#\/schema\/logo\/image\/\"},\"sameAs\":[\"https:\/\/www.facebook.com\/alldayled\/\",\"https:\/\/www.instagram.com\/alldayled\/\"],\"vatID\":\"NL863960133B01\",\"taxID\":\"86416545\"}]}<\/script>\n<meta property=\"product:brand\" content=\"MTRS\" \/>\n<meta property=\"product:price:amount\" content=\"38.95\" \/>\n<meta property=\"product:price:currency\" content=\"EUR\" \/>\n<meta property=\"og:availability\" content=\"instock\" \/>\n<meta property=\"product:availability\" content=\"instock\" \/>\n<meta property=\"product:retailer_item_id\" content=\"ADL49200D\" \/>\n<meta property=\"product:condition\" content=\"new\" \/>\n<!-- \/ Yoast SEO Premium plugin. -->","yoast_head_json":{"title":"Blinkeradapter DAF 2021+ - All Day Led - Positionsleuchte","description":"Blinkeradapter DAF 2021+ - Positionsleuchte f\u00fcr deinen LKW - einfache Montage - Anschluss an Originalstecker - Upgrade deinen Truck","robots":{"index":"index","follow":"follow","max-snippet":"max-snippet:-1","max-image-preview":"max-image-preview:large","max-video-preview":"max-video-preview:-1"},"canonical":"https:\/\/www.alldayled.com\/de\/produkt\/knipperlicht-adapter-voor-daf\/","og_locale":"de_DE","og_type":"article","og_title":"Blinkeradapter f\u00fcr DAF","og_description":"Adapter f\u00fcr Blinker in der T\u00fcr eines DAF, einzeln geliefert.","og_url":"https:\/\/www.alldayled.com\/de\/produkt\/knipperlicht-adapter-voor-daf\/","og_site_name":"All Day Led","article_publisher":"https:\/\/www.facebook.com\/alldayled\/","og_image":[{"url":"https:\/\/www.alldayled.com\/wp-content\/uploads\/2026\/02\/ADL49200D-SM-1-300x300.png","type":"","width":"","height":""}],"twitter_misc":{"Preis":"&euro;&nbsp;38,95","Verf\u00fcgbarkeit":"Auf Lager"},"schema":{"@context":"https:\/\/schema.org","@graph":[{"@type":"WebPage","@id":"https:\/\/www.alldayled.com\/de\/produkt\/knipperlicht-adapter-voor-daf\/","url":"https:\/\/www.alldayled.com\/de\/produkt\/knipperlicht-adapter-voor-daf\/","name":"Blinkeradapter DAF 2021+ - All Day Led - Positionsleuchte","isPartOf":{"@id":"https:\/\/www.alldayled.com\/de\/#website"},"primaryImageOfPage":{"@id":"https:\/\/www.alldayled.com\/de\/produkt\/knipperlicht-adapter-voor-daf\/#primaryimage"},"image":{"@id":"https:\/\/www.alldayled.com\/de\/produkt\/knipperlicht-adapter-voor-daf\/#primaryimage"},"thumbnailUrl":"https:\/\/www.alldayled.com\/wp-content\/uploads\/2026\/02\/ADL49200D.png","datePublished":"2025-12-18T07:15:02+00:00","description":"Blinkeradapter DAF 2021+ - Positionsleuchte f\u00fcr deinen LKW - einfache Montage - Anschluss an Originalstecker - Upgrade deinen Truck","breadcrumb":{"@id":"https:\/\/www.alldayled.com\/de\/produkt\/knipperlicht-adapter-voor-daf\/#breadcrumb"},"inLanguage":"de","potentialAction":[{"@type":"ReadAction","target":["https:\/\/www.alldayled.com\/de\/produkt\/knipperlicht-adapter-voor-daf\/"]}]},{"@type":"ImageObject","inLanguage":"de","@id":"https:\/\/www.alldayled.com\/de\/produkt\/knipperlicht-adapter-voor-daf\/#primaryimage","url":"https:\/\/www.alldayled.com\/wp-content\/uploads\/2026\/02\/ADL49200D.png","contentUrl":"https:\/\/www.alldayled.com\/wp-content\/uploads\/2026\/02\/ADL49200D.png","width":800,"height":600,"caption":"Blinkeradapter DAF 2021+ \u2013 einfache Montage \u2013 Anschluss an Originalstecker \u2013 Upgrade deinen Truck"},{"@type":"BreadcrumbList","@id":"https:\/\/www.alldayled.com\/de\/produkt\/knipperlicht-adapter-voor-daf\/#breadcrumb","itemListElement":[{"@type":"ListItem","position":1,"name":"Home","item":"https:\/\/www.alldayled.com\/de\/"},{"@type":"ListItem","position":2,"name":"Shop","item":"https:\/\/www.alldayled.com\/de\/shop\/"},{"@type":"ListItem","position":3,"name":"Blinkeradapter f\u00fcr DAF"}]},{"@type":"WebSite","@id":"https:\/\/www.alldayled.com\/de\/#website","url":"https:\/\/www.alldayled.com\/de\/","name":"All Day Led","description":"Verlichting voor 12&amp;24 volt gebruik","publisher":{"@id":"https:\/\/www.alldayled.com\/de\/#organization"},"potentialAction":[{"@type":"SearchAction","target":{"@type":"EntryPoint","urlTemplate":"https:\/\/www.alldayled.com\/de\/?s={search_term_string}"},"query-input":{"@type":"PropertyValueSpecification","valueRequired":true,"valueName":"search_term_string"}}],"inLanguage":"de"},{"@type":"Organization","@id":"https:\/\/www.alldayled.com\/de\/#organization","name":"All Day Led","url":"https:\/\/www.alldayled.com\/de\/","logo":{"@type":"ImageObject","inLanguage":"de","@id":"https:\/\/www.alldayled.com\/de\/#\/schema\/logo\/image\/","url":"https:\/\/www.alldayled.com\/wp-content\/uploads\/2025\/10\/Logo-ALL-DAY-LED-800x800-zwart-witte-letters.png","contentUrl":"https:\/\/www.alldayled.com\/wp-content\/uploads\/2025\/10\/Logo-ALL-DAY-LED-800x800-zwart-witte-letters.png","width":800,"height":800,"caption":"All Day Led"},"image":{"@id":"https:\/\/www.alldayled.com\/de\/#\/schema\/logo\/image\/"},"sameAs":["https:\/\/www.facebook.com\/alldayled\/","https:\/\/www.instagram.com\/alldayled\/"],"vatID":"NL863960133B01","taxID":"86416545"}]},"product_brand":"MTRS","product_price_amount":"38.95","product_price_currency":"EUR","og_availability":"instock","product_availability":"instock","product_retailer_item_id":"ADL49200D","product_condition":"new"},"_links":{"self":[{"href":"https:\/\/www.alldayled.com\/de\/wp-json\/wp\/v2\/product\/83133","targetHints":{"allow":["GET"]}}],"collection":[{"href":"https:\/\/www.alldayled.com\/de\/wp-json\/wp\/v2\/product"}],"about":[{"href":"https:\/\/www.alldayled.com\/de\/wp-json\/wp\/v2\/types\/product"}],"replies":[{"embeddable":true,"href":"https:\/\/www.alldayled.com\/de\/wp-json\/wp\/v2\/comments?post=83133"}],"wp:featuredmedia":[{"embeddable":true,"href":"https:\/\/www.alldayled.com\/de\/wp-json\/wp\/v2\/media\/83058"}],"wp:attachment":[{"href":"https:\/\/www.alldayled.com\/de\/wp-json\/wp\/v2\/media?parent=83133"}],"wp:term":[{"taxonomy":"product_brand","embeddable":true,"href":"https:\/\/www.alldayled.com\/de\/wp-json\/wp\/v2\/product_brand?post=83133"},{"taxonomy":"product_cat","embeddable":true,"href":"https:\/\/www.alldayled.com\/de\/wp-json\/wp\/v2\/product_cat?post=83133"},{"taxonomy":"product_tag","embeddable":true,"href":"https:\/\/www.alldayled.com\/de\/wp-json\/wp\/v2\/product_tag?post=83133"}],"curies":[{"name":"wp","href":"https:\/\/api.w.org\/{rel}","templated":true}]}}