{"id":83135,"date":"2025-12-18T08:30:53","date_gmt":"2025-12-18T07:30:53","guid":{"rendered":"https:\/\/www.alldayled.com\/product\/knipperlicht-adapter-voor-scania\/"},"modified":"2026-05-05T09:46:53","modified_gmt":"2026-05-05T07:46:53","slug":"knipperlicht-adapter-voor-scania","status":"publish","type":"product","link":"https:\/\/www.alldayled.com\/de\/produkt\/knipperlicht-adapter-voor-scania\/","title":{"rendered":"Blinkeradapter f\u00fcr Scania"},"content":{"rendered":"<p><span style=\"color: #000000;\"><strong>Blinkeradapter passend f\u00fcr Scania 2016+, macht aus deinem Blinker eine Positionsleuchte.<\/strong><\/span><\/p>\n<p><span style=\"color: #000000;\">Willst du deine Beleuchtung mal ganz anders angehen? Mit dem Blinkeradapter Scania 2016+ machst du aus deinen vorhandenen Blinkern ganz einfach eine Positionsleuchte. Diese clevere L\u00f6sung sorgt daf\u00fcr, dass dein Blinker bei geringerer Lichtst\u00e4rke kontinuierlich als Positionsleuchte brennt, w\u00e4hrend er beim Blinken weiterhin mit voller St\u00e4rke arbeitet. Dadurch bleibst du gut sichtbar und gibst deinem Truck ein markanteres Aussehen.   <\/span><\/p>\n<p><span style=\"color: #000000;\">Die Montage ist zudem schnell und einfach. Du schlie\u00dft den Adapter direkt an die Originalstecker und den Kabelbaum an, ganz ohne m\u00fchsame Anpassungen. Das zus\u00e4tzliche Kabel verbindest du einfach mit der Positionsleuchte. Zudem ist der Controller vollst\u00e4ndig wasserdicht verarbeitet, wodurch er schweren Bedingungen standh\u00e4lt. Dieser Adapter ist f\u00fcr Scania 2016+ Modelle geeignet und wird pro St\u00fcck geliefert, du ben\u00f6tigst also einen pro Seite. Kurz gesagt: ein praktisches Upgrade, wenn du deine Positionsleuchte Scania 2016+ clever und sauber regeln willst.     <\/span><\/p>\n<h5><span style=\"color: #000000;\"><strong>Andere Versionen: <\/strong><\/span><\/h5>\n<p><span style=\"color: #000000;\">Suchst du doch nach einem Adapter f\u00fcr einen anderen LKW-Typ? Kein Problem. Dieser Blinkeradapter ist speziell f\u00fcr Scania 2016+ geeignet, aber es gibt auch L\u00f6sungen f\u00fcr andere Marken wie DAF, Volvo oder MAN. So w\u00e4hlst du immer eine Variante, die perfekt zu deinem Fahrzeug passt. Schau dir die anderen Adapter an und entdecke, welche Ausf\u00fchrung am besten zu deinem Truck oder deiner Anwendung passt.    <\/span><\/p>\n<ul>\n<li><a href=\"https:\/\/www.alldayled.com\/de\/produkt\/knipperlicht-adapter-voor-volvo\/\"><span style=\"color: #000000;\"><span style=\"color: #000000;\"><b>Blinkeradapter Volvo 2021+<\/b><\/span><\/span><\/a><\/li>\n<li><a href=\"https:\/\/www.alldayled.com\/de\/produkt\/knipperlicht-adapter-voor-man\/\"><span style=\"color: #000000;\"><strong>Blinkeradapter MAN 2021+<\/strong><\/span><\/a><\/li>\n<li><a href=\"https:\/\/www.alldayled.com\/de\/produkt\/knipperlicht-adapter-voor-daf\/\"><span style=\"color: #000000;\"><strong>Blinkeradapter DAF 2020+<\/strong><\/span><\/a><\/li>\n<\/ul>\n<div class=\"truncated\">\n<p><span style=\"color: #000000;\">Zweifelst du noch, ob der Blinkeradapter Scania 2016+ die richtige Wahl f\u00fcr deinen Truck ist? Vielleicht, weil du eine andere Anwendung suchst oder einen Adapter f\u00fcr eine andere Marke ben\u00f6tigst.  Kein Problem! Schau dir hier unsere Kategorie <a style=\"color: #000000;\" href=\"https:\/\/www.alldayled.com\/de\/produkt-kategorie\/beleuchtungswagen\/\">LKW-Beleuchtung<\/a> an und entdecke ganz einfach, welche L\u00f6sung am besten zu deinem Fahrzeug passt.<\/span><\/p>\n<\/div>\n","protected":false},"excerpt":{"rendered":"<p>Adapter f\u00fcr Blinker in der T\u00fcr eines Scania, Lieferung pro St\u00fcck.<\/p>\n","protected":false},"featured_media":83029,"comment_status":"open","ping_status":"closed","template":"","meta":{"_acf_changed":false},"product_brand":[6501],"product_cat":[5330],"product_tag":[],"class_list":{"0":"post-83135","1":"product","2":"type-product","3":"status-publish","4":"has-post-thumbnail","6":"product_brand-mtrs","7":"product_cat-fittingen-en-kabels","9":"first","10":"instock","11":"taxable","12":"shipping-taxable","13":"purchasable","14":"product-type-simple"},"acf":[],"yoast_head":"<!-- This site is optimized with the Yoast SEO Premium plugin v26.5 (Yoast SEO v27.1.1) - https:\/\/yoast.com\/product\/yoast-seo-premium-wordpress\/ -->\n<title>Blinkeradapter Scania 2016+ - All Day Led - Positionsleuchte<\/title>\n<meta name=\"description\" content=\"Blinkeradapter Scania 2016+ - Positionsleuchte f\u00fcr deinen LKW - einfache Montage - Anschluss an Originalstecker - Upgrade deinen Truck\" \/>\n<meta name=\"robots\" content=\"index, follow, max-snippet:-1, max-image-preview:large, max-video-preview:-1\" \/>\n<link rel=\"canonical\" href=\"https:\/\/www.alldayled.com\/de\/produkt\/knipperlicht-adapter-voor-scania\/\" \/>\n<meta property=\"og:locale\" content=\"de_DE\" \/>\n<meta property=\"og:type\" content=\"article\" \/>\n<meta property=\"og:title\" content=\"Blinkeradapter Scania 2016+ - All Day Led - Positionsleuchte\" \/>\n<meta property=\"og:description\" content=\"Blinkeradapter Scania 2016+ - Positionsleuchte f\u00fcr deinen LKW - einfache Montage - Anschluss an Originalstecker - Upgrade deinen Truck\" \/>\n<meta property=\"og:url\" content=\"https:\/\/www.alldayled.com\/de\/produkt\/knipperlicht-adapter-voor-scania\/\" \/>\n<meta property=\"og:site_name\" content=\"All Day Led\" \/>\n<meta property=\"article:publisher\" content=\"https:\/\/www.facebook.com\/alldayled\/\" \/>\n<meta property=\"article:modified_time\" content=\"2026-05-05T07:46:53+00:00\" \/>\n<meta property=\"og:image\" content=\"https:\/\/www.alldayled.com\/wp-content\/uploads\/2026\/02\/ADL49200S-SM-1-300x300.png\" \/>\n<meta name=\"twitter:label1\" content=\"Preis\" \/>\n\t<meta name=\"twitter:data1\" content=\"&euro;&nbsp;38,95\" \/>\n\t<meta name=\"twitter:label2\" content=\"Verf\u00fcgbarkeit\" \/>\n\t<meta name=\"twitter:data2\" content=\"Auf Lager\" \/>\n<script type=\"application\/ld+json\" class=\"yoast-schema-graph\">{\"@context\":\"https:\/\/schema.org\",\"@graph\":[{\"@type\":\"WebPage\",\"@id\":\"https:\/\/www.alldayled.com\/de\/produkt\/knipperlicht-adapter-voor-scania\/\",\"url\":\"https:\/\/www.alldayled.com\/de\/produkt\/knipperlicht-adapter-voor-scania\/\",\"name\":\"Blinkeradapter Scania 2016+ - All Day Led - Positionsleuchte\",\"isPartOf\":{\"@id\":\"https:\/\/www.alldayled.com\/de\/#website\"},\"primaryImageOfPage\":{\"@id\":\"https:\/\/www.alldayled.com\/de\/produkt\/knipperlicht-adapter-voor-scania\/#primaryimage\"},\"image\":{\"@id\":\"https:\/\/www.alldayled.com\/de\/produkt\/knipperlicht-adapter-voor-scania\/#primaryimage\"},\"thumbnailUrl\":\"https:\/\/www.alldayled.com\/wp-content\/uploads\/2026\/02\/ADL49200S.png\",\"datePublished\":\"2025-12-18T07:30:53+00:00\",\"dateModified\":\"2026-05-05T07:46:53+00:00\",\"description\":\"Blinkeradapter Scania 2016+ - Positionsleuchte f\u00fcr deinen LKW - einfache Montage - Anschluss an Originalstecker - Upgrade deinen Truck\",\"breadcrumb\":{\"@id\":\"https:\/\/www.alldayled.com\/de\/produkt\/knipperlicht-adapter-voor-scania\/#breadcrumb\"},\"inLanguage\":\"de\",\"potentialAction\":[{\"@type\":\"ReadAction\",\"target\":[\"https:\/\/www.alldayled.com\/de\/produkt\/knipperlicht-adapter-voor-scania\/\"]}]},{\"@type\":\"ImageObject\",\"inLanguage\":\"de\",\"@id\":\"https:\/\/www.alldayled.com\/de\/produkt\/knipperlicht-adapter-voor-scania\/#primaryimage\",\"url\":\"https:\/\/www.alldayled.com\/wp-content\/uploads\/2026\/02\/ADL49200S.png\",\"contentUrl\":\"https:\/\/www.alldayled.com\/wp-content\/uploads\/2026\/02\/ADL49200S.png\",\"width\":800,\"height\":600,\"caption\":\"Blinkeradapter Scania 2016+ - einfache Montage - Anschluss an Originalstecker - Upgrade deinen Truck\"},{\"@type\":\"BreadcrumbList\",\"@id\":\"https:\/\/www.alldayled.com\/de\/produkt\/knipperlicht-adapter-voor-scania\/#breadcrumb\",\"itemListElement\":[{\"@type\":\"ListItem\",\"position\":1,\"name\":\"Home\",\"item\":\"https:\/\/www.alldayled.com\/de\/\"},{\"@type\":\"ListItem\",\"position\":2,\"name\":\"Shop\",\"item\":\"https:\/\/www.alldayled.com\/de\/shop\/\"},{\"@type\":\"ListItem\",\"position\":3,\"name\":\"Blinkeradapter f\u00fcr Scania\"}]},{\"@type\":\"WebSite\",\"@id\":\"https:\/\/www.alldayled.com\/de\/#website\",\"url\":\"https:\/\/www.alldayled.com\/de\/\",\"name\":\"All Day Led\",\"description\":\"Verlichting voor 12&amp;24 volt gebruik\",\"publisher\":{\"@id\":\"https:\/\/www.alldayled.com\/de\/#organization\"},\"potentialAction\":[{\"@type\":\"SearchAction\",\"target\":{\"@type\":\"EntryPoint\",\"urlTemplate\":\"https:\/\/www.alldayled.com\/de\/?s={search_term_string}\"},\"query-input\":{\"@type\":\"PropertyValueSpecification\",\"valueRequired\":true,\"valueName\":\"search_term_string\"}}],\"inLanguage\":\"de\"},{\"@type\":\"Organization\",\"@id\":\"https:\/\/www.alldayled.com\/de\/#organization\",\"name\":\"All Day Led\",\"url\":\"https:\/\/www.alldayled.com\/de\/\",\"logo\":{\"@type\":\"ImageObject\",\"inLanguage\":\"de\",\"@id\":\"https:\/\/www.alldayled.com\/de\/#\/schema\/logo\/image\/\",\"url\":\"https:\/\/www.alldayled.com\/wp-content\/uploads\/2025\/10\/Logo-ALL-DAY-LED-800x800-zwart-witte-letters.png\",\"contentUrl\":\"https:\/\/www.alldayled.com\/wp-content\/uploads\/2025\/10\/Logo-ALL-DAY-LED-800x800-zwart-witte-letters.png\",\"width\":800,\"height\":800,\"caption\":\"All Day Led\"},\"image\":{\"@id\":\"https:\/\/www.alldayled.com\/de\/#\/schema\/logo\/image\/\"},\"sameAs\":[\"https:\/\/www.facebook.com\/alldayled\/\",\"https:\/\/www.instagram.com\/alldayled\/\"],\"vatID\":\"NL863960133B01\",\"taxID\":\"86416545\"}]}<\/script>\n<meta property=\"product:brand\" content=\"MTRS\" \/>\n<meta property=\"product:price:amount\" content=\"38.95\" \/>\n<meta property=\"product:price:currency\" content=\"EUR\" \/>\n<meta property=\"og:availability\" content=\"instock\" \/>\n<meta property=\"product:availability\" content=\"instock\" \/>\n<meta property=\"product:retailer_item_id\" content=\"ADL49200S\" \/>\n<meta property=\"product:condition\" content=\"new\" \/>\n<!-- \/ Yoast SEO Premium plugin. -->","yoast_head_json":{"title":"Blinkeradapter Scania 2016+ - All Day Led - Positionsleuchte","description":"Blinkeradapter Scania 2016+ - Positionsleuchte f\u00fcr deinen LKW - einfache Montage - Anschluss an Originalstecker - Upgrade deinen Truck","robots":{"index":"index","follow":"follow","max-snippet":"max-snippet:-1","max-image-preview":"max-image-preview:large","max-video-preview":"max-video-preview:-1"},"canonical":"https:\/\/www.alldayled.com\/de\/produkt\/knipperlicht-adapter-voor-scania\/","og_locale":"de_DE","og_type":"article","og_title":"Blinkeradapter Scania 2016+ - All Day Led - Positionsleuchte","og_description":"Blinkeradapter Scania 2016+ - Positionsleuchte f\u00fcr deinen LKW - einfache Montage - Anschluss an Originalstecker - Upgrade deinen Truck","og_url":"https:\/\/www.alldayled.com\/de\/produkt\/knipperlicht-adapter-voor-scania\/","og_site_name":"All Day Led","article_publisher":"https:\/\/www.facebook.com\/alldayled\/","article_modified_time":"2026-05-05T07:46:53+00:00","og_image":[{"url":"https:\/\/www.alldayled.com\/wp-content\/uploads\/2026\/02\/ADL49200S-SM-1-300x300.png","type":"","width":"","height":""}],"twitter_misc":{"Preis":"&euro;&nbsp;38,95","Verf\u00fcgbarkeit":"Auf Lager"},"schema":{"@context":"https:\/\/schema.org","@graph":[{"@type":"WebPage","@id":"https:\/\/www.alldayled.com\/de\/produkt\/knipperlicht-adapter-voor-scania\/","url":"https:\/\/www.alldayled.com\/de\/produkt\/knipperlicht-adapter-voor-scania\/","name":"Blinkeradapter Scania 2016+ - All Day Led - Positionsleuchte","isPartOf":{"@id":"https:\/\/www.alldayled.com\/de\/#website"},"primaryImageOfPage":{"@id":"https:\/\/www.alldayled.com\/de\/produkt\/knipperlicht-adapter-voor-scania\/#primaryimage"},"image":{"@id":"https:\/\/www.alldayled.com\/de\/produkt\/knipperlicht-adapter-voor-scania\/#primaryimage"},"thumbnailUrl":"https:\/\/www.alldayled.com\/wp-content\/uploads\/2026\/02\/ADL49200S.png","datePublished":"2025-12-18T07:30:53+00:00","dateModified":"2026-05-05T07:46:53+00:00","description":"Blinkeradapter Scania 2016+ - Positionsleuchte f\u00fcr deinen LKW - einfache Montage - Anschluss an Originalstecker - Upgrade deinen Truck","breadcrumb":{"@id":"https:\/\/www.alldayled.com\/de\/produkt\/knipperlicht-adapter-voor-scania\/#breadcrumb"},"inLanguage":"de","potentialAction":[{"@type":"ReadAction","target":["https:\/\/www.alldayled.com\/de\/produkt\/knipperlicht-adapter-voor-scania\/"]}]},{"@type":"ImageObject","inLanguage":"de","@id":"https:\/\/www.alldayled.com\/de\/produkt\/knipperlicht-adapter-voor-scania\/#primaryimage","url":"https:\/\/www.alldayled.com\/wp-content\/uploads\/2026\/02\/ADL49200S.png","contentUrl":"https:\/\/www.alldayled.com\/wp-content\/uploads\/2026\/02\/ADL49200S.png","width":800,"height":600,"caption":"Blinkeradapter Scania 2016+ - einfache Montage - Anschluss an Originalstecker - Upgrade deinen Truck"},{"@type":"BreadcrumbList","@id":"https:\/\/www.alldayled.com\/de\/produkt\/knipperlicht-adapter-voor-scania\/#breadcrumb","itemListElement":[{"@type":"ListItem","position":1,"name":"Home","item":"https:\/\/www.alldayled.com\/de\/"},{"@type":"ListItem","position":2,"name":"Shop","item":"https:\/\/www.alldayled.com\/de\/shop\/"},{"@type":"ListItem","position":3,"name":"Blinkeradapter f\u00fcr Scania"}]},{"@type":"WebSite","@id":"https:\/\/www.alldayled.com\/de\/#website","url":"https:\/\/www.alldayled.com\/de\/","name":"All Day Led","description":"Verlichting voor 12&amp;24 volt gebruik","publisher":{"@id":"https:\/\/www.alldayled.com\/de\/#organization"},"potentialAction":[{"@type":"SearchAction","target":{"@type":"EntryPoint","urlTemplate":"https:\/\/www.alldayled.com\/de\/?s={search_term_string}"},"query-input":{"@type":"PropertyValueSpecification","valueRequired":true,"valueName":"search_term_string"}}],"inLanguage":"de"},{"@type":"Organization","@id":"https:\/\/www.alldayled.com\/de\/#organization","name":"All Day Led","url":"https:\/\/www.alldayled.com\/de\/","logo":{"@type":"ImageObject","inLanguage":"de","@id":"https:\/\/www.alldayled.com\/de\/#\/schema\/logo\/image\/","url":"https:\/\/www.alldayled.com\/wp-content\/uploads\/2025\/10\/Logo-ALL-DAY-LED-800x800-zwart-witte-letters.png","contentUrl":"https:\/\/www.alldayled.com\/wp-content\/uploads\/2025\/10\/Logo-ALL-DAY-LED-800x800-zwart-witte-letters.png","width":800,"height":800,"caption":"All Day Led"},"image":{"@id":"https:\/\/www.alldayled.com\/de\/#\/schema\/logo\/image\/"},"sameAs":["https:\/\/www.facebook.com\/alldayled\/","https:\/\/www.instagram.com\/alldayled\/"],"vatID":"NL863960133B01","taxID":"86416545"}]},"product_brand":"MTRS","product_price_amount":"38.95","product_price_currency":"EUR","og_availability":"instock","product_availability":"instock","product_retailer_item_id":"ADL49200S","product_condition":"new"},"_links":{"self":[{"href":"https:\/\/www.alldayled.com\/de\/wp-json\/wp\/v2\/product\/83135","targetHints":{"allow":["GET"]}}],"collection":[{"href":"https:\/\/www.alldayled.com\/de\/wp-json\/wp\/v2\/product"}],"about":[{"href":"https:\/\/www.alldayled.com\/de\/wp-json\/wp\/v2\/types\/product"}],"replies":[{"embeddable":true,"href":"https:\/\/www.alldayled.com\/de\/wp-json\/wp\/v2\/comments?post=83135"}],"wp:featuredmedia":[{"embeddable":true,"href":"https:\/\/www.alldayled.com\/de\/wp-json\/wp\/v2\/media\/83029"}],"wp:attachment":[{"href":"https:\/\/www.alldayled.com\/de\/wp-json\/wp\/v2\/media?parent=83135"}],"wp:term":[{"taxonomy":"product_brand","embeddable":true,"href":"https:\/\/www.alldayled.com\/de\/wp-json\/wp\/v2\/product_brand?post=83135"},{"taxonomy":"product_cat","embeddable":true,"href":"https:\/\/www.alldayled.com\/de\/wp-json\/wp\/v2\/product_cat?post=83135"},{"taxonomy":"product_tag","embeddable":true,"href":"https:\/\/www.alldayled.com\/de\/wp-json\/wp\/v2\/product_tag?post=83135"}],"curies":[{"name":"wp","href":"https:\/\/api.w.org\/{rel}","templated":true}]}}