{"id":83249,"date":"2026-03-08T12:00:35","date_gmt":"2026-03-08T11:00:35","guid":{"rendered":"https:\/\/www.alldayled.com\/?post_type=product&#038;p=83249"},"modified":"2026-04-12T10:38:34","modified_gmt":"2026-04-12T08:38:34","slug":"strands-ize-led-dubbelbrander","status":"publish","type":"product","link":"https:\/\/www.alldayled.com\/de\/produkt\/strands-ize-led-dubbelbrander\/","title":{"rendered":"Strands IZE LED Doppelbrenner"},"content":{"rendered":"<p><span style=\"color: #000000;\"><strong>Strands IZE LED Doppelbrenner amber, f\u00fcr 12 &amp; 24 Volt.<\/strong><\/span><\/p>\n<p><span style=\"color: #000000;\">M\u00f6chtest du dein Nutzfahrzeug, deinen LKW oder ein anderes Fahrzeug mit einem LED Doppelbrenner ausstatten, wei\u00dft aber nicht genau, welchen? Dann ist der Strands IZE LED Doppelbrenner mit integriertem Blitzer und 19 Blitzmustern vielleicht genau das, was du suchst. Der orange Doppelbrenner verf\u00fcgt \u00fcber 2 LED-Platinen und eine orange Positionsleuchte. Dank der orangefarbenen Linse und des breiten Spannungsbereichs von 12 und 24 Volt eignet sich diese Leuchte f\u00fcr PKW, Nutzfahrzeuge, Wohnmobile und LKW. So kombinierst du gute Sichtbarkeit mit einem coolen Look.    <\/span><\/p>\n<p><span style=\"color: #000000;\">Um sicherzugehen, dass dieser Strands IZE LED Doppelbrenner zu deinem Fahrzeug passt, haben wir die wichtigsten Spezifikationen unten aufgelistet. Die Leuchte ist mit den Pr\u00fcfzeichen ECE R10, ECE R148 und ECE R65 versehen, was bedeutet, dass du sie sicher als Markierungs- und Signalleuchte verwenden kannst. F\u00fcr eine schnelle und stabile Montage wird der Doppelbrenner mit Schrauben, einer Gummiunterlage und 1 Meter Anschlusskabel geliefert. So montierst du die Leuchte einfach und fest an der gew\u00fcnschten Stelle.   <\/span><\/p>\n<h5><span style=\"color: #000000;\"><strong>Abmessungen:<\/strong><\/span><\/h5>\n<p><span style=\"color: #000000;\">Es ist ratsam, die Abmessungen des LED Doppelbrenners in Amber zu pr\u00fcfen, bevor du ihn montierst. So stellst du sicher, dass er perfekt an den gew\u00fcnschten Ort passt und optimal funktioniert. <\/span><\/p>\n<ul>\n<li><span style=\"color: #000000;\">Breite: 125 mm<\/span><\/li>\n<li><span style=\"color: #000000;\">H\u00f6he: 52 mm<\/span><\/li>\n<li><span style=\"color: #000000;\">Dicke: 32 mm<br \/>\n<\/span><\/li>\n<li><span style=\"color: #000000;\">H.o.H. 109 mm <\/span><\/li>\n<\/ul>\n<h5><span style=\"color: #000000;\"><strong>Andere Modelle:<\/strong><\/span><\/h5>\n<p><span style=\"color: #000000;\">M\u00f6chtest du dein Auto, deinen Transporter, LKW, Anh\u00e4nger\/Trailer oder ein anderes Fahrzeug mit einem Doppelbrenner ausstatten? Aber der IZE LED Doppelbrenner mit oranger Linse ist nicht das Modell, das du suchst? Dann wisse, dass der LED Doppelbrenner auch in einer dunklen Ausf\u00fchrung erh\u00e4ltlich ist.   <\/span><\/p>\n<ul>\n<li><span style=\"color: #000000;\"><a style=\"color: #000000;\" href=\"https:\/\/www.alldayled.com\/de\/produkt\/strands-led-dubbelbrander-black-bullet\/\"><strong>IZE LED BLACK BULLET<\/strong><\/a><\/span><\/li>\n<li><span style=\"color: #000000;\"><strong><a style=\"color: #000000;\" href=\"https:\/\/www.alldayled.com\/de\/produkt\/strands-led-dubbelbrander-silver-arrow\/\">IZE LED SILVER ARROW<\/a><\/strong><\/span><\/li>\n<\/ul>\n<p><span style=\"color: #000000;\">Bist du nach dem Lesen aller Spezifikationen immer noch nicht \u00fcberzeugt, dass der Strands IZE LED Doppelbrenner mit oranger Linse das Richtige f\u00fcr dich ist? Einfach, weil Farbe, Form oder L\u00e4nge nicht deinen W\u00fcnschen entsprechen? Dann sieh dir hier das komplette Angebot der Marke <a style=\"color: #000000;\" href=\"https:\/\/www.alldayled.com\/de\/marke\/product-strands-lighting-division\/\" target=\"_blank\" rel=\"noopener\">Strands<\/a> an.  <\/span><\/p>\n","protected":false},"excerpt":{"rendered":"<p>Strands IZE LED Doppelbrenner orange mit oranger Positionsleuchte und Blitz.<\/p>\n","protected":false},"featured_media":83269,"comment_status":"open","ping_status":"closed","template":"","meta":{"_acf_changed":false},"product_brand":[5114],"product_cat":[5115],"product_tag":[],"class_list":{"0":"post-83249","1":"product","2":"type-product","3":"status-publish","4":"has-post-thumbnail","6":"product_brand-product-strands-lighting-division","7":"product_cat-dubbelbranders","9":"first","10":"instock","11":"taxable","12":"shipping-taxable","13":"purchasable","14":"product-type-simple"},"acf":[],"yoast_head":"<!-- This site is optimized with the Yoast SEO Premium plugin v26.5 (Yoast SEO v27.1.1) - https:\/\/yoast.com\/product\/yoast-seo-premium-wordpress\/ -->\n<title>Strands IZE LED Doppelbrenner amber - All Day Led - 12&amp;24 Volt<\/title>\n<meta name=\"description\" content=\"Strands IZE LED Doppelbrenner - mit ECE R148 und ECE R65 Zulassung - orange Positionsleuchte - mit Blitzfunktion - 19 Muster - f\u00fcr LKW, PKW und mehr\" \/>\n<meta name=\"robots\" content=\"index, follow, max-snippet:-1, max-image-preview:large, max-video-preview:-1\" \/>\n<link rel=\"canonical\" href=\"https:\/\/www.alldayled.com\/de\/produkt\/strands-ize-led-dubbelbrander\/\" \/>\n<meta property=\"og:locale\" content=\"de_DE\" \/>\n<meta property=\"og:type\" content=\"article\" \/>\n<meta property=\"og:title\" content=\"Strands IZE LED Doppelbrenner amber - All Day Led - 12&amp;24 Volt\" \/>\n<meta property=\"og:description\" content=\"Strands IZE LED Doppelbrenner - mit ECE R148 und ECE R65 Zulassung - orange Positionsleuchte - mit Blitzfunktion - 19 Muster - f\u00fcr LKW, PKW und mehr\" \/>\n<meta property=\"og:url\" content=\"https:\/\/www.alldayled.com\/de\/produkt\/strands-ize-led-dubbelbrander\/\" \/>\n<meta property=\"og:site_name\" content=\"All Day Led\" \/>\n<meta property=\"article:publisher\" content=\"https:\/\/www.facebook.com\/alldayled\/\" \/>\n<meta property=\"article:modified_time\" content=\"2026-04-12T08:38:34+00:00\" \/>\n<meta property=\"og:image\" content=\"https:\/\/www.alldayled.com\/wp-content\/uploads\/2025\/12\/ADL02600A-SM-300x300.png\" \/>\n<meta name=\"twitter:label1\" content=\"Preis\" \/>\n\t<meta name=\"twitter:data1\" content=\"&euro;&nbsp;27,50\" \/>\n\t<meta name=\"twitter:label2\" content=\"Verf\u00fcgbarkeit\" \/>\n\t<meta name=\"twitter:data2\" content=\"Auf Lager\" \/>\n<script type=\"application\/ld+json\" class=\"yoast-schema-graph\">{\"@context\":\"https:\/\/schema.org\",\"@graph\":[{\"@type\":\"WebPage\",\"@id\":\"https:\/\/www.alldayled.com\/de\/produkt\/strands-ize-led-dubbelbrander\/\",\"url\":\"https:\/\/www.alldayled.com\/de\/produkt\/strands-ize-led-dubbelbrander\/\",\"name\":\"Strands IZE LED Doppelbrenner amber - All Day Led - 12&24 Volt\",\"isPartOf\":{\"@id\":\"https:\/\/www.alldayled.com\/de\/#website\"},\"primaryImageOfPage\":{\"@id\":\"https:\/\/www.alldayled.com\/de\/produkt\/strands-ize-led-dubbelbrander\/#primaryimage\"},\"image\":{\"@id\":\"https:\/\/www.alldayled.com\/de\/produkt\/strands-ize-led-dubbelbrander\/#primaryimage\"},\"thumbnailUrl\":\"https:\/\/www.alldayled.com\/wp-content\/uploads\/2026\/03\/ADL850458-A.png\",\"datePublished\":\"2026-03-08T11:00:35+00:00\",\"dateModified\":\"2026-04-12T08:38:34+00:00\",\"description\":\"Strands IZE LED Doppelbrenner - mit ECE R148 und ECE R65 Zulassung - orange Positionsleuchte - mit Blitzfunktion - 19 Muster - f\u00fcr LKW, PKW und mehr\",\"breadcrumb\":{\"@id\":\"https:\/\/www.alldayled.com\/de\/produkt\/strands-ize-led-dubbelbrander\/#breadcrumb\"},\"inLanguage\":\"de\",\"potentialAction\":[{\"@type\":\"ReadAction\",\"target\":[\"https:\/\/www.alldayled.com\/de\/produkt\/strands-ize-led-dubbelbrander\/\"]}]},{\"@type\":\"ImageObject\",\"inLanguage\":\"de\",\"@id\":\"https:\/\/www.alldayled.com\/de\/produkt\/strands-ize-led-dubbelbrander\/#primaryimage\",\"url\":\"https:\/\/www.alldayled.com\/wp-content\/uploads\/2026\/03\/ADL850458-A.png\",\"contentUrl\":\"https:\/\/www.alldayled.com\/wp-content\/uploads\/2026\/03\/ADL850458-A.png\",\"width\":800,\"height\":600,\"caption\":\"Strands IZE LED Doppelbrenner orange - AMBER Doppelbrenner mit Blitzer - ECE R148 und ECE R65 Zulassung - f\u00fcr 12 &amp; 24 Volt Betrieb\"},{\"@type\":\"BreadcrumbList\",\"@id\":\"https:\/\/www.alldayled.com\/de\/produkt\/strands-ize-led-dubbelbrander\/#breadcrumb\",\"itemListElement\":[{\"@type\":\"ListItem\",\"position\":1,\"name\":\"Home\",\"item\":\"https:\/\/www.alldayled.com\/de\/\"},{\"@type\":\"ListItem\",\"position\":2,\"name\":\"Shop\",\"item\":\"https:\/\/www.alldayled.com\/de\/shop\/\"},{\"@type\":\"ListItem\",\"position\":3,\"name\":\"Andere\",\"item\":\"https:\/\/www.alldayled.com\/de\/produkt-kategorie\/andere-produkte\/\"},{\"@type\":\"ListItem\",\"position\":4,\"name\":\"Doppelbrenner\",\"item\":\"https:\/\/www.alldayled.com\/de\/produkt-kategorie\/andere-produkte\/dubbelbranders\/\"},{\"@type\":\"ListItem\",\"position\":5,\"name\":\"Strands IZE LED Doppelbrenner\"}]},{\"@type\":\"WebSite\",\"@id\":\"https:\/\/www.alldayled.com\/de\/#website\",\"url\":\"https:\/\/www.alldayled.com\/de\/\",\"name\":\"All Day Led\",\"description\":\"Verlichting voor 12&amp;24 volt gebruik\",\"publisher\":{\"@id\":\"https:\/\/www.alldayled.com\/de\/#organization\"},\"potentialAction\":[{\"@type\":\"SearchAction\",\"target\":{\"@type\":\"EntryPoint\",\"urlTemplate\":\"https:\/\/www.alldayled.com\/de\/?s={search_term_string}\"},\"query-input\":{\"@type\":\"PropertyValueSpecification\",\"valueRequired\":true,\"valueName\":\"search_term_string\"}}],\"inLanguage\":\"de\"},{\"@type\":\"Organization\",\"@id\":\"https:\/\/www.alldayled.com\/de\/#organization\",\"name\":\"All Day Led\",\"url\":\"https:\/\/www.alldayled.com\/de\/\",\"logo\":{\"@type\":\"ImageObject\",\"inLanguage\":\"de\",\"@id\":\"https:\/\/www.alldayled.com\/de\/#\/schema\/logo\/image\/\",\"url\":\"https:\/\/www.alldayled.com\/wp-content\/uploads\/2025\/10\/Logo-ALL-DAY-LED-800x800-zwart-witte-letters.png\",\"contentUrl\":\"https:\/\/www.alldayled.com\/wp-content\/uploads\/2025\/10\/Logo-ALL-DAY-LED-800x800-zwart-witte-letters.png\",\"width\":800,\"height\":800,\"caption\":\"All Day Led\"},\"image\":{\"@id\":\"https:\/\/www.alldayled.com\/de\/#\/schema\/logo\/image\/\"},\"sameAs\":[\"https:\/\/www.facebook.com\/alldayled\/\",\"https:\/\/www.instagram.com\/alldayled\/\"],\"vatID\":\"NL863960133B01\",\"taxID\":\"86416545\"}]}<\/script>\n<meta property=\"product:brand\" content=\"Strands\" \/>\n<meta property=\"product:price:amount\" content=\"27.50\" \/>\n<meta property=\"product:price:currency\" content=\"EUR\" \/>\n<meta property=\"og:availability\" content=\"instock\" \/>\n<meta property=\"product:availability\" content=\"instock\" \/>\n<meta property=\"product:retailer_item_id\" content=\"ADL850458-A\" \/>\n<meta property=\"product:condition\" content=\"new\" \/>\n<!-- \/ Yoast SEO Premium plugin. -->","yoast_head_json":{"title":"Strands IZE LED Doppelbrenner amber - All Day Led - 12&24 Volt","description":"Strands IZE LED Doppelbrenner - mit ECE R148 und ECE R65 Zulassung - orange Positionsleuchte - mit Blitzfunktion - 19 Muster - f\u00fcr LKW, PKW und mehr","robots":{"index":"index","follow":"follow","max-snippet":"max-snippet:-1","max-image-preview":"max-image-preview:large","max-video-preview":"max-video-preview:-1"},"canonical":"https:\/\/www.alldayled.com\/de\/produkt\/strands-ize-led-dubbelbrander\/","og_locale":"de_DE","og_type":"article","og_title":"Strands IZE LED Doppelbrenner amber - All Day Led - 12&24 Volt","og_description":"Strands IZE LED Doppelbrenner - mit ECE R148 und ECE R65 Zulassung - orange Positionsleuchte - mit Blitzfunktion - 19 Muster - f\u00fcr LKW, PKW und mehr","og_url":"https:\/\/www.alldayled.com\/de\/produkt\/strands-ize-led-dubbelbrander\/","og_site_name":"All Day Led","article_publisher":"https:\/\/www.facebook.com\/alldayled\/","article_modified_time":"2026-04-12T08:38:34+00:00","og_image":[{"url":"https:\/\/www.alldayled.com\/wp-content\/uploads\/2025\/12\/ADL02600A-SM-300x300.png","type":"","width":"","height":""}],"twitter_misc":{"Preis":"&euro;&nbsp;27,50","Verf\u00fcgbarkeit":"Auf Lager"},"schema":{"@context":"https:\/\/schema.org","@graph":[{"@type":"WebPage","@id":"https:\/\/www.alldayled.com\/de\/produkt\/strands-ize-led-dubbelbrander\/","url":"https:\/\/www.alldayled.com\/de\/produkt\/strands-ize-led-dubbelbrander\/","name":"Strands IZE LED Doppelbrenner amber - All Day Led - 12&24 Volt","isPartOf":{"@id":"https:\/\/www.alldayled.com\/de\/#website"},"primaryImageOfPage":{"@id":"https:\/\/www.alldayled.com\/de\/produkt\/strands-ize-led-dubbelbrander\/#primaryimage"},"image":{"@id":"https:\/\/www.alldayled.com\/de\/produkt\/strands-ize-led-dubbelbrander\/#primaryimage"},"thumbnailUrl":"https:\/\/www.alldayled.com\/wp-content\/uploads\/2026\/03\/ADL850458-A.png","datePublished":"2026-03-08T11:00:35+00:00","dateModified":"2026-04-12T08:38:34+00:00","description":"Strands IZE LED Doppelbrenner - mit ECE R148 und ECE R65 Zulassung - orange Positionsleuchte - mit Blitzfunktion - 19 Muster - f\u00fcr LKW, PKW und mehr","breadcrumb":{"@id":"https:\/\/www.alldayled.com\/de\/produkt\/strands-ize-led-dubbelbrander\/#breadcrumb"},"inLanguage":"de","potentialAction":[{"@type":"ReadAction","target":["https:\/\/www.alldayled.com\/de\/produkt\/strands-ize-led-dubbelbrander\/"]}]},{"@type":"ImageObject","inLanguage":"de","@id":"https:\/\/www.alldayled.com\/de\/produkt\/strands-ize-led-dubbelbrander\/#primaryimage","url":"https:\/\/www.alldayled.com\/wp-content\/uploads\/2026\/03\/ADL850458-A.png","contentUrl":"https:\/\/www.alldayled.com\/wp-content\/uploads\/2026\/03\/ADL850458-A.png","width":800,"height":600,"caption":"Strands IZE LED Doppelbrenner orange - AMBER Doppelbrenner mit Blitzer - ECE R148 und ECE R65 Zulassung - f\u00fcr 12 &amp; 24 Volt Betrieb"},{"@type":"BreadcrumbList","@id":"https:\/\/www.alldayled.com\/de\/produkt\/strands-ize-led-dubbelbrander\/#breadcrumb","itemListElement":[{"@type":"ListItem","position":1,"name":"Home","item":"https:\/\/www.alldayled.com\/de\/"},{"@type":"ListItem","position":2,"name":"Shop","item":"https:\/\/www.alldayled.com\/de\/shop\/"},{"@type":"ListItem","position":3,"name":"Andere","item":"https:\/\/www.alldayled.com\/de\/produkt-kategorie\/andere-produkte\/"},{"@type":"ListItem","position":4,"name":"Doppelbrenner","item":"https:\/\/www.alldayled.com\/de\/produkt-kategorie\/andere-produkte\/dubbelbranders\/"},{"@type":"ListItem","position":5,"name":"Strands IZE LED Doppelbrenner"}]},{"@type":"WebSite","@id":"https:\/\/www.alldayled.com\/de\/#website","url":"https:\/\/www.alldayled.com\/de\/","name":"All Day Led","description":"Verlichting voor 12&amp;24 volt gebruik","publisher":{"@id":"https:\/\/www.alldayled.com\/de\/#organization"},"potentialAction":[{"@type":"SearchAction","target":{"@type":"EntryPoint","urlTemplate":"https:\/\/www.alldayled.com\/de\/?s={search_term_string}"},"query-input":{"@type":"PropertyValueSpecification","valueRequired":true,"valueName":"search_term_string"}}],"inLanguage":"de"},{"@type":"Organization","@id":"https:\/\/www.alldayled.com\/de\/#organization","name":"All Day Led","url":"https:\/\/www.alldayled.com\/de\/","logo":{"@type":"ImageObject","inLanguage":"de","@id":"https:\/\/www.alldayled.com\/de\/#\/schema\/logo\/image\/","url":"https:\/\/www.alldayled.com\/wp-content\/uploads\/2025\/10\/Logo-ALL-DAY-LED-800x800-zwart-witte-letters.png","contentUrl":"https:\/\/www.alldayled.com\/wp-content\/uploads\/2025\/10\/Logo-ALL-DAY-LED-800x800-zwart-witte-letters.png","width":800,"height":800,"caption":"All Day Led"},"image":{"@id":"https:\/\/www.alldayled.com\/de\/#\/schema\/logo\/image\/"},"sameAs":["https:\/\/www.facebook.com\/alldayled\/","https:\/\/www.instagram.com\/alldayled\/"],"vatID":"NL863960133B01","taxID":"86416545"}]},"product_brand":"Strands","product_price_amount":"27.50","product_price_currency":"EUR","og_availability":"instock","product_availability":"instock","product_retailer_item_id":"ADL850458-A","product_condition":"new"},"_links":{"self":[{"href":"https:\/\/www.alldayled.com\/de\/wp-json\/wp\/v2\/product\/83249","targetHints":{"allow":["GET"]}}],"collection":[{"href":"https:\/\/www.alldayled.com\/de\/wp-json\/wp\/v2\/product"}],"about":[{"href":"https:\/\/www.alldayled.com\/de\/wp-json\/wp\/v2\/types\/product"}],"replies":[{"embeddable":true,"href":"https:\/\/www.alldayled.com\/de\/wp-json\/wp\/v2\/comments?post=83249"}],"wp:featuredmedia":[{"embeddable":true,"href":"https:\/\/www.alldayled.com\/de\/wp-json\/wp\/v2\/media\/83269"}],"wp:attachment":[{"href":"https:\/\/www.alldayled.com\/de\/wp-json\/wp\/v2\/media?parent=83249"}],"wp:term":[{"taxonomy":"product_brand","embeddable":true,"href":"https:\/\/www.alldayled.com\/de\/wp-json\/wp\/v2\/product_brand?post=83249"},{"taxonomy":"product_cat","embeddable":true,"href":"https:\/\/www.alldayled.com\/de\/wp-json\/wp\/v2\/product_cat?post=83249"},{"taxonomy":"product_tag","embeddable":true,"href":"https:\/\/www.alldayled.com\/de\/wp-json\/wp\/v2\/product_tag?post=83249"}],"curies":[{"name":"wp","href":"https:\/\/api.w.org\/{rel}","templated":true}]}}