{"id":83734,"date":"2026-01-17T13:49:52","date_gmt":"2026-01-17T12:49:52","guid":{"rendered":"https:\/\/www.alldayled.com\/product\/horpol-ltd2110-kenteken-lamp\/"},"modified":"2026-04-09T21:19:36","modified_gmt":"2026-04-09T19:19:36","slug":"horpol-ltd2110-kenteken-lamp","status":"publish","type":"product","link":"https:\/\/www.alldayled.com\/de\/produkt\/horpol-ltd2110-kenteken-lamp\/","title":{"rendered":"Horpol LTD2110 Kennzeichen Licht"},"content":{"rendered":"<p><span style=\"color: #000000;\"><strong>Horpol LTD2110 Kennzeichen Licht mit schwarzer Kappe, f\u00fcr 12 und 24 Volt.<\/strong><\/span><\/p>\n<p><span style=\"color: #000000;\">Verleihe deinem Fahrzeug eine gepflegte und klare Beleuchtung mit dem Horpol LTD2110 LED Kennzeichen Licht. Diese Lampe hat ein stilvolles schwarzes Geh\u00e4use und ist mit 3 leistungsstarken LED&#8217;s ausgestattet, die viel Licht spenden, w\u00e4hrend der Energieverbrauch niedrig bleibt. Dank des Betriebs mit 12 und 24 Volt eignet sie sich f\u00fcr verschiedene Fahrzeuge wie Autos, LKW, Traktoren und Anh\u00e4nger. So bist du immer gut sichtbar, egal mit welchem Fahrzeug.   <\/span><\/p>\n<p><span style=\"color: #000000;\">M\u00f6chtest du sichergehen, dass das Horpol LTD2110 LED Kennzeichen Licht mit schwarzer Kappe f\u00fcr dein Fahrzeug geeignet ist? Die Lampe ist mit dem ECE R10 Pr\u00fcfzeichen versehen, sodass sie keine St\u00f6rungen bei Radiosignalen oder anderer Elektronik verursacht. Zudem tr\u00e4gt sie das ECE R4 Pr\u00fcfzeichen, was bedeutet, dass sie offiziell als Nummernschildbeleuchtung verwendet werden darf. So entscheidest du dich f\u00fcr eine Lampe, die sicher, zuverl\u00e4ssig und v\u00f6llig legal ist.   <\/span><\/p>\n<p><span style=\"color: #000000;\"><strong>Abmessungen:<\/strong><\/span><\/p>\n<p><span style=\"color: #000000;\">M\u00f6chtest du sicher sein, dass das Horpol LTD2110 Kennzeichen Licht perfekt an dein Fahrzeug passt? Hier findest du die wichtigsten Abmessungen, damit du genau wei\u00dft, ob diese Kennzeicheneinheit f\u00fcr die Stelle geeignet ist, an der du sie montieren m\u00f6chtest. <\/span><\/p>\n<ul>\n<li><span style=\"color: #000000;\">H\u00f6he: 57 mm<\/span><\/li>\n<li><span style=\"color: #000000;\">Breite: 102 mm<\/span><\/li>\n<li><span style=\"color: #000000;\">Tiefe: 55 mm<\/span><\/li>\n<\/ul>\n<p><span style=\"color: #000000;\">Ist das Horpol LTD2110 LED Kennzeichen Licht doch nicht ganz das, was du suchst, zum Beispiel wegen der Farbe oder Form? Kein Problem! Dasselbe Modell ist auch mit einem roten Geh\u00e4use erh\u00e4ltlich. Sieh dir hier die Variante mit roter Kappe an und w\u00e4hle die Ausf\u00fchrung, die zu deinem Fahrzeug passt. <\/span><\/p>\n<ul>\n<li><a href=\"https:\/\/www.alldayled.com\/de\/produkt\/horpol-ltd2111-kenteken-lamp\/\"><span style=\"color: #000000;\"><strong>Horpol LTD2111 &#8211; mit roter Kappe<\/strong><\/span><\/a><\/li>\n<\/ul>\n<p><span style=\"color: #000000;\">Zweifelst du noch, ob die HOR 79 Kennzeichenbeleuchtung die richtige Lampe f\u00fcr dein Fahrzeug ist? Dann sieh dir hier das vollst\u00e4ndige <a style=\"color: #000000;\" href=\"https:\/\/www.alldayled.com\/de\/produkt-kategorie\/rucklichter\/achterlicht-kentekenlicht\/\">Sortiment Kennzeichenbeleuchtung<\/a> an und finde einfach die Lampe, die perfekt zu deinen W\u00fcnschen und deinem Fahrzeug passt. <\/span><\/p>\n","protected":false},"excerpt":{"rendered":"<p>Horpol LTD2110 Kennzeichen Licht mit 3 LED&#8217;s und R4 Pr\u00fcfzeichen. F\u00fcr 12 und 24 Volt Betrieb. <\/p>\n","protected":false},"featured_media":83715,"comment_status":"open","ping_status":"closed","template":"","meta":{"_acf_changed":false},"product_brand":[6295],"product_cat":[5300],"product_tag":[],"class_list":{"0":"post-83734","1":"product","2":"type-product","3":"status-publish","4":"has-post-thumbnail","6":"product_brand-product-horpol","7":"product_cat-achterlicht-kentekenlicht","9":"first","10":"instock","11":"taxable","12":"shipping-taxable","13":"purchasable","14":"product-type-simple"},"acf":[],"yoast_head":"<!-- This site is optimized with the Yoast SEO Premium plugin v26.5 (Yoast SEO v27.1.1) - https:\/\/yoast.com\/product\/yoast-seo-premium-wordpress\/ -->\n<title>Horpol LTD2110 Kennzeichen Licht - schwarz - All Day Led - 12&amp;24 Volt<\/title>\n<meta name=\"description\" content=\"Horpol LTD2110 Kennzeichen Licht - LED Nummernschildbeleuchtung - 12&amp;24 Volt - ECE R4 - LKW, Anh\u00e4nger, Camper, Traktor und mehr - HOR 79 Group\" \/>\n<meta name=\"robots\" content=\"index, follow, max-snippet:-1, max-image-preview:large, max-video-preview:-1\" \/>\n<link rel=\"canonical\" href=\"https:\/\/www.alldayled.com\/de\/produkt\/horpol-ltd2110-kenteken-lamp\/\" \/>\n<meta property=\"og:locale\" content=\"de_DE\" \/>\n<meta property=\"og:type\" content=\"article\" \/>\n<meta property=\"og:title\" content=\"Horpol LTD2110 Kennzeichen Licht - schwarz - All Day Led - 12&amp;24 Volt\" \/>\n<meta property=\"og:description\" content=\"Horpol LTD2110 Kennzeichen Licht - LED Nummernschildbeleuchtung - 12&amp;24 Volt - ECE R4 - LKW, Anh\u00e4nger, Camper, Traktor und mehr - HOR 79 Group\" \/>\n<meta property=\"og:url\" content=\"https:\/\/www.alldayled.com\/de\/produkt\/horpol-ltd2110-kenteken-lamp\/\" \/>\n<meta property=\"og:site_name\" content=\"All Day Led\" \/>\n<meta property=\"article:publisher\" content=\"https:\/\/www.facebook.com\/alldayled\/\" \/>\n<meta property=\"article:modified_time\" content=\"2026-04-09T19:19:36+00:00\" \/>\n<meta property=\"og:image\" content=\"https:\/\/www.alldayled.com\/wp-content\/uploads\/2026\/04\/ADL02110-SM-300x300.png\" \/>\n<meta name=\"twitter:label1\" content=\"Preis\" \/>\n\t<meta name=\"twitter:data1\" content=\"&euro;&nbsp;9,95\" \/>\n\t<meta name=\"twitter:label2\" content=\"Verf\u00fcgbarkeit\" \/>\n\t<meta name=\"twitter:data2\" content=\"Auf Lager\" \/>\n<script type=\"application\/ld+json\" class=\"yoast-schema-graph\">{\"@context\":\"https:\/\/schema.org\",\"@graph\":[{\"@type\":\"WebPage\",\"@id\":\"https:\/\/www.alldayled.com\/de\/produkt\/horpol-ltd2110-kenteken-lamp\/\",\"url\":\"https:\/\/www.alldayled.com\/de\/produkt\/horpol-ltd2110-kenteken-lamp\/\",\"name\":\"Horpol LTD2110 Kennzeichen Licht - schwarz - All Day Led - 12&24 Volt\",\"isPartOf\":{\"@id\":\"https:\/\/www.alldayled.com\/de\/#website\"},\"primaryImageOfPage\":{\"@id\":\"https:\/\/www.alldayled.com\/de\/produkt\/horpol-ltd2110-kenteken-lamp\/#primaryimage\"},\"image\":{\"@id\":\"https:\/\/www.alldayled.com\/de\/produkt\/horpol-ltd2110-kenteken-lamp\/#primaryimage\"},\"thumbnailUrl\":\"https:\/\/www.alldayled.com\/wp-content\/uploads\/2026\/04\/ADL02110.png\",\"datePublished\":\"2026-01-17T12:49:52+00:00\",\"dateModified\":\"2026-04-09T19:19:36+00:00\",\"description\":\"Horpol LTD2110 Kennzeichen Licht - LED Nummernschildbeleuchtung - 12&24 Volt - ECE R4 - LKW, Anh\u00e4nger, Camper, Traktor und mehr - HOR 79 Group\",\"breadcrumb\":{\"@id\":\"https:\/\/www.alldayled.com\/de\/produkt\/horpol-ltd2110-kenteken-lamp\/#breadcrumb\"},\"inLanguage\":\"de\",\"potentialAction\":[{\"@type\":\"ReadAction\",\"target\":[\"https:\/\/www.alldayled.com\/de\/produkt\/horpol-ltd2110-kenteken-lamp\/\"]}]},{\"@type\":\"ImageObject\",\"inLanguage\":\"de\",\"@id\":\"https:\/\/www.alldayled.com\/de\/produkt\/horpol-ltd2110-kenteken-lamp\/#primaryimage\",\"url\":\"https:\/\/www.alldayled.com\/wp-content\/uploads\/2026\/04\/ADL02110.png\",\"contentUrl\":\"https:\/\/www.alldayled.com\/wp-content\/uploads\/2026\/04\/ADL02110.png\",\"width\":800,\"height\":600,\"caption\":\"Horpol LTD21110 Kennzeichen Licht - EAN: 5901958821103 - Schwarzes Geh\u00e4use - 3 LED's - ECE R4 Pr\u00fcfzeichen - IP67 - HOR 79\"},{\"@type\":\"BreadcrumbList\",\"@id\":\"https:\/\/www.alldayled.com\/de\/produkt\/horpol-ltd2110-kenteken-lamp\/#breadcrumb\",\"itemListElement\":[{\"@type\":\"ListItem\",\"position\":1,\"name\":\"Home\",\"item\":\"https:\/\/www.alldayled.com\/de\/\"},{\"@type\":\"ListItem\",\"position\":2,\"name\":\"Shop\",\"item\":\"https:\/\/www.alldayled.com\/de\/shop\/\"},{\"@type\":\"ListItem\",\"position\":3,\"name\":\"Horpol LTD2110 Kennzeichen Licht\"}]},{\"@type\":\"WebSite\",\"@id\":\"https:\/\/www.alldayled.com\/de\/#website\",\"url\":\"https:\/\/www.alldayled.com\/de\/\",\"name\":\"All Day Led\",\"description\":\"Verlichting voor 12&amp;24 volt gebruik\",\"publisher\":{\"@id\":\"https:\/\/www.alldayled.com\/de\/#organization\"},\"potentialAction\":[{\"@type\":\"SearchAction\",\"target\":{\"@type\":\"EntryPoint\",\"urlTemplate\":\"https:\/\/www.alldayled.com\/de\/?s={search_term_string}\"},\"query-input\":{\"@type\":\"PropertyValueSpecification\",\"valueRequired\":true,\"valueName\":\"search_term_string\"}}],\"inLanguage\":\"de\"},{\"@type\":\"Organization\",\"@id\":\"https:\/\/www.alldayled.com\/de\/#organization\",\"name\":\"All Day Led\",\"url\":\"https:\/\/www.alldayled.com\/de\/\",\"logo\":{\"@type\":\"ImageObject\",\"inLanguage\":\"de\",\"@id\":\"https:\/\/www.alldayled.com\/de\/#\/schema\/logo\/image\/\",\"url\":\"https:\/\/www.alldayled.com\/wp-content\/uploads\/2025\/10\/Logo-ALL-DAY-LED-800x800-zwart-witte-letters.png\",\"contentUrl\":\"https:\/\/www.alldayled.com\/wp-content\/uploads\/2025\/10\/Logo-ALL-DAY-LED-800x800-zwart-witte-letters.png\",\"width\":800,\"height\":800,\"caption\":\"All Day Led\"},\"image\":{\"@id\":\"https:\/\/www.alldayled.com\/de\/#\/schema\/logo\/image\/\"},\"sameAs\":[\"https:\/\/www.facebook.com\/alldayled\/\",\"https:\/\/www.instagram.com\/alldayled\/\"],\"vatID\":\"NL863960133B01\",\"taxID\":\"86416545\"}]}<\/script>\n<meta property=\"product:brand\" content=\"Horpol\" \/>\n<meta property=\"product:price:amount\" content=\"9.95\" \/>\n<meta property=\"product:price:currency\" content=\"EUR\" \/>\n<meta property=\"og:availability\" content=\"instock\" \/>\n<meta property=\"product:availability\" content=\"instock\" \/>\n<meta property=\"product:retailer_item_id\" content=\"ADL202110\" \/>\n<meta property=\"product:condition\" content=\"new\" \/>\n<!-- \/ Yoast SEO Premium plugin. -->","yoast_head_json":{"title":"Horpol LTD2110 Kennzeichen Licht - schwarz - All Day Led - 12&24 Volt","description":"Horpol LTD2110 Kennzeichen Licht - LED Nummernschildbeleuchtung - 12&24 Volt - ECE R4 - LKW, Anh\u00e4nger, Camper, Traktor und mehr - HOR 79 Group","robots":{"index":"index","follow":"follow","max-snippet":"max-snippet:-1","max-image-preview":"max-image-preview:large","max-video-preview":"max-video-preview:-1"},"canonical":"https:\/\/www.alldayled.com\/de\/produkt\/horpol-ltd2110-kenteken-lamp\/","og_locale":"de_DE","og_type":"article","og_title":"Horpol LTD2110 Kennzeichen Licht - schwarz - All Day Led - 12&24 Volt","og_description":"Horpol LTD2110 Kennzeichen Licht - LED Nummernschildbeleuchtung - 12&24 Volt - ECE R4 - LKW, Anh\u00e4nger, Camper, Traktor und mehr - HOR 79 Group","og_url":"https:\/\/www.alldayled.com\/de\/produkt\/horpol-ltd2110-kenteken-lamp\/","og_site_name":"All Day Led","article_publisher":"https:\/\/www.facebook.com\/alldayled\/","article_modified_time":"2026-04-09T19:19:36+00:00","og_image":[{"url":"https:\/\/www.alldayled.com\/wp-content\/uploads\/2026\/04\/ADL02110-SM-300x300.png","type":"","width":"","height":""}],"twitter_misc":{"Preis":"&euro;&nbsp;9,95","Verf\u00fcgbarkeit":"Auf Lager"},"schema":{"@context":"https:\/\/schema.org","@graph":[{"@type":"WebPage","@id":"https:\/\/www.alldayled.com\/de\/produkt\/horpol-ltd2110-kenteken-lamp\/","url":"https:\/\/www.alldayled.com\/de\/produkt\/horpol-ltd2110-kenteken-lamp\/","name":"Horpol LTD2110 Kennzeichen Licht - schwarz - All Day Led - 12&24 Volt","isPartOf":{"@id":"https:\/\/www.alldayled.com\/de\/#website"},"primaryImageOfPage":{"@id":"https:\/\/www.alldayled.com\/de\/produkt\/horpol-ltd2110-kenteken-lamp\/#primaryimage"},"image":{"@id":"https:\/\/www.alldayled.com\/de\/produkt\/horpol-ltd2110-kenteken-lamp\/#primaryimage"},"thumbnailUrl":"https:\/\/www.alldayled.com\/wp-content\/uploads\/2026\/04\/ADL02110.png","datePublished":"2026-01-17T12:49:52+00:00","dateModified":"2026-04-09T19:19:36+00:00","description":"Horpol LTD2110 Kennzeichen Licht - LED Nummernschildbeleuchtung - 12&24 Volt - ECE R4 - LKW, Anh\u00e4nger, Camper, Traktor und mehr - HOR 79 Group","breadcrumb":{"@id":"https:\/\/www.alldayled.com\/de\/produkt\/horpol-ltd2110-kenteken-lamp\/#breadcrumb"},"inLanguage":"de","potentialAction":[{"@type":"ReadAction","target":["https:\/\/www.alldayled.com\/de\/produkt\/horpol-ltd2110-kenteken-lamp\/"]}]},{"@type":"ImageObject","inLanguage":"de","@id":"https:\/\/www.alldayled.com\/de\/produkt\/horpol-ltd2110-kenteken-lamp\/#primaryimage","url":"https:\/\/www.alldayled.com\/wp-content\/uploads\/2026\/04\/ADL02110.png","contentUrl":"https:\/\/www.alldayled.com\/wp-content\/uploads\/2026\/04\/ADL02110.png","width":800,"height":600,"caption":"Horpol LTD21110 Kennzeichen Licht - EAN: 5901958821103 - Schwarzes Geh\u00e4use - 3 LED's - ECE R4 Pr\u00fcfzeichen - IP67 - HOR 79"},{"@type":"BreadcrumbList","@id":"https:\/\/www.alldayled.com\/de\/produkt\/horpol-ltd2110-kenteken-lamp\/#breadcrumb","itemListElement":[{"@type":"ListItem","position":1,"name":"Home","item":"https:\/\/www.alldayled.com\/de\/"},{"@type":"ListItem","position":2,"name":"Shop","item":"https:\/\/www.alldayled.com\/de\/shop\/"},{"@type":"ListItem","position":3,"name":"Horpol LTD2110 Kennzeichen Licht"}]},{"@type":"WebSite","@id":"https:\/\/www.alldayled.com\/de\/#website","url":"https:\/\/www.alldayled.com\/de\/","name":"All Day Led","description":"Verlichting voor 12&amp;24 volt gebruik","publisher":{"@id":"https:\/\/www.alldayled.com\/de\/#organization"},"potentialAction":[{"@type":"SearchAction","target":{"@type":"EntryPoint","urlTemplate":"https:\/\/www.alldayled.com\/de\/?s={search_term_string}"},"query-input":{"@type":"PropertyValueSpecification","valueRequired":true,"valueName":"search_term_string"}}],"inLanguage":"de"},{"@type":"Organization","@id":"https:\/\/www.alldayled.com\/de\/#organization","name":"All Day Led","url":"https:\/\/www.alldayled.com\/de\/","logo":{"@type":"ImageObject","inLanguage":"de","@id":"https:\/\/www.alldayled.com\/de\/#\/schema\/logo\/image\/","url":"https:\/\/www.alldayled.com\/wp-content\/uploads\/2025\/10\/Logo-ALL-DAY-LED-800x800-zwart-witte-letters.png","contentUrl":"https:\/\/www.alldayled.com\/wp-content\/uploads\/2025\/10\/Logo-ALL-DAY-LED-800x800-zwart-witte-letters.png","width":800,"height":800,"caption":"All Day Led"},"image":{"@id":"https:\/\/www.alldayled.com\/de\/#\/schema\/logo\/image\/"},"sameAs":["https:\/\/www.facebook.com\/alldayled\/","https:\/\/www.instagram.com\/alldayled\/"],"vatID":"NL863960133B01","taxID":"86416545"}]},"product_brand":"Horpol","product_price_amount":"9.95","product_price_currency":"EUR","og_availability":"instock","product_availability":"instock","product_retailer_item_id":"ADL202110","product_condition":"new"},"_links":{"self":[{"href":"https:\/\/www.alldayled.com\/de\/wp-json\/wp\/v2\/product\/83734","targetHints":{"allow":["GET"]}}],"collection":[{"href":"https:\/\/www.alldayled.com\/de\/wp-json\/wp\/v2\/product"}],"about":[{"href":"https:\/\/www.alldayled.com\/de\/wp-json\/wp\/v2\/types\/product"}],"replies":[{"embeddable":true,"href":"https:\/\/www.alldayled.com\/de\/wp-json\/wp\/v2\/comments?post=83734"}],"wp:featuredmedia":[{"embeddable":true,"href":"https:\/\/www.alldayled.com\/de\/wp-json\/wp\/v2\/media\/83715"}],"wp:attachment":[{"href":"https:\/\/www.alldayled.com\/de\/wp-json\/wp\/v2\/media?parent=83734"}],"wp:term":[{"taxonomy":"product_brand","embeddable":true,"href":"https:\/\/www.alldayled.com\/de\/wp-json\/wp\/v2\/product_brand?post=83734"},{"taxonomy":"product_cat","embeddable":true,"href":"https:\/\/www.alldayled.com\/de\/wp-json\/wp\/v2\/product_cat?post=83734"},{"taxonomy":"product_tag","embeddable":true,"href":"https:\/\/www.alldayled.com\/de\/wp-json\/wp\/v2\/product_tag?post=83734"}],"curies":[{"name":"wp","href":"https:\/\/api.w.org\/{rel}","templated":true}]}}