{"id":67236,"date":"2021-07-09T13:47:54","date_gmt":"2021-07-09T11:47:54","guid":{"rendered":"https:\/\/www.alldayled.com\/product\/was-led-breedtelamp-unit-oranje\/"},"modified":"2021-07-09T13:47:54","modified_gmt":"2021-07-09T11:47:54","slug":"was-led-breedtelamp-unit-oranje","status":"publish","type":"product","link":"https:\/\/www.alldayled.com\/en\/product\/was-led-breedtelamp-unit-oranje\/","title":{"rendered":"WA\u015a LED side marker unit &#8211; orange"},"content":{"rendered":"<p><span style=\"color: #000000;\"><strong>WA\u015a LED unit orange, suitable for 12 &amp; 24 volt use.<\/strong><\/span><\/p>\n<p><span style=\"color: #000000;\">Want to build your own LED side marker? Then this WA\u015a LED unit orange might be exactly what you&#8217;re looking for. This module offers bright light with low power consumption. The unit is equipped with 6 SMD LEDs and works on 12 and 24 volt. This means you can easily use it on your car, truck, tractor, trailer, or other vehicle. Moreover, the orange glass gives your side marker a rugged look and ensures your lighting remains optimally visible, both during day and night.     <\/span><\/p>\n<p><span style=\"color: #000000;\">To ensure the WA\u015a LED unit red perfectly fits your vehicle or trailer, we&#8217;ve listed the main features below. The unit has ECE R10 certification, which means it doesn&#8217;t interfere with radio signals. Additionally, the lamp comes with 5 meters of cable, allowing you to mount and connect it in various locations. Note: all parts of a separately assembled side marker are always delivered individually. This way, you can determine the cable length yourself and place the lamp exactly where you want it.    <\/span><\/p>\n<h5><span style=\"color: #000000;\"><strong>Other colors:<\/strong><\/span><\/h5>\n<p><span style=\"color: #000000;\">Want a WA\u015a LED unit but this orange version isn&#8217;t quite what you&#8217;re looking for? No worries, WA\u015a offers various other models. Check out the different options below and find the LED unit that perfectly matches your vehicle.  <\/span><\/p>\n<ul>\n<li><span style=\"color: #000000;\"><a style=\"color: #000000;\" href=\"https:\/\/www.alldayled.com\/en\/product\/was-led-breedtelamp-unit-rood\/\"><strong>WA\u015a LED module &#8211; red<\/strong><\/a><\/span><\/li>\n<li><span style=\"color: #000000;\"><a style=\"color: #000000;\" href=\"https:\/\/www.alldayled.com\/en\/product\/was-led-breedtelamp-unit-wit\/\"><strong>WA\u015a LED module &#8211; white <\/strong><\/a><\/span><\/li>\n<\/ul>\n<p><span style=\"color: #000000;\">Are you looking for a LED side marker but don&#8217;t want it delivered in separate parts? Then check out our <g id=\"gid_0\">side markers<\/g> page. You might find the model you&#8217;re looking for there.  <\/span><\/p>\n","protected":false},"excerpt":{"rendered":"<p>Side marker unit orange from WA\u015a with 6 SMD LED, works on 12\/24 volt and 5 meter cable.<\/p>\n","protected":false},"featured_media":19604,"comment_status":"open","ping_status":"closed","template":"","meta":{"_acf_changed":false},"product_brand":[5690],"product_cat":[5134],"product_tag":[5141,9251,5142,5143,5144,9481,9482,9483,5135,9449,5136,5138],"class_list":{"0":"post-67236","1":"product","2":"type-product","3":"status-publish","4":"has-post-thumbnail","6":"product_brand-product-was","7":"product_cat-breedtelampen","8":"product_tag-danish-led-width-lamp","9":"product_tag-led-marker-light-2","10":"product_tag-led-width-lamp-12-volt","11":"product_tag-led-width-lamp-24-volts","12":"product_tag-led-width-light","13":"product_tag-side-light-trailer","14":"product_tag-side-light-truck","15":"product_tag-side-marker-trailer","16":"product_tag-trailer-width-light","17":"product_tag-was-led-lighting","18":"product_tag-width-lamp-camper","19":"product_tag-width-lamp-truck","21":"first","22":"instock","23":"taxable","24":"shipping-taxable","25":"purchasable","26":"product-type-simple"},"acf":[],"yoast_head":"<!-- This site is optimized with the Yoast SEO Premium plugin v26.5 (Yoast SEO v27.1.1) - https:\/\/yoast.com\/product\/yoast-seo-premium-wordpress\/ -->\n<title>WA\u015a LED unit orange - side marker - All Day Led - for 12&amp;24V<\/title>\n<meta name=\"description\" content=\"WA\u015a LED unit orange - easy installation - LED side marker module for 12&amp;24 volt - WA\u015a W74.1 - truck, trailer and more\" \/>\n<meta name=\"robots\" content=\"index, follow, max-snippet:-1, max-image-preview:large, max-video-preview:-1\" \/>\n<link rel=\"canonical\" href=\"https:\/\/www.alldayled.com\/en\/product\/was-led-breedtelamp-unit-oranje\/\" \/>\n<meta property=\"og:locale\" content=\"en_US\" \/>\n<meta property=\"og:type\" content=\"article\" \/>\n<meta property=\"og:title\" content=\"WA\u015a LED unit orange - side marker - All Day Led - for 12&amp;24V\" \/>\n<meta property=\"og:description\" content=\"WA\u015a LED unit orange - easy installation - LED side marker module for 12&amp;24 volt - WA\u015a W74.1 - truck, trailer and more\" \/>\n<meta property=\"og:url\" content=\"https:\/\/www.alldayled.com\/en\/product\/was-led-breedtelamp-unit-oranje\/\" \/>\n<meta property=\"og:site_name\" content=\"All Day Led\" \/>\n<meta property=\"article:publisher\" content=\"https:\/\/www.facebook.com\/alldayled\/\" \/>\n<meta property=\"og:image\" content=\"https:\/\/www.alldayled.com\/wp-content\/uploads\/2021\/07\/ADL00546.-00.png\" \/>\n<meta name=\"twitter:label1\" content=\"Price\" \/>\n\t<meta name=\"twitter:data1\" content=\"&euro;&nbsp;17,95\" \/>\n\t<meta name=\"twitter:label2\" content=\"Availability\" \/>\n\t<meta name=\"twitter:data2\" content=\"In stock\" \/>\n<script type=\"application\/ld+json\" class=\"yoast-schema-graph\">{\"@context\":\"https:\/\/schema.org\",\"@graph\":[{\"@type\":\"WebPage\",\"@id\":\"https:\/\/www.alldayled.com\/en\/product\/was-led-breedtelamp-unit-oranje\/\",\"url\":\"https:\/\/www.alldayled.com\/en\/product\/was-led-breedtelamp-unit-oranje\/\",\"name\":\"WA\u015a LED unit orange - side marker - All Day Led - for 12&24V\",\"isPartOf\":{\"@id\":\"https:\/\/www.alldayled.com\/en\/#website\"},\"primaryImageOfPage\":{\"@id\":\"https:\/\/www.alldayled.com\/en\/product\/was-led-breedtelamp-unit-oranje\/#primaryimage\"},\"image\":{\"@id\":\"https:\/\/www.alldayled.com\/en\/product\/was-led-breedtelamp-unit-oranje\/#primaryimage\"},\"thumbnailUrl\":\"https:\/\/www.alldayled.com\/wp-content\/uploads\/2021\/07\/ADL00546..png\",\"datePublished\":\"2021-07-09T11:47:54+00:00\",\"description\":\"WA\u015a LED unit orange - easy installation - LED side marker module for 12&24 volt - WA\u015a W74.1 - truck, trailer and more\",\"breadcrumb\":{\"@id\":\"https:\/\/www.alldayled.com\/en\/product\/was-led-breedtelamp-unit-oranje\/#breadcrumb\"},\"inLanguage\":\"en-US\",\"potentialAction\":[{\"@type\":\"ReadAction\",\"target\":[\"https:\/\/www.alldayled.com\/en\/product\/was-led-breedtelamp-unit-oranje\/\"]}]},{\"@type\":\"ImageObject\",\"inLanguage\":\"en-US\",\"@id\":\"https:\/\/www.alldayled.com\/en\/product\/was-led-breedtelamp-unit-oranje\/#primaryimage\",\"url\":\"https:\/\/www.alldayled.com\/wp-content\/uploads\/2021\/07\/ADL00546..png\",\"contentUrl\":\"https:\/\/www.alldayled.com\/wp-content\/uploads\/2021\/07\/ADL00546..png\",\"width\":800,\"height\":600,\"caption\":\"WA\u015a LED unit orange - suitable for Danish side marker - Strands Viking model - EAN: 5901323106637\"},{\"@type\":\"BreadcrumbList\",\"@id\":\"https:\/\/www.alldayled.com\/en\/product\/was-led-breedtelamp-unit-oranje\/#breadcrumb\",\"itemListElement\":[{\"@type\":\"ListItem\",\"position\":1,\"name\":\"Home\",\"item\":\"https:\/\/www.alldayled.com\/en\/\"},{\"@type\":\"ListItem\",\"position\":2,\"name\":\"Shop\",\"item\":\"https:\/\/www.alldayled.com\/en\/shop\/\"},{\"@type\":\"ListItem\",\"position\":3,\"name\":\"Positionlamps\",\"item\":\"https:\/\/www.alldayled.com\/en\/product-category\/position-lights\/\"},{\"@type\":\"ListItem\",\"position\":4,\"name\":\"Side markers\",\"item\":\"https:\/\/www.alldayled.com\/en\/product-category\/position-lights\/breedtelampen\/\"},{\"@type\":\"ListItem\",\"position\":5,\"name\":\"WA\u015a LED side marker unit &#8211; orange\"}]},{\"@type\":\"WebSite\",\"@id\":\"https:\/\/www.alldayled.com\/en\/#website\",\"url\":\"https:\/\/www.alldayled.com\/en\/\",\"name\":\"All Day Led\",\"description\":\"Verlichting voor 12&amp;24 volt gebruik\",\"publisher\":{\"@id\":\"https:\/\/www.alldayled.com\/en\/#organization\"},\"potentialAction\":[{\"@type\":\"SearchAction\",\"target\":{\"@type\":\"EntryPoint\",\"urlTemplate\":\"https:\/\/www.alldayled.com\/en\/?s={search_term_string}\"},\"query-input\":{\"@type\":\"PropertyValueSpecification\",\"valueRequired\":true,\"valueName\":\"search_term_string\"}}],\"inLanguage\":\"en-US\"},{\"@type\":\"Organization\",\"@id\":\"https:\/\/www.alldayled.com\/en\/#organization\",\"name\":\"All Day Led\",\"url\":\"https:\/\/www.alldayled.com\/en\/\",\"logo\":{\"@type\":\"ImageObject\",\"inLanguage\":\"en-US\",\"@id\":\"https:\/\/www.alldayled.com\/en\/#\/schema\/logo\/image\/\",\"url\":\"https:\/\/www.alldayled.com\/wp-content\/uploads\/2025\/10\/Logo-ALL-DAY-LED-800x800-zwart-witte-letters.png\",\"contentUrl\":\"https:\/\/www.alldayled.com\/wp-content\/uploads\/2025\/10\/Logo-ALL-DAY-LED-800x800-zwart-witte-letters.png\",\"width\":800,\"height\":800,\"caption\":\"All Day Led\"},\"image\":{\"@id\":\"https:\/\/www.alldayled.com\/en\/#\/schema\/logo\/image\/\"},\"sameAs\":[\"https:\/\/www.facebook.com\/alldayled\/\",\"https:\/\/www.instagram.com\/alldayled\/\"],\"vatID\":\"NL863960133B01\",\"taxID\":\"86416545\"}]}<\/script>\n<meta property=\"product:brand\" content=\"WA\u015a\" \/>\n<meta property=\"product:price:amount\" content=\"17.95\" \/>\n<meta property=\"product:price:currency\" content=\"EUR\" \/>\n<meta property=\"og:availability\" content=\"instock\" \/>\n<meta property=\"product:availability\" content=\"instock\" \/>\n<meta property=\"product:retailer_item_id\" content=\"ADL00546\" \/>\n<meta property=\"product:condition\" content=\"new\" \/>\n<!-- \/ Yoast SEO Premium plugin. -->","yoast_head_json":{"title":"WA\u015a LED unit orange - side marker - All Day Led - for 12&24V","description":"WA\u015a LED unit orange - easy installation - LED side marker module for 12&24 volt - WA\u015a W74.1 - truck, trailer and more","robots":{"index":"index","follow":"follow","max-snippet":"max-snippet:-1","max-image-preview":"max-image-preview:large","max-video-preview":"max-video-preview:-1"},"canonical":"https:\/\/www.alldayled.com\/en\/product\/was-led-breedtelamp-unit-oranje\/","og_locale":"en_US","og_type":"article","og_title":"WA\u015a LED unit orange - side marker - All Day Led - for 12&24V","og_description":"WA\u015a LED unit orange - easy installation - LED side marker module for 12&24 volt - WA\u015a W74.1 - truck, trailer and more","og_url":"https:\/\/www.alldayled.com\/en\/product\/was-led-breedtelamp-unit-oranje\/","og_site_name":"All Day Led","article_publisher":"https:\/\/www.facebook.com\/alldayled\/","og_image":[{"url":"https:\/\/www.alldayled.com\/wp-content\/uploads\/2021\/07\/ADL00546.-00.png","type":"","width":"","height":""}],"twitter_misc":{"Price":"&euro;&nbsp;17,95","Availability":"In stock"},"schema":{"@context":"https:\/\/schema.org","@graph":[{"@type":"WebPage","@id":"https:\/\/www.alldayled.com\/en\/product\/was-led-breedtelamp-unit-oranje\/","url":"https:\/\/www.alldayled.com\/en\/product\/was-led-breedtelamp-unit-oranje\/","name":"WA\u015a LED unit orange - side marker - All Day Led - for 12&24V","isPartOf":{"@id":"https:\/\/www.alldayled.com\/en\/#website"},"primaryImageOfPage":{"@id":"https:\/\/www.alldayled.com\/en\/product\/was-led-breedtelamp-unit-oranje\/#primaryimage"},"image":{"@id":"https:\/\/www.alldayled.com\/en\/product\/was-led-breedtelamp-unit-oranje\/#primaryimage"},"thumbnailUrl":"https:\/\/www.alldayled.com\/wp-content\/uploads\/2021\/07\/ADL00546..png","datePublished":"2021-07-09T11:47:54+00:00","description":"WA\u015a LED unit orange - easy installation - LED side marker module for 12&24 volt - WA\u015a W74.1 - truck, trailer and more","breadcrumb":{"@id":"https:\/\/www.alldayled.com\/en\/product\/was-led-breedtelamp-unit-oranje\/#breadcrumb"},"inLanguage":"en-US","potentialAction":[{"@type":"ReadAction","target":["https:\/\/www.alldayled.com\/en\/product\/was-led-breedtelamp-unit-oranje\/"]}]},{"@type":"ImageObject","inLanguage":"en-US","@id":"https:\/\/www.alldayled.com\/en\/product\/was-led-breedtelamp-unit-oranje\/#primaryimage","url":"https:\/\/www.alldayled.com\/wp-content\/uploads\/2021\/07\/ADL00546..png","contentUrl":"https:\/\/www.alldayled.com\/wp-content\/uploads\/2021\/07\/ADL00546..png","width":800,"height":600,"caption":"WA\u015a LED unit orange - suitable for Danish side marker - Strands Viking model - EAN: 5901323106637"},{"@type":"BreadcrumbList","@id":"https:\/\/www.alldayled.com\/en\/product\/was-led-breedtelamp-unit-oranje\/#breadcrumb","itemListElement":[{"@type":"ListItem","position":1,"name":"Home","item":"https:\/\/www.alldayled.com\/en\/"},{"@type":"ListItem","position":2,"name":"Shop","item":"https:\/\/www.alldayled.com\/en\/shop\/"},{"@type":"ListItem","position":3,"name":"Positionlamps","item":"https:\/\/www.alldayled.com\/en\/product-category\/position-lights\/"},{"@type":"ListItem","position":4,"name":"Side markers","item":"https:\/\/www.alldayled.com\/en\/product-category\/position-lights\/breedtelampen\/"},{"@type":"ListItem","position":5,"name":"WA\u015a LED side marker unit &#8211; orange"}]},{"@type":"WebSite","@id":"https:\/\/www.alldayled.com\/en\/#website","url":"https:\/\/www.alldayled.com\/en\/","name":"All Day Led","description":"Verlichting voor 12&amp;24 volt gebruik","publisher":{"@id":"https:\/\/www.alldayled.com\/en\/#organization"},"potentialAction":[{"@type":"SearchAction","target":{"@type":"EntryPoint","urlTemplate":"https:\/\/www.alldayled.com\/en\/?s={search_term_string}"},"query-input":{"@type":"PropertyValueSpecification","valueRequired":true,"valueName":"search_term_string"}}],"inLanguage":"en-US"},{"@type":"Organization","@id":"https:\/\/www.alldayled.com\/en\/#organization","name":"All Day Led","url":"https:\/\/www.alldayled.com\/en\/","logo":{"@type":"ImageObject","inLanguage":"en-US","@id":"https:\/\/www.alldayled.com\/en\/#\/schema\/logo\/image\/","url":"https:\/\/www.alldayled.com\/wp-content\/uploads\/2025\/10\/Logo-ALL-DAY-LED-800x800-zwart-witte-letters.png","contentUrl":"https:\/\/www.alldayled.com\/wp-content\/uploads\/2025\/10\/Logo-ALL-DAY-LED-800x800-zwart-witte-letters.png","width":800,"height":800,"caption":"All Day Led"},"image":{"@id":"https:\/\/www.alldayled.com\/en\/#\/schema\/logo\/image\/"},"sameAs":["https:\/\/www.facebook.com\/alldayled\/","https:\/\/www.instagram.com\/alldayled\/"],"vatID":"NL863960133B01","taxID":"86416545"}]},"product_brand":"WA\u015a","product_price_amount":"17.95","product_price_currency":"EUR","og_availability":"instock","product_availability":"instock","product_retailer_item_id":"ADL00546","product_condition":"new"},"_links":{"self":[{"href":"https:\/\/www.alldayled.com\/en\/wp-json\/wp\/v2\/product\/67236","targetHints":{"allow":["GET"]}}],"collection":[{"href":"https:\/\/www.alldayled.com\/en\/wp-json\/wp\/v2\/product"}],"about":[{"href":"https:\/\/www.alldayled.com\/en\/wp-json\/wp\/v2\/types\/product"}],"replies":[{"embeddable":true,"href":"https:\/\/www.alldayled.com\/en\/wp-json\/wp\/v2\/comments?post=67236"}],"wp:featuredmedia":[{"embeddable":true,"href":"https:\/\/www.alldayled.com\/en\/wp-json\/wp\/v2\/media\/19604"}],"wp:attachment":[{"href":"https:\/\/www.alldayled.com\/en\/wp-json\/wp\/v2\/media?parent=67236"}],"wp:term":[{"taxonomy":"product_brand","embeddable":true,"href":"https:\/\/www.alldayled.com\/en\/wp-json\/wp\/v2\/product_brand?post=67236"},{"taxonomy":"product_cat","embeddable":true,"href":"https:\/\/www.alldayled.com\/en\/wp-json\/wp\/v2\/product_cat?post=67236"},{"taxonomy":"product_tag","embeddable":true,"href":"https:\/\/www.alldayled.com\/en\/wp-json\/wp\/v2\/product_tag?post=67236"}],"curies":[{"name":"wp","href":"https:\/\/api.w.org\/{rel}","templated":true}]}}