{"id":67238,"date":"2021-07-09T13:46:01","date_gmt":"2021-07-09T11:46:01","guid":{"rendered":"https:\/\/www.alldayled.com\/product\/was-led-breedtelamp-unit-rood\/"},"modified":"2021-07-09T13:46:01","modified_gmt":"2021-07-09T11:46:01","slug":"was-led-breedtelamp-unit-rood","status":"publish","type":"product","link":"https:\/\/www.alldayled.com\/en\/product\/was-led-breedtelamp-unit-rood\/","title":{"rendered":"WA\u015a LED side marker unit &#8211; red"},"content":{"rendered":"<p><span style=\"color: #000000;\"><strong>WA\u015a LED unit red, suitable for 12 &amp; 24 volt use.<\/strong><\/span><\/p>\n<p><span style=\"color: #000000;\">Do you want to assemble your own LED side marker unit? Then this WA\u015a LED unit red might be exactly what you are looking for. In other words, this module offers you bright light with low power consumption. The unit is equipped with 6 SMD LEDs and operates on 12 and 24 volts. This means that you can easily use it on your car, truck, tractor, trailer or other vehicle. In addition, the red glass gives your side marker unit a tough look and your lighting remains optimally visible, both during the day and at night.     <\/span><\/p>\n<p><span style=\"color: #000000;\">To ensure that the WA\u015a LED unit red perfectly matches your vehicle or trailer, we have listed the most important features for you below. The unit has the ECE R10 mark, which means that it does not cause interference with radio signals. In addition, the lamp comes with a 5-meter cable, so you can mount and connect it in different places. Please note: all parts of a separately assembled side marker unit are always delivered separately. Therefore, you can determine the cable length yourself and place the lamp exactly where you want.    <\/span><\/p>\n<h5><span style=\"color: #000000;\"><strong>Other colors:<\/strong><\/span><\/h5>\n<p><span style=\"color: #000000;\">Do you want a LED unit from WA\u015a, but this red version is not exactly what you are looking for? Don&#8217;t worry, WA\u015a offers several other models. View the different options below and find the LED unit that perfectly suits your vehicle.  <\/span><\/p>\n<ul>\n<li><span style=\"color: #000000;\"><a style=\"color: #000000;\" href=\"https:\/\/www.alldayled.com\/en\/product\/was-led-breedtelamp-unit-oranje\/\"><strong>WA\u015a LED module &#8211; orange <\/strong><\/a><\/span><\/li>\n<li><span style=\"color: #000000;\"><a style=\"color: #000000;\" href=\"https:\/\/www.alldayled.com\/en\/product\/was-led-breedtelamp-unit-wit\/\"><strong>WA\u015a LED module &#8211; white <\/strong><\/a><\/span><\/li>\n<\/ul>\n<p><span style=\"color: #000000;\">Are you looking for a LED side marker unit, but you do not want it delivered in separate parts? Then also view our page <a style=\"color: #000000;\" href=\"https:\/\/www.alldayled.com\/en\/product-category\/position-lights\/breedtelampen\/\">side marker units<\/a>. You may find the model you are looking for here.  <\/span><\/p>\n","protected":false},"excerpt":{"rendered":"<p>Side marker unit red from WA\u015a with 6 SMD LEDs, operates on 1224 volt and 5 meter cable.<\/p>\n","protected":false},"featured_media":19568,"comment_status":"open","ping_status":"closed","template":"","meta":{"_acf_changed":false},"product_brand":[5690],"product_cat":[5134],"product_tag":[5141,9251,5142,5143,5144,9481,9482,9483,5135,9449,5136,5138],"class_list":{"0":"post-67238","1":"product","2":"type-product","3":"status-publish","4":"has-post-thumbnail","6":"product_brand-product-was","7":"product_cat-breedtelampen","8":"product_tag-danish-led-width-lamp","9":"product_tag-led-marker-light-2","10":"product_tag-led-width-lamp-12-volt","11":"product_tag-led-width-lamp-24-volts","12":"product_tag-led-width-light","13":"product_tag-side-light-trailer","14":"product_tag-side-light-truck","15":"product_tag-side-marker-trailer","16":"product_tag-trailer-width-light","17":"product_tag-was-led-lighting","18":"product_tag-width-lamp-camper","19":"product_tag-width-lamp-truck","21":"first","22":"instock","23":"taxable","24":"shipping-taxable","25":"purchasable","26":"product-type-simple"},"acf":[],"yoast_head":"<!-- This site is optimized with the Yoast SEO Premium plugin v26.5 (Yoast SEO v27.1.1) - https:\/\/yoast.com\/product\/yoast-seo-premium-wordpress\/ -->\n<title>WA\u015a LED unit red - side marker unit - All Day Led - for 12&amp;24V<\/title>\n<meta name=\"description\" content=\"WA\u015a LED unit red - LED side marker module for 12&amp;24 volt - WA\u015a W74.1 - truck, trailer and more - easy assembly\" \/>\n<meta name=\"robots\" content=\"index, follow, max-snippet:-1, max-image-preview:large, max-video-preview:-1\" \/>\n<link rel=\"canonical\" href=\"https:\/\/www.alldayled.com\/en\/product\/was-led-breedtelamp-unit-rood\/\" \/>\n<meta property=\"og:locale\" content=\"en_US\" \/>\n<meta property=\"og:type\" content=\"article\" \/>\n<meta property=\"og:title\" content=\"WA\u015a LED unit red - side marker unit - All Day Led - for 12&amp;24V\" \/>\n<meta property=\"og:description\" content=\"WA\u015a LED unit red - LED side marker module for 12&amp;24 volt - WA\u015a W74.1 - truck, trailer and more - easy assembly\" \/>\n<meta property=\"og:url\" content=\"https:\/\/www.alldayled.com\/en\/product\/was-led-breedtelamp-unit-rood\/\" \/>\n<meta property=\"og:site_name\" content=\"All Day Led\" \/>\n<meta property=\"article:publisher\" content=\"https:\/\/www.facebook.com\/alldayled\/\" \/>\n<meta property=\"og:image\" content=\"https:\/\/www.alldayled.com\/wp-content\/uploads\/2021\/07\/ADL00545..png\" \/>\n\t<meta property=\"og:image:width\" content=\"800\" \/>\n\t<meta property=\"og:image:height\" content=\"600\" \/>\n\t<meta property=\"og:image:type\" content=\"image\/png\" \/>\n<meta name=\"twitter:label1\" content=\"Price\" \/>\n\t<meta name=\"twitter:data1\" content=\"&euro;&nbsp;17,95\" \/>\n\t<meta name=\"twitter:label2\" content=\"Availability\" \/>\n\t<meta name=\"twitter:data2\" content=\"In stock\" \/>\n<script type=\"application\/ld+json\" class=\"yoast-schema-graph\">{\"@context\":\"https:\/\/schema.org\",\"@graph\":[{\"@type\":\"WebPage\",\"@id\":\"https:\/\/www.alldayled.com\/en\/product\/was-led-breedtelamp-unit-rood\/\",\"url\":\"https:\/\/www.alldayled.com\/en\/product\/was-led-breedtelamp-unit-rood\/\",\"name\":\"WA\u015a LED unit red - side marker unit - All Day Led - for 12&24V\",\"isPartOf\":{\"@id\":\"https:\/\/www.alldayled.com\/en\/#website\"},\"primaryImageOfPage\":{\"@id\":\"https:\/\/www.alldayled.com\/en\/product\/was-led-breedtelamp-unit-rood\/#primaryimage\"},\"image\":{\"@id\":\"https:\/\/www.alldayled.com\/en\/product\/was-led-breedtelamp-unit-rood\/#primaryimage\"},\"thumbnailUrl\":\"https:\/\/www.alldayled.com\/wp-content\/uploads\/2021\/07\/ADL00545..png\",\"datePublished\":\"2021-07-09T11:46:01+00:00\",\"description\":\"WA\u015a LED unit red - LED side marker module for 12&24 volt - WA\u015a W74.1 - truck, trailer and more - easy assembly\",\"breadcrumb\":{\"@id\":\"https:\/\/www.alldayled.com\/en\/product\/was-led-breedtelamp-unit-rood\/#breadcrumb\"},\"inLanguage\":\"en-US\",\"potentialAction\":[{\"@type\":\"ReadAction\",\"target\":[\"https:\/\/www.alldayled.com\/en\/product\/was-led-breedtelamp-unit-rood\/\"]}]},{\"@type\":\"ImageObject\",\"inLanguage\":\"en-US\",\"@id\":\"https:\/\/www.alldayled.com\/en\/product\/was-led-breedtelamp-unit-rood\/#primaryimage\",\"url\":\"https:\/\/www.alldayled.com\/wp-content\/uploads\/2021\/07\/ADL00545..png\",\"contentUrl\":\"https:\/\/www.alldayled.com\/wp-content\/uploads\/2021\/07\/ADL00545..png\",\"width\":800,\"height\":600,\"caption\":\"WA\u015a LED unit red - suitable for Danish side marker unit - Strands Viking model - EAN: 5901323106606\"},{\"@type\":\"BreadcrumbList\",\"@id\":\"https:\/\/www.alldayled.com\/en\/product\/was-led-breedtelamp-unit-rood\/#breadcrumb\",\"itemListElement\":[{\"@type\":\"ListItem\",\"position\":1,\"name\":\"Home\",\"item\":\"https:\/\/www.alldayled.com\/en\/\"},{\"@type\":\"ListItem\",\"position\":2,\"name\":\"Shop\",\"item\":\"https:\/\/www.alldayled.com\/en\/shop\/\"},{\"@type\":\"ListItem\",\"position\":3,\"name\":\"Positionlamps\",\"item\":\"https:\/\/www.alldayled.com\/en\/product-category\/position-lights\/\"},{\"@type\":\"ListItem\",\"position\":4,\"name\":\"Side markers\",\"item\":\"https:\/\/www.alldayled.com\/en\/product-category\/position-lights\/breedtelampen\/\"},{\"@type\":\"ListItem\",\"position\":5,\"name\":\"WA\u015a LED side marker unit &#8211; red\"}]},{\"@type\":\"WebSite\",\"@id\":\"https:\/\/www.alldayled.com\/en\/#website\",\"url\":\"https:\/\/www.alldayled.com\/en\/\",\"name\":\"All Day Led\",\"description\":\"Verlichting voor 12&amp;24 volt gebruik\",\"publisher\":{\"@id\":\"https:\/\/www.alldayled.com\/en\/#organization\"},\"potentialAction\":[{\"@type\":\"SearchAction\",\"target\":{\"@type\":\"EntryPoint\",\"urlTemplate\":\"https:\/\/www.alldayled.com\/en\/?s={search_term_string}\"},\"query-input\":{\"@type\":\"PropertyValueSpecification\",\"valueRequired\":true,\"valueName\":\"search_term_string\"}}],\"inLanguage\":\"en-US\"},{\"@type\":\"Organization\",\"@id\":\"https:\/\/www.alldayled.com\/en\/#organization\",\"name\":\"All Day Led\",\"url\":\"https:\/\/www.alldayled.com\/en\/\",\"logo\":{\"@type\":\"ImageObject\",\"inLanguage\":\"en-US\",\"@id\":\"https:\/\/www.alldayled.com\/en\/#\/schema\/logo\/image\/\",\"url\":\"https:\/\/www.alldayled.com\/wp-content\/uploads\/2025\/10\/Logo-ALL-DAY-LED-800x800-zwart-witte-letters.png\",\"contentUrl\":\"https:\/\/www.alldayled.com\/wp-content\/uploads\/2025\/10\/Logo-ALL-DAY-LED-800x800-zwart-witte-letters.png\",\"width\":800,\"height\":800,\"caption\":\"All Day Led\"},\"image\":{\"@id\":\"https:\/\/www.alldayled.com\/en\/#\/schema\/logo\/image\/\"},\"sameAs\":[\"https:\/\/www.facebook.com\/alldayled\/\",\"https:\/\/www.instagram.com\/alldayled\/\"],\"vatID\":\"NL863960133B01\",\"taxID\":\"86416545\"}]}<\/script>\n<meta property=\"product:brand\" content=\"WA\u015a\" \/>\n<meta property=\"product:price:amount\" content=\"17.95\" \/>\n<meta property=\"product:price:currency\" content=\"EUR\" \/>\n<meta property=\"og:availability\" content=\"instock\" \/>\n<meta property=\"product:availability\" content=\"instock\" \/>\n<meta property=\"product:retailer_item_id\" content=\"ADL00545\" \/>\n<meta property=\"product:condition\" content=\"new\" \/>\n<!-- \/ Yoast SEO Premium plugin. -->","yoast_head_json":{"title":"WA\u015a LED unit red - side marker unit - All Day Led - for 12&24V","description":"WA\u015a LED unit red - LED side marker module for 12&24 volt - WA\u015a W74.1 - truck, trailer and more - easy assembly","robots":{"index":"index","follow":"follow","max-snippet":"max-snippet:-1","max-image-preview":"max-image-preview:large","max-video-preview":"max-video-preview:-1"},"canonical":"https:\/\/www.alldayled.com\/en\/product\/was-led-breedtelamp-unit-rood\/","og_locale":"en_US","og_type":"article","og_title":"WA\u015a LED unit red - side marker unit - All Day Led - for 12&24V","og_description":"WA\u015a LED unit red - LED side marker module for 12&24 volt - WA\u015a W74.1 - truck, trailer and more - easy assembly","og_url":"https:\/\/www.alldayled.com\/en\/product\/was-led-breedtelamp-unit-rood\/","og_site_name":"All Day Led","article_publisher":"https:\/\/www.facebook.com\/alldayled\/","og_image":[{"width":800,"height":600,"url":"https:\/\/www.alldayled.com\/wp-content\/uploads\/2021\/07\/ADL00545..png","type":"image\/png"}],"twitter_misc":{"Price":"&euro;&nbsp;17,95","Availability":"In stock"},"schema":{"@context":"https:\/\/schema.org","@graph":[{"@type":"WebPage","@id":"https:\/\/www.alldayled.com\/en\/product\/was-led-breedtelamp-unit-rood\/","url":"https:\/\/www.alldayled.com\/en\/product\/was-led-breedtelamp-unit-rood\/","name":"WA\u015a LED unit red - side marker unit - All Day Led - for 12&24V","isPartOf":{"@id":"https:\/\/www.alldayled.com\/en\/#website"},"primaryImageOfPage":{"@id":"https:\/\/www.alldayled.com\/en\/product\/was-led-breedtelamp-unit-rood\/#primaryimage"},"image":{"@id":"https:\/\/www.alldayled.com\/en\/product\/was-led-breedtelamp-unit-rood\/#primaryimage"},"thumbnailUrl":"https:\/\/www.alldayled.com\/wp-content\/uploads\/2021\/07\/ADL00545..png","datePublished":"2021-07-09T11:46:01+00:00","description":"WA\u015a LED unit red - LED side marker module for 12&24 volt - WA\u015a W74.1 - truck, trailer and more - easy assembly","breadcrumb":{"@id":"https:\/\/www.alldayled.com\/en\/product\/was-led-breedtelamp-unit-rood\/#breadcrumb"},"inLanguage":"en-US","potentialAction":[{"@type":"ReadAction","target":["https:\/\/www.alldayled.com\/en\/product\/was-led-breedtelamp-unit-rood\/"]}]},{"@type":"ImageObject","inLanguage":"en-US","@id":"https:\/\/www.alldayled.com\/en\/product\/was-led-breedtelamp-unit-rood\/#primaryimage","url":"https:\/\/www.alldayled.com\/wp-content\/uploads\/2021\/07\/ADL00545..png","contentUrl":"https:\/\/www.alldayled.com\/wp-content\/uploads\/2021\/07\/ADL00545..png","width":800,"height":600,"caption":"WA\u015a LED unit red - suitable for Danish side marker unit - Strands Viking model - EAN: 5901323106606"},{"@type":"BreadcrumbList","@id":"https:\/\/www.alldayled.com\/en\/product\/was-led-breedtelamp-unit-rood\/#breadcrumb","itemListElement":[{"@type":"ListItem","position":1,"name":"Home","item":"https:\/\/www.alldayled.com\/en\/"},{"@type":"ListItem","position":2,"name":"Shop","item":"https:\/\/www.alldayled.com\/en\/shop\/"},{"@type":"ListItem","position":3,"name":"Positionlamps","item":"https:\/\/www.alldayled.com\/en\/product-category\/position-lights\/"},{"@type":"ListItem","position":4,"name":"Side markers","item":"https:\/\/www.alldayled.com\/en\/product-category\/position-lights\/breedtelampen\/"},{"@type":"ListItem","position":5,"name":"WA\u015a LED side marker unit &#8211; red"}]},{"@type":"WebSite","@id":"https:\/\/www.alldayled.com\/en\/#website","url":"https:\/\/www.alldayled.com\/en\/","name":"All Day Led","description":"Verlichting voor 12&amp;24 volt gebruik","publisher":{"@id":"https:\/\/www.alldayled.com\/en\/#organization"},"potentialAction":[{"@type":"SearchAction","target":{"@type":"EntryPoint","urlTemplate":"https:\/\/www.alldayled.com\/en\/?s={search_term_string}"},"query-input":{"@type":"PropertyValueSpecification","valueRequired":true,"valueName":"search_term_string"}}],"inLanguage":"en-US"},{"@type":"Organization","@id":"https:\/\/www.alldayled.com\/en\/#organization","name":"All Day Led","url":"https:\/\/www.alldayled.com\/en\/","logo":{"@type":"ImageObject","inLanguage":"en-US","@id":"https:\/\/www.alldayled.com\/en\/#\/schema\/logo\/image\/","url":"https:\/\/www.alldayled.com\/wp-content\/uploads\/2025\/10\/Logo-ALL-DAY-LED-800x800-zwart-witte-letters.png","contentUrl":"https:\/\/www.alldayled.com\/wp-content\/uploads\/2025\/10\/Logo-ALL-DAY-LED-800x800-zwart-witte-letters.png","width":800,"height":800,"caption":"All Day Led"},"image":{"@id":"https:\/\/www.alldayled.com\/en\/#\/schema\/logo\/image\/"},"sameAs":["https:\/\/www.facebook.com\/alldayled\/","https:\/\/www.instagram.com\/alldayled\/"],"vatID":"NL863960133B01","taxID":"86416545"}]},"product_brand":"WA\u015a","product_price_amount":"17.95","product_price_currency":"EUR","og_availability":"instock","product_availability":"instock","product_retailer_item_id":"ADL00545","product_condition":"new"},"_links":{"self":[{"href":"https:\/\/www.alldayled.com\/en\/wp-json\/wp\/v2\/product\/67238","targetHints":{"allow":["GET"]}}],"collection":[{"href":"https:\/\/www.alldayled.com\/en\/wp-json\/wp\/v2\/product"}],"about":[{"href":"https:\/\/www.alldayled.com\/en\/wp-json\/wp\/v2\/types\/product"}],"replies":[{"embeddable":true,"href":"https:\/\/www.alldayled.com\/en\/wp-json\/wp\/v2\/comments?post=67238"}],"wp:featuredmedia":[{"embeddable":true,"href":"https:\/\/www.alldayled.com\/en\/wp-json\/wp\/v2\/media\/19568"}],"wp:attachment":[{"href":"https:\/\/www.alldayled.com\/en\/wp-json\/wp\/v2\/media?parent=67238"}],"wp:term":[{"taxonomy":"product_brand","embeddable":true,"href":"https:\/\/www.alldayled.com\/en\/wp-json\/wp\/v2\/product_brand?post=67238"},{"taxonomy":"product_cat","embeddable":true,"href":"https:\/\/www.alldayled.com\/en\/wp-json\/wp\/v2\/product_cat?post=67238"},{"taxonomy":"product_tag","embeddable":true,"href":"https:\/\/www.alldayled.com\/en\/wp-json\/wp\/v2\/product_tag?post=67238"}],"curies":[{"name":"wp","href":"https:\/\/api.w.org\/{rel}","templated":true}]}}