{"id":67256,"date":"2023-11-16T10:00:48","date_gmt":"2023-11-16T09:00:48","guid":{"rendered":"https:\/\/www.alldayled.com\/product\/was-w254-led-markeringslamp-wit\/"},"modified":"2026-01-22T14:38:01","modified_gmt":"2026-01-22T13:38:01","slug":"was-w254-led-markeringslamp-wit","status":"publish","type":"product","link":"https:\/\/www.alldayled.com\/en\/product\/was-w254-led-markeringslamp-wit\/","title":{"rendered":"WA\u015a W254 marker light white"},"content":{"rendered":"<p><span style=\"color: #000000;\"><strong>WA\u015a W254 marker light white with reflector, suitable for 12 and 24 volts. <\/strong><\/span><\/p>\n<p><span style=\"color: #000000;\">Do you want to equip your vehicle or trailer with a new or extra marker light and do you want it to have a reflector? But you don&#8217;t know which lamp suits you best? Perhaps the WA\u015a W254 marker light WHITE is the lamp you are looking for. The LED lamp has 16 small LED points that light up in a stripe shape in the color WHITE. Furthermore, the LED marker light works on 12 and 24 volts. This means that you can mount the LED lamp on, for example, your car, camper, truck, trailer or other type of vehicle.     <\/span><\/p>\n<p><span style=\"color: #000000;\">Because you want to be sure before purchasing that this is the lamp you are looking for. Below are a number of features of the LED marker light with reflector function. The marker light is equipped with, among other things, the ECE R10. The WA\u015a LED marker light WHITE also has the ECE R148 approval. This quality mark indicates that the LED lamp may be used as a position lamp.    <\/span><\/p>\n<h5><span style=\"color: #000000;\"><strong>Dimensions:<\/strong><\/span><\/h5>\n<p><span style=\"color: #000000;\">Because you want to be sure before purchasing that you can mount the LED lamp with right-angle mounting bracket and reflector where you want. We have listed the dimensions of the LED lamp below. The dimensions of the WA\u015a W254 marker light WHITE are as follows:  <\/span><\/p>\n<ul>\n<li><span style=\"color: #000000;\">Height: 36 mm (49 mm incl. holder)<\/span><\/li>\n<li><span style=\"color: #000000;\">Width: 103 mm<\/span><\/li>\n<li><span style=\"color: #000000;\">Thickness: 18 mm<\/span><\/li>\n<li><span style=\"color: #000000;\">Hole spacing: 75 mm<\/span><\/li>\n<\/ul>\n<h5><span style=\"color: #000000;\"><strong>Other colors:<\/strong><\/span><\/h5>\n<p><span style=\"color: #000000;\">Do you want to mount a WA\u015a LED marker light on your car, truck or trailer? But is the WA\u015a W254 marker light WHITE not the color you are looking for? Be aware that the WA\u015a W254 lamp is also available in other colors. See a list of the other colors below.   <\/span><\/p>\n<ul>\n<li><span style=\"color: #000000;\"><a style=\"color: #000000;\" href=\"https:\/\/www.alldayled.com\/en\/product\/was-w254-led-markeringslamp-oranje\/\"><strong>WA\u015a W254 LED marker light orange<\/strong><\/a><\/span><\/li>\n<li><span style=\"color: #000000;\"><a style=\"color: #000000;\" href=\"https:\/\/www.alldayled.com\/en\/product\/was-w254-led-markeringslamp-rood\/\"><strong>WA\u015a W254 LED marker light red<\/strong><\/a><\/span><\/li>\n<\/ul>\n<p><span style=\"color: #000000;\">After reading all the specifications, are you still not 100% convinced that the WA\u015a W254 marker light WHITE with mounting bracket and reflector is what you are looking for? Simply because the color, shape or length is not to your liking? Then view the complete range of the brand <a style=\"color: #000000;\" href=\"https:\/\/www.alldayled.com\/en\/brand\/product-was\/\">WA\u015a.<\/a>  <\/span><\/p>\n","protected":false},"excerpt":{"rendered":"<p>WA\u015a W254 marker light white with reflector, for 12 and 24 volts.<\/p>\n","protected":false},"featured_media":32396,"comment_status":"open","ping_status":"closed","template":"","meta":{"_acf_changed":false},"product_brand":[5690],"product_cat":[5195],"product_tag":[9109,9111,9116,9117,9268,9267,9114,9113,9166,9115,9449],"class_list":{"0":"post-67256","1":"product","2":"type-product","3":"status-publish","4":"has-post-thumbnail","6":"product_brand-product-was","7":"product_cat-markeringslampen","8":"product_tag-contour-lighting","9":"product_tag-led-marker-light","10":"product_tag-led-marker-light-12-volt","11":"product_tag-led-marker-light-24-volt","12":"product_tag-led-marker-light-white","13":"product_tag-led-marking-white","14":"product_tag-marker-light-camper","15":"product_tag-marker-light-trailer","16":"product_tag-marker-light-trailer-2","17":"product_tag-marker-light-truck","18":"product_tag-was-led-lighting","20":"first","21":"instock","22":"taxable","23":"shipping-taxable","24":"purchasable","25":"product-type-simple"},"acf":[],"yoast_head":"<!-- This site is optimized with the Yoast SEO Premium plugin v26.5 (Yoast SEO v27.1.1) - https:\/\/yoast.com\/product\/yoast-seo-premium-wordpress\/ -->\n<title>W254 marker light white - WA\u015a - All Day Led - suitable for 12&amp;24V<\/title>\n<meta name=\"description\" content=\"W254 marker light white - 12&amp;24 volt - marker light with NEON LOOK - car, truck, camper, trailer and more - with ECE R148 approval\" \/>\n<meta name=\"robots\" content=\"index, follow, max-snippet:-1, max-image-preview:large, max-video-preview:-1\" \/>\n<link rel=\"canonical\" href=\"https:\/\/www.alldayled.com\/en\/product\/was-w254-led-markeringslamp-wit\/\" \/>\n<meta property=\"og:locale\" content=\"en_US\" \/>\n<meta property=\"og:type\" content=\"article\" \/>\n<meta property=\"og:title\" content=\"W254 marker light white - WA\u015a - All Day Led - suitable for 12&amp;24V\" \/>\n<meta property=\"og:description\" content=\"W254 marker light white - 12&amp;24 volt - marker light with NEON LOOK - car, truck, camper, trailer and more - with ECE R148 approval\" \/>\n<meta property=\"og:url\" content=\"https:\/\/www.alldayled.com\/en\/product\/was-w254-led-markeringslamp-wit\/\" \/>\n<meta property=\"og:site_name\" content=\"All Day Led\" \/>\n<meta property=\"article:publisher\" content=\"https:\/\/www.facebook.com\/alldayled\/\" \/>\n<meta property=\"article:modified_time\" content=\"2026-01-22T13:38:01+00:00\" \/>\n<meta property=\"og:image\" content=\"https:\/\/www.alldayled.com\/wp-content\/uploads\/2023\/11\/ADL02035-SM-300x300.png\" \/>\n<meta name=\"twitter:label1\" content=\"Price\" \/>\n\t<meta name=\"twitter:data1\" content=\"&euro;&nbsp;9,75\" \/>\n\t<meta name=\"twitter:label2\" content=\"Availability\" \/>\n\t<meta name=\"twitter:data2\" content=\"In stock\" \/>\n<script type=\"application\/ld+json\" class=\"yoast-schema-graph\">{\"@context\":\"https:\/\/schema.org\",\"@graph\":[{\"@type\":\"WebPage\",\"@id\":\"https:\/\/www.alldayled.com\/en\/product\/was-w254-led-markeringslamp-wit\/\",\"url\":\"https:\/\/www.alldayled.com\/en\/product\/was-w254-led-markeringslamp-wit\/\",\"name\":\"W254 marker light white - WA\u015a - All Day Led - suitable for 12&24V\",\"isPartOf\":{\"@id\":\"https:\/\/www.alldayled.com\/en\/#website\"},\"primaryImageOfPage\":{\"@id\":\"https:\/\/www.alldayled.com\/en\/product\/was-w254-led-markeringslamp-wit\/#primaryimage\"},\"image\":{\"@id\":\"https:\/\/www.alldayled.com\/en\/product\/was-w254-led-markeringslamp-wit\/#primaryimage\"},\"thumbnailUrl\":\"https:\/\/www.alldayled.com\/wp-content\/uploads\/2024\/12\/ADL02035.png\",\"datePublished\":\"2023-11-16T09:00:48+00:00\",\"dateModified\":\"2026-01-22T13:38:01+00:00\",\"description\":\"W254 marker light white - 12&24 volt - marker light with NEON LOOK - car, truck, camper, trailer and more - with ECE R148 approval\",\"breadcrumb\":{\"@id\":\"https:\/\/www.alldayled.com\/en\/product\/was-w254-led-markeringslamp-wit\/#breadcrumb\"},\"inLanguage\":\"en-US\",\"potentialAction\":[{\"@type\":\"ReadAction\",\"target\":[\"https:\/\/www.alldayled.com\/en\/product\/was-w254-led-markeringslamp-wit\/\"]}]},{\"@type\":\"ImageObject\",\"inLanguage\":\"en-US\",\"@id\":\"https:\/\/www.alldayled.com\/en\/product\/was-w254-led-markeringslamp-wit\/#primaryimage\",\"url\":\"https:\/\/www.alldayled.com\/wp-content\/uploads\/2024\/12\/ADL02035.png\",\"contentUrl\":\"https:\/\/www.alldayled.com\/wp-content\/uploads\/2024\/12\/ADL02035.png\",\"width\":800,\"height\":600,\"caption\":\"WA\u015a W254 LED marker light WHITE - LED lamp with built-in reflector and ECE R148 approval - WA\u015a 2035 - lamp is suitable for 12 and 24 volt use - EAN: 5903098130312\"},{\"@type\":\"BreadcrumbList\",\"@id\":\"https:\/\/www.alldayled.com\/en\/product\/was-w254-led-markeringslamp-wit\/#breadcrumb\",\"itemListElement\":[{\"@type\":\"ListItem\",\"position\":1,\"name\":\"Home\",\"item\":\"https:\/\/www.alldayled.com\/en\/\"},{\"@type\":\"ListItem\",\"position\":2,\"name\":\"Shop\",\"item\":\"https:\/\/www.alldayled.com\/en\/shop\/\"},{\"@type\":\"ListItem\",\"position\":3,\"name\":\"Positionlamps\",\"item\":\"https:\/\/www.alldayled.com\/en\/product-category\/position-lights\/\"},{\"@type\":\"ListItem\",\"position\":4,\"name\":\"Marker lights\",\"item\":\"https:\/\/www.alldayled.com\/en\/product-category\/position-lights\/markeringslampen\/\"},{\"@type\":\"ListItem\",\"position\":5,\"name\":\"WA\u015a W254 marker light white\"}]},{\"@type\":\"WebSite\",\"@id\":\"https:\/\/www.alldayled.com\/en\/#website\",\"url\":\"https:\/\/www.alldayled.com\/en\/\",\"name\":\"All Day Led\",\"description\":\"Verlichting voor 12&amp;24 volt gebruik\",\"publisher\":{\"@id\":\"https:\/\/www.alldayled.com\/en\/#organization\"},\"potentialAction\":[{\"@type\":\"SearchAction\",\"target\":{\"@type\":\"EntryPoint\",\"urlTemplate\":\"https:\/\/www.alldayled.com\/en\/?s={search_term_string}\"},\"query-input\":{\"@type\":\"PropertyValueSpecification\",\"valueRequired\":true,\"valueName\":\"search_term_string\"}}],\"inLanguage\":\"en-US\"},{\"@type\":\"Organization\",\"@id\":\"https:\/\/www.alldayled.com\/en\/#organization\",\"name\":\"All Day Led\",\"url\":\"https:\/\/www.alldayled.com\/en\/\",\"logo\":{\"@type\":\"ImageObject\",\"inLanguage\":\"en-US\",\"@id\":\"https:\/\/www.alldayled.com\/en\/#\/schema\/logo\/image\/\",\"url\":\"https:\/\/www.alldayled.com\/wp-content\/uploads\/2025\/10\/Logo-ALL-DAY-LED-800x800-zwart-witte-letters.png\",\"contentUrl\":\"https:\/\/www.alldayled.com\/wp-content\/uploads\/2025\/10\/Logo-ALL-DAY-LED-800x800-zwart-witte-letters.png\",\"width\":800,\"height\":800,\"caption\":\"All Day Led\"},\"image\":{\"@id\":\"https:\/\/www.alldayled.com\/en\/#\/schema\/logo\/image\/\"},\"sameAs\":[\"https:\/\/www.facebook.com\/alldayled\/\",\"https:\/\/www.instagram.com\/alldayled\/\"],\"vatID\":\"NL863960133B01\",\"taxID\":\"86416545\"}]}<\/script>\n<meta property=\"product:brand\" content=\"WA\u015a\" \/>\n<meta property=\"product:price:amount\" content=\"9.75\" \/>\n<meta property=\"product:price:currency\" content=\"EUR\" \/>\n<meta property=\"og:availability\" content=\"instock\" \/>\n<meta property=\"product:availability\" content=\"instock\" \/>\n<meta property=\"product:retailer_item_id\" content=\"ADL02035\" \/>\n<meta property=\"product:condition\" content=\"new\" \/>\n<!-- \/ Yoast SEO Premium plugin. -->","yoast_head_json":{"title":"W254 marker light white - WA\u015a - All Day Led - suitable for 12&24V","description":"W254 marker light white - 12&24 volt - marker light with NEON LOOK - car, truck, camper, trailer and more - with ECE R148 approval","robots":{"index":"index","follow":"follow","max-snippet":"max-snippet:-1","max-image-preview":"max-image-preview:large","max-video-preview":"max-video-preview:-1"},"canonical":"https:\/\/www.alldayled.com\/en\/product\/was-w254-led-markeringslamp-wit\/","og_locale":"en_US","og_type":"article","og_title":"W254 marker light white - WA\u015a - All Day Led - suitable for 12&24V","og_description":"W254 marker light white - 12&24 volt - marker light with NEON LOOK - car, truck, camper, trailer and more - with ECE R148 approval","og_url":"https:\/\/www.alldayled.com\/en\/product\/was-w254-led-markeringslamp-wit\/","og_site_name":"All Day Led","article_publisher":"https:\/\/www.facebook.com\/alldayled\/","article_modified_time":"2026-01-22T13:38:01+00:00","og_image":[{"url":"https:\/\/www.alldayled.com\/wp-content\/uploads\/2023\/11\/ADL02035-SM-300x300.png","type":"","width":"","height":""}],"twitter_misc":{"Price":"&euro;&nbsp;9,75","Availability":"In stock"},"schema":{"@context":"https:\/\/schema.org","@graph":[{"@type":"WebPage","@id":"https:\/\/www.alldayled.com\/en\/product\/was-w254-led-markeringslamp-wit\/","url":"https:\/\/www.alldayled.com\/en\/product\/was-w254-led-markeringslamp-wit\/","name":"W254 marker light white - WA\u015a - All Day Led - suitable for 12&24V","isPartOf":{"@id":"https:\/\/www.alldayled.com\/en\/#website"},"primaryImageOfPage":{"@id":"https:\/\/www.alldayled.com\/en\/product\/was-w254-led-markeringslamp-wit\/#primaryimage"},"image":{"@id":"https:\/\/www.alldayled.com\/en\/product\/was-w254-led-markeringslamp-wit\/#primaryimage"},"thumbnailUrl":"https:\/\/www.alldayled.com\/wp-content\/uploads\/2024\/12\/ADL02035.png","datePublished":"2023-11-16T09:00:48+00:00","dateModified":"2026-01-22T13:38:01+00:00","description":"W254 marker light white - 12&24 volt - marker light with NEON LOOK - car, truck, camper, trailer and more - with ECE R148 approval","breadcrumb":{"@id":"https:\/\/www.alldayled.com\/en\/product\/was-w254-led-markeringslamp-wit\/#breadcrumb"},"inLanguage":"en-US","potentialAction":[{"@type":"ReadAction","target":["https:\/\/www.alldayled.com\/en\/product\/was-w254-led-markeringslamp-wit\/"]}]},{"@type":"ImageObject","inLanguage":"en-US","@id":"https:\/\/www.alldayled.com\/en\/product\/was-w254-led-markeringslamp-wit\/#primaryimage","url":"https:\/\/www.alldayled.com\/wp-content\/uploads\/2024\/12\/ADL02035.png","contentUrl":"https:\/\/www.alldayled.com\/wp-content\/uploads\/2024\/12\/ADL02035.png","width":800,"height":600,"caption":"WA\u015a W254 LED marker light WHITE - LED lamp with built-in reflector and ECE R148 approval - WA\u015a 2035 - lamp is suitable for 12 and 24 volt use - EAN: 5903098130312"},{"@type":"BreadcrumbList","@id":"https:\/\/www.alldayled.com\/en\/product\/was-w254-led-markeringslamp-wit\/#breadcrumb","itemListElement":[{"@type":"ListItem","position":1,"name":"Home","item":"https:\/\/www.alldayled.com\/en\/"},{"@type":"ListItem","position":2,"name":"Shop","item":"https:\/\/www.alldayled.com\/en\/shop\/"},{"@type":"ListItem","position":3,"name":"Positionlamps","item":"https:\/\/www.alldayled.com\/en\/product-category\/position-lights\/"},{"@type":"ListItem","position":4,"name":"Marker lights","item":"https:\/\/www.alldayled.com\/en\/product-category\/position-lights\/markeringslampen\/"},{"@type":"ListItem","position":5,"name":"WA\u015a W254 marker light white"}]},{"@type":"WebSite","@id":"https:\/\/www.alldayled.com\/en\/#website","url":"https:\/\/www.alldayled.com\/en\/","name":"All Day Led","description":"Verlichting voor 12&amp;24 volt gebruik","publisher":{"@id":"https:\/\/www.alldayled.com\/en\/#organization"},"potentialAction":[{"@type":"SearchAction","target":{"@type":"EntryPoint","urlTemplate":"https:\/\/www.alldayled.com\/en\/?s={search_term_string}"},"query-input":{"@type":"PropertyValueSpecification","valueRequired":true,"valueName":"search_term_string"}}],"inLanguage":"en-US"},{"@type":"Organization","@id":"https:\/\/www.alldayled.com\/en\/#organization","name":"All Day Led","url":"https:\/\/www.alldayled.com\/en\/","logo":{"@type":"ImageObject","inLanguage":"en-US","@id":"https:\/\/www.alldayled.com\/en\/#\/schema\/logo\/image\/","url":"https:\/\/www.alldayled.com\/wp-content\/uploads\/2025\/10\/Logo-ALL-DAY-LED-800x800-zwart-witte-letters.png","contentUrl":"https:\/\/www.alldayled.com\/wp-content\/uploads\/2025\/10\/Logo-ALL-DAY-LED-800x800-zwart-witte-letters.png","width":800,"height":800,"caption":"All Day Led"},"image":{"@id":"https:\/\/www.alldayled.com\/en\/#\/schema\/logo\/image\/"},"sameAs":["https:\/\/www.facebook.com\/alldayled\/","https:\/\/www.instagram.com\/alldayled\/"],"vatID":"NL863960133B01","taxID":"86416545"}]},"product_brand":"WA\u015a","product_price_amount":"9.75","product_price_currency":"EUR","og_availability":"instock","product_availability":"instock","product_retailer_item_id":"ADL02035","product_condition":"new"},"_links":{"self":[{"href":"https:\/\/www.alldayled.com\/en\/wp-json\/wp\/v2\/product\/67256","targetHints":{"allow":["GET"]}}],"collection":[{"href":"https:\/\/www.alldayled.com\/en\/wp-json\/wp\/v2\/product"}],"about":[{"href":"https:\/\/www.alldayled.com\/en\/wp-json\/wp\/v2\/types\/product"}],"replies":[{"embeddable":true,"href":"https:\/\/www.alldayled.com\/en\/wp-json\/wp\/v2\/comments?post=67256"}],"wp:featuredmedia":[{"embeddable":true,"href":"https:\/\/www.alldayled.com\/en\/wp-json\/wp\/v2\/media\/32396"}],"wp:attachment":[{"href":"https:\/\/www.alldayled.com\/en\/wp-json\/wp\/v2\/media?parent=67256"}],"wp:term":[{"taxonomy":"product_brand","embeddable":true,"href":"https:\/\/www.alldayled.com\/en\/wp-json\/wp\/v2\/product_brand?post=67256"},{"taxonomy":"product_cat","embeddable":true,"href":"https:\/\/www.alldayled.com\/en\/wp-json\/wp\/v2\/product_cat?post=67256"},{"taxonomy":"product_tag","embeddable":true,"href":"https:\/\/www.alldayled.com\/en\/wp-json\/wp\/v2\/product_tag?post=67256"}],"curies":[{"name":"wp","href":"https:\/\/api.w.org\/{rel}","templated":true}]}}