{"id":68450,"date":"2020-04-10T15:24:12","date_gmt":"2020-04-10T13:24:12","guid":{"rendered":"https:\/\/www.alldayled.com\/product\/led-breedtelamp-184mm-12-24v-rechts\/"},"modified":"2020-04-10T15:24:12","modified_gmt":"2020-04-10T13:24:12","slug":"led-breedtelamp-184mm-12-24v-rechts","status":"publish","type":"product","link":"https:\/\/www.alldayled.com\/en\/product\/led-breedtelamp-184mm-12-24v-rechts\/","title":{"rendered":"WA\u015a W48 LED side marker 184mm &#8211; RIGHT"},"content":{"rendered":"<p><span style=\"color: #000000;\"><strong>WA\u015a W48 LED side marker angled large RIGHT, suitable for 12 &amp; 24 volt.<\/strong><\/span><\/p>\n<p><span style=\"color: #000000;\">This WA\u015a LED side marker 184mm can be used on 12 and 24 volt. This allows you to mount it on your trailer, truck, trailer, tractor or camper\/caravan. The LED side marker operates up to 30 volt. This means it is protected against voltage spikes that can occur during vehicle startup. The LED lamp also has an E-mark, which means you may use the lamp on public roads.    <\/span><\/p>\n<p><span style=\"color: #000000;\">This LED lamp from the WAS brand is made of high-quality material. This ensures it will last for some time. In short, with this LED lamp mounted on the right side of your vehicle or trailer, you can be sure you can always safely hit the road. Should the side marker unexpectedly stop working, know that these lamps come standard with 1 year warranty. This is the right variant of this lamp, if you want to order this as a set you can <\/span><a style=\"color: #000000;\" href=\"https:\/\/www.alldayled.com\/en\/product\/led-breedtelamp-184mm-12-24v-links\/\">find <\/a><span style=\"color: #000000;\">the left variant here.<\/span><\/p>\n<h5><span style=\"color: #000000;\"><strong>Connection cable: <\/strong><\/span><\/h5>\n<p><span style=\"color: #000000;\">When purchasing this LED side marker right, you can choose between two different connection cable lengths. Depending on where and how you want to mount the side marker, you can determine the length of the connection cable. With this LED lamp you have the following options:  <\/span><\/p>\n<ul>\n<li><span style=\"color: #000000;\">20 Centimeter connection cable<\/span><\/li>\n<li><span style=\"color: #000000;\">2 Meter connection cable<\/span><\/li>\n<\/ul>\n<h5><span style=\"color: #000000;\"><strong>Dimensions:<\/strong><\/span><\/h5>\n<p><span style=\"color: #000000;\">The dimensions of this WA\u015a LED side marker angled right are as follows:<\/span><\/p>\n<ul>\n<li><span style=\"color: #000000;\">Height: 165 mm<\/span><\/li>\n<li><span style=\"color: #000000;\">Width: 184 mm<\/span><\/li>\n<li><span style=\"color: #000000;\">Thickness: 33 mm<\/span><\/li>\n<\/ul>\n<p><span style=\"color: #000000;\">Are you looking for an LED side marker but this one from WAS is not what you&#8217;re looking for? Then also check out the <a style=\"color: #000000;\" href=\"https:\/\/www.alldayled.com\/product-categorie\/positielampen\/breedtelampen\/\">side markers<\/a> page, perhaps you&#8217;ll find the model you&#8217;re looking for there. <\/span><\/p>\n","protected":false},"excerpt":{"rendered":"<p>WA\u015a W48 LED side marker angled large RIGHT, suitable for 12 &amp; 24 volt. This WA\u015a LED side marker 184mm can be used on 12 and 24 volt. This allows you to mount it on your trailer, truck, trailer, tractor or camper\/caravan. The LED side marker operates up to 30 volt. This means it is [&hellip;]<\/p>\n","protected":false},"featured_media":38735,"comment_status":"open","ping_status":"closed","template":"","meta":{"_acf_changed":false},"product_brand":[5690],"product_cat":[5134],"product_tag":[9251,5142,5143,5144,9481,9482,9483,9449,5136,5138],"class_list":{"0":"post-68450","1":"product","2":"type-product","3":"status-publish","4":"has-post-thumbnail","6":"product_brand-product-was","7":"product_cat-breedtelampen","8":"product_tag-led-marker-light-2","9":"product_tag-led-width-lamp-12-volt","10":"product_tag-led-width-lamp-24-volts","11":"product_tag-led-width-light","12":"product_tag-side-light-trailer","13":"product_tag-side-light-truck","14":"product_tag-side-marker-trailer","15":"product_tag-was-led-lighting","16":"product_tag-width-lamp-camper","17":"product_tag-width-lamp-truck","19":"first","20":"instock","21":"taxable","22":"shipping-taxable","23":"purchasable","24":"product-type-variable"},"acf":[],"yoast_head":"<!-- This site is optimized with the Yoast SEO Premium plugin v26.5 (Yoast SEO v27.1.1) - https:\/\/yoast.com\/product\/yoast-seo-premium-wordpress\/ -->\n<title>LED side marker angled right from WA\u015a - All Day Led - 12&amp;24 Volt<\/title>\n<meta name=\"description\" content=\"WA\u015a LED side marker angled RIGHT 184mm - LED side marker - 12&amp;24 volt - with E-mark - truck, tractor, trailer, trailer and more\" \/>\n<meta name=\"robots\" content=\"index, follow, max-snippet:-1, max-image-preview:large, max-video-preview:-1\" \/>\n<link rel=\"canonical\" href=\"https:\/\/www.alldayled.com\/en\/product\/led-breedtelamp-184mm-12-24v-rechts\/\" \/>\n<meta property=\"og:locale\" content=\"en_US\" \/>\n<meta property=\"og:type\" content=\"article\" \/>\n<meta property=\"og:title\" content=\"WA\u015a W48 LED side marker 184mm - RIGHT\" \/>\n<meta property=\"og:description\" content=\"WA\u015a W48 LED side marker angled large RIGHT, suitable for 12 &amp; 24 volt. This WA\u015a LED side marker 184mm can be used on 12 and 24 volt. This allows you\" \/>\n<meta property=\"og:url\" content=\"https:\/\/www.alldayled.com\/en\/product\/led-breedtelamp-184mm-12-24v-rechts\/\" \/>\n<meta property=\"og:site_name\" content=\"All Day Led\" \/>\n<meta property=\"article:publisher\" content=\"https:\/\/www.facebook.com\/alldayled\/\" \/>\n<meta property=\"og:image\" content=\"https:\/\/www.alldayled.com\/wp-content\/uploads\/2025\/10\/ADL10238-R-WAS.jpg\" \/>\n\t<meta property=\"og:image:width\" content=\"800\" \/>\n\t<meta property=\"og:image:height\" content=\"600\" \/>\n\t<meta property=\"og:image:type\" content=\"image\/jpeg\" \/>\n<meta name=\"twitter:label1\" content=\"Availability\" \/>\n\t<meta name=\"twitter:data1\" content=\"In stock\" \/>\n<script type=\"application\/ld+json\" class=\"yoast-schema-graph\">{\"@context\":\"https:\/\/schema.org\",\"@graph\":[{\"@type\":\"WebPage\",\"@id\":\"https:\/\/www.alldayled.com\/en\/product\/led-breedtelamp-184mm-12-24v-rechts\/\",\"url\":\"https:\/\/www.alldayled.com\/en\/product\/led-breedtelamp-184mm-12-24v-rechts\/\",\"name\":\"LED side marker angled right from WA\u015a - All Day Led - 12&24 Volt\",\"isPartOf\":{\"@id\":\"https:\/\/www.alldayled.com\/en\/#website\"},\"primaryImageOfPage\":{\"@id\":\"https:\/\/www.alldayled.com\/en\/product\/led-breedtelamp-184mm-12-24v-rechts\/#primaryimage\"},\"image\":{\"@id\":\"https:\/\/www.alldayled.com\/en\/product\/led-breedtelamp-184mm-12-24v-rechts\/#primaryimage\"},\"thumbnailUrl\":\"https:\/\/www.alldayled.com\/wp-content\/uploads\/2025\/10\/ADL10238-R-WAS.jpg\",\"datePublished\":\"2020-04-10T13:24:12+00:00\",\"description\":\"WA\u015a LED side marker angled RIGHT 184mm - LED side marker - 12&24 volt - with E-mark - truck, tractor, trailer, trailer and more\",\"breadcrumb\":{\"@id\":\"https:\/\/www.alldayled.com\/en\/product\/led-breedtelamp-184mm-12-24v-rechts\/#breadcrumb\"},\"inLanguage\":\"en-US\",\"potentialAction\":[{\"@type\":\"ReadAction\",\"target\":[\"https:\/\/www.alldayled.com\/en\/product\/led-breedtelamp-184mm-12-24v-rechts\/\"]}]},{\"@type\":\"ImageObject\",\"inLanguage\":\"en-US\",\"@id\":\"https:\/\/www.alldayled.com\/en\/product\/led-breedtelamp-184mm-12-24v-rechts\/#primaryimage\",\"url\":\"https:\/\/www.alldayled.com\/wp-content\/uploads\/2025\/10\/ADL10238-R-WAS.jpg\",\"contentUrl\":\"https:\/\/www.alldayled.com\/wp-content\/uploads\/2025\/10\/ADL10238-R-WAS.jpg\",\"width\":800,\"height\":600},{\"@type\":\"BreadcrumbList\",\"@id\":\"https:\/\/www.alldayled.com\/en\/product\/led-breedtelamp-184mm-12-24v-rechts\/#breadcrumb\",\"itemListElement\":[{\"@type\":\"ListItem\",\"position\":1,\"name\":\"Home\",\"item\":\"https:\/\/www.alldayled.com\/en\/\"},{\"@type\":\"ListItem\",\"position\":2,\"name\":\"Shop\",\"item\":\"https:\/\/www.alldayled.com\/en\/shop\/\"},{\"@type\":\"ListItem\",\"position\":3,\"name\":\"Positionlamps\",\"item\":\"https:\/\/www.alldayled.com\/en\/product-category\/position-lights\/\"},{\"@type\":\"ListItem\",\"position\":4,\"name\":\"Side markers\",\"item\":\"https:\/\/www.alldayled.com\/en\/product-category\/position-lights\/breedtelampen\/\"},{\"@type\":\"ListItem\",\"position\":5,\"name\":\"WA\u015a W48 LED side marker 184mm &#8211; RIGHT\"}]},{\"@type\":\"WebSite\",\"@id\":\"https:\/\/www.alldayled.com\/en\/#website\",\"url\":\"https:\/\/www.alldayled.com\/en\/\",\"name\":\"All Day Led\",\"description\":\"Verlichting voor 12&amp;24 volt gebruik\",\"publisher\":{\"@id\":\"https:\/\/www.alldayled.com\/en\/#organization\"},\"potentialAction\":[{\"@type\":\"SearchAction\",\"target\":{\"@type\":\"EntryPoint\",\"urlTemplate\":\"https:\/\/www.alldayled.com\/en\/?s={search_term_string}\"},\"query-input\":{\"@type\":\"PropertyValueSpecification\",\"valueRequired\":true,\"valueName\":\"search_term_string\"}}],\"inLanguage\":\"en-US\"},{\"@type\":\"Organization\",\"@id\":\"https:\/\/www.alldayled.com\/en\/#organization\",\"name\":\"All Day Led\",\"url\":\"https:\/\/www.alldayled.com\/en\/\",\"logo\":{\"@type\":\"ImageObject\",\"inLanguage\":\"en-US\",\"@id\":\"https:\/\/www.alldayled.com\/en\/#\/schema\/logo\/image\/\",\"url\":\"https:\/\/www.alldayled.com\/wp-content\/uploads\/2025\/10\/Logo-ALL-DAY-LED-800x800-zwart-witte-letters.png\",\"contentUrl\":\"https:\/\/www.alldayled.com\/wp-content\/uploads\/2025\/10\/Logo-ALL-DAY-LED-800x800-zwart-witte-letters.png\",\"width\":800,\"height\":800,\"caption\":\"All Day Led\"},\"image\":{\"@id\":\"https:\/\/www.alldayled.com\/en\/#\/schema\/logo\/image\/\"},\"sameAs\":[\"https:\/\/www.facebook.com\/alldayled\/\",\"https:\/\/www.instagram.com\/alldayled\/\"],\"vatID\":\"NL863960133B01\",\"taxID\":\"86416545\"}]}<\/script>\n<meta property=\"product:brand\" content=\"WA\u015a\" \/>\n<meta property=\"og:availability\" content=\"instock\" \/>\n<meta property=\"product:availability\" content=\"instock\" \/>\n<meta property=\"product:retailer_item_id\" content=\"ADL10238R\" \/>\n<meta property=\"product:condition\" content=\"new\" \/>\n<!-- \/ Yoast SEO Premium plugin. -->","yoast_head_json":{"title":"LED side marker angled right from WA\u015a - All Day Led - 12&24 Volt","description":"WA\u015a LED side marker angled RIGHT 184mm - LED side marker - 12&24 volt - with E-mark - truck, tractor, trailer, trailer and more","robots":{"index":"index","follow":"follow","max-snippet":"max-snippet:-1","max-image-preview":"max-image-preview:large","max-video-preview":"max-video-preview:-1"},"canonical":"https:\/\/www.alldayled.com\/en\/product\/led-breedtelamp-184mm-12-24v-rechts\/","og_locale":"en_US","og_type":"article","og_title":"WA\u015a W48 LED side marker 184mm - RIGHT","og_description":"WA\u015a W48 LED side marker angled large RIGHT, suitable for 12 &amp; 24 volt. This WA\u015a LED side marker 184mm can be used on 12 and 24 volt. This allows you","og_url":"https:\/\/www.alldayled.com\/en\/product\/led-breedtelamp-184mm-12-24v-rechts\/","og_site_name":"All Day Led","article_publisher":"https:\/\/www.facebook.com\/alldayled\/","og_image":[{"width":800,"height":600,"url":"https:\/\/www.alldayled.com\/wp-content\/uploads\/2025\/10\/ADL10238-R-WAS.jpg","type":"image\/jpeg"}],"twitter_misc":{"Availability":"In stock"},"schema":{"@context":"https:\/\/schema.org","@graph":[{"@type":"WebPage","@id":"https:\/\/www.alldayled.com\/en\/product\/led-breedtelamp-184mm-12-24v-rechts\/","url":"https:\/\/www.alldayled.com\/en\/product\/led-breedtelamp-184mm-12-24v-rechts\/","name":"LED side marker angled right from WA\u015a - All Day Led - 12&24 Volt","isPartOf":{"@id":"https:\/\/www.alldayled.com\/en\/#website"},"primaryImageOfPage":{"@id":"https:\/\/www.alldayled.com\/en\/product\/led-breedtelamp-184mm-12-24v-rechts\/#primaryimage"},"image":{"@id":"https:\/\/www.alldayled.com\/en\/product\/led-breedtelamp-184mm-12-24v-rechts\/#primaryimage"},"thumbnailUrl":"https:\/\/www.alldayled.com\/wp-content\/uploads\/2025\/10\/ADL10238-R-WAS.jpg","datePublished":"2020-04-10T13:24:12+00:00","description":"WA\u015a LED side marker angled RIGHT 184mm - LED side marker - 12&24 volt - with E-mark - truck, tractor, trailer, trailer and more","breadcrumb":{"@id":"https:\/\/www.alldayled.com\/en\/product\/led-breedtelamp-184mm-12-24v-rechts\/#breadcrumb"},"inLanguage":"en-US","potentialAction":[{"@type":"ReadAction","target":["https:\/\/www.alldayled.com\/en\/product\/led-breedtelamp-184mm-12-24v-rechts\/"]}]},{"@type":"ImageObject","inLanguage":"en-US","@id":"https:\/\/www.alldayled.com\/en\/product\/led-breedtelamp-184mm-12-24v-rechts\/#primaryimage","url":"https:\/\/www.alldayled.com\/wp-content\/uploads\/2025\/10\/ADL10238-R-WAS.jpg","contentUrl":"https:\/\/www.alldayled.com\/wp-content\/uploads\/2025\/10\/ADL10238-R-WAS.jpg","width":800,"height":600},{"@type":"BreadcrumbList","@id":"https:\/\/www.alldayled.com\/en\/product\/led-breedtelamp-184mm-12-24v-rechts\/#breadcrumb","itemListElement":[{"@type":"ListItem","position":1,"name":"Home","item":"https:\/\/www.alldayled.com\/en\/"},{"@type":"ListItem","position":2,"name":"Shop","item":"https:\/\/www.alldayled.com\/en\/shop\/"},{"@type":"ListItem","position":3,"name":"Positionlamps","item":"https:\/\/www.alldayled.com\/en\/product-category\/position-lights\/"},{"@type":"ListItem","position":4,"name":"Side markers","item":"https:\/\/www.alldayled.com\/en\/product-category\/position-lights\/breedtelampen\/"},{"@type":"ListItem","position":5,"name":"WA\u015a W48 LED side marker 184mm &#8211; RIGHT"}]},{"@type":"WebSite","@id":"https:\/\/www.alldayled.com\/en\/#website","url":"https:\/\/www.alldayled.com\/en\/","name":"All Day Led","description":"Verlichting voor 12&amp;24 volt gebruik","publisher":{"@id":"https:\/\/www.alldayled.com\/en\/#organization"},"potentialAction":[{"@type":"SearchAction","target":{"@type":"EntryPoint","urlTemplate":"https:\/\/www.alldayled.com\/en\/?s={search_term_string}"},"query-input":{"@type":"PropertyValueSpecification","valueRequired":true,"valueName":"search_term_string"}}],"inLanguage":"en-US"},{"@type":"Organization","@id":"https:\/\/www.alldayled.com\/en\/#organization","name":"All Day Led","url":"https:\/\/www.alldayled.com\/en\/","logo":{"@type":"ImageObject","inLanguage":"en-US","@id":"https:\/\/www.alldayled.com\/en\/#\/schema\/logo\/image\/","url":"https:\/\/www.alldayled.com\/wp-content\/uploads\/2025\/10\/Logo-ALL-DAY-LED-800x800-zwart-witte-letters.png","contentUrl":"https:\/\/www.alldayled.com\/wp-content\/uploads\/2025\/10\/Logo-ALL-DAY-LED-800x800-zwart-witte-letters.png","width":800,"height":800,"caption":"All Day Led"},"image":{"@id":"https:\/\/www.alldayled.com\/en\/#\/schema\/logo\/image\/"},"sameAs":["https:\/\/www.facebook.com\/alldayled\/","https:\/\/www.instagram.com\/alldayled\/"],"vatID":"NL863960133B01","taxID":"86416545"}]},"product_brand":"WA\u015a","og_availability":"instock","product_availability":"instock","product_retailer_item_id":"ADL10238R","product_condition":"new"},"_links":{"self":[{"href":"https:\/\/www.alldayled.com\/en\/wp-json\/wp\/v2\/product\/68450","targetHints":{"allow":["GET"]}}],"collection":[{"href":"https:\/\/www.alldayled.com\/en\/wp-json\/wp\/v2\/product"}],"about":[{"href":"https:\/\/www.alldayled.com\/en\/wp-json\/wp\/v2\/types\/product"}],"replies":[{"embeddable":true,"href":"https:\/\/www.alldayled.com\/en\/wp-json\/wp\/v2\/comments?post=68450"}],"wp:featuredmedia":[{"embeddable":true,"href":"https:\/\/www.alldayled.com\/en\/wp-json\/wp\/v2\/media\/38735"}],"wp:attachment":[{"href":"https:\/\/www.alldayled.com\/en\/wp-json\/wp\/v2\/media?parent=68450"}],"wp:term":[{"taxonomy":"product_brand","embeddable":true,"href":"https:\/\/www.alldayled.com\/en\/wp-json\/wp\/v2\/product_brand?post=68450"},{"taxonomy":"product_cat","embeddable":true,"href":"https:\/\/www.alldayled.com\/en\/wp-json\/wp\/v2\/product_cat?post=68450"},{"taxonomy":"product_tag","embeddable":true,"href":"https:\/\/www.alldayled.com\/en\/wp-json\/wp\/v2\/product_tag?post=68450"}],"curies":[{"name":"wp","href":"https:\/\/api.w.org\/{rel}","templated":true}]}}