{"id":79344,"date":"2025-12-17T15:45:49","date_gmt":"2025-12-17T14:45:49","guid":{"rendered":"https:\/\/www.alldayled.com\/product\/was-w275-2-markeringslamp-rood\/"},"modified":"2025-12-17T15:45:49","modified_gmt":"2025-12-17T14:45:49","slug":"was-w275-2-markeringslamp-rood","status":"publish","type":"product","link":"https:\/\/www.alldayled.com\/en\/product\/was-w275-2-markeringslamp-rood\/","title":{"rendered":"WA\u015a W275.2 marker light red"},"content":{"rendered":"<p><span style=\"color: #000000;\"><strong>WA\u015a W275.2 black marker light red, for 12 and 24 volts.<\/strong><\/span><\/p>\n<p><span style=\"color: #000000;\">Are you looking for a striking LED marker light? Then the WA\u015a W275.2 marker light red might be exactly what you are looking for. This light has a tough smoke housing and 12 LED points that together give an even, round glow. This light can be mounted both horizontally and vertically, giving you maximum flexibility when placing it on your vehicle. Moreover, the light works on 12 and 24 volts, so you can easily mount it on various vehicles, such as cars, trucks, campers or trailers.    <\/span><\/p>\n<p><span style=\"color: #000000;\">To be sure that the WA\u015a W275.2 marker light red is suitable for your vehicle, we have listed the most important properties below. The light is equipped with the ECE R10 mark, which means that it does not cause interference with, for example, your radio signal. In short, with this LED marker light you choose a safe, reliable and stylish solution for your vehicle lighting.  <\/span><\/p>\n<h5><span style=\"color: #000000;\"><strong>Dimensions:<\/strong><\/span><\/h5>\n<p><span style=\"color: #000000;\">Do you want to be sure that you can place the light exactly where you want? No problem! Below you will find the dimensions of the WA\u015a W275.2 marker light red, so you can immediately see if it fits on your vehicle.<\/span><\/p>\n<ul>\n<li><span style=\"color: #000000;\">Length: 84 mm (incl. mounting rubber)<\/span><\/li>\n<li><span style=\"color: #000000;\">Height: 24 mm<\/span><\/li>\n<li><span style=\"color: #000000;\">Thickness: 10.4 mm<\/span><\/li>\n<li><span style=\"color: #000000;\">Center-to-center: 61 mm<\/span><\/li>\n<\/ul>\n<h5><span style=\"color: #000000;\"><strong>Other colors:<\/strong><\/span><\/h5>\n<p><span style=\"color: #000000;\">Are you looking for this size of light, but is red not the color you want? Don&#8217;t worry! This WA\u015a LED marker light with smoke housing is also available in the following colors:  <\/span><\/p>\n<ul>\n<li><a href=\"https:\/\/www.alldayled.com\/en\/product\/was-w275-2-markeringslamp-oranje\/\"><span style=\"color: #000000;\"><strong>W275.2 marker light orange<\/strong><\/span><\/a><\/li>\n<li><a href=\"https:\/\/www.alldayled.com\/en\/product\/was-w275-2-markeringslamp-wit\/\"><span style=\"color: #000000;\"><strong>W275.2 marker light white<\/strong><\/span><\/a><\/li>\n<\/ul>\n<p><span style=\"color: #000000;\">Are you still not convinced that the WA\u015a W272.2 LED marker light red is what you are looking for? Simply because the light output, wattage or shape is not to your liking? Then view the complete range of <a style=\"color: #000000;\" href=\"https:\/\/www.alldayled.com\/en\/brand\/product-was\/\" target=\"_blank\" rel=\"noopener\">WA\u015a<\/a> here. You may find the model lamp you are looking for here.   <\/span><\/p>\n","protected":false},"excerpt":{"rendered":"<p><span style=\"color: #000000;\">WA\u015a W275.2 smoke marker light red, suitable for 12 &amp; 24 volts.<\/span><\/p>\n","protected":false},"featured_media":78704,"comment_status":"open","ping_status":"closed","template":"","meta":{"_acf_changed":false},"product_brand":[5690],"product_cat":[5195],"product_tag":[],"class_list":{"0":"post-79344","1":"product","2":"type-product","3":"status-publish","4":"has-post-thumbnail","6":"product_brand-product-was","7":"product_cat-markeringslampen","9":"first","10":"instock","11":"taxable","12":"shipping-taxable","13":"purchasable","14":"product-type-simple"},"acf":[],"yoast_head":"<!-- This site is optimized with the Yoast SEO Premium plugin v26.5 (Yoast SEO v27.1.1) - https:\/\/yoast.com\/product\/yoast-seo-premium-wordpress\/ -->\n<title>WA\u015a W275.2 marker light red - All Day Led - for 12&amp;24V use<\/title>\n<meta name=\"description\" content=\"WA\u015a W275.2 marker light red - for car, truck, camper, tractor and more - 12 &amp; 24 volt - SMOKE LENS - WA\u015a BLACK product group\" \/>\n<meta name=\"robots\" content=\"index, follow, max-snippet:-1, max-image-preview:large, max-video-preview:-1\" \/>\n<link rel=\"canonical\" href=\"https:\/\/www.alldayled.com\/en\/product\/was-w275-2-markeringslamp-rood\/\" \/>\n<meta property=\"og:locale\" content=\"en_US\" \/>\n<meta property=\"og:type\" content=\"article\" \/>\n<meta property=\"og:title\" content=\"WA\u015a W275.2 marker light red - All Day Led - for 12&amp;24V use\" \/>\n<meta property=\"og:description\" content=\"WA\u015a W275.2 marker light red - for car, truck, camper, tractor and more - 12 &amp; 24 volt - SMOKE LENS - WA\u015a BLACK product group\" \/>\n<meta property=\"og:url\" content=\"https:\/\/www.alldayled.com\/en\/product\/was-w275-2-markeringslamp-rood\/\" \/>\n<meta property=\"og:site_name\" content=\"All Day Led\" \/>\n<meta property=\"article:publisher\" content=\"https:\/\/www.facebook.com\/alldayled\/\" \/>\n<meta property=\"og:image\" content=\"https:\/\/www.alldayled.com\/wp-content\/uploads\/2025\/12\/ADL02337-SM-300x300.png\" \/>\n<meta name=\"twitter:label1\" content=\"Price\" \/>\n\t<meta name=\"twitter:data1\" content=\"&euro;&nbsp;9,95\" \/>\n\t<meta name=\"twitter:label2\" content=\"Availability\" \/>\n\t<meta name=\"twitter:data2\" content=\"In stock\" \/>\n<script type=\"application\/ld+json\" class=\"yoast-schema-graph\">{\"@context\":\"https:\/\/schema.org\",\"@graph\":[{\"@type\":\"WebPage\",\"@id\":\"https:\/\/www.alldayled.com\/en\/product\/was-w275-2-markeringslamp-rood\/\",\"url\":\"https:\/\/www.alldayled.com\/en\/product\/was-w275-2-markeringslamp-rood\/\",\"name\":\"WA\u015a W275.2 marker light red - All Day Led - for 12&24V use\",\"isPartOf\":{\"@id\":\"https:\/\/www.alldayled.com\/en\/#website\"},\"primaryImageOfPage\":{\"@id\":\"https:\/\/www.alldayled.com\/en\/product\/was-w275-2-markeringslamp-rood\/#primaryimage\"},\"image\":{\"@id\":\"https:\/\/www.alldayled.com\/en\/product\/was-w275-2-markeringslamp-rood\/#primaryimage\"},\"thumbnailUrl\":\"https:\/\/www.alldayled.com\/wp-content\/uploads\/2025\/12\/ADL02337.png\",\"datePublished\":\"2025-12-17T14:45:49+00:00\",\"description\":\"WA\u015a W275.2 marker light red - for car, truck, camper, tractor and more - 12 & 24 volt - SMOKE LENS - WA\u015a BLACK product group\",\"breadcrumb\":{\"@id\":\"https:\/\/www.alldayled.com\/en\/product\/was-w275-2-markeringslamp-rood\/#breadcrumb\"},\"inLanguage\":\"en-US\",\"potentialAction\":[{\"@type\":\"ReadAction\",\"target\":[\"https:\/\/www.alldayled.com\/en\/product\/was-w275-2-markeringslamp-rood\/\"]}]},{\"@type\":\"ImageObject\",\"inLanguage\":\"en-US\",\"@id\":\"https:\/\/www.alldayled.com\/en\/product\/was-w275-2-markeringslamp-rood\/#primaryimage\",\"url\":\"https:\/\/www.alldayled.com\/wp-content\/uploads\/2025\/12\/ADL02337.png\",\"contentUrl\":\"https:\/\/www.alldayled.com\/wp-content\/uploads\/2025\/12\/ADL02337.png\",\"width\":800,\"height\":600,\"caption\":\"WA\u015a W275.2 marker light red - for car, truck, camper, tractor and more - 12 &amp; 24 volt - SMOKE LENS - WA\u015a BLACK product group\"},{\"@type\":\"BreadcrumbList\",\"@id\":\"https:\/\/www.alldayled.com\/en\/product\/was-w275-2-markeringslamp-rood\/#breadcrumb\",\"itemListElement\":[{\"@type\":\"ListItem\",\"position\":1,\"name\":\"Home\",\"item\":\"https:\/\/www.alldayled.com\/en\/\"},{\"@type\":\"ListItem\",\"position\":2,\"name\":\"Shop\",\"item\":\"https:\/\/www.alldayled.com\/en\/shop\/\"},{\"@type\":\"ListItem\",\"position\":3,\"name\":\"WA\u015a W275.2 marker light red\"}]},{\"@type\":\"WebSite\",\"@id\":\"https:\/\/www.alldayled.com\/en\/#website\",\"url\":\"https:\/\/www.alldayled.com\/en\/\",\"name\":\"All Day Led\",\"description\":\"Verlichting voor 12&amp;24 volt gebruik\",\"publisher\":{\"@id\":\"https:\/\/www.alldayled.com\/en\/#organization\"},\"potentialAction\":[{\"@type\":\"SearchAction\",\"target\":{\"@type\":\"EntryPoint\",\"urlTemplate\":\"https:\/\/www.alldayled.com\/en\/?s={search_term_string}\"},\"query-input\":{\"@type\":\"PropertyValueSpecification\",\"valueRequired\":true,\"valueName\":\"search_term_string\"}}],\"inLanguage\":\"en-US\"},{\"@type\":\"Organization\",\"@id\":\"https:\/\/www.alldayled.com\/en\/#organization\",\"name\":\"All Day Led\",\"url\":\"https:\/\/www.alldayled.com\/en\/\",\"logo\":{\"@type\":\"ImageObject\",\"inLanguage\":\"en-US\",\"@id\":\"https:\/\/www.alldayled.com\/en\/#\/schema\/logo\/image\/\",\"url\":\"https:\/\/www.alldayled.com\/wp-content\/uploads\/2025\/10\/Logo-ALL-DAY-LED-800x800-zwart-witte-letters.png\",\"contentUrl\":\"https:\/\/www.alldayled.com\/wp-content\/uploads\/2025\/10\/Logo-ALL-DAY-LED-800x800-zwart-witte-letters.png\",\"width\":800,\"height\":800,\"caption\":\"All Day Led\"},\"image\":{\"@id\":\"https:\/\/www.alldayled.com\/en\/#\/schema\/logo\/image\/\"},\"sameAs\":[\"https:\/\/www.facebook.com\/alldayled\/\",\"https:\/\/www.instagram.com\/alldayled\/\"],\"vatID\":\"NL863960133B01\",\"taxID\":\"86416545\"}]}<\/script>\n<meta property=\"product:brand\" content=\"WA\u015a\" \/>\n<meta property=\"product:price:amount\" content=\"9.95\" \/>\n<meta property=\"product:price:currency\" content=\"EUR\" \/>\n<meta property=\"og:availability\" content=\"instock\" \/>\n<meta property=\"product:availability\" content=\"instock\" \/>\n<meta property=\"product:retailer_item_id\" content=\"ADL02337\" \/>\n<meta property=\"product:condition\" content=\"new\" \/>\n<!-- \/ Yoast SEO Premium plugin. -->","yoast_head_json":{"title":"WA\u015a W275.2 marker light red - All Day Led - for 12&24V use","description":"WA\u015a W275.2 marker light red - for car, truck, camper, tractor and more - 12 & 24 volt - SMOKE LENS - WA\u015a BLACK product group","robots":{"index":"index","follow":"follow","max-snippet":"max-snippet:-1","max-image-preview":"max-image-preview:large","max-video-preview":"max-video-preview:-1"},"canonical":"https:\/\/www.alldayled.com\/en\/product\/was-w275-2-markeringslamp-rood\/","og_locale":"en_US","og_type":"article","og_title":"WA\u015a W275.2 marker light red - All Day Led - for 12&24V use","og_description":"WA\u015a W275.2 marker light red - for car, truck, camper, tractor and more - 12 & 24 volt - SMOKE LENS - WA\u015a BLACK product group","og_url":"https:\/\/www.alldayled.com\/en\/product\/was-w275-2-markeringslamp-rood\/","og_site_name":"All Day Led","article_publisher":"https:\/\/www.facebook.com\/alldayled\/","og_image":[{"url":"https:\/\/www.alldayled.com\/wp-content\/uploads\/2025\/12\/ADL02337-SM-300x300.png","type":"","width":"","height":""}],"twitter_misc":{"Price":"&euro;&nbsp;9,95","Availability":"In stock"},"schema":{"@context":"https:\/\/schema.org","@graph":[{"@type":"WebPage","@id":"https:\/\/www.alldayled.com\/en\/product\/was-w275-2-markeringslamp-rood\/","url":"https:\/\/www.alldayled.com\/en\/product\/was-w275-2-markeringslamp-rood\/","name":"WA\u015a W275.2 marker light red - All Day Led - for 12&24V use","isPartOf":{"@id":"https:\/\/www.alldayled.com\/en\/#website"},"primaryImageOfPage":{"@id":"https:\/\/www.alldayled.com\/en\/product\/was-w275-2-markeringslamp-rood\/#primaryimage"},"image":{"@id":"https:\/\/www.alldayled.com\/en\/product\/was-w275-2-markeringslamp-rood\/#primaryimage"},"thumbnailUrl":"https:\/\/www.alldayled.com\/wp-content\/uploads\/2025\/12\/ADL02337.png","datePublished":"2025-12-17T14:45:49+00:00","description":"WA\u015a W275.2 marker light red - for car, truck, camper, tractor and more - 12 & 24 volt - SMOKE LENS - WA\u015a BLACK product group","breadcrumb":{"@id":"https:\/\/www.alldayled.com\/en\/product\/was-w275-2-markeringslamp-rood\/#breadcrumb"},"inLanguage":"en-US","potentialAction":[{"@type":"ReadAction","target":["https:\/\/www.alldayled.com\/en\/product\/was-w275-2-markeringslamp-rood\/"]}]},{"@type":"ImageObject","inLanguage":"en-US","@id":"https:\/\/www.alldayled.com\/en\/product\/was-w275-2-markeringslamp-rood\/#primaryimage","url":"https:\/\/www.alldayled.com\/wp-content\/uploads\/2025\/12\/ADL02337.png","contentUrl":"https:\/\/www.alldayled.com\/wp-content\/uploads\/2025\/12\/ADL02337.png","width":800,"height":600,"caption":"WA\u015a W275.2 marker light red - for car, truck, camper, tractor and more - 12 &amp; 24 volt - SMOKE LENS - WA\u015a BLACK product group"},{"@type":"BreadcrumbList","@id":"https:\/\/www.alldayled.com\/en\/product\/was-w275-2-markeringslamp-rood\/#breadcrumb","itemListElement":[{"@type":"ListItem","position":1,"name":"Home","item":"https:\/\/www.alldayled.com\/en\/"},{"@type":"ListItem","position":2,"name":"Shop","item":"https:\/\/www.alldayled.com\/en\/shop\/"},{"@type":"ListItem","position":3,"name":"WA\u015a W275.2 marker light red"}]},{"@type":"WebSite","@id":"https:\/\/www.alldayled.com\/en\/#website","url":"https:\/\/www.alldayled.com\/en\/","name":"All Day Led","description":"Verlichting voor 12&amp;24 volt gebruik","publisher":{"@id":"https:\/\/www.alldayled.com\/en\/#organization"},"potentialAction":[{"@type":"SearchAction","target":{"@type":"EntryPoint","urlTemplate":"https:\/\/www.alldayled.com\/en\/?s={search_term_string}"},"query-input":{"@type":"PropertyValueSpecification","valueRequired":true,"valueName":"search_term_string"}}],"inLanguage":"en-US"},{"@type":"Organization","@id":"https:\/\/www.alldayled.com\/en\/#organization","name":"All Day Led","url":"https:\/\/www.alldayled.com\/en\/","logo":{"@type":"ImageObject","inLanguage":"en-US","@id":"https:\/\/www.alldayled.com\/en\/#\/schema\/logo\/image\/","url":"https:\/\/www.alldayled.com\/wp-content\/uploads\/2025\/10\/Logo-ALL-DAY-LED-800x800-zwart-witte-letters.png","contentUrl":"https:\/\/www.alldayled.com\/wp-content\/uploads\/2025\/10\/Logo-ALL-DAY-LED-800x800-zwart-witte-letters.png","width":800,"height":800,"caption":"All Day Led"},"image":{"@id":"https:\/\/www.alldayled.com\/en\/#\/schema\/logo\/image\/"},"sameAs":["https:\/\/www.facebook.com\/alldayled\/","https:\/\/www.instagram.com\/alldayled\/"],"vatID":"NL863960133B01","taxID":"86416545"}]},"product_brand":"WA\u015a","product_price_amount":"9.95","product_price_currency":"EUR","og_availability":"instock","product_availability":"instock","product_retailer_item_id":"ADL02337","product_condition":"new"},"_links":{"self":[{"href":"https:\/\/www.alldayled.com\/en\/wp-json\/wp\/v2\/product\/79344","targetHints":{"allow":["GET"]}}],"collection":[{"href":"https:\/\/www.alldayled.com\/en\/wp-json\/wp\/v2\/product"}],"about":[{"href":"https:\/\/www.alldayled.com\/en\/wp-json\/wp\/v2\/types\/product"}],"replies":[{"embeddable":true,"href":"https:\/\/www.alldayled.com\/en\/wp-json\/wp\/v2\/comments?post=79344"}],"wp:featuredmedia":[{"embeddable":true,"href":"https:\/\/www.alldayled.com\/en\/wp-json\/wp\/v2\/media\/78704"}],"wp:attachment":[{"href":"https:\/\/www.alldayled.com\/en\/wp-json\/wp\/v2\/media?parent=79344"}],"wp:term":[{"taxonomy":"product_brand","embeddable":true,"href":"https:\/\/www.alldayled.com\/en\/wp-json\/wp\/v2\/product_brand?post=79344"},{"taxonomy":"product_cat","embeddable":true,"href":"https:\/\/www.alldayled.com\/en\/wp-json\/wp\/v2\/product_cat?post=79344"},{"taxonomy":"product_tag","embeddable":true,"href":"https:\/\/www.alldayled.com\/en\/wp-json\/wp\/v2\/product_tag?post=79344"}],"curies":[{"name":"wp","href":"https:\/\/api.w.org\/{rel}","templated":true}]}}