{"id":64765,"date":"2025-11-03T15:07:32","date_gmt":"2025-11-03T14:07:32","guid":{"rendered":"https:\/\/www.alldayled.com\/?page_id=64765"},"modified":"2025-11-22T16:40:00","modified_gmt":"2025-11-22T15:40:00","slug":"impressum","status":"publish","type":"page","link":"https:\/\/www.alldayled.com\/nl\/impressum\/","title":{"rendered":"Impressum"},"content":{"rendered":"\n<p><strong>All Day Led B.V.<br><\/strong>Fabrieksweg 3c<br>5531pp Bladel&nbsp;<br>Netherlands&nbsp;<\/p>\n\n\n\n<p><strong>Telefon:<\/strong>&nbsp;0031-(0)85-1302280<br><strong>Mail:<\/strong>&nbsp;info@alldayled.com&nbsp;<\/p>\n\n\n\n<p><strong>Gesch\u00e4ftsf\u00fchrer:<\/strong>&nbsp;Carlo Lavrijsen&nbsp;<br><strong>Handelsregister Nr.:<\/strong>&nbsp;86416545<br><strong>USt-IdNr.:<\/strong>&nbsp;NL 863960133B01<\/p>\n\n\n\n<p><strong>Datenschutzbeauftragter<br><\/strong>Wir sind auf Grund der f\u00fcr uns geltenden gesetzlichen Vorschriften nicht zur Bestellung eines Datenschutzbeauftragten verpflichtet und haben auch keinen Datenschutzbeauftragten bestellt.<\/p>\n\n\n\n<p><strong>Online-Streitschlichtung<br><\/strong>Die EU-Kommission hat eine&nbsp;<a href=\"https:\/\/ec.europa.eu\/consumers\/odr\/main\/index.cfm?event=main.home2.show&amp;lng=DE\" target=\"_blank\" rel=\"noreferrer noopener\">Online-platform zur&nbsp;Online-Streitbeilegung<\/a>&nbsp;bereitgestellt. \u00dcber diese Internetplattform k\u00f6nnen Sie eine au\u00dfergerichtliche Streitbeilegung starten. Zur Teilnahme an einem Streitbeilegungsverfahren vor einer Verbraucherschlichtungsstelle sind wir nicht verpflichtet und grunds\u00e4tzlich nicht bereit.<\/p>\n\n\n\n<p><strong>Alternative Streitbeilegung gem\u00e4\u00df Art. 14 Abs. 1 ODR-VO und \u00a7 36 VSBG:<br><\/strong>Die Europ\u00e4ische Kommission stellt eine Plattform zur Online-Streitbeilegung (OS) bereit, die du unter&nbsp;<a href=\"https:\/\/ec.europa.eu\/consumers\/odr\" target=\"_blank\" rel=\"noreferrer noopener\">https:\/\/ec.europa.eu\/consumers\/odr<\/a>&nbsp;findest. Zur Teilnahme an einem Streitbeilegungsverfahren vor einer Verbraucherschlichtungsstelle sind wir nicht verpflichtet und nicht bereit.<\/p>\n","protected":false},"excerpt":{"rendered":"<p>All Day Led B.V.Fabrieksweg 3c5531pp Bladel&nbsp;Netherlands&nbsp; Telefon:&nbsp;0031-(0)85-1302280Mail:&nbsp;info@alldayled.com&nbsp; Gesch\u00e4ftsf\u00fchrer:&nbsp;Carlo Lavrijsen&nbsp;Handelsregister Nr.:&nbsp;86416545USt-IdNr.:&nbsp;NL 863960133B01 DatenschutzbeauftragterWir sind auf Grund der f\u00fcr uns geltenden gesetzlichen Vorschriften nicht zur Bestellung eines Datenschutzbeauftragten verpflichtet und haben auch keinen Datenschutzbeauftragten bestellt. Online-StreitschlichtungDie EU-Kommission hat eine&nbsp;Online-platform zur&nbsp;Online-Streitbeilegung&nbsp;bereitgestellt. \u00dcber diese Internetplattform k\u00f6nnen Sie eine au\u00dfergerichtliche Streitbeilegung starten. Zur Teilnahme an einem Streitbeilegungsverfahren vor einer Verbraucherschlichtungsstelle [&hellip;]<\/p>\n","protected":false},"author":1,"featured_media":0,"parent":0,"menu_order":0,"comment_status":"closed","ping_status":"closed","template":"templates\/template-page.php","meta":{"_acf_changed":false,"footnotes":""},"class_list":["post-64765","page","type-page","status-publish","hentry"],"acf":[],"yoast_head":"<!-- This site is optimized with the Yoast SEO Premium plugin v26.5 (Yoast SEO v27.1.1) - https:\/\/yoast.com\/product\/yoast-seo-premium-wordpress\/ -->\n<title>Impressum - All Day Led - overzicht van Impressum<\/title>\n<meta name=\"description\" content=\"Impressum - overzicht pagina - bekijk hier alles wat er te bekijken valt i.v.m. het Impressum - All Day Led B.V.\" \/>\n<meta name=\"robots\" content=\"noindex, follow\" \/>\n<meta property=\"og:locale\" content=\"nl_NL\" \/>\n<meta property=\"og:type\" content=\"article\" \/>\n<meta property=\"og:title\" content=\"Impressum - All Day Led - overzicht van Impressum\" \/>\n<meta property=\"og:description\" content=\"Impressum - overzicht pagina - bekijk hier alles wat er te bekijken valt i.v.m. het Impressum - All Day Led B.V.\" \/>\n<meta property=\"og:url\" content=\"https:\/\/www.alldayled.com\/nl\/impressum\/\" \/>\n<meta property=\"og:site_name\" content=\"All Day Led\" \/>\n<meta property=\"article:publisher\" content=\"https:\/\/www.facebook.com\/alldayled\/\" \/>\n<meta property=\"article:modified_time\" content=\"2025-11-22T15:40:00+00:00\" \/>\n<meta property=\"og:image\" content=\"https:\/\/www.alldayled.com\/wp-content\/uploads\/2025\/10\/Logo-ALL-DAY-LED-800x800-zwart-witte-letters.png\" \/>\n\t<meta property=\"og:image:width\" content=\"800\" \/>\n\t<meta property=\"og:image:height\" content=\"800\" \/>\n\t<meta property=\"og:image:type\" content=\"image\/png\" \/>\n<meta name=\"twitter:label1\" content=\"Geschatte leestijd\" \/>\n\t<meta name=\"twitter:data1\" content=\"1 minuut\" \/>\n<script type=\"application\/ld+json\" class=\"yoast-schema-graph\">{\"@context\":\"https:\/\/schema.org\",\"@graph\":[{\"@type\":\"WebPage\",\"@id\":\"https:\/\/www.alldayled.com\/nl\/impressum\/\",\"url\":\"https:\/\/www.alldayled.com\/nl\/impressum\/\",\"name\":\"Impressum - All Day Led - overzicht van Impressum\",\"isPartOf\":{\"@id\":\"https:\/\/www.alldayled.com\/nl\/#website\"},\"datePublished\":\"2025-11-03T14:07:32+00:00\",\"dateModified\":\"2025-11-22T15:40:00+00:00\",\"description\":\"Impressum - overzicht pagina - bekijk hier alles wat er te bekijken valt i.v.m. het Impressum - All Day Led B.V.\",\"breadcrumb\":{\"@id\":\"https:\/\/www.alldayled.com\/nl\/impressum\/#breadcrumb\"},\"inLanguage\":\"nl-NL\",\"potentialAction\":[{\"@type\":\"ReadAction\",\"target\":[\"https:\/\/www.alldayled.com\/nl\/impressum\/\"]}]},{\"@type\":\"BreadcrumbList\",\"@id\":\"https:\/\/www.alldayled.com\/nl\/impressum\/#breadcrumb\",\"itemListElement\":[{\"@type\":\"ListItem\",\"position\":1,\"name\":\"Home\",\"item\":\"https:\/\/www.alldayled.com\/nl\/\"},{\"@type\":\"ListItem\",\"position\":2,\"name\":\"Impressum\"}]},{\"@type\":\"WebSite\",\"@id\":\"https:\/\/www.alldayled.com\/nl\/#website\",\"url\":\"https:\/\/www.alldayled.com\/nl\/\",\"name\":\"All Day Led\",\"description\":\"Verlichting voor 12&amp;24 volt gebruik\",\"publisher\":{\"@id\":\"https:\/\/www.alldayled.com\/nl\/#organization\"},\"potentialAction\":[{\"@type\":\"SearchAction\",\"target\":{\"@type\":\"EntryPoint\",\"urlTemplate\":\"https:\/\/www.alldayled.com\/nl\/?s={search_term_string}\"},\"query-input\":{\"@type\":\"PropertyValueSpecification\",\"valueRequired\":true,\"valueName\":\"search_term_string\"}}],\"inLanguage\":\"nl-NL\"},{\"@type\":\"Organization\",\"@id\":\"https:\/\/www.alldayled.com\/nl\/#organization\",\"name\":\"All Day Led\",\"url\":\"https:\/\/www.alldayled.com\/nl\/\",\"logo\":{\"@type\":\"ImageObject\",\"inLanguage\":\"nl-NL\",\"@id\":\"https:\/\/www.alldayled.com\/nl\/#\/schema\/logo\/image\/\",\"url\":\"https:\/\/www.alldayled.com\/wp-content\/uploads\/2025\/10\/Logo-ALL-DAY-LED-800x800-zwart-witte-letters.png\",\"contentUrl\":\"https:\/\/www.alldayled.com\/wp-content\/uploads\/2025\/10\/Logo-ALL-DAY-LED-800x800-zwart-witte-letters.png\",\"width\":800,\"height\":800,\"caption\":\"All Day Led\"},\"image\":{\"@id\":\"https:\/\/www.alldayled.com\/nl\/#\/schema\/logo\/image\/\"},\"sameAs\":[\"https:\/\/www.facebook.com\/alldayled\/\",\"https:\/\/www.instagram.com\/alldayled\/\"],\"vatID\":\"NL863960133B01\",\"taxID\":\"86416545\"}]}<\/script>\n<!-- \/ Yoast SEO Premium plugin. -->","yoast_head_json":{"title":"Impressum - All Day Led - overzicht van Impressum","description":"Impressum - overzicht pagina - bekijk hier alles wat er te bekijken valt i.v.m. het Impressum - All Day Led B.V.","robots":{"index":"noindex","follow":"follow"},"og_locale":"nl_NL","og_type":"article","og_title":"Impressum - All Day Led - overzicht van Impressum","og_description":"Impressum - overzicht pagina - bekijk hier alles wat er te bekijken valt i.v.m. het Impressum - All Day Led B.V.","og_url":"https:\/\/www.alldayled.com\/nl\/impressum\/","og_site_name":"All Day Led","article_publisher":"https:\/\/www.facebook.com\/alldayled\/","article_modified_time":"2025-11-22T15:40:00+00:00","og_image":[{"width":800,"height":800,"url":"https:\/\/www.alldayled.com\/wp-content\/uploads\/2025\/10\/Logo-ALL-DAY-LED-800x800-zwart-witte-letters.png","type":"image\/png"}],"twitter_misc":{"Geschatte leestijd":"1 minuut"},"schema":{"@context":"https:\/\/schema.org","@graph":[{"@type":"WebPage","@id":"https:\/\/www.alldayled.com\/nl\/impressum\/","url":"https:\/\/www.alldayled.com\/nl\/impressum\/","name":"Impressum - All Day Led - overzicht van Impressum","isPartOf":{"@id":"https:\/\/www.alldayled.com\/nl\/#website"},"datePublished":"2025-11-03T14:07:32+00:00","dateModified":"2025-11-22T15:40:00+00:00","description":"Impressum - overzicht pagina - bekijk hier alles wat er te bekijken valt i.v.m. het Impressum - All Day Led B.V.","breadcrumb":{"@id":"https:\/\/www.alldayled.com\/nl\/impressum\/#breadcrumb"},"inLanguage":"nl-NL","potentialAction":[{"@type":"ReadAction","target":["https:\/\/www.alldayled.com\/nl\/impressum\/"]}]},{"@type":"BreadcrumbList","@id":"https:\/\/www.alldayled.com\/nl\/impressum\/#breadcrumb","itemListElement":[{"@type":"ListItem","position":1,"name":"Home","item":"https:\/\/www.alldayled.com\/nl\/"},{"@type":"ListItem","position":2,"name":"Impressum"}]},{"@type":"WebSite","@id":"https:\/\/www.alldayled.com\/nl\/#website","url":"https:\/\/www.alldayled.com\/nl\/","name":"All Day Led","description":"Verlichting voor 12&amp;24 volt gebruik","publisher":{"@id":"https:\/\/www.alldayled.com\/nl\/#organization"},"potentialAction":[{"@type":"SearchAction","target":{"@type":"EntryPoint","urlTemplate":"https:\/\/www.alldayled.com\/nl\/?s={search_term_string}"},"query-input":{"@type":"PropertyValueSpecification","valueRequired":true,"valueName":"search_term_string"}}],"inLanguage":"nl-NL"},{"@type":"Organization","@id":"https:\/\/www.alldayled.com\/nl\/#organization","name":"All Day Led","url":"https:\/\/www.alldayled.com\/nl\/","logo":{"@type":"ImageObject","inLanguage":"nl-NL","@id":"https:\/\/www.alldayled.com\/nl\/#\/schema\/logo\/image\/","url":"https:\/\/www.alldayled.com\/wp-content\/uploads\/2025\/10\/Logo-ALL-DAY-LED-800x800-zwart-witte-letters.png","contentUrl":"https:\/\/www.alldayled.com\/wp-content\/uploads\/2025\/10\/Logo-ALL-DAY-LED-800x800-zwart-witte-letters.png","width":800,"height":800,"caption":"All Day Led"},"image":{"@id":"https:\/\/www.alldayled.com\/nl\/#\/schema\/logo\/image\/"},"sameAs":["https:\/\/www.facebook.com\/alldayled\/","https:\/\/www.instagram.com\/alldayled\/"],"vatID":"NL863960133B01","taxID":"86416545"}]}},"_links":{"self":[{"href":"https:\/\/www.alldayled.com\/nl\/wp-json\/wp\/v2\/pages\/64765","targetHints":{"allow":["GET"]}}],"collection":[{"href":"https:\/\/www.alldayled.com\/nl\/wp-json\/wp\/v2\/pages"}],"about":[{"href":"https:\/\/www.alldayled.com\/nl\/wp-json\/wp\/v2\/types\/page"}],"author":[{"embeddable":true,"href":"https:\/\/www.alldayled.com\/nl\/wp-json\/wp\/v2\/users\/1"}],"replies":[{"embeddable":true,"href":"https:\/\/www.alldayled.com\/nl\/wp-json\/wp\/v2\/comments?post=64765"}],"version-history":[{"count":1,"href":"https:\/\/www.alldayled.com\/nl\/wp-json\/wp\/v2\/pages\/64765\/revisions"}],"predecessor-version":[{"id":64766,"href":"https:\/\/www.alldayled.com\/nl\/wp-json\/wp\/v2\/pages\/64765\/revisions\/64766"}],"wp:attachment":[{"href":"https:\/\/www.alldayled.com\/nl\/wp-json\/wp\/v2\/media?parent=64765"}],"curies":[{"name":"wp","href":"https:\/\/api.w.org\/{rel}","templated":true}]}}