{"id":38962,"date":"2021-05-28T08:39:26","date_gmt":"2021-05-28T06:39:26","guid":{"rendered":"https:\/\/www.alldayled.com\/?post_type=product&#038;p=38962"},"modified":"2026-04-16T09:49:36","modified_gmt":"2026-04-16T07:49:36","slug":"sri-led-lichtbak-140-40-12-classic","status":"publish","type":"product","link":"https:\/\/www.alldayled.com\/nl\/product\/sri-led-lichtbak-140-40-12-classic\/","title":{"rendered":"SRI LED lichtbak 140x40cm &#8211; classic"},"content":{"rendered":"<p><span style=\"color: #000000\"><b>SRI LED lichtbak 140&#215;40 cm classic design, geschikt voor 24 volt gebruik.\u00a0<\/b><\/span><\/p>\n<p><span style=\"color: #000000\">Ben je op zoek naar de welbekende classic LED lichtbak van SRI? Dan is deze SRI classic LED lichtbak waarschijnlijk precies wat je nodig hebt. De lichtbak is 12 cm diep en werkt uitsluitend op 24 volt, wat betekent dat hij speciaal gemaakt is voor vrachtwagens. Deze uitvoering heeft een formaat van 140 \u00d7 40 cm, dus 140 cm breed en 40 cm hoog. Monteer je deze lichtbak op je truck, dan weet je zeker dat jouw reclame \u00e9n overdag \u00e9n \u2019s nachts perfect zichtbaar is.<\/span><\/p>\n<p><span style=\"color: #000000\">De behuizing van deze oldskool lichtbak is gemaakt van hoogwaardig aluminium, waardoor je verzekerd bent van een lange levensduur. De gemonteerde plexiplaat is eveneens van sterk materiaal en kan prima tegen een stootje. Dankzij het lichtdoorlatende plexiglas komt jouw bedrijfsnaam of boodschap ook in het donker helder tot zijn recht. Aan de achterkant zit een aluminium montagerails bevestigd, wat de montage eenvoudig \u00e9n duurzaam maakt. Kortom: deze classic SRI lichtbak geeft je vrachtwagen een echte oldskool uitstraling en zorgt dat je altijd gezien wordt.<\/span><\/p>\n<h5><span style=\"color: #000000\"><strong>Afmetingen:<\/strong><\/span><\/h5>\n<p><span style=\"color: #000000\">Om zeker te weten dat deze LED lichtbak past op jouw vrachtwagencabine, vind je hieronder de afmetingen van de oldskool SRI LED lichtbak:<\/span><\/p>\n<ul>\n<li><span style=\"color: #000000\">Lengte: 140 cm<\/span><\/li>\n<li><span style=\"color: #000000\">Hoogte: 40 cm<\/span><\/li>\n<li><span style=\"color: #000000\">Dikte: 12 cm<\/span><\/li>\n<\/ul>\n<h5><span style=\"color: #000000\"><strong>Overige afmetingen:<\/strong><\/span><\/h5>\n<p><span style=\"color: #000000\">Is deze SRI LED lichtbak van 140&#215;40 cm nu niet waarnaar je opzoek bent? Weet dan dat deze oldskool LED lichtbak ook beschikbaar is in de volgende afmeting:<\/span><\/p>\n<ul>\n<li><span style=\"color: #000000\"><a style=\"color: #000000\" href=\"https:\/\/www.alldayled.com\/product\/sri-led-lichtbak-130-30-12-classic\/\"><strong>130 cm x 30 cm<\/strong><\/a><\/span><\/li>\n<\/ul>\n<p><span style=\"color: #000000\">Ben je wel op zoek naar een lichtbak voor op je vrachtwagen, maar is de classic uitvoering niet helemaal wat je zoekt? Bekijk dan zeker even onze pagina <a style=\"color: #000000\" href=\"https:\/\/www.alldayled.com\/product-categorie\/led-lichtreclame\/\">lichtreclame<\/a>. Grote kans dat je daar w\u00e9l de lichtbak of LED-plaat vindt waar je naar op zoek bent.<\/span><\/p>\n","protected":false},"excerpt":{"rendered":"<p>Old school SRI Classic LED lichtbak 140cm, met, aluminium behuizing &#8211; 24 volt.<\/p>\n","protected":false},"featured_media":66393,"comment_status":"open","ping_status":"closed","template":"","meta":{"_acf_changed":false},"product_brand":[5047],"product_cat":[3083],"product_tag":[],"class_list":{"0":"post-38962","1":"product","2":"type-product","3":"status-publish","4":"has-post-thumbnail","6":"product_brand-sri","7":"product_cat-led-lichtreclame","9":"first","10":"instock","11":"taxable","12":"shipping-taxable","13":"purchasable","14":"product-type-simple"},"acf":[],"yoast_head":"<!-- This site is optimized with the Yoast SEO Premium plugin v26.5 (Yoast SEO v27.1.1) - https:\/\/yoast.com\/product\/yoast-seo-premium-wordpress\/ -->\n<title>SRI LED lichtbak 140x40 cm - classic - All Day Led - voor 24v<\/title>\n<meta name=\"description\" content=\"SRI LED lichtbak 140x40 cm - oldskool design - aluminium LED lichtbak - met melkglas - LED lichtbak uit Denemarken - SRI ClassicSign\u00ae\" \/>\n<meta name=\"robots\" content=\"index, follow, max-snippet:-1, max-image-preview:large, max-video-preview:-1\" \/>\n<link rel=\"canonical\" href=\"https:\/\/www.alldayled.com\/nl\/product\/sri-led-lichtbak-140-40-12-classic\/\" \/>\n<meta property=\"og:locale\" content=\"nl_NL\" \/>\n<meta property=\"og:type\" content=\"article\" \/>\n<meta property=\"og:title\" content=\"SRI LED lichtbak 140x40cm - classic\" \/>\n<meta property=\"og:description\" content=\"Old school SRI Classic LED lichtbak 140cm, met, aluminium behuizing - 24 volt.\" \/>\n<meta property=\"og:url\" content=\"https:\/\/www.alldayled.com\/nl\/product\/sri-led-lichtbak-140-40-12-classic\/\" \/>\n<meta property=\"og:site_name\" content=\"All Day Led\" \/>\n<meta property=\"article:publisher\" content=\"https:\/\/www.facebook.com\/alldayled\/\" \/>\n<meta property=\"article:modified_time\" content=\"2026-04-16T07:49:36+00:00\" \/>\n<meta property=\"og:image\" content=\"https:\/\/www.alldayled.com\/wp-content\/uploads\/2020\/07\/ADL00941-3-MAN-2017.bk.png\" \/>\n\t<meta property=\"og:image:width\" content=\"800\" \/>\n\t<meta property=\"og:image:height\" content=\"600\" \/>\n\t<meta property=\"og:image:type\" content=\"image\/png\" \/>\n<meta name=\"twitter:label1\" content=\"Prijs\" \/>\n\t<meta name=\"twitter:data1\" content=\"&euro;&nbsp;695,00\" \/>\n\t<meta name=\"twitter:label2\" content=\"Beschikbaarheid\" \/>\n\t<meta name=\"twitter:data2\" content=\"Op voorraad\" \/>\n<script type=\"application\/ld+json\" class=\"yoast-schema-graph\">{\"@context\":\"https:\/\/schema.org\",\"@graph\":[{\"@type\":\"WebPage\",\"@id\":\"https:\/\/www.alldayled.com\/nl\/product\/sri-led-lichtbak-140-40-12-classic\/\",\"url\":\"https:\/\/www.alldayled.com\/nl\/product\/sri-led-lichtbak-140-40-12-classic\/\",\"name\":\"SRI LED lichtbak 140x40 cm - classic - All Day Led - voor 24v\",\"isPartOf\":{\"@id\":\"https:\/\/www.alldayled.com\/nl\/#website\"},\"primaryImageOfPage\":{\"@id\":\"https:\/\/www.alldayled.com\/nl\/product\/sri-led-lichtbak-140-40-12-classic\/#primaryimage\"},\"image\":{\"@id\":\"https:\/\/www.alldayled.com\/nl\/product\/sri-led-lichtbak-140-40-12-classic\/#primaryimage\"},\"thumbnailUrl\":\"https:\/\/www.alldayled.com\/wp-content\/uploads\/2021\/05\/ADL31146-1.png\",\"datePublished\":\"2021-05-28T06:39:26+00:00\",\"dateModified\":\"2026-04-16T07:49:36+00:00\",\"description\":\"SRI LED lichtbak 140x40 cm - oldskool design - aluminium LED lichtbak - met melkglas - LED lichtbak uit Denemarken - SRI ClassicSign\u00ae\",\"breadcrumb\":{\"@id\":\"https:\/\/www.alldayled.com\/nl\/product\/sri-led-lichtbak-140-40-12-classic\/#breadcrumb\"},\"inLanguage\":\"nl-NL\",\"potentialAction\":[{\"@type\":\"ReadAction\",\"target\":[\"https:\/\/www.alldayled.com\/nl\/product\/sri-led-lichtbak-140-40-12-classic\/\"]}]},{\"@type\":\"ImageObject\",\"inLanguage\":\"nl-NL\",\"@id\":\"https:\/\/www.alldayled.com\/nl\/product\/sri-led-lichtbak-140-40-12-classic\/#primaryimage\",\"url\":\"https:\/\/www.alldayled.com\/wp-content\/uploads\/2021\/05\/ADL31146-1.png\",\"contentUrl\":\"https:\/\/www.alldayled.com\/wp-content\/uploads\/2021\/05\/ADL31146-1.png\",\"width\":800,\"height\":600,\"caption\":\"SRI LED lichtbak 140x40 cm - oldskool LED lichtbak van Deense kwaliteit - geschikt voor 24 volt gebruik\"},{\"@type\":\"BreadcrumbList\",\"@id\":\"https:\/\/www.alldayled.com\/nl\/product\/sri-led-lichtbak-140-40-12-classic\/#breadcrumb\",\"itemListElement\":[{\"@type\":\"ListItem\",\"position\":1,\"name\":\"Home\",\"item\":\"https:\/\/www.alldayled.com\/nl\/\"},{\"@type\":\"ListItem\",\"position\":2,\"name\":\"Winkel\",\"item\":\"https:\/\/www.alldayled.com\/nl\/winkel\/\"},{\"@type\":\"ListItem\",\"position\":3,\"name\":\"Lichtreclame\",\"item\":\"https:\/\/www.alldayled.com\/nl\/product-categorie\/led-lichtreclame\/\"},{\"@type\":\"ListItem\",\"position\":4,\"name\":\"SRI LED lichtbak 140x40cm &#8211; classic\"}]},{\"@type\":\"WebSite\",\"@id\":\"https:\/\/www.alldayled.com\/nl\/#website\",\"url\":\"https:\/\/www.alldayled.com\/nl\/\",\"name\":\"All Day Led\",\"description\":\"Verlichting voor 12&amp;24 volt gebruik\",\"publisher\":{\"@id\":\"https:\/\/www.alldayled.com\/nl\/#organization\"},\"potentialAction\":[{\"@type\":\"SearchAction\",\"target\":{\"@type\":\"EntryPoint\",\"urlTemplate\":\"https:\/\/www.alldayled.com\/nl\/?s={search_term_string}\"},\"query-input\":{\"@type\":\"PropertyValueSpecification\",\"valueRequired\":true,\"valueName\":\"search_term_string\"}}],\"inLanguage\":\"nl-NL\"},{\"@type\":\"Organization\",\"@id\":\"https:\/\/www.alldayled.com\/nl\/#organization\",\"name\":\"All Day Led\",\"url\":\"https:\/\/www.alldayled.com\/nl\/\",\"logo\":{\"@type\":\"ImageObject\",\"inLanguage\":\"nl-NL\",\"@id\":\"https:\/\/www.alldayled.com\/nl\/#\/schema\/logo\/image\/\",\"url\":\"https:\/\/www.alldayled.com\/wp-content\/uploads\/2025\/10\/Logo-ALL-DAY-LED-800x800-zwart-witte-letters.png\",\"contentUrl\":\"https:\/\/www.alldayled.com\/wp-content\/uploads\/2025\/10\/Logo-ALL-DAY-LED-800x800-zwart-witte-letters.png\",\"width\":800,\"height\":800,\"caption\":\"All Day Led\"},\"image\":{\"@id\":\"https:\/\/www.alldayled.com\/nl\/#\/schema\/logo\/image\/\"},\"sameAs\":[\"https:\/\/www.facebook.com\/alldayled\/\",\"https:\/\/www.instagram.com\/alldayled\/\"],\"vatID\":\"NL863960133B01\",\"taxID\":\"86416545\"}]}<\/script>\n<meta property=\"product:brand\" content=\"SRI\" \/>\n<meta property=\"product:price:amount\" content=\"695.00\" \/>\n<meta property=\"product:price:currency\" content=\"EUR\" \/>\n<meta property=\"og:availability\" content=\"instock\" \/>\n<meta property=\"product:availability\" content=\"instock\" \/>\n<meta property=\"product:retailer_item_id\" content=\"ADL31146\" \/>\n<meta property=\"product:condition\" content=\"new\" \/>\n<!-- \/ Yoast SEO Premium plugin. -->","yoast_head_json":{"title":"SRI LED lichtbak 140x40 cm - classic - All Day Led - voor 24v","description":"SRI LED lichtbak 140x40 cm - oldskool design - aluminium LED lichtbak - met melkglas - LED lichtbak uit Denemarken - SRI ClassicSign\u00ae","robots":{"index":"index","follow":"follow","max-snippet":"max-snippet:-1","max-image-preview":"max-image-preview:large","max-video-preview":"max-video-preview:-1"},"canonical":"https:\/\/www.alldayled.com\/nl\/product\/sri-led-lichtbak-140-40-12-classic\/","og_locale":"nl_NL","og_type":"article","og_title":"SRI LED lichtbak 140x40cm - classic","og_description":"Old school SRI Classic LED lichtbak 140cm, met, aluminium behuizing - 24 volt.","og_url":"https:\/\/www.alldayled.com\/nl\/product\/sri-led-lichtbak-140-40-12-classic\/","og_site_name":"All Day Led","article_publisher":"https:\/\/www.facebook.com\/alldayled\/","article_modified_time":"2026-04-16T07:49:36+00:00","og_image":[{"width":800,"height":600,"url":"https:\/\/www.alldayled.com\/wp-content\/uploads\/2020\/07\/ADL00941-3-MAN-2017.bk.png","type":"image\/png"}],"twitter_misc":{"Prijs":"&euro;&nbsp;695,00","Beschikbaarheid":"Op voorraad"},"schema":{"@context":"https:\/\/schema.org","@graph":[{"@type":"WebPage","@id":"https:\/\/www.alldayled.com\/nl\/product\/sri-led-lichtbak-140-40-12-classic\/","url":"https:\/\/www.alldayled.com\/nl\/product\/sri-led-lichtbak-140-40-12-classic\/","name":"SRI LED lichtbak 140x40 cm - classic - All Day Led - voor 24v","isPartOf":{"@id":"https:\/\/www.alldayled.com\/nl\/#website"},"primaryImageOfPage":{"@id":"https:\/\/www.alldayled.com\/nl\/product\/sri-led-lichtbak-140-40-12-classic\/#primaryimage"},"image":{"@id":"https:\/\/www.alldayled.com\/nl\/product\/sri-led-lichtbak-140-40-12-classic\/#primaryimage"},"thumbnailUrl":"https:\/\/www.alldayled.com\/wp-content\/uploads\/2021\/05\/ADL31146-1.png","datePublished":"2021-05-28T06:39:26+00:00","dateModified":"2026-04-16T07:49:36+00:00","description":"SRI LED lichtbak 140x40 cm - oldskool design - aluminium LED lichtbak - met melkglas - LED lichtbak uit Denemarken - SRI ClassicSign\u00ae","breadcrumb":{"@id":"https:\/\/www.alldayled.com\/nl\/product\/sri-led-lichtbak-140-40-12-classic\/#breadcrumb"},"inLanguage":"nl-NL","potentialAction":[{"@type":"ReadAction","target":["https:\/\/www.alldayled.com\/nl\/product\/sri-led-lichtbak-140-40-12-classic\/"]}]},{"@type":"ImageObject","inLanguage":"nl-NL","@id":"https:\/\/www.alldayled.com\/nl\/product\/sri-led-lichtbak-140-40-12-classic\/#primaryimage","url":"https:\/\/www.alldayled.com\/wp-content\/uploads\/2021\/05\/ADL31146-1.png","contentUrl":"https:\/\/www.alldayled.com\/wp-content\/uploads\/2021\/05\/ADL31146-1.png","width":800,"height":600,"caption":"SRI LED lichtbak 140x40 cm - oldskool LED lichtbak van Deense kwaliteit - geschikt voor 24 volt gebruik"},{"@type":"BreadcrumbList","@id":"https:\/\/www.alldayled.com\/nl\/product\/sri-led-lichtbak-140-40-12-classic\/#breadcrumb","itemListElement":[{"@type":"ListItem","position":1,"name":"Home","item":"https:\/\/www.alldayled.com\/nl\/"},{"@type":"ListItem","position":2,"name":"Winkel","item":"https:\/\/www.alldayled.com\/nl\/winkel\/"},{"@type":"ListItem","position":3,"name":"Lichtreclame","item":"https:\/\/www.alldayled.com\/nl\/product-categorie\/led-lichtreclame\/"},{"@type":"ListItem","position":4,"name":"SRI LED lichtbak 140x40cm &#8211; classic"}]},{"@type":"WebSite","@id":"https:\/\/www.alldayled.com\/nl\/#website","url":"https:\/\/www.alldayled.com\/nl\/","name":"All Day Led","description":"Verlichting voor 12&amp;24 volt gebruik","publisher":{"@id":"https:\/\/www.alldayled.com\/nl\/#organization"},"potentialAction":[{"@type":"SearchAction","target":{"@type":"EntryPoint","urlTemplate":"https:\/\/www.alldayled.com\/nl\/?s={search_term_string}"},"query-input":{"@type":"PropertyValueSpecification","valueRequired":true,"valueName":"search_term_string"}}],"inLanguage":"nl-NL"},{"@type":"Organization","@id":"https:\/\/www.alldayled.com\/nl\/#organization","name":"All Day Led","url":"https:\/\/www.alldayled.com\/nl\/","logo":{"@type":"ImageObject","inLanguage":"nl-NL","@id":"https:\/\/www.alldayled.com\/nl\/#\/schema\/logo\/image\/","url":"https:\/\/www.alldayled.com\/wp-content\/uploads\/2025\/10\/Logo-ALL-DAY-LED-800x800-zwart-witte-letters.png","contentUrl":"https:\/\/www.alldayled.com\/wp-content\/uploads\/2025\/10\/Logo-ALL-DAY-LED-800x800-zwart-witte-letters.png","width":800,"height":800,"caption":"All Day Led"},"image":{"@id":"https:\/\/www.alldayled.com\/nl\/#\/schema\/logo\/image\/"},"sameAs":["https:\/\/www.facebook.com\/alldayled\/","https:\/\/www.instagram.com\/alldayled\/"],"vatID":"NL863960133B01","taxID":"86416545"}]},"product_brand":"SRI","product_price_amount":"695.00","product_price_currency":"EUR","og_availability":"instock","product_availability":"instock","product_retailer_item_id":"ADL31146","product_condition":"new"},"_links":{"self":[{"href":"https:\/\/www.alldayled.com\/nl\/wp-json\/wp\/v2\/product\/38962","targetHints":{"allow":["GET"]}}],"collection":[{"href":"https:\/\/www.alldayled.com\/nl\/wp-json\/wp\/v2\/product"}],"about":[{"href":"https:\/\/www.alldayled.com\/nl\/wp-json\/wp\/v2\/types\/product"}],"replies":[{"embeddable":true,"href":"https:\/\/www.alldayled.com\/nl\/wp-json\/wp\/v2\/comments?post=38962"}],"wp:featuredmedia":[{"embeddable":true,"href":"https:\/\/www.alldayled.com\/nl\/wp-json\/wp\/v2\/media\/66393"}],"wp:attachment":[{"href":"https:\/\/www.alldayled.com\/nl\/wp-json\/wp\/v2\/media?parent=38962"}],"wp:term":[{"taxonomy":"product_brand","embeddable":true,"href":"https:\/\/www.alldayled.com\/nl\/wp-json\/wp\/v2\/product_brand?post=38962"},{"taxonomy":"product_cat","embeddable":true,"href":"https:\/\/www.alldayled.com\/nl\/wp-json\/wp\/v2\/product_cat?post=38962"},{"taxonomy":"product_tag","embeddable":true,"href":"https:\/\/www.alldayled.com\/nl\/wp-json\/wp\/v2\/product_tag?post=38962"}],"curies":[{"name":"wp","href":"https:\/\/api.w.org\/{rel}","templated":true}]}}