{"id":39046,"date":"2020-07-26T15:50:30","date_gmt":"2020-07-26T13:50:30","guid":{"rendered":"https:\/\/www.alldayled.com\/?post_type=product&#038;p=39046"},"modified":"2025-12-01T12:31:19","modified_gmt":"2025-12-01T11:31:19","slug":"mtrs-type-5-toplamp-warm-wit","status":"publish","type":"product","link":"https:\/\/www.alldayled.com\/nl\/product\/mtrs-type-5-toplamp-warm-wit\/","title":{"rendered":"MTRS type 5 toplamp warm wit"},"content":{"rendered":"<p><span style=\"color: #000000;\"><strong>MTRS type 5 toplamp WARM WIT, geschikt voor Volvo FH vrachtwagen met verstralers.<\/strong><\/span><\/p>\n<p><span style=\"color: #000000;\">Heb je een Volvo FH met ge\u00efntegreerde verstralers in het dak en wil je de positielamp ernaast in een andere kleur hebben? Dan is de MTRS toplamp type 5 misschien wel d\u00e9 lamp voor jou. De lamp heeft 2 LED-punten en licht op in warm wit 3000K. Met \u00e9\u00e9n set kun je zowel de linker als rechterzijde van je vrachtwagen voorzien van de lamp. Let op: dit is een op maat gemaakt artikel, dat niet op andere merken te monteren is.<\/span><\/p>\n<p><span style=\"color: #000000;\">Om zeker te weten dat de MTRS type 5 toplamp warm wit geschikt is voor jouw vrachtwagen, hebben we de belangrijkste specificaties hieronder op een rij gezet. De lamp heeft het ECE R10 keurmerk, wat betekent dat hij bij juiste installatie geen storing veroorzaakt, bijvoorbeeld op je radiosignaal. Bovendien wordt de toplamp geleverd met een originele aansluitstekker, zodat je hem snel en eenvoudig kunt aansluiten. Zo kies je voor een betrouwbare, veilige en gebruiksvriendelijke LED toplamp voor je Volvo FH.<\/span><\/p>\n<h5><span style=\"color: #000000;\"><strong>Overige modellen:\u00a0<\/strong><\/span><\/h5>\n<p><span style=\"color: #000000;\">Ben je wel op zoek naar een toplamp die je in jouw vrachtwagen kunt monteren? Maar is de MTRS type 5 toplamp nu niet het model wat je zoekt? Weet dan dat wij ook nog diverse andere modellen voor de vrachtwagen aanbieden. Hieronder vind je een lijst met de overige opties die wij kunnen leveren:<\/span><\/p>\n<ul>\n<li><span style=\"color: #000000;\"><a style=\"color: #000000;\" href=\"https:\/\/www.alldayled.com\/product\/volvo-led-toplamp-type-2-oranje\/\"><strong>Volvo toplicht type 2 &#8211; oranje<\/strong><\/a><\/span><\/li>\n<li><span style=\"color: #000000;\"><a style=\"color: #000000;\" href=\"https:\/\/www.alldayled.com\/product\/mtrs-type-5-toplamp-dual-color\/\"><strong>Volvo toplicht type 5 oranje\/wit<\/strong><\/a><\/span><\/li>\n<li><span style=\"color: #000000;\"><a style=\"color: #000000;\" href=\"https:\/\/www.alldayled.com\/product\/mtrs-type-5-toplamp-oranje\/\"><strong>Volvo toplicht type 5 &#8211; oranje<\/strong><\/a><\/span><\/li>\n<\/ul>\n<p><span style=\"color: #000000;\">Toch na het lezen van mening dat de MTRS type 5 toplamp WARM WIT niet is wat je zoekt? Simpel weg omdat de kleur of voltage niet naar wens is? Neem dan ook zeker eens een kijkje op onze pagina <a style=\"color: #000000;\" href=\"https:\/\/www.alldayled.com\/product-categorie\/verlichting-vrachtwagen\/\">vrachtwagen verlichting<\/a>. Wellicht vind je hier wel het model lamp of onderdeel waarnaar je op zoek bent.\u00a0<\/span><\/p>\n","protected":false},"excerpt":{"rendered":"<p>Type 5 toplamp warm wit, geschikt voor Volvo FH met ge\u00efntegreerde verstralers.<\/p>\n","protected":false},"featured_media":16294,"comment_status":"open","ping_status":"closed","template":"","meta":{"_acf_changed":false},"product_brand":[5041],"product_cat":[3078,3068],"product_tag":[3387,3388],"class_list":{"0":"post-39046","1":"product","2":"type-product","3":"status-publish","4":"has-post-thumbnail","6":"product_brand-mtrs","7":"product_cat-toplichten","8":"product_cat-volvo-verlichting","9":"product_tag-volvo-fh16","10":"product_tag-volvo-fh4","12":"first","13":"instock","14":"taxable","15":"shipping-taxable","16":"purchasable","17":"product-type-simple"},"acf":[],"yoast_head":"<!-- This site is optimized with the Yoast SEO Premium plugin v26.5 (Yoast SEO v27.1.1) - https:\/\/yoast.com\/product\/yoast-seo-premium-wordpress\/ -->\n<title>MTRS type 5 toplamp WARM WIT - All Day Led - geschikt voor Volvo FH trucks<\/title>\n<meta name=\"description\" content=\"MTRS type 5 toplamp WARM WIT - LED positielamp voor naast de verstraler- geschikt voor Volvo FH vrachtwagen met verstralers - set voor links en rechts\" \/>\n<meta name=\"robots\" content=\"index, follow, max-snippet:-1, max-image-preview:large, max-video-preview:-1\" \/>\n<link rel=\"canonical\" href=\"https:\/\/www.alldayled.com\/nl\/product\/mtrs-type-5-toplamp-warm-wit\/\" \/>\n<meta property=\"og:locale\" content=\"nl_NL\" \/>\n<meta property=\"og:type\" content=\"article\" \/>\n<meta property=\"og:title\" content=\"MTRS type 5 toplamp WARM WIT - All Day Led - geschikt voor Volvo FH trucks\" \/>\n<meta property=\"og:description\" content=\"MTRS type 5 toplamp WARM WIT - LED positielamp voor naast de verstraler- geschikt voor Volvo FH vrachtwagen met verstralers - set voor links en rechts\" \/>\n<meta property=\"og:url\" content=\"https:\/\/www.alldayled.com\/nl\/product\/mtrs-type-5-toplamp-warm-wit\/\" \/>\n<meta property=\"og:site_name\" content=\"All Day Led\" \/>\n<meta property=\"article:publisher\" content=\"https:\/\/www.facebook.com\/alldayled\/\" \/>\n<meta property=\"article:modified_time\" content=\"2025-12-01T11:31:19+00:00\" \/>\n<meta property=\"og:image\" content=\"https:\/\/www.alldayled.com\/wp-content\/uploads\/2024\/12\/ADL850460-03.png\" \/>\n\t<meta property=\"og:image:width\" content=\"800\" \/>\n\t<meta property=\"og:image:height\" content=\"600\" \/>\n\t<meta property=\"og:image:type\" content=\"image\/png\" \/>\n<meta name=\"twitter:label1\" content=\"Prijs\" \/>\n\t<meta name=\"twitter:data1\" content=\"&euro;&nbsp;29,95\" \/>\n\t<meta name=\"twitter:label2\" content=\"Beschikbaarheid\" \/>\n\t<meta name=\"twitter:data2\" content=\"Op voorraad\" \/>\n<script type=\"application\/ld+json\" class=\"yoast-schema-graph\">{\"@context\":\"https:\/\/schema.org\",\"@graph\":[{\"@type\":\"WebPage\",\"@id\":\"https:\/\/www.alldayled.com\/nl\/product\/mtrs-type-5-toplamp-warm-wit\/\",\"url\":\"https:\/\/www.alldayled.com\/nl\/product\/mtrs-type-5-toplamp-warm-wit\/\",\"name\":\"MTRS type 5 toplamp WARM WIT - All Day Led - geschikt voor Volvo FH trucks\",\"isPartOf\":{\"@id\":\"https:\/\/www.alldayled.com\/nl\/#website\"},\"primaryImageOfPage\":{\"@id\":\"https:\/\/www.alldayled.com\/nl\/product\/mtrs-type-5-toplamp-warm-wit\/#primaryimage\"},\"image\":{\"@id\":\"https:\/\/www.alldayled.com\/nl\/product\/mtrs-type-5-toplamp-warm-wit\/#primaryimage\"},\"thumbnailUrl\":\"https:\/\/www.alldayled.com\/wp-content\/uploads\/2020\/07\/ADL00770-.WW_.png\",\"datePublished\":\"2020-07-26T13:50:30+00:00\",\"dateModified\":\"2025-12-01T11:31:19+00:00\",\"description\":\"MTRS type 5 toplamp WARM WIT - LED positielamp voor naast de verstraler- geschikt voor Volvo FH vrachtwagen met verstralers - set voor links en rechts\",\"breadcrumb\":{\"@id\":\"https:\/\/www.alldayled.com\/nl\/product\/mtrs-type-5-toplamp-warm-wit\/#breadcrumb\"},\"inLanguage\":\"nl-NL\",\"potentialAction\":[{\"@type\":\"ReadAction\",\"target\":[\"https:\/\/www.alldayled.com\/nl\/product\/mtrs-type-5-toplamp-warm-wit\/\"]}]},{\"@type\":\"ImageObject\",\"inLanguage\":\"nl-NL\",\"@id\":\"https:\/\/www.alldayled.com\/nl\/product\/mtrs-type-5-toplamp-warm-wit\/#primaryimage\",\"url\":\"https:\/\/www.alldayled.com\/wp-content\/uploads\/2020\/07\/ADL00770-.WW_.png\",\"contentUrl\":\"https:\/\/www.alldayled.com\/wp-content\/uploads\/2020\/07\/ADL00770-.WW_.png\",\"width\":800,\"height\":600,\"caption\":\"MTRS type 5 toplamp WARM WIT - lamp voor Volvo vrachtwagen met ge\u00efntegreerde verstraler in het dak lampgaten - set van twee stuks - Matronics nummer 240770-WW - EAN:\"},{\"@type\":\"BreadcrumbList\",\"@id\":\"https:\/\/www.alldayled.com\/nl\/product\/mtrs-type-5-toplamp-warm-wit\/#breadcrumb\",\"itemListElement\":[{\"@type\":\"ListItem\",\"position\":1,\"name\":\"Home\",\"item\":\"https:\/\/www.alldayled.com\/nl\/\"},{\"@type\":\"ListItem\",\"position\":2,\"name\":\"Winkel\",\"item\":\"https:\/\/www.alldayled.com\/nl\/winkel\/\"},{\"@type\":\"ListItem\",\"position\":3,\"name\":\"Overige\",\"item\":\"https:\/\/www.alldayled.com\/nl\/product-categorie\/overige-producten\/\"},{\"@type\":\"ListItem\",\"position\":4,\"name\":\"Toplichten\",\"item\":\"https:\/\/www.alldayled.com\/nl\/product-categorie\/overige-producten\/toplichten\/\"},{\"@type\":\"ListItem\",\"position\":5,\"name\":\"MTRS type 5 toplamp warm wit\"}]},{\"@type\":\"WebSite\",\"@id\":\"https:\/\/www.alldayled.com\/nl\/#website\",\"url\":\"https:\/\/www.alldayled.com\/nl\/\",\"name\":\"All Day Led\",\"description\":\"Verlichting voor 12&amp;24 volt gebruik\",\"publisher\":{\"@id\":\"https:\/\/www.alldayled.com\/nl\/#organization\"},\"potentialAction\":[{\"@type\":\"SearchAction\",\"target\":{\"@type\":\"EntryPoint\",\"urlTemplate\":\"https:\/\/www.alldayled.com\/nl\/?s={search_term_string}\"},\"query-input\":{\"@type\":\"PropertyValueSpecification\",\"valueRequired\":true,\"valueName\":\"search_term_string\"}}],\"inLanguage\":\"nl-NL\"},{\"@type\":\"Organization\",\"@id\":\"https:\/\/www.alldayled.com\/nl\/#organization\",\"name\":\"All Day Led\",\"url\":\"https:\/\/www.alldayled.com\/nl\/\",\"logo\":{\"@type\":\"ImageObject\",\"inLanguage\":\"nl-NL\",\"@id\":\"https:\/\/www.alldayled.com\/nl\/#\/schema\/logo\/image\/\",\"url\":\"https:\/\/www.alldayled.com\/wp-content\/uploads\/2025\/10\/Logo-ALL-DAY-LED-800x800-zwart-witte-letters.png\",\"contentUrl\":\"https:\/\/www.alldayled.com\/wp-content\/uploads\/2025\/10\/Logo-ALL-DAY-LED-800x800-zwart-witte-letters.png\",\"width\":800,\"height\":800,\"caption\":\"All Day Led\"},\"image\":{\"@id\":\"https:\/\/www.alldayled.com\/nl\/#\/schema\/logo\/image\/\"},\"sameAs\":[\"https:\/\/www.facebook.com\/alldayled\/\",\"https:\/\/www.instagram.com\/alldayled\/\"],\"vatID\":\"NL863960133B01\",\"taxID\":\"86416545\"}]}<\/script>\n<meta property=\"product:brand\" content=\"MTRS\" \/>\n<meta property=\"product:price:amount\" content=\"29.95\" \/>\n<meta property=\"product:price:currency\" content=\"EUR\" \/>\n<meta property=\"og:availability\" content=\"instock\" \/>\n<meta property=\"product:availability\" content=\"instock\" \/>\n<meta property=\"product:retailer_item_id\" content=\"ADL00770-WW\" \/>\n<meta property=\"product:condition\" content=\"new\" \/>\n<!-- \/ Yoast SEO Premium plugin. -->","yoast_head_json":{"title":"MTRS type 5 toplamp WARM WIT - All Day Led - geschikt voor Volvo FH trucks","description":"MTRS type 5 toplamp WARM WIT - LED positielamp voor naast de verstraler- geschikt voor Volvo FH vrachtwagen met verstralers - set voor links en rechts","robots":{"index":"index","follow":"follow","max-snippet":"max-snippet:-1","max-image-preview":"max-image-preview:large","max-video-preview":"max-video-preview:-1"},"canonical":"https:\/\/www.alldayled.com\/nl\/product\/mtrs-type-5-toplamp-warm-wit\/","og_locale":"nl_NL","og_type":"article","og_title":"MTRS type 5 toplamp WARM WIT - All Day Led - geschikt voor Volvo FH trucks","og_description":"MTRS type 5 toplamp WARM WIT - LED positielamp voor naast de verstraler- geschikt voor Volvo FH vrachtwagen met verstralers - set voor links en rechts","og_url":"https:\/\/www.alldayled.com\/nl\/product\/mtrs-type-5-toplamp-warm-wit\/","og_site_name":"All Day Led","article_publisher":"https:\/\/www.facebook.com\/alldayled\/","article_modified_time":"2025-12-01T11:31:19+00:00","og_image":[{"width":800,"height":600,"url":"https:\/\/www.alldayled.com\/wp-content\/uploads\/2024\/12\/ADL850460-03.png","type":"image\/png"}],"twitter_misc":{"Prijs":"&euro;&nbsp;29,95","Beschikbaarheid":"Op voorraad"},"schema":{"@context":"https:\/\/schema.org","@graph":[{"@type":"WebPage","@id":"https:\/\/www.alldayled.com\/nl\/product\/mtrs-type-5-toplamp-warm-wit\/","url":"https:\/\/www.alldayled.com\/nl\/product\/mtrs-type-5-toplamp-warm-wit\/","name":"MTRS type 5 toplamp WARM WIT - All Day Led - geschikt voor Volvo FH trucks","isPartOf":{"@id":"https:\/\/www.alldayled.com\/nl\/#website"},"primaryImageOfPage":{"@id":"https:\/\/www.alldayled.com\/nl\/product\/mtrs-type-5-toplamp-warm-wit\/#primaryimage"},"image":{"@id":"https:\/\/www.alldayled.com\/nl\/product\/mtrs-type-5-toplamp-warm-wit\/#primaryimage"},"thumbnailUrl":"https:\/\/www.alldayled.com\/wp-content\/uploads\/2020\/07\/ADL00770-.WW_.png","datePublished":"2020-07-26T13:50:30+00:00","dateModified":"2025-12-01T11:31:19+00:00","description":"MTRS type 5 toplamp WARM WIT - LED positielamp voor naast de verstraler- geschikt voor Volvo FH vrachtwagen met verstralers - set voor links en rechts","breadcrumb":{"@id":"https:\/\/www.alldayled.com\/nl\/product\/mtrs-type-5-toplamp-warm-wit\/#breadcrumb"},"inLanguage":"nl-NL","potentialAction":[{"@type":"ReadAction","target":["https:\/\/www.alldayled.com\/nl\/product\/mtrs-type-5-toplamp-warm-wit\/"]}]},{"@type":"ImageObject","inLanguage":"nl-NL","@id":"https:\/\/www.alldayled.com\/nl\/product\/mtrs-type-5-toplamp-warm-wit\/#primaryimage","url":"https:\/\/www.alldayled.com\/wp-content\/uploads\/2020\/07\/ADL00770-.WW_.png","contentUrl":"https:\/\/www.alldayled.com\/wp-content\/uploads\/2020\/07\/ADL00770-.WW_.png","width":800,"height":600,"caption":"MTRS type 5 toplamp WARM WIT - lamp voor Volvo vrachtwagen met ge\u00efntegreerde verstraler in het dak lampgaten - set van twee stuks - Matronics nummer 240770-WW - EAN:"},{"@type":"BreadcrumbList","@id":"https:\/\/www.alldayled.com\/nl\/product\/mtrs-type-5-toplamp-warm-wit\/#breadcrumb","itemListElement":[{"@type":"ListItem","position":1,"name":"Home","item":"https:\/\/www.alldayled.com\/nl\/"},{"@type":"ListItem","position":2,"name":"Winkel","item":"https:\/\/www.alldayled.com\/nl\/winkel\/"},{"@type":"ListItem","position":3,"name":"Overige","item":"https:\/\/www.alldayled.com\/nl\/product-categorie\/overige-producten\/"},{"@type":"ListItem","position":4,"name":"Toplichten","item":"https:\/\/www.alldayled.com\/nl\/product-categorie\/overige-producten\/toplichten\/"},{"@type":"ListItem","position":5,"name":"MTRS type 5 toplamp warm wit"}]},{"@type":"WebSite","@id":"https:\/\/www.alldayled.com\/nl\/#website","url":"https:\/\/www.alldayled.com\/nl\/","name":"All Day Led","description":"Verlichting voor 12&amp;24 volt gebruik","publisher":{"@id":"https:\/\/www.alldayled.com\/nl\/#organization"},"potentialAction":[{"@type":"SearchAction","target":{"@type":"EntryPoint","urlTemplate":"https:\/\/www.alldayled.com\/nl\/?s={search_term_string}"},"query-input":{"@type":"PropertyValueSpecification","valueRequired":true,"valueName":"search_term_string"}}],"inLanguage":"nl-NL"},{"@type":"Organization","@id":"https:\/\/www.alldayled.com\/nl\/#organization","name":"All Day Led","url":"https:\/\/www.alldayled.com\/nl\/","logo":{"@type":"ImageObject","inLanguage":"nl-NL","@id":"https:\/\/www.alldayled.com\/nl\/#\/schema\/logo\/image\/","url":"https:\/\/www.alldayled.com\/wp-content\/uploads\/2025\/10\/Logo-ALL-DAY-LED-800x800-zwart-witte-letters.png","contentUrl":"https:\/\/www.alldayled.com\/wp-content\/uploads\/2025\/10\/Logo-ALL-DAY-LED-800x800-zwart-witte-letters.png","width":800,"height":800,"caption":"All Day Led"},"image":{"@id":"https:\/\/www.alldayled.com\/nl\/#\/schema\/logo\/image\/"},"sameAs":["https:\/\/www.facebook.com\/alldayled\/","https:\/\/www.instagram.com\/alldayled\/"],"vatID":"NL863960133B01","taxID":"86416545"}]},"product_brand":"MTRS","product_price_amount":"29.95","product_price_currency":"EUR","og_availability":"instock","product_availability":"instock","product_retailer_item_id":"ADL00770-WW","product_condition":"new"},"_links":{"self":[{"href":"https:\/\/www.alldayled.com\/nl\/wp-json\/wp\/v2\/product\/39046","targetHints":{"allow":["GET"]}}],"collection":[{"href":"https:\/\/www.alldayled.com\/nl\/wp-json\/wp\/v2\/product"}],"about":[{"href":"https:\/\/www.alldayled.com\/nl\/wp-json\/wp\/v2\/types\/product"}],"replies":[{"embeddable":true,"href":"https:\/\/www.alldayled.com\/nl\/wp-json\/wp\/v2\/comments?post=39046"}],"wp:featuredmedia":[{"embeddable":true,"href":"https:\/\/www.alldayled.com\/nl\/wp-json\/wp\/v2\/media\/16294"}],"wp:attachment":[{"href":"https:\/\/www.alldayled.com\/nl\/wp-json\/wp\/v2\/media?parent=39046"}],"wp:term":[{"taxonomy":"product_brand","embeddable":true,"href":"https:\/\/www.alldayled.com\/nl\/wp-json\/wp\/v2\/product_brand?post=39046"},{"taxonomy":"product_cat","embeddable":true,"href":"https:\/\/www.alldayled.com\/nl\/wp-json\/wp\/v2\/product_cat?post=39046"},{"taxonomy":"product_tag","embeddable":true,"href":"https:\/\/www.alldayled.com\/nl\/wp-json\/wp\/v2\/product_tag?post=39046"}],"curies":[{"name":"wp","href":"https:\/\/api.w.org\/{rel}","templated":true}]}}