{"id":48783,"date":"2024-09-24T11:29:32","date_gmt":"2024-09-24T09:29:32","guid":{"rendered":"https:\/\/www.alldayled.com\/?post_type=product&#038;p=48783"},"modified":"2026-04-16T02:51:40","modified_gmt":"2026-04-16T00:51:40","slug":"strands-for9t-scale-positielicht-oranje","status":"publish","type":"product","link":"https:\/\/www.alldayled.com\/nl\/product\/strands-for9t-scale-positielicht-oranje\/","title":{"rendered":"Strands FOR9T Scale positielicht oranje"},"content":{"rendered":"<p><span style=\"color: #000000;\"><strong>Strands FOR9T Scale positielicht ORANJE, voor 12 &amp; 24 volt.\u00a0 \u00a0<\/strong><\/span><\/p>\n<p><span style=\"color: #000000;\">Ben jij op zoek naar een nieuw model markeringslamp met smoke glas? En wil je dat de LED lamp in de kleur ORANJE oplicht? Dan is de Strands For9t Scale positielicht ORANJE met smoke glas wellicht d\u00e9 lamp die je zoekt. Het volledig goedgekeurde LED positielicht is voorzien van een 5m lange aansluitkabel en wordt geleverd met montagerubber. Verder werkt de FOR9T Scale lamp op 12 en 24 volt. Dit houdt in dat je de LED lamp kan monteren op bijvoorbeeld je auto, camper, vrachtwagen, aanhangwagen of ander soort voertuig.<\/span><\/p>\n<div class=\"truncated\">\n<p><span style=\"color: #000000;\">Omdat je v\u00f3\u00f3r aankoop zeker wilt zijn dat dit d\u00e9 lamp is die jij zoekt. Hebben we hieronder een aantal eigenschappen van deze LED lamp uitgeschreven. De contourverlichting met donker glas is voorzien van onder andere het ECE R10. Ook is de LED markeringslamp van het merk Strands voorzien van het ECE R148 keurmerk. Dit keurmerk geeft aan dat je de lamp als markeringslamp mag gebruiken. Verder wordt het Strands FOR9T Scale positielicht per stuk uitgeleverd en zit er een handleiding bij iedere lamp.<\/span><\/p>\n<h5><span style=\"color: #000000;\"><strong>Afmetingen:<\/strong><\/span><\/h5>\n<p><span style=\"color: #000000;\">Omdat je er v\u00f3\u00f3r aankoop zeker van wilt zijn dat je de contourverlichting met donker glas kunt monteren waar je wilt. Hebben we hieronder de afmetingen van de LED lamp genoteerd. De afmetingen van de Strands For9t Scale positielicht ORANJE in smoke uitvoering zijn als volgt:<\/span><\/p>\n<\/div>\n<div class=\"truncated\">\n<ul>\n<li><span style=\"color: #000000;\">Lengte: 116.5 mm<\/span><\/li>\n<li><span style=\"color: #000000;\">Hoogte: 54.0 mm<\/span><\/li>\n<li><span style=\"color: #000000;\">Dikte: 22.0 mm<\/span><\/li>\n<li><span style=\"color: #000000;\">H.o.H: 90.0 mm<\/span><\/li>\n<\/ul>\n<h5><span style=\"color: #000000;\"><strong>Overige uitvoeringen:<\/strong><\/span><\/h5>\n<p><span style=\"color: #000000;\">Wil je wel een LED lamp van Strands aanschaffen uit de For9t lijn? Maar is de Strands For9t Scale positielamp ORANJE niet d\u00e9 lamp die jij zoekt? Weet dan dat de FOR9T lijn van het merk Strands ook nog diverse andere soorten lampen kent. Zie hieronder een opsomming van de overige modellen die Strands aanbied.<\/span><\/p>\n<\/div>\n<ul>\n<li><span style=\"color: #000000;\"><a style=\"color: #000000;\" href=\"https:\/\/www.alldayled.com\/product\/strands-beugel-voor-scale-en-gravity-lamp\/\"><strong>Beugel voor Scale en Gravity lamp<\/strong><\/a><\/span><\/li>\n<li><span style=\"color: #000000;\"><a style=\"color: #000000;\" href=\"https:\/\/www.alldayled.com\/product\/strands-for9t-scale-positielicht-rood\/\"><strong>For9t Scale rood<\/strong><\/a><\/span><\/li>\n<li><span style=\"color: #000000;\"><a style=\"color: #000000;\" href=\"https:\/\/www.alldayled.com\/product\/strands-for9t-scale-positielicht-wit\/\"><strong>For9t Scale wit<\/strong><\/a><\/span><\/li>\n<\/ul>\n<p><span style=\"color: #000000;\">Bent u toch van mening dat de Strands For9t Scale positielicht ORANJE niet is waarnaar u op zoek bent? Simpelweg omdat de lichtopbrengst, wattage of vorm niet naar wens is? Bekijk dan hier het complete aanbod van <a style=\"color: #000000;\" href=\"https:\/\/www.alldayled.com\/merk\/product-strands-lighting-division\/\" target=\"_blank\" rel=\"noopener\">Strands<\/a>. Wellicht vindt u hier wel het model lamp waarnaar u op zoek bent.<\/span><\/p>\n","protected":false},"excerpt":{"rendered":"<p>Strands FOR9T Scale markeerlicht oranje, geschikt voor 12 &amp; 24 volt.<\/p>\n","protected":false},"featured_media":31300,"comment_status":"open","ping_status":"closed","template":"","meta":{"_acf_changed":false},"product_brand":[5048],"product_cat":[3076,3108],"product_tag":[3155,3255,3157,3256,3257,3258,3159,3160,3161,3162,3412,3413,3266,3259],"class_list":{"0":"post-48783","1":"product","2":"type-product","3":"status-publish","4":"has-post-thumbnail","6":"product_brand-product-strands-lighting-division","7":"product_cat-markeringslampen","8":"product_cat-strands-for9t","9":"product_tag-contourverlichting","10":"product_tag-led-markering-oranje","11":"product_tag-led-markeringslamp","12":"product_tag-led-markeringslamp-12-volt","13":"product_tag-led-markeringslamp-24-volt","14":"product_tag-led-markeringslamp-oranje","15":"product_tag-markeringslamp-aanhanger","16":"product_tag-markeringslamp-camper","17":"product_tag-markeringslamp-trailer","18":"product_tag-markeringslamp-vrachtwagen","19":"product_tag-strands-led-verlichting","20":"product_tag-strands-lighting-division","21":"product_tag-truckstyling","22":"product_tag-zijmarkering","24":"first","25":"instock","26":"taxable","27":"shipping-taxable","28":"purchasable","29":"product-type-simple"},"acf":[],"yoast_head":"<!-- This site is optimized with the Yoast SEO Premium plugin v26.5 (Yoast SEO v27.1.1) - https:\/\/yoast.com\/product\/yoast-seo-premium-wordpress\/ -->\n<title>Strands FOR9T Scale positielicht oranje - All Day Led - voor 12&amp;24 Volt<\/title>\n<meta name=\"description\" content=\"Strands FOR9T Scale positielicht oranje - LED markeringslamp met ECE R148 keurmerk - met 5m aansluitkabel - SMOKE lens - auto, vrachtwagen, camper en meer\" \/>\n<meta name=\"robots\" content=\"index, follow, max-snippet:-1, max-image-preview:large, max-video-preview:-1\" \/>\n<link rel=\"canonical\" href=\"https:\/\/www.alldayled.com\/nl\/product\/strands-for9t-scale-positielicht-oranje\/\" \/>\n<meta property=\"og:locale\" content=\"nl_NL\" \/>\n<meta property=\"og:type\" content=\"article\" \/>\n<meta property=\"og:title\" content=\"Strands FOR9T Scale positielicht oranje - All Day Led - voor 12&amp;24 Volt\" \/>\n<meta property=\"og:description\" content=\"Strands FOR9T Scale positielicht oranje - LED markeringslamp met ECE R148 keurmerk - met 5m aansluitkabel - SMOKE lens - auto, vrachtwagen, camper en meer\" \/>\n<meta property=\"og:url\" content=\"https:\/\/www.alldayled.com\/nl\/product\/strands-for9t-scale-positielicht-oranje\/\" \/>\n<meta property=\"og:site_name\" content=\"All Day Led\" \/>\n<meta property=\"article:publisher\" content=\"https:\/\/www.facebook.com\/alldayled\/\" \/>\n<meta property=\"article:modified_time\" content=\"2026-04-16T00:51:40+00:00\" \/>\n<meta property=\"og:image\" content=\"https:\/\/www.alldayled.com\/wp-content\/uploads\/2020\/03\/Logo-All-Day-Led-PNG-scaled.png\" \/>\n\t<meta property=\"og:image:width\" content=\"2560\" \/>\n\t<meta property=\"og:image:height\" content=\"302\" \/>\n\t<meta property=\"og:image:type\" content=\"image\/png\" \/>\n<meta name=\"twitter:label1\" content=\"Prijs\" \/>\n\t<meta name=\"twitter:data1\" content=\"&euro;&nbsp;18,95\" \/>\n\t<meta name=\"twitter:label2\" content=\"Beschikbaarheid\" \/>\n\t<meta name=\"twitter:data2\" content=\"Op voorraad\" \/>\n<script type=\"application\/ld+json\" class=\"yoast-schema-graph\">{\"@context\":\"https:\/\/schema.org\",\"@graph\":[{\"@type\":\"WebPage\",\"@id\":\"https:\/\/www.alldayled.com\/nl\/product\/strands-for9t-scale-positielicht-oranje\/\",\"url\":\"https:\/\/www.alldayled.com\/nl\/product\/strands-for9t-scale-positielicht-oranje\/\",\"name\":\"Strands FOR9T Scale positielicht oranje - All Day Led - voor 12&24 Volt\",\"isPartOf\":{\"@id\":\"https:\/\/www.alldayled.com\/nl\/#website\"},\"primaryImageOfPage\":{\"@id\":\"https:\/\/www.alldayled.com\/nl\/product\/strands-for9t-scale-positielicht-oranje\/#primaryimage\"},\"image\":{\"@id\":\"https:\/\/www.alldayled.com\/nl\/product\/strands-for9t-scale-positielicht-oranje\/#primaryimage\"},\"thumbnailUrl\":\"https:\/\/www.alldayled.com\/wp-content\/uploads\/2024\/09\/ADL850452.png\",\"datePublished\":\"2024-09-24T09:29:32+00:00\",\"dateModified\":\"2026-04-16T00:51:40+00:00\",\"description\":\"Strands FOR9T Scale positielicht oranje - LED markeringslamp met ECE R148 keurmerk - met 5m aansluitkabel - SMOKE lens - auto, vrachtwagen, camper en meer\",\"breadcrumb\":{\"@id\":\"https:\/\/www.alldayled.com\/nl\/product\/strands-for9t-scale-positielicht-oranje\/#breadcrumb\"},\"inLanguage\":\"nl-NL\",\"potentialAction\":[{\"@type\":\"ReadAction\",\"target\":[\"https:\/\/www.alldayled.com\/nl\/product\/strands-for9t-scale-positielicht-oranje\/\"]}]},{\"@type\":\"ImageObject\",\"inLanguage\":\"nl-NL\",\"@id\":\"https:\/\/www.alldayled.com\/nl\/product\/strands-for9t-scale-positielicht-oranje\/#primaryimage\",\"url\":\"https:\/\/www.alldayled.com\/wp-content\/uploads\/2024\/09\/ADL850452.png\",\"contentUrl\":\"https:\/\/www.alldayled.com\/wp-content\/uploads\/2024\/09\/ADL850452.png\",\"width\":800,\"height\":600,\"caption\":\"Strands FOR9T Scale positielicht oranje - nieuw model markeringslicht die geleverd word met 5.0 meter kabel - eenvoudige montage gegarandeerd - voor auto, vrachtwagen, camper, aanhanger en meer - Strands 850452 - EAN: 7323030191719\"},{\"@type\":\"BreadcrumbList\",\"@id\":\"https:\/\/www.alldayled.com\/nl\/product\/strands-for9t-scale-positielicht-oranje\/#breadcrumb\",\"itemListElement\":[{\"@type\":\"ListItem\",\"position\":1,\"name\":\"Home\",\"item\":\"https:\/\/www.alldayled.com\/nl\/\"},{\"@type\":\"ListItem\",\"position\":2,\"name\":\"Winkel\",\"item\":\"https:\/\/www.alldayled.com\/nl\/winkel\/\"},{\"@type\":\"ListItem\",\"position\":3,\"name\":\"Positielampen\",\"item\":\"https:\/\/www.alldayled.com\/nl\/product-categorie\/positielampen\/\"},{\"@type\":\"ListItem\",\"position\":4,\"name\":\"Markeringslampen\",\"item\":\"https:\/\/www.alldayled.com\/nl\/product-categorie\/positielampen\/markeringslampen\/\"},{\"@type\":\"ListItem\",\"position\":5,\"name\":\"Strands FOR9T Scale positielicht oranje\"}]},{\"@type\":\"WebSite\",\"@id\":\"https:\/\/www.alldayled.com\/nl\/#website\",\"url\":\"https:\/\/www.alldayled.com\/nl\/\",\"name\":\"All Day Led\",\"description\":\"Verlichting voor 12&amp;24 volt gebruik\",\"publisher\":{\"@id\":\"https:\/\/www.alldayled.com\/nl\/#organization\"},\"potentialAction\":[{\"@type\":\"SearchAction\",\"target\":{\"@type\":\"EntryPoint\",\"urlTemplate\":\"https:\/\/www.alldayled.com\/nl\/?s={search_term_string}\"},\"query-input\":{\"@type\":\"PropertyValueSpecification\",\"valueRequired\":true,\"valueName\":\"search_term_string\"}}],\"inLanguage\":\"nl-NL\"},{\"@type\":\"Organization\",\"@id\":\"https:\/\/www.alldayled.com\/nl\/#organization\",\"name\":\"All Day Led\",\"url\":\"https:\/\/www.alldayled.com\/nl\/\",\"logo\":{\"@type\":\"ImageObject\",\"inLanguage\":\"nl-NL\",\"@id\":\"https:\/\/www.alldayled.com\/nl\/#\/schema\/logo\/image\/\",\"url\":\"https:\/\/www.alldayled.com\/wp-content\/uploads\/2025\/10\/Logo-ALL-DAY-LED-800x800-zwart-witte-letters.png\",\"contentUrl\":\"https:\/\/www.alldayled.com\/wp-content\/uploads\/2025\/10\/Logo-ALL-DAY-LED-800x800-zwart-witte-letters.png\",\"width\":800,\"height\":800,\"caption\":\"All Day Led\"},\"image\":{\"@id\":\"https:\/\/www.alldayled.com\/nl\/#\/schema\/logo\/image\/\"},\"sameAs\":[\"https:\/\/www.facebook.com\/alldayled\/\",\"https:\/\/www.instagram.com\/alldayled\/\"],\"vatID\":\"NL863960133B01\",\"taxID\":\"86416545\"}]}<\/script>\n<meta property=\"product:brand\" content=\"Strands\" \/>\n<meta property=\"product:price:amount\" content=\"18.95\" \/>\n<meta property=\"product:price:currency\" content=\"EUR\" \/>\n<meta property=\"og:availability\" content=\"instock\" \/>\n<meta property=\"product:availability\" content=\"instock\" \/>\n<meta property=\"product:retailer_item_id\" content=\"ADL850452\" \/>\n<meta property=\"product:condition\" content=\"new\" \/>\n<!-- \/ Yoast SEO Premium plugin. -->","yoast_head_json":{"title":"Strands FOR9T Scale positielicht oranje - All Day Led - voor 12&24 Volt","description":"Strands FOR9T Scale positielicht oranje - LED markeringslamp met ECE R148 keurmerk - met 5m aansluitkabel - SMOKE lens - auto, vrachtwagen, camper en meer","robots":{"index":"index","follow":"follow","max-snippet":"max-snippet:-1","max-image-preview":"max-image-preview:large","max-video-preview":"max-video-preview:-1"},"canonical":"https:\/\/www.alldayled.com\/nl\/product\/strands-for9t-scale-positielicht-oranje\/","og_locale":"nl_NL","og_type":"article","og_title":"Strands FOR9T Scale positielicht oranje - All Day Led - voor 12&24 Volt","og_description":"Strands FOR9T Scale positielicht oranje - LED markeringslamp met ECE R148 keurmerk - met 5m aansluitkabel - SMOKE lens - auto, vrachtwagen, camper en meer","og_url":"https:\/\/www.alldayled.com\/nl\/product\/strands-for9t-scale-positielicht-oranje\/","og_site_name":"All Day Led","article_publisher":"https:\/\/www.facebook.com\/alldayled\/","article_modified_time":"2026-04-16T00:51:40+00:00","og_image":[{"width":2560,"height":302,"url":"https:\/\/www.alldayled.com\/wp-content\/uploads\/2020\/03\/Logo-All-Day-Led-PNG-scaled.png","type":"image\/png"}],"twitter_misc":{"Prijs":"&euro;&nbsp;18,95","Beschikbaarheid":"Op voorraad"},"schema":{"@context":"https:\/\/schema.org","@graph":[{"@type":"WebPage","@id":"https:\/\/www.alldayled.com\/nl\/product\/strands-for9t-scale-positielicht-oranje\/","url":"https:\/\/www.alldayled.com\/nl\/product\/strands-for9t-scale-positielicht-oranje\/","name":"Strands FOR9T Scale positielicht oranje - All Day Led - voor 12&24 Volt","isPartOf":{"@id":"https:\/\/www.alldayled.com\/nl\/#website"},"primaryImageOfPage":{"@id":"https:\/\/www.alldayled.com\/nl\/product\/strands-for9t-scale-positielicht-oranje\/#primaryimage"},"image":{"@id":"https:\/\/www.alldayled.com\/nl\/product\/strands-for9t-scale-positielicht-oranje\/#primaryimage"},"thumbnailUrl":"https:\/\/www.alldayled.com\/wp-content\/uploads\/2024\/09\/ADL850452.png","datePublished":"2024-09-24T09:29:32+00:00","dateModified":"2026-04-16T00:51:40+00:00","description":"Strands FOR9T Scale positielicht oranje - LED markeringslamp met ECE R148 keurmerk - met 5m aansluitkabel - SMOKE lens - auto, vrachtwagen, camper en meer","breadcrumb":{"@id":"https:\/\/www.alldayled.com\/nl\/product\/strands-for9t-scale-positielicht-oranje\/#breadcrumb"},"inLanguage":"nl-NL","potentialAction":[{"@type":"ReadAction","target":["https:\/\/www.alldayled.com\/nl\/product\/strands-for9t-scale-positielicht-oranje\/"]}]},{"@type":"ImageObject","inLanguage":"nl-NL","@id":"https:\/\/www.alldayled.com\/nl\/product\/strands-for9t-scale-positielicht-oranje\/#primaryimage","url":"https:\/\/www.alldayled.com\/wp-content\/uploads\/2024\/09\/ADL850452.png","contentUrl":"https:\/\/www.alldayled.com\/wp-content\/uploads\/2024\/09\/ADL850452.png","width":800,"height":600,"caption":"Strands FOR9T Scale positielicht oranje - nieuw model markeringslicht die geleverd word met 5.0 meter kabel - eenvoudige montage gegarandeerd - voor auto, vrachtwagen, camper, aanhanger en meer - Strands 850452 - EAN: 7323030191719"},{"@type":"BreadcrumbList","@id":"https:\/\/www.alldayled.com\/nl\/product\/strands-for9t-scale-positielicht-oranje\/#breadcrumb","itemListElement":[{"@type":"ListItem","position":1,"name":"Home","item":"https:\/\/www.alldayled.com\/nl\/"},{"@type":"ListItem","position":2,"name":"Winkel","item":"https:\/\/www.alldayled.com\/nl\/winkel\/"},{"@type":"ListItem","position":3,"name":"Positielampen","item":"https:\/\/www.alldayled.com\/nl\/product-categorie\/positielampen\/"},{"@type":"ListItem","position":4,"name":"Markeringslampen","item":"https:\/\/www.alldayled.com\/nl\/product-categorie\/positielampen\/markeringslampen\/"},{"@type":"ListItem","position":5,"name":"Strands FOR9T Scale positielicht oranje"}]},{"@type":"WebSite","@id":"https:\/\/www.alldayled.com\/nl\/#website","url":"https:\/\/www.alldayled.com\/nl\/","name":"All Day Led","description":"Verlichting voor 12&amp;24 volt gebruik","publisher":{"@id":"https:\/\/www.alldayled.com\/nl\/#organization"},"potentialAction":[{"@type":"SearchAction","target":{"@type":"EntryPoint","urlTemplate":"https:\/\/www.alldayled.com\/nl\/?s={search_term_string}"},"query-input":{"@type":"PropertyValueSpecification","valueRequired":true,"valueName":"search_term_string"}}],"inLanguage":"nl-NL"},{"@type":"Organization","@id":"https:\/\/www.alldayled.com\/nl\/#organization","name":"All Day Led","url":"https:\/\/www.alldayled.com\/nl\/","logo":{"@type":"ImageObject","inLanguage":"nl-NL","@id":"https:\/\/www.alldayled.com\/nl\/#\/schema\/logo\/image\/","url":"https:\/\/www.alldayled.com\/wp-content\/uploads\/2025\/10\/Logo-ALL-DAY-LED-800x800-zwart-witte-letters.png","contentUrl":"https:\/\/www.alldayled.com\/wp-content\/uploads\/2025\/10\/Logo-ALL-DAY-LED-800x800-zwart-witte-letters.png","width":800,"height":800,"caption":"All Day Led"},"image":{"@id":"https:\/\/www.alldayled.com\/nl\/#\/schema\/logo\/image\/"},"sameAs":["https:\/\/www.facebook.com\/alldayled\/","https:\/\/www.instagram.com\/alldayled\/"],"vatID":"NL863960133B01","taxID":"86416545"}]},"product_brand":"Strands","product_price_amount":"18.95","product_price_currency":"EUR","og_availability":"instock","product_availability":"instock","product_retailer_item_id":"ADL850452","product_condition":"new"},"_links":{"self":[{"href":"https:\/\/www.alldayled.com\/nl\/wp-json\/wp\/v2\/product\/48783","targetHints":{"allow":["GET"]}}],"collection":[{"href":"https:\/\/www.alldayled.com\/nl\/wp-json\/wp\/v2\/product"}],"about":[{"href":"https:\/\/www.alldayled.com\/nl\/wp-json\/wp\/v2\/types\/product"}],"replies":[{"embeddable":true,"href":"https:\/\/www.alldayled.com\/nl\/wp-json\/wp\/v2\/comments?post=48783"}],"wp:featuredmedia":[{"embeddable":true,"href":"https:\/\/www.alldayled.com\/nl\/wp-json\/wp\/v2\/media\/31300"}],"wp:attachment":[{"href":"https:\/\/www.alldayled.com\/nl\/wp-json\/wp\/v2\/media?parent=48783"}],"wp:term":[{"taxonomy":"product_brand","embeddable":true,"href":"https:\/\/www.alldayled.com\/nl\/wp-json\/wp\/v2\/product_brand?post=48783"},{"taxonomy":"product_cat","embeddable":true,"href":"https:\/\/www.alldayled.com\/nl\/wp-json\/wp\/v2\/product_cat?post=48783"},{"taxonomy":"product_tag","embeddable":true,"href":"https:\/\/www.alldayled.com\/nl\/wp-json\/wp\/v2\/product_tag?post=48783"}],"curies":[{"name":"wp","href":"https:\/\/api.w.org\/{rel}","templated":true}]}}