{"id":50415,"date":"2024-10-12T16:31:17","date_gmt":"2024-10-12T14:31:17","guid":{"rendered":"https:\/\/www.alldayled.com\/?post_type=product&#038;p=50415"},"modified":"2026-04-19T09:42:27","modified_gmt":"2026-04-19T07:42:27","slug":"strands-siberia-xp-qube","status":"publish","type":"product","link":"https:\/\/www.alldayled.com\/nl\/product\/strands-siberia-xp-qube\/","title":{"rendered":"Strands Siberia XP Qube"},"content":{"rendered":"<p><span style=\"color: #000000;\"><strong>Strands Siberia XP QUBE lamp 38w, voor 12 en 24 volt.\u00a0<\/strong><\/span><\/p>\n<p><span style=\"color: #000000;\">Wil je een LED lamp monteren die voorzien is van een DUAL COLOR standlicht? Maar weet je niet precies wat je zoekt? Dan is de Strands Siberia XP QUBE LED lamp 38w wellicht d\u00e9 lamp die je zoekt. De LED lamp is voorzien van 4 felle LED punten en heeft een theoretische lichtopbrengst van 4800 lumen. Verder werkt de XP LED lamp op 12 en 24 volt. Dit betekent dat je de LED werklamp kan monteren op bijvoorbeeld uw auto, camper, vrachtwagen, aanhangwagen of ander soort voertuig.<\/span><\/p>\n<p><span style=\"color: #000000;\">Omdat je v\u00f3\u00f3r aankoop zeker wilt zijn dat dit d\u00e9 lamp is die jij zoekt. Hebben we hieronder een aantal eigenschappen van deze LED lamp uitgeschreven. De Strands Siberia XP QUBE met twee kleuren standlicht ORANJE \/ WIT is voorzien van onder andere het ECE R10. Dit keurmerk geeft aan dat de lamp bij juiste installatie radio ontstoord is. Verder heeft de LED lamp ook het IP69K keurmerk. Dit keurmerk geeft aan dat de lamp stof en dompeldicht is. Om het aansluiten eenvoudig te maken is er een DT4 aansluitstekker gemonteerd.\u00a0<\/span><\/p>\n<div class=\"truncated\">\n<h5><span style=\"color: #000000;\"><strong>Afmetingen:<\/strong><\/span><\/h5>\n<p><span style=\"color: #000000;\">Omdat je er v\u00f3\u00f3r aankoop zeker van wilt zijn dat je de werklamp met DUAL COLOR standlicht functie kunt monteren waar je wilt. Hebben we hieronder de afmetingen van de LED lamp genoteerd. De afmetingen van de Strands Siberia XP QUBE LED lamp 38w zijn als volgt:<\/span><\/p>\n<ul>\n<li><span style=\"color: #000000;\">Hoogte: 72.0 mm (81.5 mm incl. bevestiging)\u00a0<\/span><\/li>\n<li><span style=\"color: #000000;\">Breedte: 72.0 mm<\/span><\/li>\n<li><span style=\"color: #000000;\">Dikte: 72.0 mm<\/span><\/li>\n<\/ul>\n<h5><span style=\"color: #000000;\"><strong>Overige uitvoeringen:<\/strong><\/span><\/h5>\n<p><span style=\"color: #000000;\">Wil je wel een LED lamp van Strands aanschaffen uit de Siberia XP lijn? Maar is de Strands Siberia XP QUBE LED lamp niet d\u00e9 lamp die je zoekt? Weet dan dat de Siberia XP lijn van het merk Strands ook nog diverse andere soorten lampen kent. Zie hieronder een opsomming van de overige modellen die Strands aanbied.<\/span><\/p>\n<\/div>\n<ul>\n<li><span style=\"color: #000000;\"><strong><a style=\"color: #000000;\" href=\"https:\/\/www.alldayled.com\/product\/strands-siberia-xp-red-panda\/\">Siberia XP RED PANDA<\/a><\/strong><strong><br \/>\n<\/strong><\/span><\/li>\n<li><span style=\"color: #000000;\"><a style=\"color: #000000;\" href=\"https:\/\/www.alldayled.com\/product\/strands-siberia-xp-red-tiger-12-inch\/\"><strong>Siberia XP RED TIGER<\/strong><\/a><\/span><\/li>\n<li><span style=\"color: #000000;\"><strong><a style=\"color: #000000;\" href=\"https:\/\/www.alldayled.com\/product\/strands-siberia-xp-red-fox\/\">Siberia XP RED FOX<\/a><\/strong><\/span><\/li>\n<li><span style=\"color: #000000;\"><a style=\"color: #000000;\" href=\"https:\/\/www.alldayled.com\/product\/strands-siberia-xp-heat-werklamp\/\"><strong>Siberia XP HEAT<\/strong><\/a><\/span><\/li>\n<\/ul>\n<p><span style=\"color: #000000;\">Ben je na het lezen van alle specificaties en het bekijken van de foto&#8217;s toch nog niet overtuigd? Simpelweg omdat de vorm, lichtopbrengst of kleur van de Siberia XP QUBE niet naar wens is? Bekijk dan hier het complete aanbod van <a style=\"color: #000000;\" href=\"https:\/\/www.alldayled.com\/merk\/product-strands-lighting-division\/\" target=\"_blank\" rel=\"noopener\">Strands<\/a>. Wellicht vind je hier wel het model lamp waarnaar je op zoek bent.<\/span><\/p>\n","protected":false},"excerpt":{"rendered":"<p>Compacte LED werklamp met wit en oranje standlicht, voor 12 en 24 volt.<\/p>\n","protected":false},"featured_media":82491,"comment_status":"open","ping_status":"closed","template":"","meta":{"_acf_changed":false},"product_brand":[5048],"product_cat":[3102,3117],"product_tag":[3802,3803,3804,3805,3806,3807,3134,3412,3808,3413,3810,3273],"class_list":{"0":"post-50415","1":"product","2":"type-product","3":"status-publish","4":"has-post-thumbnail","6":"product_brand-product-strands-lighting-division","7":"product_cat-strands-siberia","8":"product_cat-werklamp-vierkant","9":"product_tag-led-verstraler","10":"product_tag-led-verstraler-auto","11":"product_tag-led-verstraler-camper","12":"product_tag-led-verstraler-pickup","13":"product_tag-led-verstraler-tractor","14":"product_tag-led-verstraler-vrachtwagen","15":"product_tag-led-werklamp","16":"product_tag-strands-led-verlichting","17":"product_tag-strands-led-werklamp","18":"product_tag-strands-lighting-division","19":"product_tag-strands-siberia-verstraler","20":"product_tag-verstraler-met-stadslicht","22":"first","23":"instock","24":"taxable","25":"shipping-taxable","26":"purchasable","27":"product-type-simple"},"acf":[],"yoast_head":"<!-- This site is optimized with the Yoast SEO Premium plugin v26.5 (Yoast SEO v27.1.1) - https:\/\/yoast.com\/product\/yoast-seo-premium-wordpress\/ -->\n<title>Siberia XP QUBE lamp - STRANDS - All Day Led - voor 12&amp;24V<\/title>\n<meta name=\"description\" content=\"Siberia XP QUBE lamp 38w werklamp - met ORANJE en WIT positielicht - super strak design - 4800 Lumen - met DT-4 stekker - 1 lux @ 151 meter\" \/>\n<meta name=\"robots\" content=\"index, follow, max-snippet:-1, max-image-preview:large, max-video-preview:-1\" \/>\n<link rel=\"canonical\" href=\"https:\/\/www.alldayled.com\/nl\/product\/strands-siberia-xp-qube\/\" \/>\n<meta property=\"og:locale\" content=\"nl_NL\" \/>\n<meta property=\"og:type\" content=\"article\" \/>\n<meta property=\"og:title\" content=\"Siberia XP QUBE lamp - STRANDS - All Day Led - voor 12&amp;24V\" \/>\n<meta property=\"og:description\" content=\"Siberia XP QUBE lamp 38w werklamp - met ORANJE en WIT positielicht - super strak design - 4800 Lumen - met DT-4 stekker - 1 lux @ 151 meter\" \/>\n<meta property=\"og:url\" content=\"https:\/\/www.alldayled.com\/nl\/product\/strands-siberia-xp-qube\/\" \/>\n<meta property=\"og:site_name\" content=\"All Day Led\" \/>\n<meta property=\"article:publisher\" content=\"https:\/\/www.facebook.com\/alldayled\/\" \/>\n<meta property=\"article:modified_time\" content=\"2026-04-19T07:42:27+00:00\" \/>\n<meta property=\"og:image\" content=\"https:\/\/www.alldayled.com\/wp-content\/uploads\/2020\/03\/Logo-All-Day-Led-PNG-scaled.png\" \/>\n\t<meta property=\"og:image:width\" content=\"2560\" \/>\n\t<meta property=\"og:image:height\" content=\"302\" \/>\n\t<meta property=\"og:image:type\" content=\"image\/png\" \/>\n<meta name=\"twitter:label1\" content=\"Prijs\" \/>\n\t<meta name=\"twitter:data1\" content=\"&euro;&nbsp;79,00\" \/>\n\t<meta name=\"twitter:label2\" content=\"Beschikbaarheid\" \/>\n\t<meta name=\"twitter:data2\" content=\"Op voorraad\" \/>\n<script type=\"application\/ld+json\" class=\"yoast-schema-graph\">{\"@context\":\"https:\/\/schema.org\",\"@graph\":[{\"@type\":\"WebPage\",\"@id\":\"https:\/\/www.alldayled.com\/nl\/product\/strands-siberia-xp-qube\/\",\"url\":\"https:\/\/www.alldayled.com\/nl\/product\/strands-siberia-xp-qube\/\",\"name\":\"Siberia XP QUBE lamp - STRANDS - All Day Led - voor 12&24V\",\"isPartOf\":{\"@id\":\"https:\/\/www.alldayled.com\/nl\/#website\"},\"primaryImageOfPage\":{\"@id\":\"https:\/\/www.alldayled.com\/nl\/product\/strands-siberia-xp-qube\/#primaryimage\"},\"image\":{\"@id\":\"https:\/\/www.alldayled.com\/nl\/product\/strands-siberia-xp-qube\/#primaryimage\"},\"thumbnailUrl\":\"https:\/\/www.alldayled.com\/wp-content\/uploads\/2024\/10\/ADL809283-1.png\",\"datePublished\":\"2024-10-12T14:31:17+00:00\",\"dateModified\":\"2026-04-19T07:42:27+00:00\",\"description\":\"Siberia XP QUBE lamp 38w werklamp - met ORANJE en WIT positielicht - super strak design - 4800 Lumen - met DT-4 stekker - 1 lux @ 151 meter\",\"breadcrumb\":{\"@id\":\"https:\/\/www.alldayled.com\/nl\/product\/strands-siberia-xp-qube\/#breadcrumb\"},\"inLanguage\":\"nl-NL\",\"potentialAction\":[{\"@type\":\"ReadAction\",\"target\":[\"https:\/\/www.alldayled.com\/nl\/product\/strands-siberia-xp-qube\/\"]}]},{\"@type\":\"ImageObject\",\"inLanguage\":\"nl-NL\",\"@id\":\"https:\/\/www.alldayled.com\/nl\/product\/strands-siberia-xp-qube\/#primaryimage\",\"url\":\"https:\/\/www.alldayled.com\/wp-content\/uploads\/2024\/10\/ADL809283-1.png\",\"contentUrl\":\"https:\/\/www.alldayled.com\/wp-content\/uploads\/2024\/10\/ADL809283-1.png\",\"width\":800,\"height\":600,\"caption\":\"ADL809283 standlicht wit\"},{\"@type\":\"BreadcrumbList\",\"@id\":\"https:\/\/www.alldayled.com\/nl\/product\/strands-siberia-xp-qube\/#breadcrumb\",\"itemListElement\":[{\"@type\":\"ListItem\",\"position\":1,\"name\":\"Home\",\"item\":\"https:\/\/www.alldayled.com\/nl\/\"},{\"@type\":\"ListItem\",\"position\":2,\"name\":\"Winkel\",\"item\":\"https:\/\/www.alldayled.com\/nl\/winkel\/\"},{\"@type\":\"ListItem\",\"position\":3,\"name\":\"Werklampen\",\"item\":\"https:\/\/www.alldayled.com\/nl\/product-categorie\/werklampen\/\"},{\"@type\":\"ListItem\",\"position\":4,\"name\":\"Werklamp vierkant\",\"item\":\"https:\/\/www.alldayled.com\/nl\/product-categorie\/werklampen\/werklamp-vierkant\/\"},{\"@type\":\"ListItem\",\"position\":5,\"name\":\"Strands Siberia XP Qube\"}]},{\"@type\":\"WebSite\",\"@id\":\"https:\/\/www.alldayled.com\/nl\/#website\",\"url\":\"https:\/\/www.alldayled.com\/nl\/\",\"name\":\"All Day Led\",\"description\":\"Verlichting voor 12&amp;24 volt gebruik\",\"publisher\":{\"@id\":\"https:\/\/www.alldayled.com\/nl\/#organization\"},\"potentialAction\":[{\"@type\":\"SearchAction\",\"target\":{\"@type\":\"EntryPoint\",\"urlTemplate\":\"https:\/\/www.alldayled.com\/nl\/?s={search_term_string}\"},\"query-input\":{\"@type\":\"PropertyValueSpecification\",\"valueRequired\":true,\"valueName\":\"search_term_string\"}}],\"inLanguage\":\"nl-NL\"},{\"@type\":\"Organization\",\"@id\":\"https:\/\/www.alldayled.com\/nl\/#organization\",\"name\":\"All Day Led\",\"url\":\"https:\/\/www.alldayled.com\/nl\/\",\"logo\":{\"@type\":\"ImageObject\",\"inLanguage\":\"nl-NL\",\"@id\":\"https:\/\/www.alldayled.com\/nl\/#\/schema\/logo\/image\/\",\"url\":\"https:\/\/www.alldayled.com\/wp-content\/uploads\/2025\/10\/Logo-ALL-DAY-LED-800x800-zwart-witte-letters.png\",\"contentUrl\":\"https:\/\/www.alldayled.com\/wp-content\/uploads\/2025\/10\/Logo-ALL-DAY-LED-800x800-zwart-witte-letters.png\",\"width\":800,\"height\":800,\"caption\":\"All Day Led\"},\"image\":{\"@id\":\"https:\/\/www.alldayled.com\/nl\/#\/schema\/logo\/image\/\"},\"sameAs\":[\"https:\/\/www.facebook.com\/alldayled\/\",\"https:\/\/www.instagram.com\/alldayled\/\"],\"vatID\":\"NL863960133B01\",\"taxID\":\"86416545\"}]}<\/script>\n<meta property=\"product:brand\" content=\"Strands\" \/>\n<meta property=\"product:price:amount\" content=\"79.00\" \/>\n<meta property=\"product:price:currency\" content=\"EUR\" \/>\n<meta property=\"og:availability\" content=\"instock\" \/>\n<meta property=\"product:availability\" content=\"instock\" \/>\n<meta property=\"product:retailer_item_id\" content=\"ADL809283\" \/>\n<meta property=\"product:condition\" content=\"new\" \/>\n<!-- \/ Yoast SEO Premium plugin. -->","yoast_head_json":{"title":"Siberia XP QUBE lamp - STRANDS - All Day Led - voor 12&24V","description":"Siberia XP QUBE lamp 38w werklamp - met ORANJE en WIT positielicht - super strak design - 4800 Lumen - met DT-4 stekker - 1 lux @ 151 meter","robots":{"index":"index","follow":"follow","max-snippet":"max-snippet:-1","max-image-preview":"max-image-preview:large","max-video-preview":"max-video-preview:-1"},"canonical":"https:\/\/www.alldayled.com\/nl\/product\/strands-siberia-xp-qube\/","og_locale":"nl_NL","og_type":"article","og_title":"Siberia XP QUBE lamp - STRANDS - All Day Led - voor 12&24V","og_description":"Siberia XP QUBE lamp 38w werklamp - met ORANJE en WIT positielicht - super strak design - 4800 Lumen - met DT-4 stekker - 1 lux @ 151 meter","og_url":"https:\/\/www.alldayled.com\/nl\/product\/strands-siberia-xp-qube\/","og_site_name":"All Day Led","article_publisher":"https:\/\/www.facebook.com\/alldayled\/","article_modified_time":"2026-04-19T07:42:27+00:00","og_image":[{"width":2560,"height":302,"url":"https:\/\/www.alldayled.com\/wp-content\/uploads\/2020\/03\/Logo-All-Day-Led-PNG-scaled.png","type":"image\/png"}],"twitter_misc":{"Prijs":"&euro;&nbsp;79,00","Beschikbaarheid":"Op voorraad"},"schema":{"@context":"https:\/\/schema.org","@graph":[{"@type":"WebPage","@id":"https:\/\/www.alldayled.com\/nl\/product\/strands-siberia-xp-qube\/","url":"https:\/\/www.alldayled.com\/nl\/product\/strands-siberia-xp-qube\/","name":"Siberia XP QUBE lamp - STRANDS - All Day Led - voor 12&24V","isPartOf":{"@id":"https:\/\/www.alldayled.com\/nl\/#website"},"primaryImageOfPage":{"@id":"https:\/\/www.alldayled.com\/nl\/product\/strands-siberia-xp-qube\/#primaryimage"},"image":{"@id":"https:\/\/www.alldayled.com\/nl\/product\/strands-siberia-xp-qube\/#primaryimage"},"thumbnailUrl":"https:\/\/www.alldayled.com\/wp-content\/uploads\/2024\/10\/ADL809283-1.png","datePublished":"2024-10-12T14:31:17+00:00","dateModified":"2026-04-19T07:42:27+00:00","description":"Siberia XP QUBE lamp 38w werklamp - met ORANJE en WIT positielicht - super strak design - 4800 Lumen - met DT-4 stekker - 1 lux @ 151 meter","breadcrumb":{"@id":"https:\/\/www.alldayled.com\/nl\/product\/strands-siberia-xp-qube\/#breadcrumb"},"inLanguage":"nl-NL","potentialAction":[{"@type":"ReadAction","target":["https:\/\/www.alldayled.com\/nl\/product\/strands-siberia-xp-qube\/"]}]},{"@type":"ImageObject","inLanguage":"nl-NL","@id":"https:\/\/www.alldayled.com\/nl\/product\/strands-siberia-xp-qube\/#primaryimage","url":"https:\/\/www.alldayled.com\/wp-content\/uploads\/2024\/10\/ADL809283-1.png","contentUrl":"https:\/\/www.alldayled.com\/wp-content\/uploads\/2024\/10\/ADL809283-1.png","width":800,"height":600,"caption":"ADL809283 standlicht wit"},{"@type":"BreadcrumbList","@id":"https:\/\/www.alldayled.com\/nl\/product\/strands-siberia-xp-qube\/#breadcrumb","itemListElement":[{"@type":"ListItem","position":1,"name":"Home","item":"https:\/\/www.alldayled.com\/nl\/"},{"@type":"ListItem","position":2,"name":"Winkel","item":"https:\/\/www.alldayled.com\/nl\/winkel\/"},{"@type":"ListItem","position":3,"name":"Werklampen","item":"https:\/\/www.alldayled.com\/nl\/product-categorie\/werklampen\/"},{"@type":"ListItem","position":4,"name":"Werklamp vierkant","item":"https:\/\/www.alldayled.com\/nl\/product-categorie\/werklampen\/werklamp-vierkant\/"},{"@type":"ListItem","position":5,"name":"Strands Siberia XP Qube"}]},{"@type":"WebSite","@id":"https:\/\/www.alldayled.com\/nl\/#website","url":"https:\/\/www.alldayled.com\/nl\/","name":"All Day Led","description":"Verlichting voor 12&amp;24 volt gebruik","publisher":{"@id":"https:\/\/www.alldayled.com\/nl\/#organization"},"potentialAction":[{"@type":"SearchAction","target":{"@type":"EntryPoint","urlTemplate":"https:\/\/www.alldayled.com\/nl\/?s={search_term_string}"},"query-input":{"@type":"PropertyValueSpecification","valueRequired":true,"valueName":"search_term_string"}}],"inLanguage":"nl-NL"},{"@type":"Organization","@id":"https:\/\/www.alldayled.com\/nl\/#organization","name":"All Day Led","url":"https:\/\/www.alldayled.com\/nl\/","logo":{"@type":"ImageObject","inLanguage":"nl-NL","@id":"https:\/\/www.alldayled.com\/nl\/#\/schema\/logo\/image\/","url":"https:\/\/www.alldayled.com\/wp-content\/uploads\/2025\/10\/Logo-ALL-DAY-LED-800x800-zwart-witte-letters.png","contentUrl":"https:\/\/www.alldayled.com\/wp-content\/uploads\/2025\/10\/Logo-ALL-DAY-LED-800x800-zwart-witte-letters.png","width":800,"height":800,"caption":"All Day Led"},"image":{"@id":"https:\/\/www.alldayled.com\/nl\/#\/schema\/logo\/image\/"},"sameAs":["https:\/\/www.facebook.com\/alldayled\/","https:\/\/www.instagram.com\/alldayled\/"],"vatID":"NL863960133B01","taxID":"86416545"}]},"product_brand":"Strands","product_price_amount":"79.00","product_price_currency":"EUR","og_availability":"instock","product_availability":"instock","product_retailer_item_id":"ADL809283","product_condition":"new"},"_links":{"self":[{"href":"https:\/\/www.alldayled.com\/nl\/wp-json\/wp\/v2\/product\/50415","targetHints":{"allow":["GET"]}}],"collection":[{"href":"https:\/\/www.alldayled.com\/nl\/wp-json\/wp\/v2\/product"}],"about":[{"href":"https:\/\/www.alldayled.com\/nl\/wp-json\/wp\/v2\/types\/product"}],"replies":[{"embeddable":true,"href":"https:\/\/www.alldayled.com\/nl\/wp-json\/wp\/v2\/comments?post=50415"}],"wp:featuredmedia":[{"embeddable":true,"href":"https:\/\/www.alldayled.com\/nl\/wp-json\/wp\/v2\/media\/82491"}],"wp:attachment":[{"href":"https:\/\/www.alldayled.com\/nl\/wp-json\/wp\/v2\/media?parent=50415"}],"wp:term":[{"taxonomy":"product_brand","embeddable":true,"href":"https:\/\/www.alldayled.com\/nl\/wp-json\/wp\/v2\/product_brand?post=50415"},{"taxonomy":"product_cat","embeddable":true,"href":"https:\/\/www.alldayled.com\/nl\/wp-json\/wp\/v2\/product_cat?post=50415"},{"taxonomy":"product_tag","embeddable":true,"href":"https:\/\/www.alldayled.com\/nl\/wp-json\/wp\/v2\/product_tag?post=50415"}],"curies":[{"name":"wp","href":"https:\/\/api.w.org\/{rel}","templated":true}]}}