{"id":51260,"date":"2024-12-11T15:14:54","date_gmt":"2024-12-11T14:14:54","guid":{"rendered":"https:\/\/www.alldayled.com\/?post_type=product&#038;p=51260"},"modified":"2025-12-31T13:34:46","modified_gmt":"2025-12-31T12:34:46","slug":"strands-dark-knight-12-led-flitser-dual-color","status":"publish","type":"product","link":"https:\/\/www.alldayled.com\/nl\/product\/strands-dark-knight-12-led-flitser-dual-color\/","title":{"rendered":"Strands Dark Knight 12 LED flitser &#8211; DUAL COLOR"},"content":{"rendered":"<p><span style=\"color: #000000;\"><strong>Strands Dark Knight 12 LED flitser DUAL COLOR met donker glas, voor 12 &amp; 24 volt.\u00a0<\/strong><\/span><\/p>\n<p><span style=\"color: #000000;\">Wil jij je voertuig of aanhanger voorzien van een nieuwe of extra LED flitser? Maar wil je niet dat deze maar in 1 kleur kan oplichten? Wellicht is de Strands Dark Knight 12 LED flitser DUAL COLOR dan wel d\u00e9 lamp die je zoekt. De LED lamp is voorzien van 12 felle LED punten die middels 20 verschillende patronen op kunnen lichten in de kleur wit of amber. Verder werkt de DUAL COLOR LED flitser op 12 en 24 volt. Dit betekent dat je de LED waarschuwingslamp kan monteren op bijvoorbeeld uw auto, camper, vrachtwagen, aanhangwagen of ander soort voertuig.<\/span><\/p>\n<p><span style=\"color: #000000;\">Omdat je v\u00f3\u00f3r aankoop zeker wilt zijn dat dit d\u00e9 lamp is die jij zoekt. Hebben we hieronder een aantal eigenschappen van deze LED lamp uitgeschreven. De Strands Dark Knight 12 LED flitser DUAL COLOR is voorzien van onder andere het ECE R10. Dit keurmerk geeft aan dat de waarschuwingslamp LED lamp bij juiste installatie radio ontstoord is. Verder heeft de LED lamp ook het ECE R65 keurmerk. Dit keurmerk geeft aan dat de flitser op de openbare weg gebruikt mag worden. Om het aansluiten eenvoudig te maken is er een 1 meter lange aansluitkabel aan de lamp gemonteerd.\u00a0<\/span><\/p>\n<div class=\"truncated\">\n<h5><span style=\"color: #000000;\"><strong>Afmetingen:<\/strong><\/span><\/h5>\n<p><span style=\"color: #000000;\">Omdat je er v\u00f3\u00f3r aankoop zeker van wilt zijn dat je de waarschuwingslamp met DUAL COLOR flitsfunctie kunt monteren waar je wilt. Hebben we hieronder de afmetingen van de LED lamp genoteerd. De afmetingen van de Dark Knight 12 LED flitser &#8211; 25w zijn als volgt:<\/span><\/p>\n<ul>\n<li><span style=\"color: #000000;\">Lengte: 125.5 mm<\/span><\/li>\n<li><span style=\"color: #000000;\">Hoogte: 59.5 mm<\/span><\/li>\n<li><span style=\"color: #000000;\">Dikte: 15 mm<\/span><\/li>\n<li><span style=\"color: #000000;\">H.o.H: 116.7<\/span><\/li>\n<\/ul>\n<h5><span style=\"color: #000000;\"><strong>Overige uitvoeringen:<\/strong><\/span><\/h5>\n<p><span style=\"color: #000000;\">Wil je wel een DUAL COLOR LED lamp van Strands aanschaffen uit de Dark Knight lijn? Maar is de Strands Dark Knight 12 LED flitser DUAL COLOR 25w LED lamp niet d\u00e9 lamp die je zoekt? Weet dan dat de Dark Knight lijn van het merk Strands ook nog diverse andere soorten lampen kent. Zie hieronder een opsomming van de overige modellen die Strands aanbied.<\/span><\/p>\n<ul>\n<li><span style=\"color: #000000;\"><a style=\"color: #000000;\" href=\"https:\/\/www.alldayled.com\/product\/strands-dark-knight-18-led-flitser-dual-color\/\"><strong>DUAL COLOR DK strobe 18 LED<\/strong><\/a><\/span><\/li>\n<li><span style=\"color: #000000;\"><a style=\"color: #000000;\" href=\"https:\/\/www.alldayled.com\/product\/strands-dark-knight-6-led-flitser-dual-color\/\"><strong>DUAL COLOR DK strobe 6 LED<\/strong><\/a><\/span><\/li>\n<\/ul>\n<\/div>\n<p><span style=\"color: #000000;\">Ben je na het lezen van alle specificaties en het bekijken van de foto&#8217;s toch nog niet overtuigd? Simpelweg omdat de vorm, lichtopbrengst of kleur van de Strands Dark Knight 12 LED flitser DUAL COLOR niet naar wens is? Bekijk dan hier het complete aanbod van <a style=\"color: #000000;\" href=\"https:\/\/www.alldayled.com\/merk\/product-strands-lighting-division\/\" target=\"_blank\" rel=\"noopener\">Strands<\/a>. Wellicht vind je hier wel het model lamp waarnaar je op zoek bent.<\/span><\/p>\n","protected":false},"excerpt":{"rendered":"<p>Strands 12 LED flitser met 2 kleuren en 20 verschillende patronen!<\/p>\n","protected":false},"featured_media":32932,"comment_status":"open","ping_status":"closed","template":"","meta":{"_acf_changed":false},"product_brand":[5048],"product_cat":[3113,3103],"product_tag":[3585,3586,3587,3588,3589,3590,3591,3592,3593,3594],"class_list":{"0":"post-51260","1":"product","2":"type-product","3":"status-publish","4":"has-post-thumbnail","6":"product_brand-product-strands-lighting-division","7":"product_cat-flitser","8":"product_cat-strands-dark-knight","9":"product_tag-led-flitser","10":"product_tag-led-flitser-12-volt","11":"product_tag-led-flitser-12v","12":"product_tag-led-flitser-24-volt","13":"product_tag-led-flitser-24v","14":"product_tag-led-flitser-aanhanger","15":"product_tag-led-flitser-auto","16":"product_tag-led-flitser-oranje","17":"product_tag-led-flitser-tractor","18":"product_tag-led-flitser-vrachtwagen","20":"first","21":"instock","22":"taxable","23":"shipping-taxable","24":"purchasable","25":"product-type-simple"},"acf":[],"yoast_head":"<!-- This site is optimized with the Yoast SEO Premium plugin v26.5 (Yoast SEO v27.1.1) - https:\/\/yoast.com\/product\/yoast-seo-premium-wordpress\/ -->\n<title>Strands 12 LED flitser dual color - Dark Knight - All Day Led - 12&amp;24V<\/title>\n<meta name=\"description\" content=\"Strands 12 LED flitser DUAL COLOR - waarschuwingslamp met 1m kabel en ECE R65 - 20 patronen - aluminium behuizing - auto, aanhanger, vrachtwagen en meer\" \/>\n<meta name=\"robots\" content=\"index, follow, max-snippet:-1, max-image-preview:large, max-video-preview:-1\" \/>\n<link rel=\"canonical\" href=\"https:\/\/www.alldayled.com\/nl\/product\/strands-dark-knight-12-led-flitser-dual-color\/\" \/>\n<meta property=\"og:locale\" content=\"nl_NL\" \/>\n<meta property=\"og:type\" content=\"article\" \/>\n<meta property=\"og:title\" content=\"Strands 12 LED flitser dual color - Dark Knight - All Day Led - 12&amp;24V\" \/>\n<meta property=\"og:description\" content=\"Strands 12 LED flitser DUAL COLOR - waarschuwingslamp met 1m kabel en ECE R65 - 20 patronen - aluminium behuizing - auto, aanhanger, vrachtwagen en meer\" \/>\n<meta property=\"og:url\" content=\"https:\/\/www.alldayled.com\/nl\/product\/strands-dark-knight-12-led-flitser-dual-color\/\" \/>\n<meta property=\"og:site_name\" content=\"All Day Led\" \/>\n<meta property=\"article:publisher\" content=\"https:\/\/www.facebook.com\/alldayled\/\" \/>\n<meta property=\"article:modified_time\" content=\"2025-12-31T12:34:46+00:00\" \/>\n<meta property=\"og:image\" content=\"https:\/\/www.alldayled.com\/wp-content\/uploads\/2020\/03\/Logo-All-Day-Led-PNG-scaled.png\" \/>\n\t<meta property=\"og:image:width\" content=\"2560\" \/>\n\t<meta property=\"og:image:height\" content=\"302\" \/>\n\t<meta property=\"og:image:type\" content=\"image\/png\" \/>\n<meta name=\"twitter:label1\" content=\"Prijs\" \/>\n\t<meta name=\"twitter:data1\" content=\"&euro;&nbsp;59,00\" \/>\n\t<meta name=\"twitter:label2\" content=\"Beschikbaarheid\" \/>\n\t<meta name=\"twitter:data2\" content=\"Op voorraad\" \/>\n<script type=\"application\/ld+json\" class=\"yoast-schema-graph\">{\"@context\":\"https:\/\/schema.org\",\"@graph\":[{\"@type\":\"WebPage\",\"@id\":\"https:\/\/www.alldayled.com\/nl\/product\/strands-dark-knight-12-led-flitser-dual-color\/\",\"url\":\"https:\/\/www.alldayled.com\/nl\/product\/strands-dark-knight-12-led-flitser-dual-color\/\",\"name\":\"Strands 12 LED flitser dual color - Dark Knight - All Day Led - 12&24V\",\"isPartOf\":{\"@id\":\"https:\/\/www.alldayled.com\/nl\/#website\"},\"primaryImageOfPage\":{\"@id\":\"https:\/\/www.alldayled.com\/nl\/product\/strands-dark-knight-12-led-flitser-dual-color\/#primaryimage\"},\"image\":{\"@id\":\"https:\/\/www.alldayled.com\/nl\/product\/strands-dark-knight-12-led-flitser-dual-color\/#primaryimage\"},\"thumbnailUrl\":\"https:\/\/www.alldayled.com\/wp-content\/uploads\/2024\/12\/ADL850461.png\",\"datePublished\":\"2024-12-11T14:14:54+00:00\",\"dateModified\":\"2025-12-31T12:34:46+00:00\",\"description\":\"Strands 12 LED flitser DUAL COLOR - waarschuwingslamp met 1m kabel en ECE R65 - 20 patronen - aluminium behuizing - auto, aanhanger, vrachtwagen en meer\",\"breadcrumb\":{\"@id\":\"https:\/\/www.alldayled.com\/nl\/product\/strands-dark-knight-12-led-flitser-dual-color\/#breadcrumb\"},\"inLanguage\":\"nl-NL\",\"potentialAction\":[{\"@type\":\"ReadAction\",\"target\":[\"https:\/\/www.alldayled.com\/nl\/product\/strands-dark-knight-12-led-flitser-dual-color\/\"]}]},{\"@type\":\"ImageObject\",\"inLanguage\":\"nl-NL\",\"@id\":\"https:\/\/www.alldayled.com\/nl\/product\/strands-dark-knight-12-led-flitser-dual-color\/#primaryimage\",\"url\":\"https:\/\/www.alldayled.com\/wp-content\/uploads\/2024\/12\/ADL850461.png\",\"contentUrl\":\"https:\/\/www.alldayled.com\/wp-content\/uploads\/2024\/12\/ADL850461.png\",\"width\":800,\"height\":600,\"caption\":\"Strands Dark Knight 12 LED flitser DUAL COLOR - waarschuwingslamp met ECE R65 keurmerk - - Strands 850461 - Strands DARK KNIGHT STROBE LIGHT DUO 12 LED - geschikt voor 12 en 24 volt - EAN: 7323030192167\"},{\"@type\":\"BreadcrumbList\",\"@id\":\"https:\/\/www.alldayled.com\/nl\/product\/strands-dark-knight-12-led-flitser-dual-color\/#breadcrumb\",\"itemListElement\":[{\"@type\":\"ListItem\",\"position\":1,\"name\":\"Home\",\"item\":\"https:\/\/www.alldayled.com\/nl\/\"},{\"@type\":\"ListItem\",\"position\":2,\"name\":\"Winkel\",\"item\":\"https:\/\/www.alldayled.com\/nl\/winkel\/\"},{\"@type\":\"ListItem\",\"position\":3,\"name\":\"Flitsers en zwaailampen\",\"item\":\"https:\/\/www.alldayled.com\/nl\/product-categorie\/flitsers-zwaailampen\/\"},{\"@type\":\"ListItem\",\"position\":4,\"name\":\"Flitser\",\"item\":\"https:\/\/www.alldayled.com\/nl\/product-categorie\/flitsers-zwaailampen\/flitser\/\"},{\"@type\":\"ListItem\",\"position\":5,\"name\":\"Strands Dark Knight 12 LED flitser &#8211; DUAL COLOR\"}]},{\"@type\":\"WebSite\",\"@id\":\"https:\/\/www.alldayled.com\/nl\/#website\",\"url\":\"https:\/\/www.alldayled.com\/nl\/\",\"name\":\"All Day Led\",\"description\":\"Verlichting voor 12&amp;24 volt gebruik\",\"publisher\":{\"@id\":\"https:\/\/www.alldayled.com\/nl\/#organization\"},\"potentialAction\":[{\"@type\":\"SearchAction\",\"target\":{\"@type\":\"EntryPoint\",\"urlTemplate\":\"https:\/\/www.alldayled.com\/nl\/?s={search_term_string}\"},\"query-input\":{\"@type\":\"PropertyValueSpecification\",\"valueRequired\":true,\"valueName\":\"search_term_string\"}}],\"inLanguage\":\"nl-NL\"},{\"@type\":\"Organization\",\"@id\":\"https:\/\/www.alldayled.com\/nl\/#organization\",\"name\":\"All Day Led\",\"url\":\"https:\/\/www.alldayled.com\/nl\/\",\"logo\":{\"@type\":\"ImageObject\",\"inLanguage\":\"nl-NL\",\"@id\":\"https:\/\/www.alldayled.com\/nl\/#\/schema\/logo\/image\/\",\"url\":\"https:\/\/www.alldayled.com\/wp-content\/uploads\/2025\/10\/Logo-ALL-DAY-LED-800x800-zwart-witte-letters.png\",\"contentUrl\":\"https:\/\/www.alldayled.com\/wp-content\/uploads\/2025\/10\/Logo-ALL-DAY-LED-800x800-zwart-witte-letters.png\",\"width\":800,\"height\":800,\"caption\":\"All Day Led\"},\"image\":{\"@id\":\"https:\/\/www.alldayled.com\/nl\/#\/schema\/logo\/image\/\"},\"sameAs\":[\"https:\/\/www.facebook.com\/alldayled\/\",\"https:\/\/www.instagram.com\/alldayled\/\"],\"vatID\":\"NL863960133B01\",\"taxID\":\"86416545\"}]}<\/script>\n<meta property=\"product:brand\" content=\"Strands\" \/>\n<meta property=\"product:price:amount\" content=\"59.00\" \/>\n<meta property=\"product:price:currency\" content=\"EUR\" \/>\n<meta property=\"og:availability\" content=\"instock\" \/>\n<meta property=\"product:availability\" content=\"instock\" \/>\n<meta property=\"product:retailer_item_id\" content=\"ADL850461\" \/>\n<meta property=\"product:condition\" content=\"new\" \/>\n<!-- \/ Yoast SEO Premium plugin. -->","yoast_head_json":{"title":"Strands 12 LED flitser dual color - Dark Knight - All Day Led - 12&24V","description":"Strands 12 LED flitser DUAL COLOR - waarschuwingslamp met 1m kabel en ECE R65 - 20 patronen - aluminium behuizing - auto, aanhanger, vrachtwagen en meer","robots":{"index":"index","follow":"follow","max-snippet":"max-snippet:-1","max-image-preview":"max-image-preview:large","max-video-preview":"max-video-preview:-1"},"canonical":"https:\/\/www.alldayled.com\/nl\/product\/strands-dark-knight-12-led-flitser-dual-color\/","og_locale":"nl_NL","og_type":"article","og_title":"Strands 12 LED flitser dual color - Dark Knight - All Day Led - 12&24V","og_description":"Strands 12 LED flitser DUAL COLOR - waarschuwingslamp met 1m kabel en ECE R65 - 20 patronen - aluminium behuizing - auto, aanhanger, vrachtwagen en meer","og_url":"https:\/\/www.alldayled.com\/nl\/product\/strands-dark-knight-12-led-flitser-dual-color\/","og_site_name":"All Day Led","article_publisher":"https:\/\/www.facebook.com\/alldayled\/","article_modified_time":"2025-12-31T12:34:46+00:00","og_image":[{"width":2560,"height":302,"url":"https:\/\/www.alldayled.com\/wp-content\/uploads\/2020\/03\/Logo-All-Day-Led-PNG-scaled.png","type":"image\/png"}],"twitter_misc":{"Prijs":"&euro;&nbsp;59,00","Beschikbaarheid":"Op voorraad"},"schema":{"@context":"https:\/\/schema.org","@graph":[{"@type":"WebPage","@id":"https:\/\/www.alldayled.com\/nl\/product\/strands-dark-knight-12-led-flitser-dual-color\/","url":"https:\/\/www.alldayled.com\/nl\/product\/strands-dark-knight-12-led-flitser-dual-color\/","name":"Strands 12 LED flitser dual color - Dark Knight - All Day Led - 12&24V","isPartOf":{"@id":"https:\/\/www.alldayled.com\/nl\/#website"},"primaryImageOfPage":{"@id":"https:\/\/www.alldayled.com\/nl\/product\/strands-dark-knight-12-led-flitser-dual-color\/#primaryimage"},"image":{"@id":"https:\/\/www.alldayled.com\/nl\/product\/strands-dark-knight-12-led-flitser-dual-color\/#primaryimage"},"thumbnailUrl":"https:\/\/www.alldayled.com\/wp-content\/uploads\/2024\/12\/ADL850461.png","datePublished":"2024-12-11T14:14:54+00:00","dateModified":"2025-12-31T12:34:46+00:00","description":"Strands 12 LED flitser DUAL COLOR - waarschuwingslamp met 1m kabel en ECE R65 - 20 patronen - aluminium behuizing - auto, aanhanger, vrachtwagen en meer","breadcrumb":{"@id":"https:\/\/www.alldayled.com\/nl\/product\/strands-dark-knight-12-led-flitser-dual-color\/#breadcrumb"},"inLanguage":"nl-NL","potentialAction":[{"@type":"ReadAction","target":["https:\/\/www.alldayled.com\/nl\/product\/strands-dark-knight-12-led-flitser-dual-color\/"]}]},{"@type":"ImageObject","inLanguage":"nl-NL","@id":"https:\/\/www.alldayled.com\/nl\/product\/strands-dark-knight-12-led-flitser-dual-color\/#primaryimage","url":"https:\/\/www.alldayled.com\/wp-content\/uploads\/2024\/12\/ADL850461.png","contentUrl":"https:\/\/www.alldayled.com\/wp-content\/uploads\/2024\/12\/ADL850461.png","width":800,"height":600,"caption":"Strands Dark Knight 12 LED flitser DUAL COLOR - waarschuwingslamp met ECE R65 keurmerk - - Strands 850461 - Strands DARK KNIGHT STROBE LIGHT DUO 12 LED - geschikt voor 12 en 24 volt - EAN: 7323030192167"},{"@type":"BreadcrumbList","@id":"https:\/\/www.alldayled.com\/nl\/product\/strands-dark-knight-12-led-flitser-dual-color\/#breadcrumb","itemListElement":[{"@type":"ListItem","position":1,"name":"Home","item":"https:\/\/www.alldayled.com\/nl\/"},{"@type":"ListItem","position":2,"name":"Winkel","item":"https:\/\/www.alldayled.com\/nl\/winkel\/"},{"@type":"ListItem","position":3,"name":"Flitsers en zwaailampen","item":"https:\/\/www.alldayled.com\/nl\/product-categorie\/flitsers-zwaailampen\/"},{"@type":"ListItem","position":4,"name":"Flitser","item":"https:\/\/www.alldayled.com\/nl\/product-categorie\/flitsers-zwaailampen\/flitser\/"},{"@type":"ListItem","position":5,"name":"Strands Dark Knight 12 LED flitser &#8211; DUAL COLOR"}]},{"@type":"WebSite","@id":"https:\/\/www.alldayled.com\/nl\/#website","url":"https:\/\/www.alldayled.com\/nl\/","name":"All Day Led","description":"Verlichting voor 12&amp;24 volt gebruik","publisher":{"@id":"https:\/\/www.alldayled.com\/nl\/#organization"},"potentialAction":[{"@type":"SearchAction","target":{"@type":"EntryPoint","urlTemplate":"https:\/\/www.alldayled.com\/nl\/?s={search_term_string}"},"query-input":{"@type":"PropertyValueSpecification","valueRequired":true,"valueName":"search_term_string"}}],"inLanguage":"nl-NL"},{"@type":"Organization","@id":"https:\/\/www.alldayled.com\/nl\/#organization","name":"All Day Led","url":"https:\/\/www.alldayled.com\/nl\/","logo":{"@type":"ImageObject","inLanguage":"nl-NL","@id":"https:\/\/www.alldayled.com\/nl\/#\/schema\/logo\/image\/","url":"https:\/\/www.alldayled.com\/wp-content\/uploads\/2025\/10\/Logo-ALL-DAY-LED-800x800-zwart-witte-letters.png","contentUrl":"https:\/\/www.alldayled.com\/wp-content\/uploads\/2025\/10\/Logo-ALL-DAY-LED-800x800-zwart-witte-letters.png","width":800,"height":800,"caption":"All Day Led"},"image":{"@id":"https:\/\/www.alldayled.com\/nl\/#\/schema\/logo\/image\/"},"sameAs":["https:\/\/www.facebook.com\/alldayled\/","https:\/\/www.instagram.com\/alldayled\/"],"vatID":"NL863960133B01","taxID":"86416545"}]},"product_brand":"Strands","product_price_amount":"59.00","product_price_currency":"EUR","og_availability":"instock","product_availability":"instock","product_retailer_item_id":"ADL850461","product_condition":"new"},"_links":{"self":[{"href":"https:\/\/www.alldayled.com\/nl\/wp-json\/wp\/v2\/product\/51260","targetHints":{"allow":["GET"]}}],"collection":[{"href":"https:\/\/www.alldayled.com\/nl\/wp-json\/wp\/v2\/product"}],"about":[{"href":"https:\/\/www.alldayled.com\/nl\/wp-json\/wp\/v2\/types\/product"}],"replies":[{"embeddable":true,"href":"https:\/\/www.alldayled.com\/nl\/wp-json\/wp\/v2\/comments?post=51260"}],"wp:featuredmedia":[{"embeddable":true,"href":"https:\/\/www.alldayled.com\/nl\/wp-json\/wp\/v2\/media\/32932"}],"wp:attachment":[{"href":"https:\/\/www.alldayled.com\/nl\/wp-json\/wp\/v2\/media?parent=51260"}],"wp:term":[{"taxonomy":"product_brand","embeddable":true,"href":"https:\/\/www.alldayled.com\/nl\/wp-json\/wp\/v2\/product_brand?post=51260"},{"taxonomy":"product_cat","embeddable":true,"href":"https:\/\/www.alldayled.com\/nl\/wp-json\/wp\/v2\/product_cat?post=51260"},{"taxonomy":"product_tag","embeddable":true,"href":"https:\/\/www.alldayled.com\/nl\/wp-json\/wp\/v2\/product_tag?post=51260"}],"curies":[{"name":"wp","href":"https:\/\/api.w.org\/{rel}","templated":true}]}}