{"id":51733,"date":"2024-12-27T15:59:19","date_gmt":"2024-12-27T14:59:19","guid":{"rendered":"https:\/\/www.alldayled.com\/?post_type=product&#038;p=51733"},"modified":"2026-04-19T13:36:32","modified_gmt":"2026-04-19T11:36:32","slug":"strands-unity-edge-werklamp-37w","status":"publish","type":"product","link":"https:\/\/www.alldayled.com\/nl\/product\/strands-unity-edge-werklamp-37w\/","title":{"rendered":"Strands Unity EDGE werklamp 37W"},"content":{"rendered":"<p><span style=\"color: #000000;\"><strong>Strands Unity EDGE werklamp 37w, voor 12 &amp; 24 volt.<\/strong><\/span><\/p>\n<p><span style=\"color: #000000;\">Ben je op zoek naar een mooi formaat LED werklamp van het merk Strands, maar weet je niet precies wat je zoekt? Welllicht is de Strands Unity EDGE werklamp 37 watt dan wel het model dat je zoekt. De kleine werklamp is voorzien van 6 LED punten en heeft een theoretische lichtopbrengst van 5670 lumen. Deze kleine werklamp die oplicht in de kleur wit werkt op 12 en 24 volt. Dit betekend dat u de lichtgewicht LED werklamp bijvoorbeeld kunt gebruiken voor uw auto, vrachtwagen, tractor, aanhanger of ander soort voertuig.<\/span><\/p>\n<p><span style=\"color: #000000;\">Omdat je v\u00f3\u00f3r aankoop zeker wilt zijn dat de compacte LED werklamp van Strands d\u00e9 lamp is die je zoekt. Hebben we hier een aantal eigenschappen van de lamp uitgeschreven. De Strands Unity EDGE werklamp 37w is bijvoorbeeld voorzien van het ECE R10 en CISPR25 CLASS 3 keurmerken. De keurmerken geven aan dat de lamp tijdens activatie geen storing zal geven, op bijvoorbeeld uw radiosignaal. Ook is de LED werklamp voorzien van het IP68 en IP69K keurmerk. Dit keurmerk geeft aan dat de werklamp volledig stof- en waterdicht is. Om het geheel af te maken, word de LED werklamp geleverd met RVS bevestigingsmateriaal.<\/span><\/p>\n<h5><span style=\"color: #000000;\"><strong>Afmetingen:<\/strong><\/span><\/h5>\n<p><span style=\"color: #000000;\">Omdat je voor aankoop ook zeker wilt zijn dat de LED lamp past waar je deze wilt monteren. Wil je uiteraard de afmetingen van de werklamp met 6 LED punten weten. De afmetingen van de Strands Unity EDGE werklamp 37w zijn als volgt:<\/span><\/p>\n<ul>\n<li><span style=\"color: #000000;\">Hoogte: 92 mm (109.5 mm incl. bevestiging)<\/span><\/li>\n<li><span style=\"color: #000000;\">Breedte: 92.6 mm<\/span><\/li>\n<li><span style=\"color: #000000;\">Dikte: 48.1 mm<\/span><\/li>\n<\/ul>\n<h5><span style=\"color: #000000;\"><strong>Overige uitvoeringen:<\/strong><\/span><\/h5>\n<p><span style=\"color: #000000;\">Wil je wel een EDGE uitgevoerde LED werklamp van het merk Strands monteren, maar is de 37w uitvoering niet d\u00e9 uitvoering die je zoekt? Weet dan dat Strands deze werklamp ook nog in diverse andere lichtsterktes aanbied. Bekijk hieronder de diverse mogelijkheden die wij in ons assortiment hebben opgenomen.\u00a0<\/span><\/p>\n<ul>\n<li><span style=\"color: #000000;\"><a style=\"color: #000000;\" href=\"https:\/\/www.alldayled.com\/product\/strands-unity-edge-werklamp-20w\/\"><strong>Strands werklamp 20w<\/strong><\/a><\/span><\/li>\n<\/ul>\n<p><span style=\"color: #000000;\">Ben je na het lezen van alle specificaties en het bekijken van de foto&#8217;s toch nog niet overtuigd? Simpelweg omdat de vorm, lichtopbrengst of kleur van de Strands Unity EDGE werklamp 37w niet naar wens is? Bekijk dan hier het complete aanbod van <a style=\"color: #000000;\" href=\"https:\/\/www.alldayled.com\/merk\/product-strands-lighting-division\/\">Strands<\/a>. Wellicht vind je hier wel het model lamp waarnaar je op zoek bent.<\/span><\/p>\n","protected":false},"excerpt":{"rendered":"<p>Compacte Strands LED werklamp met 6 LED punten en schuine rand voor een beter lichtbeeld!<\/p>\n","protected":false},"featured_media":32764,"comment_status":"open","ping_status":"closed","template":"","meta":{"_acf_changed":false},"product_brand":[5048],"product_cat":[3117],"product_tag":[3134,3412,3808,3413,3136,3137,3138,3139,3140,3141],"class_list":{"0":"post-51733","1":"product","2":"type-product","3":"status-publish","4":"has-post-thumbnail","6":"product_brand-product-strands-lighting-division","7":"product_cat-werklamp-vierkant","8":"product_tag-led-werklamp","9":"product_tag-strands-led-verlichting","10":"product_tag-strands-led-werklamp","11":"product_tag-strands-lighting-division","12":"product_tag-werklamp-aanhanger","13":"product_tag-werklamp-heftruck","14":"product_tag-werklamp-kooiaap","15":"product_tag-werklamp-tractor","16":"product_tag-werklamp-trailer","17":"product_tag-werklamp-vrachtwagen","19":"first","20":"instock","21":"taxable","22":"shipping-taxable","23":"purchasable","24":"product-type-simple"},"acf":[],"yoast_head":"<!-- This site is optimized with the Yoast SEO Premium plugin v26.5 (Yoast SEO v27.1.1) - https:\/\/yoast.com\/product\/yoast-seo-premium-wordpress\/ -->\n<title>Strands unity EDGE 37W werklamp - All Day Led - aluminium lamp voor 12&amp;24V<\/title>\n<meta name=\"description\" content=\"Strands Unity EDGE 37W werklamp - werklamp met DT2 aansluiting - ECE R10 CISPR25 Klasse 3 - 5670 Lumen met breedstraler effect - van -30\u00b0C tot +65\u00b0C\" \/>\n<meta name=\"robots\" content=\"index, follow, max-snippet:-1, max-image-preview:large, max-video-preview:-1\" \/>\n<link rel=\"canonical\" href=\"https:\/\/www.alldayled.com\/nl\/product\/strands-unity-edge-werklamp-37w\/\" \/>\n<meta property=\"og:locale\" content=\"nl_NL\" \/>\n<meta property=\"og:type\" content=\"article\" \/>\n<meta property=\"og:title\" content=\"Strands unity EDGE 37W werklamp - All Day Led - aluminium lamp voor 12&amp;24V\" \/>\n<meta property=\"og:description\" content=\"Strands Unity EDGE 37W werklamp - werklamp met DT2 aansluiting - ECE R10 CISPR25 Klasse 3 - 5670 Lumen met breedstraler effect - van -30\u00b0C tot +65\u00b0C\" \/>\n<meta property=\"og:url\" content=\"https:\/\/www.alldayled.com\/nl\/product\/strands-unity-edge-werklamp-37w\/\" \/>\n<meta property=\"og:site_name\" content=\"All Day Led\" \/>\n<meta property=\"article:publisher\" content=\"https:\/\/www.facebook.com\/alldayled\/\" \/>\n<meta property=\"article:modified_time\" content=\"2026-04-19T11:36:32+00:00\" \/>\n<meta property=\"og:image\" content=\"https:\/\/www.alldayled.com\/wp-content\/uploads\/2020\/03\/Logo-All-Day-Led-PNG-scaled.png\" \/>\n\t<meta property=\"og:image:width\" content=\"2560\" \/>\n\t<meta property=\"og:image:height\" content=\"302\" \/>\n\t<meta property=\"og:image:type\" content=\"image\/png\" \/>\n<meta name=\"twitter:label1\" content=\"Prijs\" \/>\n\t<meta name=\"twitter:data1\" content=\"&euro;&nbsp;49,00\" \/>\n\t<meta name=\"twitter:label2\" content=\"Beschikbaarheid\" \/>\n\t<meta name=\"twitter:data2\" content=\"Op voorraad\" \/>\n<script type=\"application\/ld+json\" class=\"yoast-schema-graph\">{\"@context\":\"https:\/\/schema.org\",\"@graph\":[{\"@type\":\"WebPage\",\"@id\":\"https:\/\/www.alldayled.com\/nl\/product\/strands-unity-edge-werklamp-37w\/\",\"url\":\"https:\/\/www.alldayled.com\/nl\/product\/strands-unity-edge-werklamp-37w\/\",\"name\":\"Strands unity EDGE 37W werklamp - All Day Led - aluminium lamp voor 12&24V\",\"isPartOf\":{\"@id\":\"https:\/\/www.alldayled.com\/nl\/#website\"},\"primaryImageOfPage\":{\"@id\":\"https:\/\/www.alldayled.com\/nl\/product\/strands-unity-edge-werklamp-37w\/#primaryimage\"},\"image\":{\"@id\":\"https:\/\/www.alldayled.com\/nl\/product\/strands-unity-edge-werklamp-37w\/#primaryimage\"},\"thumbnailUrl\":\"https:\/\/www.alldayled.com\/wp-content\/uploads\/2024\/12\/ADL809276.png\",\"datePublished\":\"2024-12-27T14:59:19+00:00\",\"dateModified\":\"2026-04-19T11:36:32+00:00\",\"description\":\"Strands Unity EDGE 37W werklamp - werklamp met DT2 aansluiting - ECE R10 CISPR25 Klasse 3 - 5670 Lumen met breedstraler effect - van -30\u00b0C tot +65\u00b0C\",\"breadcrumb\":{\"@id\":\"https:\/\/www.alldayled.com\/nl\/product\/strands-unity-edge-werklamp-37w\/#breadcrumb\"},\"inLanguage\":\"nl-NL\",\"potentialAction\":[{\"@type\":\"ReadAction\",\"target\":[\"https:\/\/www.alldayled.com\/nl\/product\/strands-unity-edge-werklamp-37w\/\"]}]},{\"@type\":\"ImageObject\",\"inLanguage\":\"nl-NL\",\"@id\":\"https:\/\/www.alldayled.com\/nl\/product\/strands-unity-edge-werklamp-37w\/#primaryimage\",\"url\":\"https:\/\/www.alldayled.com\/wp-content\/uploads\/2024\/12\/ADL809276.png\",\"contentUrl\":\"https:\/\/www.alldayled.com\/wp-content\/uploads\/2024\/12\/ADL809276.png\",\"width\":800,\"height\":600,\"caption\":\"Strands Unity EDGE werklamp 37W - werklamp met 6 LED punten die geschikt is voor 12 en \/ of 24 volt gebruik - Strands 809276 - Strands UNITY EDGE WORK LIGHT 37W - EAN: 7323030190170\"},{\"@type\":\"BreadcrumbList\",\"@id\":\"https:\/\/www.alldayled.com\/nl\/product\/strands-unity-edge-werklamp-37w\/#breadcrumb\",\"itemListElement\":[{\"@type\":\"ListItem\",\"position\":1,\"name\":\"Home\",\"item\":\"https:\/\/www.alldayled.com\/nl\/\"},{\"@type\":\"ListItem\",\"position\":2,\"name\":\"Winkel\",\"item\":\"https:\/\/www.alldayled.com\/nl\/winkel\/\"},{\"@type\":\"ListItem\",\"position\":3,\"name\":\"Werklampen\",\"item\":\"https:\/\/www.alldayled.com\/nl\/product-categorie\/werklampen\/\"},{\"@type\":\"ListItem\",\"position\":4,\"name\":\"Werklamp vierkant\",\"item\":\"https:\/\/www.alldayled.com\/nl\/product-categorie\/werklampen\/werklamp-vierkant\/\"},{\"@type\":\"ListItem\",\"position\":5,\"name\":\"Strands Unity EDGE werklamp 37W\"}]},{\"@type\":\"WebSite\",\"@id\":\"https:\/\/www.alldayled.com\/nl\/#website\",\"url\":\"https:\/\/www.alldayled.com\/nl\/\",\"name\":\"All Day Led\",\"description\":\"Verlichting voor 12&amp;24 volt gebruik\",\"publisher\":{\"@id\":\"https:\/\/www.alldayled.com\/nl\/#organization\"},\"potentialAction\":[{\"@type\":\"SearchAction\",\"target\":{\"@type\":\"EntryPoint\",\"urlTemplate\":\"https:\/\/www.alldayled.com\/nl\/?s={search_term_string}\"},\"query-input\":{\"@type\":\"PropertyValueSpecification\",\"valueRequired\":true,\"valueName\":\"search_term_string\"}}],\"inLanguage\":\"nl-NL\"},{\"@type\":\"Organization\",\"@id\":\"https:\/\/www.alldayled.com\/nl\/#organization\",\"name\":\"All Day Led\",\"url\":\"https:\/\/www.alldayled.com\/nl\/\",\"logo\":{\"@type\":\"ImageObject\",\"inLanguage\":\"nl-NL\",\"@id\":\"https:\/\/www.alldayled.com\/nl\/#\/schema\/logo\/image\/\",\"url\":\"https:\/\/www.alldayled.com\/wp-content\/uploads\/2025\/10\/Logo-ALL-DAY-LED-800x800-zwart-witte-letters.png\",\"contentUrl\":\"https:\/\/www.alldayled.com\/wp-content\/uploads\/2025\/10\/Logo-ALL-DAY-LED-800x800-zwart-witte-letters.png\",\"width\":800,\"height\":800,\"caption\":\"All Day Led\"},\"image\":{\"@id\":\"https:\/\/www.alldayled.com\/nl\/#\/schema\/logo\/image\/\"},\"sameAs\":[\"https:\/\/www.facebook.com\/alldayled\/\",\"https:\/\/www.instagram.com\/alldayled\/\"],\"vatID\":\"NL863960133B01\",\"taxID\":\"86416545\"}]}<\/script>\n<meta property=\"product:brand\" content=\"Strands\" \/>\n<meta property=\"product:price:amount\" content=\"49.00\" \/>\n<meta property=\"product:price:currency\" content=\"EUR\" \/>\n<meta property=\"og:availability\" content=\"instock\" \/>\n<meta property=\"product:availability\" content=\"instock\" \/>\n<meta property=\"product:retailer_item_id\" content=\"ADL809276\" \/>\n<meta property=\"product:condition\" content=\"new\" \/>\n<!-- \/ Yoast SEO Premium plugin. -->","yoast_head_json":{"title":"Strands unity EDGE 37W werklamp - All Day Led - aluminium lamp voor 12&24V","description":"Strands Unity EDGE 37W werklamp - werklamp met DT2 aansluiting - ECE R10 CISPR25 Klasse 3 - 5670 Lumen met breedstraler effect - van -30\u00b0C tot +65\u00b0C","robots":{"index":"index","follow":"follow","max-snippet":"max-snippet:-1","max-image-preview":"max-image-preview:large","max-video-preview":"max-video-preview:-1"},"canonical":"https:\/\/www.alldayled.com\/nl\/product\/strands-unity-edge-werklamp-37w\/","og_locale":"nl_NL","og_type":"article","og_title":"Strands unity EDGE 37W werklamp - All Day Led - aluminium lamp voor 12&24V","og_description":"Strands Unity EDGE 37W werklamp - werklamp met DT2 aansluiting - ECE R10 CISPR25 Klasse 3 - 5670 Lumen met breedstraler effect - van -30\u00b0C tot +65\u00b0C","og_url":"https:\/\/www.alldayled.com\/nl\/product\/strands-unity-edge-werklamp-37w\/","og_site_name":"All Day Led","article_publisher":"https:\/\/www.facebook.com\/alldayled\/","article_modified_time":"2026-04-19T11:36:32+00:00","og_image":[{"width":2560,"height":302,"url":"https:\/\/www.alldayled.com\/wp-content\/uploads\/2020\/03\/Logo-All-Day-Led-PNG-scaled.png","type":"image\/png"}],"twitter_misc":{"Prijs":"&euro;&nbsp;49,00","Beschikbaarheid":"Op voorraad"},"schema":{"@context":"https:\/\/schema.org","@graph":[{"@type":"WebPage","@id":"https:\/\/www.alldayled.com\/nl\/product\/strands-unity-edge-werklamp-37w\/","url":"https:\/\/www.alldayled.com\/nl\/product\/strands-unity-edge-werklamp-37w\/","name":"Strands unity EDGE 37W werklamp - All Day Led - aluminium lamp voor 12&24V","isPartOf":{"@id":"https:\/\/www.alldayled.com\/nl\/#website"},"primaryImageOfPage":{"@id":"https:\/\/www.alldayled.com\/nl\/product\/strands-unity-edge-werklamp-37w\/#primaryimage"},"image":{"@id":"https:\/\/www.alldayled.com\/nl\/product\/strands-unity-edge-werklamp-37w\/#primaryimage"},"thumbnailUrl":"https:\/\/www.alldayled.com\/wp-content\/uploads\/2024\/12\/ADL809276.png","datePublished":"2024-12-27T14:59:19+00:00","dateModified":"2026-04-19T11:36:32+00:00","description":"Strands Unity EDGE 37W werklamp - werklamp met DT2 aansluiting - ECE R10 CISPR25 Klasse 3 - 5670 Lumen met breedstraler effect - van -30\u00b0C tot +65\u00b0C","breadcrumb":{"@id":"https:\/\/www.alldayled.com\/nl\/product\/strands-unity-edge-werklamp-37w\/#breadcrumb"},"inLanguage":"nl-NL","potentialAction":[{"@type":"ReadAction","target":["https:\/\/www.alldayled.com\/nl\/product\/strands-unity-edge-werklamp-37w\/"]}]},{"@type":"ImageObject","inLanguage":"nl-NL","@id":"https:\/\/www.alldayled.com\/nl\/product\/strands-unity-edge-werklamp-37w\/#primaryimage","url":"https:\/\/www.alldayled.com\/wp-content\/uploads\/2024\/12\/ADL809276.png","contentUrl":"https:\/\/www.alldayled.com\/wp-content\/uploads\/2024\/12\/ADL809276.png","width":800,"height":600,"caption":"Strands Unity EDGE werklamp 37W - werklamp met 6 LED punten die geschikt is voor 12 en \/ of 24 volt gebruik - Strands 809276 - Strands UNITY EDGE WORK LIGHT 37W - EAN: 7323030190170"},{"@type":"BreadcrumbList","@id":"https:\/\/www.alldayled.com\/nl\/product\/strands-unity-edge-werklamp-37w\/#breadcrumb","itemListElement":[{"@type":"ListItem","position":1,"name":"Home","item":"https:\/\/www.alldayled.com\/nl\/"},{"@type":"ListItem","position":2,"name":"Winkel","item":"https:\/\/www.alldayled.com\/nl\/winkel\/"},{"@type":"ListItem","position":3,"name":"Werklampen","item":"https:\/\/www.alldayled.com\/nl\/product-categorie\/werklampen\/"},{"@type":"ListItem","position":4,"name":"Werklamp vierkant","item":"https:\/\/www.alldayled.com\/nl\/product-categorie\/werklampen\/werklamp-vierkant\/"},{"@type":"ListItem","position":5,"name":"Strands Unity EDGE werklamp 37W"}]},{"@type":"WebSite","@id":"https:\/\/www.alldayled.com\/nl\/#website","url":"https:\/\/www.alldayled.com\/nl\/","name":"All Day Led","description":"Verlichting voor 12&amp;24 volt gebruik","publisher":{"@id":"https:\/\/www.alldayled.com\/nl\/#organization"},"potentialAction":[{"@type":"SearchAction","target":{"@type":"EntryPoint","urlTemplate":"https:\/\/www.alldayled.com\/nl\/?s={search_term_string}"},"query-input":{"@type":"PropertyValueSpecification","valueRequired":true,"valueName":"search_term_string"}}],"inLanguage":"nl-NL"},{"@type":"Organization","@id":"https:\/\/www.alldayled.com\/nl\/#organization","name":"All Day Led","url":"https:\/\/www.alldayled.com\/nl\/","logo":{"@type":"ImageObject","inLanguage":"nl-NL","@id":"https:\/\/www.alldayled.com\/nl\/#\/schema\/logo\/image\/","url":"https:\/\/www.alldayled.com\/wp-content\/uploads\/2025\/10\/Logo-ALL-DAY-LED-800x800-zwart-witte-letters.png","contentUrl":"https:\/\/www.alldayled.com\/wp-content\/uploads\/2025\/10\/Logo-ALL-DAY-LED-800x800-zwart-witte-letters.png","width":800,"height":800,"caption":"All Day Led"},"image":{"@id":"https:\/\/www.alldayled.com\/nl\/#\/schema\/logo\/image\/"},"sameAs":["https:\/\/www.facebook.com\/alldayled\/","https:\/\/www.instagram.com\/alldayled\/"],"vatID":"NL863960133B01","taxID":"86416545"}]},"product_brand":"Strands","product_price_amount":"49.00","product_price_currency":"EUR","og_availability":"instock","product_availability":"instock","product_retailer_item_id":"ADL809276","product_condition":"new"},"_links":{"self":[{"href":"https:\/\/www.alldayled.com\/nl\/wp-json\/wp\/v2\/product\/51733","targetHints":{"allow":["GET"]}}],"collection":[{"href":"https:\/\/www.alldayled.com\/nl\/wp-json\/wp\/v2\/product"}],"about":[{"href":"https:\/\/www.alldayled.com\/nl\/wp-json\/wp\/v2\/types\/product"}],"replies":[{"embeddable":true,"href":"https:\/\/www.alldayled.com\/nl\/wp-json\/wp\/v2\/comments?post=51733"}],"wp:featuredmedia":[{"embeddable":true,"href":"https:\/\/www.alldayled.com\/nl\/wp-json\/wp\/v2\/media\/32764"}],"wp:attachment":[{"href":"https:\/\/www.alldayled.com\/nl\/wp-json\/wp\/v2\/media?parent=51733"}],"wp:term":[{"taxonomy":"product_brand","embeddable":true,"href":"https:\/\/www.alldayled.com\/nl\/wp-json\/wp\/v2\/product_brand?post=51733"},{"taxonomy":"product_cat","embeddable":true,"href":"https:\/\/www.alldayled.com\/nl\/wp-json\/wp\/v2\/product_cat?post=51733"},{"taxonomy":"product_tag","embeddable":true,"href":"https:\/\/www.alldayled.com\/nl\/wp-json\/wp\/v2\/product_tag?post=51733"}],"curies":[{"name":"wp","href":"https:\/\/api.w.org\/{rel}","templated":true}]}}