{"id":51801,"date":"2024-12-30T15:38:47","date_gmt":"2024-12-30T14:38:47","guid":{"rendered":"https:\/\/www.alldayled.com\/?post_type=product&#038;p=51801"},"modified":"2026-03-09T13:11:34","modified_gmt":"2026-03-09T12:11:34","slug":"strands-unity-scene-light","status":"publish","type":"product","link":"https:\/\/www.alldayled.com\/nl\/product\/strands-unity-scene-light\/","title":{"rendered":"Strands Unity Scene Light"},"content":{"rendered":"<p><span style=\"color: #000000;\"><strong>Strands Unity Scene light 4.5w met flitser, voor 12 &amp; 24 volt.<\/strong><\/span><\/p>\n<p><span style=\"color: #000000;\">Ben je op zoek naar een compacte werklamp van het merk Strands, maar moet er ook een flitser in zitten? Welllicht is de Strands Unity Scene light dan wel het model dat je zoekt. De kleine werklamp is voorzien van 6 kleine LED punten en heeft een theoretische lichtopbrengst van 880 lumen. Deze kleine werklamp ECE R23 goedgekeurde werklamp met ECE R65 gekeurde flitser werkt op 12 en 24 volt. Dit betekend dat u de mini LED werklamp bijvoorbeeld kunt gebruiken voor uw auto, vrachtwagen, tractor, aanhanger of ander soort voertuig.<\/span><\/p>\n<p><span style=\"color: #000000;\">Omdat je v\u00f3\u00f3r aankoop zeker wilt zijn dat de kleine LED werklamp van Strands d\u00e9 lamp is die je zoekt. Hebben we hier een aantal eigenschappen van de lamp uitgeschreven. De Strands Unity Scene light is bijvoorbeeld voorzien van het ECE R10, ECE R23 en ECE R65 keurmerken. De keurmerken geven aan dat de lamp bij juiste installatie tijdens activatie geen storing zal geven, op bijvoorbeeld uw radiosignaal. Verder is de lamp goedgekeurd om als achteruitrijlicht te fungeren maar ook als zijnde waarschuwingslamp. Verder is de kleine lamp voorzien van het IP69K keurmerk. Dit keurmerk geeft aan dat de werklamp volledig stof- en waterdicht is.\u00a0<\/span><\/p>\n<h5><span style=\"color: #000000;\"><strong>Afmetingen:<\/strong><\/span><\/h5>\n<p><span style=\"color: #000000;\">Omdat je voor aankoop ook zeker wilt zijn dat de LED lamp past waar je deze wilt monteren. Wil je uiteraard de afmetingen van de werklamp met 6 LED punten en waarschuwingslamp weten. De afmetingen van de Strands Unity Scene light zijn als volgt:<\/span><\/p>\n<ul>\n<li><span style=\"color: #000000;\">Hoogte: 48 mm\u00a0<\/span><\/li>\n<li><span style=\"color: #000000;\">Breedte: 78 mm<\/span><\/li>\n<li><span style=\"color: #000000;\">Dikte: 22 mm<\/span><\/li>\n<\/ul>\n<h5><span style=\"color: #000000;\"><strong>Overige uitvoeringen:<\/strong><\/span><\/h5>\n<p><span style=\"color: #000000;\">Wil je wel een mini LED werklamp van het merk Strands monteren, maar is de Unity Scene light niet d\u00e9 uitvoering die je zoekt? Weet dan dat Strands deze werklamp ook nog in diverse andere lichtsterktes aanbied. Bekijk hieronder de diverse mogelijkheden die wij in ons assortiment hebben opgenomen.\u00a0<\/span><\/p>\n<ul>\n<li><span style=\"color: #000000;\"><strong><a style=\"color: #000000;\" href=\"https:\/\/www.alldayled.com\/product\/strands-unity-ultra-flat-werklamp\/\">Strands Unity UF werklamp<\/a> <\/strong><\/span><\/li>\n<li><span style=\"color: #000000;\"><a style=\"color: #000000;\" href=\"https:\/\/www.alldayled.com\/product\/strands-unity-ultra-flat-duo\/\"><strong>Strands Unity UF DUO<\/strong><\/a><\/span><\/li>\n<\/ul>\n<p><span style=\"color: #000000;\">Ben je na het lezen van alle specificaties en het bekijken van de foto&#8217;s toch nog niet overtuigd? Simpelweg omdat de vorm, lichtopbrengst of kleur van de Strands Unity Scene light niet naar wens is? Bekijk dan hier het complete aanbod van <a style=\"color: #000000;\" href=\"https:\/\/www.alldayled.com\/merk\/product-strands-lighting-division\/\">Strands<\/a>. Wellicht vind je hier wel het model lamp waarnaar je op zoek bent.<\/span><\/p>\n","protected":false},"excerpt":{"rendered":"<p>Deze compacte werklamp met flitser werkt op 12 en 24 volt en een lichtopbrengst van 880 Lumen.<\/p>\n","protected":false},"featured_media":32830,"comment_status":"open","ping_status":"closed","template":"","meta":{"_acf_changed":false},"product_brand":[5048],"product_cat":[3118],"product_tag":[3134,3412,3808,3413,3810,3136,3137,3138,3139,3140,3141],"class_list":{"0":"post-51801","1":"product","2":"type-product","3":"status-publish","4":"has-post-thumbnail","6":"product_brand-product-strands-lighting-division","7":"product_cat-werklamp-overig","8":"product_tag-led-werklamp","9":"product_tag-strands-led-verlichting","10":"product_tag-strands-led-werklamp","11":"product_tag-strands-lighting-division","12":"product_tag-strands-siberia-verstraler","13":"product_tag-werklamp-aanhanger","14":"product_tag-werklamp-heftruck","15":"product_tag-werklamp-kooiaap","16":"product_tag-werklamp-tractor","17":"product_tag-werklamp-trailer","18":"product_tag-werklamp-vrachtwagen","20":"first","21":"instock","22":"taxable","23":"shipping-taxable","24":"purchasable","25":"product-type-simple"},"acf":[],"yoast_head":"<!-- This site is optimized with the Yoast SEO Premium plugin v26.5 (Yoast SEO v27.1.1) - https:\/\/yoast.com\/product\/yoast-seo-premium-wordpress\/ -->\n<title>Strands Unity Scene Light - All Day Led aluminium lamp voor 12 &amp; 24 Volt<\/title>\n<meta name=\"description\" content=\"Strands Unity Scene Light - compacte achteruitrijlamp met flitser - met ECE R23 en ECE R65 goedkeuring - 1 Lux @ 14m - polycarbonaat lens\" \/>\n<meta name=\"robots\" content=\"index, follow, max-snippet:-1, max-image-preview:large, max-video-preview:-1\" \/>\n<link rel=\"canonical\" href=\"https:\/\/www.alldayled.com\/nl\/product\/strands-unity-scene-light\/\" \/>\n<meta property=\"og:locale\" content=\"nl_NL\" \/>\n<meta property=\"og:type\" content=\"article\" \/>\n<meta property=\"og:title\" content=\"Strands Unity Scene Light - All Day Led aluminium lamp voor 12 &amp; 24 Volt\" \/>\n<meta property=\"og:description\" content=\"Strands Unity Scene Light - compacte achteruitrijlamp met flitser - met ECE R23 en ECE R65 goedkeuring - 1 Lux @ 14m - polycarbonaat lens\" \/>\n<meta property=\"og:url\" content=\"https:\/\/www.alldayled.com\/nl\/product\/strands-unity-scene-light\/\" \/>\n<meta property=\"og:site_name\" content=\"All Day Led\" \/>\n<meta property=\"article:publisher\" content=\"https:\/\/www.facebook.com\/alldayled\/\" \/>\n<meta property=\"article:modified_time\" content=\"2026-03-09T12:11:34+00:00\" \/>\n<meta property=\"og:image\" content=\"https:\/\/www.alldayled.com\/wp-content\/uploads\/2020\/03\/Logo-All-Day-Led-PNG-scaled.png\" \/>\n\t<meta property=\"og:image:width\" content=\"2560\" \/>\n\t<meta property=\"og:image:height\" content=\"302\" \/>\n\t<meta property=\"og:image:type\" content=\"image\/png\" \/>\n<meta name=\"twitter:label1\" content=\"Prijs\" \/>\n\t<meta name=\"twitter:data1\" content=\"&euro;&nbsp;39,00\" \/>\n\t<meta name=\"twitter:label2\" content=\"Beschikbaarheid\" \/>\n\t<meta name=\"twitter:data2\" content=\"Op voorraad\" \/>\n<script type=\"application\/ld+json\" class=\"yoast-schema-graph\">{\"@context\":\"https:\/\/schema.org\",\"@graph\":[{\"@type\":\"WebPage\",\"@id\":\"https:\/\/www.alldayled.com\/nl\/product\/strands-unity-scene-light\/\",\"url\":\"https:\/\/www.alldayled.com\/nl\/product\/strands-unity-scene-light\/\",\"name\":\"Strands Unity Scene Light - All Day Led aluminium lamp voor 12 & 24 Volt\",\"isPartOf\":{\"@id\":\"https:\/\/www.alldayled.com\/nl\/#website\"},\"primaryImageOfPage\":{\"@id\":\"https:\/\/www.alldayled.com\/nl\/product\/strands-unity-scene-light\/#primaryimage\"},\"image\":{\"@id\":\"https:\/\/www.alldayled.com\/nl\/product\/strands-unity-scene-light\/#primaryimage\"},\"thumbnailUrl\":\"https:\/\/www.alldayled.com\/wp-content\/uploads\/2024\/12\/ADL809510.png\",\"datePublished\":\"2024-12-30T14:38:47+00:00\",\"dateModified\":\"2026-03-09T12:11:34+00:00\",\"description\":\"Strands Unity Scene Light - compacte achteruitrijlamp met flitser - met ECE R23 en ECE R65 goedkeuring - 1 Lux @ 14m - polycarbonaat lens\",\"breadcrumb\":{\"@id\":\"https:\/\/www.alldayled.com\/nl\/product\/strands-unity-scene-light\/#breadcrumb\"},\"inLanguage\":\"nl-NL\",\"potentialAction\":[{\"@type\":\"ReadAction\",\"target\":[\"https:\/\/www.alldayled.com\/nl\/product\/strands-unity-scene-light\/\"]}]},{\"@type\":\"ImageObject\",\"inLanguage\":\"nl-NL\",\"@id\":\"https:\/\/www.alldayled.com\/nl\/product\/strands-unity-scene-light\/#primaryimage\",\"url\":\"https:\/\/www.alldayled.com\/wp-content\/uploads\/2024\/12\/ADL809510.png\",\"contentUrl\":\"https:\/\/www.alldayled.com\/wp-content\/uploads\/2024\/12\/ADL809510.png\",\"width\":800,\"height\":600,\"caption\":\"Strands Unity Scene Light werklamp 4.5W - werklamp met 6 LED punten die geschikt is voor 12 en \/ of 24 volt gebruik - Strands 809510 - Strands UNITY SCENE LIGHT - EAN: 7323030192433\"},{\"@type\":\"BreadcrumbList\",\"@id\":\"https:\/\/www.alldayled.com\/nl\/product\/strands-unity-scene-light\/#breadcrumb\",\"itemListElement\":[{\"@type\":\"ListItem\",\"position\":1,\"name\":\"Home\",\"item\":\"https:\/\/www.alldayled.com\/nl\/\"},{\"@type\":\"ListItem\",\"position\":2,\"name\":\"Winkel\",\"item\":\"https:\/\/www.alldayled.com\/nl\/winkel\/\"},{\"@type\":\"ListItem\",\"position\":3,\"name\":\"Werklampen\",\"item\":\"https:\/\/www.alldayled.com\/nl\/product-categorie\/werklampen\/\"},{\"@type\":\"ListItem\",\"position\":4,\"name\":\"Werklamp overig\",\"item\":\"https:\/\/www.alldayled.com\/nl\/product-categorie\/werklampen\/werklamp-overig\/\"},{\"@type\":\"ListItem\",\"position\":5,\"name\":\"Strands Unity Scene Light\"}]},{\"@type\":\"WebSite\",\"@id\":\"https:\/\/www.alldayled.com\/nl\/#website\",\"url\":\"https:\/\/www.alldayled.com\/nl\/\",\"name\":\"All Day Led\",\"description\":\"Verlichting voor 12&amp;24 volt gebruik\",\"publisher\":{\"@id\":\"https:\/\/www.alldayled.com\/nl\/#organization\"},\"potentialAction\":[{\"@type\":\"SearchAction\",\"target\":{\"@type\":\"EntryPoint\",\"urlTemplate\":\"https:\/\/www.alldayled.com\/nl\/?s={search_term_string}\"},\"query-input\":{\"@type\":\"PropertyValueSpecification\",\"valueRequired\":true,\"valueName\":\"search_term_string\"}}],\"inLanguage\":\"nl-NL\"},{\"@type\":\"Organization\",\"@id\":\"https:\/\/www.alldayled.com\/nl\/#organization\",\"name\":\"All Day Led\",\"url\":\"https:\/\/www.alldayled.com\/nl\/\",\"logo\":{\"@type\":\"ImageObject\",\"inLanguage\":\"nl-NL\",\"@id\":\"https:\/\/www.alldayled.com\/nl\/#\/schema\/logo\/image\/\",\"url\":\"https:\/\/www.alldayled.com\/wp-content\/uploads\/2025\/10\/Logo-ALL-DAY-LED-800x800-zwart-witte-letters.png\",\"contentUrl\":\"https:\/\/www.alldayled.com\/wp-content\/uploads\/2025\/10\/Logo-ALL-DAY-LED-800x800-zwart-witte-letters.png\",\"width\":800,\"height\":800,\"caption\":\"All Day Led\"},\"image\":{\"@id\":\"https:\/\/www.alldayled.com\/nl\/#\/schema\/logo\/image\/\"},\"sameAs\":[\"https:\/\/www.facebook.com\/alldayled\/\",\"https:\/\/www.instagram.com\/alldayled\/\"],\"vatID\":\"NL863960133B01\",\"taxID\":\"86416545\"}]}<\/script>\n<meta property=\"product:brand\" content=\"Strands\" \/>\n<meta property=\"product:price:amount\" content=\"39.00\" \/>\n<meta property=\"product:price:currency\" content=\"EUR\" \/>\n<meta property=\"og:availability\" content=\"instock\" \/>\n<meta property=\"product:availability\" content=\"instock\" \/>\n<meta property=\"product:retailer_item_id\" content=\"ADL809510\" \/>\n<meta property=\"product:condition\" content=\"new\" \/>\n<!-- \/ Yoast SEO Premium plugin. -->","yoast_head_json":{"title":"Strands Unity Scene Light - All Day Led aluminium lamp voor 12 & 24 Volt","description":"Strands Unity Scene Light - compacte achteruitrijlamp met flitser - met ECE R23 en ECE R65 goedkeuring - 1 Lux @ 14m - polycarbonaat lens","robots":{"index":"index","follow":"follow","max-snippet":"max-snippet:-1","max-image-preview":"max-image-preview:large","max-video-preview":"max-video-preview:-1"},"canonical":"https:\/\/www.alldayled.com\/nl\/product\/strands-unity-scene-light\/","og_locale":"nl_NL","og_type":"article","og_title":"Strands Unity Scene Light - All Day Led aluminium lamp voor 12 & 24 Volt","og_description":"Strands Unity Scene Light - compacte achteruitrijlamp met flitser - met ECE R23 en ECE R65 goedkeuring - 1 Lux @ 14m - polycarbonaat lens","og_url":"https:\/\/www.alldayled.com\/nl\/product\/strands-unity-scene-light\/","og_site_name":"All Day Led","article_publisher":"https:\/\/www.facebook.com\/alldayled\/","article_modified_time":"2026-03-09T12:11:34+00:00","og_image":[{"width":2560,"height":302,"url":"https:\/\/www.alldayled.com\/wp-content\/uploads\/2020\/03\/Logo-All-Day-Led-PNG-scaled.png","type":"image\/png"}],"twitter_misc":{"Prijs":"&euro;&nbsp;39,00","Beschikbaarheid":"Op voorraad"},"schema":{"@context":"https:\/\/schema.org","@graph":[{"@type":"WebPage","@id":"https:\/\/www.alldayled.com\/nl\/product\/strands-unity-scene-light\/","url":"https:\/\/www.alldayled.com\/nl\/product\/strands-unity-scene-light\/","name":"Strands Unity Scene Light - All Day Led aluminium lamp voor 12 & 24 Volt","isPartOf":{"@id":"https:\/\/www.alldayled.com\/nl\/#website"},"primaryImageOfPage":{"@id":"https:\/\/www.alldayled.com\/nl\/product\/strands-unity-scene-light\/#primaryimage"},"image":{"@id":"https:\/\/www.alldayled.com\/nl\/product\/strands-unity-scene-light\/#primaryimage"},"thumbnailUrl":"https:\/\/www.alldayled.com\/wp-content\/uploads\/2024\/12\/ADL809510.png","datePublished":"2024-12-30T14:38:47+00:00","dateModified":"2026-03-09T12:11:34+00:00","description":"Strands Unity Scene Light - compacte achteruitrijlamp met flitser - met ECE R23 en ECE R65 goedkeuring - 1 Lux @ 14m - polycarbonaat lens","breadcrumb":{"@id":"https:\/\/www.alldayled.com\/nl\/product\/strands-unity-scene-light\/#breadcrumb"},"inLanguage":"nl-NL","potentialAction":[{"@type":"ReadAction","target":["https:\/\/www.alldayled.com\/nl\/product\/strands-unity-scene-light\/"]}]},{"@type":"ImageObject","inLanguage":"nl-NL","@id":"https:\/\/www.alldayled.com\/nl\/product\/strands-unity-scene-light\/#primaryimage","url":"https:\/\/www.alldayled.com\/wp-content\/uploads\/2024\/12\/ADL809510.png","contentUrl":"https:\/\/www.alldayled.com\/wp-content\/uploads\/2024\/12\/ADL809510.png","width":800,"height":600,"caption":"Strands Unity Scene Light werklamp 4.5W - werklamp met 6 LED punten die geschikt is voor 12 en \/ of 24 volt gebruik - Strands 809510 - Strands UNITY SCENE LIGHT - EAN: 7323030192433"},{"@type":"BreadcrumbList","@id":"https:\/\/www.alldayled.com\/nl\/product\/strands-unity-scene-light\/#breadcrumb","itemListElement":[{"@type":"ListItem","position":1,"name":"Home","item":"https:\/\/www.alldayled.com\/nl\/"},{"@type":"ListItem","position":2,"name":"Winkel","item":"https:\/\/www.alldayled.com\/nl\/winkel\/"},{"@type":"ListItem","position":3,"name":"Werklampen","item":"https:\/\/www.alldayled.com\/nl\/product-categorie\/werklampen\/"},{"@type":"ListItem","position":4,"name":"Werklamp overig","item":"https:\/\/www.alldayled.com\/nl\/product-categorie\/werklampen\/werklamp-overig\/"},{"@type":"ListItem","position":5,"name":"Strands Unity Scene Light"}]},{"@type":"WebSite","@id":"https:\/\/www.alldayled.com\/nl\/#website","url":"https:\/\/www.alldayled.com\/nl\/","name":"All Day Led","description":"Verlichting voor 12&amp;24 volt gebruik","publisher":{"@id":"https:\/\/www.alldayled.com\/nl\/#organization"},"potentialAction":[{"@type":"SearchAction","target":{"@type":"EntryPoint","urlTemplate":"https:\/\/www.alldayled.com\/nl\/?s={search_term_string}"},"query-input":{"@type":"PropertyValueSpecification","valueRequired":true,"valueName":"search_term_string"}}],"inLanguage":"nl-NL"},{"@type":"Organization","@id":"https:\/\/www.alldayled.com\/nl\/#organization","name":"All Day Led","url":"https:\/\/www.alldayled.com\/nl\/","logo":{"@type":"ImageObject","inLanguage":"nl-NL","@id":"https:\/\/www.alldayled.com\/nl\/#\/schema\/logo\/image\/","url":"https:\/\/www.alldayled.com\/wp-content\/uploads\/2025\/10\/Logo-ALL-DAY-LED-800x800-zwart-witte-letters.png","contentUrl":"https:\/\/www.alldayled.com\/wp-content\/uploads\/2025\/10\/Logo-ALL-DAY-LED-800x800-zwart-witte-letters.png","width":800,"height":800,"caption":"All Day Led"},"image":{"@id":"https:\/\/www.alldayled.com\/nl\/#\/schema\/logo\/image\/"},"sameAs":["https:\/\/www.facebook.com\/alldayled\/","https:\/\/www.instagram.com\/alldayled\/"],"vatID":"NL863960133B01","taxID":"86416545"}]},"product_brand":"Strands","product_price_amount":"39.00","product_price_currency":"EUR","og_availability":"instock","product_availability":"instock","product_retailer_item_id":"ADL809510","product_condition":"new"},"_links":{"self":[{"href":"https:\/\/www.alldayled.com\/nl\/wp-json\/wp\/v2\/product\/51801","targetHints":{"allow":["GET"]}}],"collection":[{"href":"https:\/\/www.alldayled.com\/nl\/wp-json\/wp\/v2\/product"}],"about":[{"href":"https:\/\/www.alldayled.com\/nl\/wp-json\/wp\/v2\/types\/product"}],"replies":[{"embeddable":true,"href":"https:\/\/www.alldayled.com\/nl\/wp-json\/wp\/v2\/comments?post=51801"}],"wp:featuredmedia":[{"embeddable":true,"href":"https:\/\/www.alldayled.com\/nl\/wp-json\/wp\/v2\/media\/32830"}],"wp:attachment":[{"href":"https:\/\/www.alldayled.com\/nl\/wp-json\/wp\/v2\/media?parent=51801"}],"wp:term":[{"taxonomy":"product_brand","embeddable":true,"href":"https:\/\/www.alldayled.com\/nl\/wp-json\/wp\/v2\/product_brand?post=51801"},{"taxonomy":"product_cat","embeddable":true,"href":"https:\/\/www.alldayled.com\/nl\/wp-json\/wp\/v2\/product_cat?post=51801"},{"taxonomy":"product_tag","embeddable":true,"href":"https:\/\/www.alldayled.com\/nl\/wp-json\/wp\/v2\/product_tag?post=51801"}],"curies":[{"name":"wp","href":"https:\/\/api.w.org\/{rel}","templated":true}]}}