{"id":51803,"date":"2024-12-30T15:43:25","date_gmt":"2024-12-30T14:43:25","guid":{"rendered":"https:\/\/www.alldayled.com\/?post_type=product&#038;p=51803"},"modified":"2026-04-10T10:31:51","modified_gmt":"2026-04-10T08:31:51","slug":"strands-unity-ultra-flat-werklamp","status":"publish","type":"product","link":"https:\/\/www.alldayled.com\/nl\/product\/strands-unity-ultra-flat-werklamp\/","title":{"rendered":"Strands Unity Ultra Flat werklamp"},"content":{"rendered":"<p><span style=\"color: #000000;\"><strong>Strands Unity Ultra Flat werklamp 22w, voor 12 en 24 volt.<\/strong><\/span><\/p>\n<p><span style=\"color: #000000;\">Ben je op zoek naar een compacte werklamp van het merk Strands? Welllicht is de Strands Unity Ultra Flat werklamp dan wel het model dat je zoekt. De kleine werklamp is voorzien van diverse kleine LED punten en heeft een theoretische lichtopbrengst van 2900 lumen. Deze ultra dunne werklamp werklamp werkt op 12 en 24 volt. Dit betekend dat u de platte LED werklamp bijvoorbeeld kunt gebruiken voor uw auto, vrachtwagen, tractor, aanhanger of ander soort voertuig.<\/span><\/p>\n<p><span style=\"color: #000000;\">Omdat je v\u00f3\u00f3r aankoop zeker wilt zijn dat de kleine LED achteruitrijlamp van Strands d\u00e9 lamp is die je zoekt. Hebben we hier een aantal eigenschappen van de lamp uitgeschreven. De Strands Unity Ultra Flat werklamp is bijvoorbeeld voorzien van het ECE R10 keurmerk. Dit keurmerk geeft aan dat de lamp bij juiste installatie tijdens activatie geen storing zal geven, op bijvoorbeeld uw radiosignaal. Verder is de kleine lamp voorzien van het IP68 en IP69K keurmerk. Deze keurmerken geven aan dat de werklamp volledig stof- en waterdicht is.\u00a0<\/span><\/p>\n<h5><span style=\"color: #000000;\"><strong>Afmetingen:<\/strong><\/span><\/h5>\n<p><span style=\"color: #000000;\">Omdat je voor aankoop ook zeker wilt zijn dat de LED lamp past waar je deze wilt monteren. Wil je uiteraard de afmetingen van de werklamp weten. De afmetingen van de Strands Unity Ultra Flat werklamp zijn als volgt:<\/span><\/p>\n<ul>\n<li><span style=\"color: #000000;\">Hoogte: 15 mm (22.4 mm incl. beugel)<\/span><\/li>\n<li><span style=\"color: #000000;\">Breedte: 90 mm<\/span><\/li>\n<li><span style=\"color: #000000;\">Diepte: 40.1 mm<\/span><\/li>\n<\/ul>\n<h5><span style=\"color: #000000;\"><strong>Overige uitvoeringen:<\/strong><\/span><\/h5>\n<p><span style=\"color: #000000;\">Wil je wel een mini LED werklamp van het merk Strands monteren, maar is de Unity Ultra Flat werklamp niet d\u00e9 uitvoering die je zoekt? Weet dan dat Strands deze werklamp ook nog in diverse andere lichtsterktes en uitvoeringen aanbied. Bekijk hieronder de diverse mogelijkheden die wij in ons assortiment hebben opgenomen.\u00a0<\/span><\/p>\n<ul>\n<li><span style=\"color: #000000;\"><a style=\"color: #000000;\" href=\"https:\/\/www.alldayled.com\/product\/strands-unity-ultra-flat-duo\/\"><strong>Strands Unity UF DUO lamp<\/strong><\/a><\/span><\/li>\n<li><span style=\"color: #000000;\"><a style=\"color: #000000;\" href=\"https:\/\/www.alldayled.com\/product\/strands-unity-scene-light\/\"><strong>Strands Unity SL lamp<\/strong><\/a><\/span><\/li>\n<\/ul>\n<p><span style=\"color: #000000;\">Ben je na het lezen van alle specificaties en het bekijken van de foto&#8217;s toch nog niet overtuigd? Simpelweg omdat de vorm, lichtopbrengst of kleur van de Strands Unity Ultra Flat lamp niet naar wens is? Bekijk dan hier het complete aanbod van <a style=\"color: #000000;\" href=\"https:\/\/www.alldayled.com\/merk\/product-strands-lighting-division\/\">Strands<\/a>. Wellicht vind je hier wel het model lamp waarnaar je op zoek bent.<\/span><\/p>\n","protected":false},"excerpt":{"rendered":"<p>Ultra kleine werklamp met dan met een gigantische hoeveelheid licht &#8211; 1100 Lumen!<\/p>\n","protected":false},"featured_media":32668,"comment_status":"open","ping_status":"closed","template":"","meta":{"_acf_changed":false},"product_brand":[5048],"product_cat":[3118],"product_tag":[3134,3412,3808,3413,3810,3136,3137,3138,3139,3140,3141],"class_list":{"0":"post-51803","1":"product","2":"type-product","3":"status-publish","4":"has-post-thumbnail","6":"product_brand-product-strands-lighting-division","7":"product_cat-werklamp-overig","8":"product_tag-led-werklamp","9":"product_tag-strands-led-verlichting","10":"product_tag-strands-led-werklamp","11":"product_tag-strands-lighting-division","12":"product_tag-strands-siberia-verstraler","13":"product_tag-werklamp-aanhanger","14":"product_tag-werklamp-heftruck","15":"product_tag-werklamp-kooiaap","16":"product_tag-werklamp-tractor","17":"product_tag-werklamp-trailer","18":"product_tag-werklamp-vrachtwagen","20":"first","21":"instock","22":"taxable","23":"shipping-taxable","24":"purchasable","25":"product-type-simple"},"acf":[],"yoast_head":"<!-- This site is optimized with the Yoast SEO Premium plugin v26.5 (Yoast SEO v27.1.1) - https:\/\/yoast.com\/product\/yoast-seo-premium-wordpress\/ -->\n<title>Strands Unity Ultra Flat werklamp - All Day Led - mini lamp van Strands<\/title>\n<meta name=\"description\" content=\"Strands Unity Ultra Flat werklamp - compacte werklamp met RVS bevestigingsbeugel - 2900 Lumen - 1 Lux @ 32 meter - IP68 en IP69K waterdicht\" \/>\n<meta name=\"robots\" content=\"index, follow, max-snippet:-1, max-image-preview:large, max-video-preview:-1\" \/>\n<link rel=\"canonical\" href=\"https:\/\/www.alldayled.com\/nl\/product\/strands-unity-ultra-flat-werklamp\/\" \/>\n<meta property=\"og:locale\" content=\"nl_NL\" \/>\n<meta property=\"og:type\" content=\"article\" \/>\n<meta property=\"og:title\" content=\"Strands Unity Ultra Flat werklamp - All Day Led - mini lamp van Strands\" \/>\n<meta property=\"og:description\" content=\"Strands Unity Ultra Flat werklamp - compacte werklamp met RVS bevestigingsbeugel - 2900 Lumen - 1 Lux @ 32 meter - IP68 en IP69K waterdicht\" \/>\n<meta property=\"og:url\" content=\"https:\/\/www.alldayled.com\/nl\/product\/strands-unity-ultra-flat-werklamp\/\" \/>\n<meta property=\"og:site_name\" content=\"All Day Led\" \/>\n<meta property=\"article:publisher\" content=\"https:\/\/www.facebook.com\/alldayled\/\" \/>\n<meta property=\"article:modified_time\" content=\"2026-04-10T08:31:51+00:00\" \/>\n<meta property=\"og:image\" content=\"https:\/\/www.alldayled.com\/wp-content\/uploads\/2020\/03\/Logo-All-Day-Led-PNG-scaled.png\" \/>\n\t<meta property=\"og:image:width\" content=\"2560\" \/>\n\t<meta property=\"og:image:height\" content=\"302\" \/>\n\t<meta property=\"og:image:type\" content=\"image\/png\" \/>\n<meta name=\"twitter:label1\" content=\"Prijs\" \/>\n\t<meta name=\"twitter:data1\" content=\"&euro;&nbsp;59,00\" \/>\n\t<meta name=\"twitter:label2\" content=\"Beschikbaarheid\" \/>\n\t<meta name=\"twitter:data2\" content=\"Op voorraad\" \/>\n<script type=\"application\/ld+json\" class=\"yoast-schema-graph\">{\"@context\":\"https:\/\/schema.org\",\"@graph\":[{\"@type\":\"WebPage\",\"@id\":\"https:\/\/www.alldayled.com\/nl\/product\/strands-unity-ultra-flat-werklamp\/\",\"url\":\"https:\/\/www.alldayled.com\/nl\/product\/strands-unity-ultra-flat-werklamp\/\",\"name\":\"Strands Unity Ultra Flat werklamp - All Day Led - mini lamp van Strands\",\"isPartOf\":{\"@id\":\"https:\/\/www.alldayled.com\/nl\/#website\"},\"primaryImageOfPage\":{\"@id\":\"https:\/\/www.alldayled.com\/nl\/product\/strands-unity-ultra-flat-werklamp\/#primaryimage\"},\"image\":{\"@id\":\"https:\/\/www.alldayled.com\/nl\/product\/strands-unity-ultra-flat-werklamp\/#primaryimage\"},\"thumbnailUrl\":\"https:\/\/www.alldayled.com\/wp-content\/uploads\/2024\/12\/ADL800552.png\",\"datePublished\":\"2024-12-30T14:43:25+00:00\",\"dateModified\":\"2026-04-10T08:31:51+00:00\",\"description\":\"Strands Unity Ultra Flat werklamp - compacte werklamp met RVS bevestigingsbeugel - 2900 Lumen - 1 Lux @ 32 meter - IP68 en IP69K waterdicht\",\"breadcrumb\":{\"@id\":\"https:\/\/www.alldayled.com\/nl\/product\/strands-unity-ultra-flat-werklamp\/#breadcrumb\"},\"inLanguage\":\"nl-NL\",\"potentialAction\":[{\"@type\":\"ReadAction\",\"target\":[\"https:\/\/www.alldayled.com\/nl\/product\/strands-unity-ultra-flat-werklamp\/\"]}]},{\"@type\":\"ImageObject\",\"inLanguage\":\"nl-NL\",\"@id\":\"https:\/\/www.alldayled.com\/nl\/product\/strands-unity-ultra-flat-werklamp\/#primaryimage\",\"url\":\"https:\/\/www.alldayled.com\/wp-content\/uploads\/2024\/12\/ADL800552.png\",\"contentUrl\":\"https:\/\/www.alldayled.com\/wp-content\/uploads\/2024\/12\/ADL800552.png\",\"width\":800,\"height\":600,\"caption\":\"Strands Unity Ultra Flat werklamp - werklamp die geschikt is voor 12 en \/ of 24 volt gebruik - Strands 800552 - UNITY ULTRA FLAT WORK LIGHT 22W - EAN: 7323030190002\"},{\"@type\":\"BreadcrumbList\",\"@id\":\"https:\/\/www.alldayled.com\/nl\/product\/strands-unity-ultra-flat-werklamp\/#breadcrumb\",\"itemListElement\":[{\"@type\":\"ListItem\",\"position\":1,\"name\":\"Home\",\"item\":\"https:\/\/www.alldayled.com\/nl\/\"},{\"@type\":\"ListItem\",\"position\":2,\"name\":\"Winkel\",\"item\":\"https:\/\/www.alldayled.com\/nl\/winkel\/\"},{\"@type\":\"ListItem\",\"position\":3,\"name\":\"Werklampen\",\"item\":\"https:\/\/www.alldayled.com\/nl\/product-categorie\/werklampen\/\"},{\"@type\":\"ListItem\",\"position\":4,\"name\":\"Werklamp overig\",\"item\":\"https:\/\/www.alldayled.com\/nl\/product-categorie\/werklampen\/werklamp-overig\/\"},{\"@type\":\"ListItem\",\"position\":5,\"name\":\"Strands Unity Ultra Flat werklamp\"}]},{\"@type\":\"WebSite\",\"@id\":\"https:\/\/www.alldayled.com\/nl\/#website\",\"url\":\"https:\/\/www.alldayled.com\/nl\/\",\"name\":\"All Day Led\",\"description\":\"Verlichting voor 12&amp;24 volt gebruik\",\"publisher\":{\"@id\":\"https:\/\/www.alldayled.com\/nl\/#organization\"},\"potentialAction\":[{\"@type\":\"SearchAction\",\"target\":{\"@type\":\"EntryPoint\",\"urlTemplate\":\"https:\/\/www.alldayled.com\/nl\/?s={search_term_string}\"},\"query-input\":{\"@type\":\"PropertyValueSpecification\",\"valueRequired\":true,\"valueName\":\"search_term_string\"}}],\"inLanguage\":\"nl-NL\"},{\"@type\":\"Organization\",\"@id\":\"https:\/\/www.alldayled.com\/nl\/#organization\",\"name\":\"All Day Led\",\"url\":\"https:\/\/www.alldayled.com\/nl\/\",\"logo\":{\"@type\":\"ImageObject\",\"inLanguage\":\"nl-NL\",\"@id\":\"https:\/\/www.alldayled.com\/nl\/#\/schema\/logo\/image\/\",\"url\":\"https:\/\/www.alldayled.com\/wp-content\/uploads\/2025\/10\/Logo-ALL-DAY-LED-800x800-zwart-witte-letters.png\",\"contentUrl\":\"https:\/\/www.alldayled.com\/wp-content\/uploads\/2025\/10\/Logo-ALL-DAY-LED-800x800-zwart-witte-letters.png\",\"width\":800,\"height\":800,\"caption\":\"All Day Led\"},\"image\":{\"@id\":\"https:\/\/www.alldayled.com\/nl\/#\/schema\/logo\/image\/\"},\"sameAs\":[\"https:\/\/www.facebook.com\/alldayled\/\",\"https:\/\/www.instagram.com\/alldayled\/\"],\"vatID\":\"NL863960133B01\",\"taxID\":\"86416545\"}]}<\/script>\n<meta property=\"product:brand\" content=\"Strands\" \/>\n<meta property=\"product:price:amount\" content=\"59.00\" \/>\n<meta property=\"product:price:currency\" content=\"EUR\" \/>\n<meta property=\"og:availability\" content=\"instock\" \/>\n<meta property=\"product:availability\" content=\"instock\" \/>\n<meta property=\"product:retailer_item_id\" content=\"ADL800552\" \/>\n<meta property=\"product:condition\" content=\"new\" \/>\n<!-- \/ Yoast SEO Premium plugin. -->","yoast_head_json":{"title":"Strands Unity Ultra Flat werklamp - All Day Led - mini lamp van Strands","description":"Strands Unity Ultra Flat werklamp - compacte werklamp met RVS bevestigingsbeugel - 2900 Lumen - 1 Lux @ 32 meter - IP68 en IP69K waterdicht","robots":{"index":"index","follow":"follow","max-snippet":"max-snippet:-1","max-image-preview":"max-image-preview:large","max-video-preview":"max-video-preview:-1"},"canonical":"https:\/\/www.alldayled.com\/nl\/product\/strands-unity-ultra-flat-werklamp\/","og_locale":"nl_NL","og_type":"article","og_title":"Strands Unity Ultra Flat werklamp - All Day Led - mini lamp van Strands","og_description":"Strands Unity Ultra Flat werklamp - compacte werklamp met RVS bevestigingsbeugel - 2900 Lumen - 1 Lux @ 32 meter - IP68 en IP69K waterdicht","og_url":"https:\/\/www.alldayled.com\/nl\/product\/strands-unity-ultra-flat-werklamp\/","og_site_name":"All Day Led","article_publisher":"https:\/\/www.facebook.com\/alldayled\/","article_modified_time":"2026-04-10T08:31:51+00:00","og_image":[{"width":2560,"height":302,"url":"https:\/\/www.alldayled.com\/wp-content\/uploads\/2020\/03\/Logo-All-Day-Led-PNG-scaled.png","type":"image\/png"}],"twitter_misc":{"Prijs":"&euro;&nbsp;59,00","Beschikbaarheid":"Op voorraad"},"schema":{"@context":"https:\/\/schema.org","@graph":[{"@type":"WebPage","@id":"https:\/\/www.alldayled.com\/nl\/product\/strands-unity-ultra-flat-werklamp\/","url":"https:\/\/www.alldayled.com\/nl\/product\/strands-unity-ultra-flat-werklamp\/","name":"Strands Unity Ultra Flat werklamp - All Day Led - mini lamp van Strands","isPartOf":{"@id":"https:\/\/www.alldayled.com\/nl\/#website"},"primaryImageOfPage":{"@id":"https:\/\/www.alldayled.com\/nl\/product\/strands-unity-ultra-flat-werklamp\/#primaryimage"},"image":{"@id":"https:\/\/www.alldayled.com\/nl\/product\/strands-unity-ultra-flat-werklamp\/#primaryimage"},"thumbnailUrl":"https:\/\/www.alldayled.com\/wp-content\/uploads\/2024\/12\/ADL800552.png","datePublished":"2024-12-30T14:43:25+00:00","dateModified":"2026-04-10T08:31:51+00:00","description":"Strands Unity Ultra Flat werklamp - compacte werklamp met RVS bevestigingsbeugel - 2900 Lumen - 1 Lux @ 32 meter - IP68 en IP69K waterdicht","breadcrumb":{"@id":"https:\/\/www.alldayled.com\/nl\/product\/strands-unity-ultra-flat-werklamp\/#breadcrumb"},"inLanguage":"nl-NL","potentialAction":[{"@type":"ReadAction","target":["https:\/\/www.alldayled.com\/nl\/product\/strands-unity-ultra-flat-werklamp\/"]}]},{"@type":"ImageObject","inLanguage":"nl-NL","@id":"https:\/\/www.alldayled.com\/nl\/product\/strands-unity-ultra-flat-werklamp\/#primaryimage","url":"https:\/\/www.alldayled.com\/wp-content\/uploads\/2024\/12\/ADL800552.png","contentUrl":"https:\/\/www.alldayled.com\/wp-content\/uploads\/2024\/12\/ADL800552.png","width":800,"height":600,"caption":"Strands Unity Ultra Flat werklamp - werklamp die geschikt is voor 12 en \/ of 24 volt gebruik - Strands 800552 - UNITY ULTRA FLAT WORK LIGHT 22W - EAN: 7323030190002"},{"@type":"BreadcrumbList","@id":"https:\/\/www.alldayled.com\/nl\/product\/strands-unity-ultra-flat-werklamp\/#breadcrumb","itemListElement":[{"@type":"ListItem","position":1,"name":"Home","item":"https:\/\/www.alldayled.com\/nl\/"},{"@type":"ListItem","position":2,"name":"Winkel","item":"https:\/\/www.alldayled.com\/nl\/winkel\/"},{"@type":"ListItem","position":3,"name":"Werklampen","item":"https:\/\/www.alldayled.com\/nl\/product-categorie\/werklampen\/"},{"@type":"ListItem","position":4,"name":"Werklamp overig","item":"https:\/\/www.alldayled.com\/nl\/product-categorie\/werklampen\/werklamp-overig\/"},{"@type":"ListItem","position":5,"name":"Strands Unity Ultra Flat werklamp"}]},{"@type":"WebSite","@id":"https:\/\/www.alldayled.com\/nl\/#website","url":"https:\/\/www.alldayled.com\/nl\/","name":"All Day Led","description":"Verlichting voor 12&amp;24 volt gebruik","publisher":{"@id":"https:\/\/www.alldayled.com\/nl\/#organization"},"potentialAction":[{"@type":"SearchAction","target":{"@type":"EntryPoint","urlTemplate":"https:\/\/www.alldayled.com\/nl\/?s={search_term_string}"},"query-input":{"@type":"PropertyValueSpecification","valueRequired":true,"valueName":"search_term_string"}}],"inLanguage":"nl-NL"},{"@type":"Organization","@id":"https:\/\/www.alldayled.com\/nl\/#organization","name":"All Day Led","url":"https:\/\/www.alldayled.com\/nl\/","logo":{"@type":"ImageObject","inLanguage":"nl-NL","@id":"https:\/\/www.alldayled.com\/nl\/#\/schema\/logo\/image\/","url":"https:\/\/www.alldayled.com\/wp-content\/uploads\/2025\/10\/Logo-ALL-DAY-LED-800x800-zwart-witte-letters.png","contentUrl":"https:\/\/www.alldayled.com\/wp-content\/uploads\/2025\/10\/Logo-ALL-DAY-LED-800x800-zwart-witte-letters.png","width":800,"height":800,"caption":"All Day Led"},"image":{"@id":"https:\/\/www.alldayled.com\/nl\/#\/schema\/logo\/image\/"},"sameAs":["https:\/\/www.facebook.com\/alldayled\/","https:\/\/www.instagram.com\/alldayled\/"],"vatID":"NL863960133B01","taxID":"86416545"}]},"product_brand":"Strands","product_price_amount":"59.00","product_price_currency":"EUR","og_availability":"instock","product_availability":"instock","product_retailer_item_id":"ADL800552","product_condition":"new"},"_links":{"self":[{"href":"https:\/\/www.alldayled.com\/nl\/wp-json\/wp\/v2\/product\/51803","targetHints":{"allow":["GET"]}}],"collection":[{"href":"https:\/\/www.alldayled.com\/nl\/wp-json\/wp\/v2\/product"}],"about":[{"href":"https:\/\/www.alldayled.com\/nl\/wp-json\/wp\/v2\/types\/product"}],"replies":[{"embeddable":true,"href":"https:\/\/www.alldayled.com\/nl\/wp-json\/wp\/v2\/comments?post=51803"}],"wp:featuredmedia":[{"embeddable":true,"href":"https:\/\/www.alldayled.com\/nl\/wp-json\/wp\/v2\/media\/32668"}],"wp:attachment":[{"href":"https:\/\/www.alldayled.com\/nl\/wp-json\/wp\/v2\/media?parent=51803"}],"wp:term":[{"taxonomy":"product_brand","embeddable":true,"href":"https:\/\/www.alldayled.com\/nl\/wp-json\/wp\/v2\/product_brand?post=51803"},{"taxonomy":"product_cat","embeddable":true,"href":"https:\/\/www.alldayled.com\/nl\/wp-json\/wp\/v2\/product_cat?post=51803"},{"taxonomy":"product_tag","embeddable":true,"href":"https:\/\/www.alldayled.com\/nl\/wp-json\/wp\/v2\/product_tag?post=51803"}],"curies":[{"name":"wp","href":"https:\/\/api.w.org\/{rel}","templated":true}]}}