{"id":52872,"date":"2025-01-16T13:30:16","date_gmt":"2025-01-16T12:30:16","guid":{"rendered":"https:\/\/www.alldayled.com\/?post_type=product&#038;p=52872"},"modified":"2026-04-17T02:50:28","modified_gmt":"2026-04-17T00:50:28","slug":"strands-siberia-xp-led-bar-src-22","status":"publish","type":"product","link":"https:\/\/www.alldayled.com\/nl\/product\/strands-siberia-xp-led-bar-src-22\/","title":{"rendered":"Strands Siberia XP LED bar SRC &#8211; 22\u2033"},"content":{"rendered":"<p><span style=\"color: #000000;\"><strong>Strands Siberia XP LED bar SRC 22 inch, voor 12 en 24 volt gebruik. <\/strong><\/span><\/p>\n<p><span style=\"color: #000000;\">Wil jij je auto, SUV, camper of vrachtwagen voorzien van een mooie gebogen LED bar, maar weet je niet welke lamp je zoekt? Wellicht is de Strands Siberia XP LED bar SRC 22 inch dan wel d\u00e9 lamp die je zoekt. Deze LED bar is voorzien van een DUAL COLOR standlicht die in te stellen is op WIT of GEEL. Verder is de LED bar geschikt voor 12 en 24 volt gebruik. Dit wil zeggen dat je de LED balk bijvoorbeeld kunt gebruiken voor op je\u00a0 auto, vrachtwagen, camper of ander soort voertuig.<\/span><\/p>\n<p><span style=\"color: #000000;\">Omdat je v\u00f3\u00f3r aankoop zeker wilt weten dat dit d\u00e9 lamp is die je zoekt. Hebben we hieronder een aantal specificaties van de lamp uitgeschreven. Dit alles om duidelijk te maken waarom dit wellicht d\u00e9 lamp is die je zoekt. De belangrijkste eigenschap van de LED bar is dat deze voorzien is van het IP68 en IP69K keurmerk. De keurmerken geven aan dat de LED lamp volledig stof en vocht dicht is. Dit maakt de lamp geschikt voor diverse weersomstandigheden.\u00a0Verder is het goed te weten dat de Strands Siberia XP LED bar Single Row Curved 22 inch van aluminium is gemaakt en dat deze is voorzien van een polycarbonaat lens. Dit alles maakt de lamp zeer geschikt voor diverse voertuigen.\u00a0<\/span><\/p>\n<h5><span style=\"color: #000000;\"><strong>Afmetingen:<\/strong><\/span><\/h5>\n<p><span style=\"color: #000000;\">Omdat je zeker wilt zijn dat de gebogen lamp past waar je deze wilt monteren, is het belangrijk om de afmetingen te weten. De afmetingen van de Strands Siberia XP LED bar Single Row Curved 22 inch zijn als volgt:<\/span><\/p>\n<ul>\n<li><span style=\"color: #000000;\">Hoogte: 45 mm (64.5 mm incl. bevestiging)<\/span><\/li>\n<li><span style=\"color: #000000;\">Breedte: 556.2 mm<\/span><\/li>\n<li><span style=\"color: #000000;\">Diepte: 67.7 mm<\/span><\/li>\n<\/ul>\n<p><span style=\"color: #000000;\">Let op, de Strands Siberia XP LED lamp wordt standaard geleverd \u00e9\u00e9n set bevestigingsbeugels. Met deze beugels kun je de lamp via de achterkant monteren. Om je een duidelijk beeld te geven van wat we bedoelen, raden we aan even naar afbeelding 6 te kijken.<\/span><\/p>\n<h5><span style=\"color: #000000;\"><strong>Overige afmetingen:\u00a0<\/strong><\/span><\/h5>\n<p><span style=\"color: #000000;\">Wil jij je auto, SUV, camper of vrachtwagen wel voorzien van een LED bar. Maar is de Strands Siberia XP LED bar Single Row Curved 22 inch uitvoering nu niet d\u00e9 lamp die je zoekt? Simpelweg omdat de lengte niet naar wens is? Weet dan dat Strands deze LED balk ook in diverse maten heeft. Zie hieronder een aantal andere mogelijkheden:\u00a0<\/span><\/p>\n<ul>\n<li><span style=\"color: #000000;\"><a style=\"color: #000000;\" href=\"https:\/\/www.alldayled.com\/product\/strands-siberia-xp-led-bar-src-32\/\"><strong>Siberia XP SR 32 inch<\/strong><\/a><\/span><\/li>\n<li><span style=\"color: #000000;\"><a style=\"color: #000000;\" href=\"https:\/\/www.alldayled.com\/product\/strands-siberia-xp-led-bar-src-42\/\"><strong>Siberia XP SR 42 inch<\/strong><\/a><\/span><\/li>\n<li><span style=\"color: #000000;\"><a style=\"color: #000000;\" href=\"https:\/\/www.alldayled.com\/product\/strands-siberia-xp-led-bar-src-50\/\"><strong>Siberia XP SR 50 inch<\/strong><\/a><\/span><\/li>\n<\/ul>\n<p><span style=\"color: #000000;\">Ben je na het lezen van bovenstaande informatie toch nog steeds niet overtuigd dat dit d\u00e9 lamp is die je zoekt? Simpelweg omdat de lichtopbrengst, wattage of vorm van de Strands Siberia XP LED bar SRC 22 inch niet naar wens is? Bekijk dan hier het complete aanbod van <a style=\"color: #000000;\" href=\"https:\/\/www.alldayled.com\/merk\/product-strands-lighting-division\/\" target=\"_blank\" rel=\"noopener\">Strands<\/a>. Wellicht vindt je hier wel het model lamp waarnaar u opzoek bent.\u00a0<\/span><\/p>\n","protected":false},"excerpt":{"rendered":"<p>Strands Siberia XP LED bar Single Row Curved 22 inch, met geel en wit standlicht.<\/p>\n","protected":false},"featured_media":33886,"comment_status":"open","ping_status":"closed","template":"","meta":{"_acf_changed":false},"product_brand":[5048],"product_cat":[3107,3102],"product_tag":[3799,3800,3801,3802,3803,3804,3805,3806,3807,3134,3412,3808,3413,3809,3810,3273],"class_list":{"0":"post-52872","1":"product","2":"type-product","3":"status-publish","4":"has-post-thumbnail","6":"product_brand-product-strands-lighting-division","7":"product_cat-led-bar","8":"product_cat-strands-siberia","9":"product_tag-led-bar","10":"product_tag-led-bar-auto","11":"product_tag-led-bar-vrachtwagen","12":"product_tag-led-verstraler","13":"product_tag-led-verstraler-auto","14":"product_tag-led-verstraler-camper","15":"product_tag-led-verstraler-pickup","16":"product_tag-led-verstraler-tractor","17":"product_tag-led-verstraler-vrachtwagen","18":"product_tag-led-werklamp","19":"product_tag-strands-led-verlichting","20":"product_tag-strands-led-werklamp","21":"product_tag-strands-lighting-division","22":"product_tag-strands-siberia-led-bar","23":"product_tag-strands-siberia-verstraler","24":"product_tag-verstraler-met-stadslicht","26":"first","27":"instock","28":"taxable","29":"shipping-taxable","30":"purchasable","31":"product-type-simple"},"acf":[],"yoast_head":"<!-- This site is optimized with the Yoast SEO Premium plugin v26.5 (Yoast SEO v27.1.1) - https:\/\/yoast.com\/product\/yoast-seo-premium-wordpress\/ -->\n<title>Siberia XP LED bar SRC 22 - Strands Lighting Division - All Day Led - 12&amp;24V<\/title>\n<meta name=\"description\" content=\"Strands Siberia XP LED bar SRC 22 - LED balk met aluminium behuizing en IP68\/69K keurmerk - E mode: 3175 Lumen XP mode: 7050 Lumen - Strands 809416\" \/>\n<meta name=\"robots\" content=\"index, follow, max-snippet:-1, max-image-preview:large, max-video-preview:-1\" \/>\n<link rel=\"canonical\" href=\"https:\/\/www.alldayled.com\/nl\/product\/strands-siberia-xp-led-bar-src-22\/\" \/>\n<meta property=\"og:locale\" content=\"nl_NL\" \/>\n<meta property=\"og:type\" content=\"article\" \/>\n<meta property=\"og:title\" content=\"Siberia XP LED bar SRC 22 - Strands Lighting Division - All Day Led - 12&amp;24V\" \/>\n<meta property=\"og:description\" content=\"Strands Siberia XP LED bar SRC 22 - LED balk met aluminium behuizing en IP68\/69K keurmerk - E mode: 3175 Lumen XP mode: 7050 Lumen - Strands 809416\" \/>\n<meta property=\"og:url\" content=\"https:\/\/www.alldayled.com\/nl\/product\/strands-siberia-xp-led-bar-src-22\/\" \/>\n<meta property=\"og:site_name\" content=\"All Day Led\" \/>\n<meta property=\"article:publisher\" content=\"https:\/\/www.facebook.com\/alldayled\/\" \/>\n<meta property=\"article:modified_time\" content=\"2026-04-17T00:50:28+00:00\" \/>\n<meta property=\"og:image\" content=\"https:\/\/www.alldayled.com\/wp-content\/uploads\/2020\/03\/Logo-All-Day-Led-PNG-scaled.png\" \/>\n\t<meta property=\"og:image:width\" content=\"2560\" \/>\n\t<meta property=\"og:image:height\" content=\"302\" \/>\n\t<meta property=\"og:image:type\" content=\"image\/png\" \/>\n<meta name=\"twitter:label1\" content=\"Prijs\" \/>\n\t<meta name=\"twitter:data1\" content=\"&euro;&nbsp;259,00\" \/>\n\t<meta name=\"twitter:label2\" content=\"Beschikbaarheid\" \/>\n\t<meta name=\"twitter:data2\" content=\"Op voorraad\" \/>\n<script type=\"application\/ld+json\" class=\"yoast-schema-graph\">{\"@context\":\"https:\/\/schema.org\",\"@graph\":[{\"@type\":\"WebPage\",\"@id\":\"https:\/\/www.alldayled.com\/nl\/product\/strands-siberia-xp-led-bar-src-22\/\",\"url\":\"https:\/\/www.alldayled.com\/nl\/product\/strands-siberia-xp-led-bar-src-22\/\",\"name\":\"Siberia XP LED bar SRC 22 - Strands Lighting Division - All Day Led - 12&24V\",\"isPartOf\":{\"@id\":\"https:\/\/www.alldayled.com\/nl\/#website\"},\"primaryImageOfPage\":{\"@id\":\"https:\/\/www.alldayled.com\/nl\/product\/strands-siberia-xp-led-bar-src-22\/#primaryimage\"},\"image\":{\"@id\":\"https:\/\/www.alldayled.com\/nl\/product\/strands-siberia-xp-led-bar-src-22\/#primaryimage\"},\"thumbnailUrl\":\"https:\/\/www.alldayled.com\/wp-content\/uploads\/2025\/02\/ADL809416.png\",\"datePublished\":\"2025-01-16T12:30:16+00:00\",\"dateModified\":\"2026-04-17T00:50:28+00:00\",\"description\":\"Strands Siberia XP LED bar SRC 22 - LED balk met aluminium behuizing en IP68\/69K keurmerk - E mode: 3175 Lumen XP mode: 7050 Lumen - Strands 809416\",\"breadcrumb\":{\"@id\":\"https:\/\/www.alldayled.com\/nl\/product\/strands-siberia-xp-led-bar-src-22\/#breadcrumb\"},\"inLanguage\":\"nl-NL\",\"potentialAction\":[{\"@type\":\"ReadAction\",\"target\":[\"https:\/\/www.alldayled.com\/nl\/product\/strands-siberia-xp-led-bar-src-22\/\"]}]},{\"@type\":\"ImageObject\",\"inLanguage\":\"nl-NL\",\"@id\":\"https:\/\/www.alldayled.com\/nl\/product\/strands-siberia-xp-led-bar-src-22\/#primaryimage\",\"url\":\"https:\/\/www.alldayled.com\/wp-content\/uploads\/2025\/02\/ADL809416.png\",\"contentUrl\":\"https:\/\/www.alldayled.com\/wp-content\/uploads\/2025\/02\/ADL809416.png\",\"width\":800,\"height\":600,\"caption\":\"Strands Siberia XP LED bar SRC 22 inch - LED balk met 2 kleuren standlicht GEEL \/ WIT die geschikt is voor 12 en \/ of 24 volt gebruik - Strands 809416 - SIBERIA XP SRC LED BAR 22\u2033 - EAN: 7323030192648\"},{\"@type\":\"BreadcrumbList\",\"@id\":\"https:\/\/www.alldayled.com\/nl\/product\/strands-siberia-xp-led-bar-src-22\/#breadcrumb\",\"itemListElement\":[{\"@type\":\"ListItem\",\"position\":1,\"name\":\"Home\",\"item\":\"https:\/\/www.alldayled.com\/nl\/\"},{\"@type\":\"ListItem\",\"position\":2,\"name\":\"Winkel\",\"item\":\"https:\/\/www.alldayled.com\/nl\/winkel\/\"},{\"@type\":\"ListItem\",\"position\":3,\"name\":\"Verstralers\",\"item\":\"https:\/\/www.alldayled.com\/nl\/product-categorie\/verstralers\/\"},{\"@type\":\"ListItem\",\"position\":4,\"name\":\"LED bar\",\"item\":\"https:\/\/www.alldayled.com\/nl\/product-categorie\/verstralers\/led-bar\/\"},{\"@type\":\"ListItem\",\"position\":5,\"name\":\"Strands Siberia XP LED bar SRC &#8211; 22\u2033\"}]},{\"@type\":\"WebSite\",\"@id\":\"https:\/\/www.alldayled.com\/nl\/#website\",\"url\":\"https:\/\/www.alldayled.com\/nl\/\",\"name\":\"All Day Led\",\"description\":\"Verlichting voor 12&amp;24 volt gebruik\",\"publisher\":{\"@id\":\"https:\/\/www.alldayled.com\/nl\/#organization\"},\"potentialAction\":[{\"@type\":\"SearchAction\",\"target\":{\"@type\":\"EntryPoint\",\"urlTemplate\":\"https:\/\/www.alldayled.com\/nl\/?s={search_term_string}\"},\"query-input\":{\"@type\":\"PropertyValueSpecification\",\"valueRequired\":true,\"valueName\":\"search_term_string\"}}],\"inLanguage\":\"nl-NL\"},{\"@type\":\"Organization\",\"@id\":\"https:\/\/www.alldayled.com\/nl\/#organization\",\"name\":\"All Day Led\",\"url\":\"https:\/\/www.alldayled.com\/nl\/\",\"logo\":{\"@type\":\"ImageObject\",\"inLanguage\":\"nl-NL\",\"@id\":\"https:\/\/www.alldayled.com\/nl\/#\/schema\/logo\/image\/\",\"url\":\"https:\/\/www.alldayled.com\/wp-content\/uploads\/2025\/10\/Logo-ALL-DAY-LED-800x800-zwart-witte-letters.png\",\"contentUrl\":\"https:\/\/www.alldayled.com\/wp-content\/uploads\/2025\/10\/Logo-ALL-DAY-LED-800x800-zwart-witte-letters.png\",\"width\":800,\"height\":800,\"caption\":\"All Day Led\"},\"image\":{\"@id\":\"https:\/\/www.alldayled.com\/nl\/#\/schema\/logo\/image\/\"},\"sameAs\":[\"https:\/\/www.facebook.com\/alldayled\/\",\"https:\/\/www.instagram.com\/alldayled\/\"],\"vatID\":\"NL863960133B01\",\"taxID\":\"86416545\"}]}<\/script>\n<meta property=\"product:brand\" content=\"Strands\" \/>\n<meta property=\"product:price:amount\" content=\"259.00\" \/>\n<meta property=\"product:price:currency\" content=\"EUR\" \/>\n<meta property=\"og:availability\" content=\"instock\" \/>\n<meta property=\"product:availability\" content=\"instock\" \/>\n<meta property=\"product:retailer_item_id\" content=\"ADL809416\" \/>\n<meta property=\"product:condition\" content=\"new\" \/>\n<!-- \/ Yoast SEO Premium plugin. -->","yoast_head_json":{"title":"Siberia XP LED bar SRC 22 - Strands Lighting Division - All Day Led - 12&24V","description":"Strands Siberia XP LED bar SRC 22 - LED balk met aluminium behuizing en IP68\/69K keurmerk - E mode: 3175 Lumen XP mode: 7050 Lumen - Strands 809416","robots":{"index":"index","follow":"follow","max-snippet":"max-snippet:-1","max-image-preview":"max-image-preview:large","max-video-preview":"max-video-preview:-1"},"canonical":"https:\/\/www.alldayled.com\/nl\/product\/strands-siberia-xp-led-bar-src-22\/","og_locale":"nl_NL","og_type":"article","og_title":"Siberia XP LED bar SRC 22 - Strands Lighting Division - All Day Led - 12&24V","og_description":"Strands Siberia XP LED bar SRC 22 - LED balk met aluminium behuizing en IP68\/69K keurmerk - E mode: 3175 Lumen XP mode: 7050 Lumen - Strands 809416","og_url":"https:\/\/www.alldayled.com\/nl\/product\/strands-siberia-xp-led-bar-src-22\/","og_site_name":"All Day Led","article_publisher":"https:\/\/www.facebook.com\/alldayled\/","article_modified_time":"2026-04-17T00:50:28+00:00","og_image":[{"width":2560,"height":302,"url":"https:\/\/www.alldayled.com\/wp-content\/uploads\/2020\/03\/Logo-All-Day-Led-PNG-scaled.png","type":"image\/png"}],"twitter_misc":{"Prijs":"&euro;&nbsp;259,00","Beschikbaarheid":"Op voorraad"},"schema":{"@context":"https:\/\/schema.org","@graph":[{"@type":"WebPage","@id":"https:\/\/www.alldayled.com\/nl\/product\/strands-siberia-xp-led-bar-src-22\/","url":"https:\/\/www.alldayled.com\/nl\/product\/strands-siberia-xp-led-bar-src-22\/","name":"Siberia XP LED bar SRC 22 - Strands Lighting Division - All Day Led - 12&24V","isPartOf":{"@id":"https:\/\/www.alldayled.com\/nl\/#website"},"primaryImageOfPage":{"@id":"https:\/\/www.alldayled.com\/nl\/product\/strands-siberia-xp-led-bar-src-22\/#primaryimage"},"image":{"@id":"https:\/\/www.alldayled.com\/nl\/product\/strands-siberia-xp-led-bar-src-22\/#primaryimage"},"thumbnailUrl":"https:\/\/www.alldayled.com\/wp-content\/uploads\/2025\/02\/ADL809416.png","datePublished":"2025-01-16T12:30:16+00:00","dateModified":"2026-04-17T00:50:28+00:00","description":"Strands Siberia XP LED bar SRC 22 - LED balk met aluminium behuizing en IP68\/69K keurmerk - E mode: 3175 Lumen XP mode: 7050 Lumen - Strands 809416","breadcrumb":{"@id":"https:\/\/www.alldayled.com\/nl\/product\/strands-siberia-xp-led-bar-src-22\/#breadcrumb"},"inLanguage":"nl-NL","potentialAction":[{"@type":"ReadAction","target":["https:\/\/www.alldayled.com\/nl\/product\/strands-siberia-xp-led-bar-src-22\/"]}]},{"@type":"ImageObject","inLanguage":"nl-NL","@id":"https:\/\/www.alldayled.com\/nl\/product\/strands-siberia-xp-led-bar-src-22\/#primaryimage","url":"https:\/\/www.alldayled.com\/wp-content\/uploads\/2025\/02\/ADL809416.png","contentUrl":"https:\/\/www.alldayled.com\/wp-content\/uploads\/2025\/02\/ADL809416.png","width":800,"height":600,"caption":"Strands Siberia XP LED bar SRC 22 inch - LED balk met 2 kleuren standlicht GEEL \/ WIT die geschikt is voor 12 en \/ of 24 volt gebruik - Strands 809416 - SIBERIA XP SRC LED BAR 22\u2033 - EAN: 7323030192648"},{"@type":"BreadcrumbList","@id":"https:\/\/www.alldayled.com\/nl\/product\/strands-siberia-xp-led-bar-src-22\/#breadcrumb","itemListElement":[{"@type":"ListItem","position":1,"name":"Home","item":"https:\/\/www.alldayled.com\/nl\/"},{"@type":"ListItem","position":2,"name":"Winkel","item":"https:\/\/www.alldayled.com\/nl\/winkel\/"},{"@type":"ListItem","position":3,"name":"Verstralers","item":"https:\/\/www.alldayled.com\/nl\/product-categorie\/verstralers\/"},{"@type":"ListItem","position":4,"name":"LED bar","item":"https:\/\/www.alldayled.com\/nl\/product-categorie\/verstralers\/led-bar\/"},{"@type":"ListItem","position":5,"name":"Strands Siberia XP LED bar SRC &#8211; 22\u2033"}]},{"@type":"WebSite","@id":"https:\/\/www.alldayled.com\/nl\/#website","url":"https:\/\/www.alldayled.com\/nl\/","name":"All Day Led","description":"Verlichting voor 12&amp;24 volt gebruik","publisher":{"@id":"https:\/\/www.alldayled.com\/nl\/#organization"},"potentialAction":[{"@type":"SearchAction","target":{"@type":"EntryPoint","urlTemplate":"https:\/\/www.alldayled.com\/nl\/?s={search_term_string}"},"query-input":{"@type":"PropertyValueSpecification","valueRequired":true,"valueName":"search_term_string"}}],"inLanguage":"nl-NL"},{"@type":"Organization","@id":"https:\/\/www.alldayled.com\/nl\/#organization","name":"All Day Led","url":"https:\/\/www.alldayled.com\/nl\/","logo":{"@type":"ImageObject","inLanguage":"nl-NL","@id":"https:\/\/www.alldayled.com\/nl\/#\/schema\/logo\/image\/","url":"https:\/\/www.alldayled.com\/wp-content\/uploads\/2025\/10\/Logo-ALL-DAY-LED-800x800-zwart-witte-letters.png","contentUrl":"https:\/\/www.alldayled.com\/wp-content\/uploads\/2025\/10\/Logo-ALL-DAY-LED-800x800-zwart-witte-letters.png","width":800,"height":800,"caption":"All Day Led"},"image":{"@id":"https:\/\/www.alldayled.com\/nl\/#\/schema\/logo\/image\/"},"sameAs":["https:\/\/www.facebook.com\/alldayled\/","https:\/\/www.instagram.com\/alldayled\/"],"vatID":"NL863960133B01","taxID":"86416545"}]},"product_brand":"Strands","product_price_amount":"259.00","product_price_currency":"EUR","og_availability":"instock","product_availability":"instock","product_retailer_item_id":"ADL809416","product_condition":"new"},"_links":{"self":[{"href":"https:\/\/www.alldayled.com\/nl\/wp-json\/wp\/v2\/product\/52872","targetHints":{"allow":["GET"]}}],"collection":[{"href":"https:\/\/www.alldayled.com\/nl\/wp-json\/wp\/v2\/product"}],"about":[{"href":"https:\/\/www.alldayled.com\/nl\/wp-json\/wp\/v2\/types\/product"}],"replies":[{"embeddable":true,"href":"https:\/\/www.alldayled.com\/nl\/wp-json\/wp\/v2\/comments?post=52872"}],"wp:featuredmedia":[{"embeddable":true,"href":"https:\/\/www.alldayled.com\/nl\/wp-json\/wp\/v2\/media\/33886"}],"wp:attachment":[{"href":"https:\/\/www.alldayled.com\/nl\/wp-json\/wp\/v2\/media?parent=52872"}],"wp:term":[{"taxonomy":"product_brand","embeddable":true,"href":"https:\/\/www.alldayled.com\/nl\/wp-json\/wp\/v2\/product_brand?post=52872"},{"taxonomy":"product_cat","embeddable":true,"href":"https:\/\/www.alldayled.com\/nl\/wp-json\/wp\/v2\/product_cat?post=52872"},{"taxonomy":"product_tag","embeddable":true,"href":"https:\/\/www.alldayled.com\/nl\/wp-json\/wp\/v2\/product_tag?post=52872"}],"curies":[{"name":"wp","href":"https:\/\/api.w.org\/{rel}","templated":true}]}}