{"id":53332,"date":"2025-02-13T13:31:40","date_gmt":"2025-02-13T12:31:40","guid":{"rendered":"https:\/\/www.alldayled.com\/?post_type=product&#038;p=53332"},"modified":"2026-01-05T15:35:25","modified_gmt":"2026-01-05T14:35:25","slug":"m-led-markeringslamp-smoke-wit","status":"publish","type":"product","link":"https:\/\/www.alldayled.com\/nl\/product\/m-led-markeringslamp-smoke-wit\/","title":{"rendered":"M-LED markeringslamp smoke &#8211; wit"},"content":{"rendered":"<p><span style=\"color: #000000;\"><strong>M-LED markeringslamp smoke WIT, voor 12 &amp; 24 volt gebruik.\u00a0<\/strong><\/span><\/p>\n<p><span style=\"color: #000000;\">Ben je op zoek naar een compacte markeringslamp met een strakke uitstraling \u00e9n betrouwbare prestaties? Dan zit je goed met de M-LED markeringslamp smoke WIT. Deze full LED markeringslamp heeft twee krachtige LED punten die zorgen voor een helder lichtbeeld. Door de smoke lens oogt de lamp stijlvol, maar is hij nog steeds goed zichtbaar en helemaal goedgekeurd dankzij de E-keur R148 en R10. De multi voltage-aansturing maakt &#8216;m geschikt voor zowel 12 als 24 volt systemen, ideaal dus voor je vrachtwagen, aanhanger, camper of werkvoertuig.<\/span><\/p>\n<p><span style=\"color: #000000;\">De M-LED markeringslamp is volledig waterdicht (IP68), dus regen, modder of stof zijn geen enkel probleem. Je krijgt er twee rubberen paddings bij: \u00e9\u00e9n voor vlakke montage en \u00e9\u00e9n voor montage op ronde oppervlakken zoals bullbars, lampenbeugels of sidebars. Hierdoor kun je \u2018m precies plaatsen waar jij dat wilt. De 1 meter lange aansluitkabel maakt installeren makkelijk. Verkrijgbaar in drie smoke kleuren: wit, oranje en rood. Kortom, een kleine lamp met grote mogelijkheden.<\/span><\/p>\n<h5><span style=\"color: #000000;\"><strong>Afmetingen:<\/strong><\/span><\/h5>\n<p><span style=\"color: #000000;\">Voordat je aan de slag gaat met monteren, is het handig om even te controleren of de lamp past op de plek die je in gedachten hebt. Daarom zetten we hieronder de precieze afmetingen van de M-LED markeringslamp voor je op een rij:<\/span><\/p>\n<ul>\n<li><span style=\"color: #000000;\">Breedte: 81 mm<\/span><\/li>\n<li><span style=\"color: #000000;\">Hoogte: 26 mm<\/span><\/li>\n<li><span style=\"color: #000000;\">Dikte: 8 mm<\/span><\/li>\n<li><span style=\"color: #000000;\">H.o.H: 60 mm<\/span><\/li>\n<\/ul>\n<h5><span style=\"color: #000000;\"><strong>Overige kleuren:<\/strong><\/span><\/h5>\n<p><span style=\"color: #000000;\">Liever geen witte uitvoering? Geen probleem! Deze M-LED markeringslamp smoke WIT met ECE R148 keurmerk is ook verkrijgbaar in andere varianten:<\/span><\/p>\n<ul>\n<li><span style=\"color: #000000;\"><a style=\"color: #000000;\" href=\"https:\/\/www.alldayled.com\/product\/m-led-markeringslamp-smoke-rood\/\"><strong>M-LED markeringslamp smoke Rood<\/strong><\/a><\/span><\/li>\n<li><span style=\"color: #000000;\"><a style=\"color: #000000;\" href=\"https:\/\/www.alldayled.com\/product\/m-led-markeringslamp-smoke-oranje\/\"><strong>M-LED markeringslamp smoke Oranje<\/strong><\/a><\/span><\/li>\n<\/ul>\n<p><span style=\"color: #000000;\">Is deze M-LED markeringslamp niet helemaal wat je in gedachten had? Misschien klopt de kleur, vorm of uitvoering net niet voor jouw voertuig. Bekijk dan gerust ons volledige aanbod van <a style=\"color: #000000;\" href=\"https:\/\/www.alldayled.com\/nl\/merk\/product-m-led\/\">M-LED lampen<\/a>. Grote kans dat daar w\u00e9l precies tussen zit wat je nodig hebt.<br \/>\n<\/span><\/p>\n","protected":false},"excerpt":{"rendered":"<p>Compacte, strakke LED markeringslamp uitgevoerd in smoke wit.<\/p>\n","protected":false},"featured_media":33400,"comment_status":"open","ping_status":"closed","template":"","meta":{"_acf_changed":false},"product_brand":[5039],"product_cat":[3076],"product_tag":[3155,3157,3256,3257,4493,3159,3160,3161,3162],"class_list":{"0":"post-53332","1":"product","2":"type-product","3":"status-publish","4":"has-post-thumbnail","6":"product_brand-product-m-led","7":"product_cat-markeringslampen","8":"product_tag-contourverlichting","9":"product_tag-led-markeringslamp","10":"product_tag-led-markeringslamp-12-volt","11":"product_tag-led-markeringslamp-24-volt","12":"product_tag-m-led-verlichting","13":"product_tag-markeringslamp-aanhanger","14":"product_tag-markeringslamp-camper","15":"product_tag-markeringslamp-trailer","16":"product_tag-markeringslamp-vrachtwagen","18":"first","19":"instock","20":"taxable","21":"shipping-taxable","22":"purchasable","23":"product-type-simple"},"acf":[],"yoast_head":"<!-- This site is optimized with the Yoast SEO Premium plugin v26.5 (Yoast SEO v27.1.1) - https:\/\/yoast.com\/product\/yoast-seo-premium-wordpress\/ -->\n<title>M-LED markeringslamp smoke WIT - All Day Led - voor 12 &amp; 24 Volt<\/title>\n<meta name=\"description\" content=\"M-LED markeringslamp SMOKE WIT - LED lamp met 2 LED punten - incl. ECE R148 en R10 keurmerk - voor auto, vrachtwagen, aanhanger, tractor en meer\" \/>\n<meta name=\"robots\" content=\"index, follow, max-snippet:-1, max-image-preview:large, max-video-preview:-1\" \/>\n<link rel=\"canonical\" href=\"https:\/\/www.alldayled.com\/nl\/product\/m-led-markeringslamp-smoke-wit\/\" \/>\n<meta property=\"og:locale\" content=\"nl_NL\" \/>\n<meta property=\"og:type\" content=\"article\" \/>\n<meta property=\"og:title\" content=\"M-LED markeringslamp smoke WIT - All Day Led - voor 12 &amp; 24 Volt\" \/>\n<meta property=\"og:description\" content=\"M-LED markeringslamp SMOKE WIT - LED lamp met 2 LED punten - incl. ECE R148 en R10 keurmerk - voor auto, vrachtwagen, aanhanger, tractor en meer\" \/>\n<meta property=\"og:url\" content=\"https:\/\/www.alldayled.com\/nl\/product\/m-led-markeringslamp-smoke-wit\/\" \/>\n<meta property=\"og:site_name\" content=\"All Day Led\" \/>\n<meta property=\"article:publisher\" content=\"https:\/\/www.facebook.com\/alldayled\/\" \/>\n<meta property=\"article:modified_time\" content=\"2026-01-05T14:35:25+00:00\" \/>\n<meta property=\"og:image\" content=\"https:\/\/www.alldayled.com\/wp-content\/uploads\/2020\/03\/Logo-All-Day-Led-PNG-scaled.png\" \/>\n\t<meta property=\"og:image:width\" content=\"2560\" \/>\n\t<meta property=\"og:image:height\" content=\"302\" \/>\n\t<meta property=\"og:image:type\" content=\"image\/png\" \/>\n<meta name=\"twitter:label1\" content=\"Prijs\" \/>\n\t<meta name=\"twitter:data1\" content=\"&euro;&nbsp;13,25\" \/>\n\t<meta name=\"twitter:label2\" content=\"Beschikbaarheid\" \/>\n\t<meta name=\"twitter:data2\" content=\"Op voorraad\" \/>\n<script type=\"application\/ld+json\" class=\"yoast-schema-graph\">{\"@context\":\"https:\/\/schema.org\",\"@graph\":[{\"@type\":\"WebPage\",\"@id\":\"https:\/\/www.alldayled.com\/nl\/product\/m-led-markeringslamp-smoke-wit\/\",\"url\":\"https:\/\/www.alldayled.com\/nl\/product\/m-led-markeringslamp-smoke-wit\/\",\"name\":\"M-LED markeringslamp smoke WIT - All Day Led - voor 12 & 24 Volt\",\"isPartOf\":{\"@id\":\"https:\/\/www.alldayled.com\/nl\/#website\"},\"primaryImageOfPage\":{\"@id\":\"https:\/\/www.alldayled.com\/nl\/product\/m-led-markeringslamp-smoke-wit\/#primaryimage\"},\"image\":{\"@id\":\"https:\/\/www.alldayled.com\/nl\/product\/m-led-markeringslamp-smoke-wit\/#primaryimage\"},\"thumbnailUrl\":\"https:\/\/www.alldayled.com\/wp-content\/uploads\/2025\/02\/ADL20381.png\",\"datePublished\":\"2025-02-13T12:31:40+00:00\",\"dateModified\":\"2026-01-05T14:35:25+00:00\",\"description\":\"M-LED markeringslamp SMOKE WIT - LED lamp met 2 LED punten - incl. ECE R148 en R10 keurmerk - voor auto, vrachtwagen, aanhanger, tractor en meer\",\"breadcrumb\":{\"@id\":\"https:\/\/www.alldayled.com\/nl\/product\/m-led-markeringslamp-smoke-wit\/#breadcrumb\"},\"inLanguage\":\"nl-NL\",\"potentialAction\":[{\"@type\":\"ReadAction\",\"target\":[\"https:\/\/www.alldayled.com\/nl\/product\/m-led-markeringslamp-smoke-wit\/\"]}]},{\"@type\":\"ImageObject\",\"inLanguage\":\"nl-NL\",\"@id\":\"https:\/\/www.alldayled.com\/nl\/product\/m-led-markeringslamp-smoke-wit\/#primaryimage\",\"url\":\"https:\/\/www.alldayled.com\/wp-content\/uploads\/2025\/02\/ADL20381.png\",\"contentUrl\":\"https:\/\/www.alldayled.com\/wp-content\/uploads\/2025\/02\/ADL20381.png\",\"width\":800,\"height\":600,\"caption\":\"M-LED markeringslamp - wit - geschikt voor 12 en \/ of 24 volt gebruik - ZM381 - 2 LED punten\"},{\"@type\":\"BreadcrumbList\",\"@id\":\"https:\/\/www.alldayled.com\/nl\/product\/m-led-markeringslamp-smoke-wit\/#breadcrumb\",\"itemListElement\":[{\"@type\":\"ListItem\",\"position\":1,\"name\":\"Home\",\"item\":\"https:\/\/www.alldayled.com\/nl\/\"},{\"@type\":\"ListItem\",\"position\":2,\"name\":\"Winkel\",\"item\":\"https:\/\/www.alldayled.com\/nl\/winkel\/\"},{\"@type\":\"ListItem\",\"position\":3,\"name\":\"Positielampen\",\"item\":\"https:\/\/www.alldayled.com\/nl\/product-categorie\/positielampen\/\"},{\"@type\":\"ListItem\",\"position\":4,\"name\":\"Markeringslampen\",\"item\":\"https:\/\/www.alldayled.com\/nl\/product-categorie\/positielampen\/markeringslampen\/\"},{\"@type\":\"ListItem\",\"position\":5,\"name\":\"M-LED markeringslamp smoke &#8211; wit\"}]},{\"@type\":\"WebSite\",\"@id\":\"https:\/\/www.alldayled.com\/nl\/#website\",\"url\":\"https:\/\/www.alldayled.com\/nl\/\",\"name\":\"All Day Led\",\"description\":\"Verlichting voor 12&amp;24 volt gebruik\",\"publisher\":{\"@id\":\"https:\/\/www.alldayled.com\/nl\/#organization\"},\"potentialAction\":[{\"@type\":\"SearchAction\",\"target\":{\"@type\":\"EntryPoint\",\"urlTemplate\":\"https:\/\/www.alldayled.com\/nl\/?s={search_term_string}\"},\"query-input\":{\"@type\":\"PropertyValueSpecification\",\"valueRequired\":true,\"valueName\":\"search_term_string\"}}],\"inLanguage\":\"nl-NL\"},{\"@type\":\"Organization\",\"@id\":\"https:\/\/www.alldayled.com\/nl\/#organization\",\"name\":\"All Day Led\",\"url\":\"https:\/\/www.alldayled.com\/nl\/\",\"logo\":{\"@type\":\"ImageObject\",\"inLanguage\":\"nl-NL\",\"@id\":\"https:\/\/www.alldayled.com\/nl\/#\/schema\/logo\/image\/\",\"url\":\"https:\/\/www.alldayled.com\/wp-content\/uploads\/2025\/10\/Logo-ALL-DAY-LED-800x800-zwart-witte-letters.png\",\"contentUrl\":\"https:\/\/www.alldayled.com\/wp-content\/uploads\/2025\/10\/Logo-ALL-DAY-LED-800x800-zwart-witte-letters.png\",\"width\":800,\"height\":800,\"caption\":\"All Day Led\"},\"image\":{\"@id\":\"https:\/\/www.alldayled.com\/nl\/#\/schema\/logo\/image\/\"},\"sameAs\":[\"https:\/\/www.facebook.com\/alldayled\/\",\"https:\/\/www.instagram.com\/alldayled\/\"],\"vatID\":\"NL863960133B01\",\"taxID\":\"86416545\"}]}<\/script>\n<meta property=\"product:brand\" content=\"M-LED\" \/>\n<meta property=\"product:price:amount\" content=\"13.25\" \/>\n<meta property=\"product:price:currency\" content=\"EUR\" \/>\n<meta property=\"og:availability\" content=\"instock\" \/>\n<meta property=\"product:availability\" content=\"instock\" \/>\n<meta property=\"product:retailer_item_id\" content=\"ADL20381\" \/>\n<meta property=\"product:condition\" content=\"new\" \/>\n<!-- \/ Yoast SEO Premium plugin. -->","yoast_head_json":{"title":"M-LED markeringslamp smoke WIT - All Day Led - voor 12 & 24 Volt","description":"M-LED markeringslamp SMOKE WIT - LED lamp met 2 LED punten - incl. ECE R148 en R10 keurmerk - voor auto, vrachtwagen, aanhanger, tractor en meer","robots":{"index":"index","follow":"follow","max-snippet":"max-snippet:-1","max-image-preview":"max-image-preview:large","max-video-preview":"max-video-preview:-1"},"canonical":"https:\/\/www.alldayled.com\/nl\/product\/m-led-markeringslamp-smoke-wit\/","og_locale":"nl_NL","og_type":"article","og_title":"M-LED markeringslamp smoke WIT - All Day Led - voor 12 & 24 Volt","og_description":"M-LED markeringslamp SMOKE WIT - LED lamp met 2 LED punten - incl. ECE R148 en R10 keurmerk - voor auto, vrachtwagen, aanhanger, tractor en meer","og_url":"https:\/\/www.alldayled.com\/nl\/product\/m-led-markeringslamp-smoke-wit\/","og_site_name":"All Day Led","article_publisher":"https:\/\/www.facebook.com\/alldayled\/","article_modified_time":"2026-01-05T14:35:25+00:00","og_image":[{"width":2560,"height":302,"url":"https:\/\/www.alldayled.com\/wp-content\/uploads\/2020\/03\/Logo-All-Day-Led-PNG-scaled.png","type":"image\/png"}],"twitter_misc":{"Prijs":"&euro;&nbsp;13,25","Beschikbaarheid":"Op voorraad"},"schema":{"@context":"https:\/\/schema.org","@graph":[{"@type":"WebPage","@id":"https:\/\/www.alldayled.com\/nl\/product\/m-led-markeringslamp-smoke-wit\/","url":"https:\/\/www.alldayled.com\/nl\/product\/m-led-markeringslamp-smoke-wit\/","name":"M-LED markeringslamp smoke WIT - All Day Led - voor 12 & 24 Volt","isPartOf":{"@id":"https:\/\/www.alldayled.com\/nl\/#website"},"primaryImageOfPage":{"@id":"https:\/\/www.alldayled.com\/nl\/product\/m-led-markeringslamp-smoke-wit\/#primaryimage"},"image":{"@id":"https:\/\/www.alldayled.com\/nl\/product\/m-led-markeringslamp-smoke-wit\/#primaryimage"},"thumbnailUrl":"https:\/\/www.alldayled.com\/wp-content\/uploads\/2025\/02\/ADL20381.png","datePublished":"2025-02-13T12:31:40+00:00","dateModified":"2026-01-05T14:35:25+00:00","description":"M-LED markeringslamp SMOKE WIT - LED lamp met 2 LED punten - incl. ECE R148 en R10 keurmerk - voor auto, vrachtwagen, aanhanger, tractor en meer","breadcrumb":{"@id":"https:\/\/www.alldayled.com\/nl\/product\/m-led-markeringslamp-smoke-wit\/#breadcrumb"},"inLanguage":"nl-NL","potentialAction":[{"@type":"ReadAction","target":["https:\/\/www.alldayled.com\/nl\/product\/m-led-markeringslamp-smoke-wit\/"]}]},{"@type":"ImageObject","inLanguage":"nl-NL","@id":"https:\/\/www.alldayled.com\/nl\/product\/m-led-markeringslamp-smoke-wit\/#primaryimage","url":"https:\/\/www.alldayled.com\/wp-content\/uploads\/2025\/02\/ADL20381.png","contentUrl":"https:\/\/www.alldayled.com\/wp-content\/uploads\/2025\/02\/ADL20381.png","width":800,"height":600,"caption":"M-LED markeringslamp - wit - geschikt voor 12 en \/ of 24 volt gebruik - ZM381 - 2 LED punten"},{"@type":"BreadcrumbList","@id":"https:\/\/www.alldayled.com\/nl\/product\/m-led-markeringslamp-smoke-wit\/#breadcrumb","itemListElement":[{"@type":"ListItem","position":1,"name":"Home","item":"https:\/\/www.alldayled.com\/nl\/"},{"@type":"ListItem","position":2,"name":"Winkel","item":"https:\/\/www.alldayled.com\/nl\/winkel\/"},{"@type":"ListItem","position":3,"name":"Positielampen","item":"https:\/\/www.alldayled.com\/nl\/product-categorie\/positielampen\/"},{"@type":"ListItem","position":4,"name":"Markeringslampen","item":"https:\/\/www.alldayled.com\/nl\/product-categorie\/positielampen\/markeringslampen\/"},{"@type":"ListItem","position":5,"name":"M-LED markeringslamp smoke &#8211; wit"}]},{"@type":"WebSite","@id":"https:\/\/www.alldayled.com\/nl\/#website","url":"https:\/\/www.alldayled.com\/nl\/","name":"All Day Led","description":"Verlichting voor 12&amp;24 volt gebruik","publisher":{"@id":"https:\/\/www.alldayled.com\/nl\/#organization"},"potentialAction":[{"@type":"SearchAction","target":{"@type":"EntryPoint","urlTemplate":"https:\/\/www.alldayled.com\/nl\/?s={search_term_string}"},"query-input":{"@type":"PropertyValueSpecification","valueRequired":true,"valueName":"search_term_string"}}],"inLanguage":"nl-NL"},{"@type":"Organization","@id":"https:\/\/www.alldayled.com\/nl\/#organization","name":"All Day Led","url":"https:\/\/www.alldayled.com\/nl\/","logo":{"@type":"ImageObject","inLanguage":"nl-NL","@id":"https:\/\/www.alldayled.com\/nl\/#\/schema\/logo\/image\/","url":"https:\/\/www.alldayled.com\/wp-content\/uploads\/2025\/10\/Logo-ALL-DAY-LED-800x800-zwart-witte-letters.png","contentUrl":"https:\/\/www.alldayled.com\/wp-content\/uploads\/2025\/10\/Logo-ALL-DAY-LED-800x800-zwart-witte-letters.png","width":800,"height":800,"caption":"All Day Led"},"image":{"@id":"https:\/\/www.alldayled.com\/nl\/#\/schema\/logo\/image\/"},"sameAs":["https:\/\/www.facebook.com\/alldayled\/","https:\/\/www.instagram.com\/alldayled\/"],"vatID":"NL863960133B01","taxID":"86416545"}]},"product_brand":"M-LED","product_price_amount":"13.25","product_price_currency":"EUR","og_availability":"instock","product_availability":"instock","product_retailer_item_id":"ADL20381","product_condition":"new"},"_links":{"self":[{"href":"https:\/\/www.alldayled.com\/nl\/wp-json\/wp\/v2\/product\/53332","targetHints":{"allow":["GET"]}}],"collection":[{"href":"https:\/\/www.alldayled.com\/nl\/wp-json\/wp\/v2\/product"}],"about":[{"href":"https:\/\/www.alldayled.com\/nl\/wp-json\/wp\/v2\/types\/product"}],"replies":[{"embeddable":true,"href":"https:\/\/www.alldayled.com\/nl\/wp-json\/wp\/v2\/comments?post=53332"}],"wp:featuredmedia":[{"embeddable":true,"href":"https:\/\/www.alldayled.com\/nl\/wp-json\/wp\/v2\/media\/33400"}],"wp:attachment":[{"href":"https:\/\/www.alldayled.com\/nl\/wp-json\/wp\/v2\/media?parent=53332"}],"wp:term":[{"taxonomy":"product_brand","embeddable":true,"href":"https:\/\/www.alldayled.com\/nl\/wp-json\/wp\/v2\/product_brand?post=53332"},{"taxonomy":"product_cat","embeddable":true,"href":"https:\/\/www.alldayled.com\/nl\/wp-json\/wp\/v2\/product_cat?post=53332"},{"taxonomy":"product_tag","embeddable":true,"href":"https:\/\/www.alldayled.com\/nl\/wp-json\/wp\/v2\/product_tag?post=53332"}],"curies":[{"name":"wp","href":"https:\/\/api.w.org\/{rel}","templated":true}]}}